{"id":1529,"date":"2025-01-23T11:05:52","date_gmt":"2025-01-23T08:05:52","guid":{"rendered":"https:\/\/ticaret.edu.tr\/isletme-fakultesi\/?page_id=1529"},"modified":"2025-02-11T15:24:09","modified_gmt":"2025-02-11T12:24:09","slug":"bolumler","status":"publish","type":"page","link":"http:\/\/ticaret.edu.tr\/isletme-fakultesi\/bolumler\/","title":{"rendered":"B\u00f6l\u00fcmler"},"content":{"rendered":"","protected":false},"excerpt":{"rendered":"","protected":false},"author":53,"featured_media":0,"parent":0,"menu_order":0,"comment_status":"closed","ping_status":"closed","template":"genel_sayfa.php","meta":{"footnotes":""},"yoast_head":"<!-- This site is optimized with the Yoast SEO Premium plugin v22.1 (Yoast SEO v22.1) - https:\/\/yoast.com\/wordpress\/plugins\/seo\/ -->\n<title>B\u00f6l\u00fcmler - \u0130\u015fletme Fak\u00fcltesi<\/title>\n<meta name=\"robots\" content=\"index, follow, max-snippet:-1, max-image-preview:large, max-video-preview:-1\" \/>\n<link rel=\"canonical\" href=\"http:\/\/ticaret.edu.tr\/isletme-fakultesi\/bolumler\/\" \/>\n<meta property=\"og:locale\" content=\"tr_TR\" \/>\n<meta property=\"og:type\" content=\"article\" \/>\n<meta property=\"og:title\" content=\"B\u00f6l\u00fcmler\" \/>\n<meta property=\"og:url\" content=\"http:\/\/ticaret.edu.tr\/isletme-fakultesi\/bolumler\/\" \/>\n<meta property=\"og:site_name\" content=\"\u0130\u015fletme Fak\u00fcltesi\" \/>\n<meta property=\"article:publisher\" content=\"https:\/\/www.facebook.com\/ticaretedutr\" \/>\n<meta property=\"article:modified_time\" content=\"2025-02-11T12:24:09+00:00\" \/>\n<meta property=\"og:image\" content=\"http:\/\/ticaret.edu.tr\/isletme-fakultesi\/wp-content\/uploads\/sites\/7\/2021\/11\/web_logo-01.jpg\" \/>\n\t<meta property=\"og:image:width\" content=\"1250\" \/>\n\t<meta property=\"og:image:height\" content=\"833\" \/>\n\t<meta property=\"og:image:type\" content=\"image\/jpeg\" \/>\n<meta name=\"twitter:card\" content=\"summary_large_image\" \/>\n<meta name=\"twitter:site\" content=\"@ticaretedutr\" \/>\n<script type=\"application\/ld+json\" class=\"yoast-schema-graph\">{\"@context\":\"https:\/\/schema.org\",\"@graph\":[{\"@type\":\"WebPage\",\"@id\":\"http:\/\/ticaret.edu.tr\/isletme-fakultesi\/bolumler\/\",\"url\":\"http:\/\/ticaret.edu.tr\/isletme-fakultesi\/bolumler\/\",\"name\":\"B\u00f6l\u00fcmler - \u0130\u015fletme Fak\u00fcltesi\",\"isPartOf\":{\"@id\":\"https:\/\/ticaret.edu.tr\/isletme-fakultesi\/#website\"},\"datePublished\":\"2025-01-23T08:05:52+00:00\",\"dateModified\":\"2025-02-11T12:24:09+00:00\",\"breadcrumb\":{\"@id\":\"http:\/\/ticaret.edu.tr\/isletme-fakultesi\/bolumler\/#breadcrumb\"},\"inLanguage\":\"tr\",\"potentialAction\":[{\"@type\":\"ReadAction\",\"target\":[\"http:\/\/ticaret.edu.tr\/isletme-fakultesi\/bolumler\/\"]}]},{\"@type\":\"BreadcrumbList\",\"@id\":\"http:\/\/ticaret.edu.tr\/isletme-fakultesi\/bolumler\/#breadcrumb\",\"itemListElement\":[{\"@type\":\"ListItem\",\"position\":1,\"name\":\"Ana sayfa\",\"item\":\"https:\/\/ticaret.edu.tr\/isletme-fakultesi\/\"},{\"@type\":\"ListItem\",\"position\":2,\"name\":\"B\u00f6l\u00fcmler\"}]},{\"@type\":\"WebSite\",\"@id\":\"https:\/\/ticaret.edu.tr\/isletme-fakultesi\/#website\",\"url\":\"https:\/\/ticaret.edu.tr\/isletme-fakultesi\/\",\"name\":\"\u0130\u015fletme Fak\u00fcltesi\",\"description\":\"\",\"potentialAction\":[{\"@type\":\"SearchAction\",\"target\":{\"@type\":\"EntryPoint\",\"urlTemplate\":\"https:\/\/ticaret.edu.tr\/isletme-fakultesi\/?s={search_term_string}\"},\"query-input\":\"required name=search_term_string\"}],\"inLanguage\":\"tr\"}]}<\/script>\n<!-- \/ Yoast SEO Premium plugin. -->","yoast_head_json":{"title":"B\u00f6l\u00fcmler - \u0130\u015fletme Fak\u00fcltesi","robots":{"index":"index","follow":"follow","max-snippet":"max-snippet:-1","max-image-preview":"max-image-preview:large","max-video-preview":"max-video-preview:-1"},"canonical":"http:\/\/ticaret.edu.tr\/isletme-fakultesi\/bolumler\/","og_locale":"tr_TR","og_type":"article","og_title":"B\u00f6l\u00fcmler","og_url":"http:\/\/ticaret.edu.tr\/isletme-fakultesi\/bolumler\/","og_site_name":"\u0130\u015fletme Fak\u00fcltesi","article_publisher":"https:\/\/www.facebook.com\/ticaretedutr","article_modified_time":"2025-02-11T12:24:09+00:00","og_image":[{"width":1250,"height":833,"url":"http:\/\/ticaret.edu.tr\/isletme-fakultesi\/wp-content\/uploads\/sites\/7\/2021\/11\/web_logo-01.jpg","type":"image\/jpeg"}],"twitter_card":"summary_large_image","twitter_site":"@ticaretedutr","schema":{"@context":"https:\/\/schema.org","@graph":[{"@type":"WebPage","@id":"http:\/\/ticaret.edu.tr\/isletme-fakultesi\/bolumler\/","url":"http:\/\/ticaret.edu.tr\/isletme-fakultesi\/bolumler\/","name":"B\u00f6l\u00fcmler - \u0130\u015fletme Fak\u00fcltesi","isPartOf":{"@id":"https:\/\/ticaret.edu.tr\/isletme-fakultesi\/#website"},"datePublished":"2025-01-23T08:05:52+00:00","dateModified":"2025-02-11T12:24:09+00:00","breadcrumb":{"@id":"http:\/\/ticaret.edu.tr\/isletme-fakultesi\/bolumler\/#breadcrumb"},"inLanguage":"tr","potentialAction":[{"@type":"ReadAction","target":["http:\/\/ticaret.edu.tr\/isletme-fakultesi\/bolumler\/"]}]},{"@type":"BreadcrumbList","@id":"http:\/\/ticaret.edu.tr\/isletme-fakultesi\/bolumler\/#breadcrumb","itemListElement":[{"@type":"ListItem","position":1,"name":"Ana sayfa","item":"https:\/\/ticaret.edu.tr\/isletme-fakultesi\/"},{"@type":"ListItem","position":2,"name":"B\u00f6l\u00fcmler"}]},{"@type":"WebSite","@id":"https:\/\/ticaret.edu.tr\/isletme-fakultesi\/#website","url":"https:\/\/ticaret.edu.tr\/isletme-fakultesi\/","name":"\u0130\u015fletme Fak\u00fcltesi","description":"","potentialAction":[{"@type":"SearchAction","target":{"@type":"EntryPoint","urlTemplate":"https:\/\/ticaret.edu.tr\/isletme-fakultesi\/?s={search_term_string}"},"query-input":"required name=search_term_string"}],"inLanguage":"tr"}]}},"lang":"tr","translations":{"tr":1529},"pll_sync_post":[],"_links":{"self":[{"href":"http:\/\/ticaret.edu.tr\/isletme-fakultesi\/wp-json\/wp\/v2\/pages\/1529"}],"collection":[{"href":"http:\/\/ticaret.edu.tr\/isletme-fakultesi\/wp-json\/wp\/v2\/pages"}],"about":[{"href":"http:\/\/ticaret.edu.tr\/isletme-fakultesi\/wp-json\/wp\/v2\/types\/page"}],"author":[{"embeddable":true,"href":"http:\/\/ticaret.edu.tr\/isletme-fakultesi\/wp-json\/wp\/v2\/users\/53"}],"replies":[{"embeddable":true,"href":"http:\/\/ticaret.edu.tr\/isletme-fakultesi\/wp-json\/wp\/v2\/comments?post=1529"}],"version-history":[{"count":1,"href":"http:\/\/ticaret.edu.tr\/isletme-fakultesi\/wp-json\/wp\/v2\/pages\/1529\/revisions"}],"predecessor-version":[{"id":1530,"href":"http:\/\/ticaret.edu.tr\/isletme-fakultesi\/wp-json\/wp\/v2\/pages\/1529\/revisions\/1530"}],"wp:attachment":[{"href":"http:\/\/ticaret.edu.tr\/isletme-fakultesi\/wp-json\/wp\/v2\/media?parent=1529"}],"curies":[{"name":"wp","href":"https:\/\/api.w.org\/{rel}","templated":true}]}}