{"id":1536,"date":"2025-01-23T11:06:01","date_gmt":"2025-01-23T08:06:01","guid":{"rendered":"https:\/\/ticaret.edu.tr\/isletme-fakultesi\/?page_id=1536"},"modified":"2026-01-06T12:01:28","modified_gmt":"2026-01-06T09:01:28","slug":"fakulte-yonetim-kurulu","status":"publish","type":"page","link":"http:\/\/ticaret.edu.tr\/isletme-fakultesi\/fakulte-yonetim-kurulu\/","title":{"rendered":"Fak\u00fclte Y\u00f6netim Kurulu"},"content":{"rendered":"<p><strong>FAK\u00dcLTE Y\u00d6NET\u0130M KURULU<\/strong><\/p>\n<table width=\"707\">\n<tbody>\n<tr>\n<td width=\"107\">Prof. Dr.<\/td>\n<td width=\"266\">Rahmi Deniz \u00d6ZBAY<\/td>\n<td width=\"334\">Dekan V.<\/td>\n<\/tr>\n<tr>\n<td>Prof. Dr.<\/td>\n<td>Bet\u00fcl G\u00dcR<\/td>\n<td>Se\u00e7ilmi\u015f \u00dcye<\/td>\n<\/tr>\n<tr>\n<td>Prof. Dr.<\/td>\n<td>Murat KASIMO\u011eLU<\/td>\n<td>Se\u00e7ilmi\u015f \u00dcye<\/td>\n<\/tr>\n<tr>\n<td>Prof. Dr.<\/td>\n<td>Serkan \u00c7ANKAYA<\/td>\n<td>Se\u00e7ilmi\u015f \u00dcye<\/td>\n<\/tr>\n<tr>\n<td>Do\u00e7. Dr.<\/td>\n<td>Ba\u015fak ERDEM \u00c7ANKAYA<\/td>\n<td>Se\u00e7ilmi\u015f \u00dcye<\/td>\n<\/tr>\n<tr>\n<td>Do\u00e7. Dr.<\/td>\n<td>Cihat K\u00d6KSAL<\/td>\n<td>Se\u00e7ilmi\u015f \u00dcye<\/td>\n<\/tr>\n<\/tbody>\n<\/table>\n","protected":false},"excerpt":{"rendered":"<p>FAK\u00dcLTE Y\u00d6NET\u0130M KURULU Prof. Dr. Rahmi Deniz \u00d6ZBAY Dekan V. Prof. Dr. Bet\u00fcl G\u00dcR Se\u00e7ilmi\u015f \u00dcye Prof. Dr. Murat KASIMO\u011eLU Se\u00e7ilmi\u015f \u00dcye Prof. Dr. Serkan \u00c7ANKAYA Se\u00e7ilmi\u015f \u00dcye Do\u00e7. Dr. Ba\u015fak ERDEM \u00c7ANKAYA Se\u00e7ilmi\u015f \u00dcye Do\u00e7. Dr. Cihat K\u00d6KSAL Se\u00e7ilmi\u015f \u00dcye<\/p>\n","protected":false},"author":53,"featured_media":0,"parent":0,"menu_order":0,"comment_status":"closed","ping_status":"closed","template":"genel_sayfa.php","meta":{"footnotes":""},"yoast_head":"<!-- This site is optimized with the Yoast SEO Premium plugin v22.1 (Yoast SEO v22.1) - https:\/\/yoast.com\/wordpress\/plugins\/seo\/ -->\n<title>Fak\u00fclte Y\u00f6netim Kurulu - \u0130\u015fletme Fak\u00fcltesi<\/title>\n<meta name=\"robots\" content=\"index, follow, max-snippet:-1, max-image-preview:large, max-video-preview:-1\" \/>\n<link rel=\"canonical\" href=\"https:\/\/ticaret.edu.tr\/isletme-fakultesi\/fakulte-yonetim-kurulu\/\" \/>\n<meta property=\"og:locale\" content=\"tr_TR\" \/>\n<meta property=\"og:type\" content=\"article\" \/>\n<meta property=\"og:title\" content=\"Fak\u00fclte Y\u00f6netim Kurulu\" \/>\n<meta property=\"og:description\" content=\"FAK\u00dcLTE Y\u00d6NET\u0130M KURULU Prof. Dr. Rahmi Deniz \u00d6ZBAY Dekan V. Prof. Dr. Bet\u00fcl G\u00dcR Se\u00e7ilmi\u015f \u00dcye Prof. Dr. Murat KASIMO\u011eLU Se\u00e7ilmi\u015f \u00dcye Prof. Dr. Serkan \u00c7ANKAYA Se\u00e7ilmi\u015f \u00dcye Do\u00e7. Dr. Ba\u015fak ERDEM \u00c7ANKAYA Se\u00e7ilmi\u015f \u00dcye Do\u00e7. Dr. Cihat K\u00d6KSAL Se\u00e7ilmi\u015f \u00dcye\" \/>\n<meta property=\"og:url\" content=\"https:\/\/ticaret.edu.tr\/isletme-fakultesi\/fakulte-yonetim-kurulu\/\" \/>\n<meta property=\"og:site_name\" content=\"\u0130\u015fletme Fak\u00fcltesi\" \/>\n<meta property=\"article:publisher\" content=\"https:\/\/www.facebook.com\/ticaretedutr\" \/>\n<meta property=\"article:modified_time\" content=\"2026-01-06T09:01:28+00:00\" \/>\n<meta property=\"og:image\" content=\"http:\/\/ticaret.edu.tr\/isletme-fakultesi\/wp-content\/uploads\/sites\/7\/2021\/11\/web_logo-01.jpg\" \/>\n\t<meta property=\"og:image:width\" content=\"1250\" \/>\n\t<meta property=\"og:image:height\" content=\"833\" \/>\n\t<meta property=\"og:image:type\" content=\"image\/jpeg\" \/>\n<meta name=\"twitter:card\" content=\"summary_large_image\" \/>\n<meta name=\"twitter:site\" content=\"@ticaretedutr\" \/>\n<meta name=\"twitter:label1\" content=\"Tahmini okuma s\u00fcresi\" \/>\n\t<meta name=\"twitter:data1\" content=\"1 dakika\" \/>\n<script type=\"application\/ld+json\" class=\"yoast-schema-graph\">{\"@context\":\"https:\/\/schema.org\",\"@graph\":[{\"@type\":\"WebPage\",\"@id\":\"https:\/\/ticaret.edu.tr\/isletme-fakultesi\/fakulte-yonetim-kurulu\/\",\"url\":\"https:\/\/ticaret.edu.tr\/isletme-fakultesi\/fakulte-yonetim-kurulu\/\",\"name\":\"Fak\u00fclte Y\u00f6netim Kurulu - \u0130\u015fletme Fak\u00fcltesi\",\"isPartOf\":{\"@id\":\"http:\/\/ticaret.edu.tr\/isletme-fakultesi\/#website\"},\"datePublished\":\"2025-01-23T08:06:01+00:00\",\"dateModified\":\"2026-01-06T09:01:28+00:00\",\"breadcrumb\":{\"@id\":\"https:\/\/ticaret.edu.tr\/isletme-fakultesi\/fakulte-yonetim-kurulu\/#breadcrumb\"},\"inLanguage\":\"tr\",\"potentialAction\":[{\"@type\":\"ReadAction\",\"target\":[\"https:\/\/ticaret.edu.tr\/isletme-fakultesi\/fakulte-yonetim-kurulu\/\"]}]},{\"@type\":\"BreadcrumbList\",\"@id\":\"https:\/\/ticaret.edu.tr\/isletme-fakultesi\/fakulte-yonetim-kurulu\/#breadcrumb\",\"itemListElement\":[{\"@type\":\"ListItem\",\"position\":1,\"name\":\"Ana sayfa\",\"item\":\"http:\/\/ticaret.edu.tr\/isletme-fakultesi\/\"},{\"@type\":\"ListItem\",\"position\":2,\"name\":\"Fak\u00fclte Y\u00f6netim Kurulu\"}]},{\"@type\":\"WebSite\",\"@id\":\"http:\/\/ticaret.edu.tr\/isletme-fakultesi\/#website\",\"url\":\"http:\/\/ticaret.edu.tr\/isletme-fakultesi\/\",\"name\":\"\u0130\u015fletme Fak\u00fcltesi\",\"description\":\"\",\"potentialAction\":[{\"@type\":\"SearchAction\",\"target\":{\"@type\":\"EntryPoint\",\"urlTemplate\":\"http:\/\/ticaret.edu.tr\/isletme-fakultesi\/?s={search_term_string}\"},\"query-input\":\"required name=search_term_string\"}],\"inLanguage\":\"tr\"}]}<\/script>\n<!-- \/ Yoast SEO Premium plugin. -->","yoast_head_json":{"title":"Fak\u00fclte Y\u00f6netim Kurulu - \u0130\u015fletme Fak\u00fcltesi","robots":{"index":"index","follow":"follow","max-snippet":"max-snippet:-1","max-image-preview":"max-image-preview:large","max-video-preview":"max-video-preview:-1"},"canonical":"https:\/\/ticaret.edu.tr\/isletme-fakultesi\/fakulte-yonetim-kurulu\/","og_locale":"tr_TR","og_type":"article","og_title":"Fak\u00fclte Y\u00f6netim Kurulu","og_description":"FAK\u00dcLTE Y\u00d6NET\u0130M KURULU Prof. Dr. Rahmi Deniz \u00d6ZBAY Dekan V. Prof. Dr. Bet\u00fcl G\u00dcR Se\u00e7ilmi\u015f \u00dcye Prof. Dr. Murat KASIMO\u011eLU Se\u00e7ilmi\u015f \u00dcye Prof. Dr. Serkan \u00c7ANKAYA Se\u00e7ilmi\u015f \u00dcye Do\u00e7. Dr. Ba\u015fak ERDEM \u00c7ANKAYA Se\u00e7ilmi\u015f \u00dcye Do\u00e7. Dr. Cihat K\u00d6KSAL Se\u00e7ilmi\u015f \u00dcye","og_url":"https:\/\/ticaret.edu.tr\/isletme-fakultesi\/fakulte-yonetim-kurulu\/","og_site_name":"\u0130\u015fletme Fak\u00fcltesi","article_publisher":"https:\/\/www.facebook.com\/ticaretedutr","article_modified_time":"2026-01-06T09:01:28+00:00","og_image":[{"width":1250,"height":833,"url":"http:\/\/ticaret.edu.tr\/isletme-fakultesi\/wp-content\/uploads\/sites\/7\/2021\/11\/web_logo-01.jpg","type":"image\/jpeg"}],"twitter_card":"summary_large_image","twitter_site":"@ticaretedutr","twitter_misc":{"Tahmini okuma s\u00fcresi":"1 dakika"},"schema":{"@context":"https:\/\/schema.org","@graph":[{"@type":"WebPage","@id":"https:\/\/ticaret.edu.tr\/isletme-fakultesi\/fakulte-yonetim-kurulu\/","url":"https:\/\/ticaret.edu.tr\/isletme-fakultesi\/fakulte-yonetim-kurulu\/","name":"Fak\u00fclte Y\u00f6netim Kurulu - \u0130\u015fletme Fak\u00fcltesi","isPartOf":{"@id":"http:\/\/ticaret.edu.tr\/isletme-fakultesi\/#website"},"datePublished":"2025-01-23T08:06:01+00:00","dateModified":"2026-01-06T09:01:28+00:00","breadcrumb":{"@id":"https:\/\/ticaret.edu.tr\/isletme-fakultesi\/fakulte-yonetim-kurulu\/#breadcrumb"},"inLanguage":"tr","potentialAction":[{"@type":"ReadAction","target":["https:\/\/ticaret.edu.tr\/isletme-fakultesi\/fakulte-yonetim-kurulu\/"]}]},{"@type":"BreadcrumbList","@id":"https:\/\/ticaret.edu.tr\/isletme-fakultesi\/fakulte-yonetim-kurulu\/#breadcrumb","itemListElement":[{"@type":"ListItem","position":1,"name":"Ana sayfa","item":"http:\/\/ticaret.edu.tr\/isletme-fakultesi\/"},{"@type":"ListItem","position":2,"name":"Fak\u00fclte Y\u00f6netim Kurulu"}]},{"@type":"WebSite","@id":"http:\/\/ticaret.edu.tr\/isletme-fakultesi\/#website","url":"http:\/\/ticaret.edu.tr\/isletme-fakultesi\/","name":"\u0130\u015fletme Fak\u00fcltesi","description":"","potentialAction":[{"@type":"SearchAction","target":{"@type":"EntryPoint","urlTemplate":"http:\/\/ticaret.edu.tr\/isletme-fakultesi\/?s={search_term_string}"},"query-input":"required name=search_term_string"}],"inLanguage":"tr"}]}},"lang":"tr","translations":{"en":1581,"tr":1536},"pll_sync_post":[],"_links":{"self":[{"href":"http:\/\/ticaret.edu.tr\/isletme-fakultesi\/wp-json\/wp\/v2\/pages\/1536"}],"collection":[{"href":"http:\/\/ticaret.edu.tr\/isletme-fakultesi\/wp-json\/wp\/v2\/pages"}],"about":[{"href":"http:\/\/ticaret.edu.tr\/isletme-fakultesi\/wp-json\/wp\/v2\/types\/page"}],"author":[{"embeddable":true,"href":"http:\/\/ticaret.edu.tr\/isletme-fakultesi\/wp-json\/wp\/v2\/users\/53"}],"replies":[{"embeddable":true,"href":"http:\/\/ticaret.edu.tr\/isletme-fakultesi\/wp-json\/wp\/v2\/comments?post=1536"}],"version-history":[{"count":9,"href":"http:\/\/ticaret.edu.tr\/isletme-fakultesi\/wp-json\/wp\/v2\/pages\/1536\/revisions"}],"predecessor-version":[{"id":2004,"href":"http:\/\/ticaret.edu.tr\/isletme-fakultesi\/wp-json\/wp\/v2\/pages\/1536\/revisions\/2004"}],"wp:attachment":[{"href":"http:\/\/ticaret.edu.tr\/isletme-fakultesi\/wp-json\/wp\/v2\/media?parent=1536"}],"curies":[{"name":"wp","href":"https:\/\/api.w.org\/{rel}","templated":true}]}}