{"id":1538,"date":"2025-01-23T11:05:54","date_gmt":"2025-01-23T08:05:54","guid":{"rendered":"https:\/\/ticaret.edu.tr\/isletme-fakultesi\/?page_id=1538"},"modified":"2026-02-17T13:20:01","modified_gmt":"2026-02-17T10:20:01","slug":"danisma-kurulu","status":"publish","type":"page","link":"http:\/\/ticaret.edu.tr\/isletme-fakultesi\/danisma-kurulu\/","title":{"rendered":"Fak\u00fclte Dan\u0131\u015fma Kurulu"},"content":{"rendered":"<table width=\"893\">\n<tbody>\n<tr>\n<td style=\"text-align: center\" colspan=\"3\" width=\"893\"><strong>\u0130\u015eLETME FAK\u00dcLTES\u0130 DANI\u015eMA KURULU<\/strong><\/td>\n<\/tr>\n<tr>\n<td style=\"text-align: center\" width=\"293\"><strong>Unvan \/Ad Soyad<\/strong><\/td>\n<td style=\"text-align: center\" width=\"328\"><strong>\u00c7al\u0131\u015ft\u0131\u011f\u0131 Kurum<\/strong><\/td>\n<td style=\"text-align: center\" width=\"272\"><strong>G\u00f6revi<\/strong><\/td>\n<\/tr>\n<tr>\n<td width=\"293\">Prof. Dr.\u00a0 Rahmi Deniz \u00d6ZBAY<\/td>\n<td width=\"328\">\u0130stanbul Ticaret \u00dcniversitesi<\/td>\n<td width=\"272\">Dekan V.<\/td>\n<\/tr>\n<tr>\n<td width=\"293\">Dr. \u00d6\u011fr. \u00dcyesi Tu\u011frul ARIK<\/td>\n<td width=\"328\">\u0130stanbul Ticaret \u00dcniversitesi<\/td>\n<td width=\"272\">Dekan Yard\u0131mc\u0131s\u0131<\/td>\n<\/tr>\n<tr>\n<td width=\"293\">Dr. \u00d6\u011fr. \u00dcyesi Nihan YAVUZ<br \/>\nAKSAKAL<\/td>\n<td width=\"328\">\u0130stanbul Ticaret \u00dcniversitesi<\/td>\n<td width=\"272\">Fak\u00fclte Kalite Komisyonu<br \/>\nBa\u015fkan\u0131 \/ Kalite El\u00e7isi<\/td>\n<\/tr>\n<tr>\n<td width=\"293\">Beyzanur KASIRGA<\/td>\n<td width=\"328\">\u0130stanbul Ticaret \u00dcniversitesi<\/td>\n<td width=\"272\">\u00d6\u011frenci Temsilcisi<\/td>\n<\/tr>\n<tr>\n<td width=\"293\">Dr. Erkut BALO\u011eLU<\/td>\n<td width=\"328\">Aktifbank<\/td>\n<td width=\"272\">Genel M\u00fcd\u00fcr Yard\u0131mc\u0131s\u0131<\/td>\n<\/tr>\n<tr>\n<td width=\"293\">Figen KILI\u00c7<\/td>\n<td width=\"328\">Turkcell \u0130leti\u015fim Hizmetleri A.\u015e.<\/td>\n<td width=\"272\">Y\u00f6netim Kurulu \u00dcyesi<\/td>\n<\/tr>\n<tr>\n<td width=\"293\">Dr. K\u00fcbra ULUTA\u015e<\/td>\n<td width=\"328\">T\u00fcrkiye \u0130hracat\u00e7\u0131lar Meclisi<\/td>\n<td width=\"272\">Genel Sekreter Yard\u0131mc\u0131s\u0131<\/td>\n<\/tr>\n<tr>\n<td width=\"293\">G\u00f6zde D\u0130ZDAR<\/td>\n<td width=\"328\">Governance and Development (GD<br \/>\nGlobal)<\/td>\n<td width=\"272\">Y\u00f6netim Kurulu Ba\u015fkan\u0131<\/td>\n<\/tr>\n<tr>\n<td width=\"293\">Metin \u00c7ET\u0130NKAYA<\/td>\n<td width=\"328\">\u00c7etinkaya Tekstil<\/td>\n<td width=\"272\">Y\u00f6netim Kurulu Ba\u015fkan\u0131<\/td>\n<\/tr>\n<tr>\n<td width=\"293\">\u00d6mer \u00d6ZD\u0130N\u00c7<\/td>\n<td width=\"328\">SER Dan\u0131\u015fmanl\u0131k<\/td>\n<td width=\"272\">Genel M\u00fcd\u00fcr<\/td>\n<\/tr>\n<tr>\n<td width=\"293\">\u00d6mer DUYAR<\/td>\n<td width=\"328\">Duyar Sanayi ve Ticari Yat\u0131r\u0131mlar A.\u015e.<\/td>\n<td width=\"272\">Y\u00f6netim Kurulu Ba\u015fkan\u0131<\/td>\n<\/tr>\n<tr>\n<td width=\"293\">Ceyhan HANCI\u011eLU<\/td>\n<td width=\"328\">Magdeburger Sigorta<\/td>\n<td width=\"272\">Genel M\u00fcd\u00fcr (T\u00fcrkiye Sigorta<br \/>\nBirli\u011fi YK \u00dcyesi)<\/td>\n<\/tr>\n<\/tbody>\n<\/table>\n","protected":false},"excerpt":{"rendered":"<p>\u0130\u015eLETME FAK\u00dcLTES\u0130 DANI\u015eMA KURULU Unvan \/Ad Soyad \u00c7al\u0131\u015ft\u0131\u011f\u0131 Kurum G\u00f6revi Prof. Dr.\u00a0 Rahmi Deniz \u00d6ZBAY \u0130stanbul Ticaret \u00dcniversitesi Dekan V. Dr. \u00d6\u011fr. \u00dcyesi Tu\u011frul ARIK \u0130stanbul Ticaret \u00dcniversitesi Dekan Yard\u0131mc\u0131s\u0131 Dr. \u00d6\u011fr. \u00dcyesi Nihan YAVUZ AKSAKAL \u0130stanbul Ticaret \u00dcniversitesi Fak\u00fclte Kalite Komisyonu Ba\u015fkan\u0131 \/ Kalite El\u00e7isi Beyzanur KASIRGA \u0130stanbul Ticaret \u00dcniversitesi \u00d6\u011frenci Temsilcisi Dr. Erkut [&hellip;]<\/p>\n","protected":false},"author":53,"featured_media":0,"parent":0,"menu_order":0,"comment_status":"closed","ping_status":"closed","template":"genel_sayfa.php","meta":{"footnotes":""},"yoast_head":"<!-- This site is optimized with the Yoast SEO Premium plugin v22.1 (Yoast SEO v22.1) - https:\/\/yoast.com\/wordpress\/plugins\/seo\/ -->\n<title>Fak\u00fclte Dan\u0131\u015fma Kurulu - \u0130\u015fletme Fak\u00fcltesi<\/title>\n<meta name=\"robots\" content=\"index, follow, max-snippet:-1, max-image-preview:large, max-video-preview:-1\" \/>\n<link rel=\"canonical\" href=\"https:\/\/ticaret.edu.tr\/isletme-fakultesi\/danisma-kurulu\/\" \/>\n<meta property=\"og:locale\" content=\"tr_TR\" \/>\n<meta property=\"og:type\" content=\"article\" \/>\n<meta property=\"og:title\" content=\"Fak\u00fclte Dan\u0131\u015fma Kurulu\" \/>\n<meta property=\"og:description\" content=\"\u0130\u015eLETME FAK\u00dcLTES\u0130 DANI\u015eMA KURULU Unvan \/Ad Soyad \u00c7al\u0131\u015ft\u0131\u011f\u0131 Kurum G\u00f6revi Prof. Dr.\u00a0 Rahmi Deniz \u00d6ZBAY \u0130stanbul Ticaret \u00dcniversitesi Dekan V. Dr. \u00d6\u011fr. \u00dcyesi Tu\u011frul ARIK \u0130stanbul Ticaret \u00dcniversitesi Dekan Yard\u0131mc\u0131s\u0131 Dr. \u00d6\u011fr. \u00dcyesi Nihan YAVUZ AKSAKAL \u0130stanbul Ticaret \u00dcniversitesi Fak\u00fclte Kalite Komisyonu Ba\u015fkan\u0131 \/ Kalite El\u00e7isi Beyzanur KASIRGA \u0130stanbul Ticaret \u00dcniversitesi \u00d6\u011frenci Temsilcisi Dr. Erkut [&hellip;]\" \/>\n<meta property=\"og:url\" content=\"https:\/\/ticaret.edu.tr\/isletme-fakultesi\/danisma-kurulu\/\" \/>\n<meta property=\"og:site_name\" content=\"\u0130\u015fletme Fak\u00fcltesi\" \/>\n<meta property=\"article:publisher\" content=\"https:\/\/www.facebook.com\/ticaretedutr\" \/>\n<meta property=\"article:modified_time\" content=\"2026-02-17T10:20:01+00:00\" \/>\n<meta property=\"og:image\" content=\"http:\/\/ticaret.edu.tr\/isletme-fakultesi\/wp-content\/uploads\/sites\/7\/2021\/11\/web_logo-01.jpg\" \/>\n\t<meta property=\"og:image:width\" content=\"1250\" \/>\n\t<meta property=\"og:image:height\" content=\"833\" \/>\n\t<meta property=\"og:image:type\" content=\"image\/jpeg\" \/>\n<meta name=\"twitter:card\" content=\"summary_large_image\" \/>\n<meta name=\"twitter:site\" content=\"@ticaretedutr\" \/>\n<meta name=\"twitter:label1\" content=\"Tahmini okuma s\u00fcresi\" \/>\n\t<meta name=\"twitter:data1\" content=\"1 dakika\" \/>\n<script type=\"application\/ld+json\" class=\"yoast-schema-graph\">{\"@context\":\"https:\/\/schema.org\",\"@graph\":[{\"@type\":\"WebPage\",\"@id\":\"https:\/\/ticaret.edu.tr\/isletme-fakultesi\/danisma-kurulu\/\",\"url\":\"https:\/\/ticaret.edu.tr\/isletme-fakultesi\/danisma-kurulu\/\",\"name\":\"Fak\u00fclte Dan\u0131\u015fma Kurulu - \u0130\u015fletme Fak\u00fcltesi\",\"isPartOf\":{\"@id\":\"http:\/\/ticaret.edu.tr\/isletme-fakultesi\/en\/#website\"},\"datePublished\":\"2025-01-23T08:05:54+00:00\",\"dateModified\":\"2026-02-17T10:20:01+00:00\",\"breadcrumb\":{\"@id\":\"https:\/\/ticaret.edu.tr\/isletme-fakultesi\/danisma-kurulu\/#breadcrumb\"},\"inLanguage\":\"tr\",\"potentialAction\":[{\"@type\":\"ReadAction\",\"target\":[\"https:\/\/ticaret.edu.tr\/isletme-fakultesi\/danisma-kurulu\/\"]}]},{\"@type\":\"BreadcrumbList\",\"@id\":\"https:\/\/ticaret.edu.tr\/isletme-fakultesi\/danisma-kurulu\/#breadcrumb\",\"itemListElement\":[{\"@type\":\"ListItem\",\"position\":1,\"name\":\"Ana sayfa\",\"item\":\"https:\/\/ticaret.edu.tr\/isletme-fakultesi\/\"},{\"@type\":\"ListItem\",\"position\":2,\"name\":\"Fak\u00fclte Dan\u0131\u015fma Kurulu\"}]},{\"@type\":\"WebSite\",\"@id\":\"http:\/\/ticaret.edu.tr\/isletme-fakultesi\/en\/#website\",\"url\":\"http:\/\/ticaret.edu.tr\/isletme-fakultesi\/en\/\",\"name\":\"\u0130\u015fletme Fak\u00fcltesi\",\"description\":\"\",\"potentialAction\":[{\"@type\":\"SearchAction\",\"target\":{\"@type\":\"EntryPoint\",\"urlTemplate\":\"http:\/\/ticaret.edu.tr\/isletme-fakultesi\/en\/?s={search_term_string}\"},\"query-input\":\"required name=search_term_string\"}],\"inLanguage\":\"tr\"}]}<\/script>\n<!-- \/ Yoast SEO Premium plugin. -->","yoast_head_json":{"title":"Fak\u00fclte Dan\u0131\u015fma Kurulu - \u0130\u015fletme Fak\u00fcltesi","robots":{"index":"index","follow":"follow","max-snippet":"max-snippet:-1","max-image-preview":"max-image-preview:large","max-video-preview":"max-video-preview:-1"},"canonical":"https:\/\/ticaret.edu.tr\/isletme-fakultesi\/danisma-kurulu\/","og_locale":"tr_TR","og_type":"article","og_title":"Fak\u00fclte Dan\u0131\u015fma Kurulu","og_description":"\u0130\u015eLETME FAK\u00dcLTES\u0130 DANI\u015eMA KURULU Unvan \/Ad Soyad \u00c7al\u0131\u015ft\u0131\u011f\u0131 Kurum G\u00f6revi Prof. Dr.\u00a0 Rahmi Deniz \u00d6ZBAY \u0130stanbul Ticaret \u00dcniversitesi Dekan V. Dr. \u00d6\u011fr. \u00dcyesi Tu\u011frul ARIK \u0130stanbul Ticaret \u00dcniversitesi Dekan Yard\u0131mc\u0131s\u0131 Dr. \u00d6\u011fr. \u00dcyesi Nihan YAVUZ AKSAKAL \u0130stanbul Ticaret \u00dcniversitesi Fak\u00fclte Kalite Komisyonu Ba\u015fkan\u0131 \/ Kalite El\u00e7isi Beyzanur KASIRGA \u0130stanbul Ticaret \u00dcniversitesi \u00d6\u011frenci Temsilcisi Dr. Erkut [&hellip;]","og_url":"https:\/\/ticaret.edu.tr\/isletme-fakultesi\/danisma-kurulu\/","og_site_name":"\u0130\u015fletme Fak\u00fcltesi","article_publisher":"https:\/\/www.facebook.com\/ticaretedutr","article_modified_time":"2026-02-17T10:20:01+00:00","og_image":[{"width":1250,"height":833,"url":"http:\/\/ticaret.edu.tr\/isletme-fakultesi\/wp-content\/uploads\/sites\/7\/2021\/11\/web_logo-01.jpg","type":"image\/jpeg"}],"twitter_card":"summary_large_image","twitter_site":"@ticaretedutr","twitter_misc":{"Tahmini okuma s\u00fcresi":"1 dakika"},"schema":{"@context":"https:\/\/schema.org","@graph":[{"@type":"WebPage","@id":"https:\/\/ticaret.edu.tr\/isletme-fakultesi\/danisma-kurulu\/","url":"https:\/\/ticaret.edu.tr\/isletme-fakultesi\/danisma-kurulu\/","name":"Fak\u00fclte Dan\u0131\u015fma Kurulu - \u0130\u015fletme Fak\u00fcltesi","isPartOf":{"@id":"http:\/\/ticaret.edu.tr\/isletme-fakultesi\/en\/#website"},"datePublished":"2025-01-23T08:05:54+00:00","dateModified":"2026-02-17T10:20:01+00:00","breadcrumb":{"@id":"https:\/\/ticaret.edu.tr\/isletme-fakultesi\/danisma-kurulu\/#breadcrumb"},"inLanguage":"tr","potentialAction":[{"@type":"ReadAction","target":["https:\/\/ticaret.edu.tr\/isletme-fakultesi\/danisma-kurulu\/"]}]},{"@type":"BreadcrumbList","@id":"https:\/\/ticaret.edu.tr\/isletme-fakultesi\/danisma-kurulu\/#breadcrumb","itemListElement":[{"@type":"ListItem","position":1,"name":"Ana sayfa","item":"https:\/\/ticaret.edu.tr\/isletme-fakultesi\/"},{"@type":"ListItem","position":2,"name":"Fak\u00fclte Dan\u0131\u015fma Kurulu"}]},{"@type":"WebSite","@id":"http:\/\/ticaret.edu.tr\/isletme-fakultesi\/en\/#website","url":"http:\/\/ticaret.edu.tr\/isletme-fakultesi\/en\/","name":"\u0130\u015fletme Fak\u00fcltesi","description":"","potentialAction":[{"@type":"SearchAction","target":{"@type":"EntryPoint","urlTemplate":"http:\/\/ticaret.edu.tr\/isletme-fakultesi\/en\/?s={search_term_string}"},"query-input":"required name=search_term_string"}],"inLanguage":"tr"}]}},"lang":"tr","translations":{"en":1583,"tr":1538},"pll_sync_post":[],"_links":{"self":[{"href":"http:\/\/ticaret.edu.tr\/isletme-fakultesi\/wp-json\/wp\/v2\/pages\/1538"}],"collection":[{"href":"http:\/\/ticaret.edu.tr\/isletme-fakultesi\/wp-json\/wp\/v2\/pages"}],"about":[{"href":"http:\/\/ticaret.edu.tr\/isletme-fakultesi\/wp-json\/wp\/v2\/types\/page"}],"author":[{"embeddable":true,"href":"http:\/\/ticaret.edu.tr\/isletme-fakultesi\/wp-json\/wp\/v2\/users\/53"}],"replies":[{"embeddable":true,"href":"http:\/\/ticaret.edu.tr\/isletme-fakultesi\/wp-json\/wp\/v2\/comments?post=1538"}],"version-history":[{"count":15,"href":"http:\/\/ticaret.edu.tr\/isletme-fakultesi\/wp-json\/wp\/v2\/pages\/1538\/revisions"}],"predecessor-version":[{"id":2431,"href":"http:\/\/ticaret.edu.tr\/isletme-fakultesi\/wp-json\/wp\/v2\/pages\/1538\/revisions\/2431"}],"wp:attachment":[{"href":"http:\/\/ticaret.edu.tr\/isletme-fakultesi\/wp-json\/wp\/v2\/media?parent=1538"}],"curies":[{"name":"wp","href":"https:\/\/api.w.org\/{rel}","templated":true}]}}