{"id":1540,"date":"2025-01-23T11:05:51","date_gmt":"2025-01-23T08:05:51","guid":{"rendered":"https:\/\/ticaret.edu.tr\/isletme-fakultesi\/?page_id=1540"},"modified":"2026-03-05T12:05:29","modified_gmt":"2026-03-05T09:05:29","slug":"bolum-baskanliklari","status":"publish","type":"page","link":"http:\/\/ticaret.edu.tr\/isletme-fakultesi\/bolum-baskanliklari\/","title":{"rendered":"B\u00f6l\u00fcm Ba\u015fkanl\u0131klar\u0131"},"content":{"rendered":"<p><strong>B\u00d6L\u00dcM BA\u015eKANLIKLARI<\/strong><\/p>\n<p>Prof. Dr. Hicabi ERSOY \u2013 Finans ve Bankac\u0131l\u0131k (\u0130ngilizce) B\u00f6l\u00fcm Ba\u015fkan\u0131<\/p>\n<p>Prof. Dr. Bet\u00fcl G\u00dcR \u2013 \u0130ktisat B\u00f6l\u00fcm Ba\u015fkan\u0131<\/p>\n<p>Prof. Dr. Yahya F\u0130DAN \u2013 Lojistik Y\u00f6netimi B\u00f6l\u00fcm Ba\u015fkan\u0131<\/p>\n<p>Do\u00e7. Dr. Ba\u015fak ERDEM \u2013 Uluslararas\u0131 Ticaret ve Finansman B\u00f6l\u00fcm Ba\u015fkan\u0131<\/p>\n<p>Do\u00e7. Dr. Nurg\u00fcl KELE\u015e TAY\u015e\u0130R \u2013 \u0130\u015fletme (\u0130ngilizce) B\u00f6l\u00fcm Ba\u015fkan\u0131<\/p>\n<p>Do\u00e7. Dr. Cihat K\u00d6KSAL &#8211;\u00a0 Uluslararas\u0131 Ticaret (\u0130ngilizce) B\u00f6l\u00fcm Ba\u015fkan\u0131<\/p>\n<p>Do\u00e7. Dr. Mehmet SA\u011eLAM \u2013 \u0130\u015fletme B\u00f6l\u00fcm Ba\u015fkan\u0131<\/p>\n<p>Do\u00e7. Dr. Sinem SEF\u0130L TANSEVER \u2013 \u0130ktisat (\u0130ngilizce) B\u00f6l\u00fcm Ba\u015fkan V.<\/p>\n<p>Dr. \u00d6\u011fr. \u00dcyesi Tuncel \u00d6Z \u2013 Havac\u0131l\u0131k Y\u00f6netimi B\u00f6l\u00fcm Ba\u015fkan\u0131<\/p>\n<p>Dr. \u00d6\u011fr. \u00dcyesi\u00a0 Umut AYDIN \u2013 Y\u00f6netim Bili\u015fim Sistemleri (\u0130ngilizce) B\u00f6l\u00fcm Ba\u015fkan\u0131 V.<\/p>\n<p>&nbsp;<\/p>\n","protected":false},"excerpt":{"rendered":"<p>B\u00d6L\u00dcM BA\u015eKANLIKLARI Prof. Dr. Hicabi ERSOY \u2013 Finans ve Bankac\u0131l\u0131k (\u0130ngilizce) B\u00f6l\u00fcm Ba\u015fkan\u0131 Prof. Dr. Bet\u00fcl G\u00dcR \u2013 \u0130ktisat B\u00f6l\u00fcm Ba\u015fkan\u0131 Prof. Dr. Yahya F\u0130DAN \u2013 Lojistik Y\u00f6netimi B\u00f6l\u00fcm Ba\u015fkan\u0131 Do\u00e7. Dr. Ba\u015fak ERDEM \u2013 Uluslararas\u0131 Ticaret ve Finansman B\u00f6l\u00fcm Ba\u015fkan\u0131 Do\u00e7. Dr. Nurg\u00fcl KELE\u015e TAY\u015e\u0130R \u2013 \u0130\u015fletme (\u0130ngilizce) B\u00f6l\u00fcm Ba\u015fkan\u0131 Do\u00e7. Dr. Cihat K\u00d6KSAL [&hellip;]<\/p>\n","protected":false},"author":53,"featured_media":0,"parent":0,"menu_order":0,"comment_status":"closed","ping_status":"closed","template":"genel_sayfa.php","meta":{"footnotes":""},"yoast_head":"<!-- This site is optimized with the Yoast SEO Premium plugin v22.1 (Yoast SEO v22.1) - https:\/\/yoast.com\/wordpress\/plugins\/seo\/ -->\n<title>B\u00f6l\u00fcm Ba\u015fkanl\u0131klar\u0131 - \u0130\u015fletme Fak\u00fcltesi<\/title>\n<meta name=\"robots\" content=\"index, follow, max-snippet:-1, max-image-preview:large, max-video-preview:-1\" \/>\n<link rel=\"canonical\" href=\"https:\/\/ticaret.edu.tr\/isletme-fakultesi\/bolum-baskanliklari\/\" \/>\n<meta property=\"og:locale\" content=\"tr_TR\" \/>\n<meta property=\"og:type\" content=\"article\" \/>\n<meta property=\"og:title\" content=\"B\u00f6l\u00fcm Ba\u015fkanl\u0131klar\u0131\" \/>\n<meta property=\"og:description\" content=\"B\u00d6L\u00dcM BA\u015eKANLIKLARI Prof. Dr. Hicabi ERSOY \u2013 Finans ve Bankac\u0131l\u0131k (\u0130ngilizce) B\u00f6l\u00fcm Ba\u015fkan\u0131 Prof. Dr. Bet\u00fcl G\u00dcR \u2013 \u0130ktisat B\u00f6l\u00fcm Ba\u015fkan\u0131 Prof. Dr. Yahya F\u0130DAN \u2013 Lojistik Y\u00f6netimi B\u00f6l\u00fcm Ba\u015fkan\u0131 Do\u00e7. Dr. Ba\u015fak ERDEM \u2013 Uluslararas\u0131 Ticaret ve Finansman B\u00f6l\u00fcm Ba\u015fkan\u0131 Do\u00e7. Dr. Nurg\u00fcl KELE\u015e TAY\u015e\u0130R \u2013 \u0130\u015fletme (\u0130ngilizce) B\u00f6l\u00fcm Ba\u015fkan\u0131 Do\u00e7. Dr. Cihat K\u00d6KSAL [&hellip;]\" \/>\n<meta property=\"og:url\" content=\"https:\/\/ticaret.edu.tr\/isletme-fakultesi\/bolum-baskanliklari\/\" \/>\n<meta property=\"og:site_name\" content=\"\u0130\u015fletme Fak\u00fcltesi\" \/>\n<meta property=\"article:publisher\" content=\"https:\/\/www.facebook.com\/ticaretedutr\" \/>\n<meta property=\"article:modified_time\" content=\"2026-03-05T09:05:29+00:00\" \/>\n<meta property=\"og:image\" content=\"http:\/\/ticaret.edu.tr\/isletme-fakultesi\/wp-content\/uploads\/sites\/7\/2021\/11\/web_logo-01.jpg\" \/>\n\t<meta property=\"og:image:width\" content=\"1250\" \/>\n\t<meta property=\"og:image:height\" content=\"833\" \/>\n\t<meta property=\"og:image:type\" content=\"image\/jpeg\" \/>\n<meta name=\"twitter:card\" content=\"summary_large_image\" \/>\n<meta name=\"twitter:site\" content=\"@ticaretedutr\" \/>\n<meta name=\"twitter:label1\" content=\"Tahmini okuma s\u00fcresi\" \/>\n\t<meta name=\"twitter:data1\" content=\"1 dakika\" \/>\n<script type=\"application\/ld+json\" class=\"yoast-schema-graph\">{\"@context\":\"https:\/\/schema.org\",\"@graph\":[{\"@type\":\"WebPage\",\"@id\":\"https:\/\/ticaret.edu.tr\/isletme-fakultesi\/bolum-baskanliklari\/\",\"url\":\"https:\/\/ticaret.edu.tr\/isletme-fakultesi\/bolum-baskanliklari\/\",\"name\":\"B\u00f6l\u00fcm Ba\u015fkanl\u0131klar\u0131 - \u0130\u015fletme Fak\u00fcltesi\",\"isPartOf\":{\"@id\":\"http:\/\/ticaret.edu.tr\/isletme-fakultesi\/en\/#website\"},\"datePublished\":\"2025-01-23T08:05:51+00:00\",\"dateModified\":\"2026-03-05T09:05:29+00:00\",\"breadcrumb\":{\"@id\":\"https:\/\/ticaret.edu.tr\/isletme-fakultesi\/bolum-baskanliklari\/#breadcrumb\"},\"inLanguage\":\"tr\",\"potentialAction\":[{\"@type\":\"ReadAction\",\"target\":[\"https:\/\/ticaret.edu.tr\/isletme-fakultesi\/bolum-baskanliklari\/\"]}]},{\"@type\":\"BreadcrumbList\",\"@id\":\"https:\/\/ticaret.edu.tr\/isletme-fakultesi\/bolum-baskanliklari\/#breadcrumb\",\"itemListElement\":[{\"@type\":\"ListItem\",\"position\":1,\"name\":\"Ana sayfa\",\"item\":\"https:\/\/ticaret.edu.tr\/isletme-fakultesi\/\"},{\"@type\":\"ListItem\",\"position\":2,\"name\":\"B\u00f6l\u00fcm Ba\u015fkanl\u0131klar\u0131\"}]},{\"@type\":\"WebSite\",\"@id\":\"http:\/\/ticaret.edu.tr\/isletme-fakultesi\/en\/#website\",\"url\":\"http:\/\/ticaret.edu.tr\/isletme-fakultesi\/en\/\",\"name\":\"\u0130\u015fletme Fak\u00fcltesi\",\"description\":\"\",\"potentialAction\":[{\"@type\":\"SearchAction\",\"target\":{\"@type\":\"EntryPoint\",\"urlTemplate\":\"http:\/\/ticaret.edu.tr\/isletme-fakultesi\/en\/?s={search_term_string}\"},\"query-input\":\"required name=search_term_string\"}],\"inLanguage\":\"tr\"}]}<\/script>\n<!-- \/ Yoast SEO Premium plugin. -->","yoast_head_json":{"title":"B\u00f6l\u00fcm Ba\u015fkanl\u0131klar\u0131 - \u0130\u015fletme Fak\u00fcltesi","robots":{"index":"index","follow":"follow","max-snippet":"max-snippet:-1","max-image-preview":"max-image-preview:large","max-video-preview":"max-video-preview:-1"},"canonical":"https:\/\/ticaret.edu.tr\/isletme-fakultesi\/bolum-baskanliklari\/","og_locale":"tr_TR","og_type":"article","og_title":"B\u00f6l\u00fcm Ba\u015fkanl\u0131klar\u0131","og_description":"B\u00d6L\u00dcM BA\u015eKANLIKLARI Prof. Dr. Hicabi ERSOY \u2013 Finans ve Bankac\u0131l\u0131k (\u0130ngilizce) B\u00f6l\u00fcm Ba\u015fkan\u0131 Prof. Dr. Bet\u00fcl G\u00dcR \u2013 \u0130ktisat B\u00f6l\u00fcm Ba\u015fkan\u0131 Prof. Dr. Yahya F\u0130DAN \u2013 Lojistik Y\u00f6netimi B\u00f6l\u00fcm Ba\u015fkan\u0131 Do\u00e7. Dr. Ba\u015fak ERDEM \u2013 Uluslararas\u0131 Ticaret ve Finansman B\u00f6l\u00fcm Ba\u015fkan\u0131 Do\u00e7. Dr. Nurg\u00fcl KELE\u015e TAY\u015e\u0130R \u2013 \u0130\u015fletme (\u0130ngilizce) B\u00f6l\u00fcm Ba\u015fkan\u0131 Do\u00e7. Dr. Cihat K\u00d6KSAL [&hellip;]","og_url":"https:\/\/ticaret.edu.tr\/isletme-fakultesi\/bolum-baskanliklari\/","og_site_name":"\u0130\u015fletme Fak\u00fcltesi","article_publisher":"https:\/\/www.facebook.com\/ticaretedutr","article_modified_time":"2026-03-05T09:05:29+00:00","og_image":[{"width":1250,"height":833,"url":"http:\/\/ticaret.edu.tr\/isletme-fakultesi\/wp-content\/uploads\/sites\/7\/2021\/11\/web_logo-01.jpg","type":"image\/jpeg"}],"twitter_card":"summary_large_image","twitter_site":"@ticaretedutr","twitter_misc":{"Tahmini okuma s\u00fcresi":"1 dakika"},"schema":{"@context":"https:\/\/schema.org","@graph":[{"@type":"WebPage","@id":"https:\/\/ticaret.edu.tr\/isletme-fakultesi\/bolum-baskanliklari\/","url":"https:\/\/ticaret.edu.tr\/isletme-fakultesi\/bolum-baskanliklari\/","name":"B\u00f6l\u00fcm Ba\u015fkanl\u0131klar\u0131 - \u0130\u015fletme Fak\u00fcltesi","isPartOf":{"@id":"http:\/\/ticaret.edu.tr\/isletme-fakultesi\/en\/#website"},"datePublished":"2025-01-23T08:05:51+00:00","dateModified":"2026-03-05T09:05:29+00:00","breadcrumb":{"@id":"https:\/\/ticaret.edu.tr\/isletme-fakultesi\/bolum-baskanliklari\/#breadcrumb"},"inLanguage":"tr","potentialAction":[{"@type":"ReadAction","target":["https:\/\/ticaret.edu.tr\/isletme-fakultesi\/bolum-baskanliklari\/"]}]},{"@type":"BreadcrumbList","@id":"https:\/\/ticaret.edu.tr\/isletme-fakultesi\/bolum-baskanliklari\/#breadcrumb","itemListElement":[{"@type":"ListItem","position":1,"name":"Ana sayfa","item":"https:\/\/ticaret.edu.tr\/isletme-fakultesi\/"},{"@type":"ListItem","position":2,"name":"B\u00f6l\u00fcm Ba\u015fkanl\u0131klar\u0131"}]},{"@type":"WebSite","@id":"http:\/\/ticaret.edu.tr\/isletme-fakultesi\/en\/#website","url":"http:\/\/ticaret.edu.tr\/isletme-fakultesi\/en\/","name":"\u0130\u015fletme Fak\u00fcltesi","description":"","potentialAction":[{"@type":"SearchAction","target":{"@type":"EntryPoint","urlTemplate":"http:\/\/ticaret.edu.tr\/isletme-fakultesi\/en\/?s={search_term_string}"},"query-input":"required name=search_term_string"}],"inLanguage":"tr"}]}},"lang":"tr","translations":{"en":1585,"tr":1540},"pll_sync_post":[],"_links":{"self":[{"href":"http:\/\/ticaret.edu.tr\/isletme-fakultesi\/wp-json\/wp\/v2\/pages\/1540"}],"collection":[{"href":"http:\/\/ticaret.edu.tr\/isletme-fakultesi\/wp-json\/wp\/v2\/pages"}],"about":[{"href":"http:\/\/ticaret.edu.tr\/isletme-fakultesi\/wp-json\/wp\/v2\/types\/page"}],"author":[{"embeddable":true,"href":"http:\/\/ticaret.edu.tr\/isletme-fakultesi\/wp-json\/wp\/v2\/users\/53"}],"replies":[{"embeddable":true,"href":"http:\/\/ticaret.edu.tr\/isletme-fakultesi\/wp-json\/wp\/v2\/comments?post=1540"}],"version-history":[{"count":7,"href":"http:\/\/ticaret.edu.tr\/isletme-fakultesi\/wp-json\/wp\/v2\/pages\/1540\/revisions"}],"predecessor-version":[{"id":2488,"href":"http:\/\/ticaret.edu.tr\/isletme-fakultesi\/wp-json\/wp\/v2\/pages\/1540\/revisions\/2488"}],"wp:attachment":[{"href":"http:\/\/ticaret.edu.tr\/isletme-fakultesi\/wp-json\/wp\/v2\/media?parent=1540"}],"curies":[{"name":"wp","href":"https:\/\/api.w.org\/{rel}","templated":true}]}}