{"id":1548,"date":"2025-01-23T11:05:50","date_gmt":"2025-01-23T08:05:50","guid":{"rendered":"https:\/\/ticaret.edu.tr\/isletme-fakultesi\/?page_id=1548"},"modified":"2026-03-04T11:00:20","modified_gmt":"2026-03-04T08:00:20","slug":"birim-kalite-komisyonu","status":"publish","type":"page","link":"http:\/\/ticaret.edu.tr\/isletme-fakultesi\/birim-kalite-komisyonu\/","title":{"rendered":"Birim Kalite Komisyonu"},"content":{"rendered":"<p><strong>\u0130\u015eLETME FAK\u00dcLTES\u0130 B\u0130R\u0130M KAL\u0130TE KOM\u0130SYONU<\/strong><\/p>\n<p><strong>Ba\u015fkan<\/strong><br \/>\nDr. \u00d6\u011fr. \u00dcyesi Tu\u011frul ARIK- Dekan Yard\u0131mc\u0131s\u0131<\/p>\n<p><strong>\u00dcyeler<\/strong><br \/>\nDr. \u00d6\u011fr. \u00dcyesi Mefule FINDIK\u00c7I ERDO\u011eAN- Dekan Yard\u0131mc\u0131s\u0131<br \/>\nProf. Dr. Bet\u00fcl G\u00dcR-\u0130ktisat B\u00f6l\u00fcm Ba\u015fkan\u0131<br \/>\nProf. Dr. El\u00e7in AYKA\u00c7 ALP-\u0130ktisat (\u0130ngilizce) B\u00f6l\u00fcm Ba\u015fkan\u0131<br \/>\nProf. Dr. Yahya F\u0130DAN-Lojistik Y\u00f6netimi B\u00f6l\u00fcm Ba\u015fkan\u0131<br \/>\nProf. Dr. Hicabi ERSOY- Finans ve Bankac\u0131l\u0131k (\u0130ngilizce) B\u00f6l\u00fcm Ba\u015fkan V.<br \/>\nDo\u00e7. Dr. Ba\u015fak ERDEM \u00c7ANKAYA\u2013Uluslararas\u0131 Ticaret ve Finansman B\u00f6l\u00fcm Ba\u015fkan\u0131<br \/>\nDo\u00e7. Dr. Cihat K\u00d6KSAL- Uluslararas\u0131 Ticaret (\u0130ngilizce) B\u00f6l\u00fcm Ba\u015fkan V.<br \/>\nDo\u00e7. Dr. Mehmet SA\u011eLAM- \u0130\u015fletme B\u00f6l\u00fcm Ba\u015fkan\u0131<br \/>\nDo\u00e7. Dr. Nurg\u00fcl KELE\u015e TAY\u015e\u0130R-\u0130\u015fletme (\u0130ngilizce) B\u00f6l\u00fcm Ba\u015fkan\u0131<br \/>\nDr. \u00d6\u011fr. \u00dcyesi Tuncel \u00d6Z- Havac\u0131l\u0131k Y\u00f6netimi B\u00f6l\u00fcm Ba\u015fkan V.<\/p>\n<p>Dr. \u00d6\u011fr. \u00dcyesi Umut AYDIN\u2013 Y\u00f6netim Bili\u015fim Sistemleri (\u0130ngilizce) B\u00f6l\u00fcm Ba\u015fkan V.<\/p>\n<p>G\u00fcne\u015f \u0130NCE BA\u015eCIN\u2013 Fak\u00fclte Sekreteri<br \/>\nBeyzanur KASIRGA\u2013 \u00d6\u011frenci Temsilcisi<\/p>\n<p>&nbsp;<\/p>\n","protected":false},"excerpt":{"rendered":"<p>\u0130\u015eLETME FAK\u00dcLTES\u0130 B\u0130R\u0130M KAL\u0130TE KOM\u0130SYONU Ba\u015fkan Dr. \u00d6\u011fr. \u00dcyesi Tu\u011frul ARIK- Dekan Yard\u0131mc\u0131s\u0131 \u00dcyeler Dr. \u00d6\u011fr. \u00dcyesi Mefule FINDIK\u00c7I ERDO\u011eAN- Dekan Yard\u0131mc\u0131s\u0131 Prof. Dr. Bet\u00fcl G\u00dcR-\u0130ktisat B\u00f6l\u00fcm Ba\u015fkan\u0131 Prof. Dr. El\u00e7in AYKA\u00c7 ALP-\u0130ktisat (\u0130ngilizce) B\u00f6l\u00fcm Ba\u015fkan\u0131 Prof. Dr. Yahya F\u0130DAN-Lojistik Y\u00f6netimi B\u00f6l\u00fcm Ba\u015fkan\u0131 Prof. Dr. Hicabi ERSOY- Finans ve Bankac\u0131l\u0131k (\u0130ngilizce) B\u00f6l\u00fcm Ba\u015fkan V. Do\u00e7. [&hellip;]<\/p>\n","protected":false},"author":53,"featured_media":0,"parent":0,"menu_order":0,"comment_status":"closed","ping_status":"closed","template":"genel_sayfa.php","meta":{"footnotes":""},"yoast_head":"<!-- This site is optimized with the Yoast SEO Premium plugin v22.1 (Yoast SEO v22.1) - https:\/\/yoast.com\/wordpress\/plugins\/seo\/ -->\n<title>Birim Kalite Komisyonu - \u0130\u015fletme Fak\u00fcltesi<\/title>\n<meta name=\"robots\" content=\"index, follow, max-snippet:-1, max-image-preview:large, max-video-preview:-1\" \/>\n<link rel=\"canonical\" href=\"https:\/\/ticaret.edu.tr\/isletme-fakultesi\/birim-kalite-komisyonu\/\" \/>\n<meta property=\"og:locale\" content=\"tr_TR\" \/>\n<meta property=\"og:type\" content=\"article\" \/>\n<meta property=\"og:title\" content=\"Birim Kalite Komisyonu\" \/>\n<meta property=\"og:description\" content=\"\u0130\u015eLETME FAK\u00dcLTES\u0130 B\u0130R\u0130M KAL\u0130TE KOM\u0130SYONU Ba\u015fkan Dr. \u00d6\u011fr. \u00dcyesi Tu\u011frul ARIK- Dekan Yard\u0131mc\u0131s\u0131 \u00dcyeler Dr. \u00d6\u011fr. \u00dcyesi Mefule FINDIK\u00c7I ERDO\u011eAN- Dekan Yard\u0131mc\u0131s\u0131 Prof. Dr. Bet\u00fcl G\u00dcR-\u0130ktisat B\u00f6l\u00fcm Ba\u015fkan\u0131 Prof. Dr. El\u00e7in AYKA\u00c7 ALP-\u0130ktisat (\u0130ngilizce) B\u00f6l\u00fcm Ba\u015fkan\u0131 Prof. Dr. Yahya F\u0130DAN-Lojistik Y\u00f6netimi B\u00f6l\u00fcm Ba\u015fkan\u0131 Prof. Dr. Hicabi ERSOY- Finans ve Bankac\u0131l\u0131k (\u0130ngilizce) B\u00f6l\u00fcm Ba\u015fkan V. Do\u00e7. [&hellip;]\" \/>\n<meta property=\"og:url\" content=\"https:\/\/ticaret.edu.tr\/isletme-fakultesi\/birim-kalite-komisyonu\/\" \/>\n<meta property=\"og:site_name\" content=\"\u0130\u015fletme Fak\u00fcltesi\" \/>\n<meta property=\"article:publisher\" content=\"https:\/\/www.facebook.com\/ticaretedutr\" \/>\n<meta property=\"article:modified_time\" content=\"2026-03-04T08:00:20+00:00\" \/>\n<meta property=\"og:image\" content=\"http:\/\/ticaret.edu.tr\/isletme-fakultesi\/wp-content\/uploads\/sites\/7\/2021\/11\/web_logo-01.jpg\" \/>\n\t<meta property=\"og:image:width\" content=\"1250\" \/>\n\t<meta property=\"og:image:height\" content=\"833\" \/>\n\t<meta property=\"og:image:type\" content=\"image\/jpeg\" \/>\n<meta name=\"twitter:card\" content=\"summary_large_image\" \/>\n<meta name=\"twitter:site\" content=\"@ticaretedutr\" \/>\n<meta name=\"twitter:label1\" content=\"Tahmini okuma s\u00fcresi\" \/>\n\t<meta name=\"twitter:data1\" content=\"1 dakika\" \/>\n<script type=\"application\/ld+json\" class=\"yoast-schema-graph\">{\"@context\":\"https:\/\/schema.org\",\"@graph\":[{\"@type\":\"WebPage\",\"@id\":\"https:\/\/ticaret.edu.tr\/isletme-fakultesi\/birim-kalite-komisyonu\/\",\"url\":\"https:\/\/ticaret.edu.tr\/isletme-fakultesi\/birim-kalite-komisyonu\/\",\"name\":\"Birim Kalite Komisyonu - \u0130\u015fletme Fak\u00fcltesi\",\"isPartOf\":{\"@id\":\"http:\/\/ticaret.edu.tr\/isletme-fakultesi\/en\/#website\"},\"datePublished\":\"2025-01-23T08:05:50+00:00\",\"dateModified\":\"2026-03-04T08:00:20+00:00\",\"breadcrumb\":{\"@id\":\"https:\/\/ticaret.edu.tr\/isletme-fakultesi\/birim-kalite-komisyonu\/#breadcrumb\"},\"inLanguage\":\"tr\",\"potentialAction\":[{\"@type\":\"ReadAction\",\"target\":[\"https:\/\/ticaret.edu.tr\/isletme-fakultesi\/birim-kalite-komisyonu\/\"]}]},{\"@type\":\"BreadcrumbList\",\"@id\":\"https:\/\/ticaret.edu.tr\/isletme-fakultesi\/birim-kalite-komisyonu\/#breadcrumb\",\"itemListElement\":[{\"@type\":\"ListItem\",\"position\":1,\"name\":\"Ana sayfa\",\"item\":\"https:\/\/ticaret.edu.tr\/isletme-fakultesi\/\"},{\"@type\":\"ListItem\",\"position\":2,\"name\":\"Birim Kalite Komisyonu\"}]},{\"@type\":\"WebSite\",\"@id\":\"http:\/\/ticaret.edu.tr\/isletme-fakultesi\/en\/#website\",\"url\":\"http:\/\/ticaret.edu.tr\/isletme-fakultesi\/en\/\",\"name\":\"\u0130\u015fletme Fak\u00fcltesi\",\"description\":\"\",\"potentialAction\":[{\"@type\":\"SearchAction\",\"target\":{\"@type\":\"EntryPoint\",\"urlTemplate\":\"http:\/\/ticaret.edu.tr\/isletme-fakultesi\/en\/?s={search_term_string}\"},\"query-input\":\"required name=search_term_string\"}],\"inLanguage\":\"tr\"}]}<\/script>\n<!-- \/ Yoast SEO Premium plugin. -->","yoast_head_json":{"title":"Birim Kalite Komisyonu - \u0130\u015fletme Fak\u00fcltesi","robots":{"index":"index","follow":"follow","max-snippet":"max-snippet:-1","max-image-preview":"max-image-preview:large","max-video-preview":"max-video-preview:-1"},"canonical":"https:\/\/ticaret.edu.tr\/isletme-fakultesi\/birim-kalite-komisyonu\/","og_locale":"tr_TR","og_type":"article","og_title":"Birim Kalite Komisyonu","og_description":"\u0130\u015eLETME FAK\u00dcLTES\u0130 B\u0130R\u0130M KAL\u0130TE KOM\u0130SYONU Ba\u015fkan Dr. \u00d6\u011fr. \u00dcyesi Tu\u011frul ARIK- Dekan Yard\u0131mc\u0131s\u0131 \u00dcyeler Dr. \u00d6\u011fr. \u00dcyesi Mefule FINDIK\u00c7I ERDO\u011eAN- Dekan Yard\u0131mc\u0131s\u0131 Prof. Dr. Bet\u00fcl G\u00dcR-\u0130ktisat B\u00f6l\u00fcm Ba\u015fkan\u0131 Prof. Dr. El\u00e7in AYKA\u00c7 ALP-\u0130ktisat (\u0130ngilizce) B\u00f6l\u00fcm Ba\u015fkan\u0131 Prof. Dr. Yahya F\u0130DAN-Lojistik Y\u00f6netimi B\u00f6l\u00fcm Ba\u015fkan\u0131 Prof. Dr. Hicabi ERSOY- Finans ve Bankac\u0131l\u0131k (\u0130ngilizce) B\u00f6l\u00fcm Ba\u015fkan V. Do\u00e7. [&hellip;]","og_url":"https:\/\/ticaret.edu.tr\/isletme-fakultesi\/birim-kalite-komisyonu\/","og_site_name":"\u0130\u015fletme Fak\u00fcltesi","article_publisher":"https:\/\/www.facebook.com\/ticaretedutr","article_modified_time":"2026-03-04T08:00:20+00:00","og_image":[{"width":1250,"height":833,"url":"http:\/\/ticaret.edu.tr\/isletme-fakultesi\/wp-content\/uploads\/sites\/7\/2021\/11\/web_logo-01.jpg","type":"image\/jpeg"}],"twitter_card":"summary_large_image","twitter_site":"@ticaretedutr","twitter_misc":{"Tahmini okuma s\u00fcresi":"1 dakika"},"schema":{"@context":"https:\/\/schema.org","@graph":[{"@type":"WebPage","@id":"https:\/\/ticaret.edu.tr\/isletme-fakultesi\/birim-kalite-komisyonu\/","url":"https:\/\/ticaret.edu.tr\/isletme-fakultesi\/birim-kalite-komisyonu\/","name":"Birim Kalite Komisyonu - \u0130\u015fletme Fak\u00fcltesi","isPartOf":{"@id":"http:\/\/ticaret.edu.tr\/isletme-fakultesi\/en\/#website"},"datePublished":"2025-01-23T08:05:50+00:00","dateModified":"2026-03-04T08:00:20+00:00","breadcrumb":{"@id":"https:\/\/ticaret.edu.tr\/isletme-fakultesi\/birim-kalite-komisyonu\/#breadcrumb"},"inLanguage":"tr","potentialAction":[{"@type":"ReadAction","target":["https:\/\/ticaret.edu.tr\/isletme-fakultesi\/birim-kalite-komisyonu\/"]}]},{"@type":"BreadcrumbList","@id":"https:\/\/ticaret.edu.tr\/isletme-fakultesi\/birim-kalite-komisyonu\/#breadcrumb","itemListElement":[{"@type":"ListItem","position":1,"name":"Ana sayfa","item":"https:\/\/ticaret.edu.tr\/isletme-fakultesi\/"},{"@type":"ListItem","position":2,"name":"Birim Kalite Komisyonu"}]},{"@type":"WebSite","@id":"http:\/\/ticaret.edu.tr\/isletme-fakultesi\/en\/#website","url":"http:\/\/ticaret.edu.tr\/isletme-fakultesi\/en\/","name":"\u0130\u015fletme Fak\u00fcltesi","description":"","potentialAction":[{"@type":"SearchAction","target":{"@type":"EntryPoint","urlTemplate":"http:\/\/ticaret.edu.tr\/isletme-fakultesi\/en\/?s={search_term_string}"},"query-input":"required name=search_term_string"}],"inLanguage":"tr"}]}},"lang":"tr","translations":{"en":1698,"tr":1548},"pll_sync_post":[],"_links":{"self":[{"href":"http:\/\/ticaret.edu.tr\/isletme-fakultesi\/wp-json\/wp\/v2\/pages\/1548"}],"collection":[{"href":"http:\/\/ticaret.edu.tr\/isletme-fakultesi\/wp-json\/wp\/v2\/pages"}],"about":[{"href":"http:\/\/ticaret.edu.tr\/isletme-fakultesi\/wp-json\/wp\/v2\/types\/page"}],"author":[{"embeddable":true,"href":"http:\/\/ticaret.edu.tr\/isletme-fakultesi\/wp-json\/wp\/v2\/users\/53"}],"replies":[{"embeddable":true,"href":"http:\/\/ticaret.edu.tr\/isletme-fakultesi\/wp-json\/wp\/v2\/comments?post=1548"}],"version-history":[{"count":15,"href":"http:\/\/ticaret.edu.tr\/isletme-fakultesi\/wp-json\/wp\/v2\/pages\/1548\/revisions"}],"predecessor-version":[{"id":2470,"href":"http:\/\/ticaret.edu.tr\/isletme-fakultesi\/wp-json\/wp\/v2\/pages\/1548\/revisions\/2470"}],"wp:attachment":[{"href":"http:\/\/ticaret.edu.tr\/isletme-fakultesi\/wp-json\/wp\/v2\/media?parent=1548"}],"curies":[{"name":"wp","href":"https:\/\/api.w.org\/{rel}","templated":true}]}}