{"id":1550,"date":"2025-01-23T11:05:49","date_gmt":"2025-01-23T08:05:49","guid":{"rendered":"https:\/\/ticaret.edu.tr\/isletme-fakultesi\/?page_id=1550"},"modified":"2026-04-01T09:25:41","modified_gmt":"2026-04-01T06:25:41","slug":"birim-kalite-elcileri","status":"publish","type":"page","link":"http:\/\/ticaret.edu.tr\/isletme-fakultesi\/birim-kalite-elcileri\/","title":{"rendered":"Birim Kalite El\u00e7ileri"},"content":{"rendered":"<table>\n<tbody>\n<tr>\n<td><strong>\u0130\u015fletme Fak\u00fcltesi<\/strong><\/td>\n<td>Dr. \u00d6\u011fr. \u00dcyesi Nihan YAVUZ AKSAKAL<\/td>\n<\/tr>\n<tr>\n<td><strong>Finans ve Bankac\u0131l\u0131k (\u0130ngilizce) B\u00f6l\u00fcm\u00fc<\/strong><\/td>\n<td>Dr. \u00d6\u011fr. \u00dcyesi O\u011fuz \u015e\u0130M\u015eEK<\/td>\n<\/tr>\n<tr>\n<td><strong>Havac\u0131l\u0131k Y\u00f6netimi B\u00f6l\u00fcm\u00fc<\/strong><\/td>\n<td>Ar\u015f. G\u00f6r. \u015e\u00fckr\u00fc BUDAK<\/td>\n<\/tr>\n<tr>\n<td><strong>\u0130ktisat\u00a0(\u0130ngilizce) B\u00f6l\u00fcm\u00fc<\/strong><\/td>\n<td>Ar\u015f. G\u00f6r. Dr. H\u00fcseyin Can HACIBEBEKO\u011eLU<\/td>\n<\/tr>\n<tr>\n<td><strong>\u0130ktisat B\u00f6l\u00fcm\u00fc<\/strong><\/td>\n<td>Ar\u015f. G\u00f6r. Sercan YILDIZ<\/td>\n<\/tr>\n<tr>\n<td><strong>\u0130\u015fletme (\u0130ngilizce) B\u00f6l\u00fcm\u00fc<\/strong><\/td>\n<td>Ar\u015f. G\u00f6r. Dr. Merve \u00c7EL\u0130K KURTULU\u015e<\/td>\n<\/tr>\n<tr>\n<td><strong>\u0130\u015fletme B\u00f6l\u00fcm\u00fc<\/strong><\/td>\n<td>Ar\u015f. G\u00f6r. H\u00fcmeyra Nur HAT\u0130PO\u011eLU<\/td>\n<\/tr>\n<tr>\n<td><strong>Lojistik Y\u00f6netimi B\u00f6l\u00fcm\u00fc<\/strong><\/td>\n<td>Ar\u015f. G\u00f6r. Bayram \u015e\u0130R\u0130N<\/td>\n<\/tr>\n<tr>\n<td><strong>Uluslararas\u0131 Ticaret (\u0130ngilizce) B\u00f6l\u00fcm\u00fc<\/strong><\/td>\n<td>Ar\u015f. G\u00f6r. Do\u011fan Mert AKDEM\u0130R<\/td>\n<\/tr>\n<tr>\n<td><strong>Uluslararas\u0131 Ticaret ve Finansman B\u00f6l\u00fcm\u00fc<\/strong><\/td>\n<td>Ar\u015f. G\u00f6r. Hilal \u00d6ZKANCA<\/td>\n<\/tr>\n<tr>\n<td><strong>Y\u00f6netim Bili\u015fim Sistemleri (\u0130ngilizce) B\u00f6l\u00fcm\u00fc<\/strong><\/td>\n<td>Ar\u015f. G\u00f6r. Talha KARADAYI<\/td>\n<\/tr>\n<\/tbody>\n<\/table>\n","protected":false},"excerpt":{"rendered":"<p>\u0130\u015fletme Fak\u00fcltesi Dr. \u00d6\u011fr. \u00dcyesi Nihan YAVUZ AKSAKAL Finans ve Bankac\u0131l\u0131k (\u0130ngilizce) B\u00f6l\u00fcm\u00fc Dr. \u00d6\u011fr. \u00dcyesi O\u011fuz \u015e\u0130M\u015eEK Havac\u0131l\u0131k Y\u00f6netimi B\u00f6l\u00fcm\u00fc Ar\u015f. G\u00f6r. \u015e\u00fckr\u00fc BUDAK \u0130ktisat\u00a0(\u0130ngilizce) B\u00f6l\u00fcm\u00fc Ar\u015f. G\u00f6r. Dr. H\u00fcseyin Can HACIBEBEKO\u011eLU \u0130ktisat B\u00f6l\u00fcm\u00fc Ar\u015f. G\u00f6r. Sercan YILDIZ \u0130\u015fletme (\u0130ngilizce) B\u00f6l\u00fcm\u00fc Ar\u015f. G\u00f6r. Dr. Merve \u00c7EL\u0130K KURTULU\u015e \u0130\u015fletme B\u00f6l\u00fcm\u00fc Ar\u015f. G\u00f6r. H\u00fcmeyra Nur HAT\u0130PO\u011eLU [&hellip;]<\/p>\n","protected":false},"author":53,"featured_media":0,"parent":0,"menu_order":0,"comment_status":"closed","ping_status":"closed","template":"genel_sayfa.php","meta":{"footnotes":""},"yoast_head":"<!-- This site is optimized with the Yoast SEO Premium plugin v22.1 (Yoast SEO v22.1) - https:\/\/yoast.com\/wordpress\/plugins\/seo\/ -->\n<title>Birim Kalite El\u00e7ileri - \u0130\u015fletme Fak\u00fcltesi<\/title>\n<meta name=\"robots\" content=\"index, follow, max-snippet:-1, max-image-preview:large, max-video-preview:-1\" \/>\n<link rel=\"canonical\" href=\"https:\/\/ticaret.edu.tr\/isletme-fakultesi\/birim-kalite-elcileri\/\" \/>\n<meta property=\"og:locale\" content=\"tr_TR\" \/>\n<meta property=\"og:type\" content=\"article\" \/>\n<meta property=\"og:title\" content=\"Birim Kalite El\u00e7ileri\" \/>\n<meta property=\"og:description\" content=\"\u0130\u015fletme Fak\u00fcltesi Dr. \u00d6\u011fr. \u00dcyesi Nihan YAVUZ AKSAKAL Finans ve Bankac\u0131l\u0131k (\u0130ngilizce) B\u00f6l\u00fcm\u00fc Dr. \u00d6\u011fr. \u00dcyesi O\u011fuz \u015e\u0130M\u015eEK Havac\u0131l\u0131k Y\u00f6netimi B\u00f6l\u00fcm\u00fc Ar\u015f. G\u00f6r. \u015e\u00fckr\u00fc BUDAK \u0130ktisat\u00a0(\u0130ngilizce) B\u00f6l\u00fcm\u00fc Ar\u015f. G\u00f6r. Dr. H\u00fcseyin Can HACIBEBEKO\u011eLU \u0130ktisat B\u00f6l\u00fcm\u00fc Ar\u015f. G\u00f6r. Sercan YILDIZ \u0130\u015fletme (\u0130ngilizce) B\u00f6l\u00fcm\u00fc Ar\u015f. G\u00f6r. Dr. Merve \u00c7EL\u0130K KURTULU\u015e \u0130\u015fletme B\u00f6l\u00fcm\u00fc Ar\u015f. G\u00f6r. H\u00fcmeyra Nur HAT\u0130PO\u011eLU [&hellip;]\" \/>\n<meta property=\"og:url\" content=\"https:\/\/ticaret.edu.tr\/isletme-fakultesi\/birim-kalite-elcileri\/\" \/>\n<meta property=\"og:site_name\" content=\"\u0130\u015fletme Fak\u00fcltesi\" \/>\n<meta property=\"article:publisher\" content=\"https:\/\/www.facebook.com\/ticaretedutr\" \/>\n<meta property=\"article:modified_time\" content=\"2026-04-01T06:25:41+00:00\" \/>\n<meta property=\"og:image\" content=\"http:\/\/ticaret.edu.tr\/isletme-fakultesi\/wp-content\/uploads\/sites\/7\/2021\/11\/web_logo-01.jpg\" \/>\n\t<meta property=\"og:image:width\" content=\"1250\" \/>\n\t<meta property=\"og:image:height\" content=\"833\" \/>\n\t<meta property=\"og:image:type\" content=\"image\/jpeg\" \/>\n<meta name=\"twitter:card\" content=\"summary_large_image\" \/>\n<meta name=\"twitter:site\" content=\"@ticaretedutr\" \/>\n<meta name=\"twitter:label1\" content=\"Tahmini okuma s\u00fcresi\" \/>\n\t<meta name=\"twitter:data1\" content=\"1 dakika\" \/>\n<script type=\"application\/ld+json\" class=\"yoast-schema-graph\">{\"@context\":\"https:\/\/schema.org\",\"@graph\":[{\"@type\":\"WebPage\",\"@id\":\"https:\/\/ticaret.edu.tr\/isletme-fakultesi\/birim-kalite-elcileri\/\",\"url\":\"https:\/\/ticaret.edu.tr\/isletme-fakultesi\/birim-kalite-elcileri\/\",\"name\":\"Birim Kalite El\u00e7ileri - \u0130\u015fletme Fak\u00fcltesi\",\"isPartOf\":{\"@id\":\"http:\/\/ticaret.edu.tr\/isletme-fakultesi\/en\/#website\"},\"datePublished\":\"2025-01-23T08:05:49+00:00\",\"dateModified\":\"2026-04-01T06:25:41+00:00\",\"breadcrumb\":{\"@id\":\"https:\/\/ticaret.edu.tr\/isletme-fakultesi\/birim-kalite-elcileri\/#breadcrumb\"},\"inLanguage\":\"tr\",\"potentialAction\":[{\"@type\":\"ReadAction\",\"target\":[\"https:\/\/ticaret.edu.tr\/isletme-fakultesi\/birim-kalite-elcileri\/\"]}]},{\"@type\":\"BreadcrumbList\",\"@id\":\"https:\/\/ticaret.edu.tr\/isletme-fakultesi\/birim-kalite-elcileri\/#breadcrumb\",\"itemListElement\":[{\"@type\":\"ListItem\",\"position\":1,\"name\":\"Ana sayfa\",\"item\":\"https:\/\/ticaret.edu.tr\/isletme-fakultesi\/\"},{\"@type\":\"ListItem\",\"position\":2,\"name\":\"Birim Kalite El\u00e7ileri\"}]},{\"@type\":\"WebSite\",\"@id\":\"http:\/\/ticaret.edu.tr\/isletme-fakultesi\/en\/#website\",\"url\":\"http:\/\/ticaret.edu.tr\/isletme-fakultesi\/en\/\",\"name\":\"\u0130\u015fletme Fak\u00fcltesi\",\"description\":\"\",\"potentialAction\":[{\"@type\":\"SearchAction\",\"target\":{\"@type\":\"EntryPoint\",\"urlTemplate\":\"http:\/\/ticaret.edu.tr\/isletme-fakultesi\/en\/?s={search_term_string}\"},\"query-input\":\"required name=search_term_string\"}],\"inLanguage\":\"tr\"}]}<\/script>\n<!-- \/ Yoast SEO Premium plugin. -->","yoast_head_json":{"title":"Birim Kalite El\u00e7ileri - \u0130\u015fletme Fak\u00fcltesi","robots":{"index":"index","follow":"follow","max-snippet":"max-snippet:-1","max-image-preview":"max-image-preview:large","max-video-preview":"max-video-preview:-1"},"canonical":"https:\/\/ticaret.edu.tr\/isletme-fakultesi\/birim-kalite-elcileri\/","og_locale":"tr_TR","og_type":"article","og_title":"Birim Kalite El\u00e7ileri","og_description":"\u0130\u015fletme Fak\u00fcltesi Dr. \u00d6\u011fr. \u00dcyesi Nihan YAVUZ AKSAKAL Finans ve Bankac\u0131l\u0131k (\u0130ngilizce) B\u00f6l\u00fcm\u00fc Dr. \u00d6\u011fr. \u00dcyesi O\u011fuz \u015e\u0130M\u015eEK Havac\u0131l\u0131k Y\u00f6netimi B\u00f6l\u00fcm\u00fc Ar\u015f. G\u00f6r. \u015e\u00fckr\u00fc BUDAK \u0130ktisat\u00a0(\u0130ngilizce) B\u00f6l\u00fcm\u00fc Ar\u015f. G\u00f6r. Dr. H\u00fcseyin Can HACIBEBEKO\u011eLU \u0130ktisat B\u00f6l\u00fcm\u00fc Ar\u015f. G\u00f6r. Sercan YILDIZ \u0130\u015fletme (\u0130ngilizce) B\u00f6l\u00fcm\u00fc Ar\u015f. G\u00f6r. Dr. Merve \u00c7EL\u0130K KURTULU\u015e \u0130\u015fletme B\u00f6l\u00fcm\u00fc Ar\u015f. G\u00f6r. H\u00fcmeyra Nur HAT\u0130PO\u011eLU [&hellip;]","og_url":"https:\/\/ticaret.edu.tr\/isletme-fakultesi\/birim-kalite-elcileri\/","og_site_name":"\u0130\u015fletme Fak\u00fcltesi","article_publisher":"https:\/\/www.facebook.com\/ticaretedutr","article_modified_time":"2026-04-01T06:25:41+00:00","og_image":[{"width":1250,"height":833,"url":"http:\/\/ticaret.edu.tr\/isletme-fakultesi\/wp-content\/uploads\/sites\/7\/2021\/11\/web_logo-01.jpg","type":"image\/jpeg"}],"twitter_card":"summary_large_image","twitter_site":"@ticaretedutr","twitter_misc":{"Tahmini okuma s\u00fcresi":"1 dakika"},"schema":{"@context":"https:\/\/schema.org","@graph":[{"@type":"WebPage","@id":"https:\/\/ticaret.edu.tr\/isletme-fakultesi\/birim-kalite-elcileri\/","url":"https:\/\/ticaret.edu.tr\/isletme-fakultesi\/birim-kalite-elcileri\/","name":"Birim Kalite El\u00e7ileri - \u0130\u015fletme Fak\u00fcltesi","isPartOf":{"@id":"http:\/\/ticaret.edu.tr\/isletme-fakultesi\/en\/#website"},"datePublished":"2025-01-23T08:05:49+00:00","dateModified":"2026-04-01T06:25:41+00:00","breadcrumb":{"@id":"https:\/\/ticaret.edu.tr\/isletme-fakultesi\/birim-kalite-elcileri\/#breadcrumb"},"inLanguage":"tr","potentialAction":[{"@type":"ReadAction","target":["https:\/\/ticaret.edu.tr\/isletme-fakultesi\/birim-kalite-elcileri\/"]}]},{"@type":"BreadcrumbList","@id":"https:\/\/ticaret.edu.tr\/isletme-fakultesi\/birim-kalite-elcileri\/#breadcrumb","itemListElement":[{"@type":"ListItem","position":1,"name":"Ana sayfa","item":"https:\/\/ticaret.edu.tr\/isletme-fakultesi\/"},{"@type":"ListItem","position":2,"name":"Birim Kalite El\u00e7ileri"}]},{"@type":"WebSite","@id":"http:\/\/ticaret.edu.tr\/isletme-fakultesi\/en\/#website","url":"http:\/\/ticaret.edu.tr\/isletme-fakultesi\/en\/","name":"\u0130\u015fletme Fak\u00fcltesi","description":"","potentialAction":[{"@type":"SearchAction","target":{"@type":"EntryPoint","urlTemplate":"http:\/\/ticaret.edu.tr\/isletme-fakultesi\/en\/?s={search_term_string}"},"query-input":"required name=search_term_string"}],"inLanguage":"tr"}]}},"lang":"tr","translations":{"en":1701,"tr":1550},"pll_sync_post":[],"_links":{"self":[{"href":"http:\/\/ticaret.edu.tr\/isletme-fakultesi\/wp-json\/wp\/v2\/pages\/1550"}],"collection":[{"href":"http:\/\/ticaret.edu.tr\/isletme-fakultesi\/wp-json\/wp\/v2\/pages"}],"about":[{"href":"http:\/\/ticaret.edu.tr\/isletme-fakultesi\/wp-json\/wp\/v2\/types\/page"}],"author":[{"embeddable":true,"href":"http:\/\/ticaret.edu.tr\/isletme-fakultesi\/wp-json\/wp\/v2\/users\/53"}],"replies":[{"embeddable":true,"href":"http:\/\/ticaret.edu.tr\/isletme-fakultesi\/wp-json\/wp\/v2\/comments?post=1550"}],"version-history":[{"count":10,"href":"http:\/\/ticaret.edu.tr\/isletme-fakultesi\/wp-json\/wp\/v2\/pages\/1550\/revisions"}],"predecessor-version":[{"id":2505,"href":"http:\/\/ticaret.edu.tr\/isletme-fakultesi\/wp-json\/wp\/v2\/pages\/1550\/revisions\/2505"}],"wp:attachment":[{"href":"http:\/\/ticaret.edu.tr\/isletme-fakultesi\/wp-json\/wp\/v2\/media?parent=1550"}],"curies":[{"name":"wp","href":"https:\/\/api.w.org\/{rel}","templated":true}]}}