{"id":1572,"date":"2025-02-06T16:23:13","date_gmt":"2025-02-06T13:23:13","guid":{"rendered":"https:\/\/ticaret.edu.tr\/isletme-fakultesi\/?page_id=1572"},"modified":"2026-01-07T09:56:14","modified_gmt":"2026-01-07T06:56:14","slug":"faculty-administration","status":"publish","type":"page","link":"http:\/\/ticaret.edu.tr\/isletme-fakultesi\/en\/faculty-administration\/","title":{"rendered":"Faculty Administration"},"content":{"rendered":"<table data-path-to-node=\"2\">\n<thead>\n<tr>\n<td><strong>Position<\/strong><\/td>\n<td><strong>Title<\/strong><\/td>\n<td><strong>Name and Surname<\/strong><\/td>\n<td><strong>E-mail Address<\/strong><\/td>\n<td><strong>Extension<\/strong><\/td>\n<\/tr>\n<\/thead>\n<tbody>\n<tr>\n<td><span data-path-to-node=\"2,1,0,0\"><b data-path-to-node=\"2,1,0,0\" data-index-in-node=\"0\">Dean<\/b><\/span><\/td>\n<td><span data-path-to-node=\"2,1,1,0\">Prof. Dr.<\/span><\/td>\n<td><span data-path-to-node=\"2,1,2,0\">Rahmi Deniz \u00d6ZBAY<\/span><\/td>\n<td><span data-path-to-node=\"2,1,3,0\">rdozbay@ticaret.edu.tr<\/span><\/td>\n<td><span data-path-to-node=\"2,1,4,0\">4358<\/span><\/td>\n<\/tr>\n<tr>\n<td><span data-path-to-node=\"2,2,0,0\"><b data-path-to-node=\"2,2,0,0\" data-index-in-node=\"0\">Vice Dean<\/b><\/span><\/td>\n<td><span data-path-to-node=\"2,2,1,0\">Asst. Prof. Dr.<\/span><\/td>\n<td><span data-path-to-node=\"2,2,2,0\">Mefule FINDIK\u00c7I ERDO\u011eAN<\/span><\/td>\n<td><span data-path-to-node=\"2,2,3,0\">mfindikci@ticaret.edu.tr<\/span><\/td>\n<td><span data-path-to-node=\"2,2,4,0\">4694<\/span><\/td>\n<\/tr>\n<tr>\n<td><span data-path-to-node=\"2,3,0,0\"><b data-path-to-node=\"2,3,0,0\" data-index-in-node=\"0\">Vice Dean<\/b><\/span><\/td>\n<td><span data-path-to-node=\"2,3,1,0\">Asst. Prof. Dr.<\/span><\/td>\n<td><span data-path-to-node=\"2,3,2,0\">Tu\u011frul ARIK<\/span><\/td>\n<td><span data-path-to-node=\"2,3,3,0\">tarik@ticaret.edu.tr<\/span><\/td>\n<td><span data-path-to-node=\"2,3,4,0\">4312<\/span><\/td>\n<\/tr>\n<\/tbody>\n<\/table>\n<p style=\"text-align: center\"><strong>&#8220;Faculty of Business, Dean&#8217;s Office, Ext. 4100&#8221;<\/strong><\/p>\n","protected":false},"excerpt":{"rendered":"<p>Position Title Name and Surname E-mail Address Extension Dean Prof. Dr. Rahmi Deniz \u00d6ZBAY rdozbay@ticaret.edu.tr 4358 Vice Dean Asst. Prof. Dr. Mefule FINDIK\u00c7I ERDO\u011eAN mfindikci@ticaret.edu.tr 4694 Vice Dean Asst. Prof. Dr. Tu\u011frul ARIK tarik@ticaret.edu.tr 4312 &#8220;Faculty of Business, Dean&#8217;s Office, Ext. 4100&#8221;<\/p>\n","protected":false},"author":53,"featured_media":0,"parent":0,"menu_order":0,"comment_status":"closed","ping_status":"closed","template":"genel_sayfa.php","meta":{"footnotes":""},"yoast_head":"<!-- This site is optimized with the Yoast SEO Premium plugin v22.1 (Yoast SEO v22.1) - https:\/\/yoast.com\/wordpress\/plugins\/seo\/ -->\n<title>Faculty Administration - \u0130\u015fletme Fak\u00fcltesi<\/title>\n<meta name=\"robots\" content=\"index, follow, max-snippet:-1, max-image-preview:large, max-video-preview:-1\" \/>\n<link rel=\"canonical\" href=\"https:\/\/ticaret.edu.tr\/isletme-fakultesi\/en\/faculty-administration\/\" \/>\n<meta property=\"og:locale\" content=\"tr_TR\" \/>\n<meta property=\"og:type\" content=\"article\" \/>\n<meta property=\"og:title\" content=\"Faculty Administration\" \/>\n<meta property=\"og:description\" content=\"Position Title Name and Surname E-mail Address Extension Dean Prof. Dr. Rahmi Deniz \u00d6ZBAY rdozbay@ticaret.edu.tr 4358 Vice Dean Asst. Prof. Dr. Mefule FINDIK\u00c7I ERDO\u011eAN mfindikci@ticaret.edu.tr 4694 Vice Dean Asst. Prof. Dr. Tu\u011frul ARIK tarik@ticaret.edu.tr 4312 &#8220;Faculty of Business, Dean&#8217;s Office, Ext. 4100&#8221;\" \/>\n<meta property=\"og:url\" content=\"https:\/\/ticaret.edu.tr\/isletme-fakultesi\/en\/faculty-administration\/\" \/>\n<meta property=\"og:site_name\" content=\"\u0130\u015fletme Fak\u00fcltesi\" \/>\n<meta property=\"article:publisher\" content=\"https:\/\/www.facebook.com\/ticaretedutr\" \/>\n<meta property=\"article:modified_time\" content=\"2026-01-07T06:56:14+00:00\" \/>\n<meta property=\"og:image\" content=\"http:\/\/ticaret.edu.tr\/isletme-fakultesi\/wp-content\/uploads\/sites\/7\/2021\/11\/web_logo-01.jpg\" \/>\n\t<meta property=\"og:image:width\" content=\"1250\" \/>\n\t<meta property=\"og:image:height\" content=\"833\" \/>\n\t<meta property=\"og:image:type\" content=\"image\/jpeg\" \/>\n<meta name=\"twitter:card\" content=\"summary_large_image\" \/>\n<meta name=\"twitter:site\" content=\"@ticaretedutr\" \/>\n<meta name=\"twitter:label1\" content=\"Tahmini okuma s\u00fcresi\" \/>\n\t<meta name=\"twitter:data1\" content=\"1 dakika\" \/>\n<script type=\"application\/ld+json\" class=\"yoast-schema-graph\">{\"@context\":\"https:\/\/schema.org\",\"@graph\":[{\"@type\":\"WebPage\",\"@id\":\"https:\/\/ticaret.edu.tr\/isletme-fakultesi\/en\/faculty-administration\/\",\"url\":\"https:\/\/ticaret.edu.tr\/isletme-fakultesi\/en\/faculty-administration\/\",\"name\":\"Faculty Administration - \u0130\u015fletme Fak\u00fcltesi\",\"isPartOf\":{\"@id\":\"http:\/\/ticaret.edu.tr\/isletme-fakultesi\/en\/#website\"},\"datePublished\":\"2025-02-06T13:23:13+00:00\",\"dateModified\":\"2026-01-07T06:56:14+00:00\",\"breadcrumb\":{\"@id\":\"https:\/\/ticaret.edu.tr\/isletme-fakultesi\/en\/faculty-administration\/#breadcrumb\"},\"inLanguage\":\"tr\",\"potentialAction\":[{\"@type\":\"ReadAction\",\"target\":[\"https:\/\/ticaret.edu.tr\/isletme-fakultesi\/en\/faculty-administration\/\"]}]},{\"@type\":\"BreadcrumbList\",\"@id\":\"https:\/\/ticaret.edu.tr\/isletme-fakultesi\/en\/faculty-administration\/#breadcrumb\",\"itemListElement\":[{\"@type\":\"ListItem\",\"position\":1,\"name\":\"Ana sayfa\",\"item\":\"https:\/\/ticaret.edu.tr\/isletme-fakultesi\/\"},{\"@type\":\"ListItem\",\"position\":2,\"name\":\"Faculty Administration\"}]},{\"@type\":\"WebSite\",\"@id\":\"http:\/\/ticaret.edu.tr\/isletme-fakultesi\/en\/#website\",\"url\":\"http:\/\/ticaret.edu.tr\/isletme-fakultesi\/en\/\",\"name\":\"\u0130\u015fletme Fak\u00fcltesi\",\"description\":\"\",\"potentialAction\":[{\"@type\":\"SearchAction\",\"target\":{\"@type\":\"EntryPoint\",\"urlTemplate\":\"http:\/\/ticaret.edu.tr\/isletme-fakultesi\/en\/?s={search_term_string}\"},\"query-input\":\"required name=search_term_string\"}],\"inLanguage\":\"tr\"}]}<\/script>\n<!-- \/ Yoast SEO Premium plugin. -->","yoast_head_json":{"title":"Faculty Administration - \u0130\u015fletme Fak\u00fcltesi","robots":{"index":"index","follow":"follow","max-snippet":"max-snippet:-1","max-image-preview":"max-image-preview:large","max-video-preview":"max-video-preview:-1"},"canonical":"https:\/\/ticaret.edu.tr\/isletme-fakultesi\/en\/faculty-administration\/","og_locale":"tr_TR","og_type":"article","og_title":"Faculty Administration","og_description":"Position Title Name and Surname E-mail Address Extension Dean Prof. Dr. Rahmi Deniz \u00d6ZBAY rdozbay@ticaret.edu.tr 4358 Vice Dean Asst. Prof. Dr. Mefule FINDIK\u00c7I ERDO\u011eAN mfindikci@ticaret.edu.tr 4694 Vice Dean Asst. Prof. Dr. Tu\u011frul ARIK tarik@ticaret.edu.tr 4312 &#8220;Faculty of Business, Dean&#8217;s Office, Ext. 4100&#8221;","og_url":"https:\/\/ticaret.edu.tr\/isletme-fakultesi\/en\/faculty-administration\/","og_site_name":"\u0130\u015fletme Fak\u00fcltesi","article_publisher":"https:\/\/www.facebook.com\/ticaretedutr","article_modified_time":"2026-01-07T06:56:14+00:00","og_image":[{"width":1250,"height":833,"url":"http:\/\/ticaret.edu.tr\/isletme-fakultesi\/wp-content\/uploads\/sites\/7\/2021\/11\/web_logo-01.jpg","type":"image\/jpeg"}],"twitter_card":"summary_large_image","twitter_site":"@ticaretedutr","twitter_misc":{"Tahmini okuma s\u00fcresi":"1 dakika"},"schema":{"@context":"https:\/\/schema.org","@graph":[{"@type":"WebPage","@id":"https:\/\/ticaret.edu.tr\/isletme-fakultesi\/en\/faculty-administration\/","url":"https:\/\/ticaret.edu.tr\/isletme-fakultesi\/en\/faculty-administration\/","name":"Faculty Administration - \u0130\u015fletme Fak\u00fcltesi","isPartOf":{"@id":"http:\/\/ticaret.edu.tr\/isletme-fakultesi\/en\/#website"},"datePublished":"2025-02-06T13:23:13+00:00","dateModified":"2026-01-07T06:56:14+00:00","breadcrumb":{"@id":"https:\/\/ticaret.edu.tr\/isletme-fakultesi\/en\/faculty-administration\/#breadcrumb"},"inLanguage":"tr","potentialAction":[{"@type":"ReadAction","target":["https:\/\/ticaret.edu.tr\/isletme-fakultesi\/en\/faculty-administration\/"]}]},{"@type":"BreadcrumbList","@id":"https:\/\/ticaret.edu.tr\/isletme-fakultesi\/en\/faculty-administration\/#breadcrumb","itemListElement":[{"@type":"ListItem","position":1,"name":"Ana sayfa","item":"https:\/\/ticaret.edu.tr\/isletme-fakultesi\/"},{"@type":"ListItem","position":2,"name":"Faculty Administration"}]},{"@type":"WebSite","@id":"http:\/\/ticaret.edu.tr\/isletme-fakultesi\/en\/#website","url":"http:\/\/ticaret.edu.tr\/isletme-fakultesi\/en\/","name":"\u0130\u015fletme Fak\u00fcltesi","description":"","potentialAction":[{"@type":"SearchAction","target":{"@type":"EntryPoint","urlTemplate":"http:\/\/ticaret.edu.tr\/isletme-fakultesi\/en\/?s={search_term_string}"},"query-input":"required name=search_term_string"}],"inLanguage":"tr"}]}},"lang":"en","translations":{"en":1572,"tr":1485},"pll_sync_post":[],"_links":{"self":[{"href":"http:\/\/ticaret.edu.tr\/isletme-fakultesi\/wp-json\/wp\/v2\/pages\/1572"}],"collection":[{"href":"http:\/\/ticaret.edu.tr\/isletme-fakultesi\/wp-json\/wp\/v2\/pages"}],"about":[{"href":"http:\/\/ticaret.edu.tr\/isletme-fakultesi\/wp-json\/wp\/v2\/types\/page"}],"author":[{"embeddable":true,"href":"http:\/\/ticaret.edu.tr\/isletme-fakultesi\/wp-json\/wp\/v2\/users\/53"}],"replies":[{"embeddable":true,"href":"http:\/\/ticaret.edu.tr\/isletme-fakultesi\/wp-json\/wp\/v2\/comments?post=1572"}],"version-history":[{"count":3,"href":"http:\/\/ticaret.edu.tr\/isletme-fakultesi\/wp-json\/wp\/v2\/pages\/1572\/revisions"}],"predecessor-version":[{"id":2020,"href":"http:\/\/ticaret.edu.tr\/isletme-fakultesi\/wp-json\/wp\/v2\/pages\/1572\/revisions\/2020"}],"wp:attachment":[{"href":"http:\/\/ticaret.edu.tr\/isletme-fakultesi\/wp-json\/wp\/v2\/media?parent=1572"}],"curies":[{"name":"wp","href":"https:\/\/api.w.org\/{rel}","templated":true}]}}