{"id":1579,"date":"2025-02-06T16:23:39","date_gmt":"2025-02-06T13:23:39","guid":{"rendered":"https:\/\/ticaret.edu.tr\/isletme-fakultesi\/?page_id=1579"},"modified":"2026-03-04T11:45:37","modified_gmt":"2026-03-04T08:45:37","slug":"faculty-board","status":"publish","type":"page","link":"http:\/\/ticaret.edu.tr\/isletme-fakultesi\/en\/faculty-board\/","title":{"rendered":"Faculty Board"},"content":{"rendered":"<table dir=\"ltr\" border=\"1\" cellspacing=\"0\" cellpadding=\"0\" data-sheets-root=\"1\" data-sheets-baot=\"1\">\n<colgroup>\n<col width=\"321\" \/>\n<col width=\"324\" \/><\/colgroup>\n<tbody>\n<tr>\n<td style=\"text-align: left\"><strong>Academic Title &amp; Name<\/strong><\/td>\n<td style=\"text-align: left\"><strong>Position \/ Department (English)<\/strong><\/td>\n<\/tr>\n<tr>\n<td>Prof. Dr. Rahmi Deniz \u00d6ZBAY<\/td>\n<td>Acting Dean<\/td>\n<\/tr>\n<tr>\n<td>Prof. Dr. Bet\u00fcl G\u00dcR<\/td>\n<td>Head of Economics Department<\/td>\n<\/tr>\n<tr>\n<td>Prof. Dr. Yahya F\u0130DAN<\/td>\n<td>Head of Logistics Management Department<\/td>\n<\/tr>\n<tr>\n<td>Prof. Dr. Hicabi ERSOY<\/td>\n<td>Head of Finance and Banking (English)<\/td>\n<\/tr>\n<tr>\n<td>Assoc. Prof. Dr. Nurg\u00fcl KELE\u015e TAY\u015e\u0130R<\/td>\n<td>Head of Business Administration (English)<\/td>\n<\/tr>\n<tr>\n<td>Assoc. Prof. Dr. Ba\u015fak ERDEM \u00c7ANKAYA<\/td>\n<td>Head of International Trade and Finance<\/td>\n<\/tr>\n<tr>\n<td>Assoc. Prof. Dr. Mehmet SA\u011eLAM<\/td>\n<td>Head of Business Administration<\/td>\n<\/tr>\n<tr>\n<td>Assoc. Prof. Dr. Cihat K\u00d6KSAL<\/td>\n<td>Head of International Trade (English)<\/td>\n<\/tr>\n<tr>\n<td>Assoc. Prof. Dr. Sinem SEF\u0130L TANSEVER<\/td>\n<td>Head of Economics (English)<\/td>\n<\/tr>\n<tr>\n<td>Asst. Prof. Dr. Tuncel \u00d6Z<\/td>\n<td>Head of Aviation Management<\/td>\n<\/tr>\n<tr>\n<td>Asst. Prof. Dr. Umut AYDIN<\/td>\n<td>Head of Management Information Systems (English)<\/td>\n<\/tr>\n<tr>\n<td>Prof. Dr. Serkan \u00c7ANKAYA<\/td>\n<td>Elected Member<\/td>\n<\/tr>\n<tr>\n<td>Prof. Dr. \u00d6zg\u00fcr \u00d6mer ERS\u0130N<\/td>\n<td>Elected Member<\/td>\n<\/tr>\n<tr>\n<td>Prof. Dr. Ali G\u00d6RENER<\/td>\n<td>Elected Member<\/td>\n<\/tr>\n<tr>\n<td>Assoc. Prof. Dr. A\u015fk\u0131m Nurdan T\u00dcMBEK TEKEO\u011eLU<\/td>\n<td>Elected Member<\/td>\n<\/tr>\n<tr>\n<td>Assoc. Prof. Dr. Ufuk BA\u015eAR<\/td>\n<td>Elected Member<\/td>\n<\/tr>\n<tr>\n<td>Asst. Prof. Dr. Mefule FINDIK\u00c7I ERDO\u011eAN<\/td>\n<td>Elected Member<\/td>\n<\/tr>\n<\/tbody>\n<\/table>\n","protected":false},"excerpt":{"rendered":"<p>Academic Title &amp; Name Position \/ Department (English) Prof. Dr. Rahmi Deniz \u00d6ZBAY Acting Dean Prof. Dr. Bet\u00fcl G\u00dcR Head of Economics Department Prof. Dr. Yahya F\u0130DAN Head of Logistics Management Department Prof. Dr. Hicabi ERSOY Head of Finance and Banking (English) Assoc. Prof. Dr. Nurg\u00fcl KELE\u015e TAY\u015e\u0130R Head of Business Administration (English) Assoc. Prof. [&hellip;]<\/p>\n","protected":false},"author":53,"featured_media":0,"parent":0,"menu_order":0,"comment_status":"closed","ping_status":"closed","template":"genel_sayfa.php","meta":{"footnotes":""},"yoast_head":"<!-- This site is optimized with the Yoast SEO Premium plugin v22.1 (Yoast SEO v22.1) - https:\/\/yoast.com\/wordpress\/plugins\/seo\/ -->\n<title>Faculty Board - \u0130\u015fletme Fak\u00fcltesi<\/title>\n<meta name=\"robots\" content=\"index, follow, max-snippet:-1, max-image-preview:large, max-video-preview:-1\" \/>\n<link rel=\"canonical\" href=\"https:\/\/ticaret.edu.tr\/isletme-fakultesi\/en\/faculty-board\/\" \/>\n<meta property=\"og:locale\" content=\"tr_TR\" \/>\n<meta property=\"og:type\" content=\"article\" \/>\n<meta property=\"og:title\" content=\"Faculty Board\" \/>\n<meta property=\"og:description\" content=\"Academic Title &amp; Name Position \/ Department (English) Prof. Dr. Rahmi Deniz \u00d6ZBAY Acting Dean Prof. Dr. Bet\u00fcl G\u00dcR Head of Economics Department Prof. Dr. Yahya F\u0130DAN Head of Logistics Management Department Prof. Dr. Hicabi ERSOY Head of Finance and Banking (English) Assoc. Prof. Dr. Nurg\u00fcl KELE\u015e TAY\u015e\u0130R Head of Business Administration (English) Assoc. Prof. [&hellip;]\" \/>\n<meta property=\"og:url\" content=\"https:\/\/ticaret.edu.tr\/isletme-fakultesi\/en\/faculty-board\/\" \/>\n<meta property=\"og:site_name\" content=\"\u0130\u015fletme Fak\u00fcltesi\" \/>\n<meta property=\"article:publisher\" content=\"https:\/\/www.facebook.com\/ticaretedutr\" \/>\n<meta property=\"article:modified_time\" content=\"2026-03-04T08:45:37+00:00\" \/>\n<meta property=\"og:image\" content=\"http:\/\/ticaret.edu.tr\/isletme-fakultesi\/wp-content\/uploads\/sites\/7\/2021\/11\/web_logo-01.jpg\" \/>\n\t<meta property=\"og:image:width\" content=\"1250\" \/>\n\t<meta property=\"og:image:height\" content=\"833\" \/>\n\t<meta property=\"og:image:type\" content=\"image\/jpeg\" \/>\n<meta name=\"twitter:card\" content=\"summary_large_image\" \/>\n<meta name=\"twitter:site\" content=\"@ticaretedutr\" \/>\n<meta name=\"twitter:label1\" content=\"Tahmini okuma s\u00fcresi\" \/>\n\t<meta name=\"twitter:data1\" content=\"1 dakika\" \/>\n<script type=\"application\/ld+json\" class=\"yoast-schema-graph\">{\"@context\":\"https:\/\/schema.org\",\"@graph\":[{\"@type\":\"WebPage\",\"@id\":\"https:\/\/ticaret.edu.tr\/isletme-fakultesi\/en\/faculty-board\/\",\"url\":\"https:\/\/ticaret.edu.tr\/isletme-fakultesi\/en\/faculty-board\/\",\"name\":\"Faculty Board - \u0130\u015fletme Fak\u00fcltesi\",\"isPartOf\":{\"@id\":\"http:\/\/ticaret.edu.tr\/isletme-fakultesi\/en\/#website\"},\"datePublished\":\"2025-02-06T13:23:39+00:00\",\"dateModified\":\"2026-03-04T08:45:37+00:00\",\"breadcrumb\":{\"@id\":\"https:\/\/ticaret.edu.tr\/isletme-fakultesi\/en\/faculty-board\/#breadcrumb\"},\"inLanguage\":\"tr\",\"potentialAction\":[{\"@type\":\"ReadAction\",\"target\":[\"https:\/\/ticaret.edu.tr\/isletme-fakultesi\/en\/faculty-board\/\"]}]},{\"@type\":\"BreadcrumbList\",\"@id\":\"https:\/\/ticaret.edu.tr\/isletme-fakultesi\/en\/faculty-board\/#breadcrumb\",\"itemListElement\":[{\"@type\":\"ListItem\",\"position\":1,\"name\":\"Ana sayfa\",\"item\":\"https:\/\/ticaret.edu.tr\/isletme-fakultesi\/\"},{\"@type\":\"ListItem\",\"position\":2,\"name\":\"Faculty Board\"}]},{\"@type\":\"WebSite\",\"@id\":\"http:\/\/ticaret.edu.tr\/isletme-fakultesi\/en\/#website\",\"url\":\"http:\/\/ticaret.edu.tr\/isletme-fakultesi\/en\/\",\"name\":\"\u0130\u015fletme Fak\u00fcltesi\",\"description\":\"\",\"potentialAction\":[{\"@type\":\"SearchAction\",\"target\":{\"@type\":\"EntryPoint\",\"urlTemplate\":\"http:\/\/ticaret.edu.tr\/isletme-fakultesi\/en\/?s={search_term_string}\"},\"query-input\":\"required name=search_term_string\"}],\"inLanguage\":\"tr\"}]}<\/script>\n<!-- \/ Yoast SEO Premium plugin. -->","yoast_head_json":{"title":"Faculty Board - \u0130\u015fletme Fak\u00fcltesi","robots":{"index":"index","follow":"follow","max-snippet":"max-snippet:-1","max-image-preview":"max-image-preview:large","max-video-preview":"max-video-preview:-1"},"canonical":"https:\/\/ticaret.edu.tr\/isletme-fakultesi\/en\/faculty-board\/","og_locale":"tr_TR","og_type":"article","og_title":"Faculty Board","og_description":"Academic Title &amp; Name Position \/ Department (English) Prof. Dr. Rahmi Deniz \u00d6ZBAY Acting Dean Prof. Dr. Bet\u00fcl G\u00dcR Head of Economics Department Prof. Dr. Yahya F\u0130DAN Head of Logistics Management Department Prof. Dr. Hicabi ERSOY Head of Finance and Banking (English) Assoc. Prof. Dr. Nurg\u00fcl KELE\u015e TAY\u015e\u0130R Head of Business Administration (English) Assoc. Prof. [&hellip;]","og_url":"https:\/\/ticaret.edu.tr\/isletme-fakultesi\/en\/faculty-board\/","og_site_name":"\u0130\u015fletme Fak\u00fcltesi","article_publisher":"https:\/\/www.facebook.com\/ticaretedutr","article_modified_time":"2026-03-04T08:45:37+00:00","og_image":[{"width":1250,"height":833,"url":"http:\/\/ticaret.edu.tr\/isletme-fakultesi\/wp-content\/uploads\/sites\/7\/2021\/11\/web_logo-01.jpg","type":"image\/jpeg"}],"twitter_card":"summary_large_image","twitter_site":"@ticaretedutr","twitter_misc":{"Tahmini okuma s\u00fcresi":"1 dakika"},"schema":{"@context":"https:\/\/schema.org","@graph":[{"@type":"WebPage","@id":"https:\/\/ticaret.edu.tr\/isletme-fakultesi\/en\/faculty-board\/","url":"https:\/\/ticaret.edu.tr\/isletme-fakultesi\/en\/faculty-board\/","name":"Faculty Board - \u0130\u015fletme Fak\u00fcltesi","isPartOf":{"@id":"http:\/\/ticaret.edu.tr\/isletme-fakultesi\/en\/#website"},"datePublished":"2025-02-06T13:23:39+00:00","dateModified":"2026-03-04T08:45:37+00:00","breadcrumb":{"@id":"https:\/\/ticaret.edu.tr\/isletme-fakultesi\/en\/faculty-board\/#breadcrumb"},"inLanguage":"tr","potentialAction":[{"@type":"ReadAction","target":["https:\/\/ticaret.edu.tr\/isletme-fakultesi\/en\/faculty-board\/"]}]},{"@type":"BreadcrumbList","@id":"https:\/\/ticaret.edu.tr\/isletme-fakultesi\/en\/faculty-board\/#breadcrumb","itemListElement":[{"@type":"ListItem","position":1,"name":"Ana sayfa","item":"https:\/\/ticaret.edu.tr\/isletme-fakultesi\/"},{"@type":"ListItem","position":2,"name":"Faculty Board"}]},{"@type":"WebSite","@id":"http:\/\/ticaret.edu.tr\/isletme-fakultesi\/en\/#website","url":"http:\/\/ticaret.edu.tr\/isletme-fakultesi\/en\/","name":"\u0130\u015fletme Fak\u00fcltesi","description":"","potentialAction":[{"@type":"SearchAction","target":{"@type":"EntryPoint","urlTemplate":"http:\/\/ticaret.edu.tr\/isletme-fakultesi\/en\/?s={search_term_string}"},"query-input":"required name=search_term_string"}],"inLanguage":"tr"}]}},"lang":"en","translations":{"en":1579,"tr":1534},"pll_sync_post":[],"_links":{"self":[{"href":"http:\/\/ticaret.edu.tr\/isletme-fakultesi\/wp-json\/wp\/v2\/pages\/1579"}],"collection":[{"href":"http:\/\/ticaret.edu.tr\/isletme-fakultesi\/wp-json\/wp\/v2\/pages"}],"about":[{"href":"http:\/\/ticaret.edu.tr\/isletme-fakultesi\/wp-json\/wp\/v2\/types\/page"}],"author":[{"embeddable":true,"href":"http:\/\/ticaret.edu.tr\/isletme-fakultesi\/wp-json\/wp\/v2\/users\/53"}],"replies":[{"embeddable":true,"href":"http:\/\/ticaret.edu.tr\/isletme-fakultesi\/wp-json\/wp\/v2\/comments?post=1579"}],"version-history":[{"count":5,"href":"http:\/\/ticaret.edu.tr\/isletme-fakultesi\/wp-json\/wp\/v2\/pages\/1579\/revisions"}],"predecessor-version":[{"id":2476,"href":"http:\/\/ticaret.edu.tr\/isletme-fakultesi\/wp-json\/wp\/v2\/pages\/1579\/revisions\/2476"}],"wp:attachment":[{"href":"http:\/\/ticaret.edu.tr\/isletme-fakultesi\/wp-json\/wp\/v2\/media?parent=1579"}],"curies":[{"name":"wp","href":"https:\/\/api.w.org\/{rel}","templated":true}]}}