{"id":1583,"date":"2025-02-12T16:45:51","date_gmt":"2025-02-12T13:45:51","guid":{"rendered":"https:\/\/ticaret.edu.tr\/isletme-fakultesi\/?page_id=1583"},"modified":"2026-02-17T13:25:30","modified_gmt":"2026-02-17T10:25:30","slug":"advisory-board","status":"publish","type":"page","link":"http:\/\/ticaret.edu.tr\/isletme-fakultesi\/en\/advisory-board\/","title":{"rendered":"Advisory Board"},"content":{"rendered":"<table data-path-to-node=\"2\">\n<thead>\n<tr>\n<td style=\"text-align: center\"><strong>Title \/ Full Name<\/strong><\/td>\n<td style=\"text-align: center\"><strong>Organization \/ Institution<\/strong><\/td>\n<td style=\"text-align: center\"><strong>Role \/ Position<\/strong><\/td>\n<\/tr>\n<\/thead>\n<tbody>\n<tr>\n<td><span data-path-to-node=\"2,1,0,0\">Prof. Dr. Rahmi Deniz \u00d6ZBAY<\/span><\/td>\n<td><span data-path-to-node=\"2,1,1,0\">Istanbul Ticaret University<\/span><\/td>\n<td><span data-path-to-node=\"2,1,2,0\">Acting Dean<\/span><\/td>\n<\/tr>\n<tr>\n<td><span data-path-to-node=\"2,2,0,0\">Asst. Prof. Tu\u011frul ARIK<\/span><\/td>\n<td><span data-path-to-node=\"2,2,1,0\">Istanbul Ticaret University<\/span><\/td>\n<td><span data-path-to-node=\"2,2,2,0\">Vice Dean<\/span><\/td>\n<\/tr>\n<tr>\n<td><span data-path-to-node=\"2,3,0,0\">Asst. Prof. Nihan YAVUZ AKSAKAL<\/span><\/td>\n<td><span data-path-to-node=\"2,3,1,0\">Istanbul Ticaret University<\/span><\/td>\n<td><span data-path-to-node=\"2,3,2,0\">Head of Faculty Quality Commission \/ Quality Ambassador<\/span><\/td>\n<\/tr>\n<tr>\n<td><span data-path-to-node=\"2,4,0,0\">Beyzanur KASIRGA<\/span><\/td>\n<td><span data-path-to-node=\"2,4,1,0\">Istanbul Ticaret University<\/span><\/td>\n<td><span data-path-to-node=\"2,4,2,0\">Student Representative<\/span><\/td>\n<\/tr>\n<tr>\n<td><span data-path-to-node=\"2,5,0,0\">Dr. Erkut BALO\u011eLU<\/span><\/td>\n<td><span data-path-to-node=\"2,5,1,0\">Aktifbank<\/span><\/td>\n<td><span data-path-to-node=\"2,5,2,0\">Assistant General Manager<\/span><\/td>\n<\/tr>\n<tr>\n<td><span data-path-to-node=\"2,6,0,0\">Figen KILI\u00c7<\/span><\/td>\n<td><span data-path-to-node=\"2,6,1,0\">Turkcell \u0130leti\u015fim Hizmetleri A.\u015e.<\/span><\/td>\n<td><span data-path-to-node=\"2,6,2,0\">Member of the Board of Directors<\/span><\/td>\n<\/tr>\n<tr>\n<td><span data-path-to-node=\"2,7,0,0\">Dr. K\u00fcbra ULUTA\u015e<\/span><\/td>\n<td><span data-path-to-node=\"2,7,1,0\">Turkish Exporters Assembly (TIM)<\/span><\/td>\n<td><span data-path-to-node=\"2,7,2,0\">Deputy Secretary General<\/span><\/td>\n<\/tr>\n<tr>\n<td><span data-path-to-node=\"2,8,0,0\">G\u00f6zde D\u0130ZDAR<\/span><\/td>\n<td><span data-path-to-node=\"2,8,1,0\">Governance and Development (GD Global)<\/span><\/td>\n<td><span data-path-to-node=\"2,8,2,0\">Chairperson of the Board<\/span><\/td>\n<\/tr>\n<tr>\n<td><span data-path-to-node=\"2,9,0,0\">Metin \u00c7ET\u0130NKAYA<\/span><\/td>\n<td><span data-path-to-node=\"2,9,1,0\">\u00c7etinkaya Tekstil<\/span><\/td>\n<td><span data-path-to-node=\"2,9,2,0\">Chairperson of the Board<\/span><\/td>\n<\/tr>\n<tr>\n<td><span data-path-to-node=\"2,10,0,0\">\u00d6mer \u00d6ZD\u0130N\u00c7<\/span><\/td>\n<td><span data-path-to-node=\"2,10,1,0\">SER Dan\u0131\u015fmanl\u0131k<\/span><\/td>\n<td><span data-path-to-node=\"2,10,2,0\">General Manager<\/span><\/td>\n<\/tr>\n<tr>\n<td><span data-path-to-node=\"2,11,0,0\">\u00d6mer DUYAR<\/span><\/td>\n<td><span data-path-to-node=\"2,11,1,0\">Duyar Sanayi ve Ticari Yat\u0131r\u0131mlar A.\u015e.<\/span><\/td>\n<td><span data-path-to-node=\"2,11,2,0\">Chairperson of the Board<\/span><\/td>\n<\/tr>\n<tr>\n<td><span data-path-to-node=\"2,12,0,0\">Ceyhan HANCI\u011eLU<\/span><\/td>\n<td><span data-path-to-node=\"2,12,1,0\">Magdeburger Sigorta<\/span><\/td>\n<td><span data-path-to-node=\"2,12,2,0\">General Manager (Insurance Association of T\u00fcrkiye Board Member)<\/span><\/td>\n<\/tr>\n<\/tbody>\n<\/table>\n","protected":false},"excerpt":{"rendered":"<p>Title \/ Full Name Organization \/ Institution Role \/ Position Prof. Dr. Rahmi Deniz \u00d6ZBAY Istanbul Ticaret University Acting Dean Asst. Prof. Tu\u011frul ARIK Istanbul Ticaret University Vice Dean Asst. Prof. Nihan YAVUZ AKSAKAL Istanbul Ticaret University Head of Faculty Quality Commission \/ Quality Ambassador Beyzanur KASIRGA Istanbul Ticaret University Student Representative Dr. Erkut BALO\u011eLU [&hellip;]<\/p>\n","protected":false},"author":53,"featured_media":0,"parent":0,"menu_order":0,"comment_status":"closed","ping_status":"closed","template":"genel_sayfa.php","meta":{"footnotes":""},"yoast_head":"<!-- This site is optimized with the Yoast SEO Premium plugin v22.1 (Yoast SEO v22.1) - https:\/\/yoast.com\/wordpress\/plugins\/seo\/ -->\n<title>Advisory Board - \u0130\u015fletme Fak\u00fcltesi<\/title>\n<meta name=\"robots\" content=\"index, follow, max-snippet:-1, max-image-preview:large, max-video-preview:-1\" \/>\n<link rel=\"canonical\" href=\"https:\/\/ticaret.edu.tr\/isletme-fakultesi\/en\/advisory-board\/\" \/>\n<meta property=\"og:locale\" content=\"tr_TR\" \/>\n<meta property=\"og:type\" content=\"article\" \/>\n<meta property=\"og:title\" content=\"Advisory Board\" \/>\n<meta property=\"og:description\" content=\"Title \/ Full Name Organization \/ Institution Role \/ Position Prof. Dr. Rahmi Deniz \u00d6ZBAY Istanbul Ticaret University Acting Dean Asst. Prof. Tu\u011frul ARIK Istanbul Ticaret University Vice Dean Asst. Prof. Nihan YAVUZ AKSAKAL Istanbul Ticaret University Head of Faculty Quality Commission \/ Quality Ambassador Beyzanur KASIRGA Istanbul Ticaret University Student Representative Dr. Erkut BALO\u011eLU [&hellip;]\" \/>\n<meta property=\"og:url\" content=\"https:\/\/ticaret.edu.tr\/isletme-fakultesi\/en\/advisory-board\/\" \/>\n<meta property=\"og:site_name\" content=\"\u0130\u015fletme Fak\u00fcltesi\" \/>\n<meta property=\"article:publisher\" content=\"https:\/\/www.facebook.com\/ticaretedutr\" \/>\n<meta property=\"article:modified_time\" content=\"2026-02-17T10:25:30+00:00\" \/>\n<meta property=\"og:image\" content=\"http:\/\/ticaret.edu.tr\/isletme-fakultesi\/wp-content\/uploads\/sites\/7\/2021\/11\/web_logo-01.jpg\" \/>\n\t<meta property=\"og:image:width\" content=\"1250\" \/>\n\t<meta property=\"og:image:height\" content=\"833\" \/>\n\t<meta property=\"og:image:type\" content=\"image\/jpeg\" \/>\n<meta name=\"twitter:card\" content=\"summary_large_image\" \/>\n<meta name=\"twitter:site\" content=\"@ticaretedutr\" \/>\n<meta name=\"twitter:label1\" content=\"Tahmini okuma s\u00fcresi\" \/>\n\t<meta name=\"twitter:data1\" content=\"1 dakika\" \/>\n<script type=\"application\/ld+json\" class=\"yoast-schema-graph\">{\"@context\":\"https:\/\/schema.org\",\"@graph\":[{\"@type\":\"WebPage\",\"@id\":\"https:\/\/ticaret.edu.tr\/isletme-fakultesi\/en\/advisory-board\/\",\"url\":\"https:\/\/ticaret.edu.tr\/isletme-fakultesi\/en\/advisory-board\/\",\"name\":\"Advisory Board - \u0130\u015fletme Fak\u00fcltesi\",\"isPartOf\":{\"@id\":\"http:\/\/ticaret.edu.tr\/isletme-fakultesi\/en\/#website\"},\"datePublished\":\"2025-02-12T13:45:51+00:00\",\"dateModified\":\"2026-02-17T10:25:30+00:00\",\"breadcrumb\":{\"@id\":\"https:\/\/ticaret.edu.tr\/isletme-fakultesi\/en\/advisory-board\/#breadcrumb\"},\"inLanguage\":\"tr\",\"potentialAction\":[{\"@type\":\"ReadAction\",\"target\":[\"https:\/\/ticaret.edu.tr\/isletme-fakultesi\/en\/advisory-board\/\"]}]},{\"@type\":\"BreadcrumbList\",\"@id\":\"https:\/\/ticaret.edu.tr\/isletme-fakultesi\/en\/advisory-board\/#breadcrumb\",\"itemListElement\":[{\"@type\":\"ListItem\",\"position\":1,\"name\":\"Ana sayfa\",\"item\":\"https:\/\/ticaret.edu.tr\/isletme-fakultesi\/\"},{\"@type\":\"ListItem\",\"position\":2,\"name\":\"Advisory Board\"}]},{\"@type\":\"WebSite\",\"@id\":\"http:\/\/ticaret.edu.tr\/isletme-fakultesi\/en\/#website\",\"url\":\"http:\/\/ticaret.edu.tr\/isletme-fakultesi\/en\/\",\"name\":\"\u0130\u015fletme Fak\u00fcltesi\",\"description\":\"\",\"potentialAction\":[{\"@type\":\"SearchAction\",\"target\":{\"@type\":\"EntryPoint\",\"urlTemplate\":\"http:\/\/ticaret.edu.tr\/isletme-fakultesi\/en\/?s={search_term_string}\"},\"query-input\":\"required name=search_term_string\"}],\"inLanguage\":\"tr\"}]}<\/script>\n<!-- \/ Yoast SEO Premium plugin. -->","yoast_head_json":{"title":"Advisory Board - \u0130\u015fletme Fak\u00fcltesi","robots":{"index":"index","follow":"follow","max-snippet":"max-snippet:-1","max-image-preview":"max-image-preview:large","max-video-preview":"max-video-preview:-1"},"canonical":"https:\/\/ticaret.edu.tr\/isletme-fakultesi\/en\/advisory-board\/","og_locale":"tr_TR","og_type":"article","og_title":"Advisory Board","og_description":"Title \/ Full Name Organization \/ Institution Role \/ Position Prof. Dr. Rahmi Deniz \u00d6ZBAY Istanbul Ticaret University Acting Dean Asst. Prof. Tu\u011frul ARIK Istanbul Ticaret University Vice Dean Asst. Prof. Nihan YAVUZ AKSAKAL Istanbul Ticaret University Head of Faculty Quality Commission \/ Quality Ambassador Beyzanur KASIRGA Istanbul Ticaret University Student Representative Dr. Erkut BALO\u011eLU [&hellip;]","og_url":"https:\/\/ticaret.edu.tr\/isletme-fakultesi\/en\/advisory-board\/","og_site_name":"\u0130\u015fletme Fak\u00fcltesi","article_publisher":"https:\/\/www.facebook.com\/ticaretedutr","article_modified_time":"2026-02-17T10:25:30+00:00","og_image":[{"width":1250,"height":833,"url":"http:\/\/ticaret.edu.tr\/isletme-fakultesi\/wp-content\/uploads\/sites\/7\/2021\/11\/web_logo-01.jpg","type":"image\/jpeg"}],"twitter_card":"summary_large_image","twitter_site":"@ticaretedutr","twitter_misc":{"Tahmini okuma s\u00fcresi":"1 dakika"},"schema":{"@context":"https:\/\/schema.org","@graph":[{"@type":"WebPage","@id":"https:\/\/ticaret.edu.tr\/isletme-fakultesi\/en\/advisory-board\/","url":"https:\/\/ticaret.edu.tr\/isletme-fakultesi\/en\/advisory-board\/","name":"Advisory Board - \u0130\u015fletme Fak\u00fcltesi","isPartOf":{"@id":"http:\/\/ticaret.edu.tr\/isletme-fakultesi\/en\/#website"},"datePublished":"2025-02-12T13:45:51+00:00","dateModified":"2026-02-17T10:25:30+00:00","breadcrumb":{"@id":"https:\/\/ticaret.edu.tr\/isletme-fakultesi\/en\/advisory-board\/#breadcrumb"},"inLanguage":"tr","potentialAction":[{"@type":"ReadAction","target":["https:\/\/ticaret.edu.tr\/isletme-fakultesi\/en\/advisory-board\/"]}]},{"@type":"BreadcrumbList","@id":"https:\/\/ticaret.edu.tr\/isletme-fakultesi\/en\/advisory-board\/#breadcrumb","itemListElement":[{"@type":"ListItem","position":1,"name":"Ana sayfa","item":"https:\/\/ticaret.edu.tr\/isletme-fakultesi\/"},{"@type":"ListItem","position":2,"name":"Advisory Board"}]},{"@type":"WebSite","@id":"http:\/\/ticaret.edu.tr\/isletme-fakultesi\/en\/#website","url":"http:\/\/ticaret.edu.tr\/isletme-fakultesi\/en\/","name":"\u0130\u015fletme Fak\u00fcltesi","description":"","potentialAction":[{"@type":"SearchAction","target":{"@type":"EntryPoint","urlTemplate":"http:\/\/ticaret.edu.tr\/isletme-fakultesi\/en\/?s={search_term_string}"},"query-input":"required name=search_term_string"}],"inLanguage":"tr"}]}},"lang":"en","translations":{"en":1583,"tr":1538},"pll_sync_post":[],"_links":{"self":[{"href":"http:\/\/ticaret.edu.tr\/isletme-fakultesi\/wp-json\/wp\/v2\/pages\/1583"}],"collection":[{"href":"http:\/\/ticaret.edu.tr\/isletme-fakultesi\/wp-json\/wp\/v2\/pages"}],"about":[{"href":"http:\/\/ticaret.edu.tr\/isletme-fakultesi\/wp-json\/wp\/v2\/types\/page"}],"author":[{"embeddable":true,"href":"http:\/\/ticaret.edu.tr\/isletme-fakultesi\/wp-json\/wp\/v2\/users\/53"}],"replies":[{"embeddable":true,"href":"http:\/\/ticaret.edu.tr\/isletme-fakultesi\/wp-json\/wp\/v2\/comments?post=1583"}],"version-history":[{"count":5,"href":"http:\/\/ticaret.edu.tr\/isletme-fakultesi\/wp-json\/wp\/v2\/pages\/1583\/revisions"}],"predecessor-version":[{"id":2432,"href":"http:\/\/ticaret.edu.tr\/isletme-fakultesi\/wp-json\/wp\/v2\/pages\/1583\/revisions\/2432"}],"wp:attachment":[{"href":"http:\/\/ticaret.edu.tr\/isletme-fakultesi\/wp-json\/wp\/v2\/media?parent=1583"}],"curies":[{"name":"wp","href":"https:\/\/api.w.org\/{rel}","templated":true}]}}