{"id":1589,"date":"2025-02-12T16:49:56","date_gmt":"2025-02-12T13:49:56","guid":{"rendered":"https:\/\/ticaret.edu.tr\/isletme-fakultesi\/?page_id=1589"},"modified":"2026-01-15T15:07:30","modified_gmt":"2026-01-15T12:07:30","slug":"workflows","status":"publish","type":"page","link":"http:\/\/ticaret.edu.tr\/isletme-fakultesi\/en\/workflows\/","title":{"rendered":"Workflows"},"content":{"rendered":"<ol>\n<li>\n<h2><a href=\"http:\/\/ticaret.edu.tr\/isletme-fakultesi\/wp-content\/uploads\/sites\/7\/2026\/01\/FKL.ORG_.01-Fakulte-Organizasyon-Semasi.pdf\">Faculty Organization Chart<\/a><\/h2>\n<\/li>\n<li>\n<h2><a href=\"http:\/\/ticaret.edu.tr\/isletme-fakultesi\/wp-content\/uploads\/sites\/7\/2026\/01\/FKL.IA_.10-Mazeret-Sinavi-Basvuru-Uygulamalari-Is-Akis-Semasi.pdf\">Workflow Diagram for Make-up Exam Application Procedures<\/a><\/h2>\n<\/li>\n<li>\n<h2><a href=\"http:\/\/ticaret.edu.tr\/isletme-fakultesi\/wp-content\/uploads\/sites\/7\/2026\/01\/FKL.IA_.12-Ders-Notu-Itiraz-Sureci-Is-Akis-Semasi.pdf\">Workflow Diagram for Course Note Objection Process<\/a><\/h2>\n<\/li>\n<li>\n<h2><a href=\"http:\/\/ticaret.edu.tr\/isletme-fakultesi\/wp-content\/uploads\/sites\/7\/2026\/01\/FKL.IA_.17-Ders-Akademik-Danismanligi-Is-Akis-Semasi.pdf\">Workflow Diagram for Academic Advising Process<\/a><\/h2>\n<\/li>\n<li>\n<h2><a href=\"http:\/\/ticaret.edu.tr\/isletme-fakultesi\/wp-content\/uploads\/sites\/7\/2026\/01\/FKL.IA_.20-Yaz-Ogretiminde-Universitemizde-Acilmayan-Dersler-Icin-Diger-Universitelerden-Ders-Alma-Talebi-Is-Akis-Semasi.pdf\">Workflow Diagram for Request to Take Courses from Other Universities for Courses Not Offered in Our University During Summer Term<\/a><\/h2>\n<\/li>\n<li>\n<h2><a href=\"http:\/\/ticaret.edu.tr\/isletme-fakultesi\/wp-content\/uploads\/sites\/7\/2026\/01\/FKL.IA_.25-Akreditasyon-Sureci-Is-Akis-Semasi.pdf\">Workflow Diagram for Accreditation Process<\/a><\/h2>\n<\/li>\n<li>\n<h2><a href=\"http:\/\/ticaret.edu.tr\/isletme-fakultesi\/wp-content\/uploads\/sites\/7\/2026\/01\/FKL.IA_.02-Muafiyet-ve-Intibak-Islemleri-Is-Akis-Semasi.pdf\">Workflow Diagram for Exemption and Course Adjustment Procedures<\/a><\/h2>\n<\/li>\n<\/ol>\n","protected":false},"excerpt":{"rendered":"<p>Faculty Organization Chart Workflow Diagram for Make-up Exam Application Procedures Workflow Diagram for Course Note Objection Process Workflow Diagram for Academic Advising Process Workflow Diagram for Request to Take Courses from Other Universities for Courses Not Offered in Our University During Summer Term Workflow Diagram for Accreditation Process Workflow Diagram for Exemption and Course Adjustment [&hellip;]<\/p>\n","protected":false},"author":53,"featured_media":0,"parent":0,"menu_order":0,"comment_status":"closed","ping_status":"closed","template":"genel_sayfa.php","meta":{"footnotes":""},"yoast_head":"<!-- This site is optimized with the Yoast SEO Premium plugin v22.1 (Yoast SEO v22.1) - https:\/\/yoast.com\/wordpress\/plugins\/seo\/ -->\n<title>Workflows - \u0130\u015fletme Fak\u00fcltesi<\/title>\n<meta name=\"robots\" content=\"index, follow, max-snippet:-1, max-image-preview:large, max-video-preview:-1\" \/>\n<link rel=\"canonical\" href=\"http:\/\/ticaret.edu.tr\/isletme-fakultesi\/en\/workflows\/\" \/>\n<meta property=\"og:locale\" content=\"tr_TR\" \/>\n<meta property=\"og:type\" content=\"article\" \/>\n<meta property=\"og:title\" content=\"Workflows\" \/>\n<meta property=\"og:description\" content=\"Faculty Organization Chart Workflow Diagram for Make-up Exam Application Procedures Workflow Diagram for Course Note Objection Process Workflow Diagram for Academic Advising Process Workflow Diagram for Request to Take Courses from Other Universities for Courses Not Offered in Our University During Summer Term Workflow Diagram for Accreditation Process Workflow Diagram for Exemption and Course Adjustment [&hellip;]\" \/>\n<meta property=\"og:url\" content=\"http:\/\/ticaret.edu.tr\/isletme-fakultesi\/en\/workflows\/\" \/>\n<meta property=\"og:site_name\" content=\"\u0130\u015fletme Fak\u00fcltesi\" \/>\n<meta property=\"article:publisher\" content=\"https:\/\/www.facebook.com\/ticaretedutr\" \/>\n<meta property=\"article:modified_time\" content=\"2026-01-15T12:07:30+00:00\" \/>\n<meta property=\"og:image\" content=\"http:\/\/ticaret.edu.tr\/isletme-fakultesi\/wp-content\/uploads\/sites\/7\/2021\/11\/web_logo-01.jpg\" \/>\n\t<meta property=\"og:image:width\" content=\"1250\" \/>\n\t<meta property=\"og:image:height\" content=\"833\" \/>\n\t<meta property=\"og:image:type\" content=\"image\/jpeg\" \/>\n<meta name=\"twitter:card\" content=\"summary_large_image\" \/>\n<meta name=\"twitter:site\" content=\"@ticaretedutr\" \/>\n<meta name=\"twitter:label1\" content=\"Tahmini okuma s\u00fcresi\" \/>\n\t<meta name=\"twitter:data1\" content=\"1 dakika\" \/>\n<script type=\"application\/ld+json\" class=\"yoast-schema-graph\">{\"@context\":\"https:\/\/schema.org\",\"@graph\":[{\"@type\":\"WebPage\",\"@id\":\"http:\/\/ticaret.edu.tr\/isletme-fakultesi\/en\/workflows\/\",\"url\":\"http:\/\/ticaret.edu.tr\/isletme-fakultesi\/en\/workflows\/\",\"name\":\"Workflows - \u0130\u015fletme Fak\u00fcltesi\",\"isPartOf\":{\"@id\":\"https:\/\/ticaret.edu.tr\/isletme-fakultesi\/#website\"},\"datePublished\":\"2025-02-12T13:49:56+00:00\",\"dateModified\":\"2026-01-15T12:07:30+00:00\",\"breadcrumb\":{\"@id\":\"http:\/\/ticaret.edu.tr\/isletme-fakultesi\/en\/workflows\/#breadcrumb\"},\"inLanguage\":\"tr\",\"potentialAction\":[{\"@type\":\"ReadAction\",\"target\":[\"http:\/\/ticaret.edu.tr\/isletme-fakultesi\/en\/workflows\/\"]}]},{\"@type\":\"BreadcrumbList\",\"@id\":\"http:\/\/ticaret.edu.tr\/isletme-fakultesi\/en\/workflows\/#breadcrumb\",\"itemListElement\":[{\"@type\":\"ListItem\",\"position\":1,\"name\":\"Ana sayfa\",\"item\":\"https:\/\/ticaret.edu.tr\/isletme-fakultesi\/\"},{\"@type\":\"ListItem\",\"position\":2,\"name\":\"Workflows\"}]},{\"@type\":\"WebSite\",\"@id\":\"https:\/\/ticaret.edu.tr\/isletme-fakultesi\/#website\",\"url\":\"https:\/\/ticaret.edu.tr\/isletme-fakultesi\/\",\"name\":\"\u0130\u015fletme Fak\u00fcltesi\",\"description\":\"\",\"potentialAction\":[{\"@type\":\"SearchAction\",\"target\":{\"@type\":\"EntryPoint\",\"urlTemplate\":\"https:\/\/ticaret.edu.tr\/isletme-fakultesi\/?s={search_term_string}\"},\"query-input\":\"required name=search_term_string\"}],\"inLanguage\":\"tr\"}]}<\/script>\n<!-- \/ Yoast SEO Premium plugin. -->","yoast_head_json":{"title":"Workflows - \u0130\u015fletme Fak\u00fcltesi","robots":{"index":"index","follow":"follow","max-snippet":"max-snippet:-1","max-image-preview":"max-image-preview:large","max-video-preview":"max-video-preview:-1"},"canonical":"http:\/\/ticaret.edu.tr\/isletme-fakultesi\/en\/workflows\/","og_locale":"tr_TR","og_type":"article","og_title":"Workflows","og_description":"Faculty Organization Chart Workflow Diagram for Make-up Exam Application Procedures Workflow Diagram for Course Note Objection Process Workflow Diagram for Academic Advising Process Workflow Diagram for Request to Take Courses from Other Universities for Courses Not Offered in Our University During Summer Term Workflow Diagram for Accreditation Process Workflow Diagram for Exemption and Course Adjustment [&hellip;]","og_url":"http:\/\/ticaret.edu.tr\/isletme-fakultesi\/en\/workflows\/","og_site_name":"\u0130\u015fletme Fak\u00fcltesi","article_publisher":"https:\/\/www.facebook.com\/ticaretedutr","article_modified_time":"2026-01-15T12:07:30+00:00","og_image":[{"width":1250,"height":833,"url":"http:\/\/ticaret.edu.tr\/isletme-fakultesi\/wp-content\/uploads\/sites\/7\/2021\/11\/web_logo-01.jpg","type":"image\/jpeg"}],"twitter_card":"summary_large_image","twitter_site":"@ticaretedutr","twitter_misc":{"Tahmini okuma s\u00fcresi":"1 dakika"},"schema":{"@context":"https:\/\/schema.org","@graph":[{"@type":"WebPage","@id":"http:\/\/ticaret.edu.tr\/isletme-fakultesi\/en\/workflows\/","url":"http:\/\/ticaret.edu.tr\/isletme-fakultesi\/en\/workflows\/","name":"Workflows - \u0130\u015fletme Fak\u00fcltesi","isPartOf":{"@id":"https:\/\/ticaret.edu.tr\/isletme-fakultesi\/#website"},"datePublished":"2025-02-12T13:49:56+00:00","dateModified":"2026-01-15T12:07:30+00:00","breadcrumb":{"@id":"http:\/\/ticaret.edu.tr\/isletme-fakultesi\/en\/workflows\/#breadcrumb"},"inLanguage":"tr","potentialAction":[{"@type":"ReadAction","target":["http:\/\/ticaret.edu.tr\/isletme-fakultesi\/en\/workflows\/"]}]},{"@type":"BreadcrumbList","@id":"http:\/\/ticaret.edu.tr\/isletme-fakultesi\/en\/workflows\/#breadcrumb","itemListElement":[{"@type":"ListItem","position":1,"name":"Ana sayfa","item":"https:\/\/ticaret.edu.tr\/isletme-fakultesi\/"},{"@type":"ListItem","position":2,"name":"Workflows"}]},{"@type":"WebSite","@id":"https:\/\/ticaret.edu.tr\/isletme-fakultesi\/#website","url":"https:\/\/ticaret.edu.tr\/isletme-fakultesi\/","name":"\u0130\u015fletme Fak\u00fcltesi","description":"","potentialAction":[{"@type":"SearchAction","target":{"@type":"EntryPoint","urlTemplate":"https:\/\/ticaret.edu.tr\/isletme-fakultesi\/?s={search_term_string}"},"query-input":"required name=search_term_string"}],"inLanguage":"tr"}]}},"lang":"en","translations":{"en":1589,"tr":1544},"pll_sync_post":[],"_links":{"self":[{"href":"http:\/\/ticaret.edu.tr\/isletme-fakultesi\/wp-json\/wp\/v2\/pages\/1589"}],"collection":[{"href":"http:\/\/ticaret.edu.tr\/isletme-fakultesi\/wp-json\/wp\/v2\/pages"}],"about":[{"href":"http:\/\/ticaret.edu.tr\/isletme-fakultesi\/wp-json\/wp\/v2\/types\/page"}],"author":[{"embeddable":true,"href":"http:\/\/ticaret.edu.tr\/isletme-fakultesi\/wp-json\/wp\/v2\/users\/53"}],"replies":[{"embeddable":true,"href":"http:\/\/ticaret.edu.tr\/isletme-fakultesi\/wp-json\/wp\/v2\/comments?post=1589"}],"version-history":[{"count":3,"href":"http:\/\/ticaret.edu.tr\/isletme-fakultesi\/wp-json\/wp\/v2\/pages\/1589\/revisions"}],"predecessor-version":[{"id":2318,"href":"http:\/\/ticaret.edu.tr\/isletme-fakultesi\/wp-json\/wp\/v2\/pages\/1589\/revisions\/2318"}],"wp:attachment":[{"href":"http:\/\/ticaret.edu.tr\/isletme-fakultesi\/wp-json\/wp\/v2\/media?parent=1589"}],"curies":[{"name":"wp","href":"https:\/\/api.w.org\/{rel}","templated":true}]}}