{"id":1698,"date":"2025-02-12T16:55:26","date_gmt":"2025-02-12T13:55:26","guid":{"rendered":"https:\/\/ticaret.edu.tr\/isletme-fakultesi\/?page_id=1698"},"modified":"2026-03-04T11:11:16","modified_gmt":"2026-03-04T08:11:16","slug":"units-quality-committee","status":"publish","type":"page","link":"http:\/\/ticaret.edu.tr\/isletme-fakultesi\/en\/units-quality-committee\/","title":{"rendered":"Unit&#8217;s Quality Committee"},"content":{"rendered":"<table data-path-to-node=\"3\">\n<thead>\n<tr>\n<td><strong>Title \/ Role<\/strong><\/td>\n<td><strong>Name<\/strong><\/td>\n<td><strong>Position (English)<\/strong><\/td>\n<\/tr>\n<\/thead>\n<tbody>\n<tr>\n<td><span data-path-to-node=\"3,1,0,0\"><b data-path-to-node=\"3,1,0,0\" data-index-in-node=\"0\">Chair (President)<\/b><\/span><\/td>\n<td><span data-path-to-node=\"3,1,1,0\"><b data-path-to-node=\"3,1,1,0\" data-index-in-node=\"0\">Asst. Prof. Dr. Tu\u011frul ARIK<\/b><\/span><\/td>\n<td><span data-path-to-node=\"3,1,2,0\">Assistant Professor &#8211; Vice Dean<\/span><\/td>\n<\/tr>\n<tr>\n<td><span data-path-to-node=\"3,2,0,0\"><b data-path-to-node=\"3,2,0,0\" data-index-in-node=\"0\">Member<\/b><\/span><\/td>\n<td><span data-path-to-node=\"3,2,1,0\"><b data-path-to-node=\"3,2,1,0\" data-index-in-node=\"0\">Asst. Prof. Dr. Mefule FINDIK\u00c7I ERDO\u011eAN<\/b><\/span><\/td>\n<td><span data-path-to-node=\"3,2,2,0\">Assistant Professor &#8211; Vice Dean<\/span><\/td>\n<\/tr>\n<tr>\n<td><span data-path-to-node=\"3,3,0,0\"><b data-path-to-node=\"3,3,0,0\" data-index-in-node=\"0\">Member<\/b><\/span><\/td>\n<td><span data-path-to-node=\"3,3,1,0\"><b data-path-to-node=\"3,3,1,0\" data-index-in-node=\"0\">Prof. Dr. Bet\u00fcl G\u00dcR<\/b><\/span><\/td>\n<td><span data-path-to-node=\"3,3,2,0\">Professor &#8211; Head of Economics Department<\/span><\/td>\n<\/tr>\n<tr>\n<td><span data-path-to-node=\"3,4,0,0\"><b data-path-to-node=\"3,4,0,0\" data-index-in-node=\"0\">Member<\/b><\/span><\/td>\n<td><span data-path-to-node=\"3,4,1,0\"><b data-path-to-node=\"3,4,1,0\" data-index-in-node=\"0\">Assoc. Prof. Dr. Sinem SEF\u0130L TANSEVER<\/b><\/span><\/td>\n<td><span data-path-to-node=\"3,4,2,0\">Associate Professor &#8211; Acting Head of Economics (English)<\/span><\/td>\n<\/tr>\n<tr>\n<td><span data-path-to-node=\"3,5,0,0\"><b data-path-to-node=\"3,5,0,0\" data-index-in-node=\"0\">Member<\/b><\/span><\/td>\n<td><span data-path-to-node=\"3,5,1,0\"><b data-path-to-node=\"3,5,1,0\" data-index-in-node=\"0\">Prof. Dr. Yahya F\u0130DAN<\/b><\/span><\/td>\n<td><span data-path-to-node=\"3,5,2,0\">Professor &#8211; Head of Logistics Management Department<\/span><\/td>\n<\/tr>\n<tr>\n<td><span data-path-to-node=\"3,6,0,0\"><b data-path-to-node=\"3,6,0,0\" data-index-in-node=\"0\">Member<\/b><\/span><\/td>\n<td><span data-path-to-node=\"3,6,1,0\"><b data-path-to-node=\"3,6,1,0\" data-index-in-node=\"0\">Prof. Dr. Hicabi ERSOY<\/b><\/span><\/td>\n<td><span data-path-to-node=\"3,6,2,0\">Professor &#8211; Head of Finance and Banking (English)<\/span><\/td>\n<\/tr>\n<tr>\n<td><span data-path-to-node=\"3,7,0,0\"><b data-path-to-node=\"3,7,0,0\" data-index-in-node=\"0\">Member<\/b><\/span><\/td>\n<td><span data-path-to-node=\"3,7,1,0\"><b data-path-to-node=\"3,7,1,0\" data-index-in-node=\"0\">Assoc. Prof. Dr. Ba\u015fak ERDEM \u00c7ANKAYA<\/b><\/span><\/td>\n<td><span data-path-to-node=\"3,7,2,0\">Associate Professor &#8211; Head of Int. Trade and Finance<\/span><\/td>\n<\/tr>\n<tr>\n<td><span data-path-to-node=\"3,8,0,0\"><b data-path-to-node=\"3,8,0,0\" data-index-in-node=\"0\">Member<\/b><\/span><\/td>\n<td><span data-path-to-node=\"3,8,1,0\"><b data-path-to-node=\"3,8,1,0\" data-index-in-node=\"0\">Assoc. Prof. Dr. Cihat K\u00d6KSAL<\/b><\/span><\/td>\n<td><span data-path-to-node=\"3,8,2,0\">Associate Professor &#8211; Head of International Trade (English)<\/span><\/td>\n<\/tr>\n<tr>\n<td><span data-path-to-node=\"3,9,0,0\"><b data-path-to-node=\"3,9,0,0\" data-index-in-node=\"0\">Member<\/b><\/span><\/td>\n<td><span data-path-to-node=\"3,9,1,0\"><b data-path-to-node=\"3,9,1,0\" data-index-in-node=\"0\">Assoc. Prof. Dr. Mehmet SA\u011eLAM<\/b><\/span><\/td>\n<td><span data-path-to-node=\"3,9,2,0\">Associate Professor &#8211; Head of Business Administration<\/span><\/td>\n<\/tr>\n<tr>\n<td><span data-path-to-node=\"3,10,0,0\"><b data-path-to-node=\"3,10,0,0\" data-index-in-node=\"0\">Member<\/b><\/span><\/td>\n<td><span data-path-to-node=\"3,10,1,0\"><b data-path-to-node=\"3,10,1,0\" data-index-in-node=\"0\">Assoc. Prof. Dr. Nurg\u00fcl KELE\u015e TAY\u015e\u0130R<\/b><\/span><\/td>\n<td><span data-path-to-node=\"3,10,2,0\">Associate Professor &#8211; Head of Business Admin. (English)<\/span><\/td>\n<\/tr>\n<tr>\n<td><span data-path-to-node=\"3,11,0,0\"><b data-path-to-node=\"3,11,0,0\" data-index-in-node=\"0\">Member<\/b><\/span><\/td>\n<td><span data-path-to-node=\"3,11,1,0\"><b data-path-to-node=\"3,11,1,0\" data-index-in-node=\"0\">Asst. Prof. Dr. Tuncel \u00d6Z<\/b><\/span><\/td>\n<td><span data-path-to-node=\"3,11,2,0\">Assistant Professor &#8211; Head of Aviation Management<\/span><\/td>\n<\/tr>\n<tr>\n<td><span data-path-to-node=\"3,12,0,0\"><b data-path-to-node=\"3,12,0,0\" data-index-in-node=\"0\">Member<\/b><\/span><\/td>\n<td><span data-path-to-node=\"3,12,1,0\"><b data-path-to-node=\"3,12,1,0\" data-index-in-node=\"0\">Asst. Prof. Dr. Umut AYDIN<\/b><\/span><\/td>\n<td><span data-path-to-node=\"3,12,2,0\">Assistant Professor &#8211; Acting Head of Management Information Systems (English)<\/span><\/td>\n<\/tr>\n<tr>\n<td><span data-path-to-node=\"3,13,0,0\"><b data-path-to-node=\"3,13,0,0\" data-index-in-node=\"0\">Member<\/b><\/span><\/td>\n<td><span data-path-to-node=\"3,13,1,0\"><b data-path-to-node=\"3,13,1,0\" data-index-in-node=\"0\">G\u00fcne\u015f \u0130NCE BA\u015eCIN<\/b><\/span><\/td>\n<td><span data-path-to-node=\"3,13,2,0\">Faculty Secretary<\/span><\/td>\n<\/tr>\n<tr>\n<td><span data-path-to-node=\"3,14,0,0\"><b data-path-to-node=\"3,14,0,0\" data-index-in-node=\"0\">Member<\/b><\/span><\/td>\n<td><span data-path-to-node=\"3,14,1,0\"><b data-path-to-node=\"3,14,1,0\" data-index-in-node=\"0\">Beyzanur KASIRGA<\/b><\/span><\/td>\n<td><span data-path-to-node=\"3,14,2,0\">Student Representative<\/span><\/td>\n<\/tr>\n<\/tbody>\n<\/table>\n","protected":false},"excerpt":{"rendered":"<p>Title \/ Role Name Position (English) Chair (President) Asst. Prof. Dr. Tu\u011frul ARIK Assistant Professor &#8211; Vice Dean Member Asst. Prof. Dr. Mefule FINDIK\u00c7I ERDO\u011eAN Assistant Professor &#8211; Vice Dean Member Prof. Dr. Bet\u00fcl G\u00dcR Professor &#8211; Head of Economics Department Member Assoc. Prof. Dr. Sinem SEF\u0130L TANSEVER Associate Professor &#8211; Acting Head of Economics [&hellip;]<\/p>\n","protected":false},"author":228,"featured_media":0,"parent":0,"menu_order":0,"comment_status":"closed","ping_status":"closed","template":"genel_sayfa.php","meta":{"footnotes":""},"yoast_head":"<!-- This site is optimized with the Yoast SEO Premium plugin v22.1 (Yoast SEO v22.1) - https:\/\/yoast.com\/wordpress\/plugins\/seo\/ -->\n<title>Unit&#039;s Quality Committee - \u0130\u015fletme Fak\u00fcltesi<\/title>\n<meta name=\"robots\" content=\"index, follow, max-snippet:-1, max-image-preview:large, max-video-preview:-1\" \/>\n<link rel=\"canonical\" href=\"https:\/\/ticaret.edu.tr\/isletme-fakultesi\/en\/units-quality-committee\/\" \/>\n<meta property=\"og:locale\" content=\"tr_TR\" \/>\n<meta property=\"og:type\" content=\"article\" \/>\n<meta property=\"og:title\" content=\"Unit&#039;s Quality Committee\" \/>\n<meta property=\"og:description\" content=\"Title \/ Role Name Position (English) Chair (President) Asst. Prof. Dr. Tu\u011frul ARIK Assistant Professor &#8211; Vice Dean Member Asst. Prof. Dr. Mefule FINDIK\u00c7I ERDO\u011eAN Assistant Professor &#8211; Vice Dean Member Prof. Dr. Bet\u00fcl G\u00dcR Professor &#8211; Head of Economics Department Member Assoc. Prof. Dr. Sinem SEF\u0130L TANSEVER Associate Professor &#8211; Acting Head of Economics [&hellip;]\" \/>\n<meta property=\"og:url\" content=\"https:\/\/ticaret.edu.tr\/isletme-fakultesi\/en\/units-quality-committee\/\" \/>\n<meta property=\"og:site_name\" content=\"\u0130\u015fletme Fak\u00fcltesi\" \/>\n<meta property=\"article:publisher\" content=\"https:\/\/www.facebook.com\/ticaretedutr\" \/>\n<meta property=\"article:modified_time\" content=\"2026-03-04T08:11:16+00:00\" \/>\n<meta property=\"og:image\" content=\"http:\/\/ticaret.edu.tr\/isletme-fakultesi\/wp-content\/uploads\/sites\/7\/2021\/11\/web_logo-01.jpg\" \/>\n\t<meta property=\"og:image:width\" content=\"1250\" \/>\n\t<meta property=\"og:image:height\" content=\"833\" \/>\n\t<meta property=\"og:image:type\" content=\"image\/jpeg\" \/>\n<meta name=\"twitter:card\" content=\"summary_large_image\" \/>\n<meta name=\"twitter:site\" content=\"@ticaretedutr\" \/>\n<meta name=\"twitter:label1\" content=\"Tahmini okuma s\u00fcresi\" \/>\n\t<meta name=\"twitter:data1\" content=\"2 dakika\" \/>\n<script type=\"application\/ld+json\" class=\"yoast-schema-graph\">{\"@context\":\"https:\/\/schema.org\",\"@graph\":[{\"@type\":\"WebPage\",\"@id\":\"https:\/\/ticaret.edu.tr\/isletme-fakultesi\/en\/units-quality-committee\/\",\"url\":\"https:\/\/ticaret.edu.tr\/isletme-fakultesi\/en\/units-quality-committee\/\",\"name\":\"Unit's Quality Committee - \u0130\u015fletme Fak\u00fcltesi\",\"isPartOf\":{\"@id\":\"https:\/\/ticaret.edu.tr\/isletme-fakultesi\/#website\"},\"datePublished\":\"2025-02-12T13:55:26+00:00\",\"dateModified\":\"2026-03-04T08:11:16+00:00\",\"breadcrumb\":{\"@id\":\"https:\/\/ticaret.edu.tr\/isletme-fakultesi\/en\/units-quality-committee\/#breadcrumb\"},\"inLanguage\":\"tr\",\"potentialAction\":[{\"@type\":\"ReadAction\",\"target\":[\"https:\/\/ticaret.edu.tr\/isletme-fakultesi\/en\/units-quality-committee\/\"]}]},{\"@type\":\"BreadcrumbList\",\"@id\":\"https:\/\/ticaret.edu.tr\/isletme-fakultesi\/en\/units-quality-committee\/#breadcrumb\",\"itemListElement\":[{\"@type\":\"ListItem\",\"position\":1,\"name\":\"Ana sayfa\",\"item\":\"https:\/\/ticaret.edu.tr\/isletme-fakultesi\/\"},{\"@type\":\"ListItem\",\"position\":2,\"name\":\"Unit&#8217;s Quality Committee\"}]},{\"@type\":\"WebSite\",\"@id\":\"https:\/\/ticaret.edu.tr\/isletme-fakultesi\/#website\",\"url\":\"https:\/\/ticaret.edu.tr\/isletme-fakultesi\/\",\"name\":\"\u0130\u015fletme Fak\u00fcltesi\",\"description\":\"\",\"potentialAction\":[{\"@type\":\"SearchAction\",\"target\":{\"@type\":\"EntryPoint\",\"urlTemplate\":\"https:\/\/ticaret.edu.tr\/isletme-fakultesi\/?s={search_term_string}\"},\"query-input\":\"required name=search_term_string\"}],\"inLanguage\":\"tr\"}]}<\/script>\n<!-- \/ Yoast SEO Premium plugin. -->","yoast_head_json":{"title":"Unit's Quality Committee - \u0130\u015fletme Fak\u00fcltesi","robots":{"index":"index","follow":"follow","max-snippet":"max-snippet:-1","max-image-preview":"max-image-preview:large","max-video-preview":"max-video-preview:-1"},"canonical":"https:\/\/ticaret.edu.tr\/isletme-fakultesi\/en\/units-quality-committee\/","og_locale":"tr_TR","og_type":"article","og_title":"Unit's Quality Committee","og_description":"Title \/ Role Name Position (English) Chair (President) Asst. Prof. Dr. Tu\u011frul ARIK Assistant Professor &#8211; Vice Dean Member Asst. Prof. Dr. Mefule FINDIK\u00c7I ERDO\u011eAN Assistant Professor &#8211; Vice Dean Member Prof. Dr. Bet\u00fcl G\u00dcR Professor &#8211; Head of Economics Department Member Assoc. Prof. Dr. Sinem SEF\u0130L TANSEVER Associate Professor &#8211; Acting Head of Economics [&hellip;]","og_url":"https:\/\/ticaret.edu.tr\/isletme-fakultesi\/en\/units-quality-committee\/","og_site_name":"\u0130\u015fletme Fak\u00fcltesi","article_publisher":"https:\/\/www.facebook.com\/ticaretedutr","article_modified_time":"2026-03-04T08:11:16+00:00","og_image":[{"width":1250,"height":833,"url":"http:\/\/ticaret.edu.tr\/isletme-fakultesi\/wp-content\/uploads\/sites\/7\/2021\/11\/web_logo-01.jpg","type":"image\/jpeg"}],"twitter_card":"summary_large_image","twitter_site":"@ticaretedutr","twitter_misc":{"Tahmini okuma s\u00fcresi":"2 dakika"},"schema":{"@context":"https:\/\/schema.org","@graph":[{"@type":"WebPage","@id":"https:\/\/ticaret.edu.tr\/isletme-fakultesi\/en\/units-quality-committee\/","url":"https:\/\/ticaret.edu.tr\/isletme-fakultesi\/en\/units-quality-committee\/","name":"Unit's Quality Committee - \u0130\u015fletme Fak\u00fcltesi","isPartOf":{"@id":"https:\/\/ticaret.edu.tr\/isletme-fakultesi\/#website"},"datePublished":"2025-02-12T13:55:26+00:00","dateModified":"2026-03-04T08:11:16+00:00","breadcrumb":{"@id":"https:\/\/ticaret.edu.tr\/isletme-fakultesi\/en\/units-quality-committee\/#breadcrumb"},"inLanguage":"tr","potentialAction":[{"@type":"ReadAction","target":["https:\/\/ticaret.edu.tr\/isletme-fakultesi\/en\/units-quality-committee\/"]}]},{"@type":"BreadcrumbList","@id":"https:\/\/ticaret.edu.tr\/isletme-fakultesi\/en\/units-quality-committee\/#breadcrumb","itemListElement":[{"@type":"ListItem","position":1,"name":"Ana sayfa","item":"https:\/\/ticaret.edu.tr\/isletme-fakultesi\/"},{"@type":"ListItem","position":2,"name":"Unit&#8217;s Quality Committee"}]},{"@type":"WebSite","@id":"https:\/\/ticaret.edu.tr\/isletme-fakultesi\/#website","url":"https:\/\/ticaret.edu.tr\/isletme-fakultesi\/","name":"\u0130\u015fletme Fak\u00fcltesi","description":"","potentialAction":[{"@type":"SearchAction","target":{"@type":"EntryPoint","urlTemplate":"https:\/\/ticaret.edu.tr\/isletme-fakultesi\/?s={search_term_string}"},"query-input":"required name=search_term_string"}],"inLanguage":"tr"}]}},"lang":"en","translations":{"en":1698,"tr":1548},"pll_sync_post":[],"_links":{"self":[{"href":"http:\/\/ticaret.edu.tr\/isletme-fakultesi\/wp-json\/wp\/v2\/pages\/1698"}],"collection":[{"href":"http:\/\/ticaret.edu.tr\/isletme-fakultesi\/wp-json\/wp\/v2\/pages"}],"about":[{"href":"http:\/\/ticaret.edu.tr\/isletme-fakultesi\/wp-json\/wp\/v2\/types\/page"}],"author":[{"embeddable":true,"href":"http:\/\/ticaret.edu.tr\/isletme-fakultesi\/wp-json\/wp\/v2\/users\/228"}],"replies":[{"embeddable":true,"href":"http:\/\/ticaret.edu.tr\/isletme-fakultesi\/wp-json\/wp\/v2\/comments?post=1698"}],"version-history":[{"count":5,"href":"http:\/\/ticaret.edu.tr\/isletme-fakultesi\/wp-json\/wp\/v2\/pages\/1698\/revisions"}],"predecessor-version":[{"id":2472,"href":"http:\/\/ticaret.edu.tr\/isletme-fakultesi\/wp-json\/wp\/v2\/pages\/1698\/revisions\/2472"}],"wp:attachment":[{"href":"http:\/\/ticaret.edu.tr\/isletme-fakultesi\/wp-json\/wp\/v2\/media?parent=1698"}],"curies":[{"name":"wp","href":"https:\/\/api.w.org\/{rel}","templated":true}]}}