{"id":2085,"date":"2026-01-07T17:15:50","date_gmt":"2026-01-07T14:15:50","guid":{"rendered":"https:\/\/ticaret.edu.tr\/isletme-fakultesi\/?page_id=2085"},"modified":"2026-01-15T14:59:01","modified_gmt":"2026-01-15T11:59:01","slug":"dilekce-ve-formlar","status":"publish","type":"page","link":"http:\/\/ticaret.edu.tr\/isletme-fakultesi\/dilekce-ve-formlar\/","title":{"rendered":"Dilek\u00e7e ve Formlar"},"content":{"rendered":"<ol>\n<li>\n<h2><a href=\"http:\/\/ticaret.edu.tr\/isletme-fakultesi\/wp-content\/uploads\/sites\/7\/2026\/01\/FKL.FR_.06-Kayit-Dondurma-Dilekcesi.pdf\">Kay\u0131t Dondurma Dilek\u00e7esi<\/a><\/h2>\n<\/li>\n<li>\n<h2><a href=\"http:\/\/ticaret.edu.tr\/isletme-fakultesi\/wp-content\/uploads\/sites\/7\/2026\/01\/FKL.FR_.07-Kayit-Sildirme-Formu.pdf\">Kay\u0131t Sildirme Formu<\/a><\/h2>\n<\/li>\n<li>\n<h2><a href=\"http:\/\/ticaret.edu.tr\/isletme-fakultesi\/wp-content\/uploads\/sites\/7\/2026\/01\/FKL.FR_.08-Bolum-Temsilcisi-Secimi-Basvuru-Formu.pdf\">B\u00f6l\u00fcm Temsilcisi Se\u00e7imi Ba\u015fvuru Formu<\/a><\/h2>\n<\/li>\n<li>\n<h2><a href=\"http:\/\/ticaret.edu.tr\/isletme-fakultesi\/wp-content\/uploads\/sites\/7\/2026\/01\/FKL.FR_.11-Ders-Notu-Itiraz-Dilekcesi.pdf\">Ders Notu \u0130tiraz Dilek\u00e7esi<\/a><\/h2>\n<\/li>\n<li>\n<h2><a href=\"http:\/\/ticaret.edu.tr\/isletme-fakultesi\/wp-content\/uploads\/sites\/7\/2026\/01\/FKL.FR_.14-DIger-Universitelerde-Yaz-Okulu-Basvuru-Formu.pdf\">D\u0130\u011fer \u00dcniversitelerde Yaz Okulu Ba\u015fvuru Formu<\/a><\/h2>\n<\/li>\n<li>\n<h2><a href=\"http:\/\/ticaret.edu.tr\/isletme-fakultesi\/wp-content\/uploads\/sites\/7\/2026\/01\/FKL.FR_.16-Ogrenci-Konseyi-Bolum-Temsilcisi-Secimi-Basvuru-Formu.pdf\">\u00d6\u011frenci Konseyi B\u00f6l\u00fcm Temsilcisi Se\u00e7imi Ba\u015fvuru Formu<\/a><\/h2>\n<\/li>\n<li>\n<h2><a href=\"http:\/\/ticaret.edu.tr\/isletme-fakultesi\/wp-content\/uploads\/sites\/7\/2026\/01\/FKL.FR_.04-Mazeret-Sinavi-Hakki-Taninmasi-Talebine-Iliskin-Dilekce.pdf\">Mazeret S\u0131nav\u0131 Hakk\u0131 Tan\u0131nmas\u0131 Talebine \u0130li\u015fkin Dilek\u00e7e<\/a><\/h2>\n<\/li>\n<li>\n<h2><a href=\"http:\/\/ticaret.edu.tr\/isletme-fakultesi\/wp-content\/uploads\/sites\/7\/2026\/01\/FKL.FR_.05-Muafiyet-Dilekcesi.pdf\">Muafiyet Dilek\u00e7esi<\/a><\/h2>\n<\/li>\n<\/ol>\n","protected":false},"excerpt":{"rendered":"<p>Kay\u0131t Dondurma Dilek\u00e7esi Kay\u0131t Sildirme Formu B\u00f6l\u00fcm Temsilcisi Se\u00e7imi Ba\u015fvuru Formu Ders Notu \u0130tiraz Dilek\u00e7esi D\u0130\u011fer \u00dcniversitelerde Yaz Okulu Ba\u015fvuru Formu \u00d6\u011frenci Konseyi B\u00f6l\u00fcm Temsilcisi Se\u00e7imi Ba\u015fvuru Formu Mazeret S\u0131nav\u0131 Hakk\u0131 Tan\u0131nmas\u0131 Talebine \u0130li\u015fkin Dilek\u00e7e Muafiyet Dilek\u00e7esi<\/p>\n","protected":false},"author":228,"featured_media":0,"parent":0,"menu_order":0,"comment_status":"closed","ping_status":"closed","template":"genel_sayfa.php","meta":{"footnotes":""},"yoast_head":"<!-- This site is optimized with the Yoast SEO Premium plugin v22.1 (Yoast SEO v22.1) - https:\/\/yoast.com\/wordpress\/plugins\/seo\/ -->\n<title>Dilek\u00e7e ve Formlar - \u0130\u015fletme Fak\u00fcltesi<\/title>\n<meta name=\"robots\" content=\"index, follow, max-snippet:-1, max-image-preview:large, max-video-preview:-1\" \/>\n<link rel=\"canonical\" href=\"https:\/\/ticaret.edu.tr\/isletme-fakultesi\/dilekce-ve-formlar\/\" \/>\n<meta property=\"og:locale\" content=\"tr_TR\" \/>\n<meta property=\"og:type\" content=\"article\" \/>\n<meta property=\"og:title\" content=\"Dilek\u00e7e ve Formlar\" \/>\n<meta property=\"og:description\" content=\"Kay\u0131t Dondurma Dilek\u00e7esi Kay\u0131t Sildirme Formu B\u00f6l\u00fcm Temsilcisi Se\u00e7imi Ba\u015fvuru Formu Ders Notu \u0130tiraz Dilek\u00e7esi D\u0130\u011fer \u00dcniversitelerde Yaz Okulu Ba\u015fvuru Formu \u00d6\u011frenci Konseyi B\u00f6l\u00fcm Temsilcisi Se\u00e7imi Ba\u015fvuru Formu Mazeret S\u0131nav\u0131 Hakk\u0131 Tan\u0131nmas\u0131 Talebine \u0130li\u015fkin Dilek\u00e7e Muafiyet Dilek\u00e7esi\" \/>\n<meta property=\"og:url\" content=\"https:\/\/ticaret.edu.tr\/isletme-fakultesi\/dilekce-ve-formlar\/\" \/>\n<meta property=\"og:site_name\" content=\"\u0130\u015fletme Fak\u00fcltesi\" \/>\n<meta property=\"article:publisher\" content=\"https:\/\/www.facebook.com\/ticaretedutr\" \/>\n<meta property=\"article:modified_time\" content=\"2026-01-15T11:59:01+00:00\" \/>\n<meta property=\"og:image\" content=\"http:\/\/ticaret.edu.tr\/isletme-fakultesi\/wp-content\/uploads\/sites\/7\/2021\/11\/web_logo-01.jpg\" \/>\n\t<meta property=\"og:image:width\" content=\"1250\" \/>\n\t<meta property=\"og:image:height\" content=\"833\" \/>\n\t<meta property=\"og:image:type\" content=\"image\/jpeg\" \/>\n<meta name=\"twitter:card\" content=\"summary_large_image\" \/>\n<meta name=\"twitter:site\" content=\"@ticaretedutr\" \/>\n<meta name=\"twitter:label1\" content=\"Tahmini okuma s\u00fcresi\" \/>\n\t<meta name=\"twitter:data1\" content=\"1 dakika\" \/>\n<script type=\"application\/ld+json\" class=\"yoast-schema-graph\">{\"@context\":\"https:\/\/schema.org\",\"@graph\":[{\"@type\":\"WebPage\",\"@id\":\"https:\/\/ticaret.edu.tr\/isletme-fakultesi\/dilekce-ve-formlar\/\",\"url\":\"https:\/\/ticaret.edu.tr\/isletme-fakultesi\/dilekce-ve-formlar\/\",\"name\":\"Dilek\u00e7e ve Formlar - \u0130\u015fletme Fak\u00fcltesi\",\"isPartOf\":{\"@id\":\"https:\/\/ticaret.edu.tr\/isletme-fakultesi\/#website\"},\"datePublished\":\"2026-01-07T14:15:50+00:00\",\"dateModified\":\"2026-01-15T11:59:01+00:00\",\"breadcrumb\":{\"@id\":\"https:\/\/ticaret.edu.tr\/isletme-fakultesi\/dilekce-ve-formlar\/#breadcrumb\"},\"inLanguage\":\"tr\",\"potentialAction\":[{\"@type\":\"ReadAction\",\"target\":[\"https:\/\/ticaret.edu.tr\/isletme-fakultesi\/dilekce-ve-formlar\/\"]}]},{\"@type\":\"BreadcrumbList\",\"@id\":\"https:\/\/ticaret.edu.tr\/isletme-fakultesi\/dilekce-ve-formlar\/#breadcrumb\",\"itemListElement\":[{\"@type\":\"ListItem\",\"position\":1,\"name\":\"Ana sayfa\",\"item\":\"https:\/\/ticaret.edu.tr\/isletme-fakultesi\/\"},{\"@type\":\"ListItem\",\"position\":2,\"name\":\"Dilek\u00e7e ve Formlar\"}]},{\"@type\":\"WebSite\",\"@id\":\"https:\/\/ticaret.edu.tr\/isletme-fakultesi\/#website\",\"url\":\"https:\/\/ticaret.edu.tr\/isletme-fakultesi\/\",\"name\":\"\u0130\u015fletme Fak\u00fcltesi\",\"description\":\"\",\"potentialAction\":[{\"@type\":\"SearchAction\",\"target\":{\"@type\":\"EntryPoint\",\"urlTemplate\":\"https:\/\/ticaret.edu.tr\/isletme-fakultesi\/?s={search_term_string}\"},\"query-input\":\"required name=search_term_string\"}],\"inLanguage\":\"tr\"}]}<\/script>\n<!-- \/ Yoast SEO Premium plugin. -->","yoast_head_json":{"title":"Dilek\u00e7e ve Formlar - \u0130\u015fletme Fak\u00fcltesi","robots":{"index":"index","follow":"follow","max-snippet":"max-snippet:-1","max-image-preview":"max-image-preview:large","max-video-preview":"max-video-preview:-1"},"canonical":"https:\/\/ticaret.edu.tr\/isletme-fakultesi\/dilekce-ve-formlar\/","og_locale":"tr_TR","og_type":"article","og_title":"Dilek\u00e7e ve Formlar","og_description":"Kay\u0131t Dondurma Dilek\u00e7esi Kay\u0131t Sildirme Formu B\u00f6l\u00fcm Temsilcisi Se\u00e7imi Ba\u015fvuru Formu Ders Notu \u0130tiraz Dilek\u00e7esi D\u0130\u011fer \u00dcniversitelerde Yaz Okulu Ba\u015fvuru Formu \u00d6\u011frenci Konseyi B\u00f6l\u00fcm Temsilcisi Se\u00e7imi Ba\u015fvuru Formu Mazeret S\u0131nav\u0131 Hakk\u0131 Tan\u0131nmas\u0131 Talebine \u0130li\u015fkin Dilek\u00e7e Muafiyet Dilek\u00e7esi","og_url":"https:\/\/ticaret.edu.tr\/isletme-fakultesi\/dilekce-ve-formlar\/","og_site_name":"\u0130\u015fletme Fak\u00fcltesi","article_publisher":"https:\/\/www.facebook.com\/ticaretedutr","article_modified_time":"2026-01-15T11:59:01+00:00","og_image":[{"width":1250,"height":833,"url":"http:\/\/ticaret.edu.tr\/isletme-fakultesi\/wp-content\/uploads\/sites\/7\/2021\/11\/web_logo-01.jpg","type":"image\/jpeg"}],"twitter_card":"summary_large_image","twitter_site":"@ticaretedutr","twitter_misc":{"Tahmini okuma s\u00fcresi":"1 dakika"},"schema":{"@context":"https:\/\/schema.org","@graph":[{"@type":"WebPage","@id":"https:\/\/ticaret.edu.tr\/isletme-fakultesi\/dilekce-ve-formlar\/","url":"https:\/\/ticaret.edu.tr\/isletme-fakultesi\/dilekce-ve-formlar\/","name":"Dilek\u00e7e ve Formlar - \u0130\u015fletme Fak\u00fcltesi","isPartOf":{"@id":"https:\/\/ticaret.edu.tr\/isletme-fakultesi\/#website"},"datePublished":"2026-01-07T14:15:50+00:00","dateModified":"2026-01-15T11:59:01+00:00","breadcrumb":{"@id":"https:\/\/ticaret.edu.tr\/isletme-fakultesi\/dilekce-ve-formlar\/#breadcrumb"},"inLanguage":"tr","potentialAction":[{"@type":"ReadAction","target":["https:\/\/ticaret.edu.tr\/isletme-fakultesi\/dilekce-ve-formlar\/"]}]},{"@type":"BreadcrumbList","@id":"https:\/\/ticaret.edu.tr\/isletme-fakultesi\/dilekce-ve-formlar\/#breadcrumb","itemListElement":[{"@type":"ListItem","position":1,"name":"Ana sayfa","item":"https:\/\/ticaret.edu.tr\/isletme-fakultesi\/"},{"@type":"ListItem","position":2,"name":"Dilek\u00e7e ve Formlar"}]},{"@type":"WebSite","@id":"https:\/\/ticaret.edu.tr\/isletme-fakultesi\/#website","url":"https:\/\/ticaret.edu.tr\/isletme-fakultesi\/","name":"\u0130\u015fletme Fak\u00fcltesi","description":"","potentialAction":[{"@type":"SearchAction","target":{"@type":"EntryPoint","urlTemplate":"https:\/\/ticaret.edu.tr\/isletme-fakultesi\/?s={search_term_string}"},"query-input":"required name=search_term_string"}],"inLanguage":"tr"}]}},"lang":"tr","translations":{"en":2144,"tr":2085},"pll_sync_post":[],"_links":{"self":[{"href":"http:\/\/ticaret.edu.tr\/isletme-fakultesi\/wp-json\/wp\/v2\/pages\/2085"}],"collection":[{"href":"http:\/\/ticaret.edu.tr\/isletme-fakultesi\/wp-json\/wp\/v2\/pages"}],"about":[{"href":"http:\/\/ticaret.edu.tr\/isletme-fakultesi\/wp-json\/wp\/v2\/types\/page"}],"author":[{"embeddable":true,"href":"http:\/\/ticaret.edu.tr\/isletme-fakultesi\/wp-json\/wp\/v2\/users\/228"}],"replies":[{"embeddable":true,"href":"http:\/\/ticaret.edu.tr\/isletme-fakultesi\/wp-json\/wp\/v2\/comments?post=2085"}],"version-history":[{"count":4,"href":"http:\/\/ticaret.edu.tr\/isletme-fakultesi\/wp-json\/wp\/v2\/pages\/2085\/revisions"}],"predecessor-version":[{"id":2315,"href":"http:\/\/ticaret.edu.tr\/isletme-fakultesi\/wp-json\/wp\/v2\/pages\/2085\/revisions\/2315"}],"wp:attachment":[{"href":"http:\/\/ticaret.edu.tr\/isletme-fakultesi\/wp-json\/wp\/v2\/media?parent=2085"}],"curies":[{"name":"wp","href":"https:\/\/api.w.org\/{rel}","templated":true}]}}