{"id":2144,"date":"2026-01-09T13:41:55","date_gmt":"2026-01-09T10:41:55","guid":{"rendered":"https:\/\/ticaret.edu.tr\/isletme-fakultesi\/?page_id=2144"},"modified":"2026-01-15T14:58:37","modified_gmt":"2026-01-15T11:58:37","slug":"petitions-and-forms","status":"publish","type":"page","link":"http:\/\/ticaret.edu.tr\/isletme-fakultesi\/en\/petitions-and-forms\/","title":{"rendered":"Petitions and Forms"},"content":{"rendered":"<ol>\n<li class=\"tw-data-text tw-text-large tw-ta\" dir=\"ltr\" role=\"text\" data-placeholder=\"\u00c7eviri\" data-ved=\"2ahUKEwioi5XevI2SAxUQcvEDHbQgHJkQ3ewLegQIDRAW\" aria-label=\"\u00c7evrilmi\u015f metin: Application for Suspension of Registration Registration Cancellation Form Application Form for Department Representative Election Application Form for Appealing Course Grade Application Form for Summer School at Other Universities Application Form for Student Council Department Representative Election Application Form for Requesting a Make-up Exam Application Form for Exemption\">\n<h2><a href=\"http:\/\/ticaret.edu.tr\/isletme-fakultesi\/wp-content\/uploads\/sites\/7\/2026\/01\/FKL.FR_.08-Bolum-Temsilcisi-Secimi-Basvuru-Formu-1.pdf\">Department Representative Election Application Form<\/a><\/h2>\n<\/li>\n<li class=\"tw-data-text tw-text-large tw-ta\" dir=\"ltr\" role=\"text\" data-placeholder=\"\u00c7eviri\" data-ved=\"2ahUKEwioi5XevI2SAxUQcvEDHbQgHJkQ3ewLegQIDRAW\" aria-label=\"\u00c7evrilmi\u015f metin: Application for Suspension of Registration Registration Cancellation Form Application Form for Department Representative Election Application Form for Appealing Course Grade Application Form for Summer School at Other Universities Application Form for Student Council Department Representative Election Application Form for Requesting a Make-up Exam Application Form for Exemption\">\n<h2><a href=\"http:\/\/ticaret.edu.tr\/isletme-fakultesi\/wp-content\/uploads\/sites\/7\/2026\/01\/FKL.FR_.11-Ders-Notu-Itiraz-Dilekcesi-1.pdf\">Course Note Objection Petition<\/a><\/h2>\n<\/li>\n<li class=\"tw-data-text tw-text-large tw-ta\" dir=\"ltr\" role=\"text\" data-placeholder=\"\u00c7eviri\" data-ved=\"2ahUKEwioi5XevI2SAxUQcvEDHbQgHJkQ3ewLegQIDRAW\" aria-label=\"\u00c7evrilmi\u015f metin: Application for Suspension of Registration Registration Cancellation Form Application Form for Department Representative Election Application Form for Appealing Course Grade Application Form for Summer School at Other Universities Application Form for Student Council Department Representative Election Application Form for Requesting a Make-up Exam Application Form for Exemption\">\n<h2><a href=\"http:\/\/ticaret.edu.tr\/isletme-fakultesi\/wp-content\/uploads\/sites\/7\/2026\/01\/FKL.FR_.14-DIger-Universitelerde-Yaz-Okulu-Basvuru-Formu-1.pdf\">Summer School Application Form at Other Universities<\/a><\/h2>\n<\/li>\n<li class=\"tw-data-text tw-text-large tw-ta\" dir=\"ltr\" role=\"text\" data-placeholder=\"\u00c7eviri\" data-ved=\"2ahUKEwioi5XevI2SAxUQcvEDHbQgHJkQ3ewLegQIDRAW\" aria-label=\"\u00c7evrilmi\u015f metin: Application for Suspension of Registration Registration Cancellation Form Application Form for Department Representative Election Application Form for Appealing Course Grade Application Form for Summer School at Other Universities Application Form for Student Council Department Representative Election Application Form for Requesting a Make-up Exam Application Form for Exemption\">\n<h2><a href=\"http:\/\/ticaret.edu.tr\/isletme-fakultesi\/wp-content\/uploads\/sites\/7\/2026\/01\/FKL.FR_.16-Ogrenci-Konseyi-Bolum-Temsilcisi-Secimi-Basvuru-Formu-1.pdf\">Student Council Department Representative Election Application Form<\/a><\/h2>\n<\/li>\n<li class=\"tw-data-text tw-text-large tw-ta\" dir=\"ltr\" role=\"text\" data-placeholder=\"\u00c7eviri\" data-ved=\"2ahUKEwioi5XevI2SAxUQcvEDHbQgHJkQ3ewLegQIDRAW\" aria-label=\"\u00c7evrilmi\u015f metin: Application for Suspension of Registration Registration Cancellation Form Application Form for Department Representative Election Application Form for Appealing Course Grade Application Form for Summer School at Other Universities Application Form for Student Council Department Representative Election Application Form for Requesting a Make-up Exam Application Form for Exemption\">\n<h2><a href=\"http:\/\/ticaret.edu.tr\/isletme-fakultesi\/wp-content\/uploads\/sites\/7\/2026\/01\/FKL.FR_.04-Mazeret-Sinavi-Hakki-Taninmasi-Talebine-Iliskin-Dilekce-1.pdf\">Petition Regarding Request for Granting the Right to a Make-up Exam<\/a><\/h2>\n<\/li>\n<li class=\"tw-data-text tw-text-large tw-ta\" dir=\"ltr\" role=\"text\" data-placeholder=\"\u00c7eviri\" data-ved=\"2ahUKEwioi5XevI2SAxUQcvEDHbQgHJkQ3ewLegQIDRAW\" aria-label=\"\u00c7evrilmi\u015f metin: Application for Suspension of Registration Registration Cancellation Form Application Form for Department Representative Election Application Form for Appealing Course Grade Application Form for Summer School at Other Universities Application Form for Student Council Department Representative Election Application Form for Requesting a Make-up Exam Application Form for Exemption\">\n<h2><a href=\"http:\/\/ticaret.edu.tr\/isletme-fakultesi\/wp-content\/uploads\/sites\/7\/2026\/01\/FKL.FR_.05-Muafiyet-Dilekcesi-1.pdf\">Exemption Petition<\/a><\/h2>\n<\/li>\n<li class=\"tw-data-text tw-text-large tw-ta\" dir=\"ltr\" role=\"text\" data-placeholder=\"\u00c7eviri\" data-ved=\"2ahUKEwioi5XevI2SAxUQcvEDHbQgHJkQ3ewLegQIDRAW\" aria-label=\"\u00c7evrilmi\u015f metin: Application for Suspension of Registration Registration Cancellation Form Application Form for Department Representative Election Application Form for Appealing Course Grade Application Form for Summer School at Other Universities Application Form for Student Council Department Representative Election Application Form for Requesting a Make-up Exam Application Form for Exemption\">\n<h2><a href=\"http:\/\/ticaret.edu.tr\/isletme-fakultesi\/wp-content\/uploads\/sites\/7\/2026\/01\/FKL.FR_.06-Kayit-Dondurma-Dilekcesi-1.pdf\">Registration Freeze Petition<\/a><\/h2>\n<\/li>\n<li class=\"tw-data-text tw-text-large tw-ta\" dir=\"ltr\" role=\"text\" data-placeholder=\"\u00c7eviri\" data-ved=\"2ahUKEwioi5XevI2SAxUQcvEDHbQgHJkQ3ewLegQIDRAW\" aria-label=\"\u00c7evrilmi\u015f metin: Application for Suspension of Registration Registration Cancellation Form Application Form for Department Representative Election Application Form for Appealing Course Grade Application Form for Summer School at Other Universities Application Form for Student Council Department Representative Election Application Form for Requesting a Make-up Exam Application Form for Exemption\">\n<h2><a href=\"http:\/\/ticaret.edu.tr\/isletme-fakultesi\/wp-content\/uploads\/sites\/7\/2026\/01\/FKL.FR_.07-Kayit-Sildirme-Formu-1.pdf\">Registration Cancellation Form<\/a><\/h2>\n<\/li>\n<\/ol>\n","protected":false},"excerpt":{"rendered":"<p>Department Representative Election Application Form Course Note Objection Petition Summer School Application Form at Other Universities Student Council Department Representative Election Application Form Petition Regarding Request for Granting the Right to a Make-up Exam Exemption Petition Registration Freeze Petition Registration Cancellation Form<\/p>\n","protected":false},"author":245,"featured_media":0,"parent":0,"menu_order":0,"comment_status":"closed","ping_status":"closed","template":"genel_sayfa.php","meta":{"footnotes":""},"yoast_head":"<!-- This site is optimized with the Yoast SEO Premium plugin v22.1 (Yoast SEO v22.1) - https:\/\/yoast.com\/wordpress\/plugins\/seo\/ -->\n<title>Petitions and Forms - \u0130\u015fletme Fak\u00fcltesi<\/title>\n<meta name=\"robots\" content=\"index, follow, max-snippet:-1, max-image-preview:large, max-video-preview:-1\" \/>\n<link rel=\"canonical\" href=\"https:\/\/ticaret.edu.tr\/isletme-fakultesi\/en\/petitions-and-forms\/\" \/>\n<meta property=\"og:locale\" content=\"tr_TR\" \/>\n<meta property=\"og:type\" content=\"article\" \/>\n<meta property=\"og:title\" content=\"Petitions and Forms\" \/>\n<meta property=\"og:description\" content=\"Department Representative Election Application Form Course Note Objection Petition Summer School Application Form at Other Universities Student Council Department Representative Election Application Form Petition Regarding Request for Granting the Right to a Make-up Exam Exemption Petition Registration Freeze Petition Registration Cancellation Form\" \/>\n<meta property=\"og:url\" content=\"https:\/\/ticaret.edu.tr\/isletme-fakultesi\/en\/petitions-and-forms\/\" \/>\n<meta property=\"og:site_name\" content=\"\u0130\u015fletme Fak\u00fcltesi\" \/>\n<meta property=\"article:publisher\" content=\"https:\/\/www.facebook.com\/ticaretedutr\" \/>\n<meta property=\"article:modified_time\" content=\"2026-01-15T11:58:37+00:00\" \/>\n<meta property=\"og:image\" content=\"http:\/\/ticaret.edu.tr\/isletme-fakultesi\/wp-content\/uploads\/sites\/7\/2021\/11\/web_logo-01.jpg\" \/>\n\t<meta property=\"og:image:width\" content=\"1250\" \/>\n\t<meta property=\"og:image:height\" content=\"833\" \/>\n\t<meta property=\"og:image:type\" content=\"image\/jpeg\" \/>\n<meta name=\"twitter:card\" content=\"summary_large_image\" \/>\n<meta name=\"twitter:site\" content=\"@ticaretedutr\" \/>\n<meta name=\"twitter:label1\" content=\"Tahmini okuma s\u00fcresi\" \/>\n\t<meta name=\"twitter:data1\" content=\"1 dakika\" \/>\n<script type=\"application\/ld+json\" class=\"yoast-schema-graph\">{\"@context\":\"https:\/\/schema.org\",\"@graph\":[{\"@type\":\"WebPage\",\"@id\":\"https:\/\/ticaret.edu.tr\/isletme-fakultesi\/en\/petitions-and-forms\/\",\"url\":\"https:\/\/ticaret.edu.tr\/isletme-fakultesi\/en\/petitions-and-forms\/\",\"name\":\"Petitions and Forms - \u0130\u015fletme Fak\u00fcltesi\",\"isPartOf\":{\"@id\":\"http:\/\/ticaret.edu.tr\/isletme-fakultesi\/en\/#website\"},\"datePublished\":\"2026-01-09T10:41:55+00:00\",\"dateModified\":\"2026-01-15T11:58:37+00:00\",\"breadcrumb\":{\"@id\":\"https:\/\/ticaret.edu.tr\/isletme-fakultesi\/en\/petitions-and-forms\/#breadcrumb\"},\"inLanguage\":\"tr\",\"potentialAction\":[{\"@type\":\"ReadAction\",\"target\":[\"https:\/\/ticaret.edu.tr\/isletme-fakultesi\/en\/petitions-and-forms\/\"]}]},{\"@type\":\"BreadcrumbList\",\"@id\":\"https:\/\/ticaret.edu.tr\/isletme-fakultesi\/en\/petitions-and-forms\/#breadcrumb\",\"itemListElement\":[{\"@type\":\"ListItem\",\"position\":1,\"name\":\"Ana sayfa\",\"item\":\"https:\/\/ticaret.edu.tr\/isletme-fakultesi\/\"},{\"@type\":\"ListItem\",\"position\":2,\"name\":\"Petitions and Forms\"}]},{\"@type\":\"WebSite\",\"@id\":\"http:\/\/ticaret.edu.tr\/isletme-fakultesi\/en\/#website\",\"url\":\"http:\/\/ticaret.edu.tr\/isletme-fakultesi\/en\/\",\"name\":\"\u0130\u015fletme Fak\u00fcltesi\",\"description\":\"\",\"potentialAction\":[{\"@type\":\"SearchAction\",\"target\":{\"@type\":\"EntryPoint\",\"urlTemplate\":\"http:\/\/ticaret.edu.tr\/isletme-fakultesi\/en\/?s={search_term_string}\"},\"query-input\":\"required name=search_term_string\"}],\"inLanguage\":\"tr\"}]}<\/script>\n<!-- \/ Yoast SEO Premium plugin. -->","yoast_head_json":{"title":"Petitions and Forms - \u0130\u015fletme Fak\u00fcltesi","robots":{"index":"index","follow":"follow","max-snippet":"max-snippet:-1","max-image-preview":"max-image-preview:large","max-video-preview":"max-video-preview:-1"},"canonical":"https:\/\/ticaret.edu.tr\/isletme-fakultesi\/en\/petitions-and-forms\/","og_locale":"tr_TR","og_type":"article","og_title":"Petitions and Forms","og_description":"Department Representative Election Application Form Course Note Objection Petition Summer School Application Form at Other Universities Student Council Department Representative Election Application Form Petition Regarding Request for Granting the Right to a Make-up Exam Exemption Petition Registration Freeze Petition Registration Cancellation Form","og_url":"https:\/\/ticaret.edu.tr\/isletme-fakultesi\/en\/petitions-and-forms\/","og_site_name":"\u0130\u015fletme Fak\u00fcltesi","article_publisher":"https:\/\/www.facebook.com\/ticaretedutr","article_modified_time":"2026-01-15T11:58:37+00:00","og_image":[{"width":1250,"height":833,"url":"http:\/\/ticaret.edu.tr\/isletme-fakultesi\/wp-content\/uploads\/sites\/7\/2021\/11\/web_logo-01.jpg","type":"image\/jpeg"}],"twitter_card":"summary_large_image","twitter_site":"@ticaretedutr","twitter_misc":{"Tahmini okuma s\u00fcresi":"1 dakika"},"schema":{"@context":"https:\/\/schema.org","@graph":[{"@type":"WebPage","@id":"https:\/\/ticaret.edu.tr\/isletme-fakultesi\/en\/petitions-and-forms\/","url":"https:\/\/ticaret.edu.tr\/isletme-fakultesi\/en\/petitions-and-forms\/","name":"Petitions and Forms - \u0130\u015fletme Fak\u00fcltesi","isPartOf":{"@id":"http:\/\/ticaret.edu.tr\/isletme-fakultesi\/en\/#website"},"datePublished":"2026-01-09T10:41:55+00:00","dateModified":"2026-01-15T11:58:37+00:00","breadcrumb":{"@id":"https:\/\/ticaret.edu.tr\/isletme-fakultesi\/en\/petitions-and-forms\/#breadcrumb"},"inLanguage":"tr","potentialAction":[{"@type":"ReadAction","target":["https:\/\/ticaret.edu.tr\/isletme-fakultesi\/en\/petitions-and-forms\/"]}]},{"@type":"BreadcrumbList","@id":"https:\/\/ticaret.edu.tr\/isletme-fakultesi\/en\/petitions-and-forms\/#breadcrumb","itemListElement":[{"@type":"ListItem","position":1,"name":"Ana sayfa","item":"https:\/\/ticaret.edu.tr\/isletme-fakultesi\/"},{"@type":"ListItem","position":2,"name":"Petitions and Forms"}]},{"@type":"WebSite","@id":"http:\/\/ticaret.edu.tr\/isletme-fakultesi\/en\/#website","url":"http:\/\/ticaret.edu.tr\/isletme-fakultesi\/en\/","name":"\u0130\u015fletme Fak\u00fcltesi","description":"","potentialAction":[{"@type":"SearchAction","target":{"@type":"EntryPoint","urlTemplate":"http:\/\/ticaret.edu.tr\/isletme-fakultesi\/en\/?s={search_term_string}"},"query-input":"required name=search_term_string"}],"inLanguage":"tr"}]}},"lang":"en","translations":{"en":2144,"tr":2085},"pll_sync_post":[],"_links":{"self":[{"href":"http:\/\/ticaret.edu.tr\/isletme-fakultesi\/wp-json\/wp\/v2\/pages\/2144"}],"collection":[{"href":"http:\/\/ticaret.edu.tr\/isletme-fakultesi\/wp-json\/wp\/v2\/pages"}],"about":[{"href":"http:\/\/ticaret.edu.tr\/isletme-fakultesi\/wp-json\/wp\/v2\/types\/page"}],"author":[{"embeddable":true,"href":"http:\/\/ticaret.edu.tr\/isletme-fakultesi\/wp-json\/wp\/v2\/users\/245"}],"replies":[{"embeddable":true,"href":"http:\/\/ticaret.edu.tr\/isletme-fakultesi\/wp-json\/wp\/v2\/comments?post=2144"}],"version-history":[{"count":7,"href":"http:\/\/ticaret.edu.tr\/isletme-fakultesi\/wp-json\/wp\/v2\/pages\/2144\/revisions"}],"predecessor-version":[{"id":2314,"href":"http:\/\/ticaret.edu.tr\/isletme-fakultesi\/wp-json\/wp\/v2\/pages\/2144\/revisions\/2314"}],"wp:attachment":[{"href":"http:\/\/ticaret.edu.tr\/isletme-fakultesi\/wp-json\/wp\/v2\/media?parent=2144"}],"curies":[{"name":"wp","href":"https:\/\/api.w.org\/{rel}","templated":true}]}}