{"id":2177,"date":"2026-01-14T14:06:14","date_gmt":"2026-01-14T11:06:14","guid":{"rendered":"https:\/\/ticaret.edu.tr\/isletme-fakultesi\/?page_id=2177"},"modified":"2026-01-15T09:59:25","modified_gmt":"2026-01-15T06:59:25","slug":"internship","status":"publish","type":"page","link":"http:\/\/ticaret.edu.tr\/isletme-fakultesi\/en\/internship\/","title":{"rendered":"Internship"},"content":{"rendered":"<div id=\"model-response-message-contentr_5ea909de861ab215\" class=\"markdown markdown-main-panel enable-updated-hr-color\" dir=\"ltr\" aria-live=\"polite\">\n<div id=\"model-response-message-contentr_8cab2d82b96a5563\" class=\"markdown markdown-main-panel enable-updated-hr-color\" dir=\"ltr\" aria-live=\"polite\">\n<h3><em><strong><u><a id=\"OWA2c79e498-7413-5021-c4ef-68f7fb5d7d2b\" class=\"x_OWAAutoLink\" title=\"https:\/\/ticaret.edu.tr\/wp-content\/uploads\/2023\/03\/Istanbul-Ticaret-Universitesi-Staj-Yonergesi.pdf\" href=\"https:\/\/ticaret.edu.tr\/wp-content\/uploads\/2023\/03\/Istanbul-Ticaret-Universitesi-Staj-Yonergesi.pdf\" target=\"_blank\" rel=\"noopener noreferrer\" data-auth=\"NotApplicable\" data-linkindex=\"0\" data-olk-copy-source=\"MessageBody\"><span dir=\"auto\">For Istanbul Commerce University Internship Guidelines\u00a0<\/span><\/a><a href=\"https:\/\/ticaret.edu.tr\/wp-content\/uploads\/2023\/03\/Istanbul-Ticaret-Universitesi-Staj-Yonergesi.pdf\"><span dir=\"auto\">(Click here!)<\/span><\/a><\/u><\/strong><\/em><\/h3>\n<h3><em><strong><u><a class=\"x_OWAAutoLink\" title=\"https:\/\/kariyer.ticaret.edu.tr\/ogrenciler\/staj-belgeleri\/staj-formlari\" href=\"https:\/\/kariyer.ticaret.edu.tr\/ogrenciler\/staj-belgeleri\/staj-formlari\" target=\"_blank\" rel=\"noopener noreferrer\" data-auth=\"NotApplicable\" data-linkindex=\"1\"><span dir=\"auto\">For Internship Application Forms\u00a0<\/span><\/a><\/u><\/strong><\/em><a href=\"https:\/\/kariyer.ticaret.edu.tr\/ogrenciler\/staj-belgeleri\/staj-formlari\"><em><strong><u><span dir=\"auto\">(Click here!)<\/span><\/u><\/strong><\/em><\/a><u><a id=\"OWA71e668c1-25a7-21ba-b4f4-be5c3ac0daa4\" class=\"x_OWAAutoLink\" title=\"https:\/\/kariyer.ticaret.edu.tr\/ogrenciler\/staj-belgeleri\/staj-formlari\" href=\"https:\/\/kariyer.ticaret.edu.tr\/ogrenciler\/staj-belgeleri\/staj-formlari\" target=\"_blank\" rel=\"noopener noreferrer\" data-auth=\"NotApplicable\" data-linkindex=\"1\"><\/a><\/u><\/h3>\n<h3><em><strong><u><a class=\"x_OWAAutoLink\" title=\"https:\/\/kariyer.ticaret.edu.tr\/ogrenciler\/staj-belgeleri\/staj-defterleri\" href=\"https:\/\/kariyer.ticaret.edu.tr\/ogrenciler\/staj-belgeleri\/staj-defterleri\" target=\"_blank\" rel=\"noopener noreferrer\" data-auth=\"NotApplicable\" data-linkindex=\"2\"><span dir=\"auto\">For Internship Logbooks\u00a0<\/span><\/a><\/u><\/strong><\/em><a href=\"https:\/\/kariyer.ticaret.edu.tr\/ogrenciler\/staj-belgeleri\/staj-defterleri\"><em><strong><u><span dir=\"auto\">(Click here!)<\/span><\/u><\/strong><\/em><\/a><\/h3>\n<h3><em><strong><u><a class=\"x_OWAAutoLink\" title=\"https:\/\/kariyer.ticaret.edu.tr\/content\/3-ogrenciler\/1-staj-belgeleri\/goenullu-staj-dilekcesi-revize-2.pdf\" href=\"https:\/\/kariyer.ticaret.edu.tr\/content\/3-ogrenciler\/1-staj-belgeleri\/goenullu-staj-dilekcesi-revize-2.pdf\" target=\"_blank\" rel=\"noopener noreferrer\" data-auth=\"NotApplicable\" data-linkindex=\"3\"><span dir=\"auto\">Click here for the Volunteer Internship Application Form\u00a0<\/span><\/a><\/u><\/strong><\/em><a href=\"https:\/\/kariyer.ticaret.edu.tr\/content\/3-ogrenciler\/1-staj-belgeleri\/goenullu-staj-dilekcesi-revize-2.pdf\"><em><strong><u><span dir=\"auto\">!<\/span><\/u><\/strong><\/em><\/a><\/h3>\n<h3>\u2014\u2014\u2014\u2014\u2014\u2014\u2014\u2014\u2014\u2014\u2014\u2014<\/h3>\n<p>&nbsp;<\/p>\n<h4 data-path-to-node=\"0\"><em><strong><span dir=\"auto\">Below you will find direct links to the Internship sections on the academic pages of the 10 departments within the Faculty of Business Administration at Istanbul Commerce University, in the table below:<\/span><\/strong><\/em><\/h4>\n<div class=\"horizontal-scroll-wrapper\">\n<table data-path-to-node=\"1\">\n<thead>\n<tr>\n<td><strong><span dir=\"auto\">Section Name<\/span><\/strong><\/td>\n<td><strong><span dir=\"auto\">Internship Tab Link<\/span><\/strong><\/td>\n<\/tr>\n<\/thead>\n<tbody>\n<tr>\n<td><span data-path-to-node=\"1,1,0,0\"><b data-path-to-node=\"1,1,0,0\" data-index-in-node=\"0\"><span dir=\"auto\">Finance and Banking (English)<\/span><\/b><\/span><\/td>\n<td><span data-path-to-node=\"1,1,1,0\"><a class=\"ng-star-inserted\" href=\"https:\/\/ticaret.edu.tr\/finans-ve-bankacilik\/staj\/\" target=\"_blank\" rel=\"noopener\" data-hveid=\"0\" data-ved=\"0CAAQ_4QMahgKEwjv2K7X_vuRAxUAAAAAHQAAAAAQlww\"><span dir=\"auto\">\u00a0Go to the Internship Page<\/span><\/a><span dir=\"auto\">\u00a0!<\/span><\/span><\/td>\n<\/tr>\n<tr>\n<td><span data-path-to-node=\"1,2,0,0\"><b data-path-to-node=\"1,2,0,0\" data-index-in-node=\"0\"><span dir=\"auto\">Aviation Management<\/span><\/b><\/span><\/td>\n<td><span data-path-to-node=\"1,2,1,0\"><a class=\"ng-star-inserted\" href=\"https:\/\/ticaret.edu.tr\/havacilik-yonetimi\/staj\/\" target=\"_blank\" rel=\"noopener\" data-hveid=\"0\" data-ved=\"0CAAQ_4QMahgKEwjv2K7X_vuRAxUAAAAAHQAAAAAQmAw\"><span dir=\"auto\">\u00a0Go to the Internship Page!<\/span><\/a><\/span><\/td>\n<\/tr>\n<tr>\n<td><span data-path-to-node=\"1,3,0,0\"><b data-path-to-node=\"1,3,0,0\" data-index-in-node=\"0\"><span dir=\"auto\">Economy<\/span><\/b><\/span><\/td>\n<td><span data-path-to-node=\"1,3,1,0\"><a class=\"ng-star-inserted\" href=\"https:\/\/ticaret.edu.tr\/iktisat\/staj\/\" target=\"_blank\" rel=\"noopener\" data-hveid=\"0\" data-ved=\"0CAAQ_4QMahgKEwjv2K7X_vuRAxUAAAAAHQAAAAAQmQw\"><span dir=\"auto\">\u00a0Go to the Internship Page!<\/span><\/a><\/span><\/td>\n<\/tr>\n<tr>\n<td><span data-path-to-node=\"1,4,0,0\"><b data-path-to-node=\"1,4,0,0\" data-index-in-node=\"0\"><span dir=\"auto\">Economics (English)<\/span><\/b><\/span><\/td>\n<td><span data-path-to-node=\"1,4,1,0\"><a class=\"ng-star-inserted\" href=\"https:\/\/ticaret.edu.tr\/iktisat-ingilizce\/staj\/\" target=\"_blank\" rel=\"noopener\" data-hveid=\"0\" data-ved=\"0CAAQ_4QMahgKEwjv2K7X_vuRAxUAAAAAHQAAAAAQmgw\"><span dir=\"auto\">\u00a0Go to the Internship Page!<\/span><\/a><\/span><\/td>\n<\/tr>\n<tr>\n<td><span data-path-to-node=\"1,5,0,0\"><b data-path-to-node=\"1,5,0,0\" data-index-in-node=\"0\"><span dir=\"auto\">Business<\/span><\/b><\/span><\/td>\n<td><span data-path-to-node=\"1,5,1,0\"><a class=\"ng-star-inserted\" href=\"https:\/\/ticaret.edu.tr\/isletme-bolumu\/staj\/\" target=\"_blank\" rel=\"noopener\" data-hveid=\"0\" data-ved=\"0CAAQ_4QMahgKEwjv2K7X_vuRAxUAAAAAHQAAAAAQmww\"><span dir=\"auto\">\u00a0Go to the Internship Page!<\/span><\/a><\/span><\/td>\n<\/tr>\n<tr>\n<td><span data-path-to-node=\"1,6,0,0\"><b data-path-to-node=\"1,6,0,0\" data-index-in-node=\"0\"><span dir=\"auto\">Business (English)<\/span><\/b><\/span><\/td>\n<td><span data-path-to-node=\"1,6,1,0\"><a class=\"ng-star-inserted\" href=\"https:\/\/ticaret.edu.tr\/isletme-ingilizce\/staj\/\" target=\"_blank\" rel=\"noopener\" data-hveid=\"0\" data-ved=\"0CAAQ_4QMahgKEwjv2K7X_vuRAxUAAAAAHQAAAAAQnAw\"><span dir=\"auto\">\u00a0Go to the Internship Page!<\/span><\/a><\/span><\/td>\n<\/tr>\n<tr>\n<td><span data-path-to-node=\"1,7,0,0\"><b data-path-to-node=\"1,7,0,0\" data-index-in-node=\"0\"><span dir=\"auto\">Logistics Management<\/span><\/b><\/span><\/td>\n<td><span data-path-to-node=\"1,7,1,0\"><a class=\"ng-star-inserted\" href=\"https:\/\/ticaret.edu.tr\/lojistik-yonetimi\/staj\/\" target=\"_blank\" rel=\"noopener\" data-hveid=\"0\" data-ved=\"0CAAQ_4QMahgKEwjv2K7X_vuRAxUAAAAAHQAAAAAQnQw\"><span dir=\"auto\">\u00a0Go to the Internship Page!<\/span><\/a><\/span><\/td>\n<\/tr>\n<tr>\n<td><span data-path-to-node=\"1,8,0,0\"><b data-path-to-node=\"1,8,0,0\" data-index-in-node=\"0\"><span dir=\"auto\">International Trade (English)<\/span><\/b><\/span><\/td>\n<td><span data-path-to-node=\"1,8,1,0\"><a class=\"ng-star-inserted\" href=\"https:\/\/ticaret.edu.tr\/uluslararasi-ticaret\/staj\/\" target=\"_blank\" rel=\"noopener\" data-hveid=\"0\" data-ved=\"0CAAQ_4QMahgKEwjv2K7X_vuRAxUAAAAAHQAAAAAQngw\"><span dir=\"auto\">\u00a0Go to the Internship Page!<\/span><\/a><\/span><\/td>\n<\/tr>\n<tr>\n<td><span data-path-to-node=\"1,9,0,0\"><b data-path-to-node=\"1,9,0,0\" data-index-in-node=\"0\"><span dir=\"auto\">International Trade and Finance<\/span><\/b><\/span><\/td>\n<td><span data-path-to-node=\"1,9,1,0\"><a class=\"ng-star-inserted\" href=\"https:\/\/ticaret.edu.tr\/uluslararasi-ticaret-finansman\/staj\/\" target=\"_blank\" rel=\"noopener\" data-hveid=\"0\" data-ved=\"0CAAQ_4QMahgKEwjv2K7X_vuRAxUAAAAAHQAAAAAQnww\"><span dir=\"auto\">\u00a0Go to the Internship Page!<\/span><\/a><\/span><\/td>\n<\/tr>\n<tr>\n<td><span data-path-to-node=\"1,10,0,0\"><b data-path-to-node=\"1,10,0,0\" data-index-in-node=\"0\"><span dir=\"auto\">Management Information Systems (English)<\/span><\/b><\/span><\/td>\n<td><span data-path-to-node=\"1,10,1,0\"><a class=\"ng-star-inserted\" href=\"https:\/\/ticaret.edu.tr\/yonetim-bilisim-sistemleri-ingilizce\/staj\/\" target=\"_blank\" rel=\"noopener\" data-hveid=\"0\" data-ved=\"0CAAQ_4QMahgKEwjv2K7X_vuRAxUAAAAAHQAAAAAQoAw\"><span dir=\"auto\">\u00a0Go to the Internship Page!<\/span><\/a><\/span><\/td>\n<\/tr>\n<\/tbody>\n<\/table>\n<\/div>\n<\/div>\n<h3 style=\"text-align: left\"><\/h3>\n<\/div>\n","protected":false},"excerpt":{"rendered":"<p>For Istanbul Commerce University Internship Guidelines\u00a0(Click here!) For Internship Application Forms\u00a0(Click here!) For Internship Logbooks\u00a0(Click here!) Click here for the Volunteer Internship Application Form\u00a0! \u2014\u2014\u2014\u2014\u2014\u2014\u2014\u2014\u2014\u2014\u2014\u2014 &nbsp; Below you will find direct links to the Internship sections on the academic pages of the 10 departments within the Faculty of Business Administration at Istanbul Commerce University, in [&hellip;]<\/p>\n","protected":false},"author":245,"featured_media":0,"parent":0,"menu_order":0,"comment_status":"closed","ping_status":"closed","template":"genel_sayfa.php","meta":{"footnotes":""},"yoast_head":"<!-- This site is optimized with the Yoast SEO Premium plugin v22.1 (Yoast SEO v22.1) - https:\/\/yoast.com\/wordpress\/plugins\/seo\/ -->\n<title>Internship - \u0130\u015fletme Fak\u00fcltesi<\/title>\n<meta name=\"robots\" content=\"index, follow, max-snippet:-1, max-image-preview:large, max-video-preview:-1\" \/>\n<link rel=\"canonical\" href=\"http:\/\/ticaret.edu.tr\/isletme-fakultesi\/en\/internship\/\" \/>\n<meta property=\"og:locale\" content=\"tr_TR\" \/>\n<meta property=\"og:type\" content=\"article\" \/>\n<meta property=\"og:title\" content=\"Internship\" \/>\n<meta property=\"og:description\" content=\"For Istanbul Commerce University Internship Guidelines\u00a0(Click here!) For Internship Application Forms\u00a0(Click here!) For Internship Logbooks\u00a0(Click here!) Click here for the Volunteer Internship Application Form\u00a0! \u2014\u2014\u2014\u2014\u2014\u2014\u2014\u2014\u2014\u2014\u2014\u2014 &nbsp; Below you will find direct links to the Internship sections on the academic pages of the 10 departments within the Faculty of Business Administration at Istanbul Commerce University, in [&hellip;]\" \/>\n<meta property=\"og:url\" content=\"http:\/\/ticaret.edu.tr\/isletme-fakultesi\/en\/internship\/\" \/>\n<meta property=\"og:site_name\" content=\"\u0130\u015fletme Fak\u00fcltesi\" \/>\n<meta property=\"article:publisher\" content=\"https:\/\/www.facebook.com\/ticaretedutr\" \/>\n<meta property=\"article:modified_time\" content=\"2026-01-15T06:59:25+00:00\" \/>\n<meta property=\"og:image\" content=\"http:\/\/ticaret.edu.tr\/isletme-fakultesi\/wp-content\/uploads\/sites\/7\/2021\/11\/web_logo-01.jpg\" \/>\n\t<meta property=\"og:image:width\" content=\"1250\" \/>\n\t<meta property=\"og:image:height\" content=\"833\" \/>\n\t<meta property=\"og:image:type\" content=\"image\/jpeg\" \/>\n<meta name=\"twitter:card\" content=\"summary_large_image\" \/>\n<meta name=\"twitter:site\" content=\"@ticaretedutr\" \/>\n<meta name=\"twitter:label1\" content=\"Tahmini okuma s\u00fcresi\" \/>\n\t<meta name=\"twitter:data1\" content=\"1 dakika\" \/>\n<script type=\"application\/ld+json\" class=\"yoast-schema-graph\">{\"@context\":\"https:\/\/schema.org\",\"@graph\":[{\"@type\":\"WebPage\",\"@id\":\"http:\/\/ticaret.edu.tr\/isletme-fakultesi\/en\/internship\/\",\"url\":\"http:\/\/ticaret.edu.tr\/isletme-fakultesi\/en\/internship\/\",\"name\":\"Internship - \u0130\u015fletme Fak\u00fcltesi\",\"isPartOf\":{\"@id\":\"https:\/\/ticaret.edu.tr\/isletme-fakultesi\/#website\"},\"datePublished\":\"2026-01-14T11:06:14+00:00\",\"dateModified\":\"2026-01-15T06:59:25+00:00\",\"breadcrumb\":{\"@id\":\"http:\/\/ticaret.edu.tr\/isletme-fakultesi\/en\/internship\/#breadcrumb\"},\"inLanguage\":\"tr\",\"potentialAction\":[{\"@type\":\"ReadAction\",\"target\":[\"http:\/\/ticaret.edu.tr\/isletme-fakultesi\/en\/internship\/\"]}]},{\"@type\":\"BreadcrumbList\",\"@id\":\"http:\/\/ticaret.edu.tr\/isletme-fakultesi\/en\/internship\/#breadcrumb\",\"itemListElement\":[{\"@type\":\"ListItem\",\"position\":1,\"name\":\"Ana sayfa\",\"item\":\"https:\/\/ticaret.edu.tr\/isletme-fakultesi\/\"},{\"@type\":\"ListItem\",\"position\":2,\"name\":\"Internship\"}]},{\"@type\":\"WebSite\",\"@id\":\"https:\/\/ticaret.edu.tr\/isletme-fakultesi\/#website\",\"url\":\"https:\/\/ticaret.edu.tr\/isletme-fakultesi\/\",\"name\":\"\u0130\u015fletme Fak\u00fcltesi\",\"description\":\"\",\"potentialAction\":[{\"@type\":\"SearchAction\",\"target\":{\"@type\":\"EntryPoint\",\"urlTemplate\":\"https:\/\/ticaret.edu.tr\/isletme-fakultesi\/?s={search_term_string}\"},\"query-input\":\"required name=search_term_string\"}],\"inLanguage\":\"tr\"}]}<\/script>\n<!-- \/ Yoast SEO Premium plugin. -->","yoast_head_json":{"title":"Internship - \u0130\u015fletme Fak\u00fcltesi","robots":{"index":"index","follow":"follow","max-snippet":"max-snippet:-1","max-image-preview":"max-image-preview:large","max-video-preview":"max-video-preview:-1"},"canonical":"http:\/\/ticaret.edu.tr\/isletme-fakultesi\/en\/internship\/","og_locale":"tr_TR","og_type":"article","og_title":"Internship","og_description":"For Istanbul Commerce University Internship Guidelines\u00a0(Click here!) For Internship Application Forms\u00a0(Click here!) For Internship Logbooks\u00a0(Click here!) Click here for the Volunteer Internship Application Form\u00a0! \u2014\u2014\u2014\u2014\u2014\u2014\u2014\u2014\u2014\u2014\u2014\u2014 &nbsp; Below you will find direct links to the Internship sections on the academic pages of the 10 departments within the Faculty of Business Administration at Istanbul Commerce University, in [&hellip;]","og_url":"http:\/\/ticaret.edu.tr\/isletme-fakultesi\/en\/internship\/","og_site_name":"\u0130\u015fletme Fak\u00fcltesi","article_publisher":"https:\/\/www.facebook.com\/ticaretedutr","article_modified_time":"2026-01-15T06:59:25+00:00","og_image":[{"width":1250,"height":833,"url":"http:\/\/ticaret.edu.tr\/isletme-fakultesi\/wp-content\/uploads\/sites\/7\/2021\/11\/web_logo-01.jpg","type":"image\/jpeg"}],"twitter_card":"summary_large_image","twitter_site":"@ticaretedutr","twitter_misc":{"Tahmini okuma s\u00fcresi":"1 dakika"},"schema":{"@context":"https:\/\/schema.org","@graph":[{"@type":"WebPage","@id":"http:\/\/ticaret.edu.tr\/isletme-fakultesi\/en\/internship\/","url":"http:\/\/ticaret.edu.tr\/isletme-fakultesi\/en\/internship\/","name":"Internship - \u0130\u015fletme Fak\u00fcltesi","isPartOf":{"@id":"https:\/\/ticaret.edu.tr\/isletme-fakultesi\/#website"},"datePublished":"2026-01-14T11:06:14+00:00","dateModified":"2026-01-15T06:59:25+00:00","breadcrumb":{"@id":"http:\/\/ticaret.edu.tr\/isletme-fakultesi\/en\/internship\/#breadcrumb"},"inLanguage":"tr","potentialAction":[{"@type":"ReadAction","target":["http:\/\/ticaret.edu.tr\/isletme-fakultesi\/en\/internship\/"]}]},{"@type":"BreadcrumbList","@id":"http:\/\/ticaret.edu.tr\/isletme-fakultesi\/en\/internship\/#breadcrumb","itemListElement":[{"@type":"ListItem","position":1,"name":"Ana sayfa","item":"https:\/\/ticaret.edu.tr\/isletme-fakultesi\/"},{"@type":"ListItem","position":2,"name":"Internship"}]},{"@type":"WebSite","@id":"https:\/\/ticaret.edu.tr\/isletme-fakultesi\/#website","url":"https:\/\/ticaret.edu.tr\/isletme-fakultesi\/","name":"\u0130\u015fletme Fak\u00fcltesi","description":"","potentialAction":[{"@type":"SearchAction","target":{"@type":"EntryPoint","urlTemplate":"https:\/\/ticaret.edu.tr\/isletme-fakultesi\/?s={search_term_string}"},"query-input":"required name=search_term_string"}],"inLanguage":"tr"}]}},"lang":"en","translations":{"tr":2087,"en":2177},"pll_sync_post":[],"_links":{"self":[{"href":"http:\/\/ticaret.edu.tr\/isletme-fakultesi\/wp-json\/wp\/v2\/pages\/2177"}],"collection":[{"href":"http:\/\/ticaret.edu.tr\/isletme-fakultesi\/wp-json\/wp\/v2\/pages"}],"about":[{"href":"http:\/\/ticaret.edu.tr\/isletme-fakultesi\/wp-json\/wp\/v2\/types\/page"}],"author":[{"embeddable":true,"href":"http:\/\/ticaret.edu.tr\/isletme-fakultesi\/wp-json\/wp\/v2\/users\/245"}],"replies":[{"embeddable":true,"href":"http:\/\/ticaret.edu.tr\/isletme-fakultesi\/wp-json\/wp\/v2\/comments?post=2177"}],"version-history":[{"count":6,"href":"http:\/\/ticaret.edu.tr\/isletme-fakultesi\/wp-json\/wp\/v2\/pages\/2177\/revisions"}],"predecessor-version":[{"id":2274,"href":"http:\/\/ticaret.edu.tr\/isletme-fakultesi\/wp-json\/wp\/v2\/pages\/2177\/revisions\/2274"}],"wp:attachment":[{"href":"http:\/\/ticaret.edu.tr\/isletme-fakultesi\/wp-json\/wp\/v2\/media?parent=2177"}],"curies":[{"name":"wp","href":"https:\/\/api.w.org\/{rel}","templated":true}]}}