{"id":2195,"date":"2026-01-14T13:40:58","date_gmt":"2026-01-14T10:40:58","guid":{"rendered":"https:\/\/ticaret.edu.tr\/isletme-fakultesi\/?page_id=2195"},"modified":"2026-01-15T10:33:38","modified_gmt":"2026-01-15T07:33:38","slug":"regulations","status":"publish","type":"page","link":"http:\/\/ticaret.edu.tr\/isletme-fakultesi\/en\/regulations\/","title":{"rendered":"Regulations"},"content":{"rendered":"<p><a href=\"https:\/\/www.mevzuat.gov.tr\/mevzuat?MevzuatNo=15066&amp;MevzuatTur=8&amp;MevzuatTertip=5\"><strong><a href=\"https:\/\/www.mevzuat.gov.tr\/mevzuat?MevzuatNo=7267&amp;MevzuatTur=8&amp;MevzuatTertip=5\">\u0130STANBUL T\u0130CARET UNIVERSITY <\/a><a href=\"https:\/\/www.mevzuat.gov.tr\/mevzuat?MevzuatNo=7267&amp;MevzuatTur=8&amp;MevzuatTertip=5\">OF<\/a> ASSOCIATE DEGREE AND BACHELOR&#8217;S DEGREE EDUCATION, TEACHING, AND EXAMINATION REGULATIONS<\/strong><\/a><\/p>\n<p><a href=\"https:\/\/www.mevzuat.gov.tr\/mevzuat?MevzuatNo=7267&amp;MevzuatTur=8&amp;MevzuatTertip=5\"><strong>\u0130STANBUL T\u0130CARET UNIVERSITY <a href=\"https:\/\/www.mevzuat.gov.tr\/mevzuat?MevzuatNo=7267&amp;MevzuatTur=8&amp;MevzuatTertip=5\">OF<\/a> SUMMER SCHOOL REGULATION<\/strong><\/a><\/p>\n<p><a href=\"https:\/\/ticaret.edu.tr\/wp-content\/uploads\/2021\/04\/ogrenci-topluluk.pdf\"><strong><a href=\"https:\/\/www.mevzuat.gov.tr\/mevzuat?MevzuatNo=7267&amp;MevzuatTur=8&amp;MevzuatTertip=5\">\u0130STANBUL T\u0130CARET UNIVERSITY <\/a><a href=\"https:\/\/www.mevzuat.gov.tr\/mevzuat?MevzuatNo=7267&amp;MevzuatTur=8&amp;MevzuatTertip=5\">OF<\/a> STUDENT CLUBS GUIDELINES<\/strong><\/a><\/p>\n<p><a href=\"https:\/\/ticaret.edu.tr\/wp-content\/uploads\/2021\/11\/Istanbul-Ticaret-Universitesi-Lisans-Burs-Yonergesi.pdf\"><strong><a href=\"https:\/\/www.mevzuat.gov.tr\/mevzuat?MevzuatNo=7267&amp;MevzuatTur=8&amp;MevzuatTertip=5\">\u0130STANBUL T\u0130CARET UNIVERSITY <\/a><a href=\"https:\/\/www.mevzuat.gov.tr\/mevzuat?MevzuatNo=7267&amp;MevzuatTur=8&amp;MevzuatTertip=5\">OF<\/a>\u00a0 SCHOLARSHIP GUIDELINES<\/strong><\/a><\/p>\n<p><a href=\"https:\/\/kariyer.ticaret.edu.tr\/content\/3-ogrenciler\/1-staj-belgeleri\/guncel-istanbul-ticaret-universitesi-staj-yoenergesi.pdf\"><strong><a href=\"https:\/\/www.mevzuat.gov.tr\/mevzuat?MevzuatNo=7267&amp;MevzuatTur=8&amp;MevzuatTertip=5\">\u0130STANBUL T\u0130CARET UNIVERSITY <\/a><a href=\"https:\/\/www.mevzuat.gov.tr\/mevzuat?MevzuatNo=7267&amp;MevzuatTur=8&amp;MevzuatTertip=5\">OF<\/a> INTERNSHIP GUIDELINES<\/strong><\/a><\/p>\n","protected":false},"excerpt":{"rendered":"<p>\u0130STANBUL T\u0130CARET UNIVERSITY OF ASSOCIATE DEGREE AND BACHELOR&#8217;S DEGREE EDUCATION, TEACHING, AND EXAMINATION REGULATIONS \u0130STANBUL T\u0130CARET UNIVERSITY OF SUMMER SCHOOL REGULATION \u0130STANBUL T\u0130CARET UNIVERSITY OF STUDENT CLUBS GUIDELINES \u0130STANBUL T\u0130CARET UNIVERSITY OF\u00a0 SCHOLARSHIP GUIDELINES \u0130STANBUL T\u0130CARET UNIVERSITY OF INTERNSHIP GUIDELINES<\/p>\n","protected":false},"author":228,"featured_media":0,"parent":0,"menu_order":0,"comment_status":"closed","ping_status":"closed","template":"genel_sayfa.php","meta":{"footnotes":""},"yoast_head":"<!-- This site is optimized with the Yoast SEO Premium plugin v22.1 (Yoast SEO v22.1) - https:\/\/yoast.com\/wordpress\/plugins\/seo\/ -->\n<title>Regulations - \u0130\u015fletme Fak\u00fcltesi<\/title>\n<meta name=\"robots\" content=\"index, follow, max-snippet:-1, max-image-preview:large, max-video-preview:-1\" \/>\n<link rel=\"canonical\" href=\"http:\/\/ticaret.edu.tr\/isletme-fakultesi\/en\/regulations\/\" \/>\n<meta property=\"og:locale\" content=\"tr_TR\" \/>\n<meta property=\"og:type\" content=\"article\" \/>\n<meta property=\"og:title\" content=\"Regulations\" \/>\n<meta property=\"og:description\" content=\"\u0130STANBUL T\u0130CARET UNIVERSITY OF ASSOCIATE DEGREE AND BACHELOR&#8217;S DEGREE EDUCATION, TEACHING, AND EXAMINATION REGULATIONS \u0130STANBUL T\u0130CARET UNIVERSITY OF SUMMER SCHOOL REGULATION \u0130STANBUL T\u0130CARET UNIVERSITY OF STUDENT CLUBS GUIDELINES \u0130STANBUL T\u0130CARET UNIVERSITY OF\u00a0 SCHOLARSHIP GUIDELINES \u0130STANBUL T\u0130CARET UNIVERSITY OF INTERNSHIP GUIDELINES\" \/>\n<meta property=\"og:url\" content=\"http:\/\/ticaret.edu.tr\/isletme-fakultesi\/en\/regulations\/\" \/>\n<meta property=\"og:site_name\" content=\"\u0130\u015fletme Fak\u00fcltesi\" \/>\n<meta property=\"article:publisher\" content=\"https:\/\/www.facebook.com\/ticaretedutr\" \/>\n<meta property=\"article:modified_time\" content=\"2026-01-15T07:33:38+00:00\" \/>\n<meta property=\"og:image\" content=\"http:\/\/ticaret.edu.tr\/isletme-fakultesi\/wp-content\/uploads\/sites\/7\/2021\/11\/web_logo-01.jpg\" \/>\n\t<meta property=\"og:image:width\" content=\"1250\" \/>\n\t<meta property=\"og:image:height\" content=\"833\" \/>\n\t<meta property=\"og:image:type\" content=\"image\/jpeg\" \/>\n<meta name=\"twitter:card\" content=\"summary_large_image\" \/>\n<meta name=\"twitter:site\" content=\"@ticaretedutr\" \/>\n<meta name=\"twitter:label1\" content=\"Tahmini okuma s\u00fcresi\" \/>\n\t<meta name=\"twitter:data1\" content=\"1 dakika\" \/>\n<script type=\"application\/ld+json\" class=\"yoast-schema-graph\">{\"@context\":\"https:\/\/schema.org\",\"@graph\":[{\"@type\":\"WebPage\",\"@id\":\"http:\/\/ticaret.edu.tr\/isletme-fakultesi\/en\/regulations\/\",\"url\":\"http:\/\/ticaret.edu.tr\/isletme-fakultesi\/en\/regulations\/\",\"name\":\"Regulations - \u0130\u015fletme Fak\u00fcltesi\",\"isPartOf\":{\"@id\":\"https:\/\/ticaret.edu.tr\/isletme-fakultesi\/#website\"},\"datePublished\":\"2026-01-14T10:40:58+00:00\",\"dateModified\":\"2026-01-15T07:33:38+00:00\",\"breadcrumb\":{\"@id\":\"http:\/\/ticaret.edu.tr\/isletme-fakultesi\/en\/regulations\/#breadcrumb\"},\"inLanguage\":\"tr\",\"potentialAction\":[{\"@type\":\"ReadAction\",\"target\":[\"http:\/\/ticaret.edu.tr\/isletme-fakultesi\/en\/regulations\/\"]}]},{\"@type\":\"BreadcrumbList\",\"@id\":\"http:\/\/ticaret.edu.tr\/isletme-fakultesi\/en\/regulations\/#breadcrumb\",\"itemListElement\":[{\"@type\":\"ListItem\",\"position\":1,\"name\":\"Ana sayfa\",\"item\":\"https:\/\/ticaret.edu.tr\/isletme-fakultesi\/\"},{\"@type\":\"ListItem\",\"position\":2,\"name\":\"Regulations\"}]},{\"@type\":\"WebSite\",\"@id\":\"https:\/\/ticaret.edu.tr\/isletme-fakultesi\/#website\",\"url\":\"https:\/\/ticaret.edu.tr\/isletme-fakultesi\/\",\"name\":\"\u0130\u015fletme Fak\u00fcltesi\",\"description\":\"\",\"potentialAction\":[{\"@type\":\"SearchAction\",\"target\":{\"@type\":\"EntryPoint\",\"urlTemplate\":\"https:\/\/ticaret.edu.tr\/isletme-fakultesi\/?s={search_term_string}\"},\"query-input\":\"required name=search_term_string\"}],\"inLanguage\":\"tr\"}]}<\/script>\n<!-- \/ Yoast SEO Premium plugin. -->","yoast_head_json":{"title":"Regulations - \u0130\u015fletme Fak\u00fcltesi","robots":{"index":"index","follow":"follow","max-snippet":"max-snippet:-1","max-image-preview":"max-image-preview:large","max-video-preview":"max-video-preview:-1"},"canonical":"http:\/\/ticaret.edu.tr\/isletme-fakultesi\/en\/regulations\/","og_locale":"tr_TR","og_type":"article","og_title":"Regulations","og_description":"\u0130STANBUL T\u0130CARET UNIVERSITY OF ASSOCIATE DEGREE AND BACHELOR&#8217;S DEGREE EDUCATION, TEACHING, AND EXAMINATION REGULATIONS \u0130STANBUL T\u0130CARET UNIVERSITY OF SUMMER SCHOOL REGULATION \u0130STANBUL T\u0130CARET UNIVERSITY OF STUDENT CLUBS GUIDELINES \u0130STANBUL T\u0130CARET UNIVERSITY OF\u00a0 SCHOLARSHIP GUIDELINES \u0130STANBUL T\u0130CARET UNIVERSITY OF INTERNSHIP GUIDELINES","og_url":"http:\/\/ticaret.edu.tr\/isletme-fakultesi\/en\/regulations\/","og_site_name":"\u0130\u015fletme Fak\u00fcltesi","article_publisher":"https:\/\/www.facebook.com\/ticaretedutr","article_modified_time":"2026-01-15T07:33:38+00:00","og_image":[{"width":1250,"height":833,"url":"http:\/\/ticaret.edu.tr\/isletme-fakultesi\/wp-content\/uploads\/sites\/7\/2021\/11\/web_logo-01.jpg","type":"image\/jpeg"}],"twitter_card":"summary_large_image","twitter_site":"@ticaretedutr","twitter_misc":{"Tahmini okuma s\u00fcresi":"1 dakika"},"schema":{"@context":"https:\/\/schema.org","@graph":[{"@type":"WebPage","@id":"http:\/\/ticaret.edu.tr\/isletme-fakultesi\/en\/regulations\/","url":"http:\/\/ticaret.edu.tr\/isletme-fakultesi\/en\/regulations\/","name":"Regulations - \u0130\u015fletme Fak\u00fcltesi","isPartOf":{"@id":"https:\/\/ticaret.edu.tr\/isletme-fakultesi\/#website"},"datePublished":"2026-01-14T10:40:58+00:00","dateModified":"2026-01-15T07:33:38+00:00","breadcrumb":{"@id":"http:\/\/ticaret.edu.tr\/isletme-fakultesi\/en\/regulations\/#breadcrumb"},"inLanguage":"tr","potentialAction":[{"@type":"ReadAction","target":["http:\/\/ticaret.edu.tr\/isletme-fakultesi\/en\/regulations\/"]}]},{"@type":"BreadcrumbList","@id":"http:\/\/ticaret.edu.tr\/isletme-fakultesi\/en\/regulations\/#breadcrumb","itemListElement":[{"@type":"ListItem","position":1,"name":"Ana sayfa","item":"https:\/\/ticaret.edu.tr\/isletme-fakultesi\/"},{"@type":"ListItem","position":2,"name":"Regulations"}]},{"@type":"WebSite","@id":"https:\/\/ticaret.edu.tr\/isletme-fakultesi\/#website","url":"https:\/\/ticaret.edu.tr\/isletme-fakultesi\/","name":"\u0130\u015fletme Fak\u00fcltesi","description":"","potentialAction":[{"@type":"SearchAction","target":{"@type":"EntryPoint","urlTemplate":"https:\/\/ticaret.edu.tr\/isletme-fakultesi\/?s={search_term_string}"},"query-input":"required name=search_term_string"}],"inLanguage":"tr"}]}},"lang":"en","translations":{"en":2195,"tr":2099},"pll_sync_post":[],"_links":{"self":[{"href":"http:\/\/ticaret.edu.tr\/isletme-fakultesi\/wp-json\/wp\/v2\/pages\/2195"}],"collection":[{"href":"http:\/\/ticaret.edu.tr\/isletme-fakultesi\/wp-json\/wp\/v2\/pages"}],"about":[{"href":"http:\/\/ticaret.edu.tr\/isletme-fakultesi\/wp-json\/wp\/v2\/types\/page"}],"author":[{"embeddable":true,"href":"http:\/\/ticaret.edu.tr\/isletme-fakultesi\/wp-json\/wp\/v2\/users\/228"}],"replies":[{"embeddable":true,"href":"http:\/\/ticaret.edu.tr\/isletme-fakultesi\/wp-json\/wp\/v2\/comments?post=2195"}],"version-history":[{"count":3,"href":"http:\/\/ticaret.edu.tr\/isletme-fakultesi\/wp-json\/wp\/v2\/pages\/2195\/revisions"}],"predecessor-version":[{"id":2275,"href":"http:\/\/ticaret.edu.tr\/isletme-fakultesi\/wp-json\/wp\/v2\/pages\/2195\/revisions\/2275"}],"wp:attachment":[{"href":"http:\/\/ticaret.edu.tr\/isletme-fakultesi\/wp-json\/wp\/v2\/media?parent=2195"}],"curies":[{"name":"wp","href":"https:\/\/api.w.org\/{rel}","templated":true}]}}