{"id":236,"date":"2021-08-11T11:10:34","date_gmt":"2021-08-11T08:10:34","guid":{"rendered":"https:\/\/ticaret.edu.tr\/isletme\/?page_id=236"},"modified":"2025-02-06T15:42:25","modified_gmt":"2025-02-06T12:42:25","slug":"home","status":"publish","type":"page","link":"http:\/\/ticaret.edu.tr\/isletme-fakultesi\/en\/","title":{"rendered":"Homepage"},"content":{"rendered":"<p>The rapidly developing technology and the changing business models in recent years undoubtedly require more than the knowledge and competencies needed in previous years. As Istanbul Commerce University Faculty of Business, we provide the expertise and experience to our students, with our strong academic staff with academia and industry experience, with various projects and internship opportunities offered by the Istanbul Chamber of Commerce and with a wide range of activities. In addition, our Faculty has a mission to serve society by educating our students as well-equipped individuals with a modern and universal vision and high business ethics.<\/p>\n<p>Our Faculty provides education in Finance and Banking (English), Aviation Management, Economics, Economics (English), Business Administration, Business Administration (English), Accounting-Auditing, Logistics Management, International Trade (English) and Tourism and Hotel Management departments.<\/p>\n<p>Mission of the Faculty of Business: To create an academic environment, to raise individuals who are far from rote learning, who are inquisitive, researcher, who constantly improve themselves, who think analytically, who have an understanding of science and ethical values in accordance with universal criterias.<\/p>\n","protected":false},"excerpt":{"rendered":"<p>The rapidly developing technology and the changing business models in recent years undoubtedly require more than the knowledge and competencies needed in previous years. As Istanbul Commerce University Faculty of Business, we provide the expertise and experience to our students, with our strong academic staff with academia and industry experience, with various projects and internship [&hellip;]<\/p>\n","protected":false},"author":139,"featured_media":0,"parent":0,"menu_order":0,"comment_status":"closed","ping_status":"closed","template":"pages\/homepage.php","meta":{"footnotes":""},"yoast_head":"<!-- This site is optimized with the Yoast SEO Premium plugin v22.1 (Yoast SEO v22.1) - https:\/\/yoast.com\/wordpress\/plugins\/seo\/ -->\n<title>Homepage - \u0130\u015fletme Fak\u00fcltesi<\/title>\n<meta name=\"robots\" content=\"index, follow, max-snippet:-1, max-image-preview:large, max-video-preview:-1\" \/>\n<link rel=\"canonical\" href=\"http:\/\/ticaret.edu.tr\/isletme-fakultesi\/en\/\" \/>\n<meta property=\"og:locale\" content=\"tr_TR\" \/>\n<meta property=\"og:type\" content=\"article\" \/>\n<meta property=\"og:title\" content=\"Homepage\" \/>\n<meta property=\"og:description\" content=\"The rapidly developing technology and the changing business models in recent years undoubtedly require more than the knowledge and competencies needed in previous years. As Istanbul Commerce University Faculty of Business, we provide the expertise and experience to our students, with our strong academic staff with academia and industry experience, with various projects and internship [&hellip;]\" \/>\n<meta property=\"og:url\" content=\"http:\/\/ticaret.edu.tr\/isletme-fakultesi\/en\/\" \/>\n<meta property=\"og:site_name\" content=\"\u0130\u015fletme Fak\u00fcltesi\" \/>\n<meta property=\"article:publisher\" content=\"https:\/\/www.facebook.com\/ticaretedutr\" \/>\n<meta property=\"article:modified_time\" content=\"2025-02-06T12:42:25+00:00\" \/>\n<meta property=\"og:image\" content=\"http:\/\/ticaret.edu.tr\/isletme-fakultesi\/wp-content\/uploads\/sites\/7\/2021\/11\/web_logo-01.jpg\" \/>\n\t<meta property=\"og:image:width\" content=\"1250\" \/>\n\t<meta property=\"og:image:height\" content=\"833\" \/>\n\t<meta property=\"og:image:type\" content=\"image\/jpeg\" \/>\n<meta name=\"twitter:card\" content=\"summary_large_image\" \/>\n<meta name=\"twitter:site\" content=\"@ticaretedutr\" \/>\n<meta name=\"twitter:label1\" content=\"Tahmini okuma s\u00fcresi\" \/>\n\t<meta name=\"twitter:data1\" content=\"1 dakika\" \/>\n<script type=\"application\/ld+json\" class=\"yoast-schema-graph\">{\"@context\":\"https:\/\/schema.org\",\"@graph\":[{\"@type\":\"WebPage\",\"@id\":\"http:\/\/ticaret.edu.tr\/isletme-fakultesi\/en\/\",\"url\":\"http:\/\/ticaret.edu.tr\/isletme-fakultesi\/en\/\",\"name\":\"Homepage - \u0130\u015fletme Fak\u00fcltesi\",\"isPartOf\":{\"@id\":\"https:\/\/ticaret.edu.tr\/isletme-fakultesi\/#website\"},\"datePublished\":\"2021-08-11T08:10:34+00:00\",\"dateModified\":\"2025-02-06T12:42:25+00:00\",\"breadcrumb\":{\"@id\":\"http:\/\/ticaret.edu.tr\/isletme-fakultesi\/en\/#breadcrumb\"},\"inLanguage\":\"tr\",\"potentialAction\":[{\"@type\":\"ReadAction\",\"target\":[\"http:\/\/ticaret.edu.tr\/isletme-fakultesi\/en\/\"]}]},{\"@type\":\"BreadcrumbList\",\"@id\":\"http:\/\/ticaret.edu.tr\/isletme-fakultesi\/en\/#breadcrumb\",\"itemListElement\":[{\"@type\":\"ListItem\",\"position\":1,\"name\":\"Ana sayfa\",\"item\":\"https:\/\/ticaret.edu.tr\/isletme-fakultesi\/\"},{\"@type\":\"ListItem\",\"position\":2,\"name\":\"Homepage\"}]},{\"@type\":\"WebSite\",\"@id\":\"https:\/\/ticaret.edu.tr\/isletme-fakultesi\/#website\",\"url\":\"https:\/\/ticaret.edu.tr\/isletme-fakultesi\/\",\"name\":\"\u0130\u015fletme Fak\u00fcltesi\",\"description\":\"\",\"potentialAction\":[{\"@type\":\"SearchAction\",\"target\":{\"@type\":\"EntryPoint\",\"urlTemplate\":\"https:\/\/ticaret.edu.tr\/isletme-fakultesi\/?s={search_term_string}\"},\"query-input\":\"required name=search_term_string\"}],\"inLanguage\":\"tr\"}]}<\/script>\n<!-- \/ Yoast SEO Premium plugin. -->","yoast_head_json":{"title":"Homepage - \u0130\u015fletme Fak\u00fcltesi","robots":{"index":"index","follow":"follow","max-snippet":"max-snippet:-1","max-image-preview":"max-image-preview:large","max-video-preview":"max-video-preview:-1"},"canonical":"http:\/\/ticaret.edu.tr\/isletme-fakultesi\/en\/","og_locale":"tr_TR","og_type":"article","og_title":"Homepage","og_description":"The rapidly developing technology and the changing business models in recent years undoubtedly require more than the knowledge and competencies needed in previous years. As Istanbul Commerce University Faculty of Business, we provide the expertise and experience to our students, with our strong academic staff with academia and industry experience, with various projects and internship [&hellip;]","og_url":"http:\/\/ticaret.edu.tr\/isletme-fakultesi\/en\/","og_site_name":"\u0130\u015fletme Fak\u00fcltesi","article_publisher":"https:\/\/www.facebook.com\/ticaretedutr","article_modified_time":"2025-02-06T12:42:25+00:00","og_image":[{"width":1250,"height":833,"url":"http:\/\/ticaret.edu.tr\/isletme-fakultesi\/wp-content\/uploads\/sites\/7\/2021\/11\/web_logo-01.jpg","type":"image\/jpeg"}],"twitter_card":"summary_large_image","twitter_site":"@ticaretedutr","twitter_misc":{"Tahmini okuma s\u00fcresi":"1 dakika"},"schema":{"@context":"https:\/\/schema.org","@graph":[{"@type":"WebPage","@id":"http:\/\/ticaret.edu.tr\/isletme-fakultesi\/en\/","url":"http:\/\/ticaret.edu.tr\/isletme-fakultesi\/en\/","name":"Homepage - \u0130\u015fletme Fak\u00fcltesi","isPartOf":{"@id":"https:\/\/ticaret.edu.tr\/isletme-fakultesi\/#website"},"datePublished":"2021-08-11T08:10:34+00:00","dateModified":"2025-02-06T12:42:25+00:00","breadcrumb":{"@id":"http:\/\/ticaret.edu.tr\/isletme-fakultesi\/en\/#breadcrumb"},"inLanguage":"tr","potentialAction":[{"@type":"ReadAction","target":["http:\/\/ticaret.edu.tr\/isletme-fakultesi\/en\/"]}]},{"@type":"BreadcrumbList","@id":"http:\/\/ticaret.edu.tr\/isletme-fakultesi\/en\/#breadcrumb","itemListElement":[{"@type":"ListItem","position":1,"name":"Ana sayfa","item":"https:\/\/ticaret.edu.tr\/isletme-fakultesi\/"},{"@type":"ListItem","position":2,"name":"Homepage"}]},{"@type":"WebSite","@id":"https:\/\/ticaret.edu.tr\/isletme-fakultesi\/#website","url":"https:\/\/ticaret.edu.tr\/isletme-fakultesi\/","name":"\u0130\u015fletme Fak\u00fcltesi","description":"","potentialAction":[{"@type":"SearchAction","target":{"@type":"EntryPoint","urlTemplate":"https:\/\/ticaret.edu.tr\/isletme-fakultesi\/?s={search_term_string}"},"query-input":"required name=search_term_string"}],"inLanguage":"tr"}]}},"lang":"en","translations":{"en":236,"tr":19},"pll_sync_post":[],"_links":{"self":[{"href":"http:\/\/ticaret.edu.tr\/isletme-fakultesi\/wp-json\/wp\/v2\/pages\/236"}],"collection":[{"href":"http:\/\/ticaret.edu.tr\/isletme-fakultesi\/wp-json\/wp\/v2\/pages"}],"about":[{"href":"http:\/\/ticaret.edu.tr\/isletme-fakultesi\/wp-json\/wp\/v2\/types\/page"}],"author":[{"embeddable":true,"href":"http:\/\/ticaret.edu.tr\/isletme-fakultesi\/wp-json\/wp\/v2\/users\/139"}],"replies":[{"embeddable":true,"href":"http:\/\/ticaret.edu.tr\/isletme-fakultesi\/wp-json\/wp\/v2\/comments?post=236"}],"version-history":[{"count":6,"href":"http:\/\/ticaret.edu.tr\/isletme-fakultesi\/wp-json\/wp\/v2\/pages\/236\/revisions"}],"predecessor-version":[{"id":1629,"href":"http:\/\/ticaret.edu.tr\/isletme-fakultesi\/wp-json\/wp\/v2\/pages\/236\/revisions\/1629"}],"wp:attachment":[{"href":"http:\/\/ticaret.edu.tr\/isletme-fakultesi\/wp-json\/wp\/v2\/media?parent=236"}],"curies":[{"name":"wp","href":"https:\/\/api.w.org\/{rel}","templated":true}]}}