{"id":306,"date":"2021-11-03T11:32:59","date_gmt":"2021-11-03T08:32:59","guid":{"rendered":"https:\/\/ticaret.edu.tr\/isletme\/?page_id=306"},"modified":"2026-01-14T12:07:58","modified_gmt":"2026-01-14T09:07:58","slug":"faculty-administrative-office","status":"publish","type":"page","link":"http:\/\/ticaret.edu.tr\/isletme-fakultesi\/en\/faculty-administrative-office\/","title":{"rendered":"Faculty Administrative Office"},"content":{"rendered":"<table border=\"0\" width=\"700\">\n<tbody>\n<tr>\n<td><strong>Name &amp; Surname<\/strong><\/td>\n<td><strong>MISSION<\/strong><\/td>\n<td><strong>MAIL ADRESS<\/strong><\/td>\n<td><strong>PHONE<\/strong><\/td>\n<\/tr>\n<tr>\n<td>G\u00fcne\u015f \u0130NCE BA\u015e\u00c7IN<\/td>\n<td>Administrative Office Manager<\/td>\n<td>gince@ticaret.edu.tr<\/td>\n<td>4350<\/td>\n<\/tr>\n<tr>\n<td>Enes Malik BAYRAKTAR<\/td>\n<td>Department Secretery<\/td>\n<td>embayraktar@ticaret.edu.tr<\/td>\n<td>4741<\/td>\n<\/tr>\n<\/tbody>\n<\/table>\n<p><b data-path-to-node=\"1\" data-index-in-node=\"0\">Faculty of Business E-mail:<\/b> <a href=\"mailto:isletmefakultesi@ticaret.edu.tr\">isletmefakultesi@ticaret.edu.tr<\/a><\/p>\n","protected":false},"excerpt":{"rendered":"<p>Name &amp; Surname MISSION MAIL ADRESS PHONE G\u00fcne\u015f \u0130NCE BA\u015e\u00c7IN Administrative Office Manager gince@ticaret.edu.tr 4350 Enes Malik BAYRAKTAR Department Secretery embayraktar@ticaret.edu.tr 4741 Faculty of Business E-mail: isletmefakultesi@ticaret.edu.tr<\/p>\n","protected":false},"author":149,"featured_media":0,"parent":0,"menu_order":0,"comment_status":"closed","ping_status":"closed","template":"genel_sayfa.php","meta":{"footnotes":""},"yoast_head":"<!-- This site is optimized with the Yoast SEO Premium plugin v22.1 (Yoast SEO v22.1) - https:\/\/yoast.com\/wordpress\/plugins\/seo\/ -->\n<title>Faculty Administrative Office - \u0130\u015fletme Fak\u00fcltesi<\/title>\n<meta name=\"robots\" content=\"index, follow, max-snippet:-1, max-image-preview:large, max-video-preview:-1\" \/>\n<link rel=\"canonical\" href=\"https:\/\/ticaret.edu.tr\/isletme-fakultesi\/en\/faculty-administrative-office\/\" \/>\n<meta property=\"og:locale\" content=\"tr_TR\" \/>\n<meta property=\"og:type\" content=\"article\" \/>\n<meta property=\"og:title\" content=\"Faculty Administrative Office\" \/>\n<meta property=\"og:description\" content=\"Name &amp; Surname MISSION MAIL ADRESS PHONE G\u00fcne\u015f \u0130NCE BA\u015e\u00c7IN Administrative Office Manager gince@ticaret.edu.tr 4350 Enes Malik BAYRAKTAR Department Secretery embayraktar@ticaret.edu.tr 4741 Faculty of Business E-mail: isletmefakultesi@ticaret.edu.tr\" \/>\n<meta property=\"og:url\" content=\"https:\/\/ticaret.edu.tr\/isletme-fakultesi\/en\/faculty-administrative-office\/\" \/>\n<meta property=\"og:site_name\" content=\"\u0130\u015fletme Fak\u00fcltesi\" \/>\n<meta property=\"article:publisher\" content=\"https:\/\/www.facebook.com\/ticaretedutr\" \/>\n<meta property=\"article:modified_time\" content=\"2026-01-14T09:07:58+00:00\" \/>\n<meta property=\"og:image\" content=\"http:\/\/ticaret.edu.tr\/isletme-fakultesi\/wp-content\/uploads\/sites\/7\/2021\/11\/web_logo-01.jpg\" \/>\n\t<meta property=\"og:image:width\" content=\"1250\" \/>\n\t<meta property=\"og:image:height\" content=\"833\" \/>\n\t<meta property=\"og:image:type\" content=\"image\/jpeg\" \/>\n<meta name=\"twitter:card\" content=\"summary_large_image\" \/>\n<meta name=\"twitter:site\" content=\"@ticaretedutr\" \/>\n<meta name=\"twitter:label1\" content=\"Tahmini okuma s\u00fcresi\" \/>\n\t<meta name=\"twitter:data1\" content=\"1 dakika\" \/>\n<script type=\"application\/ld+json\" class=\"yoast-schema-graph\">{\"@context\":\"https:\/\/schema.org\",\"@graph\":[{\"@type\":\"WebPage\",\"@id\":\"https:\/\/ticaret.edu.tr\/isletme-fakultesi\/en\/faculty-administrative-office\/\",\"url\":\"https:\/\/ticaret.edu.tr\/isletme-fakultesi\/en\/faculty-administrative-office\/\",\"name\":\"Faculty Administrative Office - \u0130\u015fletme Fak\u00fcltesi\",\"isPartOf\":{\"@id\":\"https:\/\/ticaret.edu.tr\/isletme-fakultesi\/#website\"},\"datePublished\":\"2021-11-03T08:32:59+00:00\",\"dateModified\":\"2026-01-14T09:07:58+00:00\",\"breadcrumb\":{\"@id\":\"https:\/\/ticaret.edu.tr\/isletme-fakultesi\/en\/faculty-administrative-office\/#breadcrumb\"},\"inLanguage\":\"tr\",\"potentialAction\":[{\"@type\":\"ReadAction\",\"target\":[\"https:\/\/ticaret.edu.tr\/isletme-fakultesi\/en\/faculty-administrative-office\/\"]}]},{\"@type\":\"BreadcrumbList\",\"@id\":\"https:\/\/ticaret.edu.tr\/isletme-fakultesi\/en\/faculty-administrative-office\/#breadcrumb\",\"itemListElement\":[{\"@type\":\"ListItem\",\"position\":1,\"name\":\"Ana sayfa\",\"item\":\"https:\/\/ticaret.edu.tr\/isletme-fakultesi\/\"},{\"@type\":\"ListItem\",\"position\":2,\"name\":\"Faculty Administrative Office\"}]},{\"@type\":\"WebSite\",\"@id\":\"https:\/\/ticaret.edu.tr\/isletme-fakultesi\/#website\",\"url\":\"https:\/\/ticaret.edu.tr\/isletme-fakultesi\/\",\"name\":\"\u0130\u015fletme Fak\u00fcltesi\",\"description\":\"\",\"potentialAction\":[{\"@type\":\"SearchAction\",\"target\":{\"@type\":\"EntryPoint\",\"urlTemplate\":\"https:\/\/ticaret.edu.tr\/isletme-fakultesi\/?s={search_term_string}\"},\"query-input\":\"required name=search_term_string\"}],\"inLanguage\":\"tr\"}]}<\/script>\n<!-- \/ Yoast SEO Premium plugin. -->","yoast_head_json":{"title":"Faculty Administrative Office - \u0130\u015fletme Fak\u00fcltesi","robots":{"index":"index","follow":"follow","max-snippet":"max-snippet:-1","max-image-preview":"max-image-preview:large","max-video-preview":"max-video-preview:-1"},"canonical":"https:\/\/ticaret.edu.tr\/isletme-fakultesi\/en\/faculty-administrative-office\/","og_locale":"tr_TR","og_type":"article","og_title":"Faculty Administrative Office","og_description":"Name &amp; Surname MISSION MAIL ADRESS PHONE G\u00fcne\u015f \u0130NCE BA\u015e\u00c7IN Administrative Office Manager gince@ticaret.edu.tr 4350 Enes Malik BAYRAKTAR Department Secretery embayraktar@ticaret.edu.tr 4741 Faculty of Business E-mail: isletmefakultesi@ticaret.edu.tr","og_url":"https:\/\/ticaret.edu.tr\/isletme-fakultesi\/en\/faculty-administrative-office\/","og_site_name":"\u0130\u015fletme Fak\u00fcltesi","article_publisher":"https:\/\/www.facebook.com\/ticaretedutr","article_modified_time":"2026-01-14T09:07:58+00:00","og_image":[{"width":1250,"height":833,"url":"http:\/\/ticaret.edu.tr\/isletme-fakultesi\/wp-content\/uploads\/sites\/7\/2021\/11\/web_logo-01.jpg","type":"image\/jpeg"}],"twitter_card":"summary_large_image","twitter_site":"@ticaretedutr","twitter_misc":{"Tahmini okuma s\u00fcresi":"1 dakika"},"schema":{"@context":"https:\/\/schema.org","@graph":[{"@type":"WebPage","@id":"https:\/\/ticaret.edu.tr\/isletme-fakultesi\/en\/faculty-administrative-office\/","url":"https:\/\/ticaret.edu.tr\/isletme-fakultesi\/en\/faculty-administrative-office\/","name":"Faculty Administrative Office - \u0130\u015fletme Fak\u00fcltesi","isPartOf":{"@id":"https:\/\/ticaret.edu.tr\/isletme-fakultesi\/#website"},"datePublished":"2021-11-03T08:32:59+00:00","dateModified":"2026-01-14T09:07:58+00:00","breadcrumb":{"@id":"https:\/\/ticaret.edu.tr\/isletme-fakultesi\/en\/faculty-administrative-office\/#breadcrumb"},"inLanguage":"tr","potentialAction":[{"@type":"ReadAction","target":["https:\/\/ticaret.edu.tr\/isletme-fakultesi\/en\/faculty-administrative-office\/"]}]},{"@type":"BreadcrumbList","@id":"https:\/\/ticaret.edu.tr\/isletme-fakultesi\/en\/faculty-administrative-office\/#breadcrumb","itemListElement":[{"@type":"ListItem","position":1,"name":"Ana sayfa","item":"https:\/\/ticaret.edu.tr\/isletme-fakultesi\/"},{"@type":"ListItem","position":2,"name":"Faculty Administrative Office"}]},{"@type":"WebSite","@id":"https:\/\/ticaret.edu.tr\/isletme-fakultesi\/#website","url":"https:\/\/ticaret.edu.tr\/isletme-fakultesi\/","name":"\u0130\u015fletme Fak\u00fcltesi","description":"","potentialAction":[{"@type":"SearchAction","target":{"@type":"EntryPoint","urlTemplate":"https:\/\/ticaret.edu.tr\/isletme-fakultesi\/?s={search_term_string}"},"query-input":"required name=search_term_string"}],"inLanguage":"tr"}]}},"lang":"en","translations":{"en":306,"tr":9},"pll_sync_post":[],"_links":{"self":[{"href":"http:\/\/ticaret.edu.tr\/isletme-fakultesi\/wp-json\/wp\/v2\/pages\/306"}],"collection":[{"href":"http:\/\/ticaret.edu.tr\/isletme-fakultesi\/wp-json\/wp\/v2\/pages"}],"about":[{"href":"http:\/\/ticaret.edu.tr\/isletme-fakultesi\/wp-json\/wp\/v2\/types\/page"}],"author":[{"embeddable":true,"href":"http:\/\/ticaret.edu.tr\/isletme-fakultesi\/wp-json\/wp\/v2\/users\/149"}],"replies":[{"embeddable":true,"href":"http:\/\/ticaret.edu.tr\/isletme-fakultesi\/wp-json\/wp\/v2\/comments?post=306"}],"version-history":[{"count":6,"href":"http:\/\/ticaret.edu.tr\/isletme-fakultesi\/wp-json\/wp\/v2\/pages\/306\/revisions"}],"predecessor-version":[{"id":2175,"href":"http:\/\/ticaret.edu.tr\/isletme-fakultesi\/wp-json\/wp\/v2\/pages\/306\/revisions\/2175"}],"wp:attachment":[{"href":"http:\/\/ticaret.edu.tr\/isletme-fakultesi\/wp-json\/wp\/v2\/media?parent=306"}],"curies":[{"name":"wp","href":"https:\/\/api.w.org\/{rel}","templated":true}]}}