{"id":654,"date":"2022-03-16T09:26:16","date_gmt":"2022-03-16T06:26:16","guid":{"rendered":"https:\/\/ticaret.edu.tr\/isletme-fakultesi\/?page_id=654"},"modified":"2026-03-05T12:17:38","modified_gmt":"2026-03-05T09:17:38","slug":"kalite-komisyonu","status":"publish","type":"page","link":"http:\/\/ticaret.edu.tr\/isletme-fakultesi\/kalite-komisyonu\/","title":{"rendered":"Komisyonlar"},"content":{"rendered":"<table width=\"771\">\n<tbody>\n<tr>\n<td style=\"text-align: center\" width=\"771\"><strong>Akreditasyon Komisyonu<\/strong><\/td>\n<\/tr>\n<tr>\n<td>Dr. \u00d6\u011fr. \u00dcyesi Tu\u011frul ARIK\u2013 Ba\u015fkan<\/td>\n<\/tr>\n<tr>\n<td>Do\u00e7. Dr. Cihat K\u00d6KSAL<\/td>\n<\/tr>\n<tr>\n<td>Do\u00e7. Dr. Duygu CELAY\u0130R<\/td>\n<\/tr>\n<tr>\n<td>Do\u00e7. Dr. G\u00fcldenur \u00c7ET\u0130N<\/td>\n<\/tr>\n<tr>\n<td>Do\u00e7. Dr. Sinem SEF\u0130L TANSEVER<\/td>\n<\/tr>\n<tr>\n<td>Do\u00e7. Dr. Ufuk BA\u015eAR<\/td>\n<\/tr>\n<tr>\n<td>Dr. \u00d6\u011fr. \u00dcyesi Nihan YAVUZ AKSAKAL<\/td>\n<\/tr>\n<tr>\n<td>Dr. \u00d6\u011fr. \u00dcyesi O\u011fuz \u015e\u0130M\u015eEK<\/td>\n<\/tr>\n<tr>\n<td>Ar\u015f. G\u00f6r. Bayram \u015e\u0130R\u0130N<\/td>\n<\/tr>\n<tr>\n<td>Ar\u015f. G\u00f6r. Do\u011fan Mert AKDEM\u0130R<\/td>\n<\/tr>\n<tr>\n<td>Ar\u015f. G\u00f6r. Hilal \u00d6ZKANCA<\/td>\n<\/tr>\n<tr>\n<td>Ar\u015f. G\u00f6r. H\u00fcmeyra Nur HAT\u0130PO\u011eLU<\/td>\n<\/tr>\n<tr>\n<td>Ar\u015f. G\u00f6r. Dr. H\u00fcseyin Can HACIBEBEKO\u011eLU<\/td>\n<\/tr>\n<tr>\n<td>Ar\u015f. G\u00f6r.\u00a0 Dr. Merve \u00c7EL\u0130K KURTULU\u015e<\/td>\n<\/tr>\n<tr>\n<td>Ar\u015f. G\u00f6r. Sercan YILDIZ<\/td>\n<\/tr>\n<tr>\n<td>Ar\u015f. G\u00f6r. \u015e\u00fckr\u00fc BUDAK<\/td>\n<\/tr>\n<tr>\n<td>Ar\u015f. G\u00f6r. Talha KARADAYI<\/td>\n<\/tr>\n<tr>\n<td><\/td>\n<\/tr>\n<tr>\n<td style=\"text-align: center\"><strong>Disiplin Soru\u015fturma Komisyonu<\/strong><\/td>\n<\/tr>\n<tr>\n<td><strong>As\u0131l \u00dcyeler<\/strong><\/td>\n<\/tr>\n<tr>\n<td>Do\u00e7. Dr. G\u00f6zde YANGINLAR \u2013 Ba\u015fkan<\/td>\n<\/tr>\n<tr>\n<td>Dr. \u00d6\u011fr. \u00dcyesi \u0130srafil BOYACI<\/td>\n<\/tr>\n<tr>\n<td>Dr. \u00d6\u011fr. \u00dcyesi Osman ALTAY<\/td>\n<\/tr>\n<tr>\n<td><strong>Yedek \u00dcyeler<\/strong><\/td>\n<\/tr>\n<tr>\n<td>Dr. \u00d6\u011fr. \u00dcyesi Umut AYDIN<\/td>\n<\/tr>\n<tr>\n<td>Dr. \u00d6\u011fr. \u00dcyesi \u00dcmit KANMAZ<\/td>\n<\/tr>\n<tr>\n<td><\/td>\n<\/tr>\n<tr>\n<td style=\"text-align: center\"><strong>Yatay Ge\u00e7i\u015f, \u00c7ift Anadal ve Yan Dal Ba\u015fvurular\u0131n\u0131 De\u011ferlendirme Komisyonu<\/strong><\/td>\n<\/tr>\n<tr>\n<td>Dr. \u00d6\u011fr. \u00dcyesi Tuncel \u00d6Z-Ba\u015fkan<\/td>\n<\/tr>\n<tr>\n<td>Ar\u015f. G\u00f6r. H\u00fcseyin Can HACIEBEKO\u011eLU<\/td>\n<\/tr>\n<tr>\n<td>Ar\u015f. G\u00f6r. Sercan YILDIZ<\/td>\n<\/tr>\n<tr>\n<td style=\"text-align: center\"><\/td>\n<\/tr>\n<tr>\n<td style=\"text-align: center\"><strong>Erasmus ve Orhun De\u011fi\u015fim Programlar\u0131 B\u00f6l\u00fcm Koordinat\u00f6rleri<\/strong><\/td>\n<\/tr>\n<tr>\n<td>Finans ve Bankac\u0131l\u0131k (\u0130ngilizce) B\u00f6l\u00fcm\u00fc Dr. \u00d6\u011fr. \u00dcyesi O\u011fuz \u015e\u0130M\u015eEK<\/td>\n<\/tr>\n<tr>\n<td>Havac\u0131l\u0131k Y\u00f6netimi B\u00f6l\u00fcm\u00fc Dr. \u00d6\u011fr. \u00dcyesi Tuncel \u00d6Z<\/td>\n<\/tr>\n<tr>\n<td>\u0130ktisat (\u0130ngilizce) B\u00f6l\u00fcm\u00fc Do\u00e7. Dr. Yunus \u00d6ZCAN<\/td>\n<\/tr>\n<tr>\n<td>\u0130ktisat B\u00f6l\u00fcm\u00fc Do\u00e7. Dr. G\u00fcldenur \u00c7ET\u0130N<\/td>\n<\/tr>\n<tr>\n<td>\u0130\u015fletme (\u0130ngilizce) B\u00f6l\u00fcm\u00fc Do\u00e7. Dr. Nurg\u00fcl KELE\u015e TAY\u015e\u0130R<\/td>\n<\/tr>\n<tr>\n<td>\u0130\u015fletme B\u00f6l\u00fcm\u00fc Do\u00e7. Dr. Mehmet SA\u011eLAM<\/td>\n<\/tr>\n<tr>\n<td>Lojistik Y\u00f6netimi B\u00f6l\u00fcm\u00fc Do\u00e7. Dr. G\u00f6zde YANGINLAR<\/td>\n<\/tr>\n<tr>\n<td>Uluslararas\u0131 Ticaret (\u0130ngilizce) B\u00f6l\u00fcm\u00fc Do\u00e7. Dr. Cihat K\u00d6KSAL<\/td>\n<\/tr>\n<tr>\n<td>Uluslararas\u0131 Ticaret ve Finansman B\u00f6l\u00fcm\u00fc Dr. \u00d6\u011fr. \u00dcyesi Osman ALTAY<\/td>\n<\/tr>\n<tr>\n<td>Y\u00f6netim Bili\u015fim Sistemleri (\u0130ngilizce) B\u00f6l\u00fcm\u00fc Dr. \u00d6\u011fr. \u00dcyesi \u0130srafil BOYACI<\/td>\n<\/tr>\n<tr>\n<td style=\"text-align: center\"><\/td>\n<\/tr>\n<tr>\n<td style=\"text-align: center\"><strong>Fak\u00fclte Bologna Koordinat\u00f6r\u00fc<\/strong><\/td>\n<\/tr>\n<tr>\n<td>Dr. \u00d6\u011fr. \u00dcyesi \u0130srafil BOYACI<\/td>\n<\/tr>\n<tr>\n<td style=\"text-align: center\"><\/td>\n<\/tr>\n<tr>\n<td style=\"text-align: center\"><strong>Engelli \u00d6\u011frenci Akademik Birim Temsilcisi<\/strong><\/td>\n<\/tr>\n<tr>\n<td>\u00a0Ar\u015f. G\u00f6r. Dr. Merve \u00c7EL\u0130K KURTULU\u015e<\/td>\n<\/tr>\n<tr>\n<td style=\"text-align: center\"><\/td>\n<\/tr>\n<tr>\n<td style=\"text-align: center\"><strong>Fak\u00fclte Kalite Komisyonu\u00a0\u00a0\u00a0\u00a0\u00a0\u00a0\u00a0\u00a0\u00a0\u00a0\u00a0<\/strong><\/td>\n<\/tr>\n<tr>\n<td width=\"771\"><strong>Ba\u015fkan<\/strong><\/td>\n<\/tr>\n<tr>\n<td width=\"771\">Dr. \u00d6\u011fr. \u00dcyesi Tu\u011frul ARIK- Dekan Yard\u0131mc\u0131s\u0131<\/td>\n<\/tr>\n<tr>\n<td width=\"771\"><strong>\u00dcyeler<\/strong><\/td>\n<\/tr>\n<tr>\n<td width=\"771\">Dr. \u00d6\u011fr. \u00dcyesi Mefule FINDIK\u00c7I ERDO\u011eAN- Dekan Yard\u0131mc\u0131s\u0131<\/td>\n<\/tr>\n<tr>\n<td width=\"771\">Dr. \u00d6\u011fr. \u00dcyesi Nihan YAVUZ AKSAKAL- Fak\u00fclte Kalite El\u00e7isi<\/td>\n<\/tr>\n<tr>\n<td width=\"771\">Prof. Dr. Bet\u00fcl G\u00dcR -\u0130ktisat B\u00f6l\u00fcm Ba\u015fkan\u0131<\/td>\n<\/tr>\n<tr>\n<td width=\"771\">Prof. Dr. Yahya F\u0130DAN -Lojistik Y\u00f6netimi B\u00f6l\u00fcm Ba\u015fkan\u0131<\/td>\n<\/tr>\n<tr>\n<td width=\"771\">Prof. Dr. Hicabi ERSOY- Finans ve Bankac\u0131l\u0131k (\u0130ngilizce) B\u00f6l\u00fcm Ba\u015fkan\u0131<\/td>\n<\/tr>\n<tr>\n<td width=\"771\">Do\u00e7. Dr. Ba\u015fak ERDEM \u00c7ANKAYA \u2013 Uluslararas\u0131 Ticaret ve Finansman B\u00f6l\u00fcm Ba\u015fkan\u0131<\/td>\n<\/tr>\n<tr>\n<td width=\"771\">Do\u00e7. Dr. Cihat K\u00d6KSAL &#8211; Uluslararas\u0131 Ticaret (\u0130ngilizce) B\u00f6l\u00fcm Ba\u015fkan\u0131<\/td>\n<\/tr>\n<tr>\n<td width=\"771\">Do\u00e7. Dr. Mehmet SA\u011eLAM- \u0130\u015fletme B\u00f6l\u00fcm Ba\u015fkan\u0131<\/td>\n<\/tr>\n<tr>\n<td width=\"771\">Do\u00e7. Dr. Sinem SEF\u0130L TANSEVER -\u0130ktisat (\u0130ngilizce) B\u00f6l\u00fcm Ba\u015fkan V.<\/td>\n<\/tr>\n<tr>\n<td width=\"771\">Do\u00e7. Dr. Nurg\u00fcl KELE\u015e TAY\u015e\u0130R -\u0130\u015fletme (\u0130ngilizce) B\u00f6l\u00fcm Ba\u015fkan\u0131<\/td>\n<\/tr>\n<tr>\n<td width=\"771\">Dr. \u00d6\u011fr. \u00dcyesi Tuncel \u00d6Z- Havac\u0131l\u0131k Y\u00f6netimi B\u00f6l\u00fcm Ba\u015fkan<\/td>\n<\/tr>\n<tr>\n<td width=\"771\">Dr. \u00d6\u011fr. \u00dcyesi Umut AYDIN- Y\u00f6netim Bili\u015fim Sistemleri (\u0130ngilizce) B\u00f6l\u00fcm Ba\u015fkan\u0131 V.<\/td>\n<\/tr>\n<tr>\n<td style=\"text-align: center\">\n<table style=\"text-align: start\" width=\"771\">\n<tbody>\n<tr>\n<td width=\"771\">G\u00fcne\u015f \u0130NCE BA\u015eCIN \u2013 Fak\u00fclte Sekreteri<\/td>\n<\/tr>\n<tr>\n<td width=\"771\">Beyzanur KASIRGA \u2013 \u00d6\u011frenci Temsilcisi<\/td>\n<\/tr>\n<\/tbody>\n<\/table>\n<\/td>\n<\/tr>\n<\/tbody>\n<\/table>\n<p>&nbsp;<\/p>\n<h2><strong>B\u00f6l\u00fcm Kalite Komisyonlar\u0131<\/strong><\/h2>\n<table width=\"549\">\n<tbody>\n<tr>\n<td width=\"549\"><strong>F\u0130NANS ve BANKACILIK (\u0130NG\u0130L\u0130ZCE) B\u00d6L\u00dcM\u00dc <\/strong><\/p>\n<p><strong>KAL\u0130TE KOM\u0130SYONU<\/strong><\/td>\n<\/tr>\n<tr>\n<td width=\"549\">Prof. Dr. Hicabi ERSOY -B\u00f6l\u00fcm Ba\u015fkan\u0131<\/td>\n<\/tr>\n<tr>\n<td width=\"549\">Do\u00e7. Dr. S\u0131tk\u0131 S\u00d6NMEZER -Se\u00e7ilmi\u015f \u00dcye<\/td>\n<\/tr>\n<tr>\n<td width=\"549\">Dr. \u00d6\u011fr. \u00dcyesi O\u011fuz \u015e\u0130M\u015eEK- Kalite El\u00e7isi<\/td>\n<\/tr>\n<tr>\n<td width=\"549\">Amir CHOMAEV &#8211; \u00d6\u011frenci Temsilcisi<\/td>\n<\/tr>\n<\/tbody>\n<\/table>\n<p><strong>\u00a0<\/strong><\/p>\n<table width=\"549\">\n<tbody>\n<tr>\n<td width=\"461\"><strong>HAVACILIK Y\u00d6NET\u0130M\u0130 B\u00d6L\u00dcM\u00dc KAL\u0130TE KOM\u0130SYONU<\/strong><\/td>\n<\/tr>\n<tr>\n<td width=\"461\">Dr. \u00d6\u011fr. \u00dcyesi Tuncel \u00d6Z-B\u00f6l\u00fcm Ba\u015fkan\u0131<\/td>\n<\/tr>\n<tr>\n<td width=\"461\">Dr. \u00d6\u011fr. \u00dcyesi \u00dcmit KANMAZ -Se\u00e7ilmi\u015f \u00dcye<\/td>\n<\/tr>\n<tr>\n<td width=\"461\">Ar\u015f. G\u00f6r. \u015e\u00fckr\u00fc BUDAK- Kalite El\u00e7isi<\/td>\n<\/tr>\n<tr>\n<td width=\"461\">Melikcan SEL\u00c7UK &#8211; \u00d6\u011frenci Temsilcisi<\/td>\n<\/tr>\n<\/tbody>\n<\/table>\n<p><strong>\u00a0<\/strong><\/p>\n<table width=\"550\">\n<tbody>\n<tr>\n<td width=\"461\"><strong>\u0130KT\u0130SAT (\u0130NG\u0130L\u0130ZCE) B\u00d6L\u00dcM\u00dc KAL\u0130TE KOM\u0130SYONU<\/strong><\/td>\n<\/tr>\n<tr>\n<td width=\"461\">Do\u00e7. Dr. Sinem SEF\u0130L TANSEVER -B\u00f6l\u00fcm Ba\u015fkan\u0131 V.<\/td>\n<\/tr>\n<tr>\n<td width=\"461\">Do\u00e7. Dr. Yunus \u00d6ZCAN -Se\u00e7ilmi\u015f \u00dcye<\/td>\n<\/tr>\n<tr>\n<td width=\"461\">Ar\u015f. G\u00f6r. Dr. H\u00fcseyin Can HACIBEBEKO\u011eLU- Kalite El\u00e7isi<\/td>\n<\/tr>\n<tr>\n<td width=\"461\">Asiye G\u00f6zde MUMCU &#8211; \u00d6\u011frenci Temsilcisi<\/td>\n<\/tr>\n<\/tbody>\n<\/table>\n<p><strong>\u00a0<\/strong><\/p>\n<table width=\"633\">\n<tbody>\n<tr>\n<td width=\"633\"><strong>\u0130KT\u0130SAT B\u00d6L\u00dcM\u00dc KAL\u0130TE KOM\u0130SYONU<\/strong><\/td>\n<\/tr>\n<tr>\n<td width=\"633\">Prof. Dr. Bet\u00fcl G\u00dcR-B\u00f6l\u00fcm Ba\u015fkan\u0131<\/td>\n<\/tr>\n<tr>\n<td width=\"633\">Do\u00e7. Dr. G\u00fcldenur \u00c7ET\u0130N -Se\u00e7ilmi\u015f \u00dcye<\/td>\n<\/tr>\n<tr>\n<td width=\"633\">Ar\u015f. G\u00f6r. Sercan YILDIZ- Kalite El\u00e7isi<\/td>\n<\/tr>\n<tr>\n<td width=\"633\">Ay\u015fenur \u00c7EL\u0130K &#8211; \u00d6\u011frenci Temsilcisi<\/td>\n<\/tr>\n<\/tbody>\n<\/table>\n<p><strong>\u00a0<\/strong><\/p>\n<table width=\"633\">\n<tbody>\n<tr>\n<td width=\"633\"><strong>\u0130\u015eLETME (\u0130NG\u0130L\u0130ZCE) B\u00d6L\u00dcM\u00dc KAL\u0130TE KOM\u0130SYONU<\/strong><\/td>\n<\/tr>\n<tr>\n<td width=\"633\">Do\u00e7. Dr. Nurg\u00fcl KELE\u015e TAY\u015e\u0130R -B\u00f6l\u00fcm Ba\u015fkan\u0131<\/td>\n<\/tr>\n<tr>\n<td width=\"633\">Do\u00e7. Dr. Ufuk BA\u015eAR -Se\u00e7ilmi\u015f \u00dcye<\/td>\n<\/tr>\n<tr>\n<td width=\"633\">Ar\u015f. G\u00f6r. Dr. Merve \u00c7EL\u0130K- Kalite El\u00e7isi<\/td>\n<\/tr>\n<tr>\n<td width=\"633\">Baran KANTEK &#8211; \u00d6\u011frenci Temsilcisi<\/td>\n<\/tr>\n<\/tbody>\n<\/table>\n<p><strong>\u00a0<\/strong><\/p>\n<table width=\"633\">\n<tbody>\n<tr>\n<td width=\"633\"><strong>\u0130\u015eLETME B\u00d6L\u00dcM\u00dc KAL\u0130TE KOM\u0130SYONU<\/strong><\/td>\n<\/tr>\n<tr>\n<td width=\"633\">Do\u00e7. Dr. Mehmet SA\u011eLAM -B\u00f6l\u00fcm Ba\u015fkan\u0131<\/td>\n<\/tr>\n<tr>\n<td width=\"633\">Do\u00e7. Dr. Recep Ali K\u00dc\u00c7\u00dcK\u00c7OLAK-Se\u00e7ilmi\u015f \u00dcye<\/td>\n<\/tr>\n<tr>\n<td width=\"633\">Ar\u015f. G\u00f6r. H\u00fcmeyra Nur HAT\u0130PO\u011eLU- Kalite El\u00e7isi<\/td>\n<\/tr>\n<tr>\n<td width=\"633\">Ceren Azra CAN &#8211; \u00d6\u011frenci Temsilcisi<\/td>\n<\/tr>\n<\/tbody>\n<\/table>\n<p>&nbsp;<\/p>\n<table width=\"633\">\n<tbody>\n<tr>\n<td width=\"633\"><strong>LOJ\u0130ST\u0130K Y\u00d6NET\u0130M\u0130 B\u00d6L\u00dcM\u00dc KAL\u0130TE KOM\u0130SYONU<\/strong><\/td>\n<\/tr>\n<tr>\n<td width=\"633\">Prof. Dr. Yahya F\u0130DAN -B\u00f6l\u00fcm Ba\u015fkan\u0131<\/td>\n<\/tr>\n<tr>\n<td width=\"633\">Do\u00e7. Dr. G\u00f6zde YANGINLAR \u2013 Se\u00e7ilmi\u015f \u00dcye<\/td>\n<\/tr>\n<tr>\n<td width=\"633\">Ar\u015f. G\u00f6r. Bayram \u015e\u0130R\u0130N- Kalite El\u00e7isi<\/td>\n<\/tr>\n<tr>\n<td width=\"633\">Melike G\u00d6LGE\u00c7 &#8211; \u00d6\u011frenci Temsilcisi<\/td>\n<\/tr>\n<\/tbody>\n<\/table>\n<p><strong>\u00a0<\/strong><\/p>\n<table width=\"633\">\n<tbody>\n<tr>\n<td width=\"633\"><strong>ULUSLARARASI T\u0130CARET (\u0130NG\u0130L\u0130ZCE) B\u00d6L\u00dcM\u00dc KAL\u0130TE KOM\u0130SYONU<\/strong><\/td>\n<\/tr>\n<tr>\n<td width=\"633\">Do\u00e7. Dr. Cihat K\u00d6KSAL \u2013 B\u00f6l\u00fcm Ba\u015fkan\u0131<\/td>\n<\/tr>\n<tr>\n<td width=\"633\">Do\u00e7. Dr. A\u015fk\u0131m Nurdan T\u00dcMBEK TEKEO\u011eLU- Se\u00e7ilmi\u015f \u00dcye<\/td>\n<\/tr>\n<tr>\n<td width=\"633\">Ar\u015f. G\u00f6r. Do\u011fan Mert AKDEM\u0130R- Kalite El\u00e7isi<\/td>\n<\/tr>\n<tr>\n<td width=\"633\">Merve KILIN\u00c7 &#8211; \u00d6\u011frenci Temsilcisi<\/td>\n<\/tr>\n<\/tbody>\n<\/table>\n<p><strong>\u00a0<\/strong><\/p>\n<table width=\"633\">\n<tbody>\n<tr>\n<td width=\"633\"><strong>ULUSLARARASI T\u0130CARET ve F\u0130NANSMAN B\u00d6L\u00dcM\u00dc KAL\u0130TE KOM\u0130SYONU<\/strong><\/td>\n<\/tr>\n<tr>\n<td width=\"633\">Do\u00e7. Dr. Ba\u015fak ERDEM \u00c7ANKAYA-B\u00f6l\u00fcm Ba\u015fkan\u0131<\/td>\n<\/tr>\n<tr>\n<td width=\"633\">Dr. \u00d6\u011fr. \u00dcyesi Osman ALTAY-Se\u00e7ilmi\u015f \u00dcye<\/td>\n<\/tr>\n<tr>\n<td width=\"633\">Ar\u015f. G\u00f6r. Hilal \u00d6ZKANCA- Kalite El\u00e7isi<\/td>\n<\/tr>\n<tr>\n<td width=\"633\">Kemal \u00d6ZBAYRAM &#8211; \u00d6\u011frenci Temsilcisi<\/td>\n<\/tr>\n<\/tbody>\n<\/table>\n<p><strong>\u00a0<\/strong><\/p>\n<table width=\"633\">\n<tbody>\n<tr>\n<td width=\"633\"><strong>Y\u00d6NET\u0130M B\u0130L\u0130\u015e\u0130M S\u0130STEMLER\u0130 (\u0130NG\u0130L\u0130ZCE) B\u00d6L\u00dcM\u00dc KAL\u0130TE KOM\u0130SYONU<\/strong><\/td>\n<\/tr>\n<tr>\n<td width=\"633\">Dr. \u00d6\u011fr. \u00dcyesi Umut AYDIN \u2013 B\u00f6l\u00fcm Ba\u015fkan\u0131 V.<\/td>\n<\/tr>\n<tr>\n<td width=\"633\">Ar\u015f. G\u00f6r. Talha KARADAYI- Kalite El\u00e7isi<\/td>\n<\/tr>\n<tr>\n<td width=\"633\">Belinay TAYKUTG\u00dcL &#8211; \u00d6\u011frenci Temsilcisi<\/td>\n<\/tr>\n<\/tbody>\n<\/table>\n<h2><\/h2>\n<h2><strong>Kalite El\u00e7ileri<\/strong><\/h2>\n<table>\n<tbody>\n<tr>\n<td width=\"566\"><strong>\u0130\u015fletme Fak\u00fcltesi: <\/strong>Dr. \u00d6\u011fr. \u00dcyesi Nihan YAVUZ AKSAKAL<\/td>\n<\/tr>\n<tr>\n<td width=\"566\"><strong>Finans ve Bankac\u0131l\u0131k (\u0130ngilizce) B\u00f6l\u00fcm\u00fc: <\/strong>Dr. \u00d6\u011fr. \u00dcyesi O\u011fuz \u015e\u0130M\u015eEK<\/td>\n<\/tr>\n<tr>\n<td width=\"566\"><strong>Havac\u0131l\u0131k Y\u00f6netimi B\u00f6l\u00fcm\u00fc: <\/strong>Ar\u015f. G\u00f6r. \u015e\u00fckr\u00fc BUDAK<\/td>\n<\/tr>\n<tr>\n<td width=\"566\"><strong>\u0130ktisat (\u0130ngilizce) B\u00f6l\u00fcm\u00fc: <\/strong>Ar\u015f. G\u00f6r. Dr. H\u00fcseyin Can HACIBEBEKO\u011eLU<\/td>\n<\/tr>\n<tr>\n<td width=\"566\"><strong>\u0130ktisat B\u00f6l\u00fcm\u00fc: <\/strong>Ar\u015f. G\u00f6r. Sercan YILDIZ<\/td>\n<\/tr>\n<tr>\n<td width=\"566\"><strong>\u0130\u015fletme (\u0130ngilizce) B\u00f6l\u00fcm\u00fc:<\/strong> Ar\u015f. G\u00f6r. Dr. Merve \u00c7EL\u0130K KURTULU\u015e<\/td>\n<\/tr>\n<tr>\n<td width=\"566\"><strong>\u0130\u015fletme B\u00f6l\u00fcm\u00fc: <\/strong>Ar\u015f. G\u00f6r. H\u00fcmeyra Nur HAT\u0130POPLU<\/td>\n<\/tr>\n<tr>\n<td width=\"566\"><strong>Lojistik Y\u00f6netimi B\u00f6l\u00fcm\u00fc:<\/strong> Ar\u015f. G\u00f6r. Bayram \u015e\u0130R\u0130N<\/td>\n<\/tr>\n<tr>\n<td width=\"566\"><strong>Uluslararas\u0131 Ticaret (\u0130ngilizce) B\u00f6l\u00fcm\u00fc:<\/strong> Ar\u015f. G\u00f6r. Do\u011fan Mert AKDEM\u0130R<\/td>\n<\/tr>\n<tr>\n<td width=\"566\"><strong>Uluslararas\u0131 Ticaret ve Finansman B\u00f6l\u00fcm\u00fc:<\/strong> Ar\u015f. G\u00f6r. Hilal \u00d6ZKANCA<\/td>\n<\/tr>\n<tr>\n<td width=\"566\"><strong>Y\u00f6netim Bili\u015fim Sistemleri (\u0130ngilizce) B\u00f6l\u00fcm\u00fc:<\/strong> Ar\u015f. G\u00f6r. Talha KARADAYI<\/td>\n<\/tr>\n<\/tbody>\n<\/table>\n","protected":false},"excerpt":{"rendered":"<p>Akreditasyon Komisyonu Dr. \u00d6\u011fr. \u00dcyesi Tu\u011frul ARIK\u2013 Ba\u015fkan Do\u00e7. Dr. Cihat K\u00d6KSAL Do\u00e7. Dr. Duygu CELAY\u0130R Do\u00e7. Dr. G\u00fcldenur \u00c7ET\u0130N Do\u00e7. Dr. Sinem SEF\u0130L TANSEVER Do\u00e7. Dr. Ufuk BA\u015eAR Dr. \u00d6\u011fr. \u00dcyesi Nihan YAVUZ AKSAKAL Dr. \u00d6\u011fr. \u00dcyesi O\u011fuz \u015e\u0130M\u015eEK Ar\u015f. G\u00f6r. Bayram \u015e\u0130R\u0130N Ar\u015f. G\u00f6r. Do\u011fan Mert AKDEM\u0130R Ar\u015f. G\u00f6r. Hilal \u00d6ZKANCA Ar\u015f. G\u00f6r. [&hellip;]<\/p>\n","protected":false},"author":53,"featured_media":0,"parent":0,"menu_order":0,"comment_status":"closed","ping_status":"closed","template":"genel_sayfa.php","meta":{"footnotes":""},"yoast_head":"<!-- This site is optimized with the Yoast SEO Premium plugin v22.1 (Yoast SEO v22.1) - https:\/\/yoast.com\/wordpress\/plugins\/seo\/ -->\n<title>Komisyonlar - \u0130\u015fletme Fak\u00fcltesi<\/title>\n<meta name=\"robots\" content=\"index, follow, max-snippet:-1, max-image-preview:large, max-video-preview:-1\" \/>\n<link rel=\"canonical\" href=\"http:\/\/ticaret.edu.tr\/isletme-fakultesi\/kalite-komisyonu\/\" \/>\n<meta property=\"og:locale\" content=\"tr_TR\" \/>\n<meta property=\"og:type\" content=\"article\" \/>\n<meta property=\"og:title\" content=\"Komisyonlar\" \/>\n<meta property=\"og:description\" content=\"Akreditasyon Komisyonu Dr. \u00d6\u011fr. \u00dcyesi Tu\u011frul ARIK\u2013 Ba\u015fkan Do\u00e7. Dr. Cihat K\u00d6KSAL Do\u00e7. Dr. Duygu CELAY\u0130R Do\u00e7. Dr. G\u00fcldenur \u00c7ET\u0130N Do\u00e7. Dr. Sinem SEF\u0130L TANSEVER Do\u00e7. Dr. Ufuk BA\u015eAR Dr. \u00d6\u011fr. \u00dcyesi Nihan YAVUZ AKSAKAL Dr. \u00d6\u011fr. \u00dcyesi O\u011fuz \u015e\u0130M\u015eEK Ar\u015f. G\u00f6r. Bayram \u015e\u0130R\u0130N Ar\u015f. G\u00f6r. Do\u011fan Mert AKDEM\u0130R Ar\u015f. G\u00f6r. Hilal \u00d6ZKANCA Ar\u015f. G\u00f6r. [&hellip;]\" \/>\n<meta property=\"og:url\" content=\"http:\/\/ticaret.edu.tr\/isletme-fakultesi\/kalite-komisyonu\/\" \/>\n<meta property=\"og:site_name\" content=\"\u0130\u015fletme Fak\u00fcltesi\" \/>\n<meta property=\"article:publisher\" content=\"https:\/\/www.facebook.com\/ticaretedutr\" \/>\n<meta property=\"article:modified_time\" content=\"2026-03-05T09:17:38+00:00\" \/>\n<meta property=\"og:image\" content=\"http:\/\/ticaret.edu.tr\/isletme-fakultesi\/wp-content\/uploads\/sites\/7\/2021\/11\/web_logo-01.jpg\" \/>\n\t<meta property=\"og:image:width\" content=\"1250\" \/>\n\t<meta property=\"og:image:height\" content=\"833\" \/>\n\t<meta property=\"og:image:type\" content=\"image\/jpeg\" \/>\n<meta name=\"twitter:card\" content=\"summary_large_image\" \/>\n<meta name=\"twitter:site\" content=\"@ticaretedutr\" \/>\n<meta name=\"twitter:label1\" content=\"Tahmini okuma s\u00fcresi\" \/>\n\t<meta name=\"twitter:data1\" content=\"5 dakika\" \/>\n<script type=\"application\/ld+json\" class=\"yoast-schema-graph\">{\"@context\":\"https:\/\/schema.org\",\"@graph\":[{\"@type\":\"WebPage\",\"@id\":\"http:\/\/ticaret.edu.tr\/isletme-fakultesi\/kalite-komisyonu\/\",\"url\":\"http:\/\/ticaret.edu.tr\/isletme-fakultesi\/kalite-komisyonu\/\",\"name\":\"Komisyonlar - \u0130\u015fletme Fak\u00fcltesi\",\"isPartOf\":{\"@id\":\"https:\/\/ticaret.edu.tr\/isletme-fakultesi\/#website\"},\"datePublished\":\"2022-03-16T06:26:16+00:00\",\"dateModified\":\"2026-03-05T09:17:38+00:00\",\"breadcrumb\":{\"@id\":\"http:\/\/ticaret.edu.tr\/isletme-fakultesi\/kalite-komisyonu\/#breadcrumb\"},\"inLanguage\":\"tr\",\"potentialAction\":[{\"@type\":\"ReadAction\",\"target\":[\"http:\/\/ticaret.edu.tr\/isletme-fakultesi\/kalite-komisyonu\/\"]}]},{\"@type\":\"BreadcrumbList\",\"@id\":\"http:\/\/ticaret.edu.tr\/isletme-fakultesi\/kalite-komisyonu\/#breadcrumb\",\"itemListElement\":[{\"@type\":\"ListItem\",\"position\":1,\"name\":\"Ana sayfa\",\"item\":\"https:\/\/ticaret.edu.tr\/isletme-fakultesi\/\"},{\"@type\":\"ListItem\",\"position\":2,\"name\":\"Komisyonlar\"}]},{\"@type\":\"WebSite\",\"@id\":\"https:\/\/ticaret.edu.tr\/isletme-fakultesi\/#website\",\"url\":\"https:\/\/ticaret.edu.tr\/isletme-fakultesi\/\",\"name\":\"\u0130\u015fletme Fak\u00fcltesi\",\"description\":\"\",\"potentialAction\":[{\"@type\":\"SearchAction\",\"target\":{\"@type\":\"EntryPoint\",\"urlTemplate\":\"https:\/\/ticaret.edu.tr\/isletme-fakultesi\/?s={search_term_string}\"},\"query-input\":\"required name=search_term_string\"}],\"inLanguage\":\"tr\"}]}<\/script>\n<!-- \/ Yoast SEO Premium plugin. -->","yoast_head_json":{"title":"Komisyonlar - \u0130\u015fletme Fak\u00fcltesi","robots":{"index":"index","follow":"follow","max-snippet":"max-snippet:-1","max-image-preview":"max-image-preview:large","max-video-preview":"max-video-preview:-1"},"canonical":"http:\/\/ticaret.edu.tr\/isletme-fakultesi\/kalite-komisyonu\/","og_locale":"tr_TR","og_type":"article","og_title":"Komisyonlar","og_description":"Akreditasyon Komisyonu Dr. \u00d6\u011fr. \u00dcyesi Tu\u011frul ARIK\u2013 Ba\u015fkan Do\u00e7. Dr. Cihat K\u00d6KSAL Do\u00e7. Dr. Duygu CELAY\u0130R Do\u00e7. Dr. G\u00fcldenur \u00c7ET\u0130N Do\u00e7. Dr. Sinem SEF\u0130L TANSEVER Do\u00e7. Dr. Ufuk BA\u015eAR Dr. \u00d6\u011fr. \u00dcyesi Nihan YAVUZ AKSAKAL Dr. \u00d6\u011fr. \u00dcyesi O\u011fuz \u015e\u0130M\u015eEK Ar\u015f. G\u00f6r. Bayram \u015e\u0130R\u0130N Ar\u015f. G\u00f6r. Do\u011fan Mert AKDEM\u0130R Ar\u015f. G\u00f6r. Hilal \u00d6ZKANCA Ar\u015f. G\u00f6r. [&hellip;]","og_url":"http:\/\/ticaret.edu.tr\/isletme-fakultesi\/kalite-komisyonu\/","og_site_name":"\u0130\u015fletme Fak\u00fcltesi","article_publisher":"https:\/\/www.facebook.com\/ticaretedutr","article_modified_time":"2026-03-05T09:17:38+00:00","og_image":[{"width":1250,"height":833,"url":"http:\/\/ticaret.edu.tr\/isletme-fakultesi\/wp-content\/uploads\/sites\/7\/2021\/11\/web_logo-01.jpg","type":"image\/jpeg"}],"twitter_card":"summary_large_image","twitter_site":"@ticaretedutr","twitter_misc":{"Tahmini okuma s\u00fcresi":"5 dakika"},"schema":{"@context":"https:\/\/schema.org","@graph":[{"@type":"WebPage","@id":"http:\/\/ticaret.edu.tr\/isletme-fakultesi\/kalite-komisyonu\/","url":"http:\/\/ticaret.edu.tr\/isletme-fakultesi\/kalite-komisyonu\/","name":"Komisyonlar - \u0130\u015fletme Fak\u00fcltesi","isPartOf":{"@id":"https:\/\/ticaret.edu.tr\/isletme-fakultesi\/#website"},"datePublished":"2022-03-16T06:26:16+00:00","dateModified":"2026-03-05T09:17:38+00:00","breadcrumb":{"@id":"http:\/\/ticaret.edu.tr\/isletme-fakultesi\/kalite-komisyonu\/#breadcrumb"},"inLanguage":"tr","potentialAction":[{"@type":"ReadAction","target":["http:\/\/ticaret.edu.tr\/isletme-fakultesi\/kalite-komisyonu\/"]}]},{"@type":"BreadcrumbList","@id":"http:\/\/ticaret.edu.tr\/isletme-fakultesi\/kalite-komisyonu\/#breadcrumb","itemListElement":[{"@type":"ListItem","position":1,"name":"Ana sayfa","item":"https:\/\/ticaret.edu.tr\/isletme-fakultesi\/"},{"@type":"ListItem","position":2,"name":"Komisyonlar"}]},{"@type":"WebSite","@id":"https:\/\/ticaret.edu.tr\/isletme-fakultesi\/#website","url":"https:\/\/ticaret.edu.tr\/isletme-fakultesi\/","name":"\u0130\u015fletme Fak\u00fcltesi","description":"","potentialAction":[{"@type":"SearchAction","target":{"@type":"EntryPoint","urlTemplate":"https:\/\/ticaret.edu.tr\/isletme-fakultesi\/?s={search_term_string}"},"query-input":"required name=search_term_string"}],"inLanguage":"tr"}]}},"lang":"tr","translations":{"en":658,"tr":654},"pll_sync_post":[],"_links":{"self":[{"href":"http:\/\/ticaret.edu.tr\/isletme-fakultesi\/wp-json\/wp\/v2\/pages\/654"}],"collection":[{"href":"http:\/\/ticaret.edu.tr\/isletme-fakultesi\/wp-json\/wp\/v2\/pages"}],"about":[{"href":"http:\/\/ticaret.edu.tr\/isletme-fakultesi\/wp-json\/wp\/v2\/types\/page"}],"author":[{"embeddable":true,"href":"http:\/\/ticaret.edu.tr\/isletme-fakultesi\/wp-json\/wp\/v2\/users\/53"}],"replies":[{"embeddable":true,"href":"http:\/\/ticaret.edu.tr\/isletme-fakultesi\/wp-json\/wp\/v2\/comments?post=654"}],"version-history":[{"count":39,"href":"http:\/\/ticaret.edu.tr\/isletme-fakultesi\/wp-json\/wp\/v2\/pages\/654\/revisions"}],"predecessor-version":[{"id":2492,"href":"http:\/\/ticaret.edu.tr\/isletme-fakultesi\/wp-json\/wp\/v2\/pages\/654\/revisions\/2492"}],"wp:attachment":[{"href":"http:\/\/ticaret.edu.tr\/isletme-fakultesi\/wp-json\/wp\/v2\/media?parent=654"}],"curies":[{"name":"wp","href":"https:\/\/api.w.org\/{rel}","templated":true}]}}