{"id":1044,"date":"2022-12-27T16:01:51","date_gmt":"2022-12-27T13:01:51","guid":{"rendered":"https:\/\/ticaret.edu.tr\/isletme-ingilizce\/?page_id=1044"},"modified":"2026-03-31T14:56:46","modified_gmt":"2026-03-31T11:56:46","slug":"program-ogretim-ciktilari","status":"publish","type":"page","link":"http:\/\/ticaret.edu.tr\/isletme-ingilizce\/program-ogretim-ciktilari\/","title":{"rendered":"Program \u00d6\u011fretim \u00c7\u0131kt\u0131lar\u0131"},"content":{"rendered":"<p><strong>Program \u00d6\u011fretim \u00c7\u0131kt\u0131lar\u0131<\/strong><\/p>\n<ol>\n<li>\u0130\u015fletmenin temel fonksiyonlar\u0131, \u00f6rg\u00fct yap\u0131s\u0131, kaynaklar\u0131, payda\u015flar\u0131, \u00e7evresi hakk\u0131nda kavramsal ve uygulamaya y\u00f6nelik bilgiye, beceriye sahip olma<\/li>\n<li>\u0130\u015fletmenin mevcut durumunu, potansiyel sorunlar\u0131n\u0131 tespit ve analiz edebilme, de\u011ferlendirebilme, alternatif \u00e7\u00f6z\u00fcm \u00f6nerileri geli\u015ftirebilme<\/li>\n<li>\u0130\u015fletme alan\u0131yla ilgili bilgileri, y\u00f6netim bilgi sistemlerini etkin bir \u015fekilde kullanarak raporla\u015ft\u0131rabilme<\/li>\n<li>\u0130\u015fletmelerde ulusal ve k\u00fcresel dinamikler do\u011frultusunda stratejiler geli\u015ftirebilme, uygulayabilme<\/li>\n<li>Bireysel ve \u00e7ok k\u00fclt\u00fcrl\u00fc guruplarda etkin \u00e7al\u0131\u015fabilme, sorumluluk alma ve insiyatif kullanabilme<\/li>\n<li>\u0130\u015fletmenin \u00e7evresiyle ilgili, \u00f6\u011fretim dilinde yaz\u0131l\u0131 ve s\u00f6zl\u00fc ileti\u015fim kurabilme<\/li>\n<li>\u0130\u015f eti\u011fi, sosyal sorumluluk ve ahlaki de\u011ferlere sahip olma<\/li>\n<li>\u0130\u015fletmenin fonksiyonlar\u0131na ili\u015fkin uygulamalar\u0131n sosyal etkilerini ve hukuki sonu\u00e7lar\u0131n\u0131 de\u011ferlendirebilme<\/li>\n<li>\u0130\u015fletme alan\u0131ndaki g\u00fcncel bilgileri, geli\u015fmeleri d\u00fczenli olarak takip edebilme ve i\u015f hayat\u0131nda kullanabilme<\/li>\n<li>\u0130\u015fletmenin y\u00f6netim fonksiyonlar\u0131n\u0131 etkin bi\u00e7imde ger\u00e7ekle\u015ftirmek i\u00e7in y\u00f6netsel becerileri kullanabilme<\/li>\n<li>\u0130\u015fletmelerin karar verme s\u00fcre\u00e7lerinde bilimsel y\u00f6ntem ve yakla\u015f\u0131mlar\u0131 uygulayabilme<\/li>\n<li>\u0130\u015fletme alan\u0131nda edinilen bilgileri, becerileri, yetkinlikleri kullanarak yenilik\u00e7i fikirler ve \u00e7\u00f6z\u00fcm \u00f6nerileri geli\u015ftirebilme<\/li>\n<\/ol>\n<p><strong>Programa \u00d6zg\u00fc \u00d6l\u00e7\u00fctler\u00a0<\/strong><\/p>\n<ol>\n<li><span data-contrast=\"auto\">Karar almada y\u00f6netim teorilerini ve ilkelerini kullanabilme yetkinli\u011fi<\/span><span data-ccp-props=\"{&quot;201341983&quot;:0,&quot;335559685&quot;:283,&quot;335559738&quot;:124,&quot;335559740&quot;:242}\">\u00a0<\/span><\/li>\n<li><span data-contrast=\"auto\">Giri\u015fimcilik bilgisi ve becerisi<\/span><span data-ccp-props=\"{&quot;201341983&quot;:0,&quot;335559685&quot;:283,&quot;335559738&quot;:124,&quot;335559740&quot;:242}\">\u00a0<\/span><\/li>\n<li><span data-contrast=\"auto\">Uluslararas\u0131 i\u015fletme y\u00f6netimi bilgisi ve becerisi<\/span><span data-ccp-props=\"{&quot;201341983&quot;:0,&quot;335559685&quot;:283,&quot;335559738&quot;:124,&quot;335559740&quot;:242}\">\u00a0<\/span><\/li>\n<li><span data-contrast=\"auto\">\u0130\u015fletmelerin temel strateji ve politikalar\u0131n\u0131 belirleyebilme yetkinli\u011fi<\/span><span data-ccp-props=\"{&quot;201341983&quot;:0,&quot;335559685&quot;:283,&quot;335559738&quot;:124,&quot;335559740&quot;:242}\">\u00a0<\/span><\/li>\n<li><span data-contrast=\"auto\">\u00d6rg\u00fct kuramlar\u0131n\u0131 yorumlayabilme becerisi<\/span><span data-ccp-props=\"{&quot;201341983&quot;:0,&quot;335559685&quot;:283,&quot;335559738&quot;:124,&quot;335559740&quot;:242}\">\u00a0<\/span><\/li>\n<li><span data-contrast=\"auto\">\u00d6rg\u00fct i\u00e7i davran\u0131\u015flar\u0131 anlayabilme, yorumlayabilme ve y\u00f6netebilme yetkinli\u011fi<\/span><span data-ccp-props=\"{&quot;201341983&quot;:0,&quot;335559685&quot;:283,&quot;335559738&quot;:124,&quot;335559740&quot;:242}\">\u00a0<\/span><\/li>\n<li><span data-contrast=\"auto\">Marka fark\u0131ndal\u0131\u011f\u0131 ve konumland\u0131rma stratejilerini uygulayabilme becerisi<\/span><span data-ccp-props=\"{&quot;201341983&quot;:0,&quot;335559685&quot;:283,&quot;335559738&quot;:124,&quot;335559740&quot;:242}\">\u00a0<\/span><\/li>\n<\/ol>\n","protected":false},"excerpt":{"rendered":"<p>Program \u00d6\u011fretim \u00c7\u0131kt\u0131lar\u0131 \u0130\u015fletmenin temel fonksiyonlar\u0131, \u00f6rg\u00fct yap\u0131s\u0131, kaynaklar\u0131, payda\u015flar\u0131, \u00e7evresi hakk\u0131nda kavramsal ve uygulamaya y\u00f6nelik bilgiye, beceriye sahip olma \u0130\u015fletmenin mevcut durumunu, potansiyel sorunlar\u0131n\u0131 tespit ve analiz edebilme, de\u011ferlendirebilme, alternatif \u00e7\u00f6z\u00fcm \u00f6nerileri geli\u015ftirebilme \u0130\u015fletme alan\u0131yla ilgili bilgileri, y\u00f6netim bilgi sistemlerini etkin bir \u015fekilde kullanarak raporla\u015ft\u0131rabilme \u0130\u015fletmelerde ulusal ve k\u00fcresel dinamikler do\u011frultusunda stratejiler geli\u015ftirebilme, uygulayabilme [&hellip;]<\/p>\n","protected":false},"author":59,"featured_media":0,"parent":0,"menu_order":0,"comment_status":"closed","ping_status":"closed","template":"genel_sayfa.php","meta":{"footnotes":""},"yoast_head":"<!-- This site is optimized with the Yoast SEO Premium plugin v22.1 (Yoast SEO v22.1) - https:\/\/yoast.com\/wordpress\/plugins\/seo\/ -->\n<title>Program \u00d6\u011fretim \u00c7\u0131kt\u0131lar\u0131 - \u0130\u015fletme (ing)<\/title>\n<meta name=\"robots\" content=\"index, follow, max-snippet:-1, max-image-preview:large, max-video-preview:-1\" \/>\n<link rel=\"canonical\" href=\"http:\/\/ticaret.edu.tr\/isletme-ingilizce\/program-ogretim-ciktilari\/\" \/>\n<meta property=\"og:locale\" content=\"tr_TR\" \/>\n<meta property=\"og:type\" content=\"article\" \/>\n<meta property=\"og:title\" content=\"Program \u00d6\u011fretim \u00c7\u0131kt\u0131lar\u0131\" \/>\n<meta property=\"og:description\" content=\"Program \u00d6\u011fretim \u00c7\u0131kt\u0131lar\u0131 \u0130\u015fletmenin temel fonksiyonlar\u0131, \u00f6rg\u00fct yap\u0131s\u0131, kaynaklar\u0131, payda\u015flar\u0131, \u00e7evresi hakk\u0131nda kavramsal ve uygulamaya y\u00f6nelik bilgiye, beceriye sahip olma \u0130\u015fletmenin mevcut durumunu, potansiyel sorunlar\u0131n\u0131 tespit ve analiz edebilme, de\u011ferlendirebilme, alternatif \u00e7\u00f6z\u00fcm \u00f6nerileri geli\u015ftirebilme \u0130\u015fletme alan\u0131yla ilgili bilgileri, y\u00f6netim bilgi sistemlerini etkin bir \u015fekilde kullanarak raporla\u015ft\u0131rabilme \u0130\u015fletmelerde ulusal ve k\u00fcresel dinamikler do\u011frultusunda stratejiler geli\u015ftirebilme, uygulayabilme [&hellip;]\" \/>\n<meta property=\"og:url\" content=\"http:\/\/ticaret.edu.tr\/isletme-ingilizce\/program-ogretim-ciktilari\/\" \/>\n<meta property=\"og:site_name\" content=\"\u0130\u015fletme (ing)\" \/>\n<meta property=\"article:publisher\" content=\"https:\/\/www.facebook.com\/ticaretedutr\" \/>\n<meta property=\"article:modified_time\" content=\"2026-03-31T11:56:46+00:00\" \/>\n<meta name=\"twitter:card\" content=\"summary_large_image\" \/>\n<meta name=\"twitter:site\" content=\"@ticaretedutr\" \/>\n<meta name=\"twitter:label1\" content=\"Tahmini okuma s\u00fcresi\" \/>\n\t<meta name=\"twitter:data1\" content=\"2 dakika\" \/>\n<script type=\"application\/ld+json\" class=\"yoast-schema-graph\">{\"@context\":\"https:\/\/schema.org\",\"@graph\":[{\"@type\":\"WebPage\",\"@id\":\"http:\/\/ticaret.edu.tr\/isletme-ingilizce\/program-ogretim-ciktilari\/\",\"url\":\"http:\/\/ticaret.edu.tr\/isletme-ingilizce\/program-ogretim-ciktilari\/\",\"name\":\"Program \u00d6\u011fretim \u00c7\u0131kt\u0131lar\u0131 - \u0130\u015fletme (ing)\",\"isPartOf\":{\"@id\":\"http:\/\/ticaret.edu.tr\/isletme-ingilizce\/#website\"},\"datePublished\":\"2022-12-27T13:01:51+00:00\",\"dateModified\":\"2026-03-31T11:56:46+00:00\",\"breadcrumb\":{\"@id\":\"http:\/\/ticaret.edu.tr\/isletme-ingilizce\/program-ogretim-ciktilari\/#breadcrumb\"},\"inLanguage\":\"tr\",\"potentialAction\":[{\"@type\":\"ReadAction\",\"target\":[\"http:\/\/ticaret.edu.tr\/isletme-ingilizce\/program-ogretim-ciktilari\/\"]}]},{\"@type\":\"BreadcrumbList\",\"@id\":\"http:\/\/ticaret.edu.tr\/isletme-ingilizce\/program-ogretim-ciktilari\/#breadcrumb\",\"itemListElement\":[{\"@type\":\"ListItem\",\"position\":1,\"name\":\"Ana sayfa\",\"item\":\"http:\/\/ticaret.edu.tr\/isletme-ingilizce\/\"},{\"@type\":\"ListItem\",\"position\":2,\"name\":\"Program \u00d6\u011fretim \u00c7\u0131kt\u0131lar\u0131\"}]},{\"@type\":\"WebSite\",\"@id\":\"http:\/\/ticaret.edu.tr\/isletme-ingilizce\/#website\",\"url\":\"http:\/\/ticaret.edu.tr\/isletme-ingilizce\/\",\"name\":\"\u0130\u015fletme (ing)\",\"description\":\"\",\"potentialAction\":[{\"@type\":\"SearchAction\",\"target\":{\"@type\":\"EntryPoint\",\"urlTemplate\":\"http:\/\/ticaret.edu.tr\/isletme-ingilizce\/?s={search_term_string}\"},\"query-input\":\"required name=search_term_string\"}],\"inLanguage\":\"tr\"}]}<\/script>\n<!-- \/ Yoast SEO Premium plugin. -->","yoast_head_json":{"title":"Program \u00d6\u011fretim \u00c7\u0131kt\u0131lar\u0131 - \u0130\u015fletme (ing)","robots":{"index":"index","follow":"follow","max-snippet":"max-snippet:-1","max-image-preview":"max-image-preview:large","max-video-preview":"max-video-preview:-1"},"canonical":"http:\/\/ticaret.edu.tr\/isletme-ingilizce\/program-ogretim-ciktilari\/","og_locale":"tr_TR","og_type":"article","og_title":"Program \u00d6\u011fretim \u00c7\u0131kt\u0131lar\u0131","og_description":"Program \u00d6\u011fretim \u00c7\u0131kt\u0131lar\u0131 \u0130\u015fletmenin temel fonksiyonlar\u0131, \u00f6rg\u00fct yap\u0131s\u0131, kaynaklar\u0131, payda\u015flar\u0131, \u00e7evresi hakk\u0131nda kavramsal ve uygulamaya y\u00f6nelik bilgiye, beceriye sahip olma \u0130\u015fletmenin mevcut durumunu, potansiyel sorunlar\u0131n\u0131 tespit ve analiz edebilme, de\u011ferlendirebilme, alternatif \u00e7\u00f6z\u00fcm \u00f6nerileri geli\u015ftirebilme \u0130\u015fletme alan\u0131yla ilgili bilgileri, y\u00f6netim bilgi sistemlerini etkin bir \u015fekilde kullanarak raporla\u015ft\u0131rabilme \u0130\u015fletmelerde ulusal ve k\u00fcresel dinamikler do\u011frultusunda stratejiler geli\u015ftirebilme, uygulayabilme [&hellip;]","og_url":"http:\/\/ticaret.edu.tr\/isletme-ingilizce\/program-ogretim-ciktilari\/","og_site_name":"\u0130\u015fletme (ing)","article_publisher":"https:\/\/www.facebook.com\/ticaretedutr","article_modified_time":"2026-03-31T11:56:46+00:00","twitter_card":"summary_large_image","twitter_site":"@ticaretedutr","twitter_misc":{"Tahmini okuma s\u00fcresi":"2 dakika"},"schema":{"@context":"https:\/\/schema.org","@graph":[{"@type":"WebPage","@id":"http:\/\/ticaret.edu.tr\/isletme-ingilizce\/program-ogretim-ciktilari\/","url":"http:\/\/ticaret.edu.tr\/isletme-ingilizce\/program-ogretim-ciktilari\/","name":"Program \u00d6\u011fretim \u00c7\u0131kt\u0131lar\u0131 - \u0130\u015fletme (ing)","isPartOf":{"@id":"http:\/\/ticaret.edu.tr\/isletme-ingilizce\/#website"},"datePublished":"2022-12-27T13:01:51+00:00","dateModified":"2026-03-31T11:56:46+00:00","breadcrumb":{"@id":"http:\/\/ticaret.edu.tr\/isletme-ingilizce\/program-ogretim-ciktilari\/#breadcrumb"},"inLanguage":"tr","potentialAction":[{"@type":"ReadAction","target":["http:\/\/ticaret.edu.tr\/isletme-ingilizce\/program-ogretim-ciktilari\/"]}]},{"@type":"BreadcrumbList","@id":"http:\/\/ticaret.edu.tr\/isletme-ingilizce\/program-ogretim-ciktilari\/#breadcrumb","itemListElement":[{"@type":"ListItem","position":1,"name":"Ana sayfa","item":"http:\/\/ticaret.edu.tr\/isletme-ingilizce\/"},{"@type":"ListItem","position":2,"name":"Program \u00d6\u011fretim \u00c7\u0131kt\u0131lar\u0131"}]},{"@type":"WebSite","@id":"http:\/\/ticaret.edu.tr\/isletme-ingilizce\/#website","url":"http:\/\/ticaret.edu.tr\/isletme-ingilizce\/","name":"\u0130\u015fletme (ing)","description":"","potentialAction":[{"@type":"SearchAction","target":{"@type":"EntryPoint","urlTemplate":"http:\/\/ticaret.edu.tr\/isletme-ingilizce\/?s={search_term_string}"},"query-input":"required name=search_term_string"}],"inLanguage":"tr"}]}},"lang":"tr","translations":{"en":1077,"tr":1044},"pll_sync_post":[],"_links":{"self":[{"href":"http:\/\/ticaret.edu.tr\/isletme-ingilizce\/wp-json\/wp\/v2\/pages\/1044"}],"collection":[{"href":"http:\/\/ticaret.edu.tr\/isletme-ingilizce\/wp-json\/wp\/v2\/pages"}],"about":[{"href":"http:\/\/ticaret.edu.tr\/isletme-ingilizce\/wp-json\/wp\/v2\/types\/page"}],"author":[{"embeddable":true,"href":"http:\/\/ticaret.edu.tr\/isletme-ingilizce\/wp-json\/wp\/v2\/users\/59"}],"replies":[{"embeddable":true,"href":"http:\/\/ticaret.edu.tr\/isletme-ingilizce\/wp-json\/wp\/v2\/comments?post=1044"}],"version-history":[{"count":4,"href":"http:\/\/ticaret.edu.tr\/isletme-ingilizce\/wp-json\/wp\/v2\/pages\/1044\/revisions"}],"predecessor-version":[{"id":2252,"href":"http:\/\/ticaret.edu.tr\/isletme-ingilizce\/wp-json\/wp\/v2\/pages\/1044\/revisions\/2252"}],"wp:attachment":[{"href":"http:\/\/ticaret.edu.tr\/isletme-ingilizce\/wp-json\/wp\/v2\/media?parent=1044"}],"curies":[{"name":"wp","href":"https:\/\/api.w.org\/{rel}","templated":true}]}}