{"id":14,"date":"2020-05-03T14:21:53","date_gmt":"2020-05-03T11:21:53","guid":{"rendered":"http:\/\/ticaret.edu.tr\/isletme-ing\/?page_id=14"},"modified":"2025-10-16T12:33:39","modified_gmt":"2025-10-16T09:33:39","slug":"mufredat","status":"publish","type":"page","link":"http:\/\/ticaret.edu.tr\/isletme-ingilizce\/mufredat\/","title":{"rendered":"M\u00fcfredat"},"content":{"rendered":"<p><strong>2025-2026 \u0130\u015eLETME (\u0130NG\u0130L\u0130ZCE) L\u0130SANS M\u00dcFREDATI<\/strong><\/p>\n<p><a href=\"http:\/\/ticaret.edu.tr\/isletme-ingilizce\/wp-content\/uploads\/sites\/17\/2025\/10\/2025-2026-Isletme-Ingilizce-Bolum-Mufredati-2.pdf\">2025-2026 \u0130\u015fletme \u0130ngilizce B\u00f6l\u00fcm M\u00fcfredat\u0131\u00a0<\/a><\/p>\n","protected":false},"excerpt":{"rendered":"<p>2025-2026 \u0130\u015eLETME (\u0130NG\u0130L\u0130ZCE) L\u0130SANS M\u00dcFREDATI 2025-2026 \u0130\u015fletme \u0130ngilizce B\u00f6l\u00fcm M\u00fcfredat\u0131\u00a0<\/p>\n","protected":false},"author":1,"featured_media":0,"parent":0,"menu_order":0,"comment_status":"closed","ping_status":"closed","template":"genel_sayfa.php","meta":{"footnotes":""},"yoast_head":"<!-- This site is optimized with the Yoast SEO Premium plugin v22.1 (Yoast SEO v22.1) - https:\/\/yoast.com\/wordpress\/plugins\/seo\/ -->\n<title>M\u00fcfredat - \u0130\u015fletme (ing)<\/title>\n<meta name=\"robots\" content=\"index, follow, max-snippet:-1, max-image-preview:large, max-video-preview:-1\" \/>\n<link rel=\"canonical\" href=\"http:\/\/ticaret.edu.tr\/isletme-ingilizce\/mufredat\/\" \/>\n<meta property=\"og:locale\" content=\"tr_TR\" \/>\n<meta property=\"og:type\" content=\"article\" \/>\n<meta property=\"og:title\" content=\"M\u00fcfredat\" \/>\n<meta property=\"og:description\" content=\"2025-2026 \u0130\u015eLETME (\u0130NG\u0130L\u0130ZCE) L\u0130SANS M\u00dcFREDATI 2025-2026 \u0130\u015fletme \u0130ngilizce B\u00f6l\u00fcm M\u00fcfredat\u0131\u00a0\" \/>\n<meta property=\"og:url\" content=\"http:\/\/ticaret.edu.tr\/isletme-ingilizce\/mufredat\/\" \/>\n<meta property=\"og:site_name\" content=\"\u0130\u015fletme (ing)\" \/>\n<meta property=\"article:publisher\" content=\"https:\/\/www.facebook.com\/ticaretedutr\" \/>\n<meta property=\"article:modified_time\" content=\"2025-10-16T09:33:39+00:00\" \/>\n<meta name=\"twitter:card\" content=\"summary_large_image\" \/>\n<meta name=\"twitter:site\" content=\"@ticaretedutr\" \/>\n<meta name=\"twitter:label1\" content=\"Tahmini okuma s\u00fcresi\" \/>\n\t<meta name=\"twitter:data1\" content=\"1 dakika\" \/>\n<script type=\"application\/ld+json\" class=\"yoast-schema-graph\">{\"@context\":\"https:\/\/schema.org\",\"@graph\":[{\"@type\":\"WebPage\",\"@id\":\"http:\/\/ticaret.edu.tr\/isletme-ingilizce\/mufredat\/\",\"url\":\"http:\/\/ticaret.edu.tr\/isletme-ingilizce\/mufredat\/\",\"name\":\"M\u00fcfredat - \u0130\u015fletme (ing)\",\"isPartOf\":{\"@id\":\"http:\/\/ticaret.edu.tr\/isletme-ingilizce\/#website\"},\"datePublished\":\"2020-05-03T11:21:53+00:00\",\"dateModified\":\"2025-10-16T09:33:39+00:00\",\"breadcrumb\":{\"@id\":\"http:\/\/ticaret.edu.tr\/isletme-ingilizce\/mufredat\/#breadcrumb\"},\"inLanguage\":\"tr\",\"potentialAction\":[{\"@type\":\"ReadAction\",\"target\":[\"http:\/\/ticaret.edu.tr\/isletme-ingilizce\/mufredat\/\"]}]},{\"@type\":\"BreadcrumbList\",\"@id\":\"http:\/\/ticaret.edu.tr\/isletme-ingilizce\/mufredat\/#breadcrumb\",\"itemListElement\":[{\"@type\":\"ListItem\",\"position\":1,\"name\":\"Ana sayfa\",\"item\":\"http:\/\/ticaret.edu.tr\/isletme-ingilizce\/\"},{\"@type\":\"ListItem\",\"position\":2,\"name\":\"M\u00fcfredat\"}]},{\"@type\":\"WebSite\",\"@id\":\"http:\/\/ticaret.edu.tr\/isletme-ingilizce\/#website\",\"url\":\"http:\/\/ticaret.edu.tr\/isletme-ingilizce\/\",\"name\":\"\u0130\u015fletme (ing)\",\"description\":\"\",\"potentialAction\":[{\"@type\":\"SearchAction\",\"target\":{\"@type\":\"EntryPoint\",\"urlTemplate\":\"http:\/\/ticaret.edu.tr\/isletme-ingilizce\/?s={search_term_string}\"},\"query-input\":\"required name=search_term_string\"}],\"inLanguage\":\"tr\"}]}<\/script>\n<!-- \/ Yoast SEO Premium plugin. -->","yoast_head_json":{"title":"M\u00fcfredat - \u0130\u015fletme (ing)","robots":{"index":"index","follow":"follow","max-snippet":"max-snippet:-1","max-image-preview":"max-image-preview:large","max-video-preview":"max-video-preview:-1"},"canonical":"http:\/\/ticaret.edu.tr\/isletme-ingilizce\/mufredat\/","og_locale":"tr_TR","og_type":"article","og_title":"M\u00fcfredat","og_description":"2025-2026 \u0130\u015eLETME (\u0130NG\u0130L\u0130ZCE) L\u0130SANS M\u00dcFREDATI 2025-2026 \u0130\u015fletme \u0130ngilizce B\u00f6l\u00fcm M\u00fcfredat\u0131\u00a0","og_url":"http:\/\/ticaret.edu.tr\/isletme-ingilizce\/mufredat\/","og_site_name":"\u0130\u015fletme (ing)","article_publisher":"https:\/\/www.facebook.com\/ticaretedutr","article_modified_time":"2025-10-16T09:33:39+00:00","twitter_card":"summary_large_image","twitter_site":"@ticaretedutr","twitter_misc":{"Tahmini okuma s\u00fcresi":"1 dakika"},"schema":{"@context":"https:\/\/schema.org","@graph":[{"@type":"WebPage","@id":"http:\/\/ticaret.edu.tr\/isletme-ingilizce\/mufredat\/","url":"http:\/\/ticaret.edu.tr\/isletme-ingilizce\/mufredat\/","name":"M\u00fcfredat - \u0130\u015fletme (ing)","isPartOf":{"@id":"http:\/\/ticaret.edu.tr\/isletme-ingilizce\/#website"},"datePublished":"2020-05-03T11:21:53+00:00","dateModified":"2025-10-16T09:33:39+00:00","breadcrumb":{"@id":"http:\/\/ticaret.edu.tr\/isletme-ingilizce\/mufredat\/#breadcrumb"},"inLanguage":"tr","potentialAction":[{"@type":"ReadAction","target":["http:\/\/ticaret.edu.tr\/isletme-ingilizce\/mufredat\/"]}]},{"@type":"BreadcrumbList","@id":"http:\/\/ticaret.edu.tr\/isletme-ingilizce\/mufredat\/#breadcrumb","itemListElement":[{"@type":"ListItem","position":1,"name":"Ana sayfa","item":"http:\/\/ticaret.edu.tr\/isletme-ingilizce\/"},{"@type":"ListItem","position":2,"name":"M\u00fcfredat"}]},{"@type":"WebSite","@id":"http:\/\/ticaret.edu.tr\/isletme-ingilizce\/#website","url":"http:\/\/ticaret.edu.tr\/isletme-ingilizce\/","name":"\u0130\u015fletme (ing)","description":"","potentialAction":[{"@type":"SearchAction","target":{"@type":"EntryPoint","urlTemplate":"http:\/\/ticaret.edu.tr\/isletme-ingilizce\/?s={search_term_string}"},"query-input":"required name=search_term_string"}],"inLanguage":"tr"}]}},"lang":"tr","translations":{"en":585,"tr":14},"pll_sync_post":[],"_links":{"self":[{"href":"http:\/\/ticaret.edu.tr\/isletme-ingilizce\/wp-json\/wp\/v2\/pages\/14"}],"collection":[{"href":"http:\/\/ticaret.edu.tr\/isletme-ingilizce\/wp-json\/wp\/v2\/pages"}],"about":[{"href":"http:\/\/ticaret.edu.tr\/isletme-ingilizce\/wp-json\/wp\/v2\/types\/page"}],"author":[{"embeddable":true,"href":"http:\/\/ticaret.edu.tr\/isletme-ingilizce\/wp-json\/wp\/v2\/users\/1"}],"replies":[{"embeddable":true,"href":"http:\/\/ticaret.edu.tr\/isletme-ingilizce\/wp-json\/wp\/v2\/comments?post=14"}],"version-history":[{"count":33,"href":"http:\/\/ticaret.edu.tr\/isletme-ingilizce\/wp-json\/wp\/v2\/pages\/14\/revisions"}],"predecessor-version":[{"id":2052,"href":"http:\/\/ticaret.edu.tr\/isletme-ingilizce\/wp-json\/wp\/v2\/pages\/14\/revisions\/2052"}],"wp:attachment":[{"href":"http:\/\/ticaret.edu.tr\/isletme-ingilizce\/wp-json\/wp\/v2\/media?parent=14"}],"curies":[{"name":"wp","href":"https:\/\/api.w.org\/{rel}","templated":true}]}}