{"id":1417,"date":"2025-01-23T11:14:54","date_gmt":"2025-01-23T08:14:54","guid":{"rendered":"https:\/\/ticaret.edu.tr\/isletme-ingilizce\/?page_id=1417"},"modified":"2025-10-19T12:33:42","modified_gmt":"2025-10-19T09:33:42","slug":"iletisim-ulasim","status":"publish","type":"page","link":"http:\/\/ticaret.edu.tr\/isletme-ingilizce\/iletisim-ulasim\/","title":{"rendered":"\u0130leti\u015fim &amp; Ula\u015f\u0131m"},"content":{"rendered":"<p><span class=\"highlight\">S\u00e2d\u00e2b\u00e2d Kamp\u00fcs\u00fc S\u00fctl\u00fcce<\/span><\/p>\n<p>\u0130\u015fletme Fak\u00fcltesi<\/p>\n<p><strong>Adres<\/strong><\/p>\n<p>\u00d6rnektepe Mah. \u0130mrahor Cad. No: 88\/2 Beyo\u011flu 34445 \/ \u0130stanbul<\/p>\n<p><strong><span class=\"highlight\">Telefon<\/span><\/strong><\/p>\n<p>444 0 413<\/p>\n<p><strong><span class=\"highlight\">E-posta<\/span><\/strong><\/p>\n<p>bilgi@ticaret.edu.tr<\/p>\n","protected":false},"excerpt":{"rendered":"<p>S\u00e2d\u00e2b\u00e2d Kamp\u00fcs\u00fc S\u00fctl\u00fcce \u0130\u015fletme Fak\u00fcltesi Adres \u00d6rnektepe Mah. \u0130mrahor Cad. No: 88\/2 Beyo\u011flu 34445 \/ \u0130stanbul Telefon 444 0 413 E-posta bilgi@ticaret.edu.tr<\/p>\n","protected":false},"author":59,"featured_media":0,"parent":0,"menu_order":0,"comment_status":"closed","ping_status":"closed","template":"genel_sayfa.php","meta":{"footnotes":""},"yoast_head":"<!-- This site is optimized with the Yoast SEO Premium plugin v22.1 (Yoast SEO v22.1) - https:\/\/yoast.com\/wordpress\/plugins\/seo\/ -->\n<title>\u0130leti\u015fim &amp; Ula\u015f\u0131m - \u0130\u015fletme (ing)<\/title>\n<meta name=\"robots\" content=\"index, follow, max-snippet:-1, max-image-preview:large, max-video-preview:-1\" \/>\n<link rel=\"canonical\" href=\"http:\/\/ticaret.edu.tr\/isletme-ingilizce\/iletisim-ulasim\/\" \/>\n<meta property=\"og:locale\" content=\"tr_TR\" \/>\n<meta property=\"og:type\" content=\"article\" \/>\n<meta property=\"og:title\" content=\"\u0130leti\u015fim &amp; Ula\u015f\u0131m\" \/>\n<meta property=\"og:description\" content=\"S\u00e2d\u00e2b\u00e2d Kamp\u00fcs\u00fc S\u00fctl\u00fcce \u0130\u015fletme Fak\u00fcltesi Adres \u00d6rnektepe Mah. \u0130mrahor Cad. No: 88\/2 Beyo\u011flu 34445 \/ \u0130stanbul Telefon 444 0 413 E-posta bilgi@ticaret.edu.tr\" \/>\n<meta property=\"og:url\" content=\"http:\/\/ticaret.edu.tr\/isletme-ingilizce\/iletisim-ulasim\/\" \/>\n<meta property=\"og:site_name\" content=\"\u0130\u015fletme (ing)\" \/>\n<meta property=\"article:publisher\" content=\"https:\/\/www.facebook.com\/ticaretedutr\" \/>\n<meta property=\"article:modified_time\" content=\"2025-10-19T09:33:42+00:00\" \/>\n<meta name=\"twitter:card\" content=\"summary_large_image\" \/>\n<meta name=\"twitter:site\" content=\"@ticaretedutr\" \/>\n<meta name=\"twitter:label1\" content=\"Tahmini okuma s\u00fcresi\" \/>\n\t<meta name=\"twitter:data1\" content=\"1 dakika\" \/>\n<script type=\"application\/ld+json\" class=\"yoast-schema-graph\">{\"@context\":\"https:\/\/schema.org\",\"@graph\":[{\"@type\":\"WebPage\",\"@id\":\"http:\/\/ticaret.edu.tr\/isletme-ingilizce\/iletisim-ulasim\/\",\"url\":\"http:\/\/ticaret.edu.tr\/isletme-ingilizce\/iletisim-ulasim\/\",\"name\":\"\u0130leti\u015fim &amp; Ula\u015f\u0131m - \u0130\u015fletme (ing)\",\"isPartOf\":{\"@id\":\"http:\/\/ticaret.edu.tr\/isletme-ingilizce\/#website\"},\"datePublished\":\"2025-01-23T08:14:54+00:00\",\"dateModified\":\"2025-10-19T09:33:42+00:00\",\"breadcrumb\":{\"@id\":\"http:\/\/ticaret.edu.tr\/isletme-ingilizce\/iletisim-ulasim\/#breadcrumb\"},\"inLanguage\":\"tr\",\"potentialAction\":[{\"@type\":\"ReadAction\",\"target\":[\"http:\/\/ticaret.edu.tr\/isletme-ingilizce\/iletisim-ulasim\/\"]}]},{\"@type\":\"BreadcrumbList\",\"@id\":\"http:\/\/ticaret.edu.tr\/isletme-ingilizce\/iletisim-ulasim\/#breadcrumb\",\"itemListElement\":[{\"@type\":\"ListItem\",\"position\":1,\"name\":\"Ana sayfa\",\"item\":\"http:\/\/ticaret.edu.tr\/isletme-ingilizce\/\"},{\"@type\":\"ListItem\",\"position\":2,\"name\":\"\u0130leti\u015fim &amp; Ula\u015f\u0131m\"}]},{\"@type\":\"WebSite\",\"@id\":\"http:\/\/ticaret.edu.tr\/isletme-ingilizce\/#website\",\"url\":\"http:\/\/ticaret.edu.tr\/isletme-ingilizce\/\",\"name\":\"\u0130\u015fletme (ing)\",\"description\":\"\",\"potentialAction\":[{\"@type\":\"SearchAction\",\"target\":{\"@type\":\"EntryPoint\",\"urlTemplate\":\"http:\/\/ticaret.edu.tr\/isletme-ingilizce\/?s={search_term_string}\"},\"query-input\":\"required name=search_term_string\"}],\"inLanguage\":\"tr\"}]}<\/script>\n<!-- \/ Yoast SEO Premium plugin. -->","yoast_head_json":{"title":"\u0130leti\u015fim &amp; Ula\u015f\u0131m - \u0130\u015fletme (ing)","robots":{"index":"index","follow":"follow","max-snippet":"max-snippet:-1","max-image-preview":"max-image-preview:large","max-video-preview":"max-video-preview:-1"},"canonical":"http:\/\/ticaret.edu.tr\/isletme-ingilizce\/iletisim-ulasim\/","og_locale":"tr_TR","og_type":"article","og_title":"\u0130leti\u015fim &amp; Ula\u015f\u0131m","og_description":"S\u00e2d\u00e2b\u00e2d Kamp\u00fcs\u00fc S\u00fctl\u00fcce \u0130\u015fletme Fak\u00fcltesi Adres \u00d6rnektepe Mah. \u0130mrahor Cad. No: 88\/2 Beyo\u011flu 34445 \/ \u0130stanbul Telefon 444 0 413 E-posta bilgi@ticaret.edu.tr","og_url":"http:\/\/ticaret.edu.tr\/isletme-ingilizce\/iletisim-ulasim\/","og_site_name":"\u0130\u015fletme (ing)","article_publisher":"https:\/\/www.facebook.com\/ticaretedutr","article_modified_time":"2025-10-19T09:33:42+00:00","twitter_card":"summary_large_image","twitter_site":"@ticaretedutr","twitter_misc":{"Tahmini okuma s\u00fcresi":"1 dakika"},"schema":{"@context":"https:\/\/schema.org","@graph":[{"@type":"WebPage","@id":"http:\/\/ticaret.edu.tr\/isletme-ingilizce\/iletisim-ulasim\/","url":"http:\/\/ticaret.edu.tr\/isletme-ingilizce\/iletisim-ulasim\/","name":"\u0130leti\u015fim &amp; Ula\u015f\u0131m - \u0130\u015fletme (ing)","isPartOf":{"@id":"http:\/\/ticaret.edu.tr\/isletme-ingilizce\/#website"},"datePublished":"2025-01-23T08:14:54+00:00","dateModified":"2025-10-19T09:33:42+00:00","breadcrumb":{"@id":"http:\/\/ticaret.edu.tr\/isletme-ingilizce\/iletisim-ulasim\/#breadcrumb"},"inLanguage":"tr","potentialAction":[{"@type":"ReadAction","target":["http:\/\/ticaret.edu.tr\/isletme-ingilizce\/iletisim-ulasim\/"]}]},{"@type":"BreadcrumbList","@id":"http:\/\/ticaret.edu.tr\/isletme-ingilizce\/iletisim-ulasim\/#breadcrumb","itemListElement":[{"@type":"ListItem","position":1,"name":"Ana sayfa","item":"http:\/\/ticaret.edu.tr\/isletme-ingilizce\/"},{"@type":"ListItem","position":2,"name":"\u0130leti\u015fim &amp; Ula\u015f\u0131m"}]},{"@type":"WebSite","@id":"http:\/\/ticaret.edu.tr\/isletme-ingilizce\/#website","url":"http:\/\/ticaret.edu.tr\/isletme-ingilizce\/","name":"\u0130\u015fletme (ing)","description":"","potentialAction":[{"@type":"SearchAction","target":{"@type":"EntryPoint","urlTemplate":"http:\/\/ticaret.edu.tr\/isletme-ingilizce\/?s={search_term_string}"},"query-input":"required name=search_term_string"}],"inLanguage":"tr"}]}},"lang":"tr","translations":{"tr":1417,"en":1799},"pll_sync_post":[],"_links":{"self":[{"href":"http:\/\/ticaret.edu.tr\/isletme-ingilizce\/wp-json\/wp\/v2\/pages\/1417"}],"collection":[{"href":"http:\/\/ticaret.edu.tr\/isletme-ingilizce\/wp-json\/wp\/v2\/pages"}],"about":[{"href":"http:\/\/ticaret.edu.tr\/isletme-ingilizce\/wp-json\/wp\/v2\/types\/page"}],"author":[{"embeddable":true,"href":"http:\/\/ticaret.edu.tr\/isletme-ingilizce\/wp-json\/wp\/v2\/users\/59"}],"replies":[{"embeddable":true,"href":"http:\/\/ticaret.edu.tr\/isletme-ingilizce\/wp-json\/wp\/v2\/comments?post=1417"}],"version-history":[{"count":2,"href":"http:\/\/ticaret.edu.tr\/isletme-ingilizce\/wp-json\/wp\/v2\/pages\/1417\/revisions"}],"predecessor-version":[{"id":2083,"href":"http:\/\/ticaret.edu.tr\/isletme-ingilizce\/wp-json\/wp\/v2\/pages\/1417\/revisions\/2083"}],"wp:attachment":[{"href":"http:\/\/ticaret.edu.tr\/isletme-ingilizce\/wp-json\/wp\/v2\/media?parent=1417"}],"curies":[{"name":"wp","href":"https:\/\/api.w.org\/{rel}","templated":true}]}}