{"id":1421,"date":"2025-01-23T11:14:53","date_gmt":"2025-01-23T08:14:53","guid":{"rendered":"https:\/\/ticaret.edu.tr\/isletme-ingilizce\/?page_id=1421"},"modified":"2025-07-25T12:53:06","modified_gmt":"2025-07-25T09:53:06","slug":"giris-yazisi","status":"publish","type":"page","link":"http:\/\/ticaret.edu.tr\/isletme-ingilizce\/giris-yazisi\/","title":{"rendered":"Giri\u015f Yaz\u0131s\u0131"},"content":{"rendered":"<p>&nbsp;<\/p>\n<p>\u0130\u015eLETME FAK\u00dcLTES\u0130 \u2013 \u0130\u015eLETME (\u0130NG\u0130L\u0130ZCE) B\u00d6L\u00dcM\u00dc<\/p>\n<p>2001\u20132002 akademik y\u0131l\u0131nda kurulan b\u00f6l\u00fcm\u00fcm\u00fcz, e\u011fitim-\u00f6\u011fretim faaliyetlerine S\u00fctl\u00fcce Yerle\u015fkesi\u2019nde devam etmektedir. 2022 y\u0131l\u0131nda elde edilen STAR akreditasyonu, b\u00f6l\u00fcm\u00fcm\u00fcz\u00fcn ulusal d\u00fczeyde kalite g\u00fcvencesi kriterlerini ba\u015far\u0131yla kar\u015f\u0131lad\u0131\u011f\u0131n\u0131 ve e\u011fitim-\u00f6\u011fretim s\u00fcre\u00e7lerinde s\u00fcrekli iyile\u015fmeyi esas ald\u0131\u011f\u0131n\u0131 ortaya koymaktad\u0131r.<\/p>\n<p>Program\u0131m\u0131z; y\u00f6netim, finans, pazarlama, giri\u015fimcilik, stratejik planlama ve dijital d\u00f6n\u00fc\u015f\u00fcm gibi i\u015fletmecili\u011fin temel alanlar\u0131nda g\u00fcncel bilgi ve beceriler kazand\u0131rmay\u0131 hedefleyen kapsaml\u0131 bir m\u00fcfredata sahiptir. Bunun yan\u0131 s\u0131ra, \u00f6\u011frencilerimize analitik d\u00fc\u015f\u00fcnme, liderlik, etkili ileti\u015fim, etik sorumluluk ve giri\u015fimcilik ruhu kazand\u0131r\u0131lmaktad\u0131r.<\/p>\n<p>B\u00f6l\u00fcm\u00fcm\u00fcz, \u00f6\u011frencilerine uluslararas\u0131 d\u00fczeyde deneyim kazand\u0131racak \u00e7e\u015fitli olanaklar sunmaktad\u0131r.<\/p>\n<ul>\n<li>Erasmus+ \u00f6\u011frenci de\u011fi\u015fim program\u0131 ile \u00f6\u011frencilerimiz, Avrupa\u2019n\u0131n \u00f6nde gelen \u00fcniversitelerinde bir veya iki d\u00f6nem \u00f6\u011frenim g\u00f6rebilmektedir.<\/li>\n<li>2024\u20132025 akademik y\u0131l\u0131 itibar\u0131yla \u00fcniversitemiz, T\u00fcrk \u00dcniversiteler Birli\u011fi taraf\u0131ndan y\u00fcr\u00fct\u00fclen Orhun De\u011fi\u015fim Program\u0131\u2019na d\u00e2hil olmu\u015ftur. Bu kapsamda, 108 \u00fcniversite aras\u0131nda \u00f6\u011frenci ve akademik personel hareketlili\u011fi desteklenmektedir. Bu sayede \u00f6\u011frencilerimiz, farkl\u0131 \u00fclkelerde e\u011fitim alarak uluslararas\u0131 akademik deneyim kazanmakta ve k\u00fcresel \u00f6l\u00e7ekte yetkinliklerini geli\u015ftirmektedir.<\/li>\n<li>Ayr\u0131ca \u00e7ift anadal ve yandal programlar\u0131 sayesinde \u00f6\u011frencilerimiz, farkl\u0131 alanlarda ikinci bir akademik yetkinlik elde etme f\u0131rsat\u0131na sahiptir.<\/li>\n<\/ul>\n<p>B\u00f6l\u00fcm\u00fcm\u00fczde farkl\u0131 \u00fclkelerden uluslararas\u0131 \u00f6\u011frenciler de \u00f6\u011frenim g\u00f6rmektedir. Bu \u00e7okk\u00fclt\u00fcrl\u00fc yap\u0131, \u00f6\u011frencilerimizin farkl\u0131 bak\u0131\u015f a\u00e7\u0131lar\u0131yla \u00e7al\u0131\u015fma, k\u00fclt\u00fcrleraras\u0131 etkile\u015fim kurma ve k\u00fcresel fark\u0131ndal\u0131k geli\u015ftirme becerilerini art\u0131rarak, i\u015f d\u00fcnyas\u0131nda kritik \u00f6neme sahip sosyal yetkinlikler kazand\u0131rmaktad\u0131r.<\/p>\n<p>Program\u0131m\u0131z, teorik bilgiyi uygulama ile b\u00fct\u00fcnle\u015ftiren bir yakla\u015f\u0131ma sahiptir. \u00d6\u011frencilerimiz staj imk\u00e2nlar\u0131, sekt\u00f6rle i\u015f birlikleri, proje bazl\u0131 \u00f6\u011frenme ve seminer etkinlikleriyle i\u015f d\u00fcnyas\u0131na daha \u00f6\u011frencilik d\u00f6nemindeyken entegre olmaktad\u0131r. B\u00f6ylece mezunlar\u0131m\u0131z, i\u015f ya\u015fam\u0131na haz\u0131r, donan\u0131ml\u0131 bireyler olarak \u00f6ne \u00e7\u0131kmaktad\u0131r.<\/p>\n<p>\u0130\u015fletme (\u0130ngilizce) B\u00f6l\u00fcm\u00fc mezunlar\u0131; \u00f6zel sekt\u00f6r kurulu\u015flar\u0131nda, dan\u0131\u015fmanl\u0131k firmalar\u0131nda, finansal kurumlarda, kamu kurulu\u015flar\u0131nda ve uluslararas\u0131 organizasyonlarda y\u00f6netici, uzman, giri\u015fimci veya analist olarak kariyerlerine y\u00f6n verebilmektedir.<\/p>\n<p>Sevgi ve sayg\u0131lar\u0131mla,<\/p>\n<p><strong>Do\u00e7. Dr. Nurg\u00fcl Kele\u015f Tay\u015fir<br \/>\n<\/strong>\u0130\u015fletme (\u0130ngilizce) B\u00f6l\u00fcm Ba\u015fkan\u0131<\/p>\n<p>nktaysir@ticaret.edu.tr<br \/>\n444 0 413\/4327<\/p>\n","protected":false},"excerpt":{"rendered":"<p>&nbsp; \u0130\u015eLETME FAK\u00dcLTES\u0130 \u2013 \u0130\u015eLETME (\u0130NG\u0130L\u0130ZCE) B\u00d6L\u00dcM\u00dc 2001\u20132002 akademik y\u0131l\u0131nda kurulan b\u00f6l\u00fcm\u00fcm\u00fcz, e\u011fitim-\u00f6\u011fretim faaliyetlerine S\u00fctl\u00fcce Yerle\u015fkesi\u2019nde devam etmektedir. 2022 y\u0131l\u0131nda elde edilen STAR akreditasyonu, b\u00f6l\u00fcm\u00fcm\u00fcz\u00fcn ulusal d\u00fczeyde kalite g\u00fcvencesi kriterlerini ba\u015far\u0131yla kar\u015f\u0131lad\u0131\u011f\u0131n\u0131 ve e\u011fitim-\u00f6\u011fretim s\u00fcre\u00e7lerinde s\u00fcrekli iyile\u015fmeyi esas ald\u0131\u011f\u0131n\u0131 ortaya koymaktad\u0131r. Program\u0131m\u0131z; y\u00f6netim, finans, pazarlama, giri\u015fimcilik, stratejik planlama ve dijital d\u00f6n\u00fc\u015f\u00fcm gibi i\u015fletmecili\u011fin temel alanlar\u0131nda [&hellip;]<\/p>\n","protected":false},"author":59,"featured_media":0,"parent":0,"menu_order":0,"comment_status":"closed","ping_status":"closed","template":"genel_sayfa.php","meta":{"footnotes":""},"yoast_head":"<!-- This site is optimized with the Yoast SEO Premium plugin v22.1 (Yoast SEO v22.1) - https:\/\/yoast.com\/wordpress\/plugins\/seo\/ -->\n<title>Giri\u015f Yaz\u0131s\u0131 - \u0130\u015fletme (ing)<\/title>\n<meta name=\"robots\" content=\"index, follow, max-snippet:-1, max-image-preview:large, max-video-preview:-1\" \/>\n<link rel=\"canonical\" href=\"http:\/\/ticaret.edu.tr\/isletme-ingilizce\/giris-yazisi\/\" \/>\n<meta property=\"og:locale\" content=\"tr_TR\" \/>\n<meta property=\"og:type\" content=\"article\" \/>\n<meta property=\"og:title\" content=\"Giri\u015f Yaz\u0131s\u0131\" \/>\n<meta property=\"og:description\" content=\"&nbsp; \u0130\u015eLETME FAK\u00dcLTES\u0130 \u2013 \u0130\u015eLETME (\u0130NG\u0130L\u0130ZCE) B\u00d6L\u00dcM\u00dc 2001\u20132002 akademik y\u0131l\u0131nda kurulan b\u00f6l\u00fcm\u00fcm\u00fcz, e\u011fitim-\u00f6\u011fretim faaliyetlerine S\u00fctl\u00fcce Yerle\u015fkesi\u2019nde devam etmektedir. 2022 y\u0131l\u0131nda elde edilen STAR akreditasyonu, b\u00f6l\u00fcm\u00fcm\u00fcz\u00fcn ulusal d\u00fczeyde kalite g\u00fcvencesi kriterlerini ba\u015far\u0131yla kar\u015f\u0131lad\u0131\u011f\u0131n\u0131 ve e\u011fitim-\u00f6\u011fretim s\u00fcre\u00e7lerinde s\u00fcrekli iyile\u015fmeyi esas ald\u0131\u011f\u0131n\u0131 ortaya koymaktad\u0131r. Program\u0131m\u0131z; y\u00f6netim, finans, pazarlama, giri\u015fimcilik, stratejik planlama ve dijital d\u00f6n\u00fc\u015f\u00fcm gibi i\u015fletmecili\u011fin temel alanlar\u0131nda [&hellip;]\" \/>\n<meta property=\"og:url\" content=\"http:\/\/ticaret.edu.tr\/isletme-ingilizce\/giris-yazisi\/\" \/>\n<meta property=\"og:site_name\" content=\"\u0130\u015fletme (ing)\" \/>\n<meta property=\"article:publisher\" content=\"https:\/\/www.facebook.com\/ticaretedutr\" \/>\n<meta property=\"article:modified_time\" content=\"2025-07-25T09:53:06+00:00\" \/>\n<meta name=\"twitter:card\" content=\"summary_large_image\" \/>\n<meta name=\"twitter:site\" content=\"@ticaretedutr\" \/>\n<meta name=\"twitter:label1\" content=\"Tahmini okuma s\u00fcresi\" \/>\n\t<meta name=\"twitter:data1\" content=\"2 dakika\" \/>\n<script type=\"application\/ld+json\" class=\"yoast-schema-graph\">{\"@context\":\"https:\/\/schema.org\",\"@graph\":[{\"@type\":\"WebPage\",\"@id\":\"http:\/\/ticaret.edu.tr\/isletme-ingilizce\/giris-yazisi\/\",\"url\":\"http:\/\/ticaret.edu.tr\/isletme-ingilizce\/giris-yazisi\/\",\"name\":\"Giri\u015f Yaz\u0131s\u0131 - \u0130\u015fletme (ing)\",\"isPartOf\":{\"@id\":\"http:\/\/ticaret.edu.tr\/isletme-ingilizce\/#website\"},\"datePublished\":\"2025-01-23T08:14:53+00:00\",\"dateModified\":\"2025-07-25T09:53:06+00:00\",\"breadcrumb\":{\"@id\":\"http:\/\/ticaret.edu.tr\/isletme-ingilizce\/giris-yazisi\/#breadcrumb\"},\"inLanguage\":\"tr\",\"potentialAction\":[{\"@type\":\"ReadAction\",\"target\":[\"http:\/\/ticaret.edu.tr\/isletme-ingilizce\/giris-yazisi\/\"]}]},{\"@type\":\"BreadcrumbList\",\"@id\":\"http:\/\/ticaret.edu.tr\/isletme-ingilizce\/giris-yazisi\/#breadcrumb\",\"itemListElement\":[{\"@type\":\"ListItem\",\"position\":1,\"name\":\"Ana sayfa\",\"item\":\"http:\/\/ticaret.edu.tr\/isletme-ingilizce\/\"},{\"@type\":\"ListItem\",\"position\":2,\"name\":\"Giri\u015f Yaz\u0131s\u0131\"}]},{\"@type\":\"WebSite\",\"@id\":\"http:\/\/ticaret.edu.tr\/isletme-ingilizce\/#website\",\"url\":\"http:\/\/ticaret.edu.tr\/isletme-ingilizce\/\",\"name\":\"\u0130\u015fletme (ing)\",\"description\":\"\",\"potentialAction\":[{\"@type\":\"SearchAction\",\"target\":{\"@type\":\"EntryPoint\",\"urlTemplate\":\"http:\/\/ticaret.edu.tr\/isletme-ingilizce\/?s={search_term_string}\"},\"query-input\":\"required name=search_term_string\"}],\"inLanguage\":\"tr\"}]}<\/script>\n<!-- \/ Yoast SEO Premium plugin. -->","yoast_head_json":{"title":"Giri\u015f Yaz\u0131s\u0131 - \u0130\u015fletme (ing)","robots":{"index":"index","follow":"follow","max-snippet":"max-snippet:-1","max-image-preview":"max-image-preview:large","max-video-preview":"max-video-preview:-1"},"canonical":"http:\/\/ticaret.edu.tr\/isletme-ingilizce\/giris-yazisi\/","og_locale":"tr_TR","og_type":"article","og_title":"Giri\u015f Yaz\u0131s\u0131","og_description":"&nbsp; \u0130\u015eLETME FAK\u00dcLTES\u0130 \u2013 \u0130\u015eLETME (\u0130NG\u0130L\u0130ZCE) B\u00d6L\u00dcM\u00dc 2001\u20132002 akademik y\u0131l\u0131nda kurulan b\u00f6l\u00fcm\u00fcm\u00fcz, e\u011fitim-\u00f6\u011fretim faaliyetlerine S\u00fctl\u00fcce Yerle\u015fkesi\u2019nde devam etmektedir. 2022 y\u0131l\u0131nda elde edilen STAR akreditasyonu, b\u00f6l\u00fcm\u00fcm\u00fcz\u00fcn ulusal d\u00fczeyde kalite g\u00fcvencesi kriterlerini ba\u015far\u0131yla kar\u015f\u0131lad\u0131\u011f\u0131n\u0131 ve e\u011fitim-\u00f6\u011fretim s\u00fcre\u00e7lerinde s\u00fcrekli iyile\u015fmeyi esas ald\u0131\u011f\u0131n\u0131 ortaya koymaktad\u0131r. Program\u0131m\u0131z; y\u00f6netim, finans, pazarlama, giri\u015fimcilik, stratejik planlama ve dijital d\u00f6n\u00fc\u015f\u00fcm gibi i\u015fletmecili\u011fin temel alanlar\u0131nda [&hellip;]","og_url":"http:\/\/ticaret.edu.tr\/isletme-ingilizce\/giris-yazisi\/","og_site_name":"\u0130\u015fletme (ing)","article_publisher":"https:\/\/www.facebook.com\/ticaretedutr","article_modified_time":"2025-07-25T09:53:06+00:00","twitter_card":"summary_large_image","twitter_site":"@ticaretedutr","twitter_misc":{"Tahmini okuma s\u00fcresi":"2 dakika"},"schema":{"@context":"https:\/\/schema.org","@graph":[{"@type":"WebPage","@id":"http:\/\/ticaret.edu.tr\/isletme-ingilizce\/giris-yazisi\/","url":"http:\/\/ticaret.edu.tr\/isletme-ingilizce\/giris-yazisi\/","name":"Giri\u015f Yaz\u0131s\u0131 - \u0130\u015fletme (ing)","isPartOf":{"@id":"http:\/\/ticaret.edu.tr\/isletme-ingilizce\/#website"},"datePublished":"2025-01-23T08:14:53+00:00","dateModified":"2025-07-25T09:53:06+00:00","breadcrumb":{"@id":"http:\/\/ticaret.edu.tr\/isletme-ingilizce\/giris-yazisi\/#breadcrumb"},"inLanguage":"tr","potentialAction":[{"@type":"ReadAction","target":["http:\/\/ticaret.edu.tr\/isletme-ingilizce\/giris-yazisi\/"]}]},{"@type":"BreadcrumbList","@id":"http:\/\/ticaret.edu.tr\/isletme-ingilizce\/giris-yazisi\/#breadcrumb","itemListElement":[{"@type":"ListItem","position":1,"name":"Ana sayfa","item":"http:\/\/ticaret.edu.tr\/isletme-ingilizce\/"},{"@type":"ListItem","position":2,"name":"Giri\u015f Yaz\u0131s\u0131"}]},{"@type":"WebSite","@id":"http:\/\/ticaret.edu.tr\/isletme-ingilizce\/#website","url":"http:\/\/ticaret.edu.tr\/isletme-ingilizce\/","name":"\u0130\u015fletme (ing)","description":"","potentialAction":[{"@type":"SearchAction","target":{"@type":"EntryPoint","urlTemplate":"http:\/\/ticaret.edu.tr\/isletme-ingilizce\/?s={search_term_string}"},"query-input":"required name=search_term_string"}],"inLanguage":"tr"}]}},"lang":"tr","translations":{"tr":1421,"en":1521},"pll_sync_post":[],"_links":{"self":[{"href":"http:\/\/ticaret.edu.tr\/isletme-ingilizce\/wp-json\/wp\/v2\/pages\/1421"}],"collection":[{"href":"http:\/\/ticaret.edu.tr\/isletme-ingilizce\/wp-json\/wp\/v2\/pages"}],"about":[{"href":"http:\/\/ticaret.edu.tr\/isletme-ingilizce\/wp-json\/wp\/v2\/types\/page"}],"author":[{"embeddable":true,"href":"http:\/\/ticaret.edu.tr\/isletme-ingilizce\/wp-json\/wp\/v2\/users\/59"}],"replies":[{"embeddable":true,"href":"http:\/\/ticaret.edu.tr\/isletme-ingilizce\/wp-json\/wp\/v2\/comments?post=1421"}],"version-history":[{"count":6,"href":"http:\/\/ticaret.edu.tr\/isletme-ingilizce\/wp-json\/wp\/v2\/pages\/1421\/revisions"}],"predecessor-version":[{"id":2120,"href":"http:\/\/ticaret.edu.tr\/isletme-ingilizce\/wp-json\/wp\/v2\/pages\/1421\/revisions\/2120"}],"wp:attachment":[{"href":"http:\/\/ticaret.edu.tr\/isletme-ingilizce\/wp-json\/wp\/v2\/media?parent=1421"}],"curies":[{"name":"wp","href":"https:\/\/api.w.org\/{rel}","templated":true}]}}