{"id":1423,"date":"2025-01-23T11:16:30","date_gmt":"2025-01-23T08:16:30","guid":{"rendered":"https:\/\/ticaret.edu.tr\/isletme-ingilizce\/?page_id=1423"},"modified":"2025-10-17T16:28:26","modified_gmt":"2025-10-17T13:28:26","slug":"aday-ogrenci","status":"publish","type":"page","link":"http:\/\/ticaret.edu.tr\/isletme-ingilizce\/aday-ogrenci\/","title":{"rendered":"Aday \u00d6\u011frenci"},"content":{"rendered":"<h2>Program Hakk\u0131nda<\/h2>\n<p>\u0130stanbul Ticaret \u00dcniversitesi b\u00fcnyesinde yer alan <strong>\u0130\u015fletme (\u0130ngilizce) b\u00f6l\u00fcm\u00fcm\u00fcz<\/strong>; k\u00fcresel \u00f6l\u00e7ekte rekabet edebilen, veriye dayal\u0131 karar verebilen ve etik ilkelere ba\u011fl\u0131 y\u00f6neticiler yeti\u015ftirmeyi hedefler. Program\u0131m\u0131z\u0131n <strong>%100 \u0130ngilizce<\/strong> olmas\u0131 sayesinde \u00f6\u011frencilerimizi d\u00fcnyan\u0131n her taraf\u0131nda etkin bireyler olabilmeleri ad\u0131na \u00e7ok dilli, \u00e7ok k\u00fclt\u00fcrl\u00fc i\u015f ortamlar\u0131na haz\u0131rlar\u0131z. B\u00f6l\u00fcm\u00fcm\u00fcz, \u0130stanbul\u2019un i\u015f hayat\u0131 ile i\u00e7 i\u00e7e konumlanan <strong>S\u00fctl\u00fcce (S\u00e2d\u00e2b\u00e2d) Yerle\u015fkesi<\/strong>nde faaliyetlerini s\u00fcrd\u00fcrmektedir.<\/p>\n<h2>Akademik Yakla\u015f\u0131m ve M\u00fcfredat<\/h2>\n<p>M\u00fcfredat\u0131m\u0131z; \u0130\u015fletme b\u00f6l\u00fcmlerinin anabilim dallar\u0131 olarak yer alan ve b\u00f6l\u00fcm\u00fcm\u00fcz mezunlar\u0131n\u0131n olabildi\u011fince donan\u0131ml\u0131 olmas\u0131 i\u00e7in gerekli olan y\u00f6netim ve organizasyon, pazarlama, finans, muhasebe, insan kaynaklar\u0131, \u00fcretim ve operasyon y\u00f6netimi, i\u015f hukuku, strateji, giri\u015fimcilik ve istatistik ekseninde kurgulanm\u0131\u015f zorunlu ve se\u00e7meli derslerden olu\u015fur. M\u00fcfredat\u0131m\u0131z d\u00fczenli olarak g\u00fcncellenir ve \u015feffaf bi\u00e7imde internet sitemizde yay\u0131mlan\u0131r.<\/p>\n<h2>Kalite G\u00fcvencesi ve Akreditasyon<\/h2>\n<p>\u0130\u015fletme Fak\u00fcltesi b\u00fcnyesindeki <strong data-start=\"1231\" data-end=\"1254\">\u0130\u015fletme (\u0130ngilizce)<\/strong> lisans program\u0131, <strong data-start=\"1272\" data-end=\"1345\">STAR \u2013 Sosyal Be\u015feri ve Temel Bilimler Akreditasyon ve Rating Derne\u011fi<\/strong> taraf\u0131ndan akredite edilmi\u015ftir. Sahip oldu\u011fumuz bu akreditasyon, program\u0131n e\u011fitim-\u00f6\u011fretim s\u00fcre\u00e7lerinin ba\u011f\u0131ms\u0131z \u00f6l\u00e7\u00fctlere g\u00f6re de\u011ferlendirilerek kalite g\u00fcvencesine sahip oldu\u011funu g\u00f6sterir.<\/p>\n<h2 data-start=\"1558\" data-end=\"1602\">Uluslararas\u0131la\u015fma ve De\u011fi\u015fim Olanaklar\u0131<\/h2>\n<p data-start=\"1603\" data-end=\"1902\">B\u00f6l\u00fcm\u00fcm\u00fcz \u00f6\u011frencileri, <strong data-start=\"1615\" data-end=\"1627\">Erasmus+<\/strong> ba\u015fta olmak \u00fczere uluslararas\u0131 de\u011fi\u015fim ve staj programlar\u0131yla d\u00fcnyan\u0131n bir\u00e7ok farkl\u0131 \u00fclkesindeki partner \u00fcniversitelerde deneyim kazanma f\u0131rsat\u0131na sahiptir.<\/p>\n<h2 data-start=\"2269\" data-end=\"2305\">Sekt\u00f6rle \u0130\u015f Birlikleri ve Kariyer Olanaklar\u0131<\/h2>\n<p data-start=\"2306\" data-end=\"2550\">\u0130stanbul Ticaret \u00dcniversitesi; <strong data-start=\"2337\" data-end=\"2363\">\u0130stanbul Ticaret Odas\u0131<\/strong> taraf\u0131ndan kurulan bir vak\u0131f \u00fcniversitesidir. Bu sayede \u00f6\u011frencilerimiz; i\u015fletme b\u00f6l\u00fcm\u00fc i\u00e7in kritik \u00f6nem arz eden sekt\u00f6rel bilgileri fazlas\u0131yla edinebilece\u011fi bir ortama sahiptir. \u0130\u015f d\u00fcnyas\u0131 ekosistemiyle kurumsal ili\u015fki, \u00f6\u011frenci\u2013mezun a\u011f\u0131, etkinlik ve projeler yoluyla desteklenen \u00f6\u011frenciler ve mezunlar; <strong data-start=\"2595\" data-end=\"2738\">pazarlama ve marka y\u00f6netimi, finans ve muhasebe, insan kaynaklar\u0131, tedarik zinciri\/operasyon, i\u015f analiti\u011fi, dan\u0131\u015fmanl\u0131k, giri\u015fimcilik <\/strong>ve bunun gibi bir\u00e7ok alanda ulusal ve uluslararas\u0131 \u00f6l\u00e7ekte staj ve i\u015f ile kariyer edinir. \u00d6\u011frencilerimiz <strong>\u0130stanbul Ticaret \u00dcniversitesi Kariyer Merkezi: KAMER<\/strong> dahil olmak \u00fczere, bir\u00e7ok farkl\u0131 <strong>kariyer planlama etkinli\u011fi <\/strong>ve <strong>dan\u0131\u015fmanl\u0131k s\u00fcre\u00e7leriyle desteklenir.\u00a0<\/strong><\/p>\n<p data-start=\"1603\" data-end=\"1902\">\n","protected":false},"excerpt":{"rendered":"<p>Program Hakk\u0131nda \u0130stanbul Ticaret \u00dcniversitesi b\u00fcnyesinde yer alan \u0130\u015fletme (\u0130ngilizce) b\u00f6l\u00fcm\u00fcm\u00fcz; k\u00fcresel \u00f6l\u00e7ekte rekabet edebilen, veriye dayal\u0131 karar verebilen ve etik ilkelere ba\u011fl\u0131 y\u00f6neticiler yeti\u015ftirmeyi hedefler. Program\u0131m\u0131z\u0131n %100 \u0130ngilizce olmas\u0131 sayesinde \u00f6\u011frencilerimizi d\u00fcnyan\u0131n her taraf\u0131nda etkin bireyler olabilmeleri ad\u0131na \u00e7ok dilli, \u00e7ok k\u00fclt\u00fcrl\u00fc i\u015f ortamlar\u0131na haz\u0131rlar\u0131z. B\u00f6l\u00fcm\u00fcm\u00fcz, \u0130stanbul\u2019un i\u015f hayat\u0131 ile i\u00e7 i\u00e7e konumlanan S\u00fctl\u00fcce [&hellip;]<\/p>\n","protected":false},"author":59,"featured_media":0,"parent":0,"menu_order":0,"comment_status":"closed","ping_status":"closed","template":"genel_sayfa.php","meta":{"footnotes":""},"yoast_head":"<!-- This site is optimized with the Yoast SEO Premium plugin v22.1 (Yoast SEO v22.1) - https:\/\/yoast.com\/wordpress\/plugins\/seo\/ -->\n<title>Aday \u00d6\u011frenci - \u0130\u015fletme (ing)<\/title>\n<meta name=\"robots\" content=\"index, follow, max-snippet:-1, max-image-preview:large, max-video-preview:-1\" \/>\n<link rel=\"canonical\" href=\"http:\/\/ticaret.edu.tr\/isletme-ingilizce\/aday-ogrenci\/\" \/>\n<meta property=\"og:locale\" content=\"tr_TR\" \/>\n<meta property=\"og:type\" content=\"article\" \/>\n<meta property=\"og:title\" content=\"Aday \u00d6\u011frenci\" \/>\n<meta property=\"og:description\" content=\"Program Hakk\u0131nda \u0130stanbul Ticaret \u00dcniversitesi b\u00fcnyesinde yer alan \u0130\u015fletme (\u0130ngilizce) b\u00f6l\u00fcm\u00fcm\u00fcz; k\u00fcresel \u00f6l\u00e7ekte rekabet edebilen, veriye dayal\u0131 karar verebilen ve etik ilkelere ba\u011fl\u0131 y\u00f6neticiler yeti\u015ftirmeyi hedefler. Program\u0131m\u0131z\u0131n %100 \u0130ngilizce olmas\u0131 sayesinde \u00f6\u011frencilerimizi d\u00fcnyan\u0131n her taraf\u0131nda etkin bireyler olabilmeleri ad\u0131na \u00e7ok dilli, \u00e7ok k\u00fclt\u00fcrl\u00fc i\u015f ortamlar\u0131na haz\u0131rlar\u0131z. B\u00f6l\u00fcm\u00fcm\u00fcz, \u0130stanbul\u2019un i\u015f hayat\u0131 ile i\u00e7 i\u00e7e konumlanan S\u00fctl\u00fcce [&hellip;]\" \/>\n<meta property=\"og:url\" content=\"http:\/\/ticaret.edu.tr\/isletme-ingilizce\/aday-ogrenci\/\" \/>\n<meta property=\"og:site_name\" content=\"\u0130\u015fletme (ing)\" \/>\n<meta property=\"article:publisher\" content=\"https:\/\/www.facebook.com\/ticaretedutr\" \/>\n<meta property=\"article:modified_time\" content=\"2025-10-17T13:28:26+00:00\" \/>\n<meta name=\"twitter:card\" content=\"summary_large_image\" \/>\n<meta name=\"twitter:site\" content=\"@ticaretedutr\" \/>\n<meta name=\"twitter:label1\" content=\"Tahmini okuma s\u00fcresi\" \/>\n\t<meta name=\"twitter:data1\" content=\"2 dakika\" \/>\n<script type=\"application\/ld+json\" class=\"yoast-schema-graph\">{\"@context\":\"https:\/\/schema.org\",\"@graph\":[{\"@type\":\"WebPage\",\"@id\":\"http:\/\/ticaret.edu.tr\/isletme-ingilizce\/aday-ogrenci\/\",\"url\":\"http:\/\/ticaret.edu.tr\/isletme-ingilizce\/aday-ogrenci\/\",\"name\":\"Aday \u00d6\u011frenci - \u0130\u015fletme (ing)\",\"isPartOf\":{\"@id\":\"http:\/\/ticaret.edu.tr\/isletme-ingilizce\/#website\"},\"datePublished\":\"2025-01-23T08:16:30+00:00\",\"dateModified\":\"2025-10-17T13:28:26+00:00\",\"breadcrumb\":{\"@id\":\"http:\/\/ticaret.edu.tr\/isletme-ingilizce\/aday-ogrenci\/#breadcrumb\"},\"inLanguage\":\"tr\",\"potentialAction\":[{\"@type\":\"ReadAction\",\"target\":[\"http:\/\/ticaret.edu.tr\/isletme-ingilizce\/aday-ogrenci\/\"]}]},{\"@type\":\"BreadcrumbList\",\"@id\":\"http:\/\/ticaret.edu.tr\/isletme-ingilizce\/aday-ogrenci\/#breadcrumb\",\"itemListElement\":[{\"@type\":\"ListItem\",\"position\":1,\"name\":\"Ana sayfa\",\"item\":\"http:\/\/ticaret.edu.tr\/isletme-ingilizce\/\"},{\"@type\":\"ListItem\",\"position\":2,\"name\":\"Aday \u00d6\u011frenci\"}]},{\"@type\":\"WebSite\",\"@id\":\"http:\/\/ticaret.edu.tr\/isletme-ingilizce\/#website\",\"url\":\"http:\/\/ticaret.edu.tr\/isletme-ingilizce\/\",\"name\":\"\u0130\u015fletme (ing)\",\"description\":\"\",\"potentialAction\":[{\"@type\":\"SearchAction\",\"target\":{\"@type\":\"EntryPoint\",\"urlTemplate\":\"http:\/\/ticaret.edu.tr\/isletme-ingilizce\/?s={search_term_string}\"},\"query-input\":\"required name=search_term_string\"}],\"inLanguage\":\"tr\"}]}<\/script>\n<!-- \/ Yoast SEO Premium plugin. -->","yoast_head_json":{"title":"Aday \u00d6\u011frenci - \u0130\u015fletme (ing)","robots":{"index":"index","follow":"follow","max-snippet":"max-snippet:-1","max-image-preview":"max-image-preview:large","max-video-preview":"max-video-preview:-1"},"canonical":"http:\/\/ticaret.edu.tr\/isletme-ingilizce\/aday-ogrenci\/","og_locale":"tr_TR","og_type":"article","og_title":"Aday \u00d6\u011frenci","og_description":"Program Hakk\u0131nda \u0130stanbul Ticaret \u00dcniversitesi b\u00fcnyesinde yer alan \u0130\u015fletme (\u0130ngilizce) b\u00f6l\u00fcm\u00fcm\u00fcz; k\u00fcresel \u00f6l\u00e7ekte rekabet edebilen, veriye dayal\u0131 karar verebilen ve etik ilkelere ba\u011fl\u0131 y\u00f6neticiler yeti\u015ftirmeyi hedefler. Program\u0131m\u0131z\u0131n %100 \u0130ngilizce olmas\u0131 sayesinde \u00f6\u011frencilerimizi d\u00fcnyan\u0131n her taraf\u0131nda etkin bireyler olabilmeleri ad\u0131na \u00e7ok dilli, \u00e7ok k\u00fclt\u00fcrl\u00fc i\u015f ortamlar\u0131na haz\u0131rlar\u0131z. B\u00f6l\u00fcm\u00fcm\u00fcz, \u0130stanbul\u2019un i\u015f hayat\u0131 ile i\u00e7 i\u00e7e konumlanan S\u00fctl\u00fcce [&hellip;]","og_url":"http:\/\/ticaret.edu.tr\/isletme-ingilizce\/aday-ogrenci\/","og_site_name":"\u0130\u015fletme (ing)","article_publisher":"https:\/\/www.facebook.com\/ticaretedutr","article_modified_time":"2025-10-17T13:28:26+00:00","twitter_card":"summary_large_image","twitter_site":"@ticaretedutr","twitter_misc":{"Tahmini okuma s\u00fcresi":"2 dakika"},"schema":{"@context":"https:\/\/schema.org","@graph":[{"@type":"WebPage","@id":"http:\/\/ticaret.edu.tr\/isletme-ingilizce\/aday-ogrenci\/","url":"http:\/\/ticaret.edu.tr\/isletme-ingilizce\/aday-ogrenci\/","name":"Aday \u00d6\u011frenci - \u0130\u015fletme (ing)","isPartOf":{"@id":"http:\/\/ticaret.edu.tr\/isletme-ingilizce\/#website"},"datePublished":"2025-01-23T08:16:30+00:00","dateModified":"2025-10-17T13:28:26+00:00","breadcrumb":{"@id":"http:\/\/ticaret.edu.tr\/isletme-ingilizce\/aday-ogrenci\/#breadcrumb"},"inLanguage":"tr","potentialAction":[{"@type":"ReadAction","target":["http:\/\/ticaret.edu.tr\/isletme-ingilizce\/aday-ogrenci\/"]}]},{"@type":"BreadcrumbList","@id":"http:\/\/ticaret.edu.tr\/isletme-ingilizce\/aday-ogrenci\/#breadcrumb","itemListElement":[{"@type":"ListItem","position":1,"name":"Ana sayfa","item":"http:\/\/ticaret.edu.tr\/isletme-ingilizce\/"},{"@type":"ListItem","position":2,"name":"Aday \u00d6\u011frenci"}]},{"@type":"WebSite","@id":"http:\/\/ticaret.edu.tr\/isletme-ingilizce\/#website","url":"http:\/\/ticaret.edu.tr\/isletme-ingilizce\/","name":"\u0130\u015fletme (ing)","description":"","potentialAction":[{"@type":"SearchAction","target":{"@type":"EntryPoint","urlTemplate":"http:\/\/ticaret.edu.tr\/isletme-ingilizce\/?s={search_term_string}"},"query-input":"required name=search_term_string"}],"inLanguage":"tr"}]}},"lang":"tr","translations":{"tr":1423,"en":1700},"pll_sync_post":[],"_links":{"self":[{"href":"http:\/\/ticaret.edu.tr\/isletme-ingilizce\/wp-json\/wp\/v2\/pages\/1423"}],"collection":[{"href":"http:\/\/ticaret.edu.tr\/isletme-ingilizce\/wp-json\/wp\/v2\/pages"}],"about":[{"href":"http:\/\/ticaret.edu.tr\/isletme-ingilizce\/wp-json\/wp\/v2\/types\/page"}],"author":[{"embeddable":true,"href":"http:\/\/ticaret.edu.tr\/isletme-ingilizce\/wp-json\/wp\/v2\/users\/59"}],"replies":[{"embeddable":true,"href":"http:\/\/ticaret.edu.tr\/isletme-ingilizce\/wp-json\/wp\/v2\/comments?post=1423"}],"version-history":[{"count":4,"href":"http:\/\/ticaret.edu.tr\/isletme-ingilizce\/wp-json\/wp\/v2\/pages\/1423\/revisions"}],"predecessor-version":[{"id":2059,"href":"http:\/\/ticaret.edu.tr\/isletme-ingilizce\/wp-json\/wp\/v2\/pages\/1423\/revisions\/2059"}],"wp:attachment":[{"href":"http:\/\/ticaret.edu.tr\/isletme-ingilizce\/wp-json\/wp\/v2\/media?parent=1423"}],"curies":[{"name":"wp","href":"https:\/\/api.w.org\/{rel}","templated":true}]}}