{"id":1427,"date":"2025-01-23T11:02:39","date_gmt":"2025-01-23T08:02:39","guid":{"rendered":"https:\/\/ticaret.edu.tr\/isletme-ingilizce\/?page_id=1427"},"modified":"2025-02-14T11:22:01","modified_gmt":"2025-02-14T08:22:01","slug":"vizyon-misyon","status":"publish","type":"page","link":"http:\/\/ticaret.edu.tr\/isletme-ingilizce\/vizyon-misyon\/","title":{"rendered":"Vizyon-Misyon"},"content":{"rendered":"<p><b>B\u00f6l\u00fcm Misyonu:\u00a0<\/b>Ulusal ve k\u00fcresel beklentiler y\u00f6n\u00fcnde i\u015fletme alan\u0131yla ilgili geli\u015fmeleri takip edip bilimsel ara\u015ft\u0131rma yapabilen, i\u015fletmenin t\u00fcm payda\u015flar\u0131na duyarl\u0131, etik davranan, sosyal sorumluluklar\u0131n\u0131n bilincinde, ekip \u00e7al\u0131\u015fmas\u0131na uyum sa\u011flayan, hayat boyu \u00f6\u011frenme bilinciyle kendini geli\u015ftiren, yenilik\u00e7i bireyler yeti\u015ftirmektir.<\/p>\n<p><b>B\u00f6l\u00fcm Vizyonu: <\/b>\u0130\u015fletme alan\u0131nda ulusal ve uluslararas\u0131 d\u00fczeyde tan\u0131nan, yenilik\u00e7i, s\u00fcrd\u00fcr\u00fclebilir ve topluma de\u011fer katan akademik ve ara\u015ft\u0131rma faaliyetleri ile lider bir b\u00f6l\u00fcm olmak. \u00d6\u011frencilerimize etik de\u011ferlere ba\u011fl\u0131, sosyal sorumluluk bilincine sahip, yarat\u0131c\u0131 ve giri\u015fimci bir bak\u0131\u015f a\u00e7\u0131s\u0131 kazand\u0131rarak, mezunlar\u0131m\u0131z\u0131n k\u00fcresel i\u015f d\u00fcnyas\u0131nda \u00f6nc\u00fc ve etkili bireyler olarak yer almalar\u0131n\u0131 sa\u011flamak.<\/p>\n","protected":false},"excerpt":{"rendered":"<p>B\u00f6l\u00fcm Misyonu:\u00a0Ulusal ve k\u00fcresel beklentiler y\u00f6n\u00fcnde i\u015fletme alan\u0131yla ilgili geli\u015fmeleri takip edip bilimsel ara\u015ft\u0131rma yapabilen, i\u015fletmenin t\u00fcm payda\u015flar\u0131na duyarl\u0131, etik davranan, sosyal sorumluluklar\u0131n\u0131n bilincinde, ekip \u00e7al\u0131\u015fmas\u0131na uyum sa\u011flayan, hayat boyu \u00f6\u011frenme bilinciyle kendini geli\u015ftiren, yenilik\u00e7i bireyler yeti\u015ftirmektir. B\u00f6l\u00fcm Vizyonu: \u0130\u015fletme alan\u0131nda ulusal ve uluslararas\u0131 d\u00fczeyde tan\u0131nan, yenilik\u00e7i, s\u00fcrd\u00fcr\u00fclebilir ve topluma de\u011fer katan akademik ve ara\u015ft\u0131rma [&hellip;]<\/p>\n","protected":false},"author":59,"featured_media":0,"parent":0,"menu_order":0,"comment_status":"closed","ping_status":"closed","template":"genel_sayfa.php","meta":{"footnotes":""},"yoast_head":"<!-- This site is optimized with the Yoast SEO Premium plugin v22.1 (Yoast SEO v22.1) - https:\/\/yoast.com\/wordpress\/plugins\/seo\/ -->\n<title>Vizyon-Misyon - \u0130\u015fletme (ing)<\/title>\n<meta name=\"robots\" content=\"index, follow, max-snippet:-1, max-image-preview:large, max-video-preview:-1\" \/>\n<link rel=\"canonical\" href=\"http:\/\/ticaret.edu.tr\/isletme-ingilizce\/vizyon-misyon\/\" \/>\n<meta property=\"og:locale\" content=\"tr_TR\" \/>\n<meta property=\"og:type\" content=\"article\" \/>\n<meta property=\"og:title\" content=\"Vizyon-Misyon\" \/>\n<meta property=\"og:description\" content=\"B\u00f6l\u00fcm Misyonu:\u00a0Ulusal ve k\u00fcresel beklentiler y\u00f6n\u00fcnde i\u015fletme alan\u0131yla ilgili geli\u015fmeleri takip edip bilimsel ara\u015ft\u0131rma yapabilen, i\u015fletmenin t\u00fcm payda\u015flar\u0131na duyarl\u0131, etik davranan, sosyal sorumluluklar\u0131n\u0131n bilincinde, ekip \u00e7al\u0131\u015fmas\u0131na uyum sa\u011flayan, hayat boyu \u00f6\u011frenme bilinciyle kendini geli\u015ftiren, yenilik\u00e7i bireyler yeti\u015ftirmektir. B\u00f6l\u00fcm Vizyonu: \u0130\u015fletme alan\u0131nda ulusal ve uluslararas\u0131 d\u00fczeyde tan\u0131nan, yenilik\u00e7i, s\u00fcrd\u00fcr\u00fclebilir ve topluma de\u011fer katan akademik ve ara\u015ft\u0131rma [&hellip;]\" \/>\n<meta property=\"og:url\" content=\"http:\/\/ticaret.edu.tr\/isletme-ingilizce\/vizyon-misyon\/\" \/>\n<meta property=\"og:site_name\" content=\"\u0130\u015fletme (ing)\" \/>\n<meta property=\"article:publisher\" content=\"https:\/\/www.facebook.com\/ticaretedutr\" \/>\n<meta property=\"article:modified_time\" content=\"2025-02-14T08:22:01+00:00\" \/>\n<meta name=\"twitter:card\" content=\"summary_large_image\" \/>\n<meta name=\"twitter:site\" content=\"@ticaretedutr\" \/>\n<meta name=\"twitter:label1\" content=\"Tahmini okuma s\u00fcresi\" \/>\n\t<meta name=\"twitter:data1\" content=\"1 dakika\" \/>\n<script type=\"application\/ld+json\" class=\"yoast-schema-graph\">{\"@context\":\"https:\/\/schema.org\",\"@graph\":[{\"@type\":\"WebPage\",\"@id\":\"http:\/\/ticaret.edu.tr\/isletme-ingilizce\/vizyon-misyon\/\",\"url\":\"http:\/\/ticaret.edu.tr\/isletme-ingilizce\/vizyon-misyon\/\",\"name\":\"Vizyon-Misyon - \u0130\u015fletme (ing)\",\"isPartOf\":{\"@id\":\"http:\/\/ticaret.edu.tr\/isletme-ingilizce\/#website\"},\"datePublished\":\"2025-01-23T08:02:39+00:00\",\"dateModified\":\"2025-02-14T08:22:01+00:00\",\"breadcrumb\":{\"@id\":\"http:\/\/ticaret.edu.tr\/isletme-ingilizce\/vizyon-misyon\/#breadcrumb\"},\"inLanguage\":\"tr\",\"potentialAction\":[{\"@type\":\"ReadAction\",\"target\":[\"http:\/\/ticaret.edu.tr\/isletme-ingilizce\/vizyon-misyon\/\"]}]},{\"@type\":\"BreadcrumbList\",\"@id\":\"http:\/\/ticaret.edu.tr\/isletme-ingilizce\/vizyon-misyon\/#breadcrumb\",\"itemListElement\":[{\"@type\":\"ListItem\",\"position\":1,\"name\":\"Ana sayfa\",\"item\":\"http:\/\/ticaret.edu.tr\/isletme-ingilizce\/\"},{\"@type\":\"ListItem\",\"position\":2,\"name\":\"Vizyon-Misyon\"}]},{\"@type\":\"WebSite\",\"@id\":\"http:\/\/ticaret.edu.tr\/isletme-ingilizce\/#website\",\"url\":\"http:\/\/ticaret.edu.tr\/isletme-ingilizce\/\",\"name\":\"\u0130\u015fletme (ing)\",\"description\":\"\",\"potentialAction\":[{\"@type\":\"SearchAction\",\"target\":{\"@type\":\"EntryPoint\",\"urlTemplate\":\"http:\/\/ticaret.edu.tr\/isletme-ingilizce\/?s={search_term_string}\"},\"query-input\":\"required name=search_term_string\"}],\"inLanguage\":\"tr\"}]}<\/script>\n<!-- \/ Yoast SEO Premium plugin. -->","yoast_head_json":{"title":"Vizyon-Misyon - \u0130\u015fletme (ing)","robots":{"index":"index","follow":"follow","max-snippet":"max-snippet:-1","max-image-preview":"max-image-preview:large","max-video-preview":"max-video-preview:-1"},"canonical":"http:\/\/ticaret.edu.tr\/isletme-ingilizce\/vizyon-misyon\/","og_locale":"tr_TR","og_type":"article","og_title":"Vizyon-Misyon","og_description":"B\u00f6l\u00fcm Misyonu:\u00a0Ulusal ve k\u00fcresel beklentiler y\u00f6n\u00fcnde i\u015fletme alan\u0131yla ilgili geli\u015fmeleri takip edip bilimsel ara\u015ft\u0131rma yapabilen, i\u015fletmenin t\u00fcm payda\u015flar\u0131na duyarl\u0131, etik davranan, sosyal sorumluluklar\u0131n\u0131n bilincinde, ekip \u00e7al\u0131\u015fmas\u0131na uyum sa\u011flayan, hayat boyu \u00f6\u011frenme bilinciyle kendini geli\u015ftiren, yenilik\u00e7i bireyler yeti\u015ftirmektir. B\u00f6l\u00fcm Vizyonu: \u0130\u015fletme alan\u0131nda ulusal ve uluslararas\u0131 d\u00fczeyde tan\u0131nan, yenilik\u00e7i, s\u00fcrd\u00fcr\u00fclebilir ve topluma de\u011fer katan akademik ve ara\u015ft\u0131rma [&hellip;]","og_url":"http:\/\/ticaret.edu.tr\/isletme-ingilizce\/vizyon-misyon\/","og_site_name":"\u0130\u015fletme (ing)","article_publisher":"https:\/\/www.facebook.com\/ticaretedutr","article_modified_time":"2025-02-14T08:22:01+00:00","twitter_card":"summary_large_image","twitter_site":"@ticaretedutr","twitter_misc":{"Tahmini okuma s\u00fcresi":"1 dakika"},"schema":{"@context":"https:\/\/schema.org","@graph":[{"@type":"WebPage","@id":"http:\/\/ticaret.edu.tr\/isletme-ingilizce\/vizyon-misyon\/","url":"http:\/\/ticaret.edu.tr\/isletme-ingilizce\/vizyon-misyon\/","name":"Vizyon-Misyon - \u0130\u015fletme (ing)","isPartOf":{"@id":"http:\/\/ticaret.edu.tr\/isletme-ingilizce\/#website"},"datePublished":"2025-01-23T08:02:39+00:00","dateModified":"2025-02-14T08:22:01+00:00","breadcrumb":{"@id":"http:\/\/ticaret.edu.tr\/isletme-ingilizce\/vizyon-misyon\/#breadcrumb"},"inLanguage":"tr","potentialAction":[{"@type":"ReadAction","target":["http:\/\/ticaret.edu.tr\/isletme-ingilizce\/vizyon-misyon\/"]}]},{"@type":"BreadcrumbList","@id":"http:\/\/ticaret.edu.tr\/isletme-ingilizce\/vizyon-misyon\/#breadcrumb","itemListElement":[{"@type":"ListItem","position":1,"name":"Ana sayfa","item":"http:\/\/ticaret.edu.tr\/isletme-ingilizce\/"},{"@type":"ListItem","position":2,"name":"Vizyon-Misyon"}]},{"@type":"WebSite","@id":"http:\/\/ticaret.edu.tr\/isletme-ingilizce\/#website","url":"http:\/\/ticaret.edu.tr\/isletme-ingilizce\/","name":"\u0130\u015fletme (ing)","description":"","potentialAction":[{"@type":"SearchAction","target":{"@type":"EntryPoint","urlTemplate":"http:\/\/ticaret.edu.tr\/isletme-ingilizce\/?s={search_term_string}"},"query-input":"required name=search_term_string"}],"inLanguage":"tr"}]}},"lang":"tr","translations":{"tr":1427,"en":1527},"pll_sync_post":[],"_links":{"self":[{"href":"http:\/\/ticaret.edu.tr\/isletme-ingilizce\/wp-json\/wp\/v2\/pages\/1427"}],"collection":[{"href":"http:\/\/ticaret.edu.tr\/isletme-ingilizce\/wp-json\/wp\/v2\/pages"}],"about":[{"href":"http:\/\/ticaret.edu.tr\/isletme-ingilizce\/wp-json\/wp\/v2\/types\/page"}],"author":[{"embeddable":true,"href":"http:\/\/ticaret.edu.tr\/isletme-ingilizce\/wp-json\/wp\/v2\/users\/59"}],"replies":[{"embeddable":true,"href":"http:\/\/ticaret.edu.tr\/isletme-ingilizce\/wp-json\/wp\/v2\/comments?post=1427"}],"version-history":[{"count":2,"href":"http:\/\/ticaret.edu.tr\/isletme-ingilizce\/wp-json\/wp\/v2\/pages\/1427\/revisions"}],"predecessor-version":[{"id":1668,"href":"http:\/\/ticaret.edu.tr\/isletme-ingilizce\/wp-json\/wp\/v2\/pages\/1427\/revisions\/1668"}],"wp:attachment":[{"href":"http:\/\/ticaret.edu.tr\/isletme-ingilizce\/wp-json\/wp\/v2\/media?parent=1427"}],"curies":[{"name":"wp","href":"https:\/\/api.w.org\/{rel}","templated":true}]}}