{"id":1429,"date":"2025-01-23T11:14:27","date_gmt":"2025-01-23T08:14:27","guid":{"rendered":"https:\/\/ticaret.edu.tr\/isletme-ingilizce\/?page_id=1429"},"modified":"2025-02-14T11:25:56","modified_gmt":"2025-02-14T08:25:56","slug":"ogrenci-topluluklari","status":"publish","type":"page","link":"http:\/\/ticaret.edu.tr\/isletme-ingilizce\/ogrenci-topluluklari\/","title":{"rendered":"\u00d6\u011frenci Topluluklar\u0131"},"content":{"rendered":"<p>\u0130stanbul Ticaret \u00dcniversitesi \u00f6\u011frenci topluluklar\u0131na eri\u015fim i\u00e7in a\u015fa\u011f\u0131daki linki t\u0131klay\u0131n\u0131z.<\/p>\n<blockquote class=\"wp-embedded-content\" data-secret=\"N2QyXrhREl\"><p><a href=\"https:\/\/ticaret.edu.tr\/saglik-kultur-ve-spor-daire-baskanligi\/ogrenci-topluluklari\/\">\u00d6\u011frenci Topluluklar\u0131<\/a><\/p><\/blockquote>\n<p><iframe class=\"wp-embedded-content\" sandbox=\"allow-scripts\" security=\"restricted\" style=\"position: absolute; clip: rect(1px, 1px, 1px, 1px);\" title=\"&#8220;\u00d6\u011frenci Topluluklar\u0131&#8221; &#8212; Sa\u011fl\u0131k K\u00fclt\u00fcr ve Spor Daire Ba\u015fkanl\u0131\u011f\u0131\" src=\"https:\/\/ticaret.edu.tr\/saglik-kultur-ve-spor-daire-baskanligi\/ogrenci-topluluklari\/embed\/#?secret=kGYOunm5by#?secret=N2QyXrhREl\" data-secret=\"N2QyXrhREl\" width=\"500\" height=\"282\" frameborder=\"0\" marginwidth=\"0\" marginheight=\"0\" scrolling=\"no\"><\/iframe><\/p>\n","protected":false},"excerpt":{"rendered":"<p>\u0130stanbul Ticaret \u00dcniversitesi \u00f6\u011frenci topluluklar\u0131na eri\u015fim i\u00e7in a\u015fa\u011f\u0131daki linki t\u0131klay\u0131n\u0131z. \u00d6\u011frenci Topluluklar\u0131<\/p>\n","protected":false},"author":59,"featured_media":0,"parent":0,"menu_order":0,"comment_status":"closed","ping_status":"closed","template":"genel_sayfa.php","meta":{"footnotes":""},"yoast_head":"<!-- This site is optimized with the Yoast SEO Premium plugin v22.1 (Yoast SEO v22.1) - https:\/\/yoast.com\/wordpress\/plugins\/seo\/ -->\n<title>\u00d6\u011frenci Topluluklar\u0131 - \u0130\u015fletme (ing)<\/title>\n<meta name=\"robots\" content=\"index, follow, max-snippet:-1, max-image-preview:large, max-video-preview:-1\" \/>\n<link rel=\"canonical\" href=\"http:\/\/ticaret.edu.tr\/isletme-ingilizce\/ogrenci-topluluklari\/\" \/>\n<meta property=\"og:locale\" content=\"tr_TR\" \/>\n<meta property=\"og:type\" content=\"article\" \/>\n<meta property=\"og:title\" content=\"\u00d6\u011frenci Topluluklar\u0131\" \/>\n<meta property=\"og:description\" content=\"\u0130stanbul Ticaret \u00dcniversitesi \u00f6\u011frenci topluluklar\u0131na eri\u015fim i\u00e7in a\u015fa\u011f\u0131daki linki t\u0131klay\u0131n\u0131z. \u00d6\u011frenci Topluluklar\u0131\" \/>\n<meta property=\"og:url\" content=\"http:\/\/ticaret.edu.tr\/isletme-ingilizce\/ogrenci-topluluklari\/\" \/>\n<meta property=\"og:site_name\" content=\"\u0130\u015fletme (ing)\" \/>\n<meta property=\"article:publisher\" content=\"https:\/\/www.facebook.com\/ticaretedutr\" \/>\n<meta property=\"article:modified_time\" content=\"2025-02-14T08:25:56+00:00\" \/>\n<meta name=\"twitter:card\" content=\"summary_large_image\" \/>\n<meta name=\"twitter:site\" content=\"@ticaretedutr\" \/>\n<meta name=\"twitter:label1\" content=\"Tahmini okuma s\u00fcresi\" \/>\n\t<meta name=\"twitter:data1\" content=\"1 dakika\" \/>\n<script type=\"application\/ld+json\" class=\"yoast-schema-graph\">{\"@context\":\"https:\/\/schema.org\",\"@graph\":[{\"@type\":\"WebPage\",\"@id\":\"http:\/\/ticaret.edu.tr\/isletme-ingilizce\/ogrenci-topluluklari\/\",\"url\":\"http:\/\/ticaret.edu.tr\/isletme-ingilizce\/ogrenci-topluluklari\/\",\"name\":\"\u00d6\u011frenci Topluluklar\u0131 - \u0130\u015fletme (ing)\",\"isPartOf\":{\"@id\":\"http:\/\/ticaret.edu.tr\/isletme-ingilizce\/#website\"},\"datePublished\":\"2025-01-23T08:14:27+00:00\",\"dateModified\":\"2025-02-14T08:25:56+00:00\",\"breadcrumb\":{\"@id\":\"http:\/\/ticaret.edu.tr\/isletme-ingilizce\/ogrenci-topluluklari\/#breadcrumb\"},\"inLanguage\":\"tr\",\"potentialAction\":[{\"@type\":\"ReadAction\",\"target\":[\"http:\/\/ticaret.edu.tr\/isletme-ingilizce\/ogrenci-topluluklari\/\"]}]},{\"@type\":\"BreadcrumbList\",\"@id\":\"http:\/\/ticaret.edu.tr\/isletme-ingilizce\/ogrenci-topluluklari\/#breadcrumb\",\"itemListElement\":[{\"@type\":\"ListItem\",\"position\":1,\"name\":\"Ana sayfa\",\"item\":\"http:\/\/ticaret.edu.tr\/isletme-ingilizce\/\"},{\"@type\":\"ListItem\",\"position\":2,\"name\":\"\u00d6\u011frenci Topluluklar\u0131\"}]},{\"@type\":\"WebSite\",\"@id\":\"http:\/\/ticaret.edu.tr\/isletme-ingilizce\/#website\",\"url\":\"http:\/\/ticaret.edu.tr\/isletme-ingilizce\/\",\"name\":\"\u0130\u015fletme (ing)\",\"description\":\"\",\"potentialAction\":[{\"@type\":\"SearchAction\",\"target\":{\"@type\":\"EntryPoint\",\"urlTemplate\":\"http:\/\/ticaret.edu.tr\/isletme-ingilizce\/?s={search_term_string}\"},\"query-input\":\"required name=search_term_string\"}],\"inLanguage\":\"tr\"}]}<\/script>\n<!-- \/ Yoast SEO Premium plugin. -->","yoast_head_json":{"title":"\u00d6\u011frenci Topluluklar\u0131 - \u0130\u015fletme (ing)","robots":{"index":"index","follow":"follow","max-snippet":"max-snippet:-1","max-image-preview":"max-image-preview:large","max-video-preview":"max-video-preview:-1"},"canonical":"http:\/\/ticaret.edu.tr\/isletme-ingilizce\/ogrenci-topluluklari\/","og_locale":"tr_TR","og_type":"article","og_title":"\u00d6\u011frenci Topluluklar\u0131","og_description":"\u0130stanbul Ticaret \u00dcniversitesi \u00f6\u011frenci topluluklar\u0131na eri\u015fim i\u00e7in a\u015fa\u011f\u0131daki linki t\u0131klay\u0131n\u0131z. \u00d6\u011frenci Topluluklar\u0131","og_url":"http:\/\/ticaret.edu.tr\/isletme-ingilizce\/ogrenci-topluluklari\/","og_site_name":"\u0130\u015fletme (ing)","article_publisher":"https:\/\/www.facebook.com\/ticaretedutr","article_modified_time":"2025-02-14T08:25:56+00:00","twitter_card":"summary_large_image","twitter_site":"@ticaretedutr","twitter_misc":{"Tahmini okuma s\u00fcresi":"1 dakika"},"schema":{"@context":"https:\/\/schema.org","@graph":[{"@type":"WebPage","@id":"http:\/\/ticaret.edu.tr\/isletme-ingilizce\/ogrenci-topluluklari\/","url":"http:\/\/ticaret.edu.tr\/isletme-ingilizce\/ogrenci-topluluklari\/","name":"\u00d6\u011frenci Topluluklar\u0131 - \u0130\u015fletme (ing)","isPartOf":{"@id":"http:\/\/ticaret.edu.tr\/isletme-ingilizce\/#website"},"datePublished":"2025-01-23T08:14:27+00:00","dateModified":"2025-02-14T08:25:56+00:00","breadcrumb":{"@id":"http:\/\/ticaret.edu.tr\/isletme-ingilizce\/ogrenci-topluluklari\/#breadcrumb"},"inLanguage":"tr","potentialAction":[{"@type":"ReadAction","target":["http:\/\/ticaret.edu.tr\/isletme-ingilizce\/ogrenci-topluluklari\/"]}]},{"@type":"BreadcrumbList","@id":"http:\/\/ticaret.edu.tr\/isletme-ingilizce\/ogrenci-topluluklari\/#breadcrumb","itemListElement":[{"@type":"ListItem","position":1,"name":"Ana sayfa","item":"http:\/\/ticaret.edu.tr\/isletme-ingilizce\/"},{"@type":"ListItem","position":2,"name":"\u00d6\u011frenci Topluluklar\u0131"}]},{"@type":"WebSite","@id":"http:\/\/ticaret.edu.tr\/isletme-ingilizce\/#website","url":"http:\/\/ticaret.edu.tr\/isletme-ingilizce\/","name":"\u0130\u015fletme (ing)","description":"","potentialAction":[{"@type":"SearchAction","target":{"@type":"EntryPoint","urlTemplate":"http:\/\/ticaret.edu.tr\/isletme-ingilizce\/?s={search_term_string}"},"query-input":"required name=search_term_string"}],"inLanguage":"tr"}]}},"lang":"tr","translations":{"tr":1429,"en":1529},"pll_sync_post":[],"_links":{"self":[{"href":"http:\/\/ticaret.edu.tr\/isletme-ingilizce\/wp-json\/wp\/v2\/pages\/1429"}],"collection":[{"href":"http:\/\/ticaret.edu.tr\/isletme-ingilizce\/wp-json\/wp\/v2\/pages"}],"about":[{"href":"http:\/\/ticaret.edu.tr\/isletme-ingilizce\/wp-json\/wp\/v2\/types\/page"}],"author":[{"embeddable":true,"href":"http:\/\/ticaret.edu.tr\/isletme-ingilizce\/wp-json\/wp\/v2\/users\/59"}],"replies":[{"embeddable":true,"href":"http:\/\/ticaret.edu.tr\/isletme-ingilizce\/wp-json\/wp\/v2\/comments?post=1429"}],"version-history":[{"count":6,"href":"http:\/\/ticaret.edu.tr\/isletme-ingilizce\/wp-json\/wp\/v2\/pages\/1429\/revisions"}],"predecessor-version":[{"id":1878,"href":"http:\/\/ticaret.edu.tr\/isletme-ingilizce\/wp-json\/wp\/v2\/pages\/1429\/revisions\/1878"}],"wp:attachment":[{"href":"http:\/\/ticaret.edu.tr\/isletme-ingilizce\/wp-json\/wp\/v2\/media?parent=1429"}],"curies":[{"name":"wp","href":"https:\/\/api.w.org\/{rel}","templated":true}]}}