{"id":1449,"date":"2025-01-23T11:14:21","date_gmt":"2025-01-23T08:14:21","guid":{"rendered":"https:\/\/ticaret.edu.tr\/isletme-ingilizce\/?page_id=1449"},"modified":"2025-10-17T16:18:28","modified_gmt":"2025-10-17T13:18:28","slug":"mezunlar","status":"publish","type":"page","link":"http:\/\/ticaret.edu.tr\/isletme-ingilizce\/mezunlar\/","title":{"rendered":"Mezunlar"},"content":{"rendered":"<h2>Edip \u00c7a\u011ftay G\u00fcleray<\/h2>\n<p>\u0130stanbul Ticaret \u00dcniversitesi ile ser\u00fcvenim 2012 y\u0131l\u0131n\u0131n eyl\u00fcl ay\u0131nda ba\u015flad\u0131. \u0130lk ba\u015fta \u00f6zel bir \u00fcniversiteye gidip gitmemek aras\u0131nda \u00e7ok karars\u0131z kalm\u0131\u015ft\u0131m. Ama sonras\u0131nda yan\u0131ld\u0131\u011f\u0131m\u0131 anlad\u0131m. \u00dcniversitede \u00e7ok g\u00fczel 5 senem ge\u00e7ti. \u00d6ncelikle \u00dcsk\u00fcdar kamp\u00fcs\u00fcnde haz\u0131rl\u0131k e\u011fitimimi tamamlad\u0131m. Sonras\u0131nda S\u00fctl\u00fcce kamp\u00fcs\u00fcnde \u0130ngilizce \u0130\u015fletme b\u00f6l\u00fcm\u00fcnde e\u011fitimimi tamamlad\u0131m. E\u011fitim ve \u00f6\u011fretim hayat\u0131m boyunca \u00e7ok fazla proje yapma imkan\u0131m oldu. Bu konuda kendimi \u00e7ok geli\u015ftirdi\u011fimi d\u00fc\u015f\u00fcn\u00fcyorum.<\/p>\n<p>\u00dcniversite hayat\u0131mda en \u00e7ok geli\u015fimime katk\u0131 sa\u011flayan \u015feylerden biri de topluluklar olmu\u015ftur. Tiyatro toplulu\u011funda yer ald\u0131m \u00e7ok g\u00fczel oyunlar sahneye koyduk. Hatta okulumuzun sa\u011flad\u0131\u011f\u0131 imkanla beraber Ankara \u00dcniversitesi Eczac\u0131l\u0131k Fak\u00fcltesine turne yapmaya bile gittik. Benim i\u00e7in \u00e7ok g\u00fczel bir deneyim oldu diyebilirim.<\/p>\n<p>\u00dcN\u0130FEB yani \u00dcniversite Fenerbah\u00e7eliler Toplulu\u011funa \u00fcye oldum. Orada pankart boyama etkinlikleri beraber ma\u00e7 izleme aktiviteleri gibi sosyal etkinliklere kat\u0131l\u0131m sa\u011flad\u0131m.<\/p>\n<p>Atat\u00fcrk\u00e7\u00fc D\u00fc\u015f\u00fcnce Toplulu\u011funun okulda kurulmas\u0131nda ve etkin rol almas\u0131nda \u00e7al\u0131\u015fmalara kat\u0131ld\u0131m. Tarih\u00e7i yazarlar ile s\u00f6yle\u015filer ger\u00e7ekle\u015ftirdik. Ankara\u2019ya An\u0131tkabir\u2019e ziyaretler d\u00fczenledik. Burada kendi organizasyon yetene\u011fimi geli\u015ftirdim.<\/p>\n<p>Son olarak ise Giri\u015fimcilik Toplulu\u011fu Sosyal Sorumluluk Proje Liderli\u011fi g\u00f6revinde bulundum. Burada ekibimle beraber \u2018\u2019HAYALLER GER\u00c7EK OLSA \u2018\u2019 isimli sosyal sorumluluk projesine imza att\u0131k. Her sene d\u00fczenledi\u011fimiz \u2018\u2019G\u0130R\u0130\u015e\u0130MC\u0130L\u0130K Z\u0130RVES\u0130\u2019\u2019 ne \u00e7ok fazla giri\u015fimcinin kat\u0131lmas\u0131n\u0131 ve \u00f6\u011frencilerimizin onlar\u0131n yan\u0131nda stajlar yapmas\u0131n\u0131 sa\u011flad\u0131k. Burada da kendimi sosyal alanda \u00e7ok fazla geli\u015ftirdi\u011fimi d\u00fc\u015f\u00fcn\u00fcyorum.<\/p>\n<p>\u00dcniversite hayat\u0131m boyunca Kariyer Merkezinin yapm\u0131\u015f oldu\u011fu t\u00fcm etkinliklere kat\u0131l\u0131m sa\u011flad\u0131m. \u0130\u015faret Dili e\u011fitimi ile i\u015fitme engelli insanlar\u0131 anlaman\u0131n ne kadar \u00f6nemli oldu\u011funu anlad\u0131m. Psikodrama e\u011fitimi ile korkular\u0131mla y\u00fczle\u015fmeyi ve kendimi tan\u0131may\u0131 \u00f6\u011frendim. Giri\u015fimci Ko\u00e7lu\u011fu projesi ile \u0130TO da g\u00f6rev alan sayg\u0131de\u011fer insanlarla tan\u0131\u015ft\u0131m. Meclis-i Muhabbet ile \u0130TO\u2019n\u0131n bir toplant\u0131s\u0131nda rahmetli ba\u015fkan\u0131m\u0131z \u0130brahim \u00c7a\u011flar benim g\u00f6r\u00fc\u015flerimi payla\u015fmam i\u00e7in konu\u015fma yapmama izin verdi. Kariyer G\u00fcnleri etkinli\u011fi ile bir \u00e7ok firman\u0131n insan kaynaklar\u0131 sorumlular\u0131 ile ileti\u015fim kurma \u015fans\u0131 elde ettim. Firma ziyaretleri kapsam\u0131nda Vak\u0131fbank 2. B\u00f6lge Merkezinde d\u00fczenlenen toplant\u0131ya kat\u0131l\u0131m sa\u011flad\u0131m. G\u00e7n\u00fcll\u00fc staj program\u0131 ile \u0130stanbul Marriott Hotel Asia Finans Departman\u0131nda 3 ay g\u00f6n\u00fcll\u00fc staj yapt\u0131m ve bunun gibi \u00e7ok fazla g\u00fczel etkinli\u011fe ve projelere kat\u0131l\u0131m g\u00f6sterdim.<\/p>\n<p>\u00dcniversitemizi kazanan ve orada e\u011fitimine devam eden \u00f6\u011frencilere na\u00e7izane birka\u00e7 tavsiyem olacakt\u0131r.<\/p>\n<ul>\n<li>\u0130\u015f d\u00fcnyas\u0131n\u0131n en b\u00fcy\u00fck \u00fcniversitesinde oldu\u011funu sak\u0131n unutmay\u0131n.<\/li>\n<li>Kariyer Merkezinin t\u00fcm imkanlar\u0131ndan sonuna kadar faydalan\u0131n.<\/li>\n<li>Topluluklara kesinlikle kat\u0131l\u0131n ve aktif rol al\u0131n.<\/li>\n<li>Kendinizi geli\u015ftirece\u011fini d\u00fc\u015f\u00fcnd\u00fc\u011f\u00fcn\u00fcz \u015feyleri dile getirmekten korkmay\u0131n.<\/li>\n<li>G\u00f6n\u00fcll\u00fc stajlar yap\u0131n.<\/li>\n<li>Her t\u00fcrl\u00fc etkinli\u011fe kat\u0131l\u0131m g\u00f6sterin ve bol bol sunumlar yap\u0131n.<\/li>\n<li>Tabi t\u00fcm bunlar\u0131 yaparken kendinize de zaman ay\u0131rmay\u0131 unutmay\u0131n.<\/li>\n<\/ul>\n<p>Hepiniz sa\u011fl\u0131cakla kal\u0131n.<\/p>\n<h2>Ali Ammar Dinler<\/h2>\n<p>\u0130stanbul Ticaret \u00dcniversitesi \u0130ngilizce \u0130\u015fletme b\u00f6l\u00fcm\u00fc mezunuyum. \u00d6\u011frencili\u011fim boyunca hocalar\u0131m\u0131zla hala devam eden \u00e7ok g\u00fczel ili\u015fkiler kurduk. Ayr\u0131ca kul\u00fcplerimiz ve okulumuz taraf\u0131ndan d\u00fczenlenen etkinliklerle verimli bir lisans hayat\u0131 ge\u00e7irdik. Mezuniyet sonras\u0131nda da Kariyer Merkezi\u2019nin deste\u011fini hep arkamda hissettim. Her \u015fey i\u00e7in \u00dcniversiteme te\u015fekk\u00fcr ediyorum ve herkese \u0130stanbul Ticaret \u00dcniversitesi\u2019ni tavsiye ediyorum.<\/p>\n<h2>Sena \u00d6zkara<\/h2>\n<p class=\"s3\"><span class=\"s2\">\u0130stanbul Ticaret \u00dcniversitesi\u2019nde 2016-2021 y\u0131llar\u0131 aras\u0131nda \u0130ngilizce \u0130\u015fletme b\u00f6l\u00fcm\u00fcnden mezun oldum ve \u015fu anda hala \u00fcniversitemizin aktif olarak \u0130ngilizce i\u015fletme tezli y\u00fcksek lisans program\u0131 \u00f6\u011frencisiyim.<\/span><span class=\"s2\"> Ayn\u0131 zamanda tez <\/span><span class=\"s2\">\u00e7al\u0131\u015fmam\u0131 Almanya <\/span><span class=\"s2\">Mannheim<\/span><span class=\"s2\"> \u00dcniversitesi\u2019nde <\/span><span class=\"s2\">Ziyaret\u00e7i Master \u00f6\u011frencisi <\/span><span class=\"s2\">olarak birlikte y\u00fcr\u00fct\u00fcyorum. \u0130ngilizce \u0130\u015fletme b\u00f6l\u00fcm\u00fc, \u00f6\u011frencilere global d\u00fcnyan\u0131n dinamiklerine haz\u0131rlanmalar\u0131n\u0131 ve s\u00fcrd\u00fcr\u00fclebilir i\u015f hayat\u0131 ilkeleriyle yeti\u015fmelerini sa\u011flayan \u00e7ok k\u0131ymetli bir b\u00f6l\u00fcm oldu\u011funu d\u00fc\u015f\u00fcn\u00fcyorum. Lisans d\u00f6neminde, alan\u0131ndaki k\u0131ymetli hocalar\u0131m\u0131z\u0131n tecr\u00fcbe ve bilgileriyle ger\u00e7ekten inan\u0131lmaz bir vizyon kazand\u0131rd\u0131\u011f\u0131n\u0131 g\u00f6rd\u00fcm. Hayal edemeyece\u011fim ba\u015far\u0131lar\u0131 g\u00f6rmemi sa\u011flayan bir d\u00f6nem oldu benim i\u00e7in. \u00d6\u011frenciyken, derslerin zorlu\u011fu veya yo\u011fun ge\u00e7en s\u0131nav d\u00f6nemlerinden <\/span><span class=\"s2\">\u015fikayet <\/span><span class=\"s2\">edebiliyoruz, fakat \u0130ngilizce \u0130\u015fletme b\u00f6l\u00fcm\u00fc alan\u0131ndaki kavramlar\u0131 ve terminolojiyi \u00f6\u011frenmek, uluslararas\u0131 i\u015f d\u00fcnyas\u0131nda daha rekabet\u00e7i ve etkili bir \u015fekilde ileti\u015fim kurabilmek i\u00e7in \u00f6nemli bir program. B\u00f6l\u00fcm\u00fcm\u00fcz\u00fcn \u0130ngilizce olmas\u0131n\u0131n bir avantaj\u0131 olarak, hi\u00e7 d\u00fc\u015f\u00fcnmeden lisans\u00fcst\u00fc e\u011fitimi veya global i\u015f imkanlar\u0131n\u0131 rahatl\u0131kla d\u00fc\u015f\u00fcnebiliriz. T\u00fcm hocalar\u0131ma, bizlere katt\u0131klar\u0131 e\u011fitim ve vizyon i\u00e7in i\u00e7tenlikle te\u015fekk\u00fcr ediyorum.<\/span><\/p>\n","protected":false},"excerpt":{"rendered":"<p>Edip \u00c7a\u011ftay G\u00fcleray \u0130stanbul Ticaret \u00dcniversitesi ile ser\u00fcvenim 2012 y\u0131l\u0131n\u0131n eyl\u00fcl ay\u0131nda ba\u015flad\u0131. \u0130lk ba\u015fta \u00f6zel bir \u00fcniversiteye gidip gitmemek aras\u0131nda \u00e7ok karars\u0131z kalm\u0131\u015ft\u0131m. Ama sonras\u0131nda yan\u0131ld\u0131\u011f\u0131m\u0131 anlad\u0131m. \u00dcniversitede \u00e7ok g\u00fczel 5 senem ge\u00e7ti. \u00d6ncelikle \u00dcsk\u00fcdar kamp\u00fcs\u00fcnde haz\u0131rl\u0131k e\u011fitimimi tamamlad\u0131m. Sonras\u0131nda S\u00fctl\u00fcce kamp\u00fcs\u00fcnde \u0130ngilizce \u0130\u015fletme b\u00f6l\u00fcm\u00fcnde e\u011fitimimi tamamlad\u0131m. E\u011fitim ve \u00f6\u011fretim hayat\u0131m boyunca \u00e7ok fazla [&hellip;]<\/p>\n","protected":false},"author":59,"featured_media":0,"parent":0,"menu_order":0,"comment_status":"closed","ping_status":"closed","template":"genel_sayfa.php","meta":{"footnotes":""},"yoast_head":"<!-- This site is optimized with the Yoast SEO Premium plugin v22.1 (Yoast SEO v22.1) - https:\/\/yoast.com\/wordpress\/plugins\/seo\/ -->\n<title>Mezunlar - \u0130\u015fletme (ing)<\/title>\n<meta name=\"robots\" content=\"index, follow, max-snippet:-1, max-image-preview:large, max-video-preview:-1\" \/>\n<link rel=\"canonical\" href=\"http:\/\/ticaret.edu.tr\/isletme-ingilizce\/mezunlar\/\" \/>\n<meta property=\"og:locale\" content=\"tr_TR\" \/>\n<meta property=\"og:type\" content=\"article\" \/>\n<meta property=\"og:title\" content=\"Mezunlar\" \/>\n<meta property=\"og:description\" content=\"Edip \u00c7a\u011ftay G\u00fcleray \u0130stanbul Ticaret \u00dcniversitesi ile ser\u00fcvenim 2012 y\u0131l\u0131n\u0131n eyl\u00fcl ay\u0131nda ba\u015flad\u0131. \u0130lk ba\u015fta \u00f6zel bir \u00fcniversiteye gidip gitmemek aras\u0131nda \u00e7ok karars\u0131z kalm\u0131\u015ft\u0131m. Ama sonras\u0131nda yan\u0131ld\u0131\u011f\u0131m\u0131 anlad\u0131m. \u00dcniversitede \u00e7ok g\u00fczel 5 senem ge\u00e7ti. \u00d6ncelikle \u00dcsk\u00fcdar kamp\u00fcs\u00fcnde haz\u0131rl\u0131k e\u011fitimimi tamamlad\u0131m. Sonras\u0131nda S\u00fctl\u00fcce kamp\u00fcs\u00fcnde \u0130ngilizce \u0130\u015fletme b\u00f6l\u00fcm\u00fcnde e\u011fitimimi tamamlad\u0131m. E\u011fitim ve \u00f6\u011fretim hayat\u0131m boyunca \u00e7ok fazla [&hellip;]\" \/>\n<meta property=\"og:url\" content=\"http:\/\/ticaret.edu.tr\/isletme-ingilizce\/mezunlar\/\" \/>\n<meta property=\"og:site_name\" content=\"\u0130\u015fletme (ing)\" \/>\n<meta property=\"article:publisher\" content=\"https:\/\/www.facebook.com\/ticaretedutr\" \/>\n<meta property=\"article:modified_time\" content=\"2025-10-17T13:18:28+00:00\" \/>\n<meta name=\"twitter:card\" content=\"summary_large_image\" \/>\n<meta name=\"twitter:site\" content=\"@ticaretedutr\" \/>\n<meta name=\"twitter:label1\" content=\"Tahmini okuma s\u00fcresi\" \/>\n\t<meta name=\"twitter:data1\" content=\"4 dakika\" \/>\n<script type=\"application\/ld+json\" class=\"yoast-schema-graph\">{\"@context\":\"https:\/\/schema.org\",\"@graph\":[{\"@type\":\"WebPage\",\"@id\":\"http:\/\/ticaret.edu.tr\/isletme-ingilizce\/mezunlar\/\",\"url\":\"http:\/\/ticaret.edu.tr\/isletme-ingilizce\/mezunlar\/\",\"name\":\"Mezunlar - \u0130\u015fletme (ing)\",\"isPartOf\":{\"@id\":\"http:\/\/ticaret.edu.tr\/isletme-ingilizce\/#website\"},\"datePublished\":\"2025-01-23T08:14:21+00:00\",\"dateModified\":\"2025-10-17T13:18:28+00:00\",\"breadcrumb\":{\"@id\":\"http:\/\/ticaret.edu.tr\/isletme-ingilizce\/mezunlar\/#breadcrumb\"},\"inLanguage\":\"tr\",\"potentialAction\":[{\"@type\":\"ReadAction\",\"target\":[\"http:\/\/ticaret.edu.tr\/isletme-ingilizce\/mezunlar\/\"]}]},{\"@type\":\"BreadcrumbList\",\"@id\":\"http:\/\/ticaret.edu.tr\/isletme-ingilizce\/mezunlar\/#breadcrumb\",\"itemListElement\":[{\"@type\":\"ListItem\",\"position\":1,\"name\":\"Ana sayfa\",\"item\":\"http:\/\/ticaret.edu.tr\/isletme-ingilizce\/\"},{\"@type\":\"ListItem\",\"position\":2,\"name\":\"Mezunlar\"}]},{\"@type\":\"WebSite\",\"@id\":\"http:\/\/ticaret.edu.tr\/isletme-ingilizce\/#website\",\"url\":\"http:\/\/ticaret.edu.tr\/isletme-ingilizce\/\",\"name\":\"\u0130\u015fletme (ing)\",\"description\":\"\",\"potentialAction\":[{\"@type\":\"SearchAction\",\"target\":{\"@type\":\"EntryPoint\",\"urlTemplate\":\"http:\/\/ticaret.edu.tr\/isletme-ingilizce\/?s={search_term_string}\"},\"query-input\":\"required name=search_term_string\"}],\"inLanguage\":\"tr\"}]}<\/script>\n<!-- \/ Yoast SEO Premium plugin. -->","yoast_head_json":{"title":"Mezunlar - \u0130\u015fletme (ing)","robots":{"index":"index","follow":"follow","max-snippet":"max-snippet:-1","max-image-preview":"max-image-preview:large","max-video-preview":"max-video-preview:-1"},"canonical":"http:\/\/ticaret.edu.tr\/isletme-ingilizce\/mezunlar\/","og_locale":"tr_TR","og_type":"article","og_title":"Mezunlar","og_description":"Edip \u00c7a\u011ftay G\u00fcleray \u0130stanbul Ticaret \u00dcniversitesi ile ser\u00fcvenim 2012 y\u0131l\u0131n\u0131n eyl\u00fcl ay\u0131nda ba\u015flad\u0131. \u0130lk ba\u015fta \u00f6zel bir \u00fcniversiteye gidip gitmemek aras\u0131nda \u00e7ok karars\u0131z kalm\u0131\u015ft\u0131m. Ama sonras\u0131nda yan\u0131ld\u0131\u011f\u0131m\u0131 anlad\u0131m. \u00dcniversitede \u00e7ok g\u00fczel 5 senem ge\u00e7ti. \u00d6ncelikle \u00dcsk\u00fcdar kamp\u00fcs\u00fcnde haz\u0131rl\u0131k e\u011fitimimi tamamlad\u0131m. Sonras\u0131nda S\u00fctl\u00fcce kamp\u00fcs\u00fcnde \u0130ngilizce \u0130\u015fletme b\u00f6l\u00fcm\u00fcnde e\u011fitimimi tamamlad\u0131m. E\u011fitim ve \u00f6\u011fretim hayat\u0131m boyunca \u00e7ok fazla [&hellip;]","og_url":"http:\/\/ticaret.edu.tr\/isletme-ingilizce\/mezunlar\/","og_site_name":"\u0130\u015fletme (ing)","article_publisher":"https:\/\/www.facebook.com\/ticaretedutr","article_modified_time":"2025-10-17T13:18:28+00:00","twitter_card":"summary_large_image","twitter_site":"@ticaretedutr","twitter_misc":{"Tahmini okuma s\u00fcresi":"4 dakika"},"schema":{"@context":"https:\/\/schema.org","@graph":[{"@type":"WebPage","@id":"http:\/\/ticaret.edu.tr\/isletme-ingilizce\/mezunlar\/","url":"http:\/\/ticaret.edu.tr\/isletme-ingilizce\/mezunlar\/","name":"Mezunlar - \u0130\u015fletme (ing)","isPartOf":{"@id":"http:\/\/ticaret.edu.tr\/isletme-ingilizce\/#website"},"datePublished":"2025-01-23T08:14:21+00:00","dateModified":"2025-10-17T13:18:28+00:00","breadcrumb":{"@id":"http:\/\/ticaret.edu.tr\/isletme-ingilizce\/mezunlar\/#breadcrumb"},"inLanguage":"tr","potentialAction":[{"@type":"ReadAction","target":["http:\/\/ticaret.edu.tr\/isletme-ingilizce\/mezunlar\/"]}]},{"@type":"BreadcrumbList","@id":"http:\/\/ticaret.edu.tr\/isletme-ingilizce\/mezunlar\/#breadcrumb","itemListElement":[{"@type":"ListItem","position":1,"name":"Ana sayfa","item":"http:\/\/ticaret.edu.tr\/isletme-ingilizce\/"},{"@type":"ListItem","position":2,"name":"Mezunlar"}]},{"@type":"WebSite","@id":"http:\/\/ticaret.edu.tr\/isletme-ingilizce\/#website","url":"http:\/\/ticaret.edu.tr\/isletme-ingilizce\/","name":"\u0130\u015fletme (ing)","description":"","potentialAction":[{"@type":"SearchAction","target":{"@type":"EntryPoint","urlTemplate":"http:\/\/ticaret.edu.tr\/isletme-ingilizce\/?s={search_term_string}"},"query-input":"required name=search_term_string"}],"inLanguage":"tr"}]}},"lang":"tr","translations":{"tr":1449,"en":1569},"pll_sync_post":[],"_links":{"self":[{"href":"http:\/\/ticaret.edu.tr\/isletme-ingilizce\/wp-json\/wp\/v2\/pages\/1449"}],"collection":[{"href":"http:\/\/ticaret.edu.tr\/isletme-ingilizce\/wp-json\/wp\/v2\/pages"}],"about":[{"href":"http:\/\/ticaret.edu.tr\/isletme-ingilizce\/wp-json\/wp\/v2\/types\/page"}],"author":[{"embeddable":true,"href":"http:\/\/ticaret.edu.tr\/isletme-ingilizce\/wp-json\/wp\/v2\/users\/59"}],"replies":[{"embeddable":true,"href":"http:\/\/ticaret.edu.tr\/isletme-ingilizce\/wp-json\/wp\/v2\/comments?post=1449"}],"version-history":[{"count":3,"href":"http:\/\/ticaret.edu.tr\/isletme-ingilizce\/wp-json\/wp\/v2\/pages\/1449\/revisions"}],"predecessor-version":[{"id":2056,"href":"http:\/\/ticaret.edu.tr\/isletme-ingilizce\/wp-json\/wp\/v2\/pages\/1449\/revisions\/2056"}],"wp:attachment":[{"href":"http:\/\/ticaret.edu.tr\/isletme-ingilizce\/wp-json\/wp\/v2\/media?parent=1449"}],"curies":[{"name":"wp","href":"https:\/\/api.w.org\/{rel}","templated":true}]}}