{"id":1483,"date":"2025-01-23T11:14:26","date_gmt":"2025-01-23T08:14:26","guid":{"rendered":"https:\/\/ticaret.edu.tr\/isletme-ingilizce\/?page_id=1483"},"modified":"2026-03-31T16:07:55","modified_gmt":"2026-03-31T13:07:55","slug":"ogrenci-degisim-programlari-erasmus","status":"publish","type":"page","link":"http:\/\/ticaret.edu.tr\/isletme-ingilizce\/ogrenci-degisim-programlari-erasmus\/","title":{"rendered":"\u00d6\u011frenci De\u011fi\u015fim Programlar\u0131 \/ Erasmus"},"content":{"rendered":"<p><strong>ANLA\u015eMALI KURUMLAR<\/strong><\/p>\n<p>B\u00f6l\u00fcm\u00fcm\u00fcz\u00fcn Erasmus+ projesi kapsam\u0131nda anla\u015fmal\u0131 oldu\u011fu \u00fcniversiteler a\u015fa\u011f\u0131daki PDF belgesinde yer almaktad\u0131r.<\/p>\n<p><strong><a href=\"http:\/\/ticaret.edu.tr\/isletme-ingilizce\/wp-content\/uploads\/sites\/17\/2022\/04\/Erasmus-Anlasmali-Kurumlar.pdf\">Erasmus Anla\u015fmal\u0131 Kurumlar<\/a><\/strong><\/p>\n<p>Detayl\u0131 bilgi i\u00e7in a\u015fa\u011f\u0131daki link \u00fczerinden eri\u015fim sa\u011flayabilirsiniz.<\/p>\n<p><a href=\"https:\/\/app.erasmus.ticaret.edu.tr\/tr\/euc-agreements\/list\">https:\/\/app.erasmus.ticaret.edu.tr\/tr\/euc-agreements\/list<\/a><\/p>\n<p>Orhun De\u011fi\u015fim Program\u0131 kapsam\u0131nda detayl\u0131 bilgi i\u00e7in a\u015fa\u011f\u0131daki link \u00fczerinden eri\u015fim sa\u011flayabilirsiniz.<\/p>\n<p><strong><a href=\"https:\/\/orhun.ticaret.edu.tr\/\">Orhun De\u011fi\u015fim Program\u0131<\/a><\/strong><\/p>\n","protected":false},"excerpt":{"rendered":"<p>ANLA\u015eMALI KURUMLAR B\u00f6l\u00fcm\u00fcm\u00fcz\u00fcn Erasmus+ projesi kapsam\u0131nda anla\u015fmal\u0131 oldu\u011fu \u00fcniversiteler a\u015fa\u011f\u0131daki PDF belgesinde yer almaktad\u0131r. Erasmus Anla\u015fmal\u0131 Kurumlar Detayl\u0131 bilgi i\u00e7in a\u015fa\u011f\u0131daki link \u00fczerinden eri\u015fim sa\u011flayabilirsiniz. https:\/\/app.erasmus.ticaret.edu.tr\/tr\/euc-agreements\/list Orhun De\u011fi\u015fim Program\u0131 kapsam\u0131nda detayl\u0131 bilgi i\u00e7in a\u015fa\u011f\u0131daki link \u00fczerinden eri\u015fim sa\u011flayabilirsiniz. Orhun De\u011fi\u015fim Program\u0131<\/p>\n","protected":false},"author":59,"featured_media":0,"parent":0,"menu_order":0,"comment_status":"closed","ping_status":"closed","template":"genel_sayfa.php","meta":{"footnotes":""},"yoast_head":"<!-- This site is optimized with the Yoast SEO Premium plugin v22.1 (Yoast SEO v22.1) - https:\/\/yoast.com\/wordpress\/plugins\/seo\/ -->\n<title>\u00d6\u011frenci De\u011fi\u015fim Programlar\u0131 \/ Erasmus - \u0130\u015fletme (ing)<\/title>\n<meta name=\"robots\" content=\"index, follow, max-snippet:-1, max-image-preview:large, max-video-preview:-1\" \/>\n<link rel=\"canonical\" href=\"http:\/\/ticaret.edu.tr\/isletme-ingilizce\/ogrenci-degisim-programlari-erasmus\/\" \/>\n<meta property=\"og:locale\" content=\"tr_TR\" \/>\n<meta property=\"og:type\" content=\"article\" \/>\n<meta property=\"og:title\" content=\"\u00d6\u011frenci De\u011fi\u015fim Programlar\u0131 \/ Erasmus\" \/>\n<meta property=\"og:description\" content=\"ANLA\u015eMALI KURUMLAR B\u00f6l\u00fcm\u00fcm\u00fcz\u00fcn Erasmus+ projesi kapsam\u0131nda anla\u015fmal\u0131 oldu\u011fu \u00fcniversiteler a\u015fa\u011f\u0131daki PDF belgesinde yer almaktad\u0131r. Erasmus Anla\u015fmal\u0131 Kurumlar Detayl\u0131 bilgi i\u00e7in a\u015fa\u011f\u0131daki link \u00fczerinden eri\u015fim sa\u011flayabilirsiniz. https:\/\/app.erasmus.ticaret.edu.tr\/tr\/euc-agreements\/list Orhun De\u011fi\u015fim Program\u0131 kapsam\u0131nda detayl\u0131 bilgi i\u00e7in a\u015fa\u011f\u0131daki link \u00fczerinden eri\u015fim sa\u011flayabilirsiniz. Orhun De\u011fi\u015fim Program\u0131\" \/>\n<meta property=\"og:url\" content=\"http:\/\/ticaret.edu.tr\/isletme-ingilizce\/ogrenci-degisim-programlari-erasmus\/\" \/>\n<meta property=\"og:site_name\" content=\"\u0130\u015fletme (ing)\" \/>\n<meta property=\"article:publisher\" content=\"https:\/\/www.facebook.com\/ticaretedutr\" \/>\n<meta property=\"article:modified_time\" content=\"2026-03-31T13:07:55+00:00\" \/>\n<meta name=\"twitter:card\" content=\"summary_large_image\" \/>\n<meta name=\"twitter:site\" content=\"@ticaretedutr\" \/>\n<meta name=\"twitter:label1\" content=\"Tahmini okuma s\u00fcresi\" \/>\n\t<meta name=\"twitter:data1\" content=\"1 dakika\" \/>\n<script type=\"application\/ld+json\" class=\"yoast-schema-graph\">{\"@context\":\"https:\/\/schema.org\",\"@graph\":[{\"@type\":\"WebPage\",\"@id\":\"http:\/\/ticaret.edu.tr\/isletme-ingilizce\/ogrenci-degisim-programlari-erasmus\/\",\"url\":\"http:\/\/ticaret.edu.tr\/isletme-ingilizce\/ogrenci-degisim-programlari-erasmus\/\",\"name\":\"\u00d6\u011frenci De\u011fi\u015fim Programlar\u0131 \/ Erasmus - \u0130\u015fletme (ing)\",\"isPartOf\":{\"@id\":\"http:\/\/ticaret.edu.tr\/isletme-ingilizce\/#website\"},\"datePublished\":\"2025-01-23T08:14:26+00:00\",\"dateModified\":\"2026-03-31T13:07:55+00:00\",\"breadcrumb\":{\"@id\":\"http:\/\/ticaret.edu.tr\/isletme-ingilizce\/ogrenci-degisim-programlari-erasmus\/#breadcrumb\"},\"inLanguage\":\"tr\",\"potentialAction\":[{\"@type\":\"ReadAction\",\"target\":[\"http:\/\/ticaret.edu.tr\/isletme-ingilizce\/ogrenci-degisim-programlari-erasmus\/\"]}]},{\"@type\":\"BreadcrumbList\",\"@id\":\"http:\/\/ticaret.edu.tr\/isletme-ingilizce\/ogrenci-degisim-programlari-erasmus\/#breadcrumb\",\"itemListElement\":[{\"@type\":\"ListItem\",\"position\":1,\"name\":\"Ana sayfa\",\"item\":\"http:\/\/ticaret.edu.tr\/isletme-ingilizce\/\"},{\"@type\":\"ListItem\",\"position\":2,\"name\":\"\u00d6\u011frenci De\u011fi\u015fim Programlar\u0131 \/ Erasmus\"}]},{\"@type\":\"WebSite\",\"@id\":\"http:\/\/ticaret.edu.tr\/isletme-ingilizce\/#website\",\"url\":\"http:\/\/ticaret.edu.tr\/isletme-ingilizce\/\",\"name\":\"\u0130\u015fletme (ing)\",\"description\":\"\",\"potentialAction\":[{\"@type\":\"SearchAction\",\"target\":{\"@type\":\"EntryPoint\",\"urlTemplate\":\"http:\/\/ticaret.edu.tr\/isletme-ingilizce\/?s={search_term_string}\"},\"query-input\":\"required name=search_term_string\"}],\"inLanguage\":\"tr\"}]}<\/script>\n<!-- \/ Yoast SEO Premium plugin. -->","yoast_head_json":{"title":"\u00d6\u011frenci De\u011fi\u015fim Programlar\u0131 \/ Erasmus - \u0130\u015fletme (ing)","robots":{"index":"index","follow":"follow","max-snippet":"max-snippet:-1","max-image-preview":"max-image-preview:large","max-video-preview":"max-video-preview:-1"},"canonical":"http:\/\/ticaret.edu.tr\/isletme-ingilizce\/ogrenci-degisim-programlari-erasmus\/","og_locale":"tr_TR","og_type":"article","og_title":"\u00d6\u011frenci De\u011fi\u015fim Programlar\u0131 \/ Erasmus","og_description":"ANLA\u015eMALI KURUMLAR B\u00f6l\u00fcm\u00fcm\u00fcz\u00fcn Erasmus+ projesi kapsam\u0131nda anla\u015fmal\u0131 oldu\u011fu \u00fcniversiteler a\u015fa\u011f\u0131daki PDF belgesinde yer almaktad\u0131r. Erasmus Anla\u015fmal\u0131 Kurumlar Detayl\u0131 bilgi i\u00e7in a\u015fa\u011f\u0131daki link \u00fczerinden eri\u015fim sa\u011flayabilirsiniz. https:\/\/app.erasmus.ticaret.edu.tr\/tr\/euc-agreements\/list Orhun De\u011fi\u015fim Program\u0131 kapsam\u0131nda detayl\u0131 bilgi i\u00e7in a\u015fa\u011f\u0131daki link \u00fczerinden eri\u015fim sa\u011flayabilirsiniz. Orhun De\u011fi\u015fim Program\u0131","og_url":"http:\/\/ticaret.edu.tr\/isletme-ingilizce\/ogrenci-degisim-programlari-erasmus\/","og_site_name":"\u0130\u015fletme (ing)","article_publisher":"https:\/\/www.facebook.com\/ticaretedutr","article_modified_time":"2026-03-31T13:07:55+00:00","twitter_card":"summary_large_image","twitter_site":"@ticaretedutr","twitter_misc":{"Tahmini okuma s\u00fcresi":"1 dakika"},"schema":{"@context":"https:\/\/schema.org","@graph":[{"@type":"WebPage","@id":"http:\/\/ticaret.edu.tr\/isletme-ingilizce\/ogrenci-degisim-programlari-erasmus\/","url":"http:\/\/ticaret.edu.tr\/isletme-ingilizce\/ogrenci-degisim-programlari-erasmus\/","name":"\u00d6\u011frenci De\u011fi\u015fim Programlar\u0131 \/ Erasmus - \u0130\u015fletme (ing)","isPartOf":{"@id":"http:\/\/ticaret.edu.tr\/isletme-ingilizce\/#website"},"datePublished":"2025-01-23T08:14:26+00:00","dateModified":"2026-03-31T13:07:55+00:00","breadcrumb":{"@id":"http:\/\/ticaret.edu.tr\/isletme-ingilizce\/ogrenci-degisim-programlari-erasmus\/#breadcrumb"},"inLanguage":"tr","potentialAction":[{"@type":"ReadAction","target":["http:\/\/ticaret.edu.tr\/isletme-ingilizce\/ogrenci-degisim-programlari-erasmus\/"]}]},{"@type":"BreadcrumbList","@id":"http:\/\/ticaret.edu.tr\/isletme-ingilizce\/ogrenci-degisim-programlari-erasmus\/#breadcrumb","itemListElement":[{"@type":"ListItem","position":1,"name":"Ana sayfa","item":"http:\/\/ticaret.edu.tr\/isletme-ingilizce\/"},{"@type":"ListItem","position":2,"name":"\u00d6\u011frenci De\u011fi\u015fim Programlar\u0131 \/ Erasmus"}]},{"@type":"WebSite","@id":"http:\/\/ticaret.edu.tr\/isletme-ingilizce\/#website","url":"http:\/\/ticaret.edu.tr\/isletme-ingilizce\/","name":"\u0130\u015fletme (ing)","description":"","potentialAction":[{"@type":"SearchAction","target":{"@type":"EntryPoint","urlTemplate":"http:\/\/ticaret.edu.tr\/isletme-ingilizce\/?s={search_term_string}"},"query-input":"required name=search_term_string"}],"inLanguage":"tr"}]}},"lang":"tr","translations":{"tr":1483,"en":1563},"pll_sync_post":[],"_links":{"self":[{"href":"http:\/\/ticaret.edu.tr\/isletme-ingilizce\/wp-json\/wp\/v2\/pages\/1483"}],"collection":[{"href":"http:\/\/ticaret.edu.tr\/isletme-ingilizce\/wp-json\/wp\/v2\/pages"}],"about":[{"href":"http:\/\/ticaret.edu.tr\/isletme-ingilizce\/wp-json\/wp\/v2\/types\/page"}],"author":[{"embeddable":true,"href":"http:\/\/ticaret.edu.tr\/isletme-ingilizce\/wp-json\/wp\/v2\/users\/59"}],"replies":[{"embeddable":true,"href":"http:\/\/ticaret.edu.tr\/isletme-ingilizce\/wp-json\/wp\/v2\/comments?post=1483"}],"version-history":[{"count":8,"href":"http:\/\/ticaret.edu.tr\/isletme-ingilizce\/wp-json\/wp\/v2\/pages\/1483\/revisions"}],"predecessor-version":[{"id":2254,"href":"http:\/\/ticaret.edu.tr\/isletme-ingilizce\/wp-json\/wp\/v2\/pages\/1483\/revisions\/2254"}],"wp:attachment":[{"href":"http:\/\/ticaret.edu.tr\/isletme-ingilizce\/wp-json\/wp\/v2\/media?parent=1483"}],"curies":[{"name":"wp","href":"https:\/\/api.w.org\/{rel}","templated":true}]}}