{"id":1489,"date":"2025-01-23T11:15:04","date_gmt":"2025-01-23T08:15:04","guid":{"rendered":"https:\/\/ticaret.edu.tr\/isletme-ingilizce\/?page_id=1489"},"modified":"2025-10-17T18:57:44","modified_gmt":"2025-10-17T15:57:44","slug":"laboratuvarlar","status":"publish","type":"page","link":"http:\/\/ticaret.edu.tr\/isletme-ingilizce\/laboratuvarlar\/","title":{"rendered":"Laboratuvarlar"},"content":{"rendered":"<p>&nbsp;<\/p>\n<table style=\"height: 557px\" width=\"812\">\n<tbody>\n<tr>\n<td width=\"660\"><b>Laboratuvar ad\u0131<\/b><\/td>\n<td width=\"660\"><b>Bulundu\u011fu kamp\u00fcs<\/b><\/td>\n<\/tr>\n<tr>\n<td width=\"660\"><b>BIST-LAB<\/b><\/td>\n<td width=\"660\">S\u00fctl\u00fcce<\/td>\n<\/tr>\n<tr>\n<td width=\"660\"><b>LAB-E104<\/b><\/td>\n<td width=\"660\">S\u00fctl\u00fcce<\/td>\n<\/tr>\n<tr>\n<td width=\"660\"><b>LAB-E204<\/b><\/td>\n<td width=\"660\">S\u00fctl\u00fcce<\/td>\n<\/tr>\n<tr>\n<td width=\"660\"><b>MAC-A.203 LAB.<\/b><\/td>\n<td width=\"660\">S\u00fctl\u00fcce<\/td>\n<\/tr>\n<tr>\n<td width=\"660\"><b>MAC A.204 LAB.<\/b><\/td>\n<td width=\"660\">S\u00fctl\u00fcce<\/td>\n<\/tr>\n<tr>\n<td width=\"660\"><b>MAC A.403 LAB.<\/b><\/td>\n<td width=\"660\">S\u00fctl\u00fcce<\/td>\n<\/tr>\n<tr>\n<td width=\"660\"><b>LAB104b<\/b><\/td>\n<td width=\"660\">S\u00fctl\u00fcce<\/td>\n<\/tr>\n<tr>\n<td width=\"660\"><b>LABE207<\/b><\/td>\n<td width=\"660\">S\u00fctl\u00fcce<\/td>\n<\/tr>\n<tr>\n<td width=\"660\"><b>LABE208<\/b><\/td>\n<td width=\"660\">S\u00fctl\u00fcce<\/td>\n<\/tr>\n<tr>\n<td width=\"660\"><b>LABA306<\/b><\/td>\n<td width=\"660\">S\u00fctl\u00fcce<\/td>\n<\/tr>\n<tr>\n<td width=\"660\"><b>LABE304<\/b><\/td>\n<td width=\"660\">S\u00fctl\u00fcce<\/td>\n<\/tr>\n<tr>\n<td width=\"660\"><b>LABE305<\/b><\/td>\n<td width=\"660\">S\u00fctl\u00fcce<\/td>\n<\/tr>\n<tr>\n<td width=\"660\"><b>LABE306<\/b><\/td>\n<td width=\"660\">S\u00fctl\u00fcce<\/td>\n<\/tr>\n<tr>\n<td width=\"660\"><b>LABE402<\/b><\/td>\n<td width=\"660\">S\u00fctl\u00fcce<\/td>\n<\/tr>\n<tr>\n<td width=\"660\"><b>LABE406<\/b><\/td>\n<td width=\"660\">S\u00fctl\u00fcce<\/td>\n<\/tr>\n<tr>\n<td width=\"660\"><b>TV KOORD\u0130NASYON<\/b><\/td>\n<td width=\"660\">S\u00fctl\u00fcce<\/td>\n<\/tr>\n<tr>\n<td width=\"660\"><b>YAYIN ST\u00dcDYO<\/b><\/td>\n<td width=\"660\">S\u00fctl\u00fcce<\/td>\n<\/tr>\n<\/tbody>\n<\/table>\n<p>&nbsp;<\/p>\n<h3 data-start=\"1177\" data-end=\"1222\"><strong data-start=\"1183\" data-end=\"1220\">Laboratuvar Olanaklar\u0131 ve Donan\u0131m<\/strong><\/h3>\n<ul>\n<li data-start=\"1224\" data-end=\"1612\">R, Python, E-Views, SPSS, MATLAB vb. analiz yaz\u0131l\u0131mlar\u0131n\u0131n bulundu\u011fu g\u00fcncel teknolojiye sahip bilgisayarlar<\/li>\n<li data-start=\"1224\" data-end=\"1612\">Y\u00fcksek h\u0131zl\u0131 internet ba\u011flant\u0131s\u0131 ve bulut tabanl\u0131 analiz ara\u00e7lar\u0131na eri\u015fim olanaklar\u0131<\/li>\n<li data-start=\"1224\" data-end=\"1612\">Akademik ara\u015ft\u0131rmalar ve projeler i\u00e7in veri setleri ve analiz kaynaklar\u0131<\/li>\n<li data-start=\"1224\" data-end=\"1612\">\u00d6\u011frenciler ve ara\u015ft\u0131rmac\u0131lar i\u00e7in interaktif at\u00f6lyeler ve uygulamal\u0131 dersler<\/li>\n<\/ul>\n","protected":false},"excerpt":{"rendered":"<p>&nbsp; Laboratuvar ad\u0131 Bulundu\u011fu kamp\u00fcs BIST-LAB S\u00fctl\u00fcce LAB-E104 S\u00fctl\u00fcce LAB-E204 S\u00fctl\u00fcce MAC-A.203 LAB. S\u00fctl\u00fcce MAC A.204 LAB. S\u00fctl\u00fcce MAC A.403 LAB. S\u00fctl\u00fcce LAB104b S\u00fctl\u00fcce LABE207 S\u00fctl\u00fcce LABE208 S\u00fctl\u00fcce LABA306 S\u00fctl\u00fcce LABE304 S\u00fctl\u00fcce LABE305 S\u00fctl\u00fcce LABE306 S\u00fctl\u00fcce LABE402 S\u00fctl\u00fcce LABE406 S\u00fctl\u00fcce TV KOORD\u0130NASYON S\u00fctl\u00fcce YAYIN ST\u00dcDYO S\u00fctl\u00fcce &nbsp; Laboratuvar Olanaklar\u0131 ve Donan\u0131m R, Python, E-Views, SPSS, [&hellip;]<\/p>\n","protected":false},"author":59,"featured_media":0,"parent":0,"menu_order":0,"comment_status":"closed","ping_status":"closed","template":"genel_sayfa.php","meta":{"footnotes":""},"yoast_head":"<!-- This site is optimized with the Yoast SEO Premium plugin v22.1 (Yoast SEO v22.1) - https:\/\/yoast.com\/wordpress\/plugins\/seo\/ -->\n<title>Laboratuvarlar - \u0130\u015fletme (ing)<\/title>\n<meta name=\"robots\" content=\"index, follow, max-snippet:-1, max-image-preview:large, max-video-preview:-1\" \/>\n<link rel=\"canonical\" href=\"http:\/\/ticaret.edu.tr\/isletme-ingilizce\/laboratuvarlar\/\" \/>\n<meta property=\"og:locale\" content=\"tr_TR\" \/>\n<meta property=\"og:type\" content=\"article\" \/>\n<meta property=\"og:title\" content=\"Laboratuvarlar\" \/>\n<meta property=\"og:description\" content=\"&nbsp; Laboratuvar ad\u0131 Bulundu\u011fu kamp\u00fcs BIST-LAB S\u00fctl\u00fcce LAB-E104 S\u00fctl\u00fcce LAB-E204 S\u00fctl\u00fcce MAC-A.203 LAB. S\u00fctl\u00fcce MAC A.204 LAB. S\u00fctl\u00fcce MAC A.403 LAB. S\u00fctl\u00fcce LAB104b S\u00fctl\u00fcce LABE207 S\u00fctl\u00fcce LABE208 S\u00fctl\u00fcce LABA306 S\u00fctl\u00fcce LABE304 S\u00fctl\u00fcce LABE305 S\u00fctl\u00fcce LABE306 S\u00fctl\u00fcce LABE402 S\u00fctl\u00fcce LABE406 S\u00fctl\u00fcce TV KOORD\u0130NASYON S\u00fctl\u00fcce YAYIN ST\u00dcDYO S\u00fctl\u00fcce &nbsp; Laboratuvar Olanaklar\u0131 ve Donan\u0131m R, Python, E-Views, SPSS, [&hellip;]\" \/>\n<meta property=\"og:url\" content=\"http:\/\/ticaret.edu.tr\/isletme-ingilizce\/laboratuvarlar\/\" \/>\n<meta property=\"og:site_name\" content=\"\u0130\u015fletme (ing)\" \/>\n<meta property=\"article:publisher\" content=\"https:\/\/www.facebook.com\/ticaretedutr\" \/>\n<meta property=\"article:modified_time\" content=\"2025-10-17T15:57:44+00:00\" \/>\n<meta name=\"twitter:card\" content=\"summary_large_image\" \/>\n<meta name=\"twitter:site\" content=\"@ticaretedutr\" \/>\n<meta name=\"twitter:label1\" content=\"Tahmini okuma s\u00fcresi\" \/>\n\t<meta name=\"twitter:data1\" content=\"1 dakika\" \/>\n<script type=\"application\/ld+json\" class=\"yoast-schema-graph\">{\"@context\":\"https:\/\/schema.org\",\"@graph\":[{\"@type\":\"WebPage\",\"@id\":\"http:\/\/ticaret.edu.tr\/isletme-ingilizce\/laboratuvarlar\/\",\"url\":\"http:\/\/ticaret.edu.tr\/isletme-ingilizce\/laboratuvarlar\/\",\"name\":\"Laboratuvarlar - \u0130\u015fletme (ing)\",\"isPartOf\":{\"@id\":\"http:\/\/ticaret.edu.tr\/isletme-ingilizce\/#website\"},\"datePublished\":\"2025-01-23T08:15:04+00:00\",\"dateModified\":\"2025-10-17T15:57:44+00:00\",\"breadcrumb\":{\"@id\":\"http:\/\/ticaret.edu.tr\/isletme-ingilizce\/laboratuvarlar\/#breadcrumb\"},\"inLanguage\":\"tr\",\"potentialAction\":[{\"@type\":\"ReadAction\",\"target\":[\"http:\/\/ticaret.edu.tr\/isletme-ingilizce\/laboratuvarlar\/\"]}]},{\"@type\":\"BreadcrumbList\",\"@id\":\"http:\/\/ticaret.edu.tr\/isletme-ingilizce\/laboratuvarlar\/#breadcrumb\",\"itemListElement\":[{\"@type\":\"ListItem\",\"position\":1,\"name\":\"Ana sayfa\",\"item\":\"http:\/\/ticaret.edu.tr\/isletme-ingilizce\/\"},{\"@type\":\"ListItem\",\"position\":2,\"name\":\"Laboratuvarlar\"}]},{\"@type\":\"WebSite\",\"@id\":\"http:\/\/ticaret.edu.tr\/isletme-ingilizce\/#website\",\"url\":\"http:\/\/ticaret.edu.tr\/isletme-ingilizce\/\",\"name\":\"\u0130\u015fletme (ing)\",\"description\":\"\",\"potentialAction\":[{\"@type\":\"SearchAction\",\"target\":{\"@type\":\"EntryPoint\",\"urlTemplate\":\"http:\/\/ticaret.edu.tr\/isletme-ingilizce\/?s={search_term_string}\"},\"query-input\":\"required name=search_term_string\"}],\"inLanguage\":\"tr\"}]}<\/script>\n<!-- \/ Yoast SEO Premium plugin. -->","yoast_head_json":{"title":"Laboratuvarlar - \u0130\u015fletme (ing)","robots":{"index":"index","follow":"follow","max-snippet":"max-snippet:-1","max-image-preview":"max-image-preview:large","max-video-preview":"max-video-preview:-1"},"canonical":"http:\/\/ticaret.edu.tr\/isletme-ingilizce\/laboratuvarlar\/","og_locale":"tr_TR","og_type":"article","og_title":"Laboratuvarlar","og_description":"&nbsp; Laboratuvar ad\u0131 Bulundu\u011fu kamp\u00fcs BIST-LAB S\u00fctl\u00fcce LAB-E104 S\u00fctl\u00fcce LAB-E204 S\u00fctl\u00fcce MAC-A.203 LAB. S\u00fctl\u00fcce MAC A.204 LAB. S\u00fctl\u00fcce MAC A.403 LAB. S\u00fctl\u00fcce LAB104b S\u00fctl\u00fcce LABE207 S\u00fctl\u00fcce LABE208 S\u00fctl\u00fcce LABA306 S\u00fctl\u00fcce LABE304 S\u00fctl\u00fcce LABE305 S\u00fctl\u00fcce LABE306 S\u00fctl\u00fcce LABE402 S\u00fctl\u00fcce LABE406 S\u00fctl\u00fcce TV KOORD\u0130NASYON S\u00fctl\u00fcce YAYIN ST\u00dcDYO S\u00fctl\u00fcce &nbsp; Laboratuvar Olanaklar\u0131 ve Donan\u0131m R, Python, E-Views, SPSS, [&hellip;]","og_url":"http:\/\/ticaret.edu.tr\/isletme-ingilizce\/laboratuvarlar\/","og_site_name":"\u0130\u015fletme (ing)","article_publisher":"https:\/\/www.facebook.com\/ticaretedutr","article_modified_time":"2025-10-17T15:57:44+00:00","twitter_card":"summary_large_image","twitter_site":"@ticaretedutr","twitter_misc":{"Tahmini okuma s\u00fcresi":"1 dakika"},"schema":{"@context":"https:\/\/schema.org","@graph":[{"@type":"WebPage","@id":"http:\/\/ticaret.edu.tr\/isletme-ingilizce\/laboratuvarlar\/","url":"http:\/\/ticaret.edu.tr\/isletme-ingilizce\/laboratuvarlar\/","name":"Laboratuvarlar - \u0130\u015fletme (ing)","isPartOf":{"@id":"http:\/\/ticaret.edu.tr\/isletme-ingilizce\/#website"},"datePublished":"2025-01-23T08:15:04+00:00","dateModified":"2025-10-17T15:57:44+00:00","breadcrumb":{"@id":"http:\/\/ticaret.edu.tr\/isletme-ingilizce\/laboratuvarlar\/#breadcrumb"},"inLanguage":"tr","potentialAction":[{"@type":"ReadAction","target":["http:\/\/ticaret.edu.tr\/isletme-ingilizce\/laboratuvarlar\/"]}]},{"@type":"BreadcrumbList","@id":"http:\/\/ticaret.edu.tr\/isletme-ingilizce\/laboratuvarlar\/#breadcrumb","itemListElement":[{"@type":"ListItem","position":1,"name":"Ana sayfa","item":"http:\/\/ticaret.edu.tr\/isletme-ingilizce\/"},{"@type":"ListItem","position":2,"name":"Laboratuvarlar"}]},{"@type":"WebSite","@id":"http:\/\/ticaret.edu.tr\/isletme-ingilizce\/#website","url":"http:\/\/ticaret.edu.tr\/isletme-ingilizce\/","name":"\u0130\u015fletme (ing)","description":"","potentialAction":[{"@type":"SearchAction","target":{"@type":"EntryPoint","urlTemplate":"http:\/\/ticaret.edu.tr\/isletme-ingilizce\/?s={search_term_string}"},"query-input":"required name=search_term_string"}],"inLanguage":"tr"}]}},"lang":"tr","translations":{"tr":1489,"en":1589},"pll_sync_post":[],"_links":{"self":[{"href":"http:\/\/ticaret.edu.tr\/isletme-ingilizce\/wp-json\/wp\/v2\/pages\/1489"}],"collection":[{"href":"http:\/\/ticaret.edu.tr\/isletme-ingilizce\/wp-json\/wp\/v2\/pages"}],"about":[{"href":"http:\/\/ticaret.edu.tr\/isletme-ingilizce\/wp-json\/wp\/v2\/types\/page"}],"author":[{"embeddable":true,"href":"http:\/\/ticaret.edu.tr\/isletme-ingilizce\/wp-json\/wp\/v2\/users\/59"}],"replies":[{"embeddable":true,"href":"http:\/\/ticaret.edu.tr\/isletme-ingilizce\/wp-json\/wp\/v2\/comments?post=1489"}],"version-history":[{"count":4,"href":"http:\/\/ticaret.edu.tr\/isletme-ingilizce\/wp-json\/wp\/v2\/pages\/1489\/revisions"}],"predecessor-version":[{"id":2071,"href":"http:\/\/ticaret.edu.tr\/isletme-ingilizce\/wp-json\/wp\/v2\/pages\/1489\/revisions\/2071"}],"wp:attachment":[{"href":"http:\/\/ticaret.edu.tr\/isletme-ingilizce\/wp-json\/wp\/v2\/media?parent=1489"}],"curies":[{"name":"wp","href":"https:\/\/api.w.org\/{rel}","templated":true}]}}