{"id":1491,"date":"2025-01-23T11:13:20","date_gmt":"2025-01-23T08:13:20","guid":{"rendered":"https:\/\/ticaret.edu.tr\/isletme-ingilizce\/?page_id=1491"},"modified":"2025-10-17T19:01:35","modified_gmt":"2025-10-17T16:01:35","slug":"proje-destekler","status":"publish","type":"page","link":"http:\/\/ticaret.edu.tr\/isletme-ingilizce\/proje-destekler\/","title":{"rendered":"Proje \/ Destekler"},"content":{"rendered":"<h2><strong>T\u00dcB\u0130TAK B\u0130DEB Deste\u011fi<\/strong><\/h2>\n<p>Lisans \u00d6\u011frencileri \u0130\u00e7in:<br \/>\n<a href=\"https:\/\/www.tubitak.gov.tr\/tr\/burslar\/lisans\/burs-programlari\/icerik-2205-lisans-burs-programi\">2205 \u2013 Yurt \u0130\u00e7i Lisans Burs Program\u0131<br \/>\n<\/a><a href=\"https:\/\/www.tubitak.gov.tr\/tr\/burslar\/lisans\/burs-programlari\/icerik-2247-c-stajyer-arastirmaci-burs-programi-star\">2247 \u2013 C Stajyer Ara\u015ft\u0131rmac\u0131 Burs Program\u0131 (STAR)<br \/>\n<\/a>Lisans\u00fcst\u00fc \u00d6\u011frenciler \u0130\u00e7in:<br \/>\n<a href=\"https:\/\/www.tubitak.gov.tr\/tr\/burslar\/lisansustu\/egitim-burs-programlari\/icerik-2210-yurt-ici-yuksek-lisans-burs-programlari\">2210- Yurt \u0130\u00e7i Y\u00fcksek Lisans Burs Program\u0131<br \/>\n<\/a><a href=\"https:\/\/www.tubitak.gov.tr\/tr\/burslar\/lisansustu\/egitim-burs-programlari\/icerik-2211-yurt-ici-doktora-burs-programlari\">2211- Yurt \u0130\u00e7i Doktora Burs Program\u0131<br \/>\n<\/a><a href=\"https:\/\/www.tubitak.gov.tr\/tr\/burslar\/lisansustu\/egitim-burs-programlari\/icerik-2213-a-yurt-disi-doktora-burs-programi\">2213- Yurt D\u0131\u015f\u0131 Lisans\u00fcst\u00fc Burs Program\u0131<br \/>\n<\/a>Doktora Sonras\u0131 Ara\u015ft\u0131rmac\u0131lar \u0130\u00e7in:<br \/>\n<a href=\"https:\/\/tubitak.gov.tr\/tr\/burslar\/doktora-sonrasi\/arastirma-burs-programlari\/icerik-2218-yurt-ici-doktora-sonrasi-arastirma-burs-programi\">2218 \u2013 Yurt \u0130\u00e7i Doktora Sonras\u0131 Ara\u015ft\u0131rma Burs Program\u0131<br \/>\n<\/a><a href=\"https:\/\/www.tubitak.gov.tr\/tr\/burslar\/doktora-sonrasi\/arastirma-burs-programlari\/icerik-2219-yurt-disi-doktora-sonrasi-arastirma-burs-programi\">2219 \u2013 Yurt D\u0131\u015f\u0131 Doktora Sonras\u0131 Ara\u015ft\u0131rma Burs Program\u0131<\/a><\/p>\n<h2><strong><br \/>\nT\u00dcB\u0130TAK PROJE Deste\u011fi<\/strong><\/h2>\n<p>Lisans \u00d6\u011frencileri \u0130\u00e7in:<br \/>\n<a href=\"https:\/\/www.tubitak.gov.tr\/tr\/burslar\/lisans\/burs-programlari\/icerik-2209-a-universite-ogrencileri-arastirma-projeleri-destekleme-programi\">2209-A \u2013 \u00dcniversite \u00d6\u011frencileri Yurt \u0130\u00e7i Ara\u015ft\u0131rma Projeleri Destekleme Program\u0131<br \/>\n<\/a><a href=\"https:\/\/www.tubitak.gov.tr\/tr\/burslar\/lisans\/burs-programlari\/icerik-2209-b-universite-ogrencileri-sanayiye-yonelik-arastirma-projeleri-destegi-programi\">2209-B \u2013 Sanayi Odakl\u0131 Lisans Bitirme Tezi Destekleme Program\u0131<br \/>\n<\/a>Lisans\u00fcst\u00fc \u00d6\u011frenciler \u0130\u00e7in:<br \/>\n<a href=\"https:\/\/www.tubitak.gov.tr\/tr\/destekler\/akademik\/ulusal-destek-programlari\/icerik-1002-hizli-destek-programi\">1002- H\u0131zl\u0131 Destek Program\u0131<br \/>\n<\/a><a href=\"https:\/\/www.tubitak.gov.tr\/tr\/burslar\/lisansustu\/arastirma-burs-programlari\/icerik-2214-a-yurt-disi-doktora-sirasi-arastirma-burs-programi\">2214-A \u2013 Yurt D\u0131\u015f\u0131 Doktora S\u0131ras\u0131 Ara\u015ft\u0131rma Burs Program\u0131<br \/>\n<\/a><a href=\"https:\/\/www.tubitak.gov.tr\/tr\/duyuru\/2214b-yurt-disi-musterek-doktora-burs-programi-0\">2214-B \u2013 Yurt D\u0131\u015f\u0131 M\u00fc\u015fterek Doktora Burs Program\u0131<br \/>\n<\/a>Yabanc\u0131 \u00d6\u011frenciler \u0130\u00e7in<br \/>\n<a href=\"https:\/\/www.tubitak.gov.tr\/tr\/burslar\/yabancilara-yonelik\/arastirma-burs-programlari\/icerik-2216-uluslararasi-arastirmacilar-icin-arastirma-burs-programi\">2216- Uluslararas\u0131 Ara\u015ft\u0131rmac\u0131lar \u0130\u00e7in Ara\u015ft\u0131rma Burs Program\u0131<\/a><\/p>\n","protected":false},"excerpt":{"rendered":"<p>T\u00dcB\u0130TAK B\u0130DEB Deste\u011fi Lisans \u00d6\u011frencileri \u0130\u00e7in: 2205 \u2013 Yurt \u0130\u00e7i Lisans Burs Program\u0131 2247 \u2013 C Stajyer Ara\u015ft\u0131rmac\u0131 Burs Program\u0131 (STAR) Lisans\u00fcst\u00fc \u00d6\u011frenciler \u0130\u00e7in: 2210- Yurt \u0130\u00e7i Y\u00fcksek Lisans Burs Program\u0131 2211- Yurt \u0130\u00e7i Doktora Burs Program\u0131 2213- Yurt D\u0131\u015f\u0131 Lisans\u00fcst\u00fc Burs Program\u0131 Doktora Sonras\u0131 Ara\u015ft\u0131rmac\u0131lar \u0130\u00e7in: 2218 \u2013 Yurt \u0130\u00e7i Doktora Sonras\u0131 Ara\u015ft\u0131rma Burs [&hellip;]<\/p>\n","protected":false},"author":59,"featured_media":0,"parent":0,"menu_order":0,"comment_status":"closed","ping_status":"closed","template":"genel_sayfa.php","meta":{"footnotes":""},"yoast_head":"<!-- This site is optimized with the Yoast SEO Premium plugin v22.1 (Yoast SEO v22.1) - https:\/\/yoast.com\/wordpress\/plugins\/seo\/ -->\n<title>Proje \/ Destekler - \u0130\u015fletme (ing)<\/title>\n<meta name=\"robots\" content=\"index, follow, max-snippet:-1, max-image-preview:large, max-video-preview:-1\" \/>\n<link rel=\"canonical\" href=\"http:\/\/ticaret.edu.tr\/isletme-ingilizce\/proje-destekler\/\" \/>\n<meta property=\"og:locale\" content=\"tr_TR\" \/>\n<meta property=\"og:type\" content=\"article\" \/>\n<meta property=\"og:title\" content=\"Proje \/ Destekler\" \/>\n<meta property=\"og:description\" content=\"T\u00dcB\u0130TAK B\u0130DEB Deste\u011fi Lisans \u00d6\u011frencileri \u0130\u00e7in: 2205 \u2013 Yurt \u0130\u00e7i Lisans Burs Program\u0131 2247 \u2013 C Stajyer Ara\u015ft\u0131rmac\u0131 Burs Program\u0131 (STAR) Lisans\u00fcst\u00fc \u00d6\u011frenciler \u0130\u00e7in: 2210- Yurt \u0130\u00e7i Y\u00fcksek Lisans Burs Program\u0131 2211- Yurt \u0130\u00e7i Doktora Burs Program\u0131 2213- Yurt D\u0131\u015f\u0131 Lisans\u00fcst\u00fc Burs Program\u0131 Doktora Sonras\u0131 Ara\u015ft\u0131rmac\u0131lar \u0130\u00e7in: 2218 \u2013 Yurt \u0130\u00e7i Doktora Sonras\u0131 Ara\u015ft\u0131rma Burs [&hellip;]\" \/>\n<meta property=\"og:url\" content=\"http:\/\/ticaret.edu.tr\/isletme-ingilizce\/proje-destekler\/\" \/>\n<meta property=\"og:site_name\" content=\"\u0130\u015fletme (ing)\" \/>\n<meta property=\"article:publisher\" content=\"https:\/\/www.facebook.com\/ticaretedutr\" \/>\n<meta property=\"article:modified_time\" content=\"2025-10-17T16:01:35+00:00\" \/>\n<meta name=\"twitter:card\" content=\"summary_large_image\" \/>\n<meta name=\"twitter:site\" content=\"@ticaretedutr\" \/>\n<meta name=\"twitter:label1\" content=\"Tahmini okuma s\u00fcresi\" \/>\n\t<meta name=\"twitter:data1\" content=\"1 dakika\" \/>\n<script type=\"application\/ld+json\" class=\"yoast-schema-graph\">{\"@context\":\"https:\/\/schema.org\",\"@graph\":[{\"@type\":\"WebPage\",\"@id\":\"http:\/\/ticaret.edu.tr\/isletme-ingilizce\/proje-destekler\/\",\"url\":\"http:\/\/ticaret.edu.tr\/isletme-ingilizce\/proje-destekler\/\",\"name\":\"Proje \/ Destekler - \u0130\u015fletme (ing)\",\"isPartOf\":{\"@id\":\"http:\/\/ticaret.edu.tr\/isletme-ingilizce\/#website\"},\"datePublished\":\"2025-01-23T08:13:20+00:00\",\"dateModified\":\"2025-10-17T16:01:35+00:00\",\"breadcrumb\":{\"@id\":\"http:\/\/ticaret.edu.tr\/isletme-ingilizce\/proje-destekler\/#breadcrumb\"},\"inLanguage\":\"tr\",\"potentialAction\":[{\"@type\":\"ReadAction\",\"target\":[\"http:\/\/ticaret.edu.tr\/isletme-ingilizce\/proje-destekler\/\"]}]},{\"@type\":\"BreadcrumbList\",\"@id\":\"http:\/\/ticaret.edu.tr\/isletme-ingilizce\/proje-destekler\/#breadcrumb\",\"itemListElement\":[{\"@type\":\"ListItem\",\"position\":1,\"name\":\"Ana sayfa\",\"item\":\"http:\/\/ticaret.edu.tr\/isletme-ingilizce\/\"},{\"@type\":\"ListItem\",\"position\":2,\"name\":\"Proje \/ Destekler\"}]},{\"@type\":\"WebSite\",\"@id\":\"http:\/\/ticaret.edu.tr\/isletme-ingilizce\/#website\",\"url\":\"http:\/\/ticaret.edu.tr\/isletme-ingilizce\/\",\"name\":\"\u0130\u015fletme (ing)\",\"description\":\"\",\"potentialAction\":[{\"@type\":\"SearchAction\",\"target\":{\"@type\":\"EntryPoint\",\"urlTemplate\":\"http:\/\/ticaret.edu.tr\/isletme-ingilizce\/?s={search_term_string}\"},\"query-input\":\"required name=search_term_string\"}],\"inLanguage\":\"tr\"}]}<\/script>\n<!-- \/ Yoast SEO Premium plugin. -->","yoast_head_json":{"title":"Proje \/ Destekler - \u0130\u015fletme (ing)","robots":{"index":"index","follow":"follow","max-snippet":"max-snippet:-1","max-image-preview":"max-image-preview:large","max-video-preview":"max-video-preview:-1"},"canonical":"http:\/\/ticaret.edu.tr\/isletme-ingilizce\/proje-destekler\/","og_locale":"tr_TR","og_type":"article","og_title":"Proje \/ Destekler","og_description":"T\u00dcB\u0130TAK B\u0130DEB Deste\u011fi Lisans \u00d6\u011frencileri \u0130\u00e7in: 2205 \u2013 Yurt \u0130\u00e7i Lisans Burs Program\u0131 2247 \u2013 C Stajyer Ara\u015ft\u0131rmac\u0131 Burs Program\u0131 (STAR) Lisans\u00fcst\u00fc \u00d6\u011frenciler \u0130\u00e7in: 2210- Yurt \u0130\u00e7i Y\u00fcksek Lisans Burs Program\u0131 2211- Yurt \u0130\u00e7i Doktora Burs Program\u0131 2213- Yurt D\u0131\u015f\u0131 Lisans\u00fcst\u00fc Burs Program\u0131 Doktora Sonras\u0131 Ara\u015ft\u0131rmac\u0131lar \u0130\u00e7in: 2218 \u2013 Yurt \u0130\u00e7i Doktora Sonras\u0131 Ara\u015ft\u0131rma Burs [&hellip;]","og_url":"http:\/\/ticaret.edu.tr\/isletme-ingilizce\/proje-destekler\/","og_site_name":"\u0130\u015fletme (ing)","article_publisher":"https:\/\/www.facebook.com\/ticaretedutr","article_modified_time":"2025-10-17T16:01:35+00:00","twitter_card":"summary_large_image","twitter_site":"@ticaretedutr","twitter_misc":{"Tahmini okuma s\u00fcresi":"1 dakika"},"schema":{"@context":"https:\/\/schema.org","@graph":[{"@type":"WebPage","@id":"http:\/\/ticaret.edu.tr\/isletme-ingilizce\/proje-destekler\/","url":"http:\/\/ticaret.edu.tr\/isletme-ingilizce\/proje-destekler\/","name":"Proje \/ Destekler - \u0130\u015fletme (ing)","isPartOf":{"@id":"http:\/\/ticaret.edu.tr\/isletme-ingilizce\/#website"},"datePublished":"2025-01-23T08:13:20+00:00","dateModified":"2025-10-17T16:01:35+00:00","breadcrumb":{"@id":"http:\/\/ticaret.edu.tr\/isletme-ingilizce\/proje-destekler\/#breadcrumb"},"inLanguage":"tr","potentialAction":[{"@type":"ReadAction","target":["http:\/\/ticaret.edu.tr\/isletme-ingilizce\/proje-destekler\/"]}]},{"@type":"BreadcrumbList","@id":"http:\/\/ticaret.edu.tr\/isletme-ingilizce\/proje-destekler\/#breadcrumb","itemListElement":[{"@type":"ListItem","position":1,"name":"Ana sayfa","item":"http:\/\/ticaret.edu.tr\/isletme-ingilizce\/"},{"@type":"ListItem","position":2,"name":"Proje \/ Destekler"}]},{"@type":"WebSite","@id":"http:\/\/ticaret.edu.tr\/isletme-ingilizce\/#website","url":"http:\/\/ticaret.edu.tr\/isletme-ingilizce\/","name":"\u0130\u015fletme (ing)","description":"","potentialAction":[{"@type":"SearchAction","target":{"@type":"EntryPoint","urlTemplate":"http:\/\/ticaret.edu.tr\/isletme-ingilizce\/?s={search_term_string}"},"query-input":"required name=search_term_string"}],"inLanguage":"tr"}]}},"lang":"tr","translations":{"tr":1491,"en":1789},"pll_sync_post":[],"_links":{"self":[{"href":"http:\/\/ticaret.edu.tr\/isletme-ingilizce\/wp-json\/wp\/v2\/pages\/1491"}],"collection":[{"href":"http:\/\/ticaret.edu.tr\/isletme-ingilizce\/wp-json\/wp\/v2\/pages"}],"about":[{"href":"http:\/\/ticaret.edu.tr\/isletme-ingilizce\/wp-json\/wp\/v2\/types\/page"}],"author":[{"embeddable":true,"href":"http:\/\/ticaret.edu.tr\/isletme-ingilizce\/wp-json\/wp\/v2\/users\/59"}],"replies":[{"embeddable":true,"href":"http:\/\/ticaret.edu.tr\/isletme-ingilizce\/wp-json\/wp\/v2\/comments?post=1491"}],"version-history":[{"count":4,"href":"http:\/\/ticaret.edu.tr\/isletme-ingilizce\/wp-json\/wp\/v2\/pages\/1491\/revisions"}],"predecessor-version":[{"id":2073,"href":"http:\/\/ticaret.edu.tr\/isletme-ingilizce\/wp-json\/wp\/v2\/pages\/1491\/revisions\/2073"}],"wp:attachment":[{"href":"http:\/\/ticaret.edu.tr\/isletme-ingilizce\/wp-json\/wp\/v2\/media?parent=1491"}],"curies":[{"name":"wp","href":"https:\/\/api.w.org\/{rel}","templated":true}]}}