{"id":1497,"date":"2025-01-23T11:16:40","date_gmt":"2025-01-23T08:16:40","guid":{"rendered":"https:\/\/ticaret.edu.tr\/isletme-ingilizce\/?page_id=1497"},"modified":"2025-10-19T12:23:07","modified_gmt":"2025-10-19T09:23:07","slug":"bilimsel-etkinlikler","status":"publish","type":"page","link":"http:\/\/ticaret.edu.tr\/isletme-ingilizce\/bilimsel-etkinlikler\/","title":{"rendered":"Bilimsel Etkinlikler"},"content":{"rendered":"<p>B\u00f6l\u00fcm\u00fcm\u00fcz akademik kadrosu dahilinde yap\u0131lan bilimsel etkinlikler hakk\u0131nda bilgi edinmek i\u00e7in i\u00e7in hocalar\u0131m\u0131z\u0131n akademik profillerini \u00a0inceleyebilirsiniz:<\/p>\n<p><strong><a href=\"https:\/\/avesis.ticaret.edu.tr\/nktaysir\">Do\u00e7. Dr. Nurg\u00fcl Kele\u015f Tay\u015fir (B\u00f6l\u00fcm Ba\u015fkan\u0131)<\/a><\/strong><\/p>\n<p><strong><a href=\"https:\/\/avesis.ticaret.edu.tr\/myalcintas\">Prof. Dr. Murat Yal\u00e7\u0131nta\u015f<\/a><\/strong><\/p>\n<p><strong><a href=\"https:\/\/avesis.ticaret.edu.tr\/necdetsensoy\">Prof. Dr. Necdet \u015eensoy<\/a><\/strong><\/p>\n<p><strong><a href=\"https:\/\/avesis.ticaret.edu.tr\/ubasar\">Do\u00e7. Dr. Ufuk Ba\u015far<\/a><\/strong><\/p>\n<p><strong><a href=\"https:\/\/avesis.ticaret.edu.tr\/byaprak\">Do\u00e7. Dr. Burak Yaprak<\/a><\/strong><\/p>\n<p><strong><a href=\"https:\/\/avesis.ticaret.edu.tr\/mcelik\">Ar\u015f. G\u00f6r. Dr. Merve \u00c7elik Kurtulu\u015f<\/a><\/strong><\/p>\n<p><strong><a href=\"https:\/\/avesis.ticaret.edu.tr\/metavman\">Ar\u015f. G\u00f6r. Mehmet Emin Tavman<\/a><\/strong><\/p>\n","protected":false},"excerpt":{"rendered":"<p>B\u00f6l\u00fcm\u00fcm\u00fcz akademik kadrosu dahilinde yap\u0131lan bilimsel etkinlikler hakk\u0131nda bilgi edinmek i\u00e7in i\u00e7in hocalar\u0131m\u0131z\u0131n akademik profillerini \u00a0inceleyebilirsiniz: Do\u00e7. Dr. Nurg\u00fcl Kele\u015f Tay\u015fir (B\u00f6l\u00fcm Ba\u015fkan\u0131) Prof. Dr. Murat Yal\u00e7\u0131nta\u015f Prof. Dr. Necdet \u015eensoy Do\u00e7. Dr. Ufuk Ba\u015far Do\u00e7. Dr. Burak Yaprak Ar\u015f. G\u00f6r. Dr. Merve \u00c7elik Kurtulu\u015f Ar\u015f. G\u00f6r. Mehmet Emin Tavman<\/p>\n","protected":false},"author":59,"featured_media":0,"parent":0,"menu_order":0,"comment_status":"closed","ping_status":"closed","template":"genel_sayfa.php","meta":{"footnotes":""},"yoast_head":"<!-- This site is optimized with the Yoast SEO Premium plugin v22.1 (Yoast SEO v22.1) - https:\/\/yoast.com\/wordpress\/plugins\/seo\/ -->\n<title>Bilimsel Etkinlikler - \u0130\u015fletme (ing)<\/title>\n<meta name=\"robots\" content=\"index, follow, max-snippet:-1, max-image-preview:large, max-video-preview:-1\" \/>\n<link rel=\"canonical\" href=\"http:\/\/ticaret.edu.tr\/isletme-ingilizce\/bilimsel-etkinlikler\/\" \/>\n<meta property=\"og:locale\" content=\"tr_TR\" \/>\n<meta property=\"og:type\" content=\"article\" \/>\n<meta property=\"og:title\" content=\"Bilimsel Etkinlikler\" \/>\n<meta property=\"og:description\" content=\"B\u00f6l\u00fcm\u00fcm\u00fcz akademik kadrosu dahilinde yap\u0131lan bilimsel etkinlikler hakk\u0131nda bilgi edinmek i\u00e7in i\u00e7in hocalar\u0131m\u0131z\u0131n akademik profillerini \u00a0inceleyebilirsiniz: Do\u00e7. Dr. Nurg\u00fcl Kele\u015f Tay\u015fir (B\u00f6l\u00fcm Ba\u015fkan\u0131) Prof. Dr. Murat Yal\u00e7\u0131nta\u015f Prof. Dr. Necdet \u015eensoy Do\u00e7. Dr. Ufuk Ba\u015far Do\u00e7. Dr. Burak Yaprak Ar\u015f. G\u00f6r. Dr. Merve \u00c7elik Kurtulu\u015f Ar\u015f. G\u00f6r. Mehmet Emin Tavman\" \/>\n<meta property=\"og:url\" content=\"http:\/\/ticaret.edu.tr\/isletme-ingilizce\/bilimsel-etkinlikler\/\" \/>\n<meta property=\"og:site_name\" content=\"\u0130\u015fletme (ing)\" \/>\n<meta property=\"article:publisher\" content=\"https:\/\/www.facebook.com\/ticaretedutr\" \/>\n<meta property=\"article:modified_time\" content=\"2025-10-19T09:23:07+00:00\" \/>\n<meta name=\"twitter:card\" content=\"summary_large_image\" \/>\n<meta name=\"twitter:site\" content=\"@ticaretedutr\" \/>\n<meta name=\"twitter:label1\" content=\"Tahmini okuma s\u00fcresi\" \/>\n\t<meta name=\"twitter:data1\" content=\"1 dakika\" \/>\n<script type=\"application\/ld+json\" class=\"yoast-schema-graph\">{\"@context\":\"https:\/\/schema.org\",\"@graph\":[{\"@type\":\"WebPage\",\"@id\":\"http:\/\/ticaret.edu.tr\/isletme-ingilizce\/bilimsel-etkinlikler\/\",\"url\":\"http:\/\/ticaret.edu.tr\/isletme-ingilizce\/bilimsel-etkinlikler\/\",\"name\":\"Bilimsel Etkinlikler - \u0130\u015fletme (ing)\",\"isPartOf\":{\"@id\":\"http:\/\/ticaret.edu.tr\/isletme-ingilizce\/#website\"},\"datePublished\":\"2025-01-23T08:16:40+00:00\",\"dateModified\":\"2025-10-19T09:23:07+00:00\",\"breadcrumb\":{\"@id\":\"http:\/\/ticaret.edu.tr\/isletme-ingilizce\/bilimsel-etkinlikler\/#breadcrumb\"},\"inLanguage\":\"tr\",\"potentialAction\":[{\"@type\":\"ReadAction\",\"target\":[\"http:\/\/ticaret.edu.tr\/isletme-ingilizce\/bilimsel-etkinlikler\/\"]}]},{\"@type\":\"BreadcrumbList\",\"@id\":\"http:\/\/ticaret.edu.tr\/isletme-ingilizce\/bilimsel-etkinlikler\/#breadcrumb\",\"itemListElement\":[{\"@type\":\"ListItem\",\"position\":1,\"name\":\"Ana sayfa\",\"item\":\"http:\/\/ticaret.edu.tr\/isletme-ingilizce\/\"},{\"@type\":\"ListItem\",\"position\":2,\"name\":\"Bilimsel Etkinlikler\"}]},{\"@type\":\"WebSite\",\"@id\":\"http:\/\/ticaret.edu.tr\/isletme-ingilizce\/#website\",\"url\":\"http:\/\/ticaret.edu.tr\/isletme-ingilizce\/\",\"name\":\"\u0130\u015fletme (ing)\",\"description\":\"\",\"potentialAction\":[{\"@type\":\"SearchAction\",\"target\":{\"@type\":\"EntryPoint\",\"urlTemplate\":\"http:\/\/ticaret.edu.tr\/isletme-ingilizce\/?s={search_term_string}\"},\"query-input\":\"required name=search_term_string\"}],\"inLanguage\":\"tr\"}]}<\/script>\n<!-- \/ Yoast SEO Premium plugin. -->","yoast_head_json":{"title":"Bilimsel Etkinlikler - \u0130\u015fletme (ing)","robots":{"index":"index","follow":"follow","max-snippet":"max-snippet:-1","max-image-preview":"max-image-preview:large","max-video-preview":"max-video-preview:-1"},"canonical":"http:\/\/ticaret.edu.tr\/isletme-ingilizce\/bilimsel-etkinlikler\/","og_locale":"tr_TR","og_type":"article","og_title":"Bilimsel Etkinlikler","og_description":"B\u00f6l\u00fcm\u00fcm\u00fcz akademik kadrosu dahilinde yap\u0131lan bilimsel etkinlikler hakk\u0131nda bilgi edinmek i\u00e7in i\u00e7in hocalar\u0131m\u0131z\u0131n akademik profillerini \u00a0inceleyebilirsiniz: Do\u00e7. Dr. Nurg\u00fcl Kele\u015f Tay\u015fir (B\u00f6l\u00fcm Ba\u015fkan\u0131) Prof. Dr. Murat Yal\u00e7\u0131nta\u015f Prof. Dr. Necdet \u015eensoy Do\u00e7. Dr. Ufuk Ba\u015far Do\u00e7. Dr. Burak Yaprak Ar\u015f. G\u00f6r. Dr. Merve \u00c7elik Kurtulu\u015f Ar\u015f. G\u00f6r. Mehmet Emin Tavman","og_url":"http:\/\/ticaret.edu.tr\/isletme-ingilizce\/bilimsel-etkinlikler\/","og_site_name":"\u0130\u015fletme (ing)","article_publisher":"https:\/\/www.facebook.com\/ticaretedutr","article_modified_time":"2025-10-19T09:23:07+00:00","twitter_card":"summary_large_image","twitter_site":"@ticaretedutr","twitter_misc":{"Tahmini okuma s\u00fcresi":"1 dakika"},"schema":{"@context":"https:\/\/schema.org","@graph":[{"@type":"WebPage","@id":"http:\/\/ticaret.edu.tr\/isletme-ingilizce\/bilimsel-etkinlikler\/","url":"http:\/\/ticaret.edu.tr\/isletme-ingilizce\/bilimsel-etkinlikler\/","name":"Bilimsel Etkinlikler - \u0130\u015fletme (ing)","isPartOf":{"@id":"http:\/\/ticaret.edu.tr\/isletme-ingilizce\/#website"},"datePublished":"2025-01-23T08:16:40+00:00","dateModified":"2025-10-19T09:23:07+00:00","breadcrumb":{"@id":"http:\/\/ticaret.edu.tr\/isletme-ingilizce\/bilimsel-etkinlikler\/#breadcrumb"},"inLanguage":"tr","potentialAction":[{"@type":"ReadAction","target":["http:\/\/ticaret.edu.tr\/isletme-ingilizce\/bilimsel-etkinlikler\/"]}]},{"@type":"BreadcrumbList","@id":"http:\/\/ticaret.edu.tr\/isletme-ingilizce\/bilimsel-etkinlikler\/#breadcrumb","itemListElement":[{"@type":"ListItem","position":1,"name":"Ana sayfa","item":"http:\/\/ticaret.edu.tr\/isletme-ingilizce\/"},{"@type":"ListItem","position":2,"name":"Bilimsel Etkinlikler"}]},{"@type":"WebSite","@id":"http:\/\/ticaret.edu.tr\/isletme-ingilizce\/#website","url":"http:\/\/ticaret.edu.tr\/isletme-ingilizce\/","name":"\u0130\u015fletme (ing)","description":"","potentialAction":[{"@type":"SearchAction","target":{"@type":"EntryPoint","urlTemplate":"http:\/\/ticaret.edu.tr\/isletme-ingilizce\/?s={search_term_string}"},"query-input":"required name=search_term_string"}],"inLanguage":"tr"}]}},"lang":"tr","translations":{"tr":1497,"en":1597},"pll_sync_post":[],"_links":{"self":[{"href":"http:\/\/ticaret.edu.tr\/isletme-ingilizce\/wp-json\/wp\/v2\/pages\/1497"}],"collection":[{"href":"http:\/\/ticaret.edu.tr\/isletme-ingilizce\/wp-json\/wp\/v2\/pages"}],"about":[{"href":"http:\/\/ticaret.edu.tr\/isletme-ingilizce\/wp-json\/wp\/v2\/types\/page"}],"author":[{"embeddable":true,"href":"http:\/\/ticaret.edu.tr\/isletme-ingilizce\/wp-json\/wp\/v2\/users\/59"}],"replies":[{"embeddable":true,"href":"http:\/\/ticaret.edu.tr\/isletme-ingilizce\/wp-json\/wp\/v2\/comments?post=1497"}],"version-history":[{"count":2,"href":"http:\/\/ticaret.edu.tr\/isletme-ingilizce\/wp-json\/wp\/v2\/pages\/1497\/revisions"}],"predecessor-version":[{"id":2079,"href":"http:\/\/ticaret.edu.tr\/isletme-ingilizce\/wp-json\/wp\/v2\/pages\/1497\/revisions\/2079"}],"wp:attachment":[{"href":"http:\/\/ticaret.edu.tr\/isletme-ingilizce\/wp-json\/wp\/v2\/media?parent=1497"}],"curies":[{"name":"wp","href":"https:\/\/api.w.org\/{rel}","templated":true}]}}