{"id":1505,"date":"2025-01-23T11:16:04","date_gmt":"2025-01-23T08:16:04","guid":{"rendered":"https:\/\/ticaret.edu.tr\/isletme-ingilizce\/?page_id=1505"},"modified":"2025-12-17T16:32:05","modified_gmt":"2025-12-17T13:32:05","slug":"bolum-danisma-kurulu","status":"publish","type":"page","link":"http:\/\/ticaret.edu.tr\/isletme-ingilizce\/bolum-danisma-kurulu\/","title":{"rendered":"B\u00f6l\u00fcm Dan\u0131\u015fma Kurulu"},"content":{"rendered":"<table width=\"652\">\n<tbody>\n<tr>\n<td colspan=\"3\" width=\"652\"><strong>\u0130\u015eLETME (\u0130NG\u0130L\u0130ZCE) B\u00d6L\u00dcM\u00dc DANI\u015eMA KURULU <\/strong><\/td>\n<\/tr>\n<tr>\n<td width=\"207\"><strong>Unvan \/Ad Soyad<\/strong><\/td>\n<td width=\"219\"><strong>\u00c7al\u0131\u015ft\u0131\u011f\u0131\u00a0Kurum<\/strong><\/td>\n<td width=\"226\"><strong>G\u00f6revi<\/strong><\/td>\n<\/tr>\n<tr>\n<td width=\"207\">Do\u00e7. Dr. Nurg\u00fcl Kele\u015f TAY\u015e\u0130R<\/td>\n<td width=\"219\">\u00a0\u0130stanbul Ticaret \u00dcniversitesi<\/td>\n<td width=\"226\">B\u00f6l\u00fcm Ba\u015fkan\u0131<\/td>\n<\/tr>\n<tr>\n<td width=\"207\">Do\u00e7. Dr. Ufuk BA\u015eAR<\/td>\n<td width=\"219\">\u0130stanbul Ticaret \u00dcniversitesi<\/td>\n<td width=\"226\">\u00d6\u011fretim \u00dcyesi<\/td>\n<\/tr>\n<tr>\n<td width=\"207\">Ar\u015f. G\u00f6r. Dr. Merve \u00c7EL\u0130K KURTULU\u015e<\/td>\n<td width=\"219\">\u00a0\u0130stanbul Ticaret \u00dcniversitesi<\/td>\n<td width=\"226\">B\u00f6l\u00fcm Kalite El\u00e7isi<\/td>\n<\/tr>\n<tr>\n<td width=\"207\">Defne Mina TAN<\/td>\n<td width=\"219\">\u0130stanbul Ticaret \u00dcniversitesi<\/td>\n<td width=\"226\">B\u00f6l\u00fcm \u00d6\u011frenci Temsilcisi<\/td>\n<\/tr>\n<tr>\n<td width=\"207\">Ekin NAKAY<\/td>\n<td width=\"219\">\u00a0Booking.com<\/td>\n<td width=\"226\">B\u00f6lge Muhasebe M\u00fcd\u00fcr\u00fc<\/td>\n<\/tr>\n<tr>\n<td width=\"207\">Prof. Dr. Beliz \u00dcLGEN<\/td>\n<td width=\"219\">University of Lincoln<\/td>\n<td width=\"226\">Senior Lecturer<\/td>\n<\/tr>\n<tr>\n<td width=\"207\">Erdost ERDEN<\/td>\n<td width=\"219\">\u00a0TAV Havalimanlar\u0131 Holding<\/td>\n<td width=\"226\">Ticari \u0130\u015fler Koordinat\u00f6r\u00fc<\/td>\n<\/tr>\n<\/tbody>\n<\/table>\n<p>Dan\u0131\u015fma Kurulu Toplant\u0131 Tutanaklar\u0131<\/p>\n<p><a href=\"http:\/\/ticaret.edu.tr\/isletme-ingilizce\/wp-content\/uploads\/sites\/17\/2025\/12\/14.03.2025-Ingilizce-Isletme-Bolumu-Danisma-Kurulu-Toplanti-Tutanagi.pdf\">14.03.2025- \u0130ngilizce \u0130\u015fletme B\u00f6l\u00fcm\u00fc Dan\u0131\u015fma Kurulu Toplant\u0131 Tutana\u011f\u0131<\/a><\/p>\n","protected":false},"excerpt":{"rendered":"<p>\u0130\u015eLETME (\u0130NG\u0130L\u0130ZCE) B\u00d6L\u00dcM\u00dc DANI\u015eMA KURULU Unvan \/Ad Soyad \u00c7al\u0131\u015ft\u0131\u011f\u0131\u00a0Kurum G\u00f6revi Do\u00e7. Dr. Nurg\u00fcl Kele\u015f TAY\u015e\u0130R \u00a0\u0130stanbul Ticaret \u00dcniversitesi B\u00f6l\u00fcm Ba\u015fkan\u0131 Do\u00e7. Dr. Ufuk BA\u015eAR \u0130stanbul Ticaret \u00dcniversitesi \u00d6\u011fretim \u00dcyesi Ar\u015f. G\u00f6r. Dr. Merve \u00c7EL\u0130K KURTULU\u015e \u00a0\u0130stanbul Ticaret \u00dcniversitesi B\u00f6l\u00fcm Kalite El\u00e7isi Defne Mina TAN \u0130stanbul Ticaret \u00dcniversitesi B\u00f6l\u00fcm \u00d6\u011frenci Temsilcisi Ekin NAKAY \u00a0Booking.com B\u00f6lge Muhasebe [&hellip;]<\/p>\n","protected":false},"author":59,"featured_media":0,"parent":0,"menu_order":0,"comment_status":"closed","ping_status":"closed","template":"genel_sayfa.php","meta":{"footnotes":""},"yoast_head":"<!-- This site is optimized with the Yoast SEO Premium plugin v22.1 (Yoast SEO v22.1) - https:\/\/yoast.com\/wordpress\/plugins\/seo\/ -->\n<title>B\u00f6l\u00fcm Dan\u0131\u015fma Kurulu - \u0130\u015fletme (ing)<\/title>\n<meta name=\"robots\" content=\"index, follow, max-snippet:-1, max-image-preview:large, max-video-preview:-1\" \/>\n<link rel=\"canonical\" href=\"http:\/\/ticaret.edu.tr\/isletme-ingilizce\/bolum-danisma-kurulu\/\" \/>\n<meta property=\"og:locale\" content=\"tr_TR\" \/>\n<meta property=\"og:type\" content=\"article\" \/>\n<meta property=\"og:title\" content=\"B\u00f6l\u00fcm Dan\u0131\u015fma Kurulu\" \/>\n<meta property=\"og:description\" content=\"\u0130\u015eLETME (\u0130NG\u0130L\u0130ZCE) B\u00d6L\u00dcM\u00dc DANI\u015eMA KURULU Unvan \/Ad Soyad \u00c7al\u0131\u015ft\u0131\u011f\u0131\u00a0Kurum G\u00f6revi Do\u00e7. Dr. Nurg\u00fcl Kele\u015f TAY\u015e\u0130R \u00a0\u0130stanbul Ticaret \u00dcniversitesi B\u00f6l\u00fcm Ba\u015fkan\u0131 Do\u00e7. Dr. Ufuk BA\u015eAR \u0130stanbul Ticaret \u00dcniversitesi \u00d6\u011fretim \u00dcyesi Ar\u015f. G\u00f6r. Dr. Merve \u00c7EL\u0130K KURTULU\u015e \u00a0\u0130stanbul Ticaret \u00dcniversitesi B\u00f6l\u00fcm Kalite El\u00e7isi Defne Mina TAN \u0130stanbul Ticaret \u00dcniversitesi B\u00f6l\u00fcm \u00d6\u011frenci Temsilcisi Ekin NAKAY \u00a0Booking.com B\u00f6lge Muhasebe [&hellip;]\" \/>\n<meta property=\"og:url\" content=\"http:\/\/ticaret.edu.tr\/isletme-ingilizce\/bolum-danisma-kurulu\/\" \/>\n<meta property=\"og:site_name\" content=\"\u0130\u015fletme (ing)\" \/>\n<meta property=\"article:publisher\" content=\"https:\/\/www.facebook.com\/ticaretedutr\" \/>\n<meta property=\"article:modified_time\" content=\"2025-12-17T13:32:05+00:00\" \/>\n<meta name=\"twitter:card\" content=\"summary_large_image\" \/>\n<meta name=\"twitter:site\" content=\"@ticaretedutr\" \/>\n<meta name=\"twitter:label1\" content=\"Tahmini okuma s\u00fcresi\" \/>\n\t<meta name=\"twitter:data1\" content=\"1 dakika\" \/>\n<script type=\"application\/ld+json\" class=\"yoast-schema-graph\">{\"@context\":\"https:\/\/schema.org\",\"@graph\":[{\"@type\":\"WebPage\",\"@id\":\"http:\/\/ticaret.edu.tr\/isletme-ingilizce\/bolum-danisma-kurulu\/\",\"url\":\"http:\/\/ticaret.edu.tr\/isletme-ingilizce\/bolum-danisma-kurulu\/\",\"name\":\"B\u00f6l\u00fcm Dan\u0131\u015fma Kurulu - \u0130\u015fletme (ing)\",\"isPartOf\":{\"@id\":\"http:\/\/ticaret.edu.tr\/isletme-ingilizce\/#website\"},\"datePublished\":\"2025-01-23T08:16:04+00:00\",\"dateModified\":\"2025-12-17T13:32:05+00:00\",\"breadcrumb\":{\"@id\":\"http:\/\/ticaret.edu.tr\/isletme-ingilizce\/bolum-danisma-kurulu\/#breadcrumb\"},\"inLanguage\":\"tr\",\"potentialAction\":[{\"@type\":\"ReadAction\",\"target\":[\"http:\/\/ticaret.edu.tr\/isletme-ingilizce\/bolum-danisma-kurulu\/\"]}]},{\"@type\":\"BreadcrumbList\",\"@id\":\"http:\/\/ticaret.edu.tr\/isletme-ingilizce\/bolum-danisma-kurulu\/#breadcrumb\",\"itemListElement\":[{\"@type\":\"ListItem\",\"position\":1,\"name\":\"Ana sayfa\",\"item\":\"http:\/\/ticaret.edu.tr\/isletme-ingilizce\/\"},{\"@type\":\"ListItem\",\"position\":2,\"name\":\"B\u00f6l\u00fcm Dan\u0131\u015fma Kurulu\"}]},{\"@type\":\"WebSite\",\"@id\":\"http:\/\/ticaret.edu.tr\/isletme-ingilizce\/#website\",\"url\":\"http:\/\/ticaret.edu.tr\/isletme-ingilizce\/\",\"name\":\"\u0130\u015fletme (ing)\",\"description\":\"\",\"potentialAction\":[{\"@type\":\"SearchAction\",\"target\":{\"@type\":\"EntryPoint\",\"urlTemplate\":\"http:\/\/ticaret.edu.tr\/isletme-ingilizce\/?s={search_term_string}\"},\"query-input\":\"required name=search_term_string\"}],\"inLanguage\":\"tr\"}]}<\/script>\n<!-- \/ Yoast SEO Premium plugin. -->","yoast_head_json":{"title":"B\u00f6l\u00fcm Dan\u0131\u015fma Kurulu - \u0130\u015fletme (ing)","robots":{"index":"index","follow":"follow","max-snippet":"max-snippet:-1","max-image-preview":"max-image-preview:large","max-video-preview":"max-video-preview:-1"},"canonical":"http:\/\/ticaret.edu.tr\/isletme-ingilizce\/bolum-danisma-kurulu\/","og_locale":"tr_TR","og_type":"article","og_title":"B\u00f6l\u00fcm Dan\u0131\u015fma Kurulu","og_description":"\u0130\u015eLETME (\u0130NG\u0130L\u0130ZCE) B\u00d6L\u00dcM\u00dc DANI\u015eMA KURULU Unvan \/Ad Soyad \u00c7al\u0131\u015ft\u0131\u011f\u0131\u00a0Kurum G\u00f6revi Do\u00e7. Dr. Nurg\u00fcl Kele\u015f TAY\u015e\u0130R \u00a0\u0130stanbul Ticaret \u00dcniversitesi B\u00f6l\u00fcm Ba\u015fkan\u0131 Do\u00e7. Dr. Ufuk BA\u015eAR \u0130stanbul Ticaret \u00dcniversitesi \u00d6\u011fretim \u00dcyesi Ar\u015f. G\u00f6r. Dr. Merve \u00c7EL\u0130K KURTULU\u015e \u00a0\u0130stanbul Ticaret \u00dcniversitesi B\u00f6l\u00fcm Kalite El\u00e7isi Defne Mina TAN \u0130stanbul Ticaret \u00dcniversitesi B\u00f6l\u00fcm \u00d6\u011frenci Temsilcisi Ekin NAKAY \u00a0Booking.com B\u00f6lge Muhasebe [&hellip;]","og_url":"http:\/\/ticaret.edu.tr\/isletme-ingilizce\/bolum-danisma-kurulu\/","og_site_name":"\u0130\u015fletme (ing)","article_publisher":"https:\/\/www.facebook.com\/ticaretedutr","article_modified_time":"2025-12-17T13:32:05+00:00","twitter_card":"summary_large_image","twitter_site":"@ticaretedutr","twitter_misc":{"Tahmini okuma s\u00fcresi":"1 dakika"},"schema":{"@context":"https:\/\/schema.org","@graph":[{"@type":"WebPage","@id":"http:\/\/ticaret.edu.tr\/isletme-ingilizce\/bolum-danisma-kurulu\/","url":"http:\/\/ticaret.edu.tr\/isletme-ingilizce\/bolum-danisma-kurulu\/","name":"B\u00f6l\u00fcm Dan\u0131\u015fma Kurulu - \u0130\u015fletme (ing)","isPartOf":{"@id":"http:\/\/ticaret.edu.tr\/isletme-ingilizce\/#website"},"datePublished":"2025-01-23T08:16:04+00:00","dateModified":"2025-12-17T13:32:05+00:00","breadcrumb":{"@id":"http:\/\/ticaret.edu.tr\/isletme-ingilizce\/bolum-danisma-kurulu\/#breadcrumb"},"inLanguage":"tr","potentialAction":[{"@type":"ReadAction","target":["http:\/\/ticaret.edu.tr\/isletme-ingilizce\/bolum-danisma-kurulu\/"]}]},{"@type":"BreadcrumbList","@id":"http:\/\/ticaret.edu.tr\/isletme-ingilizce\/bolum-danisma-kurulu\/#breadcrumb","itemListElement":[{"@type":"ListItem","position":1,"name":"Ana sayfa","item":"http:\/\/ticaret.edu.tr\/isletme-ingilizce\/"},{"@type":"ListItem","position":2,"name":"B\u00f6l\u00fcm Dan\u0131\u015fma Kurulu"}]},{"@type":"WebSite","@id":"http:\/\/ticaret.edu.tr\/isletme-ingilizce\/#website","url":"http:\/\/ticaret.edu.tr\/isletme-ingilizce\/","name":"\u0130\u015fletme (ing)","description":"","potentialAction":[{"@type":"SearchAction","target":{"@type":"EntryPoint","urlTemplate":"http:\/\/ticaret.edu.tr\/isletme-ingilizce\/?s={search_term_string}"},"query-input":"required name=search_term_string"}],"inLanguage":"tr"}]}},"lang":"tr","translations":{"tr":1505,"en":1605},"pll_sync_post":[],"_links":{"self":[{"href":"http:\/\/ticaret.edu.tr\/isletme-ingilizce\/wp-json\/wp\/v2\/pages\/1505"}],"collection":[{"href":"http:\/\/ticaret.edu.tr\/isletme-ingilizce\/wp-json\/wp\/v2\/pages"}],"about":[{"href":"http:\/\/ticaret.edu.tr\/isletme-ingilizce\/wp-json\/wp\/v2\/types\/page"}],"author":[{"embeddable":true,"href":"http:\/\/ticaret.edu.tr\/isletme-ingilizce\/wp-json\/wp\/v2\/users\/59"}],"replies":[{"embeddable":true,"href":"http:\/\/ticaret.edu.tr\/isletme-ingilizce\/wp-json\/wp\/v2\/comments?post=1505"}],"version-history":[{"count":6,"href":"http:\/\/ticaret.edu.tr\/isletme-ingilizce\/wp-json\/wp\/v2\/pages\/1505\/revisions"}],"predecessor-version":[{"id":2113,"href":"http:\/\/ticaret.edu.tr\/isletme-ingilizce\/wp-json\/wp\/v2\/pages\/1505\/revisions\/2113"}],"wp:attachment":[{"href":"http:\/\/ticaret.edu.tr\/isletme-ingilizce\/wp-json\/wp\/v2\/media?parent=1505"}],"curies":[{"name":"wp","href":"https:\/\/api.w.org\/{rel}","templated":true}]}}