{"id":1739,"date":"2025-01-26T22:37:38","date_gmt":"2025-01-26T19:37:38","guid":{"rendered":"https:\/\/ticaret.edu.tr\/isletme-ingilizce\/?page_id=1739"},"modified":"2026-01-15T18:31:32","modified_gmt":"2026-01-15T15:31:32","slug":"registration-admission-requirements","status":"publish","type":"page","link":"http:\/\/ticaret.edu.tr\/isletme-ingilizce\/en\/registration-admission-requirements\/","title":{"rendered":"Registration \/ Admission Requirements"},"content":{"rendered":"<p>The Department of Business Administration (English) at Istanbul Commerce University admits students through the examination conducted by the Assessment, Selection and Placement Center (\u00d6SYM), within the framework of the regulations determined by the Council of Higher Education (Y\u00d6K). After submitting their program preferences, students are placed into the relevant programs by \u00d6SYM based on the scores they obtained in this exam.<\/p>\n","protected":false},"excerpt":{"rendered":"<p>The Department of Business Administration (English) at Istanbul Commerce University admits students through the examination conducted by the Assessment, Selection and Placement Center (\u00d6SYM), within the framework of the regulations determined by the Council of Higher Education (Y\u00d6K). After submitting their program preferences, students are placed into the relevant programs by \u00d6SYM based on the [&hellip;]<\/p>\n","protected":false},"author":225,"featured_media":0,"parent":0,"menu_order":0,"comment_status":"closed","ping_status":"closed","template":"genel_sayfa.php","meta":{"footnotes":""},"yoast_head":"<!-- This site is optimized with the Yoast SEO Premium plugin v22.1 (Yoast SEO v22.1) - https:\/\/yoast.com\/wordpress\/plugins\/seo\/ -->\n<title>Registration \/ Admission Requirements - \u0130\u015fletme (ing)<\/title>\n<meta name=\"robots\" content=\"index, follow, max-snippet:-1, max-image-preview:large, max-video-preview:-1\" \/>\n<link rel=\"canonical\" href=\"http:\/\/ticaret.edu.tr\/isletme-ingilizce\/en\/registration-admission-requirements\/\" \/>\n<meta property=\"og:locale\" content=\"tr_TR\" \/>\n<meta property=\"og:type\" content=\"article\" \/>\n<meta property=\"og:title\" content=\"Registration \/ Admission Requirements\" \/>\n<meta property=\"og:description\" content=\"The Department of Business Administration (English) at Istanbul Commerce University admits students through the examination conducted by the Assessment, Selection and Placement Center (\u00d6SYM), within the framework of the regulations determined by the Council of Higher Education (Y\u00d6K). After submitting their program preferences, students are placed into the relevant programs by \u00d6SYM based on the [&hellip;]\" \/>\n<meta property=\"og:url\" content=\"http:\/\/ticaret.edu.tr\/isletme-ingilizce\/en\/registration-admission-requirements\/\" \/>\n<meta property=\"og:site_name\" content=\"\u0130\u015fletme (ing)\" \/>\n<meta property=\"article:publisher\" content=\"https:\/\/www.facebook.com\/ticaretedutr\" \/>\n<meta property=\"article:modified_time\" content=\"2026-01-15T15:31:32+00:00\" \/>\n<meta name=\"twitter:card\" content=\"summary_large_image\" \/>\n<meta name=\"twitter:site\" content=\"@ticaretedutr\" \/>\n<script type=\"application\/ld+json\" class=\"yoast-schema-graph\">{\"@context\":\"https:\/\/schema.org\",\"@graph\":[{\"@type\":\"WebPage\",\"@id\":\"http:\/\/ticaret.edu.tr\/isletme-ingilizce\/en\/registration-admission-requirements\/\",\"url\":\"http:\/\/ticaret.edu.tr\/isletme-ingilizce\/en\/registration-admission-requirements\/\",\"name\":\"Registration \/ Admission Requirements - \u0130\u015fletme (ing)\",\"isPartOf\":{\"@id\":\"http:\/\/ticaret.edu.tr\/isletme-ingilizce\/#website\"},\"datePublished\":\"2025-01-26T19:37:38+00:00\",\"dateModified\":\"2026-01-15T15:31:32+00:00\",\"breadcrumb\":{\"@id\":\"http:\/\/ticaret.edu.tr\/isletme-ingilizce\/en\/registration-admission-requirements\/#breadcrumb\"},\"inLanguage\":\"tr\",\"potentialAction\":[{\"@type\":\"ReadAction\",\"target\":[\"http:\/\/ticaret.edu.tr\/isletme-ingilizce\/en\/registration-admission-requirements\/\"]}]},{\"@type\":\"BreadcrumbList\",\"@id\":\"http:\/\/ticaret.edu.tr\/isletme-ingilizce\/en\/registration-admission-requirements\/#breadcrumb\",\"itemListElement\":[{\"@type\":\"ListItem\",\"position\":1,\"name\":\"Ana sayfa\",\"item\":\"http:\/\/ticaret.edu.tr\/isletme-ingilizce\/\"},{\"@type\":\"ListItem\",\"position\":2,\"name\":\"Registration \/ Admission Requirements\"}]},{\"@type\":\"WebSite\",\"@id\":\"http:\/\/ticaret.edu.tr\/isletme-ingilizce\/#website\",\"url\":\"http:\/\/ticaret.edu.tr\/isletme-ingilizce\/\",\"name\":\"\u0130\u015fletme (ing)\",\"description\":\"\",\"potentialAction\":[{\"@type\":\"SearchAction\",\"target\":{\"@type\":\"EntryPoint\",\"urlTemplate\":\"http:\/\/ticaret.edu.tr\/isletme-ingilizce\/?s={search_term_string}\"},\"query-input\":\"required name=search_term_string\"}],\"inLanguage\":\"tr\"}]}<\/script>\n<!-- \/ Yoast SEO Premium plugin. -->","yoast_head_json":{"title":"Registration \/ Admission Requirements - \u0130\u015fletme (ing)","robots":{"index":"index","follow":"follow","max-snippet":"max-snippet:-1","max-image-preview":"max-image-preview:large","max-video-preview":"max-video-preview:-1"},"canonical":"http:\/\/ticaret.edu.tr\/isletme-ingilizce\/en\/registration-admission-requirements\/","og_locale":"tr_TR","og_type":"article","og_title":"Registration \/ Admission Requirements","og_description":"The Department of Business Administration (English) at Istanbul Commerce University admits students through the examination conducted by the Assessment, Selection and Placement Center (\u00d6SYM), within the framework of the regulations determined by the Council of Higher Education (Y\u00d6K). After submitting their program preferences, students are placed into the relevant programs by \u00d6SYM based on the [&hellip;]","og_url":"http:\/\/ticaret.edu.tr\/isletme-ingilizce\/en\/registration-admission-requirements\/","og_site_name":"\u0130\u015fletme (ing)","article_publisher":"https:\/\/www.facebook.com\/ticaretedutr","article_modified_time":"2026-01-15T15:31:32+00:00","twitter_card":"summary_large_image","twitter_site":"@ticaretedutr","schema":{"@context":"https:\/\/schema.org","@graph":[{"@type":"WebPage","@id":"http:\/\/ticaret.edu.tr\/isletme-ingilizce\/en\/registration-admission-requirements\/","url":"http:\/\/ticaret.edu.tr\/isletme-ingilizce\/en\/registration-admission-requirements\/","name":"Registration \/ Admission Requirements - \u0130\u015fletme (ing)","isPartOf":{"@id":"http:\/\/ticaret.edu.tr\/isletme-ingilizce\/#website"},"datePublished":"2025-01-26T19:37:38+00:00","dateModified":"2026-01-15T15:31:32+00:00","breadcrumb":{"@id":"http:\/\/ticaret.edu.tr\/isletme-ingilizce\/en\/registration-admission-requirements\/#breadcrumb"},"inLanguage":"tr","potentialAction":[{"@type":"ReadAction","target":["http:\/\/ticaret.edu.tr\/isletme-ingilizce\/en\/registration-admission-requirements\/"]}]},{"@type":"BreadcrumbList","@id":"http:\/\/ticaret.edu.tr\/isletme-ingilizce\/en\/registration-admission-requirements\/#breadcrumb","itemListElement":[{"@type":"ListItem","position":1,"name":"Ana sayfa","item":"http:\/\/ticaret.edu.tr\/isletme-ingilizce\/"},{"@type":"ListItem","position":2,"name":"Registration \/ Admission Requirements"}]},{"@type":"WebSite","@id":"http:\/\/ticaret.edu.tr\/isletme-ingilizce\/#website","url":"http:\/\/ticaret.edu.tr\/isletme-ingilizce\/","name":"\u0130\u015fletme (ing)","description":"","potentialAction":[{"@type":"SearchAction","target":{"@type":"EntryPoint","urlTemplate":"http:\/\/ticaret.edu.tr\/isletme-ingilizce\/?s={search_term_string}"},"query-input":"required name=search_term_string"}],"inLanguage":"tr"}]}},"lang":"en","translations":{"tr":1461,"en":1739},"pll_sync_post":[],"_links":{"self":[{"href":"http:\/\/ticaret.edu.tr\/isletme-ingilizce\/wp-json\/wp\/v2\/pages\/1739"}],"collection":[{"href":"http:\/\/ticaret.edu.tr\/isletme-ingilizce\/wp-json\/wp\/v2\/pages"}],"about":[{"href":"http:\/\/ticaret.edu.tr\/isletme-ingilizce\/wp-json\/wp\/v2\/types\/page"}],"author":[{"embeddable":true,"href":"http:\/\/ticaret.edu.tr\/isletme-ingilizce\/wp-json\/wp\/v2\/users\/225"}],"replies":[{"embeddable":true,"href":"http:\/\/ticaret.edu.tr\/isletme-ingilizce\/wp-json\/wp\/v2\/comments?post=1739"}],"version-history":[{"count":3,"href":"http:\/\/ticaret.edu.tr\/isletme-ingilizce\/wp-json\/wp\/v2\/pages\/1739\/revisions"}],"predecessor-version":[{"id":2139,"href":"http:\/\/ticaret.edu.tr\/isletme-ingilizce\/wp-json\/wp\/v2\/pages\/1739\/revisions\/2139"}],"wp:attachment":[{"href":"http:\/\/ticaret.edu.tr\/isletme-ingilizce\/wp-json\/wp\/v2\/media?parent=1739"}],"curies":[{"name":"wp","href":"https:\/\/api.w.org\/{rel}","templated":true}]}}