{"id":18,"date":"2020-05-03T14:22:36","date_gmt":"2020-05-03T11:22:36","guid":{"rendered":"http:\/\/ticaret.edu.tr\/isletme-ing\/?page_id=18"},"modified":"2025-02-10T10:01:51","modified_gmt":"2025-02-10T07:01:51","slug":"anasayfa","status":"publish","type":"page","link":"http:\/\/ticaret.edu.tr\/isletme-ingilizce\/","title":{"rendered":"Ana Sayfa"},"content":{"rendered":"<div>\n<div><strong>\u0130\u015eLETME (\u0130NG\u0130L\u0130ZCE) B\u00d6L\u00dcM\u00dcN\u00dcN AMACI<\/strong><\/div>\n<div>\n<p>\u0130\u015fletme B\u00f6l\u00fcm\u00fcn\u00fcn amac\u0131 \u00f6zel sekt\u00f6rdeki ulusal ve k\u00fcresel i\u015fletmelere, kamu kurulu\u015flar\u0131na, STK\u2019lara; y\u00f6netim ve i\u015fletme fonksiyonlar\u0131na h\u00e2kim, k\u00fcresel d\u00fc\u015f\u00fcnen, ulusal ve k\u00fcresel hareket edebilen giri\u015fimcileri, liderleri ve y\u00f6neticileri yeti\u015ftirmektir.<\/p>\n<p>B\u00f6l\u00fcm\u00fcm\u00fczde alan\u0131nda uzman, ba\u015far\u0131l\u0131, akademik \u00e7evrelerde tan\u0131nan, deneyimli, i\u015f d\u00fcnyas\u0131 ile ili\u015fkileri g\u00fc\u00e7l\u00fc ve \u00f6\u011frencilerimizin her daim eri\u015febilecekleri kadrolu akademisyenlerimiz bulunmaktad\u0131r.\u00a0\u00a0 Akademisyenlerimiz verdikleri derslerde teorilerin yan\u0131 s\u0131ra \u00f6rnek olaylara ve g\u00fcncel uygulamalara yer vermektedir. B\u00f6l\u00fcm olarak, \u00f6m\u00fcr boyu kendini geli\u015ftirebilen, etik ve sosyal sorumluluklar\u0131n\u0131n bilincinde, analitik d\u00fc\u015f\u00fcnebilen, kendine g\u00fcvenen, sorunlara \u00e7\u00f6z\u00fcmler \u00fcretebilen, ulusal ve k\u00fcresel farkl\u0131l\u0131klar\u0131 g\u00f6rebilen, bu y\u00f6nde \u00e7al\u0131\u015ft\u0131klar\u0131 kurumlara ve payda\u015flar\u0131na de\u011fer sunabilen bireyler yeti\u015ftirmekteyiz.<\/p>\n<p><strong>B\u00d6L\u00dcM\u00dcN \u00d6NEM\u0130<\/strong><\/p>\n<p>G\u00fcn\u00fcm\u00fczde k\u00fcreselle\u015fme, artan rekabet ve h\u0131zl\u0131 de\u011fi\u015fimler i\u015fletmelerin uzun s\u00fcre varl\u0131klar\u0131n\u0131 s\u00fcrd\u00fcrebilmelerinde, rekabet \u00fcst\u00fcnl\u00fc\u011f\u00fc sa\u011flayabilmelerinde \u00e7ok \u00f6nemlidir. Bu unsurlar, i\u015fletmelerin y\u00f6netim yakla\u015f\u0131mlar\u0131n\u0131 g\u00fcncellemelerine ve insan kaynaklar\u0131ndan beklentilerini de\u011fi\u015ftirmelerine neden olmaktad\u0131r. \u0130\u015fletmeler \u00f6ncelikle, ulusal ve k\u00fcresel faaliyetlerinde etkin g\u00f6rev alabilecek, farkl\u0131 k\u00fclt\u00fcrel ortamlara uyum g\u00f6sterebilecek insan kayna\u011f\u0131 aray\u0131\u015f\u0131ndad\u0131rlar. B\u00f6l\u00fcm\u00fcm\u00fczde; i\u015fletmelerin ve \u00e7al\u0131\u015fanlar\u0131n ihtiya\u00e7lar\u0131n\u0131 dikkate alarak, onlar\u0131n beklentileri y\u00f6n\u00fcnde tasarlad\u0131\u011f\u0131m\u0131z m\u00fcfredatlar ile ulusal ve k\u00fcresel yetkinliklere, becerilere sahip \u201cyeteneklerin\u201d geli\u015ftirilmesine odaklanmaktay\u0131z.<\/p>\n<p><strong>\u00d6\u011eRENC\u0130LER\u0130N \u00c7ALI\u015eMA ALANLARI<\/strong><\/p>\n<p>B\u00f6l\u00fcm \u00f6\u011frencilerini, bir i\u015fletmenin y\u00f6netilmesinde gerekli t\u00fcm fonksiyonlar\u0131 hakk\u0131nda e\u011fitip y\u00f6netici olmak \u00fczere yeti\u015ftirmekteyiz. Mezunlar\u0131m\u0131z kamu sekt\u00f6r\u00fcnde ve \u00f6zel sekt\u00f6rde faaliyet g\u00f6steren ulusal ve k\u00fcresel i\u015fletmelerde \u00e7e\u015fitli b\u00f6l\u00fcmlerde i\u015f bulabilirler. B\u00f6l\u00fcm mezunlar\u0131, i\u015fletmelerin planlama, sat\u0131n alma, lojistik, \u00fcretim, pazarlama, sat\u0131\u015f, muhasebe, finans, insan kaynaklar\u0131 y\u00f6netimi ve i\u015f geli\u015ftirme b\u00f6l\u00fcmlerinde g\u00f6rev alabilirler. Ayr\u0131ca, kendi i\u015fletmelerini kurup giri\u015fimci de olabilirler.<\/p>\n<p><strong>NEDEN TERC\u0130H ED\u0130LMEL\u0130?<\/strong><\/p>\n<p>B\u00f6l\u00fcm\u00fcm\u00fczde alan\u0131nda uzman, ba\u015far\u0131l\u0131, akademik \u00e7evrelerde tan\u0131nan, deneyimli, i\u015f d\u00fcnyas\u0131 ile ili\u015fkileri g\u00fc\u00e7l\u00fc ve \u00f6\u011frencilerimizin her daim eri\u015febilecekleri kadrolu akademisyenlerimiz bulunmaktad\u0131r.<\/p>\n<p>\u0130stanbul Ticaret Odas\u0131 ile, \u00f6nc\u00fc i\u015fletmelerle, meslek kurulu\u015flar\u0131yla i\u015fbirli\u011fi yaparak, i\u015f d\u00fcnyas\u0131n\u0131n ger\u00e7eklerini \u00f6\u011freniyor, kendimizi geli\u015ftiriyor, bunlar\u0131 derslerimize aktar\u0131yoruz. B\u00f6l\u00fcm\u00fcm\u00fczde, \u00f6\u011frencilerimize \u00e7a\u011f\u0131n de\u011fi\u015fimlerine uygun olarak, i\u015fletmelerin \u00e7al\u0131\u015fanlara y\u00f6nelik de\u011fi\u015fen beklentilerini dikkate alarak, onlar\u0131n bilgi donan\u0131m\u0131n\u0131 k\u00fcresel ve \u00fclkesel olarak g\u00fc\u00e7l\u00fc k\u0131lan, i\u015fletmenin t\u00fcm fonksiyonlar\u0131n\u0131 kapsayan \u0130\u015fletme Y\u00f6netimi, Ar-Ge, Tedarik Zinciri Y\u00f6netimi, \u00dcretim ve Operasyon Y\u00f6netimi, Pazarlama, Sat\u0131\u015f, Finans, Muhasebe, \u0130nsan Kaynaklar\u0131 Y\u00f6netimi, \u00d6rg\u00fctsel Davran\u0131\u015f ve Y\u00f6netim Bilgi Sistemleri alanlar\u0131nda zorunlu ve se\u00e7meli dersler ile se\u00e7meli stajdan olu\u015fan kapsaml\u0131 bir e\u011fitim program\u0131 sunmaktay\u0131z. Ayr\u0131ca, \u00f6\u011frencilerimize se\u00e7meli \u00e7e\u015fitli yabanc\u0131 dil dersleri de sunmaktay\u0131z. G\u00fcncel yaz\u0131l\u0131mlar\u0131 kulland\u0131\u011f\u0131m\u0131z uygulamal\u0131 derslerin say\u0131lar\u0131n\u0131 art\u0131r\u0131yoruz. M\u00fcfredatlar\u0131m\u0131z\u0131 d\u00fcnyadaki ve \u00fclkemizdeki geli\u015fmeler y\u00f6n\u00fcnde sekt\u00f6r dan\u0131\u015fma kurulumuzla g\u00f6r\u00fc\u015ferek g\u00fcncelliyoruz, teknolojiyi, dijitalle\u015fmeyi takip ediyoruz. \u0130novasyona, giri\u015fimcili\u011fe, liderli\u011fe \u00f6nem veriyoruz. Ahlaki ilkelerin ve etik de\u011ferlerin i\u015fletmecilikteki \u00f6nemini vurguluyoruz. B\u00f6l\u00fcm\u00fcm\u00fczde \u00f6\u011frencilerin proaktif, analitik d\u00fc\u015f\u00fcnen, ara\u015ft\u0131ran, yarat\u0131c\u0131, yenilik\u00e7i, giri\u015fimci, \u00fclkelerine ve d\u00fcnyaya katk\u0131larda bulunan bireyler olarak yeti\u015fmeleri i\u00e7in f\u0131rsatlar sunuyoruz.<\/p>\n<p>&nbsp;<\/p>\n<\/div>\n<\/div>\n","protected":false},"excerpt":{"rendered":"<p>\u0130\u015eLETME (\u0130NG\u0130L\u0130ZCE) B\u00d6L\u00dcM\u00dcN\u00dcN AMACI \u0130\u015fletme B\u00f6l\u00fcm\u00fcn\u00fcn amac\u0131 \u00f6zel sekt\u00f6rdeki ulusal ve k\u00fcresel i\u015fletmelere, kamu kurulu\u015flar\u0131na, STK\u2019lara; y\u00f6netim ve i\u015fletme fonksiyonlar\u0131na h\u00e2kim, k\u00fcresel d\u00fc\u015f\u00fcnen, ulusal ve k\u00fcresel hareket edebilen giri\u015fimcileri, liderleri ve y\u00f6neticileri yeti\u015ftirmektir. B\u00f6l\u00fcm\u00fcm\u00fczde alan\u0131nda uzman, ba\u015far\u0131l\u0131, akademik \u00e7evrelerde tan\u0131nan, deneyimli, i\u015f d\u00fcnyas\u0131 ile ili\u015fkileri g\u00fc\u00e7l\u00fc ve \u00f6\u011frencilerimizin her daim eri\u015febilecekleri kadrolu akademisyenlerimiz bulunmaktad\u0131r.\u00a0\u00a0 Akademisyenlerimiz [&hellip;]<\/p>\n","protected":false},"author":1,"featured_media":0,"parent":0,"menu_order":0,"comment_status":"closed","ping_status":"closed","template":"pages\/homepage.php","meta":{"footnotes":""},"yoast_head":"<!-- This site is optimized with the Yoast SEO Premium plugin v22.1 (Yoast SEO v22.1) - https:\/\/yoast.com\/wordpress\/plugins\/seo\/ -->\n<title>Ana Sayfa - \u0130\u015fletme (ing)<\/title>\n<meta name=\"description\" content=\"\u0130\u015fletme B\u00f6l\u00fcm\u00fcn\u00fcn amac\u0131 \u00f6zel sekt\u00f6rdeki ulusal ve k\u00fcresel i\u015fletmelere, kamu kurulu\u015flar\u0131na, STK\u2019lara donan\u0131ml\u0131 bireyler yeti\u015ftirmektir.\" \/>\n<meta name=\"robots\" content=\"index, follow, max-snippet:-1, max-image-preview:large, max-video-preview:-1\" \/>\n<link rel=\"canonical\" href=\"http:\/\/ticaret.edu.tr\/isletme-ingilizce\/\" \/>\n<meta property=\"og:locale\" content=\"tr_TR\" \/>\n<meta property=\"og:type\" content=\"article\" \/>\n<meta property=\"og:title\" content=\"Ana Sayfa\" \/>\n<meta property=\"og:description\" content=\"\u0130\u015fletme B\u00f6l\u00fcm\u00fcn\u00fcn amac\u0131 \u00f6zel sekt\u00f6rdeki ulusal ve k\u00fcresel i\u015fletmelere, kamu kurulu\u015flar\u0131na, STK\u2019lara donan\u0131ml\u0131 bireyler yeti\u015ftirmektir.\" \/>\n<meta property=\"og:url\" content=\"http:\/\/ticaret.edu.tr\/isletme-ingilizce\/\" \/>\n<meta property=\"og:site_name\" content=\"\u0130\u015fletme (ing)\" \/>\n<meta property=\"article:publisher\" content=\"https:\/\/www.facebook.com\/ticaretedutr\" \/>\n<meta property=\"article:modified_time\" content=\"2025-02-10T07:01:51+00:00\" \/>\n<meta name=\"twitter:card\" content=\"summary_large_image\" \/>\n<meta name=\"twitter:site\" content=\"@ticaretedutr\" \/>\n<meta name=\"twitter:label1\" content=\"Tahmini okuma s\u00fcresi\" \/>\n\t<meta name=\"twitter:data1\" content=\"3 dakika\" \/>\n<script type=\"application\/ld+json\" class=\"yoast-schema-graph\">{\"@context\":\"https:\/\/schema.org\",\"@graph\":[{\"@type\":\"WebPage\",\"@id\":\"http:\/\/ticaret.edu.tr\/isletme-ingilizce\/\",\"url\":\"http:\/\/ticaret.edu.tr\/isletme-ingilizce\/\",\"name\":\"Ana Sayfa - \u0130\u015fletme (ing)\",\"isPartOf\":{\"@id\":\"http:\/\/ticaret.edu.tr\/isletme-ingilizce\/#website\"},\"datePublished\":\"2020-05-03T11:22:36+00:00\",\"dateModified\":\"2025-02-10T07:01:51+00:00\",\"description\":\"\u0130\u015fletme B\u00f6l\u00fcm\u00fcn\u00fcn amac\u0131 \u00f6zel sekt\u00f6rdeki ulusal ve k\u00fcresel i\u015fletmelere, kamu kurulu\u015flar\u0131na, STK\u2019lara donan\u0131ml\u0131 bireyler yeti\u015ftirmektir.\",\"breadcrumb\":{\"@id\":\"http:\/\/ticaret.edu.tr\/isletme-ingilizce\/#breadcrumb\"},\"inLanguage\":\"tr\",\"potentialAction\":[{\"@type\":\"ReadAction\",\"target\":[\"http:\/\/ticaret.edu.tr\/isletme-ingilizce\/\"]}]},{\"@type\":\"BreadcrumbList\",\"@id\":\"http:\/\/ticaret.edu.tr\/isletme-ingilizce\/#breadcrumb\",\"itemListElement\":[{\"@type\":\"ListItem\",\"position\":1,\"name\":\"Ana sayfa\",\"item\":\"http:\/\/ticaret.edu.tr\/isletme-ingilizce\/\"},{\"@type\":\"ListItem\",\"position\":2,\"name\":\"Ana Sayfa\"}]},{\"@type\":\"WebSite\",\"@id\":\"http:\/\/ticaret.edu.tr\/isletme-ingilizce\/#website\",\"url\":\"http:\/\/ticaret.edu.tr\/isletme-ingilizce\/\",\"name\":\"\u0130\u015fletme (ing)\",\"description\":\"\",\"potentialAction\":[{\"@type\":\"SearchAction\",\"target\":{\"@type\":\"EntryPoint\",\"urlTemplate\":\"http:\/\/ticaret.edu.tr\/isletme-ingilizce\/?s={search_term_string}\"},\"query-input\":\"required name=search_term_string\"}],\"inLanguage\":\"tr\"}]}<\/script>\n<!-- \/ Yoast SEO Premium plugin. -->","yoast_head_json":{"title":"Ana Sayfa - \u0130\u015fletme (ing)","description":"\u0130\u015fletme B\u00f6l\u00fcm\u00fcn\u00fcn amac\u0131 \u00f6zel sekt\u00f6rdeki ulusal ve k\u00fcresel i\u015fletmelere, kamu kurulu\u015flar\u0131na, STK\u2019lara donan\u0131ml\u0131 bireyler yeti\u015ftirmektir.","robots":{"index":"index","follow":"follow","max-snippet":"max-snippet:-1","max-image-preview":"max-image-preview:large","max-video-preview":"max-video-preview:-1"},"canonical":"http:\/\/ticaret.edu.tr\/isletme-ingilizce\/","og_locale":"tr_TR","og_type":"article","og_title":"Ana Sayfa","og_description":"\u0130\u015fletme B\u00f6l\u00fcm\u00fcn\u00fcn amac\u0131 \u00f6zel sekt\u00f6rdeki ulusal ve k\u00fcresel i\u015fletmelere, kamu kurulu\u015flar\u0131na, STK\u2019lara donan\u0131ml\u0131 bireyler yeti\u015ftirmektir.","og_url":"http:\/\/ticaret.edu.tr\/isletme-ingilizce\/","og_site_name":"\u0130\u015fletme (ing)","article_publisher":"https:\/\/www.facebook.com\/ticaretedutr","article_modified_time":"2025-02-10T07:01:51+00:00","twitter_card":"summary_large_image","twitter_site":"@ticaretedutr","twitter_misc":{"Tahmini okuma s\u00fcresi":"3 dakika"},"schema":{"@context":"https:\/\/schema.org","@graph":[{"@type":"WebPage","@id":"http:\/\/ticaret.edu.tr\/isletme-ingilizce\/","url":"http:\/\/ticaret.edu.tr\/isletme-ingilizce\/","name":"Ana Sayfa - \u0130\u015fletme (ing)","isPartOf":{"@id":"http:\/\/ticaret.edu.tr\/isletme-ingilizce\/#website"},"datePublished":"2020-05-03T11:22:36+00:00","dateModified":"2025-02-10T07:01:51+00:00","description":"\u0130\u015fletme B\u00f6l\u00fcm\u00fcn\u00fcn amac\u0131 \u00f6zel sekt\u00f6rdeki ulusal ve k\u00fcresel i\u015fletmelere, kamu kurulu\u015flar\u0131na, STK\u2019lara donan\u0131ml\u0131 bireyler yeti\u015ftirmektir.","breadcrumb":{"@id":"http:\/\/ticaret.edu.tr\/isletme-ingilizce\/#breadcrumb"},"inLanguage":"tr","potentialAction":[{"@type":"ReadAction","target":["http:\/\/ticaret.edu.tr\/isletme-ingilizce\/"]}]},{"@type":"BreadcrumbList","@id":"http:\/\/ticaret.edu.tr\/isletme-ingilizce\/#breadcrumb","itemListElement":[{"@type":"ListItem","position":1,"name":"Ana sayfa","item":"http:\/\/ticaret.edu.tr\/isletme-ingilizce\/"},{"@type":"ListItem","position":2,"name":"Ana Sayfa"}]},{"@type":"WebSite","@id":"http:\/\/ticaret.edu.tr\/isletme-ingilizce\/#website","url":"http:\/\/ticaret.edu.tr\/isletme-ingilizce\/","name":"\u0130\u015fletme (ing)","description":"","potentialAction":[{"@type":"SearchAction","target":{"@type":"EntryPoint","urlTemplate":"http:\/\/ticaret.edu.tr\/isletme-ingilizce\/?s={search_term_string}"},"query-input":"required name=search_term_string"}],"inLanguage":"tr"}]}},"lang":"tr","translations":{"en":282,"tr":18},"pll_sync_post":[],"_links":{"self":[{"href":"http:\/\/ticaret.edu.tr\/isletme-ingilizce\/wp-json\/wp\/v2\/pages\/18"}],"collection":[{"href":"http:\/\/ticaret.edu.tr\/isletme-ingilizce\/wp-json\/wp\/v2\/pages"}],"about":[{"href":"http:\/\/ticaret.edu.tr\/isletme-ingilizce\/wp-json\/wp\/v2\/types\/page"}],"author":[{"embeddable":true,"href":"http:\/\/ticaret.edu.tr\/isletme-ingilizce\/wp-json\/wp\/v2\/users\/1"}],"replies":[{"embeddable":true,"href":"http:\/\/ticaret.edu.tr\/isletme-ingilizce\/wp-json\/wp\/v2\/comments?post=18"}],"version-history":[{"count":15,"href":"http:\/\/ticaret.edu.tr\/isletme-ingilizce\/wp-json\/wp\/v2\/pages\/18\/revisions"}],"predecessor-version":[{"id":1845,"href":"http:\/\/ticaret.edu.tr\/isletme-ingilizce\/wp-json\/wp\/v2\/pages\/18\/revisions\/1845"}],"wp:attachment":[{"href":"http:\/\/ticaret.edu.tr\/isletme-ingilizce\/wp-json\/wp\/v2\/media?parent=18"}],"curies":[{"name":"wp","href":"https:\/\/api.w.org\/{rel}","templated":true}]}}