{"id":448,"date":"2021-10-22T10:41:14","date_gmt":"2021-10-22T07:41:14","guid":{"rendered":"http:\/\/ticaret.edu.tr\/isletme-ing\/?page_id=448"},"modified":"2026-02-10T14:32:18","modified_gmt":"2026-02-10T11:32:18","slug":"ders-icerikleri","status":"publish","type":"page","link":"http:\/\/ticaret.edu.tr\/isletme-ingilizce\/ders-icerikleri\/","title":{"rendered":"Ders \u0130\u00e7erikleri"},"content":{"rendered":"<h4>\u0130\u015fletme (\u0130ngilizce) B\u00f6l\u00fcm\u00fc ders i\u00e7eriklerine a\u015fa\u011f\u0131daki ba\u011flant\u0131lardan ula\u015fabilirsiniz.<\/h4>\n<p><a href=\"http:\/\/ticaret.edu.tr\/isletme-ingilizce\/wp-content\/uploads\/sites\/17\/2026\/02\/Isletme-Ingilizce-Ders-Icerikleri-KAseli-Imzali-TR.pdf\">2025-2026 I\u0307ngilizce I\u0307s\u0327letme Bo\u0308lu\u0308mu\u0308 Ders \u0130c\u0327erikleri<\/a><\/p>\n<p><a href=\"http:\/\/ticaret.edu.tr\/isletme-ingilizce\/wp-content\/uploads\/sites\/17\/2025\/12\/2024-2025-Ingilizce-Isletme-Bolumu-ders-icerikleri.pdf\">2024-2025 I\u0307ngilizce I\u0307s\u0327letme Bo\u0308lu\u0308mu\u0308 Ders \u0130c\u0327erikleri<\/a><\/p>\n<p><span style=\"text-decoration: underline\"><a href=\"http:\/\/ticaret.edu.tr\/isletme-ingilizce\/wp-content\/uploads\/sites\/17\/2021\/11\/2021-2022-Isletme-Ingilizce-Bolumu-Ders-Icerikleri.pdf\">2021-2022 \u0130\u015fletme (\u0130ngilizce) B\u00f6l\u00fcm\u00fc Ders \u0130\u00e7erikleri<\/a><\/span><\/p>\n<p><span style=\"text-decoration: underline\"><a href=\"http:\/\/ticaret.edu.tr\/isletme-ingilizce\/wp-content\/uploads\/sites\/17\/2021\/11\/2020-2021-Isletme-Ingilizce-Bolumu-Ders-Icerikleri.pdf\">2020-2021 \u0130\u015fletme (\u0130ngilizce) B\u00f6l\u00fcm\u00fc Ders \u0130\u00e7erikleri<\/a><\/span><\/p>\n<p><span style=\"text-decoration: underline\"><a href=\"http:\/\/ticaret.edu.tr\/isletme-ingilizce\/wp-content\/uploads\/sites\/17\/2021\/11\/2019-2020-Isletme-Ingilizce-Bolumu-Ders-Icerikleri.pdf\">2019-2020 \u0130\u015fletme (\u0130ngilizce) B\u00f6l\u00fcm\u00fc Ders \u0130\u00e7erikleri<\/a><\/span><\/p>\n<p><span style=\"text-decoration: underline\"><a href=\"http:\/\/ticaret.edu.tr\/isletme-ingilizce\/wp-content\/uploads\/sites\/17\/2021\/11\/2018-2019-Isletme-Ingilizce-Bolumu-Ders-Icerikleri.pdf\">2018-2019 \u0130\u015fletme (\u0130ngilizce) B\u00f6l\u00fcm\u00fc Ders \u0130\u00e7erikleri<\/a><\/span><\/p>\n","protected":false},"excerpt":{"rendered":"<p>\u0130\u015fletme (\u0130ngilizce) B\u00f6l\u00fcm\u00fc ders i\u00e7eriklerine a\u015fa\u011f\u0131daki ba\u011flant\u0131lardan ula\u015fabilirsiniz. 2025-2026 I\u0307ngilizce I\u0307s\u0327letme Bo\u0308lu\u0308mu\u0308 Ders \u0130c\u0327erikleri 2024-2025 I\u0307ngilizce I\u0307s\u0327letme Bo\u0308lu\u0308mu\u0308 Ders \u0130c\u0327erikleri 2021-2022 \u0130\u015fletme (\u0130ngilizce) B\u00f6l\u00fcm\u00fc Ders \u0130\u00e7erikleri 2020-2021 \u0130\u015fletme (\u0130ngilizce) B\u00f6l\u00fcm\u00fc Ders \u0130\u00e7erikleri 2019-2020 \u0130\u015fletme (\u0130ngilizce) B\u00f6l\u00fcm\u00fc Ders \u0130\u00e7erikleri 2018-2019 \u0130\u015fletme (\u0130ngilizce) B\u00f6l\u00fcm\u00fc Ders \u0130\u00e7erikleri<\/p>\n","protected":false},"author":149,"featured_media":0,"parent":0,"menu_order":0,"comment_status":"closed","ping_status":"closed","template":"genel_sayfa.php","meta":{"footnotes":""},"yoast_head":"<!-- This site is optimized with the Yoast SEO Premium plugin v22.1 (Yoast SEO v22.1) - https:\/\/yoast.com\/wordpress\/plugins\/seo\/ -->\n<title>Ders \u0130\u00e7erikleri - \u0130\u015fletme (ing)<\/title>\n<meta name=\"robots\" content=\"index, follow, max-snippet:-1, max-image-preview:large, max-video-preview:-1\" \/>\n<link rel=\"canonical\" href=\"http:\/\/ticaret.edu.tr\/isletme-ingilizce\/ders-icerikleri\/\" \/>\n<meta property=\"og:locale\" content=\"tr_TR\" \/>\n<meta property=\"og:type\" content=\"article\" \/>\n<meta property=\"og:title\" content=\"Ders \u0130\u00e7erikleri\" \/>\n<meta property=\"og:description\" content=\"\u0130\u015fletme (\u0130ngilizce) B\u00f6l\u00fcm\u00fc ders i\u00e7eriklerine a\u015fa\u011f\u0131daki ba\u011flant\u0131lardan ula\u015fabilirsiniz. 2025-2026 I\u0307ngilizce I\u0307s\u0327letme Bo\u0308lu\u0308mu\u0308 Ders \u0130c\u0327erikleri 2024-2025 I\u0307ngilizce I\u0307s\u0327letme Bo\u0308lu\u0308mu\u0308 Ders \u0130c\u0327erikleri 2021-2022 \u0130\u015fletme (\u0130ngilizce) B\u00f6l\u00fcm\u00fc Ders \u0130\u00e7erikleri 2020-2021 \u0130\u015fletme (\u0130ngilizce) B\u00f6l\u00fcm\u00fc Ders \u0130\u00e7erikleri 2019-2020 \u0130\u015fletme (\u0130ngilizce) B\u00f6l\u00fcm\u00fc Ders \u0130\u00e7erikleri 2018-2019 \u0130\u015fletme (\u0130ngilizce) B\u00f6l\u00fcm\u00fc Ders \u0130\u00e7erikleri\" \/>\n<meta property=\"og:url\" content=\"http:\/\/ticaret.edu.tr\/isletme-ingilizce\/ders-icerikleri\/\" \/>\n<meta property=\"og:site_name\" content=\"\u0130\u015fletme (ing)\" \/>\n<meta property=\"article:publisher\" content=\"https:\/\/www.facebook.com\/ticaretedutr\" \/>\n<meta property=\"article:modified_time\" content=\"2026-02-10T11:32:18+00:00\" \/>\n<meta name=\"twitter:card\" content=\"summary_large_image\" \/>\n<meta name=\"twitter:site\" content=\"@ticaretedutr\" \/>\n<meta name=\"twitter:label1\" content=\"Tahmini okuma s\u00fcresi\" \/>\n\t<meta name=\"twitter:data1\" content=\"1 dakika\" \/>\n<script type=\"application\/ld+json\" class=\"yoast-schema-graph\">{\"@context\":\"https:\/\/schema.org\",\"@graph\":[{\"@type\":\"WebPage\",\"@id\":\"http:\/\/ticaret.edu.tr\/isletme-ingilizce\/ders-icerikleri\/\",\"url\":\"http:\/\/ticaret.edu.tr\/isletme-ingilizce\/ders-icerikleri\/\",\"name\":\"Ders \u0130\u00e7erikleri - \u0130\u015fletme (ing)\",\"isPartOf\":{\"@id\":\"http:\/\/ticaret.edu.tr\/isletme-ingilizce\/#website\"},\"datePublished\":\"2021-10-22T07:41:14+00:00\",\"dateModified\":\"2026-02-10T11:32:18+00:00\",\"breadcrumb\":{\"@id\":\"http:\/\/ticaret.edu.tr\/isletme-ingilizce\/ders-icerikleri\/#breadcrumb\"},\"inLanguage\":\"tr\",\"potentialAction\":[{\"@type\":\"ReadAction\",\"target\":[\"http:\/\/ticaret.edu.tr\/isletme-ingilizce\/ders-icerikleri\/\"]}]},{\"@type\":\"BreadcrumbList\",\"@id\":\"http:\/\/ticaret.edu.tr\/isletme-ingilizce\/ders-icerikleri\/#breadcrumb\",\"itemListElement\":[{\"@type\":\"ListItem\",\"position\":1,\"name\":\"Ana sayfa\",\"item\":\"http:\/\/ticaret.edu.tr\/isletme-ingilizce\/\"},{\"@type\":\"ListItem\",\"position\":2,\"name\":\"Ders \u0130\u00e7erikleri\"}]},{\"@type\":\"WebSite\",\"@id\":\"http:\/\/ticaret.edu.tr\/isletme-ingilizce\/#website\",\"url\":\"http:\/\/ticaret.edu.tr\/isletme-ingilizce\/\",\"name\":\"\u0130\u015fletme (ing)\",\"description\":\"\",\"potentialAction\":[{\"@type\":\"SearchAction\",\"target\":{\"@type\":\"EntryPoint\",\"urlTemplate\":\"http:\/\/ticaret.edu.tr\/isletme-ingilizce\/?s={search_term_string}\"},\"query-input\":\"required name=search_term_string\"}],\"inLanguage\":\"tr\"}]}<\/script>\n<!-- \/ Yoast SEO Premium plugin. -->","yoast_head_json":{"title":"Ders \u0130\u00e7erikleri - \u0130\u015fletme (ing)","robots":{"index":"index","follow":"follow","max-snippet":"max-snippet:-1","max-image-preview":"max-image-preview:large","max-video-preview":"max-video-preview:-1"},"canonical":"http:\/\/ticaret.edu.tr\/isletme-ingilizce\/ders-icerikleri\/","og_locale":"tr_TR","og_type":"article","og_title":"Ders \u0130\u00e7erikleri","og_description":"\u0130\u015fletme (\u0130ngilizce) B\u00f6l\u00fcm\u00fc ders i\u00e7eriklerine a\u015fa\u011f\u0131daki ba\u011flant\u0131lardan ula\u015fabilirsiniz. 2025-2026 I\u0307ngilizce I\u0307s\u0327letme Bo\u0308lu\u0308mu\u0308 Ders \u0130c\u0327erikleri 2024-2025 I\u0307ngilizce I\u0307s\u0327letme Bo\u0308lu\u0308mu\u0308 Ders \u0130c\u0327erikleri 2021-2022 \u0130\u015fletme (\u0130ngilizce) B\u00f6l\u00fcm\u00fc Ders \u0130\u00e7erikleri 2020-2021 \u0130\u015fletme (\u0130ngilizce) B\u00f6l\u00fcm\u00fc Ders \u0130\u00e7erikleri 2019-2020 \u0130\u015fletme (\u0130ngilizce) B\u00f6l\u00fcm\u00fc Ders \u0130\u00e7erikleri 2018-2019 \u0130\u015fletme (\u0130ngilizce) B\u00f6l\u00fcm\u00fc Ders \u0130\u00e7erikleri","og_url":"http:\/\/ticaret.edu.tr\/isletme-ingilizce\/ders-icerikleri\/","og_site_name":"\u0130\u015fletme (ing)","article_publisher":"https:\/\/www.facebook.com\/ticaretedutr","article_modified_time":"2026-02-10T11:32:18+00:00","twitter_card":"summary_large_image","twitter_site":"@ticaretedutr","twitter_misc":{"Tahmini okuma s\u00fcresi":"1 dakika"},"schema":{"@context":"https:\/\/schema.org","@graph":[{"@type":"WebPage","@id":"http:\/\/ticaret.edu.tr\/isletme-ingilizce\/ders-icerikleri\/","url":"http:\/\/ticaret.edu.tr\/isletme-ingilizce\/ders-icerikleri\/","name":"Ders \u0130\u00e7erikleri - \u0130\u015fletme (ing)","isPartOf":{"@id":"http:\/\/ticaret.edu.tr\/isletme-ingilizce\/#website"},"datePublished":"2021-10-22T07:41:14+00:00","dateModified":"2026-02-10T11:32:18+00:00","breadcrumb":{"@id":"http:\/\/ticaret.edu.tr\/isletme-ingilizce\/ders-icerikleri\/#breadcrumb"},"inLanguage":"tr","potentialAction":[{"@type":"ReadAction","target":["http:\/\/ticaret.edu.tr\/isletme-ingilizce\/ders-icerikleri\/"]}]},{"@type":"BreadcrumbList","@id":"http:\/\/ticaret.edu.tr\/isletme-ingilizce\/ders-icerikleri\/#breadcrumb","itemListElement":[{"@type":"ListItem","position":1,"name":"Ana sayfa","item":"http:\/\/ticaret.edu.tr\/isletme-ingilizce\/"},{"@type":"ListItem","position":2,"name":"Ders \u0130\u00e7erikleri"}]},{"@type":"WebSite","@id":"http:\/\/ticaret.edu.tr\/isletme-ingilizce\/#website","url":"http:\/\/ticaret.edu.tr\/isletme-ingilizce\/","name":"\u0130\u015fletme (ing)","description":"","potentialAction":[{"@type":"SearchAction","target":{"@type":"EntryPoint","urlTemplate":"http:\/\/ticaret.edu.tr\/isletme-ingilizce\/?s={search_term_string}"},"query-input":"required name=search_term_string"}],"inLanguage":"tr"}]}},"lang":"tr","translations":{"tr":448,"en":1759},"pll_sync_post":[],"_links":{"self":[{"href":"http:\/\/ticaret.edu.tr\/isletme-ingilizce\/wp-json\/wp\/v2\/pages\/448"}],"collection":[{"href":"http:\/\/ticaret.edu.tr\/isletme-ingilizce\/wp-json\/wp\/v2\/pages"}],"about":[{"href":"http:\/\/ticaret.edu.tr\/isletme-ingilizce\/wp-json\/wp\/v2\/types\/page"}],"author":[{"embeddable":true,"href":"http:\/\/ticaret.edu.tr\/isletme-ingilizce\/wp-json\/wp\/v2\/users\/149"}],"replies":[{"embeddable":true,"href":"http:\/\/ticaret.edu.tr\/isletme-ingilizce\/wp-json\/wp\/v2\/comments?post=448"}],"version-history":[{"count":12,"href":"http:\/\/ticaret.edu.tr\/isletme-ingilizce\/wp-json\/wp\/v2\/pages\/448\/revisions"}],"predecessor-version":[{"id":2206,"href":"http:\/\/ticaret.edu.tr\/isletme-ingilizce\/wp-json\/wp\/v2\/pages\/448\/revisions\/2206"}],"wp:attachment":[{"href":"http:\/\/ticaret.edu.tr\/isletme-ingilizce\/wp-json\/wp\/v2\/media?parent=448"}],"curies":[{"name":"wp","href":"https:\/\/api.w.org\/{rel}","templated":true}]}}