{"id":329,"date":"2021-09-17T12:51:01","date_gmt":"2021-09-17T09:51:01","guid":{"rendered":"https:\/\/ticaret.edu.tr\/kauam\/?page_id=329"},"modified":"2025-02-26T13:15:56","modified_gmt":"2025-02-26T10:15:56","slug":"homepage","status":"publish","type":"page","link":"http:\/\/ticaret.edu.tr\/kadin-ve-aile-uygulama-ve-arastirma-merkezi\/en\/","title":{"rendered":"Homepage"},"content":{"rendered":"<p><strong><img loading=\"lazy\" decoding=\"async\" class=\"alignnone wp-image-615 size-large\" src=\"http:\/\/ticaret.edu.tr\/kadin-ve-aile-uygulama-ve-arastirma-merkezi\/wp-content\/uploads\/sites\/50\/2022\/06\/2022_06_23_Kadin_ve_Aile_ING_INSTAGRAM-1-1024x1024.jpg\" alt=\"sevde sevan usak\" width=\"1024\" height=\"1024\" srcset=\"http:\/\/ticaret.edu.tr\/kadin-ve-aile-uygulama-ve-arastirma-merkezi\/wp-content\/uploads\/sites\/50\/2022\/06\/2022_06_23_Kadin_ve_Aile_ING_INSTAGRAM-1-1024x1024.jpg 1024w, http:\/\/ticaret.edu.tr\/kadin-ve-aile-uygulama-ve-arastirma-merkezi\/wp-content\/uploads\/sites\/50\/2022\/06\/2022_06_23_Kadin_ve_Aile_ING_INSTAGRAM-1-300x300.jpg 300w, http:\/\/ticaret.edu.tr\/kadin-ve-aile-uygulama-ve-arastirma-merkezi\/wp-content\/uploads\/sites\/50\/2022\/06\/2022_06_23_Kadin_ve_Aile_ING_INSTAGRAM-1-150x150.jpg 150w, http:\/\/ticaret.edu.tr\/kadin-ve-aile-uygulama-ve-arastirma-merkezi\/wp-content\/uploads\/sites\/50\/2022\/06\/2022_06_23_Kadin_ve_Aile_ING_INSTAGRAM-1-768x767.jpg 768w, http:\/\/ticaret.edu.tr\/kadin-ve-aile-uygulama-ve-arastirma-merkezi\/wp-content\/uploads\/sites\/50\/2022\/06\/2022_06_23_Kadin_ve_Aile_ING_INSTAGRAM-1.jpg 1081w\" sizes=\"(max-width: 1024px) 100vw, 1024px\" \/><\/strong><\/p>\n<p>&nbsp;<\/p>\n","protected":false},"excerpt":{"rendered":"<p>&nbsp;<\/p>\n","protected":false},"author":149,"featured_media":0,"parent":0,"menu_order":0,"comment_status":"closed","ping_status":"closed","template":"pages\/homepage.php","meta":{"footnotes":""},"yoast_head":"<!-- This site is optimized with the Yoast SEO Premium plugin v22.1 (Yoast SEO v22.1) - https:\/\/yoast.com\/wordpress\/plugins\/seo\/ -->\n<title>Homepage - Kad\u0131n ve Aile Uygulama ve Ara\u015ft\u0131rma Merkezi<\/title>\n<meta name=\"description\" content=\"HOME PAGE\" \/>\n<meta name=\"robots\" content=\"index, follow, max-snippet:-1, max-image-preview:large, max-video-preview:-1\" \/>\n<link rel=\"canonical\" href=\"http:\/\/ticaret.edu.tr\/kadin-ve-aile-uygulama-ve-arastirma-merkezi\/en\/\" \/>\n<meta property=\"og:locale\" content=\"tr_TR\" \/>\n<meta property=\"og:type\" content=\"article\" \/>\n<meta property=\"og:title\" content=\"Homepage\" \/>\n<meta property=\"og:description\" content=\"HOME PAGE\" \/>\n<meta property=\"og:url\" content=\"http:\/\/ticaret.edu.tr\/kadin-ve-aile-uygulama-ve-arastirma-merkezi\/en\/\" \/>\n<meta property=\"og:site_name\" content=\"Kad\u0131n ve Aile Uygulama ve Ara\u015ft\u0131rma Merkezi\" \/>\n<meta property=\"article:publisher\" content=\"https:\/\/www.facebook.com\/ticaretedutr\" \/>\n<meta property=\"article:modified_time\" content=\"2025-02-26T10:15:56+00:00\" \/>\n<meta property=\"og:image\" content=\"http:\/\/ticaret.edu.tr\/kadin-ve-aile-uygulama-ve-arastirma-merkezi\/wp-content\/uploads\/sites\/50\/2022\/06\/2022_06_23_Kadin_ve_Aile_ING_INSTAGRAM-1-1024x1024.jpg\" \/>\n<meta name=\"twitter:card\" content=\"summary_large_image\" \/>\n<meta name=\"twitter:site\" content=\"@ticaretedutr\" \/>\n<meta name=\"twitter:label1\" content=\"Tahmini okuma s\u00fcresi\" \/>\n\t<meta name=\"twitter:data1\" content=\"1 dakika\" \/>\n<script type=\"application\/ld+json\" class=\"yoast-schema-graph\">{\"@context\":\"https:\/\/schema.org\",\"@graph\":[{\"@type\":\"WebPage\",\"@id\":\"http:\/\/ticaret.edu.tr\/kadin-ve-aile-uygulama-ve-arastirma-merkezi\/en\/\",\"url\":\"http:\/\/ticaret.edu.tr\/kadin-ve-aile-uygulama-ve-arastirma-merkezi\/en\/\",\"name\":\"Homepage - Kad\u0131n ve Aile Uygulama ve Ara\u015ft\u0131rma Merkezi\",\"isPartOf\":{\"@id\":\"http:\/\/ticaret.edu.tr\/kadin-ve-aile-uygulama-ve-arastirma-merkezi\/#website\"},\"datePublished\":\"2021-09-17T09:51:01+00:00\",\"dateModified\":\"2025-02-26T10:15:56+00:00\",\"description\":\"HOME PAGE\",\"breadcrumb\":{\"@id\":\"http:\/\/ticaret.edu.tr\/kadin-ve-aile-uygulama-ve-arastirma-merkezi\/en\/#breadcrumb\"},\"inLanguage\":\"tr\",\"potentialAction\":[{\"@type\":\"ReadAction\",\"target\":[\"http:\/\/ticaret.edu.tr\/kadin-ve-aile-uygulama-ve-arastirma-merkezi\/en\/\"]}]},{\"@type\":\"BreadcrumbList\",\"@id\":\"http:\/\/ticaret.edu.tr\/kadin-ve-aile-uygulama-ve-arastirma-merkezi\/en\/#breadcrumb\",\"itemListElement\":[{\"@type\":\"ListItem\",\"position\":1,\"name\":\"Ana sayfa\",\"item\":\"http:\/\/ticaret.edu.tr\/kadin-ve-aile-uygulama-ve-arastirma-merkezi\/\"},{\"@type\":\"ListItem\",\"position\":2,\"name\":\"Homepage\"}]},{\"@type\":\"WebSite\",\"@id\":\"http:\/\/ticaret.edu.tr\/kadin-ve-aile-uygulama-ve-arastirma-merkezi\/#website\",\"url\":\"http:\/\/ticaret.edu.tr\/kadin-ve-aile-uygulama-ve-arastirma-merkezi\/\",\"name\":\"Kad\u0131n ve Aile Uygulama ve Ara\u015ft\u0131rma Merkezi\",\"description\":\"Bir ba\u015fka \u0130stanbul Ticaret \u00dcniversitesi site sitesi\",\"potentialAction\":[{\"@type\":\"SearchAction\",\"target\":{\"@type\":\"EntryPoint\",\"urlTemplate\":\"http:\/\/ticaret.edu.tr\/kadin-ve-aile-uygulama-ve-arastirma-merkezi\/?s={search_term_string}\"},\"query-input\":\"required name=search_term_string\"}],\"inLanguage\":\"tr\"}]}<\/script>\n<!-- \/ Yoast SEO Premium plugin. -->","yoast_head_json":{"title":"Homepage - Kad\u0131n ve Aile Uygulama ve Ara\u015ft\u0131rma Merkezi","description":"HOME PAGE","robots":{"index":"index","follow":"follow","max-snippet":"max-snippet:-1","max-image-preview":"max-image-preview:large","max-video-preview":"max-video-preview:-1"},"canonical":"http:\/\/ticaret.edu.tr\/kadin-ve-aile-uygulama-ve-arastirma-merkezi\/en\/","og_locale":"tr_TR","og_type":"article","og_title":"Homepage","og_description":"HOME PAGE","og_url":"http:\/\/ticaret.edu.tr\/kadin-ve-aile-uygulama-ve-arastirma-merkezi\/en\/","og_site_name":"Kad\u0131n ve Aile Uygulama ve Ara\u015ft\u0131rma Merkezi","article_publisher":"https:\/\/www.facebook.com\/ticaretedutr","article_modified_time":"2025-02-26T10:15:56+00:00","og_image":[{"url":"http:\/\/ticaret.edu.tr\/kadin-ve-aile-uygulama-ve-arastirma-merkezi\/wp-content\/uploads\/sites\/50\/2022\/06\/2022_06_23_Kadin_ve_Aile_ING_INSTAGRAM-1-1024x1024.jpg"}],"twitter_card":"summary_large_image","twitter_site":"@ticaretedutr","twitter_misc":{"Tahmini okuma s\u00fcresi":"1 dakika"},"schema":{"@context":"https:\/\/schema.org","@graph":[{"@type":"WebPage","@id":"http:\/\/ticaret.edu.tr\/kadin-ve-aile-uygulama-ve-arastirma-merkezi\/en\/","url":"http:\/\/ticaret.edu.tr\/kadin-ve-aile-uygulama-ve-arastirma-merkezi\/en\/","name":"Homepage - Kad\u0131n ve Aile Uygulama ve Ara\u015ft\u0131rma Merkezi","isPartOf":{"@id":"http:\/\/ticaret.edu.tr\/kadin-ve-aile-uygulama-ve-arastirma-merkezi\/#website"},"datePublished":"2021-09-17T09:51:01+00:00","dateModified":"2025-02-26T10:15:56+00:00","description":"HOME PAGE","breadcrumb":{"@id":"http:\/\/ticaret.edu.tr\/kadin-ve-aile-uygulama-ve-arastirma-merkezi\/en\/#breadcrumb"},"inLanguage":"tr","potentialAction":[{"@type":"ReadAction","target":["http:\/\/ticaret.edu.tr\/kadin-ve-aile-uygulama-ve-arastirma-merkezi\/en\/"]}]},{"@type":"BreadcrumbList","@id":"http:\/\/ticaret.edu.tr\/kadin-ve-aile-uygulama-ve-arastirma-merkezi\/en\/#breadcrumb","itemListElement":[{"@type":"ListItem","position":1,"name":"Ana sayfa","item":"http:\/\/ticaret.edu.tr\/kadin-ve-aile-uygulama-ve-arastirma-merkezi\/"},{"@type":"ListItem","position":2,"name":"Homepage"}]},{"@type":"WebSite","@id":"http:\/\/ticaret.edu.tr\/kadin-ve-aile-uygulama-ve-arastirma-merkezi\/#website","url":"http:\/\/ticaret.edu.tr\/kadin-ve-aile-uygulama-ve-arastirma-merkezi\/","name":"Kad\u0131n ve Aile Uygulama ve Ara\u015ft\u0131rma Merkezi","description":"Bir ba\u015fka \u0130stanbul Ticaret \u00dcniversitesi site sitesi","potentialAction":[{"@type":"SearchAction","target":{"@type":"EntryPoint","urlTemplate":"http:\/\/ticaret.edu.tr\/kadin-ve-aile-uygulama-ve-arastirma-merkezi\/?s={search_term_string}"},"query-input":"required name=search_term_string"}],"inLanguage":"tr"}]}},"lang":"en","translations":{"en":329,"tr":5},"pll_sync_post":[],"_links":{"self":[{"href":"http:\/\/ticaret.edu.tr\/kadin-ve-aile-uygulama-ve-arastirma-merkezi\/wp-json\/wp\/v2\/pages\/329"}],"collection":[{"href":"http:\/\/ticaret.edu.tr\/kadin-ve-aile-uygulama-ve-arastirma-merkezi\/wp-json\/wp\/v2\/pages"}],"about":[{"href":"http:\/\/ticaret.edu.tr\/kadin-ve-aile-uygulama-ve-arastirma-merkezi\/wp-json\/wp\/v2\/types\/page"}],"author":[{"embeddable":true,"href":"http:\/\/ticaret.edu.tr\/kadin-ve-aile-uygulama-ve-arastirma-merkezi\/wp-json\/wp\/v2\/users\/149"}],"replies":[{"embeddable":true,"href":"http:\/\/ticaret.edu.tr\/kadin-ve-aile-uygulama-ve-arastirma-merkezi\/wp-json\/wp\/v2\/comments?post=329"}],"version-history":[{"count":9,"href":"http:\/\/ticaret.edu.tr\/kadin-ve-aile-uygulama-ve-arastirma-merkezi\/wp-json\/wp\/v2\/pages\/329\/revisions"}],"predecessor-version":[{"id":760,"href":"http:\/\/ticaret.edu.tr\/kadin-ve-aile-uygulama-ve-arastirma-merkezi\/wp-json\/wp\/v2\/pages\/329\/revisions\/760"}],"wp:attachment":[{"href":"http:\/\/ticaret.edu.tr\/kadin-ve-aile-uygulama-ve-arastirma-merkezi\/wp-json\/wp\/v2\/media?parent=329"}],"curies":[{"name":"wp","href":"https:\/\/api.w.org\/{rel}","templated":true}]}}