{"id":301,"date":"2021-10-27T09:44:43","date_gmt":"2021-10-27T06:44:43","guid":{"rendered":"https:\/\/ticaret.edu.tr\/kcuuam\/?page_id=301"},"modified":"2025-02-25T16:06:14","modified_gmt":"2025-02-25T13:06:14","slug":"about-us","status":"publish","type":"page","link":"http:\/\/ticaret.edu.tr\/komsu-ve-cevre-ulkeler-uygulama-ve-arastirma-merkezi\/en\/about-us\/","title":{"rendered":"ABOUT US"},"content":{"rendered":"<h1 class=\"x_entry-title\">Board of Management<\/h1>\n<div class=\"x_entry-content\">\n<p>Assoc Prof. U\u011fur Yasin Asal (Director)<br aria-hidden=\"true\" \/>Assist Prof.\u00a0Kamala Valiyeva (Deputy Manager)<br aria-hidden=\"true\" \/>Prof. Y\u00fccel O\u011furlu<br aria-hidden=\"true\" \/>Prof. Said Yaz\u0131c\u0131o\u011flu<br aria-hidden=\"true\" \/>Assoc Prof. Mustafa Poyraz<br aria-hidden=\"true\" \/>Assist Prof. Abdulkadir Ak\u0131l<br aria-hidden=\"true\" \/>Assist Prof.\u00a0\u00a0Ay\u015fen Baylak G\u00fcng\u00f6r<br aria-hidden=\"true\" \/>Assist Prof.\u00a0\u00a0Ay\u015fem Biriz Kara\u00e7ay<\/p>\n<h1 class=\"x_entry-title\">Advisory Board<\/h1>\n<\/div>\n<p>Prof. Mehmet Akif OKUR<br \/>\nProf. Muhidin MULALIC (Bosnia)<br \/>\nProf. Muhamed ALI (Macedonia)<br \/>\nAssoc Prof. Ali \u00c7AKSU<br \/>\nAssoc Prof. Nazgul ISABAEVA (K\u0131rg\u0131zistan)<br \/>\nAssist Prof. KAMALOVA (Uzbekistan)<br \/>\nAssist Prof.\u00a0Nurhan YAPRAK<br \/>\nAssist Prof.\u00a0Ahmed KULANIC (Bosnia)<br \/>\nAssist Prof. Emir HADZIKADUNIC (Bosnia)<br \/>\nAssist Prof. Idlir LIKA (Albania)<br \/>\nResearch Assist. Zeynep \u00c7EL\u0130K G\u00dcLSEVEN<br \/>\nResearch Assist.\u00a0\u00a0Muratcan G\u00d6KDEM\u0130R<br \/>\nCeyhun A\u015e\u0130ROV (Azerbaijan)<br \/>\nMeriamkul ISSAYEVA (Kazakistan)<br \/>\nNazgul KENZHETAY (Kazakhistan)<br \/>\nBilly AGWANDA (Kenya)<br \/>\nScholar Res. Reziwanguli TUERHONG (China)<br \/>\nScholar Res. Mahammad FARAJOV (Azerbaijan)<br \/>\nScholar Res.\u00a0Maysa JUMASHEVA KILIC (Turkmenistan)<br \/>\nScholar Res.\u00a0Sirad Jafer MOHAMED (Somalia)<br \/>\nScholar Res.\u00a0S\u00fcleyman Ibrahim SH-HUSSEIN (Somalia)<\/p>\n<p>&nbsp;<\/p>\n<p>&nbsp;<\/p>\n","protected":false},"excerpt":{"rendered":"<p>Board of Management Assoc Prof. U\u011fur Yasin Asal (Director)Assist Prof.\u00a0Kamala Valiyeva (Deputy Manager)Prof. Y\u00fccel O\u011furluProf. Said Yaz\u0131c\u0131o\u011fluAssoc Prof. Mustafa PoyrazAssist Prof. Abdulkadir Ak\u0131lAssist Prof.\u00a0\u00a0Ay\u015fen Baylak G\u00fcng\u00f6rAssist Prof.\u00a0\u00a0Ay\u015fem Biriz Kara\u00e7ay Advisory Board Prof. Mehmet Akif OKUR Prof. Muhidin MULALIC (Bosnia) Prof. Muhamed ALI (Macedonia) Assoc Prof. Ali \u00c7AKSU Assoc Prof. Nazgul ISABAEVA (K\u0131rg\u0131zistan) Assist Prof. KAMALOVA [&hellip;]<\/p>\n","protected":false},"author":149,"featured_media":0,"parent":0,"menu_order":0,"comment_status":"closed","ping_status":"closed","template":"genel_sayfa.php","meta":{"footnotes":""},"yoast_head":"<!-- This site is optimized with the Yoast SEO Premium plugin v22.1 (Yoast SEO v22.1) - https:\/\/yoast.com\/wordpress\/plugins\/seo\/ -->\n<title>ABOUT US - Kom\u015fu ve \u00c7evre \u00dclkeler Uygulama ve Ara\u015ft\u0131rma Merkezi<\/title>\n<meta name=\"robots\" content=\"index, follow, max-snippet:-1, max-image-preview:large, max-video-preview:-1\" \/>\n<link rel=\"canonical\" href=\"https:\/\/ticaret.edu.tr\/komsu-ve-cevre-ulkeler-uygulama-ve-arastirma-merkezi\/en\/about-us\/\" \/>\n<meta property=\"og:locale\" content=\"tr_TR\" \/>\n<meta property=\"og:type\" content=\"article\" \/>\n<meta property=\"og:title\" content=\"ABOUT US\" \/>\n<meta property=\"og:description\" content=\"Board of Management Assoc Prof. U\u011fur Yasin Asal (Director)Assist Prof.\u00a0Kamala Valiyeva (Deputy Manager)Prof. Y\u00fccel O\u011furluProf. Said Yaz\u0131c\u0131o\u011fluAssoc Prof. Mustafa PoyrazAssist Prof. Abdulkadir Ak\u0131lAssist Prof.\u00a0\u00a0Ay\u015fen Baylak G\u00fcng\u00f6rAssist Prof.\u00a0\u00a0Ay\u015fem Biriz Kara\u00e7ay Advisory Board Prof. Mehmet Akif OKUR Prof. Muhidin MULALIC (Bosnia) Prof. Muhamed ALI (Macedonia) Assoc Prof. Ali \u00c7AKSU Assoc Prof. Nazgul ISABAEVA (K\u0131rg\u0131zistan) Assist Prof. KAMALOVA [&hellip;]\" \/>\n<meta property=\"og:url\" content=\"https:\/\/ticaret.edu.tr\/komsu-ve-cevre-ulkeler-uygulama-ve-arastirma-merkezi\/en\/about-us\/\" \/>\n<meta property=\"og:site_name\" content=\"Kom\u015fu ve \u00c7evre \u00dclkeler Uygulama ve Ara\u015ft\u0131rma Merkezi\" \/>\n<meta property=\"article:publisher\" content=\"https:\/\/www.facebook.com\/ticaretedutr\" \/>\n<meta property=\"article:modified_time\" content=\"2025-02-25T13:06:14+00:00\" \/>\n<meta property=\"og:image\" content=\"http:\/\/ticaret.edu.tr\/komsu-ve-cevre-ulkeler-uygulama-ve-arastirma-merkezi\/wp-content\/uploads\/sites\/44\/2021\/11\/web_logo-01.jpg\" \/>\n\t<meta property=\"og:image:width\" content=\"1250\" \/>\n\t<meta property=\"og:image:height\" content=\"833\" \/>\n\t<meta property=\"og:image:type\" content=\"image\/jpeg\" \/>\n<meta name=\"twitter:card\" content=\"summary_large_image\" \/>\n<meta name=\"twitter:site\" content=\"@ticaretedutr\" \/>\n<meta name=\"twitter:label1\" content=\"Tahmini okuma s\u00fcresi\" \/>\n\t<meta name=\"twitter:data1\" content=\"1 dakika\" \/>\n<script type=\"application\/ld+json\" class=\"yoast-schema-graph\">{\"@context\":\"https:\/\/schema.org\",\"@graph\":[{\"@type\":\"WebPage\",\"@id\":\"https:\/\/ticaret.edu.tr\/komsu-ve-cevre-ulkeler-uygulama-ve-arastirma-merkezi\/en\/about-us\/\",\"url\":\"https:\/\/ticaret.edu.tr\/komsu-ve-cevre-ulkeler-uygulama-ve-arastirma-merkezi\/en\/about-us\/\",\"name\":\"ABOUT US - Kom\u015fu ve \u00c7evre \u00dclkeler Uygulama ve Ara\u015ft\u0131rma Merkezi\",\"isPartOf\":{\"@id\":\"https:\/\/ticaret.edu.tr\/komsu-ve-cevre-ulkeler-uygulama-ve-arastirma-merkezi\/en\/#website\"},\"datePublished\":\"2021-10-27T06:44:43+00:00\",\"dateModified\":\"2025-02-25T13:06:14+00:00\",\"breadcrumb\":{\"@id\":\"https:\/\/ticaret.edu.tr\/komsu-ve-cevre-ulkeler-uygulama-ve-arastirma-merkezi\/en\/about-us\/#breadcrumb\"},\"inLanguage\":\"tr\",\"potentialAction\":[{\"@type\":\"ReadAction\",\"target\":[\"https:\/\/ticaret.edu.tr\/komsu-ve-cevre-ulkeler-uygulama-ve-arastirma-merkezi\/en\/about-us\/\"]}]},{\"@type\":\"BreadcrumbList\",\"@id\":\"https:\/\/ticaret.edu.tr\/komsu-ve-cevre-ulkeler-uygulama-ve-arastirma-merkezi\/en\/about-us\/#breadcrumb\",\"itemListElement\":[{\"@type\":\"ListItem\",\"position\":1,\"name\":\"Ana sayfa\",\"item\":\"https:\/\/ticaret.edu.tr\/komsu-ve-cevre-ulkeler-uygulama-ve-arastirma-merkezi\/\"},{\"@type\":\"ListItem\",\"position\":2,\"name\":\"ABOUT US\"}]},{\"@type\":\"WebSite\",\"@id\":\"https:\/\/ticaret.edu.tr\/komsu-ve-cevre-ulkeler-uygulama-ve-arastirma-merkezi\/en\/#website\",\"url\":\"https:\/\/ticaret.edu.tr\/komsu-ve-cevre-ulkeler-uygulama-ve-arastirma-merkezi\/en\/\",\"name\":\"Kom\u015fu ve \u00c7evre \u00dclkeler Uygulama ve Ara\u015ft\u0131rma Merkezi\",\"description\":\"Bir ba\u015fka \u0130stanbul Ticaret \u00dcniversitesi site sitesi\",\"potentialAction\":[{\"@type\":\"SearchAction\",\"target\":{\"@type\":\"EntryPoint\",\"urlTemplate\":\"https:\/\/ticaret.edu.tr\/komsu-ve-cevre-ulkeler-uygulama-ve-arastirma-merkezi\/en\/?s={search_term_string}\"},\"query-input\":\"required name=search_term_string\"}],\"inLanguage\":\"tr\"}]}<\/script>\n<!-- \/ Yoast SEO Premium plugin. -->","yoast_head_json":{"title":"ABOUT US - Kom\u015fu ve \u00c7evre \u00dclkeler Uygulama ve Ara\u015ft\u0131rma Merkezi","robots":{"index":"index","follow":"follow","max-snippet":"max-snippet:-1","max-image-preview":"max-image-preview:large","max-video-preview":"max-video-preview:-1"},"canonical":"https:\/\/ticaret.edu.tr\/komsu-ve-cevre-ulkeler-uygulama-ve-arastirma-merkezi\/en\/about-us\/","og_locale":"tr_TR","og_type":"article","og_title":"ABOUT US","og_description":"Board of Management Assoc Prof. U\u011fur Yasin Asal (Director)Assist Prof.\u00a0Kamala Valiyeva (Deputy Manager)Prof. Y\u00fccel O\u011furluProf. Said Yaz\u0131c\u0131o\u011fluAssoc Prof. Mustafa PoyrazAssist Prof. Abdulkadir Ak\u0131lAssist Prof.\u00a0\u00a0Ay\u015fen Baylak G\u00fcng\u00f6rAssist Prof.\u00a0\u00a0Ay\u015fem Biriz Kara\u00e7ay Advisory Board Prof. Mehmet Akif OKUR Prof. Muhidin MULALIC (Bosnia) Prof. Muhamed ALI (Macedonia) Assoc Prof. Ali \u00c7AKSU Assoc Prof. Nazgul ISABAEVA (K\u0131rg\u0131zistan) Assist Prof. KAMALOVA [&hellip;]","og_url":"https:\/\/ticaret.edu.tr\/komsu-ve-cevre-ulkeler-uygulama-ve-arastirma-merkezi\/en\/about-us\/","og_site_name":"Kom\u015fu ve \u00c7evre \u00dclkeler Uygulama ve Ara\u015ft\u0131rma Merkezi","article_publisher":"https:\/\/www.facebook.com\/ticaretedutr","article_modified_time":"2025-02-25T13:06:14+00:00","og_image":[{"width":1250,"height":833,"url":"http:\/\/ticaret.edu.tr\/komsu-ve-cevre-ulkeler-uygulama-ve-arastirma-merkezi\/wp-content\/uploads\/sites\/44\/2021\/11\/web_logo-01.jpg","type":"image\/jpeg"}],"twitter_card":"summary_large_image","twitter_site":"@ticaretedutr","twitter_misc":{"Tahmini okuma s\u00fcresi":"1 dakika"},"schema":{"@context":"https:\/\/schema.org","@graph":[{"@type":"WebPage","@id":"https:\/\/ticaret.edu.tr\/komsu-ve-cevre-ulkeler-uygulama-ve-arastirma-merkezi\/en\/about-us\/","url":"https:\/\/ticaret.edu.tr\/komsu-ve-cevre-ulkeler-uygulama-ve-arastirma-merkezi\/en\/about-us\/","name":"ABOUT US - Kom\u015fu ve \u00c7evre \u00dclkeler Uygulama ve Ara\u015ft\u0131rma Merkezi","isPartOf":{"@id":"https:\/\/ticaret.edu.tr\/komsu-ve-cevre-ulkeler-uygulama-ve-arastirma-merkezi\/en\/#website"},"datePublished":"2021-10-27T06:44:43+00:00","dateModified":"2025-02-25T13:06:14+00:00","breadcrumb":{"@id":"https:\/\/ticaret.edu.tr\/komsu-ve-cevre-ulkeler-uygulama-ve-arastirma-merkezi\/en\/about-us\/#breadcrumb"},"inLanguage":"tr","potentialAction":[{"@type":"ReadAction","target":["https:\/\/ticaret.edu.tr\/komsu-ve-cevre-ulkeler-uygulama-ve-arastirma-merkezi\/en\/about-us\/"]}]},{"@type":"BreadcrumbList","@id":"https:\/\/ticaret.edu.tr\/komsu-ve-cevre-ulkeler-uygulama-ve-arastirma-merkezi\/en\/about-us\/#breadcrumb","itemListElement":[{"@type":"ListItem","position":1,"name":"Ana sayfa","item":"https:\/\/ticaret.edu.tr\/komsu-ve-cevre-ulkeler-uygulama-ve-arastirma-merkezi\/"},{"@type":"ListItem","position":2,"name":"ABOUT US"}]},{"@type":"WebSite","@id":"https:\/\/ticaret.edu.tr\/komsu-ve-cevre-ulkeler-uygulama-ve-arastirma-merkezi\/en\/#website","url":"https:\/\/ticaret.edu.tr\/komsu-ve-cevre-ulkeler-uygulama-ve-arastirma-merkezi\/en\/","name":"Kom\u015fu ve \u00c7evre \u00dclkeler Uygulama ve Ara\u015ft\u0131rma Merkezi","description":"Bir ba\u015fka \u0130stanbul Ticaret \u00dcniversitesi site sitesi","potentialAction":[{"@type":"SearchAction","target":{"@type":"EntryPoint","urlTemplate":"https:\/\/ticaret.edu.tr\/komsu-ve-cevre-ulkeler-uygulama-ve-arastirma-merkezi\/en\/?s={search_term_string}"},"query-input":"required name=search_term_string"}],"inLanguage":"tr"}]}},"lang":"en","translations":{"en":301,"tr":9},"pll_sync_post":[],"_links":{"self":[{"href":"http:\/\/ticaret.edu.tr\/komsu-ve-cevre-ulkeler-uygulama-ve-arastirma-merkezi\/wp-json\/wp\/v2\/pages\/301"}],"collection":[{"href":"http:\/\/ticaret.edu.tr\/komsu-ve-cevre-ulkeler-uygulama-ve-arastirma-merkezi\/wp-json\/wp\/v2\/pages"}],"about":[{"href":"http:\/\/ticaret.edu.tr\/komsu-ve-cevre-ulkeler-uygulama-ve-arastirma-merkezi\/wp-json\/wp\/v2\/types\/page"}],"author":[{"embeddable":true,"href":"http:\/\/ticaret.edu.tr\/komsu-ve-cevre-ulkeler-uygulama-ve-arastirma-merkezi\/wp-json\/wp\/v2\/users\/149"}],"replies":[{"embeddable":true,"href":"http:\/\/ticaret.edu.tr\/komsu-ve-cevre-ulkeler-uygulama-ve-arastirma-merkezi\/wp-json\/wp\/v2\/comments?post=301"}],"version-history":[{"count":12,"href":"http:\/\/ticaret.edu.tr\/komsu-ve-cevre-ulkeler-uygulama-ve-arastirma-merkezi\/wp-json\/wp\/v2\/pages\/301\/revisions"}],"predecessor-version":[{"id":549,"href":"http:\/\/ticaret.edu.tr\/komsu-ve-cevre-ulkeler-uygulama-ve-arastirma-merkezi\/wp-json\/wp\/v2\/pages\/301\/revisions\/549"}],"wp:attachment":[{"href":"http:\/\/ticaret.edu.tr\/komsu-ve-cevre-ulkeler-uygulama-ve-arastirma-merkezi\/wp-json\/wp\/v2\/media?parent=301"}],"curies":[{"name":"wp","href":"https:\/\/api.w.org\/{rel}","templated":true}]}}