{"id":303,"date":"2021-10-27T09:45:14","date_gmt":"2021-10-27T06:45:14","guid":{"rendered":"https:\/\/ticaret.edu.tr\/kcuuam\/?page_id=303"},"modified":"2025-02-25T16:06:19","modified_gmt":"2025-02-25T13:06:19","slug":"report","status":"publish","type":"page","link":"http:\/\/ticaret.edu.tr\/komsu-ve-cevre-ulkeler-uygulama-ve-arastirma-merkezi\/en\/report\/","title":{"rendered":"REPORT"},"content":{"rendered":"<p><img loading=\"lazy\" decoding=\"async\" class=\"alignnone wp-image-481 size-full\" src=\"http:\/\/ticaret.edu.tr\/komsu-ve-cevre-ulkeler-uygulama-ve-arastirma-merkezi\/wp-content\/uploads\/sites\/44\/2021\/12\/suriye-212x300-1.jpg\" alt=\"Syrian\" width=\"212\" height=\"300\" \/><\/p>\n<p><a href=\"http:\/\/ticaret.edu.tr\/komsu-ve-cevre-ulkeler-uygulama-ve-arastirma-merkezi\/wp-content\/uploads\/sites\/44\/2021\/12\/Suriyeli-Multeciler-Paneli.pdf\">Here is panel report<\/a><\/p>\n","protected":false},"excerpt":{"rendered":"<p>Here is panel report<\/p>\n","protected":false},"author":149,"featured_media":0,"parent":0,"menu_order":0,"comment_status":"closed","ping_status":"closed","template":"genel_sayfa.php","meta":{"footnotes":""},"yoast_head":"<!-- This site is optimized with the Yoast SEO Premium plugin v22.1 (Yoast SEO v22.1) - https:\/\/yoast.com\/wordpress\/plugins\/seo\/ -->\n<title>REPORT - Kom\u015fu ve \u00c7evre \u00dclkeler Uygulama ve Ara\u015ft\u0131rma Merkezi<\/title>\n<meta name=\"robots\" content=\"index, follow, max-snippet:-1, max-image-preview:large, max-video-preview:-1\" \/>\n<link rel=\"canonical\" href=\"https:\/\/ticaret.edu.tr\/komsu-ve-cevre-ulkeler-uygulama-ve-arastirma-merkezi\/en\/report\/\" \/>\n<meta property=\"og:locale\" content=\"tr_TR\" \/>\n<meta property=\"og:type\" content=\"article\" \/>\n<meta property=\"og:title\" content=\"REPORT\" \/>\n<meta property=\"og:description\" content=\"Here is panel report\" \/>\n<meta property=\"og:url\" content=\"https:\/\/ticaret.edu.tr\/komsu-ve-cevre-ulkeler-uygulama-ve-arastirma-merkezi\/en\/report\/\" \/>\n<meta property=\"og:site_name\" content=\"Kom\u015fu ve \u00c7evre \u00dclkeler Uygulama ve Ara\u015ft\u0131rma Merkezi\" \/>\n<meta property=\"article:publisher\" content=\"https:\/\/www.facebook.com\/ticaretedutr\" \/>\n<meta property=\"article:modified_time\" content=\"2025-02-25T13:06:19+00:00\" \/>\n<meta property=\"og:image\" content=\"http:\/\/ticaret.edu.tr\/komsu-ve-cevre-ulkeler-uygulama-ve-arastirma-merkezi\/wp-content\/uploads\/sites\/44\/2021\/12\/suriye-212x300-1.jpg\" \/>\n<meta name=\"twitter:card\" content=\"summary_large_image\" \/>\n<meta name=\"twitter:site\" content=\"@ticaretedutr\" \/>\n<meta name=\"twitter:label1\" content=\"Tahmini okuma s\u00fcresi\" \/>\n\t<meta name=\"twitter:data1\" content=\"1 dakika\" \/>\n<script type=\"application\/ld+json\" class=\"yoast-schema-graph\">{\"@context\":\"https:\/\/schema.org\",\"@graph\":[{\"@type\":\"WebPage\",\"@id\":\"https:\/\/ticaret.edu.tr\/komsu-ve-cevre-ulkeler-uygulama-ve-arastirma-merkezi\/en\/report\/\",\"url\":\"https:\/\/ticaret.edu.tr\/komsu-ve-cevre-ulkeler-uygulama-ve-arastirma-merkezi\/en\/report\/\",\"name\":\"REPORT - Kom\u015fu ve \u00c7evre \u00dclkeler Uygulama ve Ara\u015ft\u0131rma Merkezi\",\"isPartOf\":{\"@id\":\"https:\/\/ticaret.edu.tr\/komsu-ve-cevre-ulkeler-uygulama-ve-arastirma-merkezi\/en\/#website\"},\"datePublished\":\"2021-10-27T06:45:14+00:00\",\"dateModified\":\"2025-02-25T13:06:19+00:00\",\"breadcrumb\":{\"@id\":\"https:\/\/ticaret.edu.tr\/komsu-ve-cevre-ulkeler-uygulama-ve-arastirma-merkezi\/en\/report\/#breadcrumb\"},\"inLanguage\":\"tr\",\"potentialAction\":[{\"@type\":\"ReadAction\",\"target\":[\"https:\/\/ticaret.edu.tr\/komsu-ve-cevre-ulkeler-uygulama-ve-arastirma-merkezi\/en\/report\/\"]}]},{\"@type\":\"BreadcrumbList\",\"@id\":\"https:\/\/ticaret.edu.tr\/komsu-ve-cevre-ulkeler-uygulama-ve-arastirma-merkezi\/en\/report\/#breadcrumb\",\"itemListElement\":[{\"@type\":\"ListItem\",\"position\":1,\"name\":\"Ana sayfa\",\"item\":\"https:\/\/ticaret.edu.tr\/komsu-ve-cevre-ulkeler-uygulama-ve-arastirma-merkezi\/\"},{\"@type\":\"ListItem\",\"position\":2,\"name\":\"REPORT\"}]},{\"@type\":\"WebSite\",\"@id\":\"https:\/\/ticaret.edu.tr\/komsu-ve-cevre-ulkeler-uygulama-ve-arastirma-merkezi\/en\/#website\",\"url\":\"https:\/\/ticaret.edu.tr\/komsu-ve-cevre-ulkeler-uygulama-ve-arastirma-merkezi\/en\/\",\"name\":\"Kom\u015fu ve \u00c7evre \u00dclkeler Uygulama ve Ara\u015ft\u0131rma Merkezi\",\"description\":\"Bir ba\u015fka \u0130stanbul Ticaret \u00dcniversitesi site sitesi\",\"potentialAction\":[{\"@type\":\"SearchAction\",\"target\":{\"@type\":\"EntryPoint\",\"urlTemplate\":\"https:\/\/ticaret.edu.tr\/komsu-ve-cevre-ulkeler-uygulama-ve-arastirma-merkezi\/en\/?s={search_term_string}\"},\"query-input\":\"required name=search_term_string\"}],\"inLanguage\":\"tr\"}]}<\/script>\n<!-- \/ Yoast SEO Premium plugin. -->","yoast_head_json":{"title":"REPORT - Kom\u015fu ve \u00c7evre \u00dclkeler Uygulama ve Ara\u015ft\u0131rma Merkezi","robots":{"index":"index","follow":"follow","max-snippet":"max-snippet:-1","max-image-preview":"max-image-preview:large","max-video-preview":"max-video-preview:-1"},"canonical":"https:\/\/ticaret.edu.tr\/komsu-ve-cevre-ulkeler-uygulama-ve-arastirma-merkezi\/en\/report\/","og_locale":"tr_TR","og_type":"article","og_title":"REPORT","og_description":"Here is panel report","og_url":"https:\/\/ticaret.edu.tr\/komsu-ve-cevre-ulkeler-uygulama-ve-arastirma-merkezi\/en\/report\/","og_site_name":"Kom\u015fu ve \u00c7evre \u00dclkeler Uygulama ve Ara\u015ft\u0131rma Merkezi","article_publisher":"https:\/\/www.facebook.com\/ticaretedutr","article_modified_time":"2025-02-25T13:06:19+00:00","og_image":[{"url":"http:\/\/ticaret.edu.tr\/komsu-ve-cevre-ulkeler-uygulama-ve-arastirma-merkezi\/wp-content\/uploads\/sites\/44\/2021\/12\/suriye-212x300-1.jpg"}],"twitter_card":"summary_large_image","twitter_site":"@ticaretedutr","twitter_misc":{"Tahmini okuma s\u00fcresi":"1 dakika"},"schema":{"@context":"https:\/\/schema.org","@graph":[{"@type":"WebPage","@id":"https:\/\/ticaret.edu.tr\/komsu-ve-cevre-ulkeler-uygulama-ve-arastirma-merkezi\/en\/report\/","url":"https:\/\/ticaret.edu.tr\/komsu-ve-cevre-ulkeler-uygulama-ve-arastirma-merkezi\/en\/report\/","name":"REPORT - Kom\u015fu ve \u00c7evre \u00dclkeler Uygulama ve Ara\u015ft\u0131rma Merkezi","isPartOf":{"@id":"https:\/\/ticaret.edu.tr\/komsu-ve-cevre-ulkeler-uygulama-ve-arastirma-merkezi\/en\/#website"},"datePublished":"2021-10-27T06:45:14+00:00","dateModified":"2025-02-25T13:06:19+00:00","breadcrumb":{"@id":"https:\/\/ticaret.edu.tr\/komsu-ve-cevre-ulkeler-uygulama-ve-arastirma-merkezi\/en\/report\/#breadcrumb"},"inLanguage":"tr","potentialAction":[{"@type":"ReadAction","target":["https:\/\/ticaret.edu.tr\/komsu-ve-cevre-ulkeler-uygulama-ve-arastirma-merkezi\/en\/report\/"]}]},{"@type":"BreadcrumbList","@id":"https:\/\/ticaret.edu.tr\/komsu-ve-cevre-ulkeler-uygulama-ve-arastirma-merkezi\/en\/report\/#breadcrumb","itemListElement":[{"@type":"ListItem","position":1,"name":"Ana sayfa","item":"https:\/\/ticaret.edu.tr\/komsu-ve-cevre-ulkeler-uygulama-ve-arastirma-merkezi\/"},{"@type":"ListItem","position":2,"name":"REPORT"}]},{"@type":"WebSite","@id":"https:\/\/ticaret.edu.tr\/komsu-ve-cevre-ulkeler-uygulama-ve-arastirma-merkezi\/en\/#website","url":"https:\/\/ticaret.edu.tr\/komsu-ve-cevre-ulkeler-uygulama-ve-arastirma-merkezi\/en\/","name":"Kom\u015fu ve \u00c7evre \u00dclkeler Uygulama ve Ara\u015ft\u0131rma Merkezi","description":"Bir ba\u015fka \u0130stanbul Ticaret \u00dcniversitesi site sitesi","potentialAction":[{"@type":"SearchAction","target":{"@type":"EntryPoint","urlTemplate":"https:\/\/ticaret.edu.tr\/komsu-ve-cevre-ulkeler-uygulama-ve-arastirma-merkezi\/en\/?s={search_term_string}"},"query-input":"required name=search_term_string"}],"inLanguage":"tr"}]}},"lang":"en","translations":{"en":303,"tr":8},"pll_sync_post":[],"_links":{"self":[{"href":"http:\/\/ticaret.edu.tr\/komsu-ve-cevre-ulkeler-uygulama-ve-arastirma-merkezi\/wp-json\/wp\/v2\/pages\/303"}],"collection":[{"href":"http:\/\/ticaret.edu.tr\/komsu-ve-cevre-ulkeler-uygulama-ve-arastirma-merkezi\/wp-json\/wp\/v2\/pages"}],"about":[{"href":"http:\/\/ticaret.edu.tr\/komsu-ve-cevre-ulkeler-uygulama-ve-arastirma-merkezi\/wp-json\/wp\/v2\/types\/page"}],"author":[{"embeddable":true,"href":"http:\/\/ticaret.edu.tr\/komsu-ve-cevre-ulkeler-uygulama-ve-arastirma-merkezi\/wp-json\/wp\/v2\/users\/149"}],"replies":[{"embeddable":true,"href":"http:\/\/ticaret.edu.tr\/komsu-ve-cevre-ulkeler-uygulama-ve-arastirma-merkezi\/wp-json\/wp\/v2\/comments?post=303"}],"version-history":[{"count":3,"href":"http:\/\/ticaret.edu.tr\/komsu-ve-cevre-ulkeler-uygulama-ve-arastirma-merkezi\/wp-json\/wp\/v2\/pages\/303\/revisions"}],"predecessor-version":[{"id":484,"href":"http:\/\/ticaret.edu.tr\/komsu-ve-cevre-ulkeler-uygulama-ve-arastirma-merkezi\/wp-json\/wp\/v2\/pages\/303\/revisions\/484"}],"wp:attachment":[{"href":"http:\/\/ticaret.edu.tr\/komsu-ve-cevre-ulkeler-uygulama-ve-arastirma-merkezi\/wp-json\/wp\/v2\/media?parent=303"}],"curies":[{"name":"wp","href":"https:\/\/api.w.org\/{rel}","templated":true}]}}