{"id":8,"date":"2020-07-19T05:31:32","date_gmt":"2020-07-19T02:31:32","guid":{"rendered":"http:\/\/ticaret.edu.tr\/kcuuam\/?page_id=8"},"modified":"2025-02-25T16:06:18","modified_gmt":"2025-02-25T13:06:18","slug":"raporlar","status":"publish","type":"page","link":"http:\/\/ticaret.edu.tr\/komsu-ve-cevre-ulkeler-uygulama-ve-arastirma-merkezi\/raporlar\/","title":{"rendered":"Raporlar"},"content":{"rendered":"<h1 class=\"entry-title\">Raporlar<\/h1>\n<p><img loading=\"lazy\" decoding=\"async\" class=\"size-medium wp-image-37 aligncenter\" src=\"http:\/\/ticaret.edu.tr\/kcuuam\/wp-content\/uploads\/sites\/44\/2021\/01\/suriye-212x300.jpg\" alt=\"\" width=\"212\" height=\"300\" srcset=\"http:\/\/ticaret.edu.tr\/komsu-ve-cevre-ulkeler-uygulama-ve-arastirma-merkezi\/wp-content\/uploads\/sites\/44\/2021\/01\/suriye-212x300.jpg 212w, http:\/\/ticaret.edu.tr\/komsu-ve-cevre-ulkeler-uygulama-ve-arastirma-merkezi\/wp-content\/uploads\/sites\/44\/2021\/01\/suriye.jpg 650w\" sizes=\"(max-width: 212px) 100vw, 212px\" \/><\/p>\n<div class=\"entry-content\">\n<p>Panel kitap\u00e7\u0131\u011f\u0131na\u00a0<a href=\"http:\/\/ww4.ticaret.edu.tr\/komsuulkeler\/wp-content\/uploads\/sites\/65\/2015\/05\/Suriyeli-M%C3%BClteciler-Paneli.pdf\">buradan<\/a>\u00a0ula\u015fabilirsiniz<\/p>\n<p><a href=\"http:\/\/ticaret.edu.tr\/kcuuam\/wp-content\/uploads\/sites\/44\/2021\/01\/Suriyeli-M\u00fclteciler-Paneli.pdf\">Suriyeli-M\u00fclteciler-Paneli<\/a><\/p>\n<\/div>\n","protected":false},"excerpt":{"rendered":"<p>Raporlar Panel kitap\u00e7\u0131\u011f\u0131na\u00a0buradan\u00a0ula\u015fabilirsiniz Suriyeli-M\u00fclteciler-Paneli<\/p>\n","protected":false},"author":101,"featured_media":0,"parent":0,"menu_order":0,"comment_status":"closed","ping_status":"closed","template":"genel_sayfa.php","meta":{"footnotes":""},"yoast_head":"<!-- This site is optimized with the Yoast SEO Premium plugin v22.1 (Yoast SEO v22.1) - https:\/\/yoast.com\/wordpress\/plugins\/seo\/ -->\n<title>Raporlar - Kom\u015fu ve \u00c7evre \u00dclkeler Uygulama ve Ara\u015ft\u0131rma Merkezi<\/title>\n<meta name=\"robots\" content=\"index, follow, max-snippet:-1, max-image-preview:large, max-video-preview:-1\" \/>\n<link rel=\"canonical\" href=\"https:\/\/ticaret.edu.tr\/komsu-ve-cevre-ulkeler-uygulama-ve-arastirma-merkezi\/raporlar\/\" \/>\n<meta property=\"og:locale\" content=\"tr_TR\" \/>\n<meta property=\"og:type\" content=\"article\" \/>\n<meta property=\"og:title\" content=\"Raporlar\" \/>\n<meta property=\"og:description\" content=\"Raporlar Panel kitap\u00e7\u0131\u011f\u0131na\u00a0buradan\u00a0ula\u015fabilirsiniz Suriyeli-M\u00fclteciler-Paneli\" \/>\n<meta property=\"og:url\" content=\"https:\/\/ticaret.edu.tr\/komsu-ve-cevre-ulkeler-uygulama-ve-arastirma-merkezi\/raporlar\/\" \/>\n<meta property=\"og:site_name\" content=\"Kom\u015fu ve \u00c7evre \u00dclkeler Uygulama ve Ara\u015ft\u0131rma Merkezi\" \/>\n<meta property=\"article:publisher\" content=\"https:\/\/www.facebook.com\/ticaretedutr\" \/>\n<meta property=\"article:modified_time\" content=\"2025-02-25T13:06:18+00:00\" \/>\n<meta property=\"og:image\" content=\"http:\/\/ticaret.edu.tr\/kcuuam\/wp-content\/uploads\/sites\/44\/2021\/01\/suriye-212x300.jpg\" \/>\n<meta name=\"twitter:card\" content=\"summary_large_image\" \/>\n<meta name=\"twitter:site\" content=\"@ticaretedutr\" \/>\n<script type=\"application\/ld+json\" class=\"yoast-schema-graph\">{\"@context\":\"https:\/\/schema.org\",\"@graph\":[{\"@type\":\"WebPage\",\"@id\":\"https:\/\/ticaret.edu.tr\/komsu-ve-cevre-ulkeler-uygulama-ve-arastirma-merkezi\/raporlar\/\",\"url\":\"https:\/\/ticaret.edu.tr\/komsu-ve-cevre-ulkeler-uygulama-ve-arastirma-merkezi\/raporlar\/\",\"name\":\"Raporlar - Kom\u015fu ve \u00c7evre \u00dclkeler Uygulama ve Ara\u015ft\u0131rma Merkezi\",\"isPartOf\":{\"@id\":\"https:\/\/ticaret.edu.tr\/komsu-ve-cevre-ulkeler-uygulama-ve-arastirma-merkezi\/en\/#website\"},\"datePublished\":\"2020-07-19T02:31:32+00:00\",\"dateModified\":\"2025-02-25T13:06:18+00:00\",\"breadcrumb\":{\"@id\":\"https:\/\/ticaret.edu.tr\/komsu-ve-cevre-ulkeler-uygulama-ve-arastirma-merkezi\/raporlar\/#breadcrumb\"},\"inLanguage\":\"tr\",\"potentialAction\":[{\"@type\":\"ReadAction\",\"target\":[\"https:\/\/ticaret.edu.tr\/komsu-ve-cevre-ulkeler-uygulama-ve-arastirma-merkezi\/raporlar\/\"]}]},{\"@type\":\"BreadcrumbList\",\"@id\":\"https:\/\/ticaret.edu.tr\/komsu-ve-cevre-ulkeler-uygulama-ve-arastirma-merkezi\/raporlar\/#breadcrumb\",\"itemListElement\":[{\"@type\":\"ListItem\",\"position\":1,\"name\":\"Ana sayfa\",\"item\":\"https:\/\/ticaret.edu.tr\/komsu-ve-cevre-ulkeler-uygulama-ve-arastirma-merkezi\/\"},{\"@type\":\"ListItem\",\"position\":2,\"name\":\"Raporlar\"}]},{\"@type\":\"WebSite\",\"@id\":\"https:\/\/ticaret.edu.tr\/komsu-ve-cevre-ulkeler-uygulama-ve-arastirma-merkezi\/en\/#website\",\"url\":\"https:\/\/ticaret.edu.tr\/komsu-ve-cevre-ulkeler-uygulama-ve-arastirma-merkezi\/en\/\",\"name\":\"Kom\u015fu ve \u00c7evre \u00dclkeler Uygulama ve Ara\u015ft\u0131rma Merkezi\",\"description\":\"Bir ba\u015fka \u0130stanbul Ticaret \u00dcniversitesi site sitesi\",\"potentialAction\":[{\"@type\":\"SearchAction\",\"target\":{\"@type\":\"EntryPoint\",\"urlTemplate\":\"https:\/\/ticaret.edu.tr\/komsu-ve-cevre-ulkeler-uygulama-ve-arastirma-merkezi\/en\/?s={search_term_string}\"},\"query-input\":\"required name=search_term_string\"}],\"inLanguage\":\"tr\"}]}<\/script>\n<!-- \/ Yoast SEO Premium plugin. -->","yoast_head_json":{"title":"Raporlar - Kom\u015fu ve \u00c7evre \u00dclkeler Uygulama ve Ara\u015ft\u0131rma Merkezi","robots":{"index":"index","follow":"follow","max-snippet":"max-snippet:-1","max-image-preview":"max-image-preview:large","max-video-preview":"max-video-preview:-1"},"canonical":"https:\/\/ticaret.edu.tr\/komsu-ve-cevre-ulkeler-uygulama-ve-arastirma-merkezi\/raporlar\/","og_locale":"tr_TR","og_type":"article","og_title":"Raporlar","og_description":"Raporlar Panel kitap\u00e7\u0131\u011f\u0131na\u00a0buradan\u00a0ula\u015fabilirsiniz Suriyeli-M\u00fclteciler-Paneli","og_url":"https:\/\/ticaret.edu.tr\/komsu-ve-cevre-ulkeler-uygulama-ve-arastirma-merkezi\/raporlar\/","og_site_name":"Kom\u015fu ve \u00c7evre \u00dclkeler Uygulama ve Ara\u015ft\u0131rma Merkezi","article_publisher":"https:\/\/www.facebook.com\/ticaretedutr","article_modified_time":"2025-02-25T13:06:18+00:00","og_image":[{"url":"http:\/\/ticaret.edu.tr\/kcuuam\/wp-content\/uploads\/sites\/44\/2021\/01\/suriye-212x300.jpg"}],"twitter_card":"summary_large_image","twitter_site":"@ticaretedutr","schema":{"@context":"https:\/\/schema.org","@graph":[{"@type":"WebPage","@id":"https:\/\/ticaret.edu.tr\/komsu-ve-cevre-ulkeler-uygulama-ve-arastirma-merkezi\/raporlar\/","url":"https:\/\/ticaret.edu.tr\/komsu-ve-cevre-ulkeler-uygulama-ve-arastirma-merkezi\/raporlar\/","name":"Raporlar - Kom\u015fu ve \u00c7evre \u00dclkeler Uygulama ve Ara\u015ft\u0131rma Merkezi","isPartOf":{"@id":"https:\/\/ticaret.edu.tr\/komsu-ve-cevre-ulkeler-uygulama-ve-arastirma-merkezi\/en\/#website"},"datePublished":"2020-07-19T02:31:32+00:00","dateModified":"2025-02-25T13:06:18+00:00","breadcrumb":{"@id":"https:\/\/ticaret.edu.tr\/komsu-ve-cevre-ulkeler-uygulama-ve-arastirma-merkezi\/raporlar\/#breadcrumb"},"inLanguage":"tr","potentialAction":[{"@type":"ReadAction","target":["https:\/\/ticaret.edu.tr\/komsu-ve-cevre-ulkeler-uygulama-ve-arastirma-merkezi\/raporlar\/"]}]},{"@type":"BreadcrumbList","@id":"https:\/\/ticaret.edu.tr\/komsu-ve-cevre-ulkeler-uygulama-ve-arastirma-merkezi\/raporlar\/#breadcrumb","itemListElement":[{"@type":"ListItem","position":1,"name":"Ana sayfa","item":"https:\/\/ticaret.edu.tr\/komsu-ve-cevre-ulkeler-uygulama-ve-arastirma-merkezi\/"},{"@type":"ListItem","position":2,"name":"Raporlar"}]},{"@type":"WebSite","@id":"https:\/\/ticaret.edu.tr\/komsu-ve-cevre-ulkeler-uygulama-ve-arastirma-merkezi\/en\/#website","url":"https:\/\/ticaret.edu.tr\/komsu-ve-cevre-ulkeler-uygulama-ve-arastirma-merkezi\/en\/","name":"Kom\u015fu ve \u00c7evre \u00dclkeler Uygulama ve Ara\u015ft\u0131rma Merkezi","description":"Bir ba\u015fka \u0130stanbul Ticaret \u00dcniversitesi site sitesi","potentialAction":[{"@type":"SearchAction","target":{"@type":"EntryPoint","urlTemplate":"https:\/\/ticaret.edu.tr\/komsu-ve-cevre-ulkeler-uygulama-ve-arastirma-merkezi\/en\/?s={search_term_string}"},"query-input":"required name=search_term_string"}],"inLanguage":"tr"}]}},"lang":"tr","translations":{"en":303,"tr":8},"pll_sync_post":[],"_links":{"self":[{"href":"http:\/\/ticaret.edu.tr\/komsu-ve-cevre-ulkeler-uygulama-ve-arastirma-merkezi\/wp-json\/wp\/v2\/pages\/8"}],"collection":[{"href":"http:\/\/ticaret.edu.tr\/komsu-ve-cevre-ulkeler-uygulama-ve-arastirma-merkezi\/wp-json\/wp\/v2\/pages"}],"about":[{"href":"http:\/\/ticaret.edu.tr\/komsu-ve-cevre-ulkeler-uygulama-ve-arastirma-merkezi\/wp-json\/wp\/v2\/types\/page"}],"author":[{"embeddable":true,"href":"http:\/\/ticaret.edu.tr\/komsu-ve-cevre-ulkeler-uygulama-ve-arastirma-merkezi\/wp-json\/wp\/v2\/users\/101"}],"replies":[{"embeddable":true,"href":"http:\/\/ticaret.edu.tr\/komsu-ve-cevre-ulkeler-uygulama-ve-arastirma-merkezi\/wp-json\/wp\/v2\/comments?post=8"}],"version-history":[{"count":4,"href":"http:\/\/ticaret.edu.tr\/komsu-ve-cevre-ulkeler-uygulama-ve-arastirma-merkezi\/wp-json\/wp\/v2\/pages\/8\/revisions"}],"predecessor-version":[{"id":325,"href":"http:\/\/ticaret.edu.tr\/komsu-ve-cevre-ulkeler-uygulama-ve-arastirma-merkezi\/wp-json\/wp\/v2\/pages\/8\/revisions\/325"}],"wp:attachment":[{"href":"http:\/\/ticaret.edu.tr\/komsu-ve-cevre-ulkeler-uygulama-ve-arastirma-merkezi\/wp-json\/wp\/v2\/media?parent=8"}],"curies":[{"name":"wp","href":"https:\/\/api.w.org\/{rel}","templated":true}]}}