{"id":9,"date":"2020-07-19T05:31:45","date_gmt":"2020-07-19T02:31:45","guid":{"rendered":"http:\/\/ticaret.edu.tr\/kcuuam\/?page_id=9"},"modified":"2025-12-23T16:02:03","modified_gmt":"2025-12-23T13:02:03","slug":"hakkimizda","status":"publish","type":"page","link":"http:\/\/ticaret.edu.tr\/komsu-ve-cevre-ulkeler-uygulama-ve-arastirma-merkezi\/hakkimizda\/","title":{"rendered":"Hakk\u0131m\u0131zda"},"content":{"rendered":"<h1 class=\"entry-title\">Y\u00f6netim Kurulu<\/h1>\n<div class=\"entry-content\">\n<p>Prof. Dr. Ahmet Kavas (M\u00fcd\u00fcr)<\/p>\n<p>Dr. \u00d6\u011fr. \u00dcyesi Kamala Valiyeva (M\u00fcd\u00fcr Yard\u0131mc\u0131s\u0131)<\/p>\n<p>Prof. Dr. Said Yaz\u0131c\u0131o\u011flu<\/p>\n<p>Prof. Dr. Mustafa Poyraz<\/p>\n<p>Dr. \u00d6\u011fr. \u00dcyesi Ay\u015fen Baylak G\u00fcng\u00f6r<\/p>\n<p>Dr. \u00d6\u011fr. \u00dcyesi Ay\u015fem Biriz Kara\u00e7ay<\/p>\n<h1 class=\"entry-title\">Dan\u0131\u015fma Kurulu<\/h1>\n<\/div>\n<p>Prof. Dr. \u0130lyas Kemalo\u011flu, Marmara \u00dcniversitesi<\/p>\n<p>Prof. Dr. Ahmedou Aly Mbaye, Senegal Cheikh Anta Diop \u00dcniversitesi<\/p>\n<p>Prof. Dr. Hazem Said Montas\u0131r, M\u0131s\u0131r Ezher \u00dcniversitesi<\/p>\n<p>Prof. Dr. \u0130lhan G\u00fcll\u00fc, Nev\u015fehir Hac\u0131 Bekta\u015f \u00dcniversitesi<\/p>\n<p>Do\u00e7. Dr. Ayd\u0131n \u00d6zkan, \u0130stanbul \u00dcniversitesi<\/p>\n<p>Do\u00e7. Dr. Samir Amghar, Cezayir Setif \u00dcniversitesi<\/p>\n<p>Dr. Ata \u015eahit, TRT-\u0130ran<\/p>\n<p>Ceyhun A\u015firov, G\u00fcrcistan<\/p>\n<p>Nazg\u00fcl Kenzhetay, Kazakistan<\/p>\n<p>Dr. Mehmet \u00c7a\u011fr\u0131 K\u0131z\u0131lta\u015f, Beykent \u00dcniversitesi<\/p>\n<p>&nbsp;<\/p>\n<h1 class=\"entry-title\">Y\u00f6netmelik<\/h1>\n<div class=\"entry-content\">\n<table width=\"586\">\n<tbody>\n<tr>\n<td width=\"196\">21 Ocak 2013 PAZARTES\u0130<\/td>\n<td width=\"196\"><strong>Resm\u00ee Gazete<\/strong><\/td>\n<td width=\"195\">Say\u0131 : 28535<\/td>\n<\/tr>\n<tr>\n<td colspan=\"3\" width=\"586\"><\/td>\n<\/tr>\n<\/tbody>\n<\/table>\n<p><u>\u0130stanbul Ticaret \u00dcniversitesinden:<\/u><br \/>\n<strong>\u0130STANBUL T\u0130CARET \u00dcN\u0130VERS\u0130TES\u0130 Kom\u015fu ve \u00c7evre \u00dclkeler<\/strong><br \/>\n<strong>Uygulama Ve Ara\u015ft\u0131rma Merkezi Y\u00f6netmeli\u011fi<\/strong><br \/>\n<strong>B\u0130R\u0130NC\u0130 B\u00d6L\u00dcM<\/strong><br \/>\n<strong>Ama\u00e7, Kapsam, Dayanak ve Tan\u0131mlar<\/strong><\/p>\n<p><strong>Ama\u00e7<\/strong><br \/>\n<strong>MADDE 1 \u2013<\/strong>\u00a0(1) Bu Y\u00f6netmeli\u011fin amac\u0131; \u0130stanbul Ticaret \u00dcniversitesi Kom\u015fu ve \u00c7evre \u00dclkeler Uygulama ve Ara\u015ft\u0131rma Merkezinin ama\u00e7lar\u0131na, faaliyet alanlar\u0131na, y\u00f6netim organlar\u0131na ve bu organlar\u0131n \u00e7al\u0131\u015fma \u015fekline ili\u015fkin usul ve esaslar\u0131n\u0131 d\u00fczenlemektir.<br \/>\n<strong>Kapsam<\/strong><br \/>\n<strong>MADDE 2 \u2013<\/strong>\u00a0(1) Bu Y\u00f6netmelik; \u0130stanbul Ticaret \u00dcniversitesi Kom\u015fu ve \u00c7evre \u00dclkeler Uygulama ve Ara\u015ft\u0131rma Merkezinin ama\u00e7lar\u0131na, faaliyet alanlar\u0131na, y\u00f6netim organlar\u0131na, g\u00f6revlerine ve \u00e7al\u0131\u015fma \u015fekline ili\u015fkin h\u00fck\u00fcmleri kapsar.<br \/>\n<strong>Dayanak<\/strong><br \/>\n<strong>MADDE 3 \u2013\u00a0<\/strong>(1) Bu Y\u00f6netmelik, 4\/11\/1981 tarihli ve 2547 say\u0131l\u0131 Y\u00fcksek\u00f6\u011fretim Kanununun 7 nci maddesinin birinci f\u0131kras\u0131n\u0131n (d) bendinin (2) numaral\u0131 alt bendi ile 14 \u00fcnc\u00fc maddesine dayan\u0131larak haz\u0131rlanm\u0131\u015ft\u0131r.<br \/>\n<strong>Tan\u0131mlar<\/strong><br \/>\n<strong>MADDE 4 \u2013<\/strong>\u00a0(1) Bu Y\u00f6netmelikte ge\u00e7en;<br \/>\na) Dan\u0131\u015fma Kurulu: Merkezin Dan\u0131\u015fma Kurulunu,<br \/>\nb) Merkez: \u0130stanbul Ticaret \u00dcniversitesi Kom\u015fu ve \u00c7evre \u00dclkeler Uygulama ve Ara\u015ft\u0131rma Merkezini,<br \/>\nc) M\u00fcd\u00fcr: Merkezin M\u00fcd\u00fcr\u00fcn\u00fc,<br \/>\n\u00e7) Rekt\u00f6r: \u0130stanbul Ticaret \u00dcniversitesi Rekt\u00f6r\u00fcn\u00fc,<br \/>\nd) \u00dcniversite: \u0130stanbul Ticaret \u00dcniversitesini,<br \/>\ne) Y\u00f6netim Kurulu: Merkezin Y\u00f6netim Kurulunu,<br \/>\nifade eder.<\/p>\n<p><strong>\u0130K\u0130NC\u0130 B\u00d6L\u00dcM<\/strong><br \/>\n<strong>Merkezin Amac\u0131 ve Faaliyet Alanlar\u0131<\/strong><\/p>\n<p><strong>Merkezin amac\u0131<\/strong><br \/>\n<strong>MADDE 5 \u2013<\/strong>(1) Merkezin amac\u0131; k\u00fcresel ve b\u00f6lgesel alanda ya\u015fanan geli\u015fmeler \u0131\u015f\u0131\u011f\u0131nda Balkanlar, Kafkas \u00fclkeleri, T\u00fcrk Cumhuriyetleri, Ortado\u011fu ve Afrika b\u00f6lgeleri ba\u015fta olmak \u00fczere T\u00fcrkiye\u2019nin yak\u0131n ili\u015fkide oldu\u011fu \u00fclke ve b\u00f6lgelere y\u00f6nelik disiplinleraras\u0131 bir bak\u0131\u015f a\u00e7\u0131s\u0131 ile siyasi, k\u00fclt\u00fcrel, sosyal ve ekonomik alanlar\u0131 i\u00e7eren ara\u015ft\u0131rmalar yapmak, konu ile ilgili ulusal ve uluslararas\u0131 etkinlikler d\u00fczenlemek, akademik yay\u0131nlar yapmak, projeler \u00fcretmek ve bu alanlarda ulusal\/uluslararas\u0131 kurum ve kurulu\u015flarla i\u015fbirli\u011fi yapmakt\u0131r.<br \/>\n<strong>Merkezin faaliyet alanlar\u0131<\/strong><br \/>\n<strong>MADDE 6 \u2013\u00a0<\/strong>(1) Merkezin faaliyet alanlar\u0131 \u015funlard\u0131r:<br \/>\na) Merkezin ama\u00e7lar\u0131 do\u011frultusunda ara\u015ft\u0131rma yapmak, bu ara\u015ft\u0131rmalar\u0131n sonu\u00e7lar\u0131n\u0131 T\u00fcrk\u00e7e veya yabanc\u0131 dillerde yay\u0131mlamak,<br \/>\nb) Merkezin amac\u0131na uygun konularda ulusal ve uluslararas\u0131 nitelikte konferans, sempozyum, kolokyum, seminer ve benzeri faaliyetleri organize etmek ve y\u00fcr\u00fctmek,<br \/>\nc) Merkezin \u00e7al\u0131\u015fma alan\u0131na giren konularda yurt i\u00e7i ve yurt d\u0131\u015f\u0131 ba\u011flant\u0131lar geli\u015ftirmek suretiyle yurt i\u00e7indeki ve d\u0131\u015f\u0131ndaki ilgili kurulu\u015flar ve merkezler ile yak\u0131n ili\u015fki ve i\u015fbirli\u011fi i\u00e7inde olmak,<br \/>\n\u00e7) \u0130lgili \u00fclkelerle ticari ve sosyal faaliyetlerde bulunan ki\u015fi ve kurumlarca birlikte \u00e7al\u0131\u015fmalar yapmak, sonu\u00e7lar\u0131 ile ilgili yay\u0131nlar yapmak,<br \/>\nd) Ara\u015ft\u0131rma yapmaya elveri\u015fli k\u00fct\u00fcphane ve ar\u015fiv olu\u015fturmak, ulusal ve uluslararas\u0131 bir elektronik ileti\u015fim a\u011f\u0131 kurmak,<br \/>\ne) Merkezin \u00e7al\u0131\u015fma alan\u0131na giren konularda her d\u00fczeyde ara\u015ft\u0131r\u0131c\u0131n\u0131n geli\u015fimine y\u00f6nelik e\u011fitim programlar\u0131, konferanslar, kurslar, seminerler, ulusal ve uluslararas\u0131 kongreler d\u00fczenlemek, gerekti\u011finde bu \u00e7al\u0131\u015fmalarla ilgili sertifikalar vermek ve faaliyetlerle ilgili yay\u0131nlar yapmak,<br \/>\nf) \u00dcniversitenin di\u011fer birimlerinde konu ile ilgili ara\u015ft\u0131rmalara destek olmak ve T\u00fcrkiye\u2019de di\u011fer \u00fcniversitelerde benzer ama\u00e7larla kurulmu\u015f olan merkezlerle i\u015fbirli\u011fi yapmak,<br \/>\ng) Amac\u0131 ile ilgili di\u011fer faaliyetlerde bulunmak.<br \/>\n<strong>\u00dc\u00c7\u00dcNC\u00dc B\u00d6L\u00dcM<\/strong><br \/>\n<strong>Merkezin Organlar\u0131 ve G\u00f6revleri, \u00c7al\u0131\u015fma ve Uygulama Birimleri<\/strong><\/p>\n<p><strong>Merkezin organlar\u0131<\/strong><br \/>\n<strong>MADDE 7 \u2013\u00a0<\/strong>(1) Merkezin organlar\u0131 \u015funlard\u0131r:<br \/>\na) M\u00fcd\u00fcr,<br \/>\nb) Y\u00f6netim Kurulu,<br \/>\nc) Dan\u0131\u015fma Kurulu.<br \/>\n<strong>M\u00fcd\u00fcr<\/strong><br \/>\n<strong>MADDE 8 \u2013\u00a0<\/strong>(1) M\u00fcd\u00fcr; \u00dcniversitede tam g\u00fcn \u00e7al\u0131\u015fan \u00f6\u011fretim \u00fcyeleri veya idari personel aras\u0131ndan \u00fc\u00e7 y\u0131l i\u00e7in Rekt\u00f6r taraf\u0131ndan g\u00f6revlendirilir. G\u00f6rev s\u00fcresi sona eren M\u00fcd\u00fcr ayn\u0131 usulle yeniden g\u00f6revlendirilebilir veya g\u00f6revden al\u0131nabilir. M\u00fcd\u00fcr, Merkezin \u00e7al\u0131\u015fmalar\u0131n\u0131n d\u00fczenli olarak y\u00fcr\u00fct\u00fclmesi ve geli\u015ftirilmesinden Rekt\u00f6re kar\u015f\u0131 sorumludur.<br \/>\n(2) M\u00fcd\u00fcr \u00e7al\u0131\u015fmalar\u0131nda kendisine yard\u0131mc\u0131 olmak \u00fczere \u00dcniversitede g\u00f6revli \u00f6\u011fretim \u00fcyeleri ve\/veya idari personeli aras\u0131ndan bir ki\u015fiyi M\u00fcd\u00fcr Yard\u0131mc\u0131s\u0131 olarak g\u00f6revlendirilmek \u00fczere Rekt\u00f6r\u00fcn onay\u0131na sunar. Rekt\u00f6r taraf\u0131ndan g\u00f6revlendirilen m\u00fcd\u00fcr yard\u0131mc\u0131s\u0131, Merkezle ilgili konularda M\u00fcd\u00fcr\u00fcn kendisine verece\u011fi g\u00f6revleri yapar.<br \/>\n(3) M\u00fcd\u00fcr k\u0131sa s\u00fcreli ayr\u0131lmalarda M\u00fcd\u00fcr Yard\u0131mc\u0131s\u0131n\u0131 vekil b\u0131rak\u0131r. Vek\u00e2let alt\u0131 aydan fazla s\u00fcremez. Vek\u00e2let alt\u0131 aydan fazla s\u00fcrerse veya s\u00fcresi dolmadan herhangi bir nedenle M\u00fcd\u00fcr g\u00f6revinden ayr\u0131l\u0131rsa, ayn\u0131 usulle yeni bir M\u00fcd\u00fcr g\u00f6revlendirilir.<br \/>\n<strong>M\u00fcd\u00fcr\u00fcn g\u00f6revleri<\/strong><br \/>\n<strong>MADDE 9 \u2013<\/strong>\u00a0(1) M\u00fcd\u00fcr\u00fcn g\u00f6revleri \u015funlard\u0131r:<br \/>\na) Merkezi temsil etmek,<br \/>\nb) Merkezin ve Merkeze ba\u011fl\u0131 birim ve laboratuvarlar\u0131n ve personelin d\u00fczenli \u00e7al\u0131\u015fmas\u0131n\u0131 sa\u011flamak,<br \/>\nc) Y\u00f6netim Kurulu taraf\u0131ndan al\u0131nan kararlar\u0131 uygulamak,<br \/>\n\u00e7) Her y\u0131l sonunda Merkezin \u00e7al\u0131\u015fmalar\u0131n\u0131, faaliyet raporunu ve sonraki y\u0131la ait program\u0131n\u0131 haz\u0131rlamak ve Y\u00f6netim Kurulunun incelemesine sunmak.<br \/>\n<strong>Y\u00f6netim kurulu<\/strong><br \/>\n<strong>MADDE 10 \u2013<\/strong>\u00a0(1) Y\u00f6netim Kurulu; M\u00fcd\u00fcr, M\u00fcd\u00fcr Yard\u0131mc\u0131s\u0131 ve \u00dcniversite Senatosunun \u00dcniversite \u00f6\u011fretim \u00fcyeleri aras\u0131ndan se\u00e7ece\u011fi ve Rekt\u00f6r\u00fcn \u00fc\u00e7 y\u0131l i\u00e7in g\u00f6revlendirece\u011fi be\u015f \u00f6\u011fretim \u00fcyesiyle birlikte toplam yedi \u00fcyeden olu\u015fur. S\u00fcresi biten \u00fcyeler yeniden g\u00f6revlendirilebilir. S\u00fcresi tamamlanmadan ayr\u0131lanlar\u0131n veya kurumlar\u0131 d\u0131\u015f\u0131nda \u00fc\u00e7 aydan fazla g\u00f6revlendirilenlerin yerine kalan s\u00fcreyi tamamlamak \u00fczere yenileri se\u00e7ilir.<br \/>\n(2) Y\u00f6netim Kurulu, M\u00fcd\u00fcr\u00fcn ba\u015fkanl\u0131\u011f\u0131nda ayda en az bir defa ola\u011fan olarak toplan\u0131r. Gerekli hallerde ola\u011fan\u00fcst\u00fc de toplanarak Merkezin faaliyeti ve y\u00f6netimi ile ilgili konularda karar al\u0131r. Merkezin teknik ve idari kadrolar\u0131n\u0131n tespiti ve tayini ile ilgili hususlarda M\u00fcd\u00fcr\u00fcn haz\u0131rlam\u0131\u015f oldu\u011fu \u00f6nerileri inceler ve Rekt\u00f6r\u00fcn onay\u0131na sunar.<br \/>\n<strong>Y\u00f6netim kurulunun g\u00f6revleri<\/strong><br \/>\n<strong>MADDE 11 \u2013<\/strong>\u00a0(1) Y\u00f6netim Kurulunun g\u00f6revleri \u015funlard\u0131r:<br \/>\na) Merkezin \u00e7al\u0131\u015fma ve y\u00f6netimi ile ilgili konularda kararlar almak,<br \/>\nb) Merkezin y\u0131ll\u0131k faaliyet raporunu ve y\u0131ll\u0131k \u00e7al\u0131\u015fma program\u0131n\u0131 g\u00f6r\u00fc\u015ferek karara ba\u011flamak,<br \/>\nc) Merkez birimlerinin kurulu\u015f, \u00e7al\u0131\u015fma usul ve esaslar\u0131n\u0131 belirlemek, ilgili birimler aras\u0131ndaki e\u015fg\u00fcd\u00fcm\u00fc sa\u011flamak,<br \/>\n\u00e7) Ara\u015ft\u0131rma, yay\u0131n, \u00f6\u011fretim ve di\u011fer \u00e7al\u0131\u015fma alanlar\u0131na ili\u015fkin konularda karar almak,<br \/>\nd) Ger\u00e7ek ve t\u00fczel kamu ve \u00f6zel ki\u015fi ve kurulu\u015flar taraf\u0131ndan \u00f6nerilen konularda i\u015fbirli\u011fi tekliflerini de\u011ferlendirmek, i\u015fbirli\u011fi tekliflerini \u00fcniversitenin ilgili birimlerine iletmek, g\u00f6rev alabilecek birimleri tespit etmek,<br \/>\ne) Kamu kurum ve kurulu\u015flar\u0131, \u00f6zel sekt\u00f6r, yurt d\u0131\u015f\u0131ndaki kurum ve kurulu\u015flar ile ortakla\u015fa y\u00fcr\u00fct\u00fclecek \u00e7al\u0131\u015fmalar\u0131n temel ilke, esas ve usullerini belirlemek,<br \/>\nf) M\u00fcd\u00fcr\u00fcn, Dan\u0131\u015fma Kurulunun ve Merkez birimlerinin g\u00f6r\u00fc\u015f ve \u00f6nerilerini de\u011ferlendirerek bir sonraki y\u0131l\u0131n \u00e7al\u0131\u015fma program\u0131n\u0131 haz\u0131rlamak,<br \/>\ng) Yurti\u00e7i ve yurtd\u0131\u015f\u0131 kurulu\u015flarla ortakla\u015fa y\u00fcr\u00fct\u00fclecek \u00e7al\u0131\u015fmalar\u0131n usul ve esaslar\u0131n\u0131 belirlemek,<br \/>\n\u011f) M\u00fcd\u00fcr taraf\u0131ndan haz\u0131rlanan b\u00fct\u00e7e \u00f6nerisini incelemek ve onaylamak,<br \/>\nh) Merkezin profesyonel sertifikal\u0131 e\u011fitim programlar\u0131na kat\u0131lanlara verece\u011fi sertifika konusundaki ilkeleri belirlemek,<br \/>\n\u0131) Merkezde g\u00f6revlendirilecek idari ve teknik personelin se\u00e7imini yaparak Rekt\u00f6r\u00fcn onay\u0131na sunmak.<br \/>\n<strong>Dan\u0131\u015fma kurulu ve g\u00f6revleri<\/strong><br \/>\n<strong>MADDE 12 \u2013<\/strong>(1) Dan\u0131\u015fma Kurulu, M\u00fcd\u00fcr ve\/veya Y\u00f6netim Kurulu taraf\u0131ndan \u00f6nerilen ve Rekt\u00f6rl\u00fck\u00e7e uygun g\u00f6r\u00fclen, \u00dcniversitenin \u00f6\u011fretim elemanlar\u0131, Merkezin faaliyetleri ile ilgili yurti\u00e7i ve yurtd\u0131\u015f\u0131nda \u00f6nemli \u00e7al\u0131\u015fmalar yapm\u0131\u015f di\u011fer \u00fcniversitelerden \u00f6\u011fretim elemanlar\u0131, ilgili kamu kurum ve kurulu\u015flar\u0131, meslek kurulu\u015flar\u0131, sivil toplum kurulu\u015flar\u0131 ile i\u015f d\u00fcnyas\u0131 temsilcileri aras\u0131ndan Rekt\u00f6r taraf\u0131ndan iki y\u0131ll\u0131\u011f\u0131na g\u00f6revlendirilir. S\u00fcresi sona eren \u00fcyeler yeniden g\u00f6revlendirilebilir.<br \/>\n(2) Dan\u0131\u015fma Kurulu, M\u00fcd\u00fcr\u00fcn \u00e7a\u011fr\u0131s\u0131 \u00fczerine y\u0131lda en az iki kez ola\u011fan olarak toplan\u0131r. M\u00fcd\u00fcr gerekli g\u00f6rd\u00fc\u011f\u00fc takdirde Dan\u0131\u015fma Kurulunu ola\u011fan\u00fcst\u00fc olarak da toplant\u0131ya \u00e7a\u011f\u0131rabilir. Dan\u0131\u015fma Kuruluna M\u00fcd\u00fcr ba\u015fkanl\u0131k eder. Dan\u0131\u015fma Kurulu toplant\u0131lar\u0131nda salt \u00e7o\u011funluk aranmaz.<br \/>\n(3) Dan\u0131\u015fma Kurulu Merkezin \u00e7al\u0131\u015fma alan\u0131na giren konularda g\u00f6r\u00fc\u015flerin a\u00e7\u0131klan\u0131p tart\u0131\u015f\u0131lmas\u0131n\u0131 sa\u011flar, yeni \u00e7al\u0131\u015fma konular\u0131 \u00fczerinde g\u00f6r\u00fc\u015f bildirir.<br \/>\n<strong>\u00c7al\u0131\u015fma ve uygulama birimleri<\/strong><br \/>\n<strong>MADDE 13 \u2013\u00a0<\/strong>(1) Merkezde kurulacak \u00e7al\u0131\u015fma ve uygulama birimleri ve bunlar\u0131n \u00e7al\u0131\u015fmalar\u0131nda kullan\u0131lacak laboratuvar, at\u00f6lye ve benzeri alt birimler, M\u00fcd\u00fcr\u00fcn \u00f6nerisi,<br \/>\n\u00dcniversite Y\u00f6netim Kurulunun olumlu g\u00f6r\u00fc\u015f\u00fc ile Rekt\u00f6r taraf\u0131ndan belirlenir.<br \/>\n(2) Birimlerde g\u00f6rev alacak \u00f6\u011fretim ve ara\u015ft\u0131rma elemanlar\u0131n\u0131n g\u00f6revlendirilmesi M\u00fcd\u00fcr\u00fcn \u00f6nerisi ve \u00dcniversite Y\u00f6netim Kurulunun olumlu g\u00f6r\u00fc\u015f\u00fc ile Rekt\u00f6r taraf\u0131ndan yap\u0131l\u0131r. Birim y\u00f6neticileri, g\u00f6revlendirilen \u00f6\u011fretim ve ara\u015ft\u0131rma elemanlar\u0131 aras\u0131ndan M\u00fcd\u00fcr\u00fcn \u00f6nerisi ve Rekt\u00f6r\u00fcn onay\u0131yla belirlenir. Birim y\u00f6neticileri onaylanm\u0131\u015f \u00e7al\u0131\u015fma planlar\u0131n\u0131 uygulamaktan Y\u00f6netim Kurulu ve M\u00fcd\u00fcre kar\u015f\u0131 sorumludur.<br \/>\n<strong>D\u00d6RD\u00dcNC\u00dc B\u00d6L\u00dcM<\/strong><br \/>\n<strong>\u00c7e\u015fitli ve Son H\u00fck\u00fcmler<\/strong><\/p>\n<p><strong>Harcama yetkilisi<\/strong><br \/>\n<strong>MADDE 14 \u2013\u00a0<\/strong>(1) Merkezin harcama yetkilisi Rekt\u00f6rd\u00fcr. Rekt\u00f6r bu yetkisinin bir k\u0131sm\u0131n\u0131 veya tamam\u0131n\u0131 M\u00fcd\u00fcre devredebilir.<br \/>\n<strong>H\u00fck\u00fcm bulunmayan haller<\/strong><br \/>\n<strong>MADDE 15 \u2013<\/strong>\u00a0(1) Bu Y\u00f6netmelikte h\u00fck\u00fcm bulunmayan hallerde ilgili di\u011fer mevzuat h\u00fck\u00fcmleri ile \u00dcniversite Senatosu kararlar\u0131 uygulan\u0131r.<br \/>\n<strong>Y\u00fcr\u00fcrl\u00fck<\/strong><br \/>\n<strong>MADDE 16 \u2013\u00a0<\/strong>(1) Bu Y\u00f6netmelik yay\u0131m\u0131 tarihinde y\u00fcr\u00fcrl\u00fc\u011fe girer.<br \/>\n<strong>Y\u00fcr\u00fctme<\/strong><br \/>\n<strong>MADDE 17 \u2013<\/strong>\u00a0(1) Bu Y\u00f6netmelik h\u00fck\u00fcmlerini \u0130stanbul Ticaret \u00dcniversitesi Rekt\u00f6r\u00fc y\u00fcr\u00fct\u00fcr.<\/p>\n<\/div>\n","protected":false},"excerpt":{"rendered":"<p>Y\u00f6netim Kurulu Prof. Dr. Ahmet Kavas (M\u00fcd\u00fcr) Dr. \u00d6\u011fr. \u00dcyesi Kamala Valiyeva (M\u00fcd\u00fcr Yard\u0131mc\u0131s\u0131) Prof. Dr. Said Yaz\u0131c\u0131o\u011flu Prof. Dr. Mustafa Poyraz Dr. \u00d6\u011fr. \u00dcyesi Ay\u015fen Baylak G\u00fcng\u00f6r Dr. \u00d6\u011fr. \u00dcyesi Ay\u015fem Biriz Kara\u00e7ay Dan\u0131\u015fma Kurulu Prof. Dr. \u0130lyas Kemalo\u011flu, Marmara \u00dcniversitesi Prof. Dr. Ahmedou Aly Mbaye, Senegal Cheikh Anta Diop \u00dcniversitesi Prof. Dr. Hazem [&hellip;]<\/p>\n","protected":false},"author":175,"featured_media":0,"parent":0,"menu_order":0,"comment_status":"closed","ping_status":"closed","template":"genel_sayfa.php","meta":{"footnotes":""},"yoast_head":"<!-- This site is optimized with the Yoast SEO Premium plugin v22.1 (Yoast SEO v22.1) - https:\/\/yoast.com\/wordpress\/plugins\/seo\/ -->\n<title>Hakk\u0131m\u0131zda - Kom\u015fu ve \u00c7evre \u00dclkeler Uygulama ve Ara\u015ft\u0131rma Merkezi<\/title>\n<meta name=\"robots\" content=\"index, follow, max-snippet:-1, max-image-preview:large, max-video-preview:-1\" \/>\n<link rel=\"canonical\" href=\"http:\/\/ticaret.edu.tr\/komsu-ve-cevre-ulkeler-uygulama-ve-arastirma-merkezi\/hakkimizda\/\" \/>\n<meta property=\"og:locale\" content=\"tr_TR\" \/>\n<meta property=\"og:type\" content=\"article\" \/>\n<meta property=\"og:title\" content=\"Hakk\u0131m\u0131zda\" \/>\n<meta property=\"og:description\" content=\"Y\u00f6netim Kurulu Prof. Dr. Ahmet Kavas (M\u00fcd\u00fcr) Dr. \u00d6\u011fr. \u00dcyesi Kamala Valiyeva (M\u00fcd\u00fcr Yard\u0131mc\u0131s\u0131) Prof. Dr. Said Yaz\u0131c\u0131o\u011flu Prof. Dr. Mustafa Poyraz Dr. \u00d6\u011fr. \u00dcyesi Ay\u015fen Baylak G\u00fcng\u00f6r Dr. \u00d6\u011fr. \u00dcyesi Ay\u015fem Biriz Kara\u00e7ay Dan\u0131\u015fma Kurulu Prof. Dr. \u0130lyas Kemalo\u011flu, Marmara \u00dcniversitesi Prof. Dr. Ahmedou Aly Mbaye, Senegal Cheikh Anta Diop \u00dcniversitesi Prof. Dr. Hazem [&hellip;]\" \/>\n<meta property=\"og:url\" content=\"http:\/\/ticaret.edu.tr\/komsu-ve-cevre-ulkeler-uygulama-ve-arastirma-merkezi\/hakkimizda\/\" \/>\n<meta property=\"og:site_name\" content=\"Kom\u015fu ve \u00c7evre \u00dclkeler Uygulama ve Ara\u015ft\u0131rma Merkezi\" \/>\n<meta property=\"article:publisher\" content=\"https:\/\/www.facebook.com\/ticaretedutr\" \/>\n<meta property=\"article:modified_time\" content=\"2025-12-23T13:02:03+00:00\" \/>\n<meta property=\"og:image\" content=\"http:\/\/ticaret.edu.tr\/komsu-ve-cevre-ulkeler-uygulama-ve-arastirma-merkezi\/wp-content\/uploads\/sites\/44\/2021\/11\/web_logo-01.jpg\" \/>\n\t<meta property=\"og:image:width\" content=\"1250\" \/>\n\t<meta property=\"og:image:height\" content=\"833\" \/>\n\t<meta property=\"og:image:type\" content=\"image\/jpeg\" \/>\n<meta name=\"twitter:card\" content=\"summary_large_image\" \/>\n<meta name=\"twitter:site\" content=\"@ticaretedutr\" \/>\n<meta name=\"twitter:label1\" content=\"Tahmini okuma s\u00fcresi\" \/>\n\t<meta name=\"twitter:data1\" content=\"8 dakika\" \/>\n<script type=\"application\/ld+json\" class=\"yoast-schema-graph\">{\"@context\":\"https:\/\/schema.org\",\"@graph\":[{\"@type\":\"WebPage\",\"@id\":\"http:\/\/ticaret.edu.tr\/komsu-ve-cevre-ulkeler-uygulama-ve-arastirma-merkezi\/hakkimizda\/\",\"url\":\"http:\/\/ticaret.edu.tr\/komsu-ve-cevre-ulkeler-uygulama-ve-arastirma-merkezi\/hakkimizda\/\",\"name\":\"Hakk\u0131m\u0131zda - Kom\u015fu ve \u00c7evre \u00dclkeler Uygulama ve Ara\u015ft\u0131rma Merkezi\",\"isPartOf\":{\"@id\":\"https:\/\/ticaret.edu.tr\/komsu-ve-cevre-ulkeler-uygulama-ve-arastirma-merkezi\/en\/#website\"},\"datePublished\":\"2020-07-19T02:31:45+00:00\",\"dateModified\":\"2025-12-23T13:02:03+00:00\",\"breadcrumb\":{\"@id\":\"http:\/\/ticaret.edu.tr\/komsu-ve-cevre-ulkeler-uygulama-ve-arastirma-merkezi\/hakkimizda\/#breadcrumb\"},\"inLanguage\":\"tr\",\"potentialAction\":[{\"@type\":\"ReadAction\",\"target\":[\"http:\/\/ticaret.edu.tr\/komsu-ve-cevre-ulkeler-uygulama-ve-arastirma-merkezi\/hakkimizda\/\"]}]},{\"@type\":\"BreadcrumbList\",\"@id\":\"http:\/\/ticaret.edu.tr\/komsu-ve-cevre-ulkeler-uygulama-ve-arastirma-merkezi\/hakkimizda\/#breadcrumb\",\"itemListElement\":[{\"@type\":\"ListItem\",\"position\":1,\"name\":\"Ana sayfa\",\"item\":\"https:\/\/ticaret.edu.tr\/komsu-ve-cevre-ulkeler-uygulama-ve-arastirma-merkezi\/\"},{\"@type\":\"ListItem\",\"position\":2,\"name\":\"Hakk\u0131m\u0131zda\"}]},{\"@type\":\"WebSite\",\"@id\":\"https:\/\/ticaret.edu.tr\/komsu-ve-cevre-ulkeler-uygulama-ve-arastirma-merkezi\/en\/#website\",\"url\":\"https:\/\/ticaret.edu.tr\/komsu-ve-cevre-ulkeler-uygulama-ve-arastirma-merkezi\/en\/\",\"name\":\"Kom\u015fu ve \u00c7evre \u00dclkeler Uygulama ve Ara\u015ft\u0131rma Merkezi\",\"description\":\"Bir ba\u015fka \u0130stanbul Ticaret \u00dcniversitesi site sitesi\",\"potentialAction\":[{\"@type\":\"SearchAction\",\"target\":{\"@type\":\"EntryPoint\",\"urlTemplate\":\"https:\/\/ticaret.edu.tr\/komsu-ve-cevre-ulkeler-uygulama-ve-arastirma-merkezi\/en\/?s={search_term_string}\"},\"query-input\":\"required name=search_term_string\"}],\"inLanguage\":\"tr\"}]}<\/script>\n<!-- \/ Yoast SEO Premium plugin. -->","yoast_head_json":{"title":"Hakk\u0131m\u0131zda - Kom\u015fu ve \u00c7evre \u00dclkeler Uygulama ve Ara\u015ft\u0131rma Merkezi","robots":{"index":"index","follow":"follow","max-snippet":"max-snippet:-1","max-image-preview":"max-image-preview:large","max-video-preview":"max-video-preview:-1"},"canonical":"http:\/\/ticaret.edu.tr\/komsu-ve-cevre-ulkeler-uygulama-ve-arastirma-merkezi\/hakkimizda\/","og_locale":"tr_TR","og_type":"article","og_title":"Hakk\u0131m\u0131zda","og_description":"Y\u00f6netim Kurulu Prof. Dr. Ahmet Kavas (M\u00fcd\u00fcr) Dr. \u00d6\u011fr. \u00dcyesi Kamala Valiyeva (M\u00fcd\u00fcr Yard\u0131mc\u0131s\u0131) Prof. Dr. Said Yaz\u0131c\u0131o\u011flu Prof. Dr. Mustafa Poyraz Dr. \u00d6\u011fr. \u00dcyesi Ay\u015fen Baylak G\u00fcng\u00f6r Dr. \u00d6\u011fr. \u00dcyesi Ay\u015fem Biriz Kara\u00e7ay Dan\u0131\u015fma Kurulu Prof. Dr. \u0130lyas Kemalo\u011flu, Marmara \u00dcniversitesi Prof. Dr. Ahmedou Aly Mbaye, Senegal Cheikh Anta Diop \u00dcniversitesi Prof. Dr. Hazem [&hellip;]","og_url":"http:\/\/ticaret.edu.tr\/komsu-ve-cevre-ulkeler-uygulama-ve-arastirma-merkezi\/hakkimizda\/","og_site_name":"Kom\u015fu ve \u00c7evre \u00dclkeler Uygulama ve Ara\u015ft\u0131rma Merkezi","article_publisher":"https:\/\/www.facebook.com\/ticaretedutr","article_modified_time":"2025-12-23T13:02:03+00:00","og_image":[{"width":1250,"height":833,"url":"http:\/\/ticaret.edu.tr\/komsu-ve-cevre-ulkeler-uygulama-ve-arastirma-merkezi\/wp-content\/uploads\/sites\/44\/2021\/11\/web_logo-01.jpg","type":"image\/jpeg"}],"twitter_card":"summary_large_image","twitter_site":"@ticaretedutr","twitter_misc":{"Tahmini okuma s\u00fcresi":"8 dakika"},"schema":{"@context":"https:\/\/schema.org","@graph":[{"@type":"WebPage","@id":"http:\/\/ticaret.edu.tr\/komsu-ve-cevre-ulkeler-uygulama-ve-arastirma-merkezi\/hakkimizda\/","url":"http:\/\/ticaret.edu.tr\/komsu-ve-cevre-ulkeler-uygulama-ve-arastirma-merkezi\/hakkimizda\/","name":"Hakk\u0131m\u0131zda - Kom\u015fu ve \u00c7evre \u00dclkeler Uygulama ve Ara\u015ft\u0131rma Merkezi","isPartOf":{"@id":"https:\/\/ticaret.edu.tr\/komsu-ve-cevre-ulkeler-uygulama-ve-arastirma-merkezi\/en\/#website"},"datePublished":"2020-07-19T02:31:45+00:00","dateModified":"2025-12-23T13:02:03+00:00","breadcrumb":{"@id":"http:\/\/ticaret.edu.tr\/komsu-ve-cevre-ulkeler-uygulama-ve-arastirma-merkezi\/hakkimizda\/#breadcrumb"},"inLanguage":"tr","potentialAction":[{"@type":"ReadAction","target":["http:\/\/ticaret.edu.tr\/komsu-ve-cevre-ulkeler-uygulama-ve-arastirma-merkezi\/hakkimizda\/"]}]},{"@type":"BreadcrumbList","@id":"http:\/\/ticaret.edu.tr\/komsu-ve-cevre-ulkeler-uygulama-ve-arastirma-merkezi\/hakkimizda\/#breadcrumb","itemListElement":[{"@type":"ListItem","position":1,"name":"Ana sayfa","item":"https:\/\/ticaret.edu.tr\/komsu-ve-cevre-ulkeler-uygulama-ve-arastirma-merkezi\/"},{"@type":"ListItem","position":2,"name":"Hakk\u0131m\u0131zda"}]},{"@type":"WebSite","@id":"https:\/\/ticaret.edu.tr\/komsu-ve-cevre-ulkeler-uygulama-ve-arastirma-merkezi\/en\/#website","url":"https:\/\/ticaret.edu.tr\/komsu-ve-cevre-ulkeler-uygulama-ve-arastirma-merkezi\/en\/","name":"Kom\u015fu ve \u00c7evre \u00dclkeler Uygulama ve Ara\u015ft\u0131rma Merkezi","description":"Bir ba\u015fka \u0130stanbul Ticaret \u00dcniversitesi site sitesi","potentialAction":[{"@type":"SearchAction","target":{"@type":"EntryPoint","urlTemplate":"https:\/\/ticaret.edu.tr\/komsu-ve-cevre-ulkeler-uygulama-ve-arastirma-merkezi\/en\/?s={search_term_string}"},"query-input":"required name=search_term_string"}],"inLanguage":"tr"}]}},"lang":"tr","translations":{"en":301,"tr":9},"pll_sync_post":[],"_links":{"self":[{"href":"http:\/\/ticaret.edu.tr\/komsu-ve-cevre-ulkeler-uygulama-ve-arastirma-merkezi\/wp-json\/wp\/v2\/pages\/9"}],"collection":[{"href":"http:\/\/ticaret.edu.tr\/komsu-ve-cevre-ulkeler-uygulama-ve-arastirma-merkezi\/wp-json\/wp\/v2\/pages"}],"about":[{"href":"http:\/\/ticaret.edu.tr\/komsu-ve-cevre-ulkeler-uygulama-ve-arastirma-merkezi\/wp-json\/wp\/v2\/types\/page"}],"author":[{"embeddable":true,"href":"http:\/\/ticaret.edu.tr\/komsu-ve-cevre-ulkeler-uygulama-ve-arastirma-merkezi\/wp-json\/wp\/v2\/users\/175"}],"replies":[{"embeddable":true,"href":"http:\/\/ticaret.edu.tr\/komsu-ve-cevre-ulkeler-uygulama-ve-arastirma-merkezi\/wp-json\/wp\/v2\/comments?post=9"}],"version-history":[{"count":27,"href":"http:\/\/ticaret.edu.tr\/komsu-ve-cevre-ulkeler-uygulama-ve-arastirma-merkezi\/wp-json\/wp\/v2\/pages\/9\/revisions"}],"predecessor-version":[{"id":793,"href":"http:\/\/ticaret.edu.tr\/komsu-ve-cevre-ulkeler-uygulama-ve-arastirma-merkezi\/wp-json\/wp\/v2\/pages\/9\/revisions\/793"}],"wp:attachment":[{"href":"http:\/\/ticaret.edu.tr\/komsu-ve-cevre-ulkeler-uygulama-ve-arastirma-merkezi\/wp-json\/wp\/v2\/media?parent=9"}],"curies":[{"name":"wp","href":"https:\/\/api.w.org\/{rel}","templated":true}]}}