{"id":163,"date":"2025-02-27T14:00:46","date_gmt":"2025-02-27T11:00:46","guid":{"rendered":"https:\/\/ticaret.edu.tr\/kurumsal-iletisim-daire-baskanligi\/?page_id=163"},"modified":"2025-12-19T22:51:36","modified_gmt":"2025-12-19T19:51:36","slug":"hakkimizda","status":"publish","type":"page","link":"http:\/\/ticaret.edu.tr\/kurumsal-iletisim-daire-baskanligi\/hakkimizda\/","title":{"rendered":"Hakk\u0131m\u0131zda"},"content":{"rendered":"<p>Kurumsal \u0130leti\u015fim Daire Ba\u015fkanl\u0131\u011f\u0131, \u00fcniversitemiz ile etkile\u015fim i\u00e7inde olan t\u00fcm i\u00e7 ve d\u0131\u015f payda\u015flarla kurum kimli\u011fimize ve hedeflerimize uygun ileti\u015fimi sa\u011flamak, geli\u015ftirmek ve \u00fcniversitemizin kamuoyundaki itibar\u0131na, alg\u0131s\u0131na olumlu katk\u0131lar yapmak i\u00e7in \u00e7al\u0131\u015fmaktad\u0131r.<\/p>\n<p>Bu ama\u00e7la \u00fcniversitenin okullar, e\u011fitimciler, veliler ve \u00f6\u011frencilerle olan ili\u015fkilerini g\u00fc\u00e7lendirmek, onlara sundu\u011fu imkanlar\u0131\u00a0 ve avantajlar\u0131 do\u011fru \u015fekilde anlatmak i\u00e7in \u00e7e\u015fitli etkinlikler d\u00fczenlemektedir. Yurti\u00e7inde yap\u0131lan fuar, tan\u0131t\u0131m g\u00fcnleri ve okul davetlerine \u00fcniversiteyi temsilen kat\u0131lmakta ve gerekli bilgilendirmeyi yapmaktad\u0131r. \u00dcniversitenin tan\u0131t\u0131m\u0131 i\u00e7in kullan\u0131lan t\u00fcm bas\u0131l\u0131 ve g\u00f6rsel malzemelerin olu\u015fturulmas\u0131, sosyal medya kullan\u0131m\u0131, \u00e7a\u011fr\u0131 merkezi y\u00f6netimi, web site i\u00e7eri\u011finin haz\u0131rlanmas\u0131 ve g\u00fcncellenmesi de Kurumsal \u0130leti\u015fim Daire Ba\u015fkanl\u0131\u011f\u0131\u2019n\u0131n g\u00f6revleri aras\u0131ndad\u0131r.<\/p>\n<p>\u00dcniversitede ger\u00e7ekle\u015fen t\u00fcm ulusal\/uluslararas\u0131 konferans, seminer, panel ve sergi gibi etkinliklerin organizasyonu i\u00e7in gereken t\u00fcm \u00e7al\u0131\u015fmalar da y\u00fcr\u00fct\u00fclmektedir.<\/p>\n<p>Yerel, ulusal ve uluslararas\u0131 medya organlar\u0131na \u00fcniversiteyle ilgili bilgi ak\u0131\u015f\u0131n\u0131n sa\u011flanmas\u0131na destek verilmekte olup, t\u00fcm tan\u0131t\u0131m mecralar\u0131n\u0131n kullan\u0131m\u0131 da Kurumsal \u0130leti\u015fim Daire Ba\u015fkanl\u0131\u011f\u0131 taraf\u0131ndan yap\u0131lmaktad\u0131r.<\/p>\n<p>\u00dcniversitemiz Kurumsal \u0130leti\u015fim Daire Ba\u015fkanl\u0131\u011f\u0131&#8217;na ba\u011fl\u0131 birimler;<\/p>\n<ul>\n<li>Medya ve G\u00f6rsel \u0130\u00e7erik Birimi<\/li>\n<li>Tan\u0131t\u0131m ve Pazarlama Birimi<\/li>\n<\/ul>\n<p><strong>\u0130leti\u015fim:<\/strong><\/p>\n<p><span style=\"text-decoration: underline;\"><a href=\"mailto:kurumsaliletisim@ticaret.edu.tr\" target=\"_blank\" rel=\"noopener\">kurumsaliletisim@ticaret.edu.tr<\/a><\/span><\/p>\n<p><span style=\"text-decoration: underline;\"><a href=\"mailto:tanitimpazarlama@ticaret.edu.tr\">tanitimpazarlama@ticaret.edu.tr<\/a><\/span><\/p>\n<p>444 0 413<\/p>\n<div style=\"display: flex; gap: 10px;\"><a href=\"https:\/\/www.facebook.com\/ticaretedutr\" target=\"_blank\" rel=\"noopener noreferrer\"><br \/>\n<img loading=\"lazy\" decoding=\"async\" src=\"http:\/\/ticaret.edu.tr\/wp-content\/themes\/ticaret_universitesi\/img\/facebook.png\" width=\"66\" height=\"66\" \/><br \/>\n<\/a><br \/>\n<a href=\"https:\/\/twitter.com\/ticaretedutr\" target=\"_blank\" rel=\"noopener noreferrer\"><br \/>\n<img loading=\"lazy\" decoding=\"async\" src=\"http:\/\/ticaret.edu.tr\/wp-content\/themes\/ticaret_universitesi\/img\/twitter.png\" width=\"66\" height=\"66\" \/><br \/>\n<\/a><br \/>\n<a href=\"https:\/\/www.instagram.com\/ticaretedutr\/\" target=\"_blank\" rel=\"noopener noreferrer\"><br \/>\n<img loading=\"lazy\" decoding=\"async\" src=\"http:\/\/ticaret.edu.tr\/wp-content\/themes\/ticaret_universitesi\/img\/instagram.png\" width=\"66\" height=\"66\" \/><br \/>\n<\/a><br \/>\n<a href=\"https:\/\/www.linkedin.com\/school\/i%CC%87stanbul-ticaret-%C3%BCniversitesi\/\" target=\"_blank\" rel=\"noopener noreferrer\"><br \/>\n<img loading=\"lazy\" decoding=\"async\" src=\"http:\/\/ticaret.edu.tr\/wp-content\/themes\/ticaret_universitesi\/img\/linkedin.png\" width=\"66\" height=\"66\" \/><br \/>\n<\/a><br \/>\n<a href=\"https:\/\/www.youtube.com\/channel\/UCI_OZPDW7SYn_OnD8tl-JQg\" target=\"_blank\" rel=\"noopener noreferrer\"><br \/>\n<img loading=\"lazy\" decoding=\"async\" src=\"http:\/\/ticaret.edu.tr\/wp-content\/themes\/ticaret_universitesi\/img\/youtube.png\" width=\"66\" height=\"66\" \/><br \/>\n<\/a><\/div>\n","protected":false},"excerpt":{"rendered":"<p>Kurumsal \u0130leti\u015fim Daire Ba\u015fkanl\u0131\u011f\u0131, \u00fcniversitemiz ile etkile\u015fim i\u00e7inde olan t\u00fcm i\u00e7 ve d\u0131\u015f payda\u015flarla kurum kimli\u011fimize ve hedeflerimize uygun ileti\u015fimi sa\u011flamak, geli\u015ftirmek ve \u00fcniversitemizin kamuoyundaki itibar\u0131na, alg\u0131s\u0131na olumlu katk\u0131lar yapmak i\u00e7in \u00e7al\u0131\u015fmaktad\u0131r. Bu ama\u00e7la \u00fcniversitenin okullar, e\u011fitimciler, veliler ve \u00f6\u011frencilerle olan ili\u015fkilerini g\u00fc\u00e7lendirmek, onlara sundu\u011fu imkanlar\u0131\u00a0 ve avantajlar\u0131 do\u011fru \u015fekilde anlatmak i\u00e7in \u00e7e\u015fitli etkinlikler d\u00fczenlemektedir. [&hellip;]<\/p>\n","protected":false},"author":228,"featured_media":0,"parent":0,"menu_order":0,"comment_status":"closed","ping_status":"closed","template":"genel_sayfa.php","meta":{"footnotes":""},"yoast_head":"<!-- This site is optimized with the Yoast SEO Premium plugin v22.1 (Yoast SEO v22.1) - https:\/\/yoast.com\/wordpress\/plugins\/seo\/ -->\n<title>Hakk\u0131m\u0131zda - Kurumsal \u0130leti\u015fim Daire Ba\u015fkanl\u0131\u011f\u0131<\/title>\n<meta name=\"robots\" content=\"index, follow, max-snippet:-1, max-image-preview:large, max-video-preview:-1\" \/>\n<link rel=\"canonical\" href=\"https:\/\/ticaret.edu.tr\/kurumsal-iletisim-daire-baskanligi\/hakkimizda\/\" \/>\n<meta property=\"og:locale\" content=\"tr_TR\" \/>\n<meta property=\"og:type\" content=\"article\" \/>\n<meta property=\"og:title\" content=\"Hakk\u0131m\u0131zda\" \/>\n<meta property=\"og:description\" content=\"Kurumsal \u0130leti\u015fim Daire Ba\u015fkanl\u0131\u011f\u0131, \u00fcniversitemiz ile etkile\u015fim i\u00e7inde olan t\u00fcm i\u00e7 ve d\u0131\u015f payda\u015flarla kurum kimli\u011fimize ve hedeflerimize uygun ileti\u015fimi sa\u011flamak, geli\u015ftirmek ve \u00fcniversitemizin kamuoyundaki itibar\u0131na, alg\u0131s\u0131na olumlu katk\u0131lar yapmak i\u00e7in \u00e7al\u0131\u015fmaktad\u0131r. Bu ama\u00e7la \u00fcniversitenin okullar, e\u011fitimciler, veliler ve \u00f6\u011frencilerle olan ili\u015fkilerini g\u00fc\u00e7lendirmek, onlara sundu\u011fu imkanlar\u0131\u00a0 ve avantajlar\u0131 do\u011fru \u015fekilde anlatmak i\u00e7in \u00e7e\u015fitli etkinlikler d\u00fczenlemektedir. [&hellip;]\" \/>\n<meta property=\"og:url\" content=\"https:\/\/ticaret.edu.tr\/kurumsal-iletisim-daire-baskanligi\/hakkimizda\/\" \/>\n<meta property=\"og:site_name\" content=\"Kurumsal \u0130leti\u015fim Daire Ba\u015fkanl\u0131\u011f\u0131\" \/>\n<meta property=\"article:publisher\" content=\"https:\/\/www.facebook.com\/ticaretedutr\" \/>\n<meta property=\"article:modified_time\" content=\"2025-12-19T19:51:36+00:00\" \/>\n<meta property=\"og:image\" content=\"http:\/\/ticaret.edu.tr\/wp-content\/themes\/ticaret_universitesi\/img\/facebook.png\" \/>\n<meta name=\"twitter:card\" content=\"summary_large_image\" \/>\n<meta name=\"twitter:site\" content=\"@ticaretedutr\" \/>\n<meta name=\"twitter:label1\" content=\"Tahmini okuma s\u00fcresi\" \/>\n\t<meta name=\"twitter:data1\" content=\"2 dakika\" \/>\n<script type=\"application\/ld+json\" class=\"yoast-schema-graph\">{\"@context\":\"https:\/\/schema.org\",\"@graph\":[{\"@type\":\"WebPage\",\"@id\":\"https:\/\/ticaret.edu.tr\/kurumsal-iletisim-daire-baskanligi\/hakkimizda\/\",\"url\":\"https:\/\/ticaret.edu.tr\/kurumsal-iletisim-daire-baskanligi\/hakkimizda\/\",\"name\":\"Hakk\u0131m\u0131zda - Kurumsal \u0130leti\u015fim Daire Ba\u015fkanl\u0131\u011f\u0131\",\"isPartOf\":{\"@id\":\"http:\/\/ticaret.edu.tr\/kurumsal-iletisim-daire-baskanligi\/en\/#website\"},\"datePublished\":\"2025-02-27T11:00:46+00:00\",\"dateModified\":\"2025-12-19T19:51:36+00:00\",\"breadcrumb\":{\"@id\":\"https:\/\/ticaret.edu.tr\/kurumsal-iletisim-daire-baskanligi\/hakkimizda\/#breadcrumb\"},\"inLanguage\":\"tr\",\"potentialAction\":[{\"@type\":\"ReadAction\",\"target\":[\"https:\/\/ticaret.edu.tr\/kurumsal-iletisim-daire-baskanligi\/hakkimizda\/\"]}]},{\"@type\":\"BreadcrumbList\",\"@id\":\"https:\/\/ticaret.edu.tr\/kurumsal-iletisim-daire-baskanligi\/hakkimizda\/#breadcrumb\",\"itemListElement\":[{\"@type\":\"ListItem\",\"position\":1,\"name\":\"Ana sayfa\",\"item\":\"https:\/\/ticaret.edu.tr\/kurumsal-iletisim-daire-baskanligi\/\"},{\"@type\":\"ListItem\",\"position\":2,\"name\":\"Hakk\u0131m\u0131zda\"}]},{\"@type\":\"WebSite\",\"@id\":\"http:\/\/ticaret.edu.tr\/kurumsal-iletisim-daire-baskanligi\/en\/#website\",\"url\":\"http:\/\/ticaret.edu.tr\/kurumsal-iletisim-daire-baskanligi\/en\/\",\"name\":\"Kurumsal \u0130leti\u015fim Daire Ba\u015fkanl\u0131\u011f\u0131\",\"description\":\"Bir ba\u015fka \u0130stanbul Ticaret \u00dcniversitesi site sitesi\",\"potentialAction\":[{\"@type\":\"SearchAction\",\"target\":{\"@type\":\"EntryPoint\",\"urlTemplate\":\"http:\/\/ticaret.edu.tr\/kurumsal-iletisim-daire-baskanligi\/en\/?s={search_term_string}\"},\"query-input\":\"required name=search_term_string\"}],\"inLanguage\":\"tr\"}]}<\/script>\n<!-- \/ Yoast SEO Premium plugin. -->","yoast_head_json":{"title":"Hakk\u0131m\u0131zda - Kurumsal \u0130leti\u015fim Daire Ba\u015fkanl\u0131\u011f\u0131","robots":{"index":"index","follow":"follow","max-snippet":"max-snippet:-1","max-image-preview":"max-image-preview:large","max-video-preview":"max-video-preview:-1"},"canonical":"https:\/\/ticaret.edu.tr\/kurumsal-iletisim-daire-baskanligi\/hakkimizda\/","og_locale":"tr_TR","og_type":"article","og_title":"Hakk\u0131m\u0131zda","og_description":"Kurumsal \u0130leti\u015fim Daire Ba\u015fkanl\u0131\u011f\u0131, \u00fcniversitemiz ile etkile\u015fim i\u00e7inde olan t\u00fcm i\u00e7 ve d\u0131\u015f payda\u015flarla kurum kimli\u011fimize ve hedeflerimize uygun ileti\u015fimi sa\u011flamak, geli\u015ftirmek ve \u00fcniversitemizin kamuoyundaki itibar\u0131na, alg\u0131s\u0131na olumlu katk\u0131lar yapmak i\u00e7in \u00e7al\u0131\u015fmaktad\u0131r. Bu ama\u00e7la \u00fcniversitenin okullar, e\u011fitimciler, veliler ve \u00f6\u011frencilerle olan ili\u015fkilerini g\u00fc\u00e7lendirmek, onlara sundu\u011fu imkanlar\u0131\u00a0 ve avantajlar\u0131 do\u011fru \u015fekilde anlatmak i\u00e7in \u00e7e\u015fitli etkinlikler d\u00fczenlemektedir. [&hellip;]","og_url":"https:\/\/ticaret.edu.tr\/kurumsal-iletisim-daire-baskanligi\/hakkimizda\/","og_site_name":"Kurumsal \u0130leti\u015fim Daire Ba\u015fkanl\u0131\u011f\u0131","article_publisher":"https:\/\/www.facebook.com\/ticaretedutr","article_modified_time":"2025-12-19T19:51:36+00:00","og_image":[{"url":"http:\/\/ticaret.edu.tr\/wp-content\/themes\/ticaret_universitesi\/img\/facebook.png"}],"twitter_card":"summary_large_image","twitter_site":"@ticaretedutr","twitter_misc":{"Tahmini okuma s\u00fcresi":"2 dakika"},"schema":{"@context":"https:\/\/schema.org","@graph":[{"@type":"WebPage","@id":"https:\/\/ticaret.edu.tr\/kurumsal-iletisim-daire-baskanligi\/hakkimizda\/","url":"https:\/\/ticaret.edu.tr\/kurumsal-iletisim-daire-baskanligi\/hakkimizda\/","name":"Hakk\u0131m\u0131zda - Kurumsal \u0130leti\u015fim Daire Ba\u015fkanl\u0131\u011f\u0131","isPartOf":{"@id":"http:\/\/ticaret.edu.tr\/kurumsal-iletisim-daire-baskanligi\/en\/#website"},"datePublished":"2025-02-27T11:00:46+00:00","dateModified":"2025-12-19T19:51:36+00:00","breadcrumb":{"@id":"https:\/\/ticaret.edu.tr\/kurumsal-iletisim-daire-baskanligi\/hakkimizda\/#breadcrumb"},"inLanguage":"tr","potentialAction":[{"@type":"ReadAction","target":["https:\/\/ticaret.edu.tr\/kurumsal-iletisim-daire-baskanligi\/hakkimizda\/"]}]},{"@type":"BreadcrumbList","@id":"https:\/\/ticaret.edu.tr\/kurumsal-iletisim-daire-baskanligi\/hakkimizda\/#breadcrumb","itemListElement":[{"@type":"ListItem","position":1,"name":"Ana sayfa","item":"https:\/\/ticaret.edu.tr\/kurumsal-iletisim-daire-baskanligi\/"},{"@type":"ListItem","position":2,"name":"Hakk\u0131m\u0131zda"}]},{"@type":"WebSite","@id":"http:\/\/ticaret.edu.tr\/kurumsal-iletisim-daire-baskanligi\/en\/#website","url":"http:\/\/ticaret.edu.tr\/kurumsal-iletisim-daire-baskanligi\/en\/","name":"Kurumsal \u0130leti\u015fim Daire Ba\u015fkanl\u0131\u011f\u0131","description":"Bir ba\u015fka \u0130stanbul Ticaret \u00dcniversitesi site sitesi","potentialAction":[{"@type":"SearchAction","target":{"@type":"EntryPoint","urlTemplate":"http:\/\/ticaret.edu.tr\/kurumsal-iletisim-daire-baskanligi\/en\/?s={search_term_string}"},"query-input":"required name=search_term_string"}],"inLanguage":"tr"}]}},"lang":"tr","translations":{"en":165,"tr":163},"pll_sync_post":[],"_links":{"self":[{"href":"http:\/\/ticaret.edu.tr\/kurumsal-iletisim-daire-baskanligi\/wp-json\/wp\/v2\/pages\/163"}],"collection":[{"href":"http:\/\/ticaret.edu.tr\/kurumsal-iletisim-daire-baskanligi\/wp-json\/wp\/v2\/pages"}],"about":[{"href":"http:\/\/ticaret.edu.tr\/kurumsal-iletisim-daire-baskanligi\/wp-json\/wp\/v2\/types\/page"}],"author":[{"embeddable":true,"href":"http:\/\/ticaret.edu.tr\/kurumsal-iletisim-daire-baskanligi\/wp-json\/wp\/v2\/users\/228"}],"replies":[{"embeddable":true,"href":"http:\/\/ticaret.edu.tr\/kurumsal-iletisim-daire-baskanligi\/wp-json\/wp\/v2\/comments?post=163"}],"version-history":[{"count":4,"href":"http:\/\/ticaret.edu.tr\/kurumsal-iletisim-daire-baskanligi\/wp-json\/wp\/v2\/pages\/163\/revisions"}],"predecessor-version":[{"id":255,"href":"http:\/\/ticaret.edu.tr\/kurumsal-iletisim-daire-baskanligi\/wp-json\/wp\/v2\/pages\/163\/revisions\/255"}],"wp:attachment":[{"href":"http:\/\/ticaret.edu.tr\/kurumsal-iletisim-daire-baskanligi\/wp-json\/wp\/v2\/media?parent=163"}],"curies":[{"name":"wp","href":"https:\/\/api.w.org\/{rel}","templated":true}]}}