{"id":41,"date":"2021-11-16T13:51:19","date_gmt":"2021-11-16T10:51:19","guid":{"rendered":"https:\/\/ticaret.edu.tr\/kurumsal-iletisim-daire-baskanligi\/?page_id=41"},"modified":"2025-12-19T22:57:13","modified_gmt":"2025-12-19T19:57:13","slug":"tanitim-ve-pazarlama-birimi","status":"publish","type":"page","link":"http:\/\/ticaret.edu.tr\/kurumsal-iletisim-daire-baskanligi\/tanitim-ve-pazarlama-birimi\/","title":{"rendered":"TANITIM VE PAZARLAMA B\u0130R\u0130M\u0130"},"content":{"rendered":"<p>Tan\u0131t\u0131m ve Pazarlama Birimi \u00dcniversitemizin hizmetlerinin kamuoyu taraf\u0131ndan fark edilebilmesi i\u00e7in \u00e7al\u0131\u015fmalar\u0131n projelendirildi\u011fi, hayata ge\u00e7irildi\u011fi ve hedef kitlelere ula\u015f\u0131m\u0131n\u0131 sa\u011flayan bir birimdir.<br \/>\nTan\u0131t\u0131m ve Pazarlama Birimi i\u00e7erisinde \u00d6n lisans-Lisans, Lisans\u00fcst\u00fc ve \u0130leti\u015fim mecralar\u0131n\u0131 kullan\u0131m\u0131 olmak \u00fczere 3 \u00f6nemli uzmanl\u0131k alan\u0131n\u0131 bar\u0131nd\u0131rmaktad\u0131r.<\/p>\n<p>\u00dcniversitemizin okullar\/firmalar, e\u011fitimciler\/e\u011fitmenler, veliler ve aday \u00f6\u011frencileri ile olan ili\u015fkilerini g\u00fc\u00e7lendirmek, onlara sundu\u011fu imkanlar\u0131 ve avantajlar\u0131 do\u011fru \u015fekilde anlatmak i\u00e7in \u00e7e\u015fitli etkinlikler d\u00fczenlemek ba\u015fl\u0131ca faaliyet alanlar\u0131n\u0131 olu\u015fturmaktad\u0131r. \u0130\u015f birli\u011fi protokolleri s\u00fcre\u00e7leri de Tan\u0131t\u0131m ve Pazarlama Birimi taraf\u0131ndan y\u00fcr\u00fct\u00fclmektedir.<\/p>\n<p>Yurti\u00e7inde yap\u0131lan fuar, tan\u0131t\u0131m g\u00fcnleri, okul ve firma davetlerine \u00fcniversiteyi temsilen kat\u0131lmakta ve gerekli bilgilendirme yap\u0131lmaktad\u0131r. \u00d6n lisans-Lisans, Lisans\u00fcst\u00fc aday \u00f6\u011frencilere y\u00f6nelik etkinlikler d\u00fczenler, tan\u0131t\u0131m g\u00fcnleri veya b\u00f6l\u00fcm organizasyonlar\u0131 yapar. \u00dcniversitenin tan\u0131t\u0131m\u0131 i\u00e7in kullan\u0131lan t\u00fcm bas\u0131l\u0131 ve g\u00f6rsel malzemelerin olu\u015fturulmas\u0131, reklam planlamalar\u0131n\u0131n yap\u0131lmas\u0131, dijital mecra kullan\u0131m\u0131, \u00e7a\u011fr\u0131 merkezi y\u00f6netimi, adaylara y\u00f6nelik web site i\u00e7eriklerinin haz\u0131rlanmas\u0131\/g\u00fcncellenmesi ve sosyal medya planlanmas\u0131 olmak \u00fczere \u00e7al\u0131\u015fmalar y\u00fcr\u00fctmektedir.<\/p>\n<p>\u00dcniversitemiz ile birlikte ortak \u00e7al\u0131\u015fmalar yapmak isteyen okul\/kurumlar Tan\u0131t\u0131m ve Pazarlama birimi ile\u00a0<a href=\"mailto:tanitimpazarlama@ticaret.edu.tr\">tanitimpazarlama@ticaret.edu.tr<\/a> mail adresi \u00fczerinden ileti\u015fime ge\u00e7ebilirler.<\/p>\n<p>&nbsp;<\/p>\n<div>\n<div class=\"table-responsive\">\n<table class=\"table\">\n<tbody>\n<tr>\n<td style=\"text-align: center;\" colspan=\"3\" width=\"333\"><strong>Lisans<\/strong><\/td>\n<\/tr>\n<tr>\n<td>Muhammet Efe I\u015eIK<\/td>\n<td><a href=\"mailto:meisik@ticaret.edu.tr\">meisik@ticaret.edu.tr<\/a><\/td>\n<td>Dahili: 4477<\/td>\n<\/tr>\n<tr>\n<td>Merve NUR YILMAZ<\/td>\n<td><a href=\"mnyilmaz@ticaret.edu.tr\">mnyilmaz@ticaret.edu.tr\u00a0<\/a><\/td>\n<td>Dahili: 4534<\/td>\n<\/tr>\n<tr>\n<td>Muhammed Fatih \u015eAH\u0130N<\/td>\n<td><a href=\"mfsahin@ticaret.edu.tr\">mfsahin@ticaret.edu.tr<\/a><\/td>\n<td>Dahili: 4478<\/td>\n<\/tr>\n<tr>\n<td>Furkan OLGUN<\/td>\n<td>\n<div>\n<div class=\"table-responsive\"><a href=\"mailto:folgun@ticaret.edu.tr\">folgun@ticaret.edu.tr<\/a><\/div>\n<\/div>\n<\/td>\n<td>Dahili: 4475<\/td>\n<\/tr>\n<\/tbody>\n<\/table>\n<\/div>\n<\/div>\n<div><\/div>\n<div>\n<p>&nbsp;<\/p>\n<\/div>\n<div>\n<div class=\"table-responsive\">\n<table class=\"table\" style=\"height: 141px;\" width=\"460\">\n<tbody>\n<tr>\n<td style=\"text-align: center;\" colspan=\"3\" width=\"333\"><strong>\u00c7a\u011fr\u0131 Merkezi<\/strong><\/td>\n<\/tr>\n<tr>\n<td>Ertu\u011frul \u00c7INAR<\/td>\n<td><a href=\"mailto:ecinar@ticaret.edu.tr\">ecinar@ticaret.edu.tr<\/a><\/td>\n<td>Dahili: 4900<\/td>\n<\/tr>\n<tr>\n<td>B\u00fcnyamin AKKURT<\/td>\n<td><a href=\"mailto:bakkurt@ticaret.edu.tr\">bakkurt@ticaret.edu.tr<\/a><\/td>\n<td>\n<div>\n<div class=\"table-responsive\">Dahili: 4901<\/div>\n<\/div>\n<\/td>\n<\/tr>\n<tr>\n<td><\/td>\n<td><\/td>\n<td><\/td>\n<\/tr>\n<\/tbody>\n<\/table>\n<\/div>\n<\/div>\n","protected":false},"excerpt":{"rendered":"<p>Tan\u0131t\u0131m ve Pazarlama Birimi \u00dcniversitemizin hizmetlerinin kamuoyu taraf\u0131ndan fark edilebilmesi i\u00e7in \u00e7al\u0131\u015fmalar\u0131n projelendirildi\u011fi, hayata ge\u00e7irildi\u011fi ve hedef kitlelere ula\u015f\u0131m\u0131n\u0131 sa\u011flayan bir birimdir. Tan\u0131t\u0131m ve Pazarlama Birimi i\u00e7erisinde \u00d6n lisans-Lisans, Lisans\u00fcst\u00fc ve \u0130leti\u015fim mecralar\u0131n\u0131 kullan\u0131m\u0131 olmak \u00fczere 3 \u00f6nemli uzmanl\u0131k alan\u0131n\u0131 bar\u0131nd\u0131rmaktad\u0131r. \u00dcniversitemizin okullar\/firmalar, e\u011fitimciler\/e\u011fitmenler, veliler ve aday \u00f6\u011frencileri ile olan ili\u015fkilerini g\u00fc\u00e7lendirmek, onlara sundu\u011fu imkanlar\u0131 [&hellip;]<\/p>\n","protected":false},"author":149,"featured_media":0,"parent":0,"menu_order":0,"comment_status":"closed","ping_status":"closed","template":"genel_sayfa.php","meta":{"footnotes":""},"yoast_head":"<!-- This site is optimized with the Yoast SEO Premium plugin v22.1 (Yoast SEO v22.1) - https:\/\/yoast.com\/wordpress\/plugins\/seo\/ -->\n<title>TANITIM VE PAZARLAMA B\u0130R\u0130M\u0130 - Kurumsal \u0130leti\u015fim Daire Ba\u015fkanl\u0131\u011f\u0131<\/title>\n<meta name=\"robots\" content=\"index, follow, max-snippet:-1, max-image-preview:large, max-video-preview:-1\" \/>\n<link rel=\"canonical\" href=\"https:\/\/ticaret.edu.tr\/kurumsal-iletisim-daire-baskanligi\/tanitim-ve-pazarlama-birimi\/\" \/>\n<meta property=\"og:locale\" content=\"tr_TR\" \/>\n<meta property=\"og:type\" content=\"article\" \/>\n<meta property=\"og:title\" content=\"TANITIM VE PAZARLAMA B\u0130R\u0130M\u0130\" \/>\n<meta property=\"og:description\" content=\"Tan\u0131t\u0131m ve Pazarlama Birimi \u00dcniversitemizin hizmetlerinin kamuoyu taraf\u0131ndan fark edilebilmesi i\u00e7in \u00e7al\u0131\u015fmalar\u0131n projelendirildi\u011fi, hayata ge\u00e7irildi\u011fi ve hedef kitlelere ula\u015f\u0131m\u0131n\u0131 sa\u011flayan bir birimdir. Tan\u0131t\u0131m ve Pazarlama Birimi i\u00e7erisinde \u00d6n lisans-Lisans, Lisans\u00fcst\u00fc ve \u0130leti\u015fim mecralar\u0131n\u0131 kullan\u0131m\u0131 olmak \u00fczere 3 \u00f6nemli uzmanl\u0131k alan\u0131n\u0131 bar\u0131nd\u0131rmaktad\u0131r. \u00dcniversitemizin okullar\/firmalar, e\u011fitimciler\/e\u011fitmenler, veliler ve aday \u00f6\u011frencileri ile olan ili\u015fkilerini g\u00fc\u00e7lendirmek, onlara sundu\u011fu imkanlar\u0131 [&hellip;]\" \/>\n<meta property=\"og:url\" content=\"https:\/\/ticaret.edu.tr\/kurumsal-iletisim-daire-baskanligi\/tanitim-ve-pazarlama-birimi\/\" \/>\n<meta property=\"og:site_name\" content=\"Kurumsal \u0130leti\u015fim Daire Ba\u015fkanl\u0131\u011f\u0131\" \/>\n<meta property=\"article:publisher\" content=\"https:\/\/www.facebook.com\/ticaretedutr\" \/>\n<meta property=\"article:modified_time\" content=\"2025-12-19T19:57:13+00:00\" \/>\n<meta property=\"og:image\" content=\"http:\/\/ticaret.edu.tr\/kurumsal-iletisim-daire-baskanligi\/wp-content\/uploads\/sites\/61\/2021\/11\/web_logo-01.jpg\" \/>\n\t<meta property=\"og:image:width\" content=\"1250\" \/>\n\t<meta property=\"og:image:height\" content=\"833\" \/>\n\t<meta property=\"og:image:type\" content=\"image\/jpeg\" \/>\n<meta name=\"twitter:card\" content=\"summary_large_image\" \/>\n<meta name=\"twitter:site\" content=\"@ticaretedutr\" \/>\n<meta name=\"twitter:label1\" content=\"Tahmini okuma s\u00fcresi\" \/>\n\t<meta name=\"twitter:data1\" content=\"2 dakika\" \/>\n<script type=\"application\/ld+json\" class=\"yoast-schema-graph\">{\"@context\":\"https:\/\/schema.org\",\"@graph\":[{\"@type\":\"WebPage\",\"@id\":\"https:\/\/ticaret.edu.tr\/kurumsal-iletisim-daire-baskanligi\/tanitim-ve-pazarlama-birimi\/\",\"url\":\"https:\/\/ticaret.edu.tr\/kurumsal-iletisim-daire-baskanligi\/tanitim-ve-pazarlama-birimi\/\",\"name\":\"TANITIM VE PAZARLAMA B\u0130R\u0130M\u0130 - Kurumsal \u0130leti\u015fim Daire Ba\u015fkanl\u0131\u011f\u0131\",\"isPartOf\":{\"@id\":\"http:\/\/ticaret.edu.tr\/kurumsal-iletisim-daire-baskanligi\/en\/#website\"},\"datePublished\":\"2021-11-16T10:51:19+00:00\",\"dateModified\":\"2025-12-19T19:57:13+00:00\",\"breadcrumb\":{\"@id\":\"https:\/\/ticaret.edu.tr\/kurumsal-iletisim-daire-baskanligi\/tanitim-ve-pazarlama-birimi\/#breadcrumb\"},\"inLanguage\":\"tr\",\"potentialAction\":[{\"@type\":\"ReadAction\",\"target\":[\"https:\/\/ticaret.edu.tr\/kurumsal-iletisim-daire-baskanligi\/tanitim-ve-pazarlama-birimi\/\"]}]},{\"@type\":\"BreadcrumbList\",\"@id\":\"https:\/\/ticaret.edu.tr\/kurumsal-iletisim-daire-baskanligi\/tanitim-ve-pazarlama-birimi\/#breadcrumb\",\"itemListElement\":[{\"@type\":\"ListItem\",\"position\":1,\"name\":\"Ana sayfa\",\"item\":\"https:\/\/ticaret.edu.tr\/kurumsal-iletisim-daire-baskanligi\/\"},{\"@type\":\"ListItem\",\"position\":2,\"name\":\"TANITIM VE PAZARLAMA B\u0130R\u0130M\u0130\"}]},{\"@type\":\"WebSite\",\"@id\":\"http:\/\/ticaret.edu.tr\/kurumsal-iletisim-daire-baskanligi\/en\/#website\",\"url\":\"http:\/\/ticaret.edu.tr\/kurumsal-iletisim-daire-baskanligi\/en\/\",\"name\":\"Kurumsal \u0130leti\u015fim Daire Ba\u015fkanl\u0131\u011f\u0131\",\"description\":\"Bir ba\u015fka \u0130stanbul Ticaret \u00dcniversitesi site sitesi\",\"potentialAction\":[{\"@type\":\"SearchAction\",\"target\":{\"@type\":\"EntryPoint\",\"urlTemplate\":\"http:\/\/ticaret.edu.tr\/kurumsal-iletisim-daire-baskanligi\/en\/?s={search_term_string}\"},\"query-input\":\"required name=search_term_string\"}],\"inLanguage\":\"tr\"}]}<\/script>\n<!-- \/ Yoast SEO Premium plugin. -->","yoast_head_json":{"title":"TANITIM VE PAZARLAMA B\u0130R\u0130M\u0130 - Kurumsal \u0130leti\u015fim Daire Ba\u015fkanl\u0131\u011f\u0131","robots":{"index":"index","follow":"follow","max-snippet":"max-snippet:-1","max-image-preview":"max-image-preview:large","max-video-preview":"max-video-preview:-1"},"canonical":"https:\/\/ticaret.edu.tr\/kurumsal-iletisim-daire-baskanligi\/tanitim-ve-pazarlama-birimi\/","og_locale":"tr_TR","og_type":"article","og_title":"TANITIM VE PAZARLAMA B\u0130R\u0130M\u0130","og_description":"Tan\u0131t\u0131m ve Pazarlama Birimi \u00dcniversitemizin hizmetlerinin kamuoyu taraf\u0131ndan fark edilebilmesi i\u00e7in \u00e7al\u0131\u015fmalar\u0131n projelendirildi\u011fi, hayata ge\u00e7irildi\u011fi ve hedef kitlelere ula\u015f\u0131m\u0131n\u0131 sa\u011flayan bir birimdir. Tan\u0131t\u0131m ve Pazarlama Birimi i\u00e7erisinde \u00d6n lisans-Lisans, Lisans\u00fcst\u00fc ve \u0130leti\u015fim mecralar\u0131n\u0131 kullan\u0131m\u0131 olmak \u00fczere 3 \u00f6nemli uzmanl\u0131k alan\u0131n\u0131 bar\u0131nd\u0131rmaktad\u0131r. \u00dcniversitemizin okullar\/firmalar, e\u011fitimciler\/e\u011fitmenler, veliler ve aday \u00f6\u011frencileri ile olan ili\u015fkilerini g\u00fc\u00e7lendirmek, onlara sundu\u011fu imkanlar\u0131 [&hellip;]","og_url":"https:\/\/ticaret.edu.tr\/kurumsal-iletisim-daire-baskanligi\/tanitim-ve-pazarlama-birimi\/","og_site_name":"Kurumsal \u0130leti\u015fim Daire Ba\u015fkanl\u0131\u011f\u0131","article_publisher":"https:\/\/www.facebook.com\/ticaretedutr","article_modified_time":"2025-12-19T19:57:13+00:00","og_image":[{"width":1250,"height":833,"url":"http:\/\/ticaret.edu.tr\/kurumsal-iletisim-daire-baskanligi\/wp-content\/uploads\/sites\/61\/2021\/11\/web_logo-01.jpg","type":"image\/jpeg"}],"twitter_card":"summary_large_image","twitter_site":"@ticaretedutr","twitter_misc":{"Tahmini okuma s\u00fcresi":"2 dakika"},"schema":{"@context":"https:\/\/schema.org","@graph":[{"@type":"WebPage","@id":"https:\/\/ticaret.edu.tr\/kurumsal-iletisim-daire-baskanligi\/tanitim-ve-pazarlama-birimi\/","url":"https:\/\/ticaret.edu.tr\/kurumsal-iletisim-daire-baskanligi\/tanitim-ve-pazarlama-birimi\/","name":"TANITIM VE PAZARLAMA B\u0130R\u0130M\u0130 - Kurumsal \u0130leti\u015fim Daire Ba\u015fkanl\u0131\u011f\u0131","isPartOf":{"@id":"http:\/\/ticaret.edu.tr\/kurumsal-iletisim-daire-baskanligi\/en\/#website"},"datePublished":"2021-11-16T10:51:19+00:00","dateModified":"2025-12-19T19:57:13+00:00","breadcrumb":{"@id":"https:\/\/ticaret.edu.tr\/kurumsal-iletisim-daire-baskanligi\/tanitim-ve-pazarlama-birimi\/#breadcrumb"},"inLanguage":"tr","potentialAction":[{"@type":"ReadAction","target":["https:\/\/ticaret.edu.tr\/kurumsal-iletisim-daire-baskanligi\/tanitim-ve-pazarlama-birimi\/"]}]},{"@type":"BreadcrumbList","@id":"https:\/\/ticaret.edu.tr\/kurumsal-iletisim-daire-baskanligi\/tanitim-ve-pazarlama-birimi\/#breadcrumb","itemListElement":[{"@type":"ListItem","position":1,"name":"Ana sayfa","item":"https:\/\/ticaret.edu.tr\/kurumsal-iletisim-daire-baskanligi\/"},{"@type":"ListItem","position":2,"name":"TANITIM VE PAZARLAMA B\u0130R\u0130M\u0130"}]},{"@type":"WebSite","@id":"http:\/\/ticaret.edu.tr\/kurumsal-iletisim-daire-baskanligi\/en\/#website","url":"http:\/\/ticaret.edu.tr\/kurumsal-iletisim-daire-baskanligi\/en\/","name":"Kurumsal \u0130leti\u015fim Daire Ba\u015fkanl\u0131\u011f\u0131","description":"Bir ba\u015fka \u0130stanbul Ticaret \u00dcniversitesi site sitesi","potentialAction":[{"@type":"SearchAction","target":{"@type":"EntryPoint","urlTemplate":"http:\/\/ticaret.edu.tr\/kurumsal-iletisim-daire-baskanligi\/en\/?s={search_term_string}"},"query-input":"required name=search_term_string"}],"inLanguage":"tr"}]}},"lang":"tr","translations":{"en":59,"tr":41},"pll_sync_post":[],"_links":{"self":[{"href":"http:\/\/ticaret.edu.tr\/kurumsal-iletisim-daire-baskanligi\/wp-json\/wp\/v2\/pages\/41"}],"collection":[{"href":"http:\/\/ticaret.edu.tr\/kurumsal-iletisim-daire-baskanligi\/wp-json\/wp\/v2\/pages"}],"about":[{"href":"http:\/\/ticaret.edu.tr\/kurumsal-iletisim-daire-baskanligi\/wp-json\/wp\/v2\/types\/page"}],"author":[{"embeddable":true,"href":"http:\/\/ticaret.edu.tr\/kurumsal-iletisim-daire-baskanligi\/wp-json\/wp\/v2\/users\/149"}],"replies":[{"embeddable":true,"href":"http:\/\/ticaret.edu.tr\/kurumsal-iletisim-daire-baskanligi\/wp-json\/wp\/v2\/comments?post=41"}],"version-history":[{"count":30,"href":"http:\/\/ticaret.edu.tr\/kurumsal-iletisim-daire-baskanligi\/wp-json\/wp\/v2\/pages\/41\/revisions"}],"predecessor-version":[{"id":256,"href":"http:\/\/ticaret.edu.tr\/kurumsal-iletisim-daire-baskanligi\/wp-json\/wp\/v2\/pages\/41\/revisions\/256"}],"wp:attachment":[{"href":"http:\/\/ticaret.edu.tr\/kurumsal-iletisim-daire-baskanligi\/wp-json\/wp\/v2\/media?parent=41"}],"curies":[{"name":"wp","href":"https:\/\/api.w.org\/{rel}","templated":true}]}}