{"id":48,"date":"2021-11-18T13:11:07","date_gmt":"2021-11-18T10:11:07","guid":{"rendered":"https:\/\/ticaret.edu.tr\/kurumsal-iletisim-daire-baskanligi\/?page_id=48"},"modified":"2025-12-19T22:59:48","modified_gmt":"2025-12-19T19:59:48","slug":"medya-ve-gorsel-icerik-birimi","status":"publish","type":"page","link":"http:\/\/ticaret.edu.tr\/kurumsal-iletisim-daire-baskanligi\/medya-ve-gorsel-icerik-birimi\/","title":{"rendered":"MEDYA VE G\u00d6RSEL \u0130\u00c7ER\u0130K B\u0130R\u0130M\u0130"},"content":{"rendered":"<p>Medya ve G\u00f6rsel \u0130\u00e7erik Birimi \u00fcniversitemizin kurumsal ileti\u015fim \u00e7al\u0131\u015fmalar\u0131 kapsam\u0131ndaki marka y\u00f6netimi, pazarlama y\u00f6netimi, medya ili\u015fkileri, kurumsal kimlik y\u00f6netimi, etkinlik ve organizasyon s\u00fcre\u00e7lerinin y\u00fcr\u00fct\u00fclmesini sa\u011flayan birimdir.<\/p>\n<p>\u00dcniversitede ger\u00e7ekle\u015fen t\u00fcm ulusal\/uluslararas\u0131 sempozyum, konferans, seminer, panel ve sergi gibi etkinliklerin organizasyonlar\u0131n\u0131n ger\u00e7ekle\u015ftirilmesinden sorumludur. \u00dcniversite i\u00e7i kurumsal ileti\u015fim \u00e7al\u0131\u015fmalar\u0131 kapsam\u0131nda t\u00fcm bas\u0131l\u0131 ve g\u00f6rsel malzeme olu\u015fturulmas\u0131n\u0131 sa\u011flamak amac\u0131yla edit\u00f6ryal \u00e7al\u0131\u015fmalar, foto\u011fraf \u00e7ekimleri ile grafik tasar\u0131m faaliyetleri s\u00fcre\u00e7lerini y\u00f6netir.<\/p>\n<p>\u00dcniversitenin kurum i\u00e7i ileti\u015fim faaliyetlerini organize eder. Reklam, sosyal sorumluluk projesi ve sponsorluk projelerinin y\u00fcr\u00fct\u00fclmesini sa\u011flar.<\/p>\n<p>\u00dcniversitemiz ile birlikte ortak \u00e7al\u0131\u015fmalar yapmak isterseniz <a href=\"mailto:kurumsaliletisim@ticaret.edu.tr\">kurumsaliletisim@ticaret.edu.tr<\/a> mail adresi \u00fczerinden bizimle ileti\u015fime ge\u00e7ebilirsiniz.<\/p>\n<p><strong>Ekibimiz<\/strong><\/p>\n<div>\n<div class=\"table-responsive\">\n<table class=\"table\" style=\"height: 152px;\" width=\"698\">\n<tbody>\n<tr>\n<td>B\u00fc\u015fra G\u00dcLSU<\/td>\n<td><a href=\"mailto:btepe@ticaret.edu.tr\">btepe@ticaret.edu.tr<\/a><\/td>\n<td>Dahili: 4464<\/td>\n<\/tr>\n<tr>\n<td>Ertan ERYILMAZ<\/td>\n<td><a href=\"mailto:eeryilmaz@ticaret.edu.tr\">eeryilmaz@ticaret.edu.tr<\/a><\/td>\n<td>Dahili: 4547<\/td>\n<\/tr>\n<tr>\n<td>Mustafa Latif D\u0130LEK<\/td>\n<td><a href=\"mailto:mldilek@ticaret.edu.tr\">mldilek@ticaret.edu.tr<\/a><\/td>\n<td>Dahili: 4544<\/td>\n<\/tr>\n<tr>\n<td>Handenur \u00d6ZDEM\u0130R<\/td>\n<td><a href=\"mailto:hnozdemir@ticaret.edu.tr\">hnozdemir@ticaret.edu.tr<\/a><\/td>\n<td>Dahili: 4465<\/td>\n<\/tr>\n<\/tbody>\n<\/table>\n<\/div>\n<p>&nbsp;<\/p>\n<p><strong>Grafik Tasar\u0131m<\/strong><\/p>\n<div>\n<div class=\"table-responsive\">\n<table class=\"table\" style=\"height: 65px;\" width=\"698\">\n<tbody>\n<tr>\n<td width=\"107\">Mustafa DEN\u0130Z<\/td>\n<td width=\"156\"><a href=\"mailto:mdeniz@ticaret.edu.tr\">mdeniz@ticaret.edu.tr<\/a><\/td>\n<td width=\"63\">Dahili: 4463<\/td>\n<\/tr>\n<\/tbody>\n<\/table>\n<\/div>\n<\/div>\n<\/div>\n<div>\n<p>&nbsp;<\/p>\n<\/div>\n","protected":false},"excerpt":{"rendered":"<p>Medya ve G\u00f6rsel \u0130\u00e7erik Birimi \u00fcniversitemizin kurumsal ileti\u015fim \u00e7al\u0131\u015fmalar\u0131 kapsam\u0131ndaki marka y\u00f6netimi, pazarlama y\u00f6netimi, medya ili\u015fkileri, kurumsal kimlik y\u00f6netimi, etkinlik ve organizasyon s\u00fcre\u00e7lerinin y\u00fcr\u00fct\u00fclmesini sa\u011flayan birimdir. \u00dcniversitede ger\u00e7ekle\u015fen t\u00fcm ulusal\/uluslararas\u0131 sempozyum, konferans, seminer, panel ve sergi gibi etkinliklerin organizasyonlar\u0131n\u0131n ger\u00e7ekle\u015ftirilmesinden sorumludur. \u00dcniversite i\u00e7i kurumsal ileti\u015fim \u00e7al\u0131\u015fmalar\u0131 kapsam\u0131nda t\u00fcm bas\u0131l\u0131 ve g\u00f6rsel malzeme olu\u015fturulmas\u0131n\u0131 sa\u011flamak amac\u0131yla [&hellip;]<\/p>\n","protected":false},"author":149,"featured_media":0,"parent":0,"menu_order":0,"comment_status":"closed","ping_status":"closed","template":"genel_sayfa.php","meta":{"footnotes":""},"yoast_head":"<!-- This site is optimized with the Yoast SEO Premium plugin v22.1 (Yoast SEO v22.1) - https:\/\/yoast.com\/wordpress\/plugins\/seo\/ -->\n<title>MEDYA VE G\u00d6RSEL \u0130\u00c7ER\u0130K B\u0130R\u0130M\u0130 - Kurumsal \u0130leti\u015fim Daire Ba\u015fkanl\u0131\u011f\u0131<\/title>\n<meta name=\"robots\" content=\"index, follow, max-snippet:-1, max-image-preview:large, max-video-preview:-1\" \/>\n<link rel=\"canonical\" href=\"https:\/\/ticaret.edu.tr\/kurumsal-iletisim-daire-baskanligi\/medya-ve-gorsel-icerik-birimi\/\" \/>\n<meta property=\"og:locale\" content=\"tr_TR\" \/>\n<meta property=\"og:type\" content=\"article\" \/>\n<meta property=\"og:title\" content=\"MEDYA VE G\u00d6RSEL \u0130\u00c7ER\u0130K B\u0130R\u0130M\u0130\" \/>\n<meta property=\"og:description\" content=\"Medya ve G\u00f6rsel \u0130\u00e7erik Birimi \u00fcniversitemizin kurumsal ileti\u015fim \u00e7al\u0131\u015fmalar\u0131 kapsam\u0131ndaki marka y\u00f6netimi, pazarlama y\u00f6netimi, medya ili\u015fkileri, kurumsal kimlik y\u00f6netimi, etkinlik ve organizasyon s\u00fcre\u00e7lerinin y\u00fcr\u00fct\u00fclmesini sa\u011flayan birimdir. \u00dcniversitede ger\u00e7ekle\u015fen t\u00fcm ulusal\/uluslararas\u0131 sempozyum, konferans, seminer, panel ve sergi gibi etkinliklerin organizasyonlar\u0131n\u0131n ger\u00e7ekle\u015ftirilmesinden sorumludur. \u00dcniversite i\u00e7i kurumsal ileti\u015fim \u00e7al\u0131\u015fmalar\u0131 kapsam\u0131nda t\u00fcm bas\u0131l\u0131 ve g\u00f6rsel malzeme olu\u015fturulmas\u0131n\u0131 sa\u011flamak amac\u0131yla [&hellip;]\" \/>\n<meta property=\"og:url\" content=\"https:\/\/ticaret.edu.tr\/kurumsal-iletisim-daire-baskanligi\/medya-ve-gorsel-icerik-birimi\/\" \/>\n<meta property=\"og:site_name\" content=\"Kurumsal \u0130leti\u015fim Daire Ba\u015fkanl\u0131\u011f\u0131\" \/>\n<meta property=\"article:publisher\" content=\"https:\/\/www.facebook.com\/ticaretedutr\" \/>\n<meta property=\"article:modified_time\" content=\"2025-12-19T19:59:48+00:00\" \/>\n<meta property=\"og:image\" content=\"http:\/\/ticaret.edu.tr\/kurumsal-iletisim-daire-baskanligi\/wp-content\/uploads\/sites\/61\/2021\/11\/web_logo-01.jpg\" \/>\n\t<meta property=\"og:image:width\" content=\"1250\" \/>\n\t<meta property=\"og:image:height\" content=\"833\" \/>\n\t<meta property=\"og:image:type\" content=\"image\/jpeg\" \/>\n<meta name=\"twitter:card\" content=\"summary_large_image\" \/>\n<meta name=\"twitter:site\" content=\"@ticaretedutr\" \/>\n<meta name=\"twitter:label1\" content=\"Tahmini okuma s\u00fcresi\" \/>\n\t<meta name=\"twitter:data1\" content=\"1 dakika\" \/>\n<script type=\"application\/ld+json\" class=\"yoast-schema-graph\">{\"@context\":\"https:\/\/schema.org\",\"@graph\":[{\"@type\":\"WebPage\",\"@id\":\"https:\/\/ticaret.edu.tr\/kurumsal-iletisim-daire-baskanligi\/medya-ve-gorsel-icerik-birimi\/\",\"url\":\"https:\/\/ticaret.edu.tr\/kurumsal-iletisim-daire-baskanligi\/medya-ve-gorsel-icerik-birimi\/\",\"name\":\"MEDYA VE G\u00d6RSEL \u0130\u00c7ER\u0130K B\u0130R\u0130M\u0130 - Kurumsal \u0130leti\u015fim Daire Ba\u015fkanl\u0131\u011f\u0131\",\"isPartOf\":{\"@id\":\"http:\/\/ticaret.edu.tr\/kurumsal-iletisim-daire-baskanligi\/en\/#website\"},\"datePublished\":\"2021-11-18T10:11:07+00:00\",\"dateModified\":\"2025-12-19T19:59:48+00:00\",\"breadcrumb\":{\"@id\":\"https:\/\/ticaret.edu.tr\/kurumsal-iletisim-daire-baskanligi\/medya-ve-gorsel-icerik-birimi\/#breadcrumb\"},\"inLanguage\":\"tr\",\"potentialAction\":[{\"@type\":\"ReadAction\",\"target\":[\"https:\/\/ticaret.edu.tr\/kurumsal-iletisim-daire-baskanligi\/medya-ve-gorsel-icerik-birimi\/\"]}]},{\"@type\":\"BreadcrumbList\",\"@id\":\"https:\/\/ticaret.edu.tr\/kurumsal-iletisim-daire-baskanligi\/medya-ve-gorsel-icerik-birimi\/#breadcrumb\",\"itemListElement\":[{\"@type\":\"ListItem\",\"position\":1,\"name\":\"Ana sayfa\",\"item\":\"https:\/\/ticaret.edu.tr\/kurumsal-iletisim-daire-baskanligi\/\"},{\"@type\":\"ListItem\",\"position\":2,\"name\":\"MEDYA VE G\u00d6RSEL \u0130\u00c7ER\u0130K B\u0130R\u0130M\u0130\"}]},{\"@type\":\"WebSite\",\"@id\":\"http:\/\/ticaret.edu.tr\/kurumsal-iletisim-daire-baskanligi\/en\/#website\",\"url\":\"http:\/\/ticaret.edu.tr\/kurumsal-iletisim-daire-baskanligi\/en\/\",\"name\":\"Kurumsal \u0130leti\u015fim Daire Ba\u015fkanl\u0131\u011f\u0131\",\"description\":\"Bir ba\u015fka \u0130stanbul Ticaret \u00dcniversitesi site sitesi\",\"potentialAction\":[{\"@type\":\"SearchAction\",\"target\":{\"@type\":\"EntryPoint\",\"urlTemplate\":\"http:\/\/ticaret.edu.tr\/kurumsal-iletisim-daire-baskanligi\/en\/?s={search_term_string}\"},\"query-input\":\"required name=search_term_string\"}],\"inLanguage\":\"tr\"}]}<\/script>\n<!-- \/ Yoast SEO Premium plugin. -->","yoast_head_json":{"title":"MEDYA VE G\u00d6RSEL \u0130\u00c7ER\u0130K B\u0130R\u0130M\u0130 - Kurumsal \u0130leti\u015fim Daire Ba\u015fkanl\u0131\u011f\u0131","robots":{"index":"index","follow":"follow","max-snippet":"max-snippet:-1","max-image-preview":"max-image-preview:large","max-video-preview":"max-video-preview:-1"},"canonical":"https:\/\/ticaret.edu.tr\/kurumsal-iletisim-daire-baskanligi\/medya-ve-gorsel-icerik-birimi\/","og_locale":"tr_TR","og_type":"article","og_title":"MEDYA VE G\u00d6RSEL \u0130\u00c7ER\u0130K B\u0130R\u0130M\u0130","og_description":"Medya ve G\u00f6rsel \u0130\u00e7erik Birimi \u00fcniversitemizin kurumsal ileti\u015fim \u00e7al\u0131\u015fmalar\u0131 kapsam\u0131ndaki marka y\u00f6netimi, pazarlama y\u00f6netimi, medya ili\u015fkileri, kurumsal kimlik y\u00f6netimi, etkinlik ve organizasyon s\u00fcre\u00e7lerinin y\u00fcr\u00fct\u00fclmesini sa\u011flayan birimdir. \u00dcniversitede ger\u00e7ekle\u015fen t\u00fcm ulusal\/uluslararas\u0131 sempozyum, konferans, seminer, panel ve sergi gibi etkinliklerin organizasyonlar\u0131n\u0131n ger\u00e7ekle\u015ftirilmesinden sorumludur. \u00dcniversite i\u00e7i kurumsal ileti\u015fim \u00e7al\u0131\u015fmalar\u0131 kapsam\u0131nda t\u00fcm bas\u0131l\u0131 ve g\u00f6rsel malzeme olu\u015fturulmas\u0131n\u0131 sa\u011flamak amac\u0131yla [&hellip;]","og_url":"https:\/\/ticaret.edu.tr\/kurumsal-iletisim-daire-baskanligi\/medya-ve-gorsel-icerik-birimi\/","og_site_name":"Kurumsal \u0130leti\u015fim Daire Ba\u015fkanl\u0131\u011f\u0131","article_publisher":"https:\/\/www.facebook.com\/ticaretedutr","article_modified_time":"2025-12-19T19:59:48+00:00","og_image":[{"width":1250,"height":833,"url":"http:\/\/ticaret.edu.tr\/kurumsal-iletisim-daire-baskanligi\/wp-content\/uploads\/sites\/61\/2021\/11\/web_logo-01.jpg","type":"image\/jpeg"}],"twitter_card":"summary_large_image","twitter_site":"@ticaretedutr","twitter_misc":{"Tahmini okuma s\u00fcresi":"1 dakika"},"schema":{"@context":"https:\/\/schema.org","@graph":[{"@type":"WebPage","@id":"https:\/\/ticaret.edu.tr\/kurumsal-iletisim-daire-baskanligi\/medya-ve-gorsel-icerik-birimi\/","url":"https:\/\/ticaret.edu.tr\/kurumsal-iletisim-daire-baskanligi\/medya-ve-gorsel-icerik-birimi\/","name":"MEDYA VE G\u00d6RSEL \u0130\u00c7ER\u0130K B\u0130R\u0130M\u0130 - Kurumsal \u0130leti\u015fim Daire Ba\u015fkanl\u0131\u011f\u0131","isPartOf":{"@id":"http:\/\/ticaret.edu.tr\/kurumsal-iletisim-daire-baskanligi\/en\/#website"},"datePublished":"2021-11-18T10:11:07+00:00","dateModified":"2025-12-19T19:59:48+00:00","breadcrumb":{"@id":"https:\/\/ticaret.edu.tr\/kurumsal-iletisim-daire-baskanligi\/medya-ve-gorsel-icerik-birimi\/#breadcrumb"},"inLanguage":"tr","potentialAction":[{"@type":"ReadAction","target":["https:\/\/ticaret.edu.tr\/kurumsal-iletisim-daire-baskanligi\/medya-ve-gorsel-icerik-birimi\/"]}]},{"@type":"BreadcrumbList","@id":"https:\/\/ticaret.edu.tr\/kurumsal-iletisim-daire-baskanligi\/medya-ve-gorsel-icerik-birimi\/#breadcrumb","itemListElement":[{"@type":"ListItem","position":1,"name":"Ana sayfa","item":"https:\/\/ticaret.edu.tr\/kurumsal-iletisim-daire-baskanligi\/"},{"@type":"ListItem","position":2,"name":"MEDYA VE G\u00d6RSEL \u0130\u00c7ER\u0130K B\u0130R\u0130M\u0130"}]},{"@type":"WebSite","@id":"http:\/\/ticaret.edu.tr\/kurumsal-iletisim-daire-baskanligi\/en\/#website","url":"http:\/\/ticaret.edu.tr\/kurumsal-iletisim-daire-baskanligi\/en\/","name":"Kurumsal \u0130leti\u015fim Daire Ba\u015fkanl\u0131\u011f\u0131","description":"Bir ba\u015fka \u0130stanbul Ticaret \u00dcniversitesi site sitesi","potentialAction":[{"@type":"SearchAction","target":{"@type":"EntryPoint","urlTemplate":"http:\/\/ticaret.edu.tr\/kurumsal-iletisim-daire-baskanligi\/en\/?s={search_term_string}"},"query-input":"required name=search_term_string"}],"inLanguage":"tr"}]}},"lang":"tr","translations":{"en":56,"tr":48},"pll_sync_post":[],"_links":{"self":[{"href":"http:\/\/ticaret.edu.tr\/kurumsal-iletisim-daire-baskanligi\/wp-json\/wp\/v2\/pages\/48"}],"collection":[{"href":"http:\/\/ticaret.edu.tr\/kurumsal-iletisim-daire-baskanligi\/wp-json\/wp\/v2\/pages"}],"about":[{"href":"http:\/\/ticaret.edu.tr\/kurumsal-iletisim-daire-baskanligi\/wp-json\/wp\/v2\/types\/page"}],"author":[{"embeddable":true,"href":"http:\/\/ticaret.edu.tr\/kurumsal-iletisim-daire-baskanligi\/wp-json\/wp\/v2\/users\/149"}],"replies":[{"embeddable":true,"href":"http:\/\/ticaret.edu.tr\/kurumsal-iletisim-daire-baskanligi\/wp-json\/wp\/v2\/comments?post=48"}],"version-history":[{"count":32,"href":"http:\/\/ticaret.edu.tr\/kurumsal-iletisim-daire-baskanligi\/wp-json\/wp\/v2\/pages\/48\/revisions"}],"predecessor-version":[{"id":257,"href":"http:\/\/ticaret.edu.tr\/kurumsal-iletisim-daire-baskanligi\/wp-json\/wp\/v2\/pages\/48\/revisions\/257"}],"wp:attachment":[{"href":"http:\/\/ticaret.edu.tr\/kurumsal-iletisim-daire-baskanligi\/wp-json\/wp\/v2\/media?parent=48"}],"curies":[{"name":"wp","href":"https:\/\/api.w.org\/{rel}","templated":true}]}}