{"id":77,"date":"2022-09-16T09:09:22","date_gmt":"2022-09-16T06:09:22","guid":{"rendered":"https:\/\/ticaret.edu.tr\/kurumsal-iletisim-daire-baskanligi\/?page_id=77"},"modified":"2026-03-27T17:17:31","modified_gmt":"2026-03-27T14:17:31","slug":"bizi-taniyin","status":"publish","type":"page","link":"http:\/\/ticaret.edu.tr\/kurumsal-iletisim-daire-baskanligi\/bizi-taniyin\/","title":{"rendered":"B\u0130Z\u0130 TANIYIN"},"content":{"rendered":"<p><strong><span id=\"MainContent_lblBI_Baslik\">Kurumsal \u0130leti\u015fim Daire Ba\u015fkanl\u0131\u011f\u0131<\/span><\/strong><\/p>\n<div class=\"BAIcerik\">\n<table border=\"1\" cellspacing=\"0\" cellpadding=\"5\" align=\"left\">\n<tbody>\n<tr>\n<td>Selman Enes Y\u00dcCEL<br \/>\n<strong>Kurumsal \u0130leti\u015fim Daire Ba\u015fkan\u0131<\/strong><\/td>\n<td>444 0 413 #4438<\/td>\n<td>selmanyucel@ticaret.edu.tr<\/td>\n<\/tr>\n<\/tbody>\n<\/table>\n<p>&nbsp;<\/p>\n<p>&nbsp;<\/p>\n<div>\n<div class=\"table-responsive\">\n<table style=\"height: 203px;\" border=\"1\" width=\"579\" cellspacing=\"0\" cellpadding=\"5\" align=\"left\">\n<tbody>\n<tr>\n<td style=\"text-align: center;\" colspan=\"3\" width=\"333\"><strong>Medya ve G\u00f6rsel \u0130\u00e7erik Birimi<\/strong><\/td>\n<\/tr>\n<tr>\n<td width=\"107\">B\u00fc\u015fra G\u00dcLSU<\/td>\n<td width=\"156\"><a href=\"mailto:btepe@ticaret.edu.tr\">btepe@ticaret.edu.tr<\/a><\/td>\n<td width=\"63\">Dahili: 4464<\/td>\n<\/tr>\n<tr>\n<td>Handenur \u00d6ZDEM\u0130R<\/td>\n<td><a href=\"mailto:hnozdemir@ticaret.edu.tr\">hnozdemir@ticaret.edu.tr<\/a><\/td>\n<td>Dahili: 4465<\/td>\n<\/tr>\n<tr>\n<td>Ertan ERYILMAZ<\/td>\n<td><a href=\"mailto:eeryilmaz@ticaret.edu.tr\">eeryilmaz@ticaret.edu.tr<\/a><\/td>\n<td>Dahili: 4547<\/td>\n<\/tr>\n<tr>\n<td>Mustafa Latif D\u0130LEK<\/td>\n<td><a href=\"mailto:mldilek@ticaret.edu.tr\">mldilek@ticaret.edu.tr<\/a><\/td>\n<td>Dahili: 4544<\/td>\n<\/tr>\n<tr>\n<td><\/td>\n<td><\/td>\n<td><\/td>\n<\/tr>\n<tr>\n<td style=\"text-align: center;\" colspan=\"3\" width=\"333\"><strong>Grafik Tasar\u0131m<\/strong><\/td>\n<\/tr>\n<tr>\n<td width=\"107\">Mustafa DEN\u0130Z<\/td>\n<td width=\"156\"><a href=\"mailto:mdeniz@ticaret.edu.tr\">mdeniz@ticaret.edu.tr<\/a><\/td>\n<td width=\"63\">Dahili: 4463<\/td>\n<\/tr>\n<\/tbody>\n<\/table>\n<\/div>\n<\/div>\n<\/div>\n<p>&nbsp;<\/p>\n<p>&nbsp;<\/p>\n<div class=\"BAIcerik\">\n<div class=\"table-responsive\">\n<table style=\"height: 291px;\" border=\"1\" width=\"607\" cellspacing=\"0\" cellpadding=\"5\" align=\"left\">\n<tbody>\n<tr>\n<td style=\"text-align: center;\" colspan=\"3\" width=\"333\"><strong>Tan\u0131t\u0131m ve Pazarlama Birimi<\/strong><\/td>\n<\/tr>\n<tr>\n<td>Muhammet Efe I\u015eIK<\/td>\n<td><a href=\"mailto:meisik@ticaret.edu.tr\">meisik@ticaret.edu.tr\u00a0<\/a><\/td>\n<td>Dahili: 4477<\/td>\n<\/tr>\n<tr>\n<td>Merve Nur YILMAZ<\/td>\n<td><a href=\"mailto:mnyilmaz@ticaret.edu.tr\">mnyilmaz@ticaret.edu.tr\u00a0<\/a><\/td>\n<td>Dahili: 4534<\/td>\n<\/tr>\n<tr>\n<td>Muhammed Fatih \u015eAH\u0130N<\/td>\n<td><a href=\"mailto:mfsahin@ticaret.edu.tr\">mfsahin@ticaret.edu.tr<\/a><\/td>\n<td>Dahili: 4478<\/td>\n<\/tr>\n<tr>\n<td>Furkan OLGUN<\/td>\n<td>\n<div>\n<div class=\"table-responsive\"><a href=\"mailto:folgun@ticaret.edu.tr\">folgun@ticaret.edu.tr<\/a><\/div>\n<\/div>\n<\/td>\n<td>Dahili: 4475<\/td>\n<\/tr>\n<tr>\n<td style=\"text-align: center;\" colspan=\"3\" width=\"333\"><strong>\u00c7a\u011fr\u0131 Merkezi<\/strong><\/td>\n<\/tr>\n<tr>\n<td>Ertu\u011frul \u00c7INAR<\/td>\n<td><a href=\"mailto:ecinar@ticaret.edu.tr\">ecinar@ticaret.edu.tr<\/a><\/td>\n<td>Dahili: 4900<\/td>\n<\/tr>\n<tr>\n<td>B\u00fcnyamin AKKURT<\/td>\n<td><a href=\"mailto:bakkurt@ticaret.edu.tr\">bakkurt@ticaret.edu.tr<\/a><\/td>\n<td>\n<div>\n<div class=\"table-responsive\">Dahili: 4901<\/div>\n<\/div>\n<\/td>\n<\/tr>\n<tr>\n<td><\/td>\n<td><\/td>\n<td><\/td>\n<\/tr>\n<\/tbody>\n<\/table>\n<\/div>\n<\/div>\n<p>&nbsp;<\/p>\n","protected":false},"excerpt":{"rendered":"<p>Kurumsal \u0130leti\u015fim Daire Ba\u015fkanl\u0131\u011f\u0131 Selman Enes Y\u00dcCEL Kurumsal \u0130leti\u015fim Daire Ba\u015fkan\u0131 444 0 413 #4438 selmanyucel@ticaret.edu.tr &nbsp; &nbsp; Medya ve G\u00f6rsel \u0130\u00e7erik Birimi B\u00fc\u015fra G\u00dcLSU btepe@ticaret.edu.tr Dahili: 4464 Handenur \u00d6ZDEM\u0130R hnozdemir@ticaret.edu.tr Dahili: 4465 Ertan ERYILMAZ eeryilmaz@ticaret.edu.tr Dahili: 4547 Mustafa Latif D\u0130LEK mldilek@ticaret.edu.tr Dahili: 4544 Grafik Tasar\u0131m Mustafa DEN\u0130Z mdeniz@ticaret.edu.tr Dahili: 4463 &nbsp; &nbsp; Tan\u0131t\u0131m ve [&hellip;]<\/p>\n","protected":false},"author":149,"featured_media":0,"parent":0,"menu_order":0,"comment_status":"closed","ping_status":"closed","template":"genel_sayfa.php","meta":{"footnotes":""},"yoast_head":"<!-- This site is optimized with the Yoast SEO Premium plugin v22.1 (Yoast SEO v22.1) - https:\/\/yoast.com\/wordpress\/plugins\/seo\/ -->\n<title>B\u0130Z\u0130 TANIYIN - Kurumsal \u0130leti\u015fim Daire Ba\u015fkanl\u0131\u011f\u0131<\/title>\n<meta name=\"robots\" content=\"index, follow, max-snippet:-1, max-image-preview:large, max-video-preview:-1\" \/>\n<link rel=\"canonical\" href=\"https:\/\/ticaret.edu.tr\/kurumsal-iletisim-daire-baskanligi\/bizi-taniyin\/\" \/>\n<meta property=\"og:locale\" content=\"tr_TR\" \/>\n<meta property=\"og:type\" content=\"article\" \/>\n<meta property=\"og:title\" content=\"B\u0130Z\u0130 TANIYIN\" \/>\n<meta property=\"og:description\" content=\"Kurumsal \u0130leti\u015fim Daire Ba\u015fkanl\u0131\u011f\u0131 Selman Enes Y\u00dcCEL Kurumsal \u0130leti\u015fim Daire Ba\u015fkan\u0131 444 0 413 #4438 selmanyucel@ticaret.edu.tr &nbsp; &nbsp; Medya ve G\u00f6rsel \u0130\u00e7erik Birimi B\u00fc\u015fra G\u00dcLSU btepe@ticaret.edu.tr Dahili: 4464 Handenur \u00d6ZDEM\u0130R hnozdemir@ticaret.edu.tr Dahili: 4465 Ertan ERYILMAZ eeryilmaz@ticaret.edu.tr Dahili: 4547 Mustafa Latif D\u0130LEK mldilek@ticaret.edu.tr Dahili: 4544 Grafik Tasar\u0131m Mustafa DEN\u0130Z mdeniz@ticaret.edu.tr Dahili: 4463 &nbsp; &nbsp; Tan\u0131t\u0131m ve [&hellip;]\" \/>\n<meta property=\"og:url\" content=\"https:\/\/ticaret.edu.tr\/kurumsal-iletisim-daire-baskanligi\/bizi-taniyin\/\" \/>\n<meta property=\"og:site_name\" content=\"Kurumsal \u0130leti\u015fim Daire Ba\u015fkanl\u0131\u011f\u0131\" \/>\n<meta property=\"article:publisher\" content=\"https:\/\/www.facebook.com\/ticaretedutr\" \/>\n<meta property=\"article:modified_time\" content=\"2026-03-27T14:17:31+00:00\" \/>\n<meta property=\"og:image\" content=\"http:\/\/ticaret.edu.tr\/kurumsal-iletisim-daire-baskanligi\/wp-content\/uploads\/sites\/61\/2021\/11\/web_logo-01.jpg\" \/>\n\t<meta property=\"og:image:width\" content=\"1250\" \/>\n\t<meta property=\"og:image:height\" content=\"833\" \/>\n\t<meta property=\"og:image:type\" content=\"image\/jpeg\" \/>\n<meta name=\"twitter:card\" content=\"summary_large_image\" \/>\n<meta name=\"twitter:site\" content=\"@ticaretedutr\" \/>\n<meta name=\"twitter:label1\" content=\"Tahmini okuma s\u00fcresi\" \/>\n\t<meta name=\"twitter:data1\" content=\"1 dakika\" \/>\n<script type=\"application\/ld+json\" class=\"yoast-schema-graph\">{\"@context\":\"https:\/\/schema.org\",\"@graph\":[{\"@type\":\"WebPage\",\"@id\":\"https:\/\/ticaret.edu.tr\/kurumsal-iletisim-daire-baskanligi\/bizi-taniyin\/\",\"url\":\"https:\/\/ticaret.edu.tr\/kurumsal-iletisim-daire-baskanligi\/bizi-taniyin\/\",\"name\":\"B\u0130Z\u0130 TANIYIN - Kurumsal \u0130leti\u015fim Daire Ba\u015fkanl\u0131\u011f\u0131\",\"isPartOf\":{\"@id\":\"https:\/\/ticaret.edu.tr\/kurumsal-iletisim-daire-baskanligi\/#website\"},\"datePublished\":\"2022-09-16T06:09:22+00:00\",\"dateModified\":\"2026-03-27T14:17:31+00:00\",\"breadcrumb\":{\"@id\":\"https:\/\/ticaret.edu.tr\/kurumsal-iletisim-daire-baskanligi\/bizi-taniyin\/#breadcrumb\"},\"inLanguage\":\"tr\",\"potentialAction\":[{\"@type\":\"ReadAction\",\"target\":[\"https:\/\/ticaret.edu.tr\/kurumsal-iletisim-daire-baskanligi\/bizi-taniyin\/\"]}]},{\"@type\":\"BreadcrumbList\",\"@id\":\"https:\/\/ticaret.edu.tr\/kurumsal-iletisim-daire-baskanligi\/bizi-taniyin\/#breadcrumb\",\"itemListElement\":[{\"@type\":\"ListItem\",\"position\":1,\"name\":\"Ana sayfa\",\"item\":\"https:\/\/ticaret.edu.tr\/kurumsal-iletisim-daire-baskanligi\/\"},{\"@type\":\"ListItem\",\"position\":2,\"name\":\"B\u0130Z\u0130 TANIYIN\"}]},{\"@type\":\"WebSite\",\"@id\":\"https:\/\/ticaret.edu.tr\/kurumsal-iletisim-daire-baskanligi\/#website\",\"url\":\"https:\/\/ticaret.edu.tr\/kurumsal-iletisim-daire-baskanligi\/\",\"name\":\"Kurumsal \u0130leti\u015fim Daire Ba\u015fkanl\u0131\u011f\u0131\",\"description\":\"Bir ba\u015fka \u0130stanbul Ticaret \u00dcniversitesi site sitesi\",\"potentialAction\":[{\"@type\":\"SearchAction\",\"target\":{\"@type\":\"EntryPoint\",\"urlTemplate\":\"https:\/\/ticaret.edu.tr\/kurumsal-iletisim-daire-baskanligi\/?s={search_term_string}\"},\"query-input\":\"required name=search_term_string\"}],\"inLanguage\":\"tr\"}]}<\/script>\n<!-- \/ Yoast SEO Premium plugin. -->","yoast_head_json":{"title":"B\u0130Z\u0130 TANIYIN - Kurumsal \u0130leti\u015fim Daire Ba\u015fkanl\u0131\u011f\u0131","robots":{"index":"index","follow":"follow","max-snippet":"max-snippet:-1","max-image-preview":"max-image-preview:large","max-video-preview":"max-video-preview:-1"},"canonical":"https:\/\/ticaret.edu.tr\/kurumsal-iletisim-daire-baskanligi\/bizi-taniyin\/","og_locale":"tr_TR","og_type":"article","og_title":"B\u0130Z\u0130 TANIYIN","og_description":"Kurumsal \u0130leti\u015fim Daire Ba\u015fkanl\u0131\u011f\u0131 Selman Enes Y\u00dcCEL Kurumsal \u0130leti\u015fim Daire Ba\u015fkan\u0131 444 0 413 #4438 selmanyucel@ticaret.edu.tr &nbsp; &nbsp; Medya ve G\u00f6rsel \u0130\u00e7erik Birimi B\u00fc\u015fra G\u00dcLSU btepe@ticaret.edu.tr Dahili: 4464 Handenur \u00d6ZDEM\u0130R hnozdemir@ticaret.edu.tr Dahili: 4465 Ertan ERYILMAZ eeryilmaz@ticaret.edu.tr Dahili: 4547 Mustafa Latif D\u0130LEK mldilek@ticaret.edu.tr Dahili: 4544 Grafik Tasar\u0131m Mustafa DEN\u0130Z mdeniz@ticaret.edu.tr Dahili: 4463 &nbsp; &nbsp; Tan\u0131t\u0131m ve [&hellip;]","og_url":"https:\/\/ticaret.edu.tr\/kurumsal-iletisim-daire-baskanligi\/bizi-taniyin\/","og_site_name":"Kurumsal \u0130leti\u015fim Daire Ba\u015fkanl\u0131\u011f\u0131","article_publisher":"https:\/\/www.facebook.com\/ticaretedutr","article_modified_time":"2026-03-27T14:17:31+00:00","og_image":[{"width":1250,"height":833,"url":"http:\/\/ticaret.edu.tr\/kurumsal-iletisim-daire-baskanligi\/wp-content\/uploads\/sites\/61\/2021\/11\/web_logo-01.jpg","type":"image\/jpeg"}],"twitter_card":"summary_large_image","twitter_site":"@ticaretedutr","twitter_misc":{"Tahmini okuma s\u00fcresi":"1 dakika"},"schema":{"@context":"https:\/\/schema.org","@graph":[{"@type":"WebPage","@id":"https:\/\/ticaret.edu.tr\/kurumsal-iletisim-daire-baskanligi\/bizi-taniyin\/","url":"https:\/\/ticaret.edu.tr\/kurumsal-iletisim-daire-baskanligi\/bizi-taniyin\/","name":"B\u0130Z\u0130 TANIYIN - Kurumsal \u0130leti\u015fim Daire Ba\u015fkanl\u0131\u011f\u0131","isPartOf":{"@id":"https:\/\/ticaret.edu.tr\/kurumsal-iletisim-daire-baskanligi\/#website"},"datePublished":"2022-09-16T06:09:22+00:00","dateModified":"2026-03-27T14:17:31+00:00","breadcrumb":{"@id":"https:\/\/ticaret.edu.tr\/kurumsal-iletisim-daire-baskanligi\/bizi-taniyin\/#breadcrumb"},"inLanguage":"tr","potentialAction":[{"@type":"ReadAction","target":["https:\/\/ticaret.edu.tr\/kurumsal-iletisim-daire-baskanligi\/bizi-taniyin\/"]}]},{"@type":"BreadcrumbList","@id":"https:\/\/ticaret.edu.tr\/kurumsal-iletisim-daire-baskanligi\/bizi-taniyin\/#breadcrumb","itemListElement":[{"@type":"ListItem","position":1,"name":"Ana sayfa","item":"https:\/\/ticaret.edu.tr\/kurumsal-iletisim-daire-baskanligi\/"},{"@type":"ListItem","position":2,"name":"B\u0130Z\u0130 TANIYIN"}]},{"@type":"WebSite","@id":"https:\/\/ticaret.edu.tr\/kurumsal-iletisim-daire-baskanligi\/#website","url":"https:\/\/ticaret.edu.tr\/kurumsal-iletisim-daire-baskanligi\/","name":"Kurumsal \u0130leti\u015fim Daire Ba\u015fkanl\u0131\u011f\u0131","description":"Bir ba\u015fka \u0130stanbul Ticaret \u00dcniversitesi site sitesi","potentialAction":[{"@type":"SearchAction","target":{"@type":"EntryPoint","urlTemplate":"https:\/\/ticaret.edu.tr\/kurumsal-iletisim-daire-baskanligi\/?s={search_term_string}"},"query-input":"required name=search_term_string"}],"inLanguage":"tr"}]}},"lang":"tr","translations":{"en":273,"tr":77},"pll_sync_post":[],"_links":{"self":[{"href":"http:\/\/ticaret.edu.tr\/kurumsal-iletisim-daire-baskanligi\/wp-json\/wp\/v2\/pages\/77"}],"collection":[{"href":"http:\/\/ticaret.edu.tr\/kurumsal-iletisim-daire-baskanligi\/wp-json\/wp\/v2\/pages"}],"about":[{"href":"http:\/\/ticaret.edu.tr\/kurumsal-iletisim-daire-baskanligi\/wp-json\/wp\/v2\/types\/page"}],"author":[{"embeddable":true,"href":"http:\/\/ticaret.edu.tr\/kurumsal-iletisim-daire-baskanligi\/wp-json\/wp\/v2\/users\/149"}],"replies":[{"embeddable":true,"href":"http:\/\/ticaret.edu.tr\/kurumsal-iletisim-daire-baskanligi\/wp-json\/wp\/v2\/comments?post=77"}],"version-history":[{"count":27,"href":"http:\/\/ticaret.edu.tr\/kurumsal-iletisim-daire-baskanligi\/wp-json\/wp\/v2\/pages\/77\/revisions"}],"predecessor-version":[{"id":288,"href":"http:\/\/ticaret.edu.tr\/kurumsal-iletisim-daire-baskanligi\/wp-json\/wp\/v2\/pages\/77\/revisions\/288"}],"wp:attachment":[{"href":"http:\/\/ticaret.edu.tr\/kurumsal-iletisim-daire-baskanligi\/wp-json\/wp\/v2\/media?parent=77"}],"curies":[{"name":"wp","href":"https:\/\/api.w.org\/{rel}","templated":true}]}}