{"id":202,"date":"2025-02-26T14:06:25","date_gmt":"2025-02-26T11:06:25","guid":{"rendered":"https:\/\/ticaret.edu.tr\/kurumsal-yonetim-ve-sosyal-sorumluluk-uygulama-ve-arastirma-merkezi\/?page_id=202"},"modified":"2025-02-26T14:06:25","modified_gmt":"2025-02-26T11:06:25","slug":"genel-bilgi","status":"publish","type":"page","link":"http:\/\/ticaret.edu.tr\/kurumsal-yonetim-ve-sosyal-sorumluluk-uygulama-ve-arastirma-merkezi\/genel-bilgi\/","title":{"rendered":"Genel Bilgi"},"content":{"rendered":"<p>\u0130\u015fletmelerin \u00f6rg\u00fct i\u00e7i payda\u015flar\u0131 \u00e7al\u0131\u015fanlar\u0131 ve ortaklar\u0131, \u00f6rg\u00fct d\u0131\u015f\u0131 payda\u015flar\u0131 m\u00fc\u015fterileri, tedarik\u00e7ileri, bayileri, rakipleri, i\u015f yapt\u0131klar\u0131 finansal kurulu\u015flar, kamu kurulu\u015flar\u0131, yerel idareler, STK\u2019lar, faaliyet g\u00f6sterdikleri b\u00f6lge halk\u0131 olarak belirtilebilir. \u0130\u015fletmelerin \u00f6rg\u00fct i\u00e7i ve \u00f6rg\u00fct d\u0131\u015f\u0131 payda\u015flar\u0131na sorumluluklar\u0131 vard\u0131r. Bu sorumluluklar\u0131n\u0131 ger\u00e7ekle\u015ftirdikleri \u00f6l\u00e7\u00fcde payda\u015flar\u0131nda kabul ve destek g\u00f6r\u00fcr, faaliyetlerine devam edebilirler.\u00a0Kurumsal y\u00f6netim i\u015fletmelerin kurumsal y\u00f6netim ilkeleri olan\u00a0adillik, \u015feffafl\u0131k, hesap verebilirlik ve sorumluluk ilkeleri y\u00f6n\u00fcnde payda\u015flar\u0131yla ili\u015fkilerini d\u00fczenlemesini gerekli k\u0131lar. \u0130\u015fletmelerin y\u00f6netim kurullar\u0131 kurumsal y\u00f6netim ilkeleri y\u00fcn\u00fcnde faaliyet g\u00f6sterilmesini g\u00fcvence alt\u0131na almal\u0131d\u0131rlar.\u00a0Kurumsal Y\u00f6netim ve Sosyal Sorumluluk Uygulama ve Ara\u015ft\u0131rma Merkezinin temel ama\u00e7lar\u0131 \u00f6\u011frencilerde i\u015fletmelerin kurumsal y\u00f6netim ve sosyal sorumluluk faaliyetlerinin \u00f6nemini anlamalar\u0131n\u0131 sa\u011flamak, kendilerinin gelecekte bu faaliyetleri ger\u00e7ekle\u015ftirebilmeleri i\u00e7in gerekli bilgiler ile donatmak, farkl\u0131 sekt\u00f6rlerden i\u015fletmelerin kurumsal y\u00f6netim ve sosyal sorumluluk faaliyetlerinden haberdar olmalar\u0131n\u0131 sa\u011flamak, bu konularda yarat\u0131c\u0131, yenilik\u00e7i, fark yaratan bak\u0131\u015f a\u00e7\u0131s\u0131na sahip olmalar\u0131na katk\u0131da bulunmakt\u0131r.\u00a0Bu y\u00f6nde Kurumsal Y\u00f6netim ve Sosyal Sorumluluk Uygulama ve Ara\u015ft\u0131rma Merkezi a\u015fa\u011f\u0131daki faaliyetleri ger\u00e7ekle\u015ftirecektir:<\/p>\n<p>a) Kurumsal y\u00f6netim ve sosyal sorumluluk ile ilgili alanlarda ara\u015ft\u0131rmalar yapmak ve bunlar\u0131 yay\u0131mlamak,<\/p>\n<p>b) Kurumsal y\u00f6netim ve sosyal sorumluluk alan\u0131nda ulusal ve uluslararas\u0131 konferans, sempozyum, seminer, panel vb. faaliyetler d\u00fczenlemek<\/p>\n<p>c) Merkezin ilgi alan\u0131na giren konularda faaliyette bulunan ulusal veya uluslararas\u0131, resmi veya \u00f6zel kurum ve \u00f6rg\u00fctler ile Merkezin amac\u0131 do\u011frultusunda ili\u015fki kurmak, i\u015fbirli\u011finde bulunmak, ortak \u00e7al\u0131\u015fmalar d\u00fczenlemek, uygulama ve ara\u015ft\u0131rma projeleri haz\u0131rlamak, bu projelere kaynak yaratmak ve projeleri uygulamak ve\/veya uygulaman\u0131n takibini yapmak,<\/p>\n<p>\u00e7) Farkl\u0131 sekt\u00f6rlere mensup \u00e7al\u0131\u015fanlar\u0131n meslek i\u00e7i e\u011fitimlerinde, kurumsal y\u00f6netimin ve sosyal sorumlulu\u011fun \u00f6nemini vurgulayan ve bunun uygulamada i\u015flerlik kazanmas\u0131n\u0131 hedefleyen ulusal ve uluslararas\u0131 d\u00fczeyde \u00a0e\u011fitimler, sertifika programlar\u0131, lisans \u00fcst\u00fc programlar d\u00fczenlemek,<\/p>\n<p>d) Merkezin ilgi alan\u0131na giren konularda, dan\u0131\u015fmanl\u0131k faaliyetlerinde bulunmak,<\/p>\n<p>e) Kurumsal y\u00f6netim ve sosyal sorumluluk alan\u0131nda ulusal ve uluslararas\u0131 d\u00fczeydeki normlar\u0131, kararlar\u0131, ilgili anla\u015fmalar\u0131n kabul\u00fcn\u00fc ve bunlara ili\u015fkin uygulamay\u0131 izlemek ve bu konulardaki de\u011ferlendirmeleri uygun yollarla ilgililerin ve kamunun bilgisine sunmak,<\/p>\n<p>f) Kurumsal y\u00f6netim ve sosyal sorumluluk alan\u0131nda yay\u0131nlar haz\u0131rlay\u0131p yay\u0131mlamak<\/p>\n","protected":false},"excerpt":{"rendered":"<p>\u0130\u015fletmelerin \u00f6rg\u00fct i\u00e7i payda\u015flar\u0131 \u00e7al\u0131\u015fanlar\u0131 ve ortaklar\u0131, \u00f6rg\u00fct d\u0131\u015f\u0131 payda\u015flar\u0131 m\u00fc\u015fterileri, tedarik\u00e7ileri, bayileri, rakipleri, i\u015f yapt\u0131klar\u0131 finansal kurulu\u015flar, kamu kurulu\u015flar\u0131, yerel idareler, STK\u2019lar, faaliyet g\u00f6sterdikleri b\u00f6lge halk\u0131 olarak belirtilebilir. \u0130\u015fletmelerin \u00f6rg\u00fct i\u00e7i ve \u00f6rg\u00fct d\u0131\u015f\u0131 payda\u015flar\u0131na sorumluluklar\u0131 vard\u0131r. Bu sorumluluklar\u0131n\u0131 ger\u00e7ekle\u015ftirdikleri \u00f6l\u00e7\u00fcde payda\u015flar\u0131nda kabul ve destek g\u00f6r\u00fcr, faaliyetlerine devam edebilirler.\u00a0Kurumsal y\u00f6netim i\u015fletmelerin kurumsal y\u00f6netim ilkeleri [&hellip;]<\/p>\n","protected":false},"author":228,"featured_media":0,"parent":0,"menu_order":0,"comment_status":"closed","ping_status":"closed","template":"genel_sayfa.php","meta":{"footnotes":""},"yoast_head":"<!-- This site is optimized with the Yoast SEO Premium plugin v22.1 (Yoast SEO v22.1) - https:\/\/yoast.com\/wordpress\/plugins\/seo\/ -->\n<title>Genel Bilgi - Kurumsal Y\u00f6netim ve Sosyal Sorumluluk Uygulama ve Ara\u015ft\u0131rma Merkezi<\/title>\n<meta name=\"robots\" content=\"index, follow, max-snippet:-1, max-image-preview:large, max-video-preview:-1\" \/>\n<link rel=\"canonical\" href=\"https:\/\/ticaret.edu.tr\/kurumsal-yonetim-ve-sosyal-sorumluluk-uygulama-ve-arastirma-merkezi\/genel-bilgi\/\" \/>\n<meta property=\"og:locale\" content=\"tr_TR\" \/>\n<meta property=\"og:type\" content=\"article\" \/>\n<meta property=\"og:title\" content=\"Genel Bilgi\" \/>\n<meta property=\"og:description\" content=\"\u0130\u015fletmelerin \u00f6rg\u00fct i\u00e7i payda\u015flar\u0131 \u00e7al\u0131\u015fanlar\u0131 ve ortaklar\u0131, \u00f6rg\u00fct d\u0131\u015f\u0131 payda\u015flar\u0131 m\u00fc\u015fterileri, tedarik\u00e7ileri, bayileri, rakipleri, i\u015f yapt\u0131klar\u0131 finansal kurulu\u015flar, kamu kurulu\u015flar\u0131, yerel idareler, STK\u2019lar, faaliyet g\u00f6sterdikleri b\u00f6lge halk\u0131 olarak belirtilebilir. \u0130\u015fletmelerin \u00f6rg\u00fct i\u00e7i ve \u00f6rg\u00fct d\u0131\u015f\u0131 payda\u015flar\u0131na sorumluluklar\u0131 vard\u0131r. Bu sorumluluklar\u0131n\u0131 ger\u00e7ekle\u015ftirdikleri \u00f6l\u00e7\u00fcde payda\u015flar\u0131nda kabul ve destek g\u00f6r\u00fcr, faaliyetlerine devam edebilirler.\u00a0Kurumsal y\u00f6netim i\u015fletmelerin kurumsal y\u00f6netim ilkeleri [&hellip;]\" \/>\n<meta property=\"og:url\" content=\"https:\/\/ticaret.edu.tr\/kurumsal-yonetim-ve-sosyal-sorumluluk-uygulama-ve-arastirma-merkezi\/genel-bilgi\/\" \/>\n<meta property=\"og:site_name\" content=\"Kurumsal Y\u00f6netim ve Sosyal Sorumluluk Uygulama ve Ara\u015ft\u0131rma Merkezi\" \/>\n<meta property=\"article:publisher\" content=\"https:\/\/www.facebook.com\/ticaretedutr\" \/>\n<meta property=\"og:image\" content=\"http:\/\/ticaret.edu.tr\/kurumsal-yonetim-ve-sosyal-sorumluluk-uygulama-ve-arastirma-merkezi\/wp-content\/uploads\/sites\/52\/2021\/11\/web_logo-01.jpg\" \/>\n\t<meta property=\"og:image:width\" content=\"1250\" \/>\n\t<meta property=\"og:image:height\" content=\"833\" \/>\n\t<meta property=\"og:image:type\" content=\"image\/jpeg\" \/>\n<meta name=\"twitter:card\" content=\"summary_large_image\" \/>\n<meta name=\"twitter:site\" content=\"@ticaretedutr\" \/>\n<script type=\"application\/ld+json\" class=\"yoast-schema-graph\">{\"@context\":\"https:\/\/schema.org\",\"@graph\":[{\"@type\":\"WebPage\",\"@id\":\"https:\/\/ticaret.edu.tr\/kurumsal-yonetim-ve-sosyal-sorumluluk-uygulama-ve-arastirma-merkezi\/genel-bilgi\/\",\"url\":\"https:\/\/ticaret.edu.tr\/kurumsal-yonetim-ve-sosyal-sorumluluk-uygulama-ve-arastirma-merkezi\/genel-bilgi\/\",\"name\":\"Genel Bilgi - Kurumsal Y\u00f6netim ve Sosyal Sorumluluk Uygulama ve Ara\u015ft\u0131rma Merkezi\",\"isPartOf\":{\"@id\":\"https:\/\/ticaret.edu.tr\/kurumsal-yonetim-ve-sosyal-sorumluluk-uygulama-ve-arastirma-merkezi\/#website\"},\"datePublished\":\"2025-02-26T11:06:25+00:00\",\"dateModified\":\"2025-02-26T11:06:25+00:00\",\"breadcrumb\":{\"@id\":\"https:\/\/ticaret.edu.tr\/kurumsal-yonetim-ve-sosyal-sorumluluk-uygulama-ve-arastirma-merkezi\/genel-bilgi\/#breadcrumb\"},\"inLanguage\":\"tr\",\"potentialAction\":[{\"@type\":\"ReadAction\",\"target\":[\"https:\/\/ticaret.edu.tr\/kurumsal-yonetim-ve-sosyal-sorumluluk-uygulama-ve-arastirma-merkezi\/genel-bilgi\/\"]}]},{\"@type\":\"BreadcrumbList\",\"@id\":\"https:\/\/ticaret.edu.tr\/kurumsal-yonetim-ve-sosyal-sorumluluk-uygulama-ve-arastirma-merkezi\/genel-bilgi\/#breadcrumb\",\"itemListElement\":[{\"@type\":\"ListItem\",\"position\":1,\"name\":\"Ana sayfa\",\"item\":\"https:\/\/ticaret.edu.tr\/kurumsal-yonetim-ve-sosyal-sorumluluk-uygulama-ve-arastirma-merkezi\/\"},{\"@type\":\"ListItem\",\"position\":2,\"name\":\"Genel Bilgi\"}]},{\"@type\":\"WebSite\",\"@id\":\"https:\/\/ticaret.edu.tr\/kurumsal-yonetim-ve-sosyal-sorumluluk-uygulama-ve-arastirma-merkezi\/#website\",\"url\":\"https:\/\/ticaret.edu.tr\/kurumsal-yonetim-ve-sosyal-sorumluluk-uygulama-ve-arastirma-merkezi\/\",\"name\":\"Kurumsal Y\u00f6netim ve Sosyal Sorumluluk Uygulama ve Ara\u015ft\u0131rma Merkezi\",\"description\":\"Bir ba\u015fka \u0130stanbul Ticaret \u00dcniversitesi site sitesi\",\"potentialAction\":[{\"@type\":\"SearchAction\",\"target\":{\"@type\":\"EntryPoint\",\"urlTemplate\":\"https:\/\/ticaret.edu.tr\/kurumsal-yonetim-ve-sosyal-sorumluluk-uygulama-ve-arastirma-merkezi\/?s={search_term_string}\"},\"query-input\":\"required name=search_term_string\"}],\"inLanguage\":\"tr\"}]}<\/script>\n<!-- \/ Yoast SEO Premium plugin. -->","yoast_head_json":{"title":"Genel Bilgi - Kurumsal Y\u00f6netim ve Sosyal Sorumluluk Uygulama ve Ara\u015ft\u0131rma Merkezi","robots":{"index":"index","follow":"follow","max-snippet":"max-snippet:-1","max-image-preview":"max-image-preview:large","max-video-preview":"max-video-preview:-1"},"canonical":"https:\/\/ticaret.edu.tr\/kurumsal-yonetim-ve-sosyal-sorumluluk-uygulama-ve-arastirma-merkezi\/genel-bilgi\/","og_locale":"tr_TR","og_type":"article","og_title":"Genel Bilgi","og_description":"\u0130\u015fletmelerin \u00f6rg\u00fct i\u00e7i payda\u015flar\u0131 \u00e7al\u0131\u015fanlar\u0131 ve ortaklar\u0131, \u00f6rg\u00fct d\u0131\u015f\u0131 payda\u015flar\u0131 m\u00fc\u015fterileri, tedarik\u00e7ileri, bayileri, rakipleri, i\u015f yapt\u0131klar\u0131 finansal kurulu\u015flar, kamu kurulu\u015flar\u0131, yerel idareler, STK\u2019lar, faaliyet g\u00f6sterdikleri b\u00f6lge halk\u0131 olarak belirtilebilir. \u0130\u015fletmelerin \u00f6rg\u00fct i\u00e7i ve \u00f6rg\u00fct d\u0131\u015f\u0131 payda\u015flar\u0131na sorumluluklar\u0131 vard\u0131r. Bu sorumluluklar\u0131n\u0131 ger\u00e7ekle\u015ftirdikleri \u00f6l\u00e7\u00fcde payda\u015flar\u0131nda kabul ve destek g\u00f6r\u00fcr, faaliyetlerine devam edebilirler.\u00a0Kurumsal y\u00f6netim i\u015fletmelerin kurumsal y\u00f6netim ilkeleri [&hellip;]","og_url":"https:\/\/ticaret.edu.tr\/kurumsal-yonetim-ve-sosyal-sorumluluk-uygulama-ve-arastirma-merkezi\/genel-bilgi\/","og_site_name":"Kurumsal Y\u00f6netim ve Sosyal Sorumluluk Uygulama ve Ara\u015ft\u0131rma Merkezi","article_publisher":"https:\/\/www.facebook.com\/ticaretedutr","og_image":[{"width":1250,"height":833,"url":"http:\/\/ticaret.edu.tr\/kurumsal-yonetim-ve-sosyal-sorumluluk-uygulama-ve-arastirma-merkezi\/wp-content\/uploads\/sites\/52\/2021\/11\/web_logo-01.jpg","type":"image\/jpeg"}],"twitter_card":"summary_large_image","twitter_site":"@ticaretedutr","schema":{"@context":"https:\/\/schema.org","@graph":[{"@type":"WebPage","@id":"https:\/\/ticaret.edu.tr\/kurumsal-yonetim-ve-sosyal-sorumluluk-uygulama-ve-arastirma-merkezi\/genel-bilgi\/","url":"https:\/\/ticaret.edu.tr\/kurumsal-yonetim-ve-sosyal-sorumluluk-uygulama-ve-arastirma-merkezi\/genel-bilgi\/","name":"Genel Bilgi - Kurumsal Y\u00f6netim ve Sosyal Sorumluluk Uygulama ve Ara\u015ft\u0131rma Merkezi","isPartOf":{"@id":"https:\/\/ticaret.edu.tr\/kurumsal-yonetim-ve-sosyal-sorumluluk-uygulama-ve-arastirma-merkezi\/#website"},"datePublished":"2025-02-26T11:06:25+00:00","dateModified":"2025-02-26T11:06:25+00:00","breadcrumb":{"@id":"https:\/\/ticaret.edu.tr\/kurumsal-yonetim-ve-sosyal-sorumluluk-uygulama-ve-arastirma-merkezi\/genel-bilgi\/#breadcrumb"},"inLanguage":"tr","potentialAction":[{"@type":"ReadAction","target":["https:\/\/ticaret.edu.tr\/kurumsal-yonetim-ve-sosyal-sorumluluk-uygulama-ve-arastirma-merkezi\/genel-bilgi\/"]}]},{"@type":"BreadcrumbList","@id":"https:\/\/ticaret.edu.tr\/kurumsal-yonetim-ve-sosyal-sorumluluk-uygulama-ve-arastirma-merkezi\/genel-bilgi\/#breadcrumb","itemListElement":[{"@type":"ListItem","position":1,"name":"Ana sayfa","item":"https:\/\/ticaret.edu.tr\/kurumsal-yonetim-ve-sosyal-sorumluluk-uygulama-ve-arastirma-merkezi\/"},{"@type":"ListItem","position":2,"name":"Genel Bilgi"}]},{"@type":"WebSite","@id":"https:\/\/ticaret.edu.tr\/kurumsal-yonetim-ve-sosyal-sorumluluk-uygulama-ve-arastirma-merkezi\/#website","url":"https:\/\/ticaret.edu.tr\/kurumsal-yonetim-ve-sosyal-sorumluluk-uygulama-ve-arastirma-merkezi\/","name":"Kurumsal Y\u00f6netim ve Sosyal Sorumluluk Uygulama ve Ara\u015ft\u0131rma Merkezi","description":"Bir ba\u015fka \u0130stanbul Ticaret \u00dcniversitesi site sitesi","potentialAction":[{"@type":"SearchAction","target":{"@type":"EntryPoint","urlTemplate":"https:\/\/ticaret.edu.tr\/kurumsal-yonetim-ve-sosyal-sorumluluk-uygulama-ve-arastirma-merkezi\/?s={search_term_string}"},"query-input":"required name=search_term_string"}],"inLanguage":"tr"}]}},"lang":"tr","translations":{"tr":202},"pll_sync_post":[],"_links":{"self":[{"href":"http:\/\/ticaret.edu.tr\/kurumsal-yonetim-ve-sosyal-sorumluluk-uygulama-ve-arastirma-merkezi\/wp-json\/wp\/v2\/pages\/202"}],"collection":[{"href":"http:\/\/ticaret.edu.tr\/kurumsal-yonetim-ve-sosyal-sorumluluk-uygulama-ve-arastirma-merkezi\/wp-json\/wp\/v2\/pages"}],"about":[{"href":"http:\/\/ticaret.edu.tr\/kurumsal-yonetim-ve-sosyal-sorumluluk-uygulama-ve-arastirma-merkezi\/wp-json\/wp\/v2\/types\/page"}],"author":[{"embeddable":true,"href":"http:\/\/ticaret.edu.tr\/kurumsal-yonetim-ve-sosyal-sorumluluk-uygulama-ve-arastirma-merkezi\/wp-json\/wp\/v2\/users\/228"}],"replies":[{"embeddable":true,"href":"http:\/\/ticaret.edu.tr\/kurumsal-yonetim-ve-sosyal-sorumluluk-uygulama-ve-arastirma-merkezi\/wp-json\/wp\/v2\/comments?post=202"}],"version-history":[{"count":1,"href":"http:\/\/ticaret.edu.tr\/kurumsal-yonetim-ve-sosyal-sorumluluk-uygulama-ve-arastirma-merkezi\/wp-json\/wp\/v2\/pages\/202\/revisions"}],"predecessor-version":[{"id":203,"href":"http:\/\/ticaret.edu.tr\/kurumsal-yonetim-ve-sosyal-sorumluluk-uygulama-ve-arastirma-merkezi\/wp-json\/wp\/v2\/pages\/202\/revisions\/203"}],"wp:attachment":[{"href":"http:\/\/ticaret.edu.tr\/kurumsal-yonetim-ve-sosyal-sorumluluk-uygulama-ve-arastirma-merkezi\/wp-json\/wp\/v2\/media?parent=202"}],"curies":[{"name":"wp","href":"https:\/\/api.w.org\/{rel}","templated":true}]}}