{"id":37,"date":"2021-01-20T11:41:30","date_gmt":"2021-01-20T08:41:30","guid":{"rendered":"http:\/\/ticaret.edu.tr\/kyssuam\/?page_id=37"},"modified":"2025-02-26T14:05:42","modified_gmt":"2025-02-26T11:05:42","slug":"mevzuat","status":"publish","type":"page","link":"http:\/\/ticaret.edu.tr\/kurumsal-yonetim-ve-sosyal-sorumluluk-uygulama-ve-arastirma-merkezi\/mevzuat\/","title":{"rendered":"Mevzuat"},"content":{"rendered":"<div>\n<ul>\n<li><b>Kurumsal Y\u00f6netim Tebli\u011fi\u00a0(Resmi \u00a0Gazete 3\/1\/2014 tarihli , say\u0131 \u00a028871 no\u2019lu tebli\u011f)<\/b><\/li>\n<\/ul>\n<p><a title=\"Kurumsal Y\u00f6netim Tebli\u011fi\" href=\"http:\/\/www.spk.gov.tr\/duyurugoster.aspx?aid=20140103&amp;subid=3&amp;ct=c\" target=\"_blank\" rel=\"noopener noreferrer\">http:\/\/www.spk.gov.tr\/duyurugoster.aspx?aid=20140103&amp;subid=3&amp;ct=c<\/a><\/p>\n<p><strong>\u2013\u2013\u2013\u2013\u2013\u2013\u2013\u2013\u2013\u2013\u2013\u2013\u2013\u2013\u2013\u2013\u2013\u2013\u2013\u2013\u2013\u2013\u2013\u2013\u2013\u2013\u2013\u2013\u2013\u2013\u2013\u2013\u2013\u2013\u2013\u2013\u2013\u2013\u2013\u2013\u2013\u2013\u2013\u2013\u2013\u2013\u2013\u2013\u2013\u2013\u2013\u2013\u2013\u2013\u2013\u2013\u2013\u2013\u2013\u2013\u2013\u2013\u2013\u2013\u2013<\/strong><\/p>\n<\/div>\n<div>\n<ul>\n<li><b>SPK Taraf\u0131ndan Yay\u0131nlanan Kurumsal Y\u00f6netim ilkeleri (T\u00fcrk\u00e7e)<\/b><\/li>\n<\/ul>\n<\/div>\n<div><a title=\"SPK - Kurumsal Y\u00f6netim \u0130lkeleri - T\u00fcrk\u00e7e\" href=\"http:\/\/www.spk.gov.tr\/indexcont.aspx?action=showpage&amp;menuid=10&amp;pid=0\" target=\"_blank\" rel=\"noopener noreferrer\">http:\/\/www.spk.gov.tr\/indexcont.aspx?action=showpage&amp;menuid=10&amp;pid=0<\/a><\/div>\n<div><\/div>\n<div><strong>\u2013\u2013\u2013\u2013\u2013\u2013\u2013\u2013\u2013\u2013\u2013\u2013\u2013\u2013\u2013\u2013\u2013\u2013\u2013\u2013\u2013\u2013\u2013\u2013\u2013\u2013\u2013\u2013\u2013\u2013\u2013\u2013\u2013\u2013\u2013\u2013\u2013\u2013\u2013\u2013\u2013\u2013\u2013\u2013\u2013\u2013\u2013\u2013\u2013\u2013\u2013\u2013\u2013\u2013\u2013\u2013\u2013\u2013\u2013\u2013\u2013\u2013\u2013\u2013\u2013<\/strong><\/div>\n<div>\n<ul>\n<li><b>SPK Taraf\u0131ndan Yay\u0131nlanan Kurumsal Y\u00f6netim \u0130lkeleri ( \u0130ngilizce)\u00a0<\/b><\/li>\n<\/ul>\n<\/div>\n<div><a title=\"SPK - Kurumsal Y\u00f6netim \u0130lkeleri - \u0130ngilizce\" href=\"http:\/\/www.spk.gov.tr\/indexcont.aspx?action=showpage&amp;menuid=10&amp;pid=0\" target=\"_blank\" rel=\"noopener noreferrer\">http:\/\/www.spk.gov.tr\/indexcont.aspx?action=showpage&amp;menuid=10&amp;pid=0<\/a><\/div>\n<div><\/div>\n<div><strong>\u2013\u2013\u2013\u2013\u2013\u2013\u2013\u2013\u2013\u2013\u2013\u2013\u2013\u2013\u2013\u2013\u2013\u2013\u2013\u2013\u2013\u2013\u2013\u2013\u2013\u2013\u2013\u2013\u2013\u2013\u2013\u2013\u2013\u2013\u2013\u2013\u2013\u2013\u2013\u2013\u2013\u2013\u2013\u2013\u2013\u2013\u2013\u2013\u2013\u2013\u2013\u2013\u2013\u2013\u2013\u2013\u2013\u2013\u2013\u2013\u2013\u2013\u2013\u2013\u2013<\/strong><\/div>\n<div><\/div>\n<div>\n<ul>\n<li><b>OECD Taraf\u0131ndan Yay\u0131nlanan Kurumsal Y\u00f6netim \u0130lkeleri 2004 ( \u0130ngilizce )<\/b><\/li>\n<\/ul>\n<\/div>\n<div><b><\/b><a title=\" OECD Principles of Corporate Governance\" href=\"http:\/\/www.oecd.org\/corporate\/ca\/corporategovernanceprinciples\/31557724.pdf\" target=\"_blank\" rel=\"noopener noreferrer\">http:\/\/www.oecd.org\/corporate\/ca\/corporategovernanceprinciples\/31557724.pdf<\/a><\/div>\n","protected":false},"excerpt":{"rendered":"<p>Kurumsal Y\u00f6netim Tebli\u011fi\u00a0(Resmi \u00a0Gazete 3\/1\/2014 tarihli , say\u0131 \u00a028871 no\u2019lu tebli\u011f) http:\/\/www.spk.gov.tr\/duyurugoster.aspx?aid=20140103&amp;subid=3&amp;ct=c \u2013\u2013\u2013\u2013\u2013\u2013\u2013\u2013\u2013\u2013\u2013\u2013\u2013\u2013\u2013\u2013\u2013\u2013\u2013\u2013\u2013\u2013\u2013\u2013\u2013\u2013\u2013\u2013\u2013\u2013\u2013\u2013\u2013\u2013\u2013\u2013\u2013\u2013\u2013\u2013\u2013\u2013\u2013\u2013\u2013\u2013\u2013\u2013\u2013\u2013\u2013\u2013\u2013\u2013\u2013\u2013\u2013\u2013\u2013\u2013\u2013\u2013\u2013\u2013\u2013 SPK Taraf\u0131ndan Yay\u0131nlanan Kurumsal Y\u00f6netim ilkeleri (T\u00fcrk\u00e7e) http:\/\/www.spk.gov.tr\/indexcont.aspx?action=showpage&amp;menuid=10&amp;pid=0 \u2013\u2013\u2013\u2013\u2013\u2013\u2013\u2013\u2013\u2013\u2013\u2013\u2013\u2013\u2013\u2013\u2013\u2013\u2013\u2013\u2013\u2013\u2013\u2013\u2013\u2013\u2013\u2013\u2013\u2013\u2013\u2013\u2013\u2013\u2013\u2013\u2013\u2013\u2013\u2013\u2013\u2013\u2013\u2013\u2013\u2013\u2013\u2013\u2013\u2013\u2013\u2013\u2013\u2013\u2013\u2013\u2013\u2013\u2013\u2013\u2013\u2013\u2013\u2013\u2013 SPK Taraf\u0131ndan Yay\u0131nlanan Kurumsal Y\u00f6netim \u0130lkeleri ( \u0130ngilizce)\u00a0 http:\/\/www.spk.gov.tr\/indexcont.aspx?action=showpage&amp;menuid=10&amp;pid=0 \u2013\u2013\u2013\u2013\u2013\u2013\u2013\u2013\u2013\u2013\u2013\u2013\u2013\u2013\u2013\u2013\u2013\u2013\u2013\u2013\u2013\u2013\u2013\u2013\u2013\u2013\u2013\u2013\u2013\u2013\u2013\u2013\u2013\u2013\u2013\u2013\u2013\u2013\u2013\u2013\u2013\u2013\u2013\u2013\u2013\u2013\u2013\u2013\u2013\u2013\u2013\u2013\u2013\u2013\u2013\u2013\u2013\u2013\u2013\u2013\u2013\u2013\u2013\u2013\u2013 OECD Taraf\u0131ndan Yay\u0131nlanan Kurumsal Y\u00f6netim \u0130lkeleri 2004 ( \u0130ngilizce ) http:\/\/www.oecd.org\/corporate\/ca\/corporategovernanceprinciples\/31557724.pdf<\/p>\n","protected":false},"author":228,"featured_media":0,"parent":0,"menu_order":0,"comment_status":"closed","ping_status":"closed","template":"genel_sayfa.php","meta":{"footnotes":""},"yoast_head":"<!-- This site is optimized with the Yoast SEO Premium plugin v22.1 (Yoast SEO v22.1) - https:\/\/yoast.com\/wordpress\/plugins\/seo\/ -->\n<title>Mevzuat - Kurumsal Y\u00f6netim ve Sosyal Sorumluluk Uygulama ve Ara\u015ft\u0131rma Merkezi<\/title>\n<meta name=\"robots\" content=\"index, follow, max-snippet:-1, max-image-preview:large, max-video-preview:-1\" \/>\n<link rel=\"canonical\" href=\"https:\/\/ticaret.edu.tr\/kurumsal-yonetim-ve-sosyal-sorumluluk-uygulama-ve-arastirma-merkezi\/mevzuat\/\" \/>\n<meta property=\"og:locale\" content=\"tr_TR\" \/>\n<meta property=\"og:type\" content=\"article\" \/>\n<meta property=\"og:title\" content=\"Mevzuat\" \/>\n<meta property=\"og:description\" content=\"Kurumsal Y\u00f6netim Tebli\u011fi\u00a0(Resmi \u00a0Gazete 3\/1\/2014 tarihli , say\u0131 \u00a028871 no\u2019lu tebli\u011f) http:\/\/www.spk.gov.tr\/duyurugoster.aspx?aid=20140103&amp;subid=3&amp;ct=c \u2013\u2013\u2013\u2013\u2013\u2013\u2013\u2013\u2013\u2013\u2013\u2013\u2013\u2013\u2013\u2013\u2013\u2013\u2013\u2013\u2013\u2013\u2013\u2013\u2013\u2013\u2013\u2013\u2013\u2013\u2013\u2013\u2013\u2013\u2013\u2013\u2013\u2013\u2013\u2013\u2013\u2013\u2013\u2013\u2013\u2013\u2013\u2013\u2013\u2013\u2013\u2013\u2013\u2013\u2013\u2013\u2013\u2013\u2013\u2013\u2013\u2013\u2013\u2013\u2013 SPK Taraf\u0131ndan Yay\u0131nlanan Kurumsal Y\u00f6netim ilkeleri (T\u00fcrk\u00e7e) http:\/\/www.spk.gov.tr\/indexcont.aspx?action=showpage&amp;menuid=10&amp;pid=0 \u2013\u2013\u2013\u2013\u2013\u2013\u2013\u2013\u2013\u2013\u2013\u2013\u2013\u2013\u2013\u2013\u2013\u2013\u2013\u2013\u2013\u2013\u2013\u2013\u2013\u2013\u2013\u2013\u2013\u2013\u2013\u2013\u2013\u2013\u2013\u2013\u2013\u2013\u2013\u2013\u2013\u2013\u2013\u2013\u2013\u2013\u2013\u2013\u2013\u2013\u2013\u2013\u2013\u2013\u2013\u2013\u2013\u2013\u2013\u2013\u2013\u2013\u2013\u2013\u2013 SPK Taraf\u0131ndan Yay\u0131nlanan Kurumsal Y\u00f6netim \u0130lkeleri ( \u0130ngilizce)\u00a0 http:\/\/www.spk.gov.tr\/indexcont.aspx?action=showpage&amp;menuid=10&amp;pid=0 \u2013\u2013\u2013\u2013\u2013\u2013\u2013\u2013\u2013\u2013\u2013\u2013\u2013\u2013\u2013\u2013\u2013\u2013\u2013\u2013\u2013\u2013\u2013\u2013\u2013\u2013\u2013\u2013\u2013\u2013\u2013\u2013\u2013\u2013\u2013\u2013\u2013\u2013\u2013\u2013\u2013\u2013\u2013\u2013\u2013\u2013\u2013\u2013\u2013\u2013\u2013\u2013\u2013\u2013\u2013\u2013\u2013\u2013\u2013\u2013\u2013\u2013\u2013\u2013\u2013 OECD Taraf\u0131ndan Yay\u0131nlanan Kurumsal Y\u00f6netim \u0130lkeleri 2004 ( \u0130ngilizce ) http:\/\/www.oecd.org\/corporate\/ca\/corporategovernanceprinciples\/31557724.pdf\" \/>\n<meta property=\"og:url\" content=\"https:\/\/ticaret.edu.tr\/kurumsal-yonetim-ve-sosyal-sorumluluk-uygulama-ve-arastirma-merkezi\/mevzuat\/\" \/>\n<meta property=\"og:site_name\" content=\"Kurumsal Y\u00f6netim ve Sosyal Sorumluluk Uygulama ve Ara\u015ft\u0131rma Merkezi\" \/>\n<meta property=\"article:publisher\" content=\"https:\/\/www.facebook.com\/ticaretedutr\" \/>\n<meta property=\"article:modified_time\" content=\"2025-02-26T11:05:42+00:00\" \/>\n<meta property=\"og:image\" content=\"http:\/\/ticaret.edu.tr\/kurumsal-yonetim-ve-sosyal-sorumluluk-uygulama-ve-arastirma-merkezi\/wp-content\/uploads\/sites\/52\/2021\/11\/web_logo-01.jpg\" \/>\n\t<meta property=\"og:image:width\" content=\"1250\" \/>\n\t<meta property=\"og:image:height\" content=\"833\" \/>\n\t<meta property=\"og:image:type\" content=\"image\/jpeg\" \/>\n<meta name=\"twitter:card\" content=\"summary_large_image\" \/>\n<meta name=\"twitter:site\" content=\"@ticaretedutr\" \/>\n<script type=\"application\/ld+json\" class=\"yoast-schema-graph\">{\"@context\":\"https:\/\/schema.org\",\"@graph\":[{\"@type\":\"WebPage\",\"@id\":\"https:\/\/ticaret.edu.tr\/kurumsal-yonetim-ve-sosyal-sorumluluk-uygulama-ve-arastirma-merkezi\/mevzuat\/\",\"url\":\"https:\/\/ticaret.edu.tr\/kurumsal-yonetim-ve-sosyal-sorumluluk-uygulama-ve-arastirma-merkezi\/mevzuat\/\",\"name\":\"Mevzuat - Kurumsal Y\u00f6netim ve Sosyal Sorumluluk Uygulama ve Ara\u015ft\u0131rma Merkezi\",\"isPartOf\":{\"@id\":\"https:\/\/ticaret.edu.tr\/kurumsal-yonetim-ve-sosyal-sorumluluk-uygulama-ve-arastirma-merkezi\/#website\"},\"datePublished\":\"2021-01-20T08:41:30+00:00\",\"dateModified\":\"2025-02-26T11:05:42+00:00\",\"breadcrumb\":{\"@id\":\"https:\/\/ticaret.edu.tr\/kurumsal-yonetim-ve-sosyal-sorumluluk-uygulama-ve-arastirma-merkezi\/mevzuat\/#breadcrumb\"},\"inLanguage\":\"tr\",\"potentialAction\":[{\"@type\":\"ReadAction\",\"target\":[\"https:\/\/ticaret.edu.tr\/kurumsal-yonetim-ve-sosyal-sorumluluk-uygulama-ve-arastirma-merkezi\/mevzuat\/\"]}]},{\"@type\":\"BreadcrumbList\",\"@id\":\"https:\/\/ticaret.edu.tr\/kurumsal-yonetim-ve-sosyal-sorumluluk-uygulama-ve-arastirma-merkezi\/mevzuat\/#breadcrumb\",\"itemListElement\":[{\"@type\":\"ListItem\",\"position\":1,\"name\":\"Ana sayfa\",\"item\":\"https:\/\/ticaret.edu.tr\/kurumsal-yonetim-ve-sosyal-sorumluluk-uygulama-ve-arastirma-merkezi\/\"},{\"@type\":\"ListItem\",\"position\":2,\"name\":\"Mevzuat\"}]},{\"@type\":\"WebSite\",\"@id\":\"https:\/\/ticaret.edu.tr\/kurumsal-yonetim-ve-sosyal-sorumluluk-uygulama-ve-arastirma-merkezi\/#website\",\"url\":\"https:\/\/ticaret.edu.tr\/kurumsal-yonetim-ve-sosyal-sorumluluk-uygulama-ve-arastirma-merkezi\/\",\"name\":\"Kurumsal Y\u00f6netim ve Sosyal Sorumluluk Uygulama ve Ara\u015ft\u0131rma Merkezi\",\"description\":\"Bir ba\u015fka \u0130stanbul Ticaret \u00dcniversitesi site sitesi\",\"potentialAction\":[{\"@type\":\"SearchAction\",\"target\":{\"@type\":\"EntryPoint\",\"urlTemplate\":\"https:\/\/ticaret.edu.tr\/kurumsal-yonetim-ve-sosyal-sorumluluk-uygulama-ve-arastirma-merkezi\/?s={search_term_string}\"},\"query-input\":\"required name=search_term_string\"}],\"inLanguage\":\"tr\"}]}<\/script>\n<!-- \/ Yoast SEO Premium plugin. -->","yoast_head_json":{"title":"Mevzuat - Kurumsal Y\u00f6netim ve Sosyal Sorumluluk Uygulama ve Ara\u015ft\u0131rma Merkezi","robots":{"index":"index","follow":"follow","max-snippet":"max-snippet:-1","max-image-preview":"max-image-preview:large","max-video-preview":"max-video-preview:-1"},"canonical":"https:\/\/ticaret.edu.tr\/kurumsal-yonetim-ve-sosyal-sorumluluk-uygulama-ve-arastirma-merkezi\/mevzuat\/","og_locale":"tr_TR","og_type":"article","og_title":"Mevzuat","og_description":"Kurumsal Y\u00f6netim Tebli\u011fi\u00a0(Resmi \u00a0Gazete 3\/1\/2014 tarihli , say\u0131 \u00a028871 no\u2019lu tebli\u011f) http:\/\/www.spk.gov.tr\/duyurugoster.aspx?aid=20140103&amp;subid=3&amp;ct=c \u2013\u2013\u2013\u2013\u2013\u2013\u2013\u2013\u2013\u2013\u2013\u2013\u2013\u2013\u2013\u2013\u2013\u2013\u2013\u2013\u2013\u2013\u2013\u2013\u2013\u2013\u2013\u2013\u2013\u2013\u2013\u2013\u2013\u2013\u2013\u2013\u2013\u2013\u2013\u2013\u2013\u2013\u2013\u2013\u2013\u2013\u2013\u2013\u2013\u2013\u2013\u2013\u2013\u2013\u2013\u2013\u2013\u2013\u2013\u2013\u2013\u2013\u2013\u2013\u2013 SPK Taraf\u0131ndan Yay\u0131nlanan Kurumsal Y\u00f6netim ilkeleri (T\u00fcrk\u00e7e) http:\/\/www.spk.gov.tr\/indexcont.aspx?action=showpage&amp;menuid=10&amp;pid=0 \u2013\u2013\u2013\u2013\u2013\u2013\u2013\u2013\u2013\u2013\u2013\u2013\u2013\u2013\u2013\u2013\u2013\u2013\u2013\u2013\u2013\u2013\u2013\u2013\u2013\u2013\u2013\u2013\u2013\u2013\u2013\u2013\u2013\u2013\u2013\u2013\u2013\u2013\u2013\u2013\u2013\u2013\u2013\u2013\u2013\u2013\u2013\u2013\u2013\u2013\u2013\u2013\u2013\u2013\u2013\u2013\u2013\u2013\u2013\u2013\u2013\u2013\u2013\u2013\u2013 SPK Taraf\u0131ndan Yay\u0131nlanan Kurumsal Y\u00f6netim \u0130lkeleri ( \u0130ngilizce)\u00a0 http:\/\/www.spk.gov.tr\/indexcont.aspx?action=showpage&amp;menuid=10&amp;pid=0 \u2013\u2013\u2013\u2013\u2013\u2013\u2013\u2013\u2013\u2013\u2013\u2013\u2013\u2013\u2013\u2013\u2013\u2013\u2013\u2013\u2013\u2013\u2013\u2013\u2013\u2013\u2013\u2013\u2013\u2013\u2013\u2013\u2013\u2013\u2013\u2013\u2013\u2013\u2013\u2013\u2013\u2013\u2013\u2013\u2013\u2013\u2013\u2013\u2013\u2013\u2013\u2013\u2013\u2013\u2013\u2013\u2013\u2013\u2013\u2013\u2013\u2013\u2013\u2013\u2013 OECD Taraf\u0131ndan Yay\u0131nlanan Kurumsal Y\u00f6netim \u0130lkeleri 2004 ( \u0130ngilizce ) http:\/\/www.oecd.org\/corporate\/ca\/corporategovernanceprinciples\/31557724.pdf","og_url":"https:\/\/ticaret.edu.tr\/kurumsal-yonetim-ve-sosyal-sorumluluk-uygulama-ve-arastirma-merkezi\/mevzuat\/","og_site_name":"Kurumsal Y\u00f6netim ve Sosyal Sorumluluk Uygulama ve Ara\u015ft\u0131rma Merkezi","article_publisher":"https:\/\/www.facebook.com\/ticaretedutr","article_modified_time":"2025-02-26T11:05:42+00:00","og_image":[{"width":1250,"height":833,"url":"http:\/\/ticaret.edu.tr\/kurumsal-yonetim-ve-sosyal-sorumluluk-uygulama-ve-arastirma-merkezi\/wp-content\/uploads\/sites\/52\/2021\/11\/web_logo-01.jpg","type":"image\/jpeg"}],"twitter_card":"summary_large_image","twitter_site":"@ticaretedutr","schema":{"@context":"https:\/\/schema.org","@graph":[{"@type":"WebPage","@id":"https:\/\/ticaret.edu.tr\/kurumsal-yonetim-ve-sosyal-sorumluluk-uygulama-ve-arastirma-merkezi\/mevzuat\/","url":"https:\/\/ticaret.edu.tr\/kurumsal-yonetim-ve-sosyal-sorumluluk-uygulama-ve-arastirma-merkezi\/mevzuat\/","name":"Mevzuat - Kurumsal Y\u00f6netim ve Sosyal Sorumluluk Uygulama ve Ara\u015ft\u0131rma Merkezi","isPartOf":{"@id":"https:\/\/ticaret.edu.tr\/kurumsal-yonetim-ve-sosyal-sorumluluk-uygulama-ve-arastirma-merkezi\/#website"},"datePublished":"2021-01-20T08:41:30+00:00","dateModified":"2025-02-26T11:05:42+00:00","breadcrumb":{"@id":"https:\/\/ticaret.edu.tr\/kurumsal-yonetim-ve-sosyal-sorumluluk-uygulama-ve-arastirma-merkezi\/mevzuat\/#breadcrumb"},"inLanguage":"tr","potentialAction":[{"@type":"ReadAction","target":["https:\/\/ticaret.edu.tr\/kurumsal-yonetim-ve-sosyal-sorumluluk-uygulama-ve-arastirma-merkezi\/mevzuat\/"]}]},{"@type":"BreadcrumbList","@id":"https:\/\/ticaret.edu.tr\/kurumsal-yonetim-ve-sosyal-sorumluluk-uygulama-ve-arastirma-merkezi\/mevzuat\/#breadcrumb","itemListElement":[{"@type":"ListItem","position":1,"name":"Ana sayfa","item":"https:\/\/ticaret.edu.tr\/kurumsal-yonetim-ve-sosyal-sorumluluk-uygulama-ve-arastirma-merkezi\/"},{"@type":"ListItem","position":2,"name":"Mevzuat"}]},{"@type":"WebSite","@id":"https:\/\/ticaret.edu.tr\/kurumsal-yonetim-ve-sosyal-sorumluluk-uygulama-ve-arastirma-merkezi\/#website","url":"https:\/\/ticaret.edu.tr\/kurumsal-yonetim-ve-sosyal-sorumluluk-uygulama-ve-arastirma-merkezi\/","name":"Kurumsal Y\u00f6netim ve Sosyal Sorumluluk Uygulama ve Ara\u015ft\u0131rma Merkezi","description":"Bir ba\u015fka \u0130stanbul Ticaret \u00dcniversitesi site sitesi","potentialAction":[{"@type":"SearchAction","target":{"@type":"EntryPoint","urlTemplate":"https:\/\/ticaret.edu.tr\/kurumsal-yonetim-ve-sosyal-sorumluluk-uygulama-ve-arastirma-merkezi\/?s={search_term_string}"},"query-input":"required name=search_term_string"}],"inLanguage":"tr"}]}},"lang":"tr","translations":{"tr":37},"pll_sync_post":[],"_links":{"self":[{"href":"http:\/\/ticaret.edu.tr\/kurumsal-yonetim-ve-sosyal-sorumluluk-uygulama-ve-arastirma-merkezi\/wp-json\/wp\/v2\/pages\/37"}],"collection":[{"href":"http:\/\/ticaret.edu.tr\/kurumsal-yonetim-ve-sosyal-sorumluluk-uygulama-ve-arastirma-merkezi\/wp-json\/wp\/v2\/pages"}],"about":[{"href":"http:\/\/ticaret.edu.tr\/kurumsal-yonetim-ve-sosyal-sorumluluk-uygulama-ve-arastirma-merkezi\/wp-json\/wp\/v2\/types\/page"}],"author":[{"embeddable":true,"href":"http:\/\/ticaret.edu.tr\/kurumsal-yonetim-ve-sosyal-sorumluluk-uygulama-ve-arastirma-merkezi\/wp-json\/wp\/v2\/users\/228"}],"replies":[{"embeddable":true,"href":"http:\/\/ticaret.edu.tr\/kurumsal-yonetim-ve-sosyal-sorumluluk-uygulama-ve-arastirma-merkezi\/wp-json\/wp\/v2\/comments?post=37"}],"version-history":[{"count":2,"href":"http:\/\/ticaret.edu.tr\/kurumsal-yonetim-ve-sosyal-sorumluluk-uygulama-ve-arastirma-merkezi\/wp-json\/wp\/v2\/pages\/37\/revisions"}],"predecessor-version":[{"id":166,"href":"http:\/\/ticaret.edu.tr\/kurumsal-yonetim-ve-sosyal-sorumluluk-uygulama-ve-arastirma-merkezi\/wp-json\/wp\/v2\/pages\/37\/revisions\/166"}],"wp:attachment":[{"href":"http:\/\/ticaret.edu.tr\/kurumsal-yonetim-ve-sosyal-sorumluluk-uygulama-ve-arastirma-merkezi\/wp-json\/wp\/v2\/media?parent=37"}],"curies":[{"name":"wp","href":"https:\/\/api.w.org\/{rel}","templated":true}]}}