{"id":62,"date":"2021-01-21T11:00:37","date_gmt":"2021-01-21T08:00:37","guid":{"rendered":"http:\/\/ticaret.edu.tr\/kyssuam\/?page_id=62"},"modified":"2025-02-26T14:05:46","modified_gmt":"2025-02-26T11:05:46","slug":"yonetim-kurulu","status":"publish","type":"page","link":"http:\/\/ticaret.edu.tr\/kurumsal-yonetim-ve-sosyal-sorumluluk-uygulama-ve-arastirma-merkezi\/yonetim-kurulu\/","title":{"rendered":"Y\u00f6netim Kurulu"},"content":{"rendered":"<h2>Y\u00f6netim Kurulu \u00dcyeleri:<\/h2>\n<p>Prof. Dr. Said Yaz\u0131c\u0131o\u011flu: \u0130stanbul Ticaret \u00dcniversitesi \u0130nsan ve Toplum Bilimleri Fak\u00fcltesi Dekan\u0131<br \/>\nProf. Dr. G\u00f6zde \u00d6ymen Engindeniz: \u0130stanbul Ticaret \u00dcniversitesi \u0130leti\u015fim Fak\u00fcltesi<\/p>\n<h3>Dan\u0131\u015fma Kurulu \u00dcyeleri<\/h3>\n<p>Do\u00e7. Dr. Alim Arl\u0131: \u0130stanbul Teknik \u00dcniversitesi<br \/>\nDo\u00e7. Dr. \u00d6zg\u00fcr Kavak: Marmara \u00dcniversitesi<br \/>\nDr. \u00d6\u011fretim G\u00f6revlisi Halil \u0130brahim D\u00fczenli, Samsun \u00dcniversitesi Mimarl\u0131k Fak\u00fcltesi<br \/>\nWayne M. Dunn (Psikolog)<\/p>\n","protected":false},"excerpt":{"rendered":"<p>Y\u00f6netim Kurulu \u00dcyeleri: Prof. Dr. Said Yaz\u0131c\u0131o\u011flu: \u0130stanbul Ticaret \u00dcniversitesi \u0130nsan ve Toplum Bilimleri Fak\u00fcltesi Dekan\u0131 Prof. Dr. G\u00f6zde \u00d6ymen Engindeniz: \u0130stanbul Ticaret \u00dcniversitesi \u0130leti\u015fim Fak\u00fcltesi Dan\u0131\u015fma Kurulu \u00dcyeleri Do\u00e7. Dr. Alim Arl\u0131: \u0130stanbul Teknik \u00dcniversitesi Do\u00e7. Dr. \u00d6zg\u00fcr Kavak: Marmara \u00dcniversitesi Dr. \u00d6\u011fretim G\u00f6revlisi Halil \u0130brahim D\u00fczenli, Samsun \u00dcniversitesi Mimarl\u0131k Fak\u00fcltesi Wayne M. Dunn [&hellip;]<\/p>\n","protected":false},"author":228,"featured_media":0,"parent":0,"menu_order":0,"comment_status":"closed","ping_status":"closed","template":"genel_sayfa.php","meta":{"footnotes":""},"yoast_head":"<!-- This site is optimized with the Yoast SEO Premium plugin v22.1 (Yoast SEO v22.1) - https:\/\/yoast.com\/wordpress\/plugins\/seo\/ -->\n<title>Y\u00f6netim Kurulu - Kurumsal Y\u00f6netim ve Sosyal Sorumluluk Uygulama ve Ara\u015ft\u0131rma Merkezi<\/title>\n<meta name=\"robots\" content=\"index, follow, max-snippet:-1, max-image-preview:large, max-video-preview:-1\" \/>\n<link rel=\"canonical\" href=\"https:\/\/ticaret.edu.tr\/kurumsal-yonetim-ve-sosyal-sorumluluk-uygulama-ve-arastirma-merkezi\/yonetim-kurulu\/\" \/>\n<meta property=\"og:locale\" content=\"tr_TR\" \/>\n<meta property=\"og:type\" content=\"article\" \/>\n<meta property=\"og:title\" content=\"Y\u00f6netim Kurulu\" \/>\n<meta property=\"og:description\" content=\"Y\u00f6netim Kurulu \u00dcyeleri: Prof. Dr. Said Yaz\u0131c\u0131o\u011flu: \u0130stanbul Ticaret \u00dcniversitesi \u0130nsan ve Toplum Bilimleri Fak\u00fcltesi Dekan\u0131 Prof. Dr. G\u00f6zde \u00d6ymen Engindeniz: \u0130stanbul Ticaret \u00dcniversitesi \u0130leti\u015fim Fak\u00fcltesi Dan\u0131\u015fma Kurulu \u00dcyeleri Do\u00e7. Dr. Alim Arl\u0131: \u0130stanbul Teknik \u00dcniversitesi Do\u00e7. Dr. \u00d6zg\u00fcr Kavak: Marmara \u00dcniversitesi Dr. \u00d6\u011fretim G\u00f6revlisi Halil \u0130brahim D\u00fczenli, Samsun \u00dcniversitesi Mimarl\u0131k Fak\u00fcltesi Wayne M. Dunn [&hellip;]\" \/>\n<meta property=\"og:url\" content=\"https:\/\/ticaret.edu.tr\/kurumsal-yonetim-ve-sosyal-sorumluluk-uygulama-ve-arastirma-merkezi\/yonetim-kurulu\/\" \/>\n<meta property=\"og:site_name\" content=\"Kurumsal Y\u00f6netim ve Sosyal Sorumluluk Uygulama ve Ara\u015ft\u0131rma Merkezi\" \/>\n<meta property=\"article:publisher\" content=\"https:\/\/www.facebook.com\/ticaretedutr\" \/>\n<meta property=\"article:modified_time\" content=\"2025-02-26T11:05:46+00:00\" \/>\n<meta property=\"og:image\" content=\"http:\/\/ticaret.edu.tr\/kurumsal-yonetim-ve-sosyal-sorumluluk-uygulama-ve-arastirma-merkezi\/wp-content\/uploads\/sites\/52\/2021\/11\/web_logo-01.jpg\" \/>\n\t<meta property=\"og:image:width\" content=\"1250\" \/>\n\t<meta property=\"og:image:height\" content=\"833\" \/>\n\t<meta property=\"og:image:type\" content=\"image\/jpeg\" \/>\n<meta name=\"twitter:card\" content=\"summary_large_image\" \/>\n<meta name=\"twitter:site\" content=\"@ticaretedutr\" \/>\n<script type=\"application\/ld+json\" class=\"yoast-schema-graph\">{\"@context\":\"https:\/\/schema.org\",\"@graph\":[{\"@type\":\"WebPage\",\"@id\":\"https:\/\/ticaret.edu.tr\/kurumsal-yonetim-ve-sosyal-sorumluluk-uygulama-ve-arastirma-merkezi\/yonetim-kurulu\/\",\"url\":\"https:\/\/ticaret.edu.tr\/kurumsal-yonetim-ve-sosyal-sorumluluk-uygulama-ve-arastirma-merkezi\/yonetim-kurulu\/\",\"name\":\"Y\u00f6netim Kurulu - Kurumsal Y\u00f6netim ve Sosyal Sorumluluk Uygulama ve Ara\u015ft\u0131rma Merkezi\",\"isPartOf\":{\"@id\":\"https:\/\/ticaret.edu.tr\/kurumsal-yonetim-ve-sosyal-sorumluluk-uygulama-ve-arastirma-merkezi\/#website\"},\"datePublished\":\"2021-01-21T08:00:37+00:00\",\"dateModified\":\"2025-02-26T11:05:46+00:00\",\"breadcrumb\":{\"@id\":\"https:\/\/ticaret.edu.tr\/kurumsal-yonetim-ve-sosyal-sorumluluk-uygulama-ve-arastirma-merkezi\/yonetim-kurulu\/#breadcrumb\"},\"inLanguage\":\"tr\",\"potentialAction\":[{\"@type\":\"ReadAction\",\"target\":[\"https:\/\/ticaret.edu.tr\/kurumsal-yonetim-ve-sosyal-sorumluluk-uygulama-ve-arastirma-merkezi\/yonetim-kurulu\/\"]}]},{\"@type\":\"BreadcrumbList\",\"@id\":\"https:\/\/ticaret.edu.tr\/kurumsal-yonetim-ve-sosyal-sorumluluk-uygulama-ve-arastirma-merkezi\/yonetim-kurulu\/#breadcrumb\",\"itemListElement\":[{\"@type\":\"ListItem\",\"position\":1,\"name\":\"Ana sayfa\",\"item\":\"https:\/\/ticaret.edu.tr\/kurumsal-yonetim-ve-sosyal-sorumluluk-uygulama-ve-arastirma-merkezi\/\"},{\"@type\":\"ListItem\",\"position\":2,\"name\":\"Y\u00f6netim Kurulu\"}]},{\"@type\":\"WebSite\",\"@id\":\"https:\/\/ticaret.edu.tr\/kurumsal-yonetim-ve-sosyal-sorumluluk-uygulama-ve-arastirma-merkezi\/#website\",\"url\":\"https:\/\/ticaret.edu.tr\/kurumsal-yonetim-ve-sosyal-sorumluluk-uygulama-ve-arastirma-merkezi\/\",\"name\":\"Kurumsal Y\u00f6netim ve Sosyal Sorumluluk Uygulama ve Ara\u015ft\u0131rma Merkezi\",\"description\":\"Bir ba\u015fka \u0130stanbul Ticaret \u00dcniversitesi site sitesi\",\"potentialAction\":[{\"@type\":\"SearchAction\",\"target\":{\"@type\":\"EntryPoint\",\"urlTemplate\":\"https:\/\/ticaret.edu.tr\/kurumsal-yonetim-ve-sosyal-sorumluluk-uygulama-ve-arastirma-merkezi\/?s={search_term_string}\"},\"query-input\":\"required name=search_term_string\"}],\"inLanguage\":\"tr\"}]}<\/script>\n<!-- \/ Yoast SEO Premium plugin. -->","yoast_head_json":{"title":"Y\u00f6netim Kurulu - Kurumsal Y\u00f6netim ve Sosyal Sorumluluk Uygulama ve Ara\u015ft\u0131rma Merkezi","robots":{"index":"index","follow":"follow","max-snippet":"max-snippet:-1","max-image-preview":"max-image-preview:large","max-video-preview":"max-video-preview:-1"},"canonical":"https:\/\/ticaret.edu.tr\/kurumsal-yonetim-ve-sosyal-sorumluluk-uygulama-ve-arastirma-merkezi\/yonetim-kurulu\/","og_locale":"tr_TR","og_type":"article","og_title":"Y\u00f6netim Kurulu","og_description":"Y\u00f6netim Kurulu \u00dcyeleri: Prof. Dr. Said Yaz\u0131c\u0131o\u011flu: \u0130stanbul Ticaret \u00dcniversitesi \u0130nsan ve Toplum Bilimleri Fak\u00fcltesi Dekan\u0131 Prof. Dr. G\u00f6zde \u00d6ymen Engindeniz: \u0130stanbul Ticaret \u00dcniversitesi \u0130leti\u015fim Fak\u00fcltesi Dan\u0131\u015fma Kurulu \u00dcyeleri Do\u00e7. Dr. Alim Arl\u0131: \u0130stanbul Teknik \u00dcniversitesi Do\u00e7. Dr. \u00d6zg\u00fcr Kavak: Marmara \u00dcniversitesi Dr. \u00d6\u011fretim G\u00f6revlisi Halil \u0130brahim D\u00fczenli, Samsun \u00dcniversitesi Mimarl\u0131k Fak\u00fcltesi Wayne M. Dunn [&hellip;]","og_url":"https:\/\/ticaret.edu.tr\/kurumsal-yonetim-ve-sosyal-sorumluluk-uygulama-ve-arastirma-merkezi\/yonetim-kurulu\/","og_site_name":"Kurumsal Y\u00f6netim ve Sosyal Sorumluluk Uygulama ve Ara\u015ft\u0131rma Merkezi","article_publisher":"https:\/\/www.facebook.com\/ticaretedutr","article_modified_time":"2025-02-26T11:05:46+00:00","og_image":[{"width":1250,"height":833,"url":"http:\/\/ticaret.edu.tr\/kurumsal-yonetim-ve-sosyal-sorumluluk-uygulama-ve-arastirma-merkezi\/wp-content\/uploads\/sites\/52\/2021\/11\/web_logo-01.jpg","type":"image\/jpeg"}],"twitter_card":"summary_large_image","twitter_site":"@ticaretedutr","schema":{"@context":"https:\/\/schema.org","@graph":[{"@type":"WebPage","@id":"https:\/\/ticaret.edu.tr\/kurumsal-yonetim-ve-sosyal-sorumluluk-uygulama-ve-arastirma-merkezi\/yonetim-kurulu\/","url":"https:\/\/ticaret.edu.tr\/kurumsal-yonetim-ve-sosyal-sorumluluk-uygulama-ve-arastirma-merkezi\/yonetim-kurulu\/","name":"Y\u00f6netim Kurulu - Kurumsal Y\u00f6netim ve Sosyal Sorumluluk Uygulama ve Ara\u015ft\u0131rma Merkezi","isPartOf":{"@id":"https:\/\/ticaret.edu.tr\/kurumsal-yonetim-ve-sosyal-sorumluluk-uygulama-ve-arastirma-merkezi\/#website"},"datePublished":"2021-01-21T08:00:37+00:00","dateModified":"2025-02-26T11:05:46+00:00","breadcrumb":{"@id":"https:\/\/ticaret.edu.tr\/kurumsal-yonetim-ve-sosyal-sorumluluk-uygulama-ve-arastirma-merkezi\/yonetim-kurulu\/#breadcrumb"},"inLanguage":"tr","potentialAction":[{"@type":"ReadAction","target":["https:\/\/ticaret.edu.tr\/kurumsal-yonetim-ve-sosyal-sorumluluk-uygulama-ve-arastirma-merkezi\/yonetim-kurulu\/"]}]},{"@type":"BreadcrumbList","@id":"https:\/\/ticaret.edu.tr\/kurumsal-yonetim-ve-sosyal-sorumluluk-uygulama-ve-arastirma-merkezi\/yonetim-kurulu\/#breadcrumb","itemListElement":[{"@type":"ListItem","position":1,"name":"Ana sayfa","item":"https:\/\/ticaret.edu.tr\/kurumsal-yonetim-ve-sosyal-sorumluluk-uygulama-ve-arastirma-merkezi\/"},{"@type":"ListItem","position":2,"name":"Y\u00f6netim Kurulu"}]},{"@type":"WebSite","@id":"https:\/\/ticaret.edu.tr\/kurumsal-yonetim-ve-sosyal-sorumluluk-uygulama-ve-arastirma-merkezi\/#website","url":"https:\/\/ticaret.edu.tr\/kurumsal-yonetim-ve-sosyal-sorumluluk-uygulama-ve-arastirma-merkezi\/","name":"Kurumsal Y\u00f6netim ve Sosyal Sorumluluk Uygulama ve Ara\u015ft\u0131rma Merkezi","description":"Bir ba\u015fka \u0130stanbul Ticaret \u00dcniversitesi site sitesi","potentialAction":[{"@type":"SearchAction","target":{"@type":"EntryPoint","urlTemplate":"https:\/\/ticaret.edu.tr\/kurumsal-yonetim-ve-sosyal-sorumluluk-uygulama-ve-arastirma-merkezi\/?s={search_term_string}"},"query-input":"required name=search_term_string"}],"inLanguage":"tr"}]}},"lang":"tr","translations":{"tr":62},"pll_sync_post":[],"_links":{"self":[{"href":"http:\/\/ticaret.edu.tr\/kurumsal-yonetim-ve-sosyal-sorumluluk-uygulama-ve-arastirma-merkezi\/wp-json\/wp\/v2\/pages\/62"}],"collection":[{"href":"http:\/\/ticaret.edu.tr\/kurumsal-yonetim-ve-sosyal-sorumluluk-uygulama-ve-arastirma-merkezi\/wp-json\/wp\/v2\/pages"}],"about":[{"href":"http:\/\/ticaret.edu.tr\/kurumsal-yonetim-ve-sosyal-sorumluluk-uygulama-ve-arastirma-merkezi\/wp-json\/wp\/v2\/types\/page"}],"author":[{"embeddable":true,"href":"http:\/\/ticaret.edu.tr\/kurumsal-yonetim-ve-sosyal-sorumluluk-uygulama-ve-arastirma-merkezi\/wp-json\/wp\/v2\/users\/228"}],"replies":[{"embeddable":true,"href":"http:\/\/ticaret.edu.tr\/kurumsal-yonetim-ve-sosyal-sorumluluk-uygulama-ve-arastirma-merkezi\/wp-json\/wp\/v2\/comments?post=62"}],"version-history":[{"count":9,"href":"http:\/\/ticaret.edu.tr\/kurumsal-yonetim-ve-sosyal-sorumluluk-uygulama-ve-arastirma-merkezi\/wp-json\/wp\/v2\/pages\/62\/revisions"}],"predecessor-version":[{"id":195,"href":"http:\/\/ticaret.edu.tr\/kurumsal-yonetim-ve-sosyal-sorumluluk-uygulama-ve-arastirma-merkezi\/wp-json\/wp\/v2\/pages\/62\/revisions\/195"}],"wp:attachment":[{"href":"http:\/\/ticaret.edu.tr\/kurumsal-yonetim-ve-sosyal-sorumluluk-uygulama-ve-arastirma-merkezi\/wp-json\/wp\/v2\/media?parent=62"}],"curies":[{"name":"wp","href":"https:\/\/api.w.org\/{rel}","templated":true}]}}