{"id":139,"date":"2021-04-21T14:30:10","date_gmt":"2021-04-21T11:30:10","guid":{"rendered":"http:\/\/ticaret.edu.tr\/lguam\/?page_id=139"},"modified":"2025-02-25T16:41:44","modified_gmt":"2025-02-25T13:41:44","slug":"merkez-hakkinda","status":"publish","type":"page","link":"http:\/\/ticaret.edu.tr\/liderlik-ve-girisimcilik-uygulama-ve-arastirma-merkezi\/merkez-hakkinda\/","title":{"rendered":"Merkez Hakk\u0131nda"},"content":{"rendered":"<p><strong>Liderlik ve Giri\u015fimcilik Uygulama ve Ara\u015ft\u0131rma Merkezi<\/strong><\/p>\n<p>Bilgi toplumuna ge\u00e7i\u015f s\u00fcrecinde h\u0131zl\u0131 bir de\u011fi\u015fimin ve k\u00fcreselle\u015fmenin ya\u015fand\u0131\u011f\u0131 \u00e7a\u011f\u0131m\u0131zda ekonomilerde <strong>fark olu\u015fturmak<\/strong>, <strong>yenilik\u00e7ilik <\/strong>ve bunlara ba\u011fl\u0131 olarak <strong>giri\u015fimcilik<\/strong> \u00f6ne \u00e7\u0131kmaktad\u0131r.<\/p>\n<p>Giri\u015fimcilik; bireyin, bir ihtiyaca cevap verebilecek bir fikrin veya yenili\u011fin olu\u015fmas\u0131nda ve uygulamaya ge\u00e7mesindeki ak\u0131l, bilgi, risk alma, y\u00f6netim ve organizasyon gibi yeteneklerini ifade eder.<\/p>\n<p>G\u00fcn\u00fcm\u00fczde ba\u015far\u0131l\u0131 giri\u015fimcilerin <strong>liderlik<\/strong> \u00f6zelliklerinin de \u00f6ne \u00e7\u0131kt\u0131\u011f\u0131 g\u00f6r\u00fclmektedir. Lider, bulundu\u011fu \u00e7evreye yarar sa\u011flayan ve insanlar\u0131 harekete ge\u00e7irebilen, gerekti\u011finde sorumluluk almaktan sak\u0131nmayan, cesaret, sezgi, ak\u0131l ve bilgiye dayal\u0131 kararlar alabilen ve bunlar\u0131 uygulayabilen vizyon sahibi ve \u00f6zg\u00fcvenli ki\u015fiye denir.\u00a0Lider, elini ta\u015f\u0131n alt\u0131na koyar, i\u015flerin yan\u0131nda ili\u015fkileri de iyi y\u00f6netir.<\/p>\n<p>Giri\u015fimcilik ve liderli\u011fin b\u00f6ylesine \u00f6ne \u00e7\u0131kt\u0131\u011f\u0131 g\u00fcn\u00fcm\u00fczde, \u0130stanbul Ticaret \u00dcniversitesi taraf\u0131ndan, \u00f6\u011frencilerimizi rekabetin y\u00fcksek oldu\u011fu hayata iyi haz\u0131rlamak, teoriyle uygulamay\u0131 birle\u015ftirmek amac\u0131yla 21\/1\/2013 tarihinde Liderlik ve Giri\u015fimcilik Uygulama ve Ara\u015ft\u0131rma Merkezi kurulmu\u015ftur.<\/p>\n<p>Merkezimizin amac\u0131; yerel, ulusal ve uluslararas\u0131 d\u00fczeyde toplumsal refah ve kalk\u0131nmaya katk\u0131da bulunmak \u00fczere \u00dcniversite, kamu ve i\u015f d\u00fcnyas\u0131n\u0131n i\u015fbirli\u011fini geli\u015ftirmek, kamu ve \u00f6zel sekt\u00f6r kurum ve kurulu\u015flar\u0131n\u0131n liderlik kapasitelerinin ve giri\u015fimci s\u00fcre\u00e7lerinin geli\u015ftirilmesi amac\u0131yla ara\u015ft\u0131rmalar ger\u00e7ekle\u015ftirmek, t\u00fcm payda\u015flar\u0131n liderlik ve giri\u015fimcilik bilgi ve vas\u0131flar\u0131n\u0131 geli\u015ftirerek do\u011fru karar alma, inovasyon, iyi y\u00f6neti\u015fim ve etik de\u011ferleri \u00f6ne \u00e7\u0131kartan \u00f6zg\u00fcn organizasyonlar d\u00fczenlemek, liderlik ve giri\u015fimcilik alan\u0131nda e\u011fitim, rehberlik ve dan\u0131\u015fmanl\u0131k hizmetleri sunmakt\u0131r.<\/p>\n<p>Bu ama\u00e7lar do\u011frultusunda Merkezimizin faaliyet alanlar\u0131 \u015funlard\u0131r:<\/p>\n<ul>\n<li>Liderlik ve giri\u015fimcilik konular\u0131nda ulusal ve uluslararas\u0131 nitelikte konferans, sempozyum, vb. faaliyetleri organize etmek,<\/li>\n<li>Liderlik ve giri\u015fimcilik alanlar\u0131nda temay\u00fcz eden ki\u015fileri \u00f6\u011frencilerle bulu\u015fturmak ve bu ki\u015filerin bilgi ve \u00f6zellikle tecr\u00fcbelerini \u00f6\u011frencilerin istifadesine sunmak,<\/li>\n<li>Merkezin ilgi alan\u0131na giren konularda faaliyette bulunan ulusal veya uluslararas\u0131, resmi veya \u00f6zel kurum ve kurulu\u015flar ile i\u015fbirli\u011finde bulunmak, ortak \u00e7al\u0131\u015fmalar d\u00fczenlemek, uygulama ve ara\u015ft\u0131rma projeleri haz\u0131rlamak, bu projelere kaynak olu\u015fturmak, projeleri uygulamak ve uygulamalar\u0131n\u0131 takip etmek,<\/li>\n<li>\u00dcniversitenin b\u00fct\u00fcn akademik birimlerinde liderlik ve giri\u015fimcilik ile ilgili lisans ve lisans\u00fcst\u00fc d\u00fczeyde derslerin verilmesini sa\u011flamak, di\u011fer merkez ve kurumlarla ortak sertifika programlar\u0131 d\u00fczenlemek,<\/li>\n<li>Liderlik ve giri\u015fimcilik alanlar\u0131nda ara\u015ft\u0131rmalar yapmak, e\u011fitimler vermek, d\u0131\u015f payda\u015flarla ve \u00f6zel sekt\u00f6rle i\u015fbirli\u011fi yapmak, ortak projeler geli\u015ftirmek.<\/li>\n<\/ul>\n<p>Son olarak vurgulamak isterim ki, gelecekte fark olu\u015fturan toplumlar ve bireyler \u00f6ne \u00e7\u0131kacakt\u0131r. Bunun i\u00e7in, \u00f6zellikle gen\u00e7lerimizin bilgi ve beceri ile donan\u0131ml\u0131 olmas\u0131na, liderlik ve giri\u015fimcilik yeteneklerinin geli\u015ftirilmesine b\u00fcy\u00fck \u00f6nem veriyoruz.<\/p>\n<p><strong>Prof. Dr. Yusuf Balc\u0131<\/strong><\/p>\n<p><strong>Merkez M\u00fcd\u00fcr\u00fc<\/strong><\/p>\n","protected":false},"excerpt":{"rendered":"<p>Liderlik ve Giri\u015fimcilik Uygulama ve Ara\u015ft\u0131rma Merkezi Bilgi toplumuna ge\u00e7i\u015f s\u00fcrecinde h\u0131zl\u0131 bir de\u011fi\u015fimin ve k\u00fcreselle\u015fmenin ya\u015fand\u0131\u011f\u0131 \u00e7a\u011f\u0131m\u0131zda ekonomilerde fark olu\u015fturmak, yenilik\u00e7ilik ve bunlara ba\u011fl\u0131 olarak giri\u015fimcilik \u00f6ne \u00e7\u0131kmaktad\u0131r. Giri\u015fimcilik; bireyin, bir ihtiyaca cevap verebilecek bir fikrin veya yenili\u011fin olu\u015fmas\u0131nda ve uygulamaya ge\u00e7mesindeki ak\u0131l, bilgi, risk alma, y\u00f6netim ve organizasyon gibi yeteneklerini ifade eder. G\u00fcn\u00fcm\u00fczde [&hellip;]<\/p>\n","protected":false},"author":149,"featured_media":0,"parent":0,"menu_order":0,"comment_status":"closed","ping_status":"closed","template":"genel_sayfa.php","meta":{"footnotes":""},"yoast_head":"<!-- This site is optimized with the Yoast SEO Premium plugin v22.1 (Yoast SEO v22.1) - https:\/\/yoast.com\/wordpress\/plugins\/seo\/ -->\n<title>Merkez Hakk\u0131nda - Liderlik ve Giri\u015fimcilik Uygulama ve Ara\u015ft\u0131rma Merkezi<\/title>\n<meta name=\"description\" content=\"Merkez Hakk\u0131nda\" \/>\n<meta name=\"robots\" content=\"index, follow, max-snippet:-1, max-image-preview:large, max-video-preview:-1\" \/>\n<link rel=\"canonical\" href=\"http:\/\/ticaret.edu.tr\/liderlik-ve-girisimcilik-uygulama-ve-arastirma-merkezi\/merkez-hakkinda\/\" \/>\n<meta property=\"og:locale\" content=\"tr_TR\" \/>\n<meta property=\"og:type\" content=\"article\" \/>\n<meta property=\"og:title\" content=\"Merkez Hakk\u0131nda\" \/>\n<meta property=\"og:description\" content=\"Merkez Hakk\u0131nda\" \/>\n<meta property=\"og:url\" content=\"http:\/\/ticaret.edu.tr\/liderlik-ve-girisimcilik-uygulama-ve-arastirma-merkezi\/merkez-hakkinda\/\" \/>\n<meta property=\"og:site_name\" content=\"Liderlik ve Giri\u015fimcilik Uygulama ve Ara\u015ft\u0131rma Merkezi\" \/>\n<meta property=\"article:publisher\" content=\"https:\/\/www.facebook.com\/ticaretedutr\" \/>\n<meta property=\"article:modified_time\" content=\"2025-02-25T13:41:44+00:00\" \/>\n<meta property=\"og:image\" content=\"http:\/\/ticaret.edu.tr\/liderlik-ve-girisimcilik-uygulama-ve-arastirma-merkezi\/wp-content\/uploads\/sites\/45\/2021\/11\/web_logo-01.jpg\" \/>\n\t<meta property=\"og:image:width\" content=\"1250\" \/>\n\t<meta property=\"og:image:height\" content=\"833\" \/>\n\t<meta property=\"og:image:type\" content=\"image\/jpeg\" \/>\n<meta name=\"twitter:card\" content=\"summary_large_image\" \/>\n<meta name=\"twitter:site\" content=\"@ticaretedutr\" \/>\n<meta name=\"twitter:label1\" content=\"Tahmini okuma s\u00fcresi\" \/>\n\t<meta name=\"twitter:data1\" content=\"3 dakika\" \/>\n<script type=\"application\/ld+json\" class=\"yoast-schema-graph\">{\"@context\":\"https:\/\/schema.org\",\"@graph\":[{\"@type\":\"WebPage\",\"@id\":\"http:\/\/ticaret.edu.tr\/liderlik-ve-girisimcilik-uygulama-ve-arastirma-merkezi\/merkez-hakkinda\/\",\"url\":\"http:\/\/ticaret.edu.tr\/liderlik-ve-girisimcilik-uygulama-ve-arastirma-merkezi\/merkez-hakkinda\/\",\"name\":\"Merkez Hakk\u0131nda - Liderlik ve Giri\u015fimcilik Uygulama ve Ara\u015ft\u0131rma Merkezi\",\"isPartOf\":{\"@id\":\"https:\/\/ticaret.edu.tr\/liderlik-ve-girisimcilik-uygulama-ve-arastirma-merkezi\/#website\"},\"datePublished\":\"2021-04-21T11:30:10+00:00\",\"dateModified\":\"2025-02-25T13:41:44+00:00\",\"description\":\"Merkez Hakk\u0131nda\",\"breadcrumb\":{\"@id\":\"http:\/\/ticaret.edu.tr\/liderlik-ve-girisimcilik-uygulama-ve-arastirma-merkezi\/merkez-hakkinda\/#breadcrumb\"},\"inLanguage\":\"tr\",\"potentialAction\":[{\"@type\":\"ReadAction\",\"target\":[\"http:\/\/ticaret.edu.tr\/liderlik-ve-girisimcilik-uygulama-ve-arastirma-merkezi\/merkez-hakkinda\/\"]}]},{\"@type\":\"BreadcrumbList\",\"@id\":\"http:\/\/ticaret.edu.tr\/liderlik-ve-girisimcilik-uygulama-ve-arastirma-merkezi\/merkez-hakkinda\/#breadcrumb\",\"itemListElement\":[{\"@type\":\"ListItem\",\"position\":1,\"name\":\"Ana sayfa\",\"item\":\"https:\/\/ticaret.edu.tr\/liderlik-ve-girisimcilik-uygulama-ve-arastirma-merkezi\/\"},{\"@type\":\"ListItem\",\"position\":2,\"name\":\"Merkez Hakk\u0131nda\"}]},{\"@type\":\"WebSite\",\"@id\":\"https:\/\/ticaret.edu.tr\/liderlik-ve-girisimcilik-uygulama-ve-arastirma-merkezi\/#website\",\"url\":\"https:\/\/ticaret.edu.tr\/liderlik-ve-girisimcilik-uygulama-ve-arastirma-merkezi\/\",\"name\":\"Liderlik ve Giri\u015fimcilik Uygulama ve Ara\u015ft\u0131rma Merkezi\",\"description\":\"Bir ba\u015fka \u0130stanbul Ticaret \u00dcniversitesi site sitesi\",\"potentialAction\":[{\"@type\":\"SearchAction\",\"target\":{\"@type\":\"EntryPoint\",\"urlTemplate\":\"https:\/\/ticaret.edu.tr\/liderlik-ve-girisimcilik-uygulama-ve-arastirma-merkezi\/?s={search_term_string}\"},\"query-input\":\"required name=search_term_string\"}],\"inLanguage\":\"tr\"}]}<\/script>\n<!-- \/ Yoast SEO Premium plugin. -->","yoast_head_json":{"title":"Merkez Hakk\u0131nda - Liderlik ve Giri\u015fimcilik Uygulama ve Ara\u015ft\u0131rma Merkezi","description":"Merkez Hakk\u0131nda","robots":{"index":"index","follow":"follow","max-snippet":"max-snippet:-1","max-image-preview":"max-image-preview:large","max-video-preview":"max-video-preview:-1"},"canonical":"http:\/\/ticaret.edu.tr\/liderlik-ve-girisimcilik-uygulama-ve-arastirma-merkezi\/merkez-hakkinda\/","og_locale":"tr_TR","og_type":"article","og_title":"Merkez Hakk\u0131nda","og_description":"Merkez Hakk\u0131nda","og_url":"http:\/\/ticaret.edu.tr\/liderlik-ve-girisimcilik-uygulama-ve-arastirma-merkezi\/merkez-hakkinda\/","og_site_name":"Liderlik ve Giri\u015fimcilik Uygulama ve Ara\u015ft\u0131rma Merkezi","article_publisher":"https:\/\/www.facebook.com\/ticaretedutr","article_modified_time":"2025-02-25T13:41:44+00:00","og_image":[{"width":1250,"height":833,"url":"http:\/\/ticaret.edu.tr\/liderlik-ve-girisimcilik-uygulama-ve-arastirma-merkezi\/wp-content\/uploads\/sites\/45\/2021\/11\/web_logo-01.jpg","type":"image\/jpeg"}],"twitter_card":"summary_large_image","twitter_site":"@ticaretedutr","twitter_misc":{"Tahmini okuma s\u00fcresi":"3 dakika"},"schema":{"@context":"https:\/\/schema.org","@graph":[{"@type":"WebPage","@id":"http:\/\/ticaret.edu.tr\/liderlik-ve-girisimcilik-uygulama-ve-arastirma-merkezi\/merkez-hakkinda\/","url":"http:\/\/ticaret.edu.tr\/liderlik-ve-girisimcilik-uygulama-ve-arastirma-merkezi\/merkez-hakkinda\/","name":"Merkez Hakk\u0131nda - Liderlik ve Giri\u015fimcilik Uygulama ve Ara\u015ft\u0131rma Merkezi","isPartOf":{"@id":"https:\/\/ticaret.edu.tr\/liderlik-ve-girisimcilik-uygulama-ve-arastirma-merkezi\/#website"},"datePublished":"2021-04-21T11:30:10+00:00","dateModified":"2025-02-25T13:41:44+00:00","description":"Merkez Hakk\u0131nda","breadcrumb":{"@id":"http:\/\/ticaret.edu.tr\/liderlik-ve-girisimcilik-uygulama-ve-arastirma-merkezi\/merkez-hakkinda\/#breadcrumb"},"inLanguage":"tr","potentialAction":[{"@type":"ReadAction","target":["http:\/\/ticaret.edu.tr\/liderlik-ve-girisimcilik-uygulama-ve-arastirma-merkezi\/merkez-hakkinda\/"]}]},{"@type":"BreadcrumbList","@id":"http:\/\/ticaret.edu.tr\/liderlik-ve-girisimcilik-uygulama-ve-arastirma-merkezi\/merkez-hakkinda\/#breadcrumb","itemListElement":[{"@type":"ListItem","position":1,"name":"Ana sayfa","item":"https:\/\/ticaret.edu.tr\/liderlik-ve-girisimcilik-uygulama-ve-arastirma-merkezi\/"},{"@type":"ListItem","position":2,"name":"Merkez Hakk\u0131nda"}]},{"@type":"WebSite","@id":"https:\/\/ticaret.edu.tr\/liderlik-ve-girisimcilik-uygulama-ve-arastirma-merkezi\/#website","url":"https:\/\/ticaret.edu.tr\/liderlik-ve-girisimcilik-uygulama-ve-arastirma-merkezi\/","name":"Liderlik ve Giri\u015fimcilik Uygulama ve Ara\u015ft\u0131rma Merkezi","description":"Bir ba\u015fka \u0130stanbul Ticaret \u00dcniversitesi site sitesi","potentialAction":[{"@type":"SearchAction","target":{"@type":"EntryPoint","urlTemplate":"https:\/\/ticaret.edu.tr\/liderlik-ve-girisimcilik-uygulama-ve-arastirma-merkezi\/?s={search_term_string}"},"query-input":"required name=search_term_string"}],"inLanguage":"tr"}]}},"lang":"tr","translations":{"tr":139},"pll_sync_post":[],"_links":{"self":[{"href":"http:\/\/ticaret.edu.tr\/liderlik-ve-girisimcilik-uygulama-ve-arastirma-merkezi\/wp-json\/wp\/v2\/pages\/139"}],"collection":[{"href":"http:\/\/ticaret.edu.tr\/liderlik-ve-girisimcilik-uygulama-ve-arastirma-merkezi\/wp-json\/wp\/v2\/pages"}],"about":[{"href":"http:\/\/ticaret.edu.tr\/liderlik-ve-girisimcilik-uygulama-ve-arastirma-merkezi\/wp-json\/wp\/v2\/types\/page"}],"author":[{"embeddable":true,"href":"http:\/\/ticaret.edu.tr\/liderlik-ve-girisimcilik-uygulama-ve-arastirma-merkezi\/wp-json\/wp\/v2\/users\/149"}],"replies":[{"embeddable":true,"href":"http:\/\/ticaret.edu.tr\/liderlik-ve-girisimcilik-uygulama-ve-arastirma-merkezi\/wp-json\/wp\/v2\/comments?post=139"}],"version-history":[{"count":3,"href":"http:\/\/ticaret.edu.tr\/liderlik-ve-girisimcilik-uygulama-ve-arastirma-merkezi\/wp-json\/wp\/v2\/pages\/139\/revisions"}],"predecessor-version":[{"id":412,"href":"http:\/\/ticaret.edu.tr\/liderlik-ve-girisimcilik-uygulama-ve-arastirma-merkezi\/wp-json\/wp\/v2\/pages\/139\/revisions\/412"}],"wp:attachment":[{"href":"http:\/\/ticaret.edu.tr\/liderlik-ve-girisimcilik-uygulama-ve-arastirma-merkezi\/wp-json\/wp\/v2\/media?parent=139"}],"curies":[{"name":"wp","href":"https:\/\/api.w.org\/{rel}","templated":true}]}}