{"id":143,"date":"2021-04-21T14:30:49","date_gmt":"2021-04-21T11:30:49","guid":{"rendered":"http:\/\/ticaret.edu.tr\/lguam\/?page_id=143"},"modified":"2025-02-25T16:41:48","modified_gmt":"2025-02-25T13:41:48","slug":"yonetmelik","status":"publish","type":"page","link":"http:\/\/ticaret.edu.tr\/liderlik-ve-girisimcilik-uygulama-ve-arastirma-merkezi\/yonetmelik\/","title":{"rendered":"Y\u00f6netmelik"},"content":{"rendered":"<p><strong>\u0130STANBUL T\u0130CARET \u00dcN\u0130VERS\u0130TES\u0130 L\u0130DERL\u0130K VE G\u0130R\u0130\u015e\u0130MC\u0130L\u0130K UYGULAMA VE ARA\u015eTIRMA MERKEZ\u0130 Y\u00d6NETMEL\u0130\u011e\u0130<\/strong><\/p>\n<p><strong>\u00a0<\/strong><\/p>\n<p><strong>B\u0130R\u0130NC\u0130 B\u00d6L\u00dcM<\/strong><\/p>\n<p><strong>Ama\u00e7, Kapsam, Dayanak ve Tan\u0131mlar<\/strong><\/p>\n<p><strong>Ama\u00e7<\/strong><\/p>\n<p><strong>MADDE 1 \u2013<\/strong> (1) Bu Y\u00f6netmeli\u011fin amac\u0131; \u0130stanbul Ticaret \u00dcniversitesine ba\u011fl\u0131 olarak kurulan \u0130stanbul Ticaret \u00dcniversitesi Liderlik ve Giri\u015fimcilik Uygulama ve Ara\u015ft\u0131rma Merkezinin ama\u00e7lar\u0131na, y\u00f6netim organlar\u0131na, y\u00f6netim organlar\u0131n\u0131n g\u00f6revlerine ve \u00e7al\u0131\u015fma \u015fekline ili\u015fkin usul ve esaslar\u0131 d\u00fczenlemektir.<\/p>\n<p><strong>Kapsam<\/strong><\/p>\n<p><strong>MADDE 2 \u2013<\/strong> (1) Bu Y\u00f6netmelik; \u0130stanbul Ticaret \u00dcniversitesi Liderlik ve Giri\u015fimcilik Uygulama ve Ara\u015ft\u0131rma Merkezinin ama\u00e7lar\u0131na, y\u00f6netim organlar\u0131na, y\u00f6netim organlar\u0131n\u0131n g\u00f6revlerine ili\u015fkin h\u00fck\u00fcmleri kapsar.<\/p>\n<p><strong>Dayanak<\/strong><\/p>\n<p><strong>MADDE 3 \u2013<\/strong> (1) Bu Y\u00f6netmelik; 4\/11\/1981 tarihli ve 2547 say\u0131l\u0131 Y\u00fcksek\u00f6\u011fretim Kanununun 7 nci maddesinin birinci f\u0131kras\u0131n\u0131n (d) bendinin (2) numaral\u0131 alt bendi ile 14 \u00fcnc\u00fc maddesine dayan\u0131larak haz\u0131rlanm\u0131\u015ft\u0131r.<\/p>\n<p><strong>Tan\u0131mlar<\/strong><\/p>\n<p><strong>MADDE 4 \u2013<\/strong> (1) Bu Y\u00f6netmelikte ge\u00e7en;<\/p>\n<ol>\n<li>a) Merkez: \u0130stanbul Ticaret \u00dcniversitesi Liderlik ve Giri\u015fimcilik Uygulama ve Ara\u015ft\u0131rma Merkezini,<\/li>\n<li>b) Merkez Dan\u0131\u015fma Kurulu: Merkezin Dan\u0131\u015fma Kurulunu,<\/li>\n<li>c) Merkez M\u00fcd\u00fcr\u00fc: Merkezin M\u00fcd\u00fcr\u00fcn\u00fc,<\/li>\n<\/ol>\n<p>\u00e7) Merkez Y\u00f6netim Kurulu: Merkezin Y\u00f6netim Kurulunu,<\/p>\n<ol>\n<li>d) Rekt\u00f6r: \u0130stanbul Ticaret \u00dcniversitesi Rekt\u00f6r\u00fcn\u00fc,<\/li>\n<li>e) \u00dcniversite: \u0130stanbul Ticaret \u00dcniversitesini,<\/li>\n<\/ol>\n<p>ifade eder.<\/p>\n<p><strong>\u0130K\u0130NC\u0130 B\u00d6L\u00dcM<\/strong><\/p>\n<p><strong>Merkezin Amac\u0131 ve Faaliyet Alanlar\u0131<\/strong><\/p>\n<p><strong>Merkezin amac\u0131<\/strong><\/p>\n<p><strong>MADDE 5 \u2013<\/strong> (1) Merkezin amac\u0131; yerel, ulusal ve uluslararas\u0131 d\u00fczeyde toplumsal refah ve kalk\u0131nmaya katk\u0131da bulunmak \u00fczere \u00dcniversite, kamu ve i\u015f d\u00fcnyas\u0131n\u0131n i\u015fbirli\u011fini geli\u015ftirmek, kamu ve \u00f6zel sekt\u00f6r kurum ve kurulu\u015flar\u0131n\u0131n liderlik kapasitelerinin ve giri\u015fimci s\u00fcre\u00e7lerinin geli\u015ftirilmesi amac\u0131yla ara\u015ft\u0131rmalar ger\u00e7ekle\u015ftirmek, t\u00fcm payda\u015flar\u0131n liderlik ve giri\u015fimcilik bilgi ve vas\u0131flar\u0131n\u0131 geli\u015ftirerek do\u011fru karar alma, inovasyon, iyi y\u00f6neti\u015fim ve etik de\u011ferleri \u00f6ne \u00e7\u0131kartan \u00f6zg\u00fcn organizasyonlar d\u00fczenlemek, liderlik ve giri\u015fimcilik alan\u0131nda e\u011fitim, rehberlik ve dan\u0131\u015fmanl\u0131k hizmetleri sunmakt\u0131r.<\/p>\n<p><strong>Merkezin faaliyet alanlar\u0131<\/strong><\/p>\n<p><strong>MADDE 6 \u2013<\/strong> (1) Merkezin faaliyet alanlar\u0131 \u015funlard\u0131r:<\/p>\n<ol>\n<li>a) Merkezin ama\u00e7lar\u0131 do\u011frultusunda ara\u015ft\u0131rmalar yapmak, bu ara\u015ft\u0131rmalar\u0131n sonu\u00e7lar\u0131n\u0131 T\u00fcrk\u00e7e veya yabanc\u0131 dillerde yay\u0131mlamak,<\/li>\n<li>b) Liderlik ve giri\u015fimcilik konular\u0131nda ulusal ve uluslararas\u0131 nitelikte konferans, sempozyum, kolokyum, seminer ve benzeri faaliyetleri organize etmek ve y\u00fcr\u00fctmek,<\/li>\n<li>c) Merkezin ilgi alan\u0131na giren konularda faaliyette bulunan ulusal veya uluslararas\u0131, resmi veya \u00f6zel kurum ve kurulu\u015flar ile Merkezin amac\u0131 do\u011frultusunda i\u015fbirli\u011finde bulunmak, ortak \u00e7al\u0131\u015fmalar d\u00fczenlemek, uygulama ve ara\u015ft\u0131rma projeleri haz\u0131rlamak, bu projelere kaynak yaratmak, projeleri uygulamak ve\/veya uygulamalar\u0131n\u0131 takip etmek,<\/li>\n<\/ol>\n<p>\u00e7) Ulusal ve uluslararas\u0131 d\u00fczeyde liderlik ve giri\u015fimcilik alan\u0131nda \u00fcn yapm\u0131\u015f bireylerin bilgi birikimi ve tecr\u00fcbelerinin de\u011ferlendirilmesine, toplumla payla\u015f\u0131lmas\u0131na imkan veren organizasyonel ve fonksiyonel yap\u0131lar olu\u015fturmak,<\/p>\n<ol>\n<li>d) \u00dcniversitenin b\u00fct\u00fcn akademik birimlerinde \u00f6\u011frenci ve \u00f6\u011fretim elemanlar\u0131n\u0131 hedef alan liderlik ve giri\u015fimcilik ile ilgili lisans ve lisans\u00fcst\u00fc d\u00fczeyde derslerin verilmesini sa\u011flamak, sertifika programlar\u0131n\u0131 di\u011fer merkez ve kurumlarla ortak olarak d\u00fczenlemek ve uygulamak,<\/li>\n<li>e) Merkezin ilgi alan\u0131na giren konularda, ilgili mevzuat h\u00fck\u00fcmleri \u00e7er\u00e7evesinde dan\u0131\u015fmanl\u0131k, bilirki\u015filik ve benzeri nitelikte faaliyetlerde bulunmak,<\/li>\n<li>f) Sosyal giri\u015fimcilik kavram\u0131n\u0131n toplumda yayg\u0131nla\u015ft\u0131r\u0131lmas\u0131 amac\u0131 ile \u00f6rnek sosyal sorumluluk projelerini koordine etmek ve hayata ge\u00e7irmek,<\/li>\n<li>g) Ara\u015ft\u0131rma yapmaya elveri\u015fli k\u00fct\u00fcphane ve ar\u015fiv olu\u015fturmak, ulusal ve uluslararas\u0131 bir elektronik ileti\u015fim a\u011f\u0131 kurmak, Merkeze ait en az bir adet s\u00fcreli yay\u0131n\u0131 haz\u0131rlay\u0131p yay\u0131mlamak,<\/li>\n<\/ol>\n<p>\u011f) Amac\u0131 ile ilgili olan di\u011fer her t\u00fcrl\u00fc faaliyetlerde bulunmak.<\/p>\n<p><strong>\u00dc\u00c7\u00dcNC\u00dc B\u00d6L\u00dcM<\/strong><\/p>\n<p><strong>Merkezin Organlar\u0131 ve G\u00f6revleri<\/strong><\/p>\n<p><strong>Merkezin organlar\u0131<\/strong><\/p>\n<p><strong>MADDE 7 \u2013 <\/strong>(1) Merkezin organlar\u0131 M\u00fcd\u00fcr, Y\u00f6netim Kurulu ve Dan\u0131\u015fma Kuruludur.<\/p>\n<p><strong>M\u00fcd\u00fcr<\/strong><\/p>\n<p><strong>MADDE 8 \u2013<\/strong> (1)<strong> (De\u011fi\u015fik:RG-23\/5\/2016-29720) <\/strong>M\u00fcd\u00fcr, \u00dcniversitede tam g\u00fcn \u00e7al\u0131\u015fan \u00f6\u011fretim \u00fcyeleri veya idari personel aras\u0131ndan \u00fc\u00e7 y\u0131l i\u00e7in Rekt\u00f6r taraf\u0131ndan g\u00f6revlendirilir. G\u00f6rev s\u00fcresi sona eren M\u00fcd\u00fcr ayn\u0131 usulle yeniden g\u00f6revlendirilebilir. M\u00fcd\u00fcr\u00fcn g\u00f6revden al\u0131nmas\u0131nda da ayn\u0131 y\u00f6ntem uygulan\u0131r. M\u00fcd\u00fcr Merkezin \u00e7al\u0131\u015fmalar\u0131n\u0131n d\u00fczenli olarak y\u00fcr\u00fct\u00fclmesi ve geli\u015ftirilmesinden Rekt\u00f6re kar\u015f\u0131 sorumludur.<\/p>\n<p>(2) M\u00fcd\u00fcr \u00e7al\u0131\u015fmalar\u0131nda kendisine yard\u0131mc\u0131 olmak \u00fczere \u00dcniversitede g\u00f6revli \u00f6\u011fretim \u00fcyeleri ve\/veya idari personeli aras\u0131ndan bir ki\u015fiyi M\u00fcd\u00fcr Yard\u0131mc\u0131s\u0131 olarak g\u00f6revlendirilmek \u00fczere Rekt\u00f6r\u00fcn onay\u0131na sunar. Rekt\u00f6r taraf\u0131ndan g\u00f6revlendirilen M\u00fcd\u00fcr Yard\u0131mc\u0131s\u0131, Merkezle ilgili konularda M\u00fcd\u00fcr\u00fcn kendisine verece\u011fi g\u00f6revleri yapar. M\u00fcd\u00fcr Yard\u0131mc\u0131s\u0131, Y\u00f6netim Kurulu ve Dan\u0131\u015fma Kurulu toplant\u0131lar\u0131na kat\u0131labilir.<\/p>\n<p>(3) M\u00fcd\u00fcr k\u0131sa s\u00fcreli ayr\u0131lmalarda M\u00fcd\u00fcr Yard\u0131mc\u0131s\u0131n\u0131 vekil b\u0131rak\u0131r. Vek\u00e2let alt\u0131 aydan fazla s\u00fcremez. Vek\u00e2let alt\u0131 aydan fazla s\u00fcrerse veya s\u00fcresi dolmadan herhangi bir nedenle M\u00fcd\u00fcr g\u00f6revinden ayr\u0131l\u0131rsa, ayn\u0131 usulle yeni bir M\u00fcd\u00fcr g\u00f6revlendirilir.<\/p>\n<p><strong>M\u00fcd\u00fcr\u00fcn g\u00f6revleri<\/strong><\/p>\n<p><strong>MADDE 9 \u2013<\/strong> (1) M\u00fcd\u00fcr\u00fcn g\u00f6revleri \u015funlard\u0131r:<\/p>\n<ol>\n<li>a) Merkezi temsil etmek ve Y\u00f6netim Kuruluna ba\u015fkanl\u0131k etmek,<\/li>\n<li>b) Y\u00f6netim Kurulu kararlar\u0131n\u0131 bu Y\u00f6netmelik h\u00fck\u00fcmleri \u00e7er\u00e7evesinde uygulamak,<\/li>\n<li>c) Merkezin idari i\u015flerini y\u00fcr\u00fctmek, gerekli koordinasyonu ve denetimi sa\u011flamak, yaz\u0131\u015fmalar\u0131 yapmak,<\/li>\n<\/ol>\n<p>\u00e7) Y\u00f6netim Kurulunun haz\u0131rlad\u0131\u011f\u0131 y\u0131ll\u0131k faaliyet raporu ile \u00e7al\u0131\u015fma program\u0131n\u0131 Rekt\u00f6r\u00fcn onay\u0131na sunmak.<\/p>\n<p><strong>Y\u00f6netim kurulu<\/strong><\/p>\n<p><strong>MADDE 10 \u2013<\/strong> (1) Y\u00f6netim Kurulu; M\u00fcd\u00fcr dahil be\u015f ki\u015fiden olu\u015fur. M\u00fcd\u00fcr d\u0131\u015f\u0131ndaki di\u011fer \u00fcyeler, \u00f6\u011fretim elemanlar\u0131 aras\u0131ndan \u00dcniversite Senatosu taraf\u0131ndan \u00fc\u00e7 y\u0131ll\u0131k s\u00fcre i\u00e7in g\u00f6revlendirilir. S\u00fcreleri dolan \u00fcyeler yeniden g\u00f6revlendirilebilir. S\u00fcresi bitmeden ayr\u0131lanlar\u0131n veya alt\u0131 aydan fazla \u00dcniversite d\u0131\u015f\u0131nda g\u00f6revlendirilenlerin yerine, s\u00fcreyi doldurmak \u00fczere yenileri g\u00f6revlendirilir.<\/p>\n<p>(2) Y\u00f6netim Kurulu ola\u011fan olarak ayda en az bir, gerekli oldu\u011funda da M\u00fcd\u00fcr\u00fcn \u00e7a\u011fr\u0131s\u0131 \u00fczerine \u00fcye tam say\u0131s\u0131n\u0131n salt \u00e7o\u011funlu\u011fu ile toplan\u0131r ve kararlar oy \u00e7oklu\u011fu ile al\u0131n\u0131r.<\/p>\n<p><strong>Y\u00f6netim kurulunun g\u00f6revleri<\/strong><\/p>\n<p><strong>MADDE 11 \u2013 <\/strong>(1) Y\u00f6netim Kurulunun g\u00f6revleri \u015funlard\u0131r:<\/p>\n<ol>\n<li>a) Merkezin \u00e7al\u0131\u015fma program\u0131n\u0131 haz\u0131rlamak ve y\u00fcr\u00fctmek,<\/li>\n<li>b) Merkezin y\u0131ll\u0131k faaliyet raporunu haz\u0131rlamak,<\/li>\n<li>c) Merkez b\u00fcnyesinde kurulacak bilimsel \u00e7al\u0131\u015fma gruplar\u0131nda g\u00f6revlendirilecek \u00f6\u011fretim elemanlar\u0131n\u0131n se\u00e7imini yapmak ve g\u00f6revlendirmeleri i\u00e7in Rekt\u00f6r\u00fcn onay\u0131na sunmak,<\/li>\n<\/ol>\n<p>\u00e7) Ara\u015ft\u0131rma ve uygulama projelerini, kurs ve benzeri e\u011fitim \u00f6nerilerini bilimsel \u00e7al\u0131\u015fma kurullar\u0131n\u0131n da katk\u0131lar\u0131 ile de\u011ferlendirmek, g\u00f6revlendirilecek ki\u015fi, kurulu\u015f ve \u00dcniversite birimlerini belirlemek,<\/p>\n<ol>\n<li>d) \u00dcniversite d\u0131\u015f\u0131 ulusal ve uluslararas\u0131 kurum ve kurulu\u015flarla i\u015fbirli\u011fi esaslar\u0131n\u0131 belirlemek, protokol taslaklar\u0131n\u0131 haz\u0131rlamak ve Rekt\u00f6r\u00fcn onay\u0131na sunmak,<\/li>\n<li>e) \u00dcniversite birimleri veya \u00f6\u011fretim elemanlar\u0131nca y\u00fcr\u00fct\u00fclecek olan dan\u0131\u015fmanl\u0131k, proje ve benzeri hizmetlerin bedelini belirlemek,<\/li>\n<li>f) Merkezde g\u00f6revlendirilecek idari ve teknik personelin se\u00e7imini yaparak Rekt\u00f6r\u00fcn onay\u0131na sunmak.<\/li>\n<\/ol>\n<p><strong>Dan\u0131\u015fma kurulu ve g\u00f6revleri<\/strong><\/p>\n<p><strong>MADDE 12 \u2013<\/strong> (1) Dan\u0131\u015fma Kurulu, M\u00fcd\u00fcr ve\/veya Y\u00f6netim Kurulu taraf\u0131ndan \u00f6nerilen ve Rekt\u00f6r taraf\u0131ndan uygun g\u00f6r\u00fclen, \u00dcniversitenin \u00f6\u011fretim elemanlar\u0131, Merkezin faaliyetleri ile ilgili yurti\u00e7i ve yurtd\u0131\u015f\u0131nda \u00f6nemli \u00e7al\u0131\u015fmalar yapm\u0131\u015f di\u011fer \u00fcniversitelerden \u00f6\u011fretim elemanlar\u0131, ilgili kamu kurum ve kurulu\u015flar\u0131, meslek kurulu\u015flar\u0131, sivil toplum kurulu\u015flar\u0131 ile i\u015f d\u00fcnyas\u0131 temsilcileri aras\u0131ndan Rekt\u00f6r taraf\u0131ndan iki y\u0131ll\u0131\u011f\u0131na g\u00f6revlendirilir. Dan\u0131\u015fma Kurulu en fazla dokuz \u00fcyeden olu\u015fur. S\u00fcresi sona eren \u00fcyeler yeniden g\u00f6revlendirilebilir.<\/p>\n<p>(2) Dan\u0131\u015fma Kurulu, M\u00fcd\u00fcr\u00fcn \u00e7a\u011fr\u0131s\u0131 \u00fczerine y\u0131lda en az iki kez ola\u011fan olarak toplan\u0131r. M\u00fcd\u00fcr gerekli g\u00f6rd\u00fc\u011f\u00fc takdirde Dan\u0131\u015fma Kurulunu ola\u011fan\u00fcst\u00fc olarak toplant\u0131ya \u00e7a\u011f\u0131rabilir. Dan\u0131\u015fma Kuruluna M\u00fcd\u00fcr ba\u015fkanl\u0131k eder. Dan\u0131\u015fma Kurulu toplant\u0131lar\u0131nda salt \u00e7o\u011funluk aranmaz.<\/p>\n<p>(3) Dan\u0131\u015fma Kurulu Merkezin \u00e7al\u0131\u015fma alan\u0131na giren konularda g\u00f6r\u00fc\u015flerin a\u00e7\u0131klan\u0131p tart\u0131\u015f\u0131lmas\u0131n\u0131 sa\u011flar, yeni \u00e7al\u0131\u015fma konular\u0131 \u00fczerinde g\u00f6r\u00fc\u015f bildirir.<\/p>\n<p><strong>D\u00d6RD\u00dcNC\u00dc B\u00d6L\u00dcM<\/strong><\/p>\n<p><strong>\u00c7e\u015fitli ve Son H\u00fck\u00fcmler<\/strong><\/p>\n<p><strong>Personel ihtiyac\u0131<\/strong><\/p>\n<p><strong>MADDE 13 \u2013 <\/strong>(1) Merkezin akademik, teknik ve idari personel ihtiyac\u0131, 2547 say\u0131l\u0131 Kanunun 13 \u00fcnc\u00fc maddesine g\u00f6re M\u00fcd\u00fcr\u00fcn \u00f6nerisi \u00fczerine Rekt\u00f6r taraf\u0131ndan g\u00f6revlendirilecek personel taraf\u0131ndan kar\u015f\u0131lan\u0131r.<\/p>\n<p><strong>Demirba\u015flar<\/strong><\/p>\n<p><strong>MADDE 14 \u2013<\/strong> (1) Merkez taraf\u0131ndan desteklenen ara\u015ft\u0131rmalar kapsam\u0131nda al\u0131nan her t\u00fcrl\u00fc alet, ekipman ve demirba\u015flar Merkezin kullan\u0131m\u0131na tahsis edilir.<\/p>\n<p><strong>Y\u00fcr\u00fcrl\u00fck<\/strong><\/p>\n<p><strong>MADDE 15 \u2013 <\/strong>(1) Bu Y\u00f6netmelik yay\u0131m\u0131 tarihinde y\u00fcr\u00fcrl\u00fc\u011fe girer.<\/p>\n<p><strong>Y\u00fcr\u00fctme<\/strong><\/p>\n<p><strong>MADDE 16 \u2013<\/strong> (1) Bu Y\u00f6netmelik h\u00fck\u00fcmlerini \u0130stanbul Ticaret \u00dcniversitesi Rekt\u00f6r\u00fc y\u00fcr\u00fct\u00fcr.<\/p>\n<p>&nbsp;<\/p>\n<table style=\"height: 431px\" width=\"554\">\n<tbody>\n<tr>\n<td rowspan=\"5\" width=\"31\"><\/td>\n<td colspan=\"2\" width=\"480\"><strong>Tebli\u011fin Yay\u0131mland\u0131\u011f\u0131 Resm\u00ee Gazete\u2019nin<\/strong><\/td>\n<\/tr>\n<tr>\n<td width=\"240\"><strong>Tarihi<\/strong><\/td>\n<td width=\"240\"><strong>Say\u0131s\u0131<\/strong><\/td>\n<\/tr>\n<tr>\n<td width=\"240\">21\/1\/2013<\/td>\n<td width=\"240\">28535<\/td>\n<\/tr>\n<tr>\n<td colspan=\"2\" width=\"480\"><strong>Tebli\u011fde De\u011fi\u015fiklik Yapan Tebli\u011flerin Yay\u0131mland\u0131\u011f\u0131 Resm\u00ee Gazetelerin<\/strong><\/td>\n<\/tr>\n<tr>\n<td width=\"240\"><strong>Tarihi<\/strong><\/td>\n<td width=\"240\"><strong>Say\u0131s\u0131<\/strong><\/td>\n<\/tr>\n<tr>\n<td width=\"31\">1.<\/td>\n<td width=\"240\">23\/5\/2016<\/td>\n<td width=\"240\">29720<\/td>\n<\/tr>\n<tr>\n<td width=\"31\"><\/td>\n<td width=\"240\"><\/td>\n<td width=\"240\"><\/td>\n<\/tr>\n<tr>\n<td width=\"31\"><\/td>\n<td width=\"240\"><\/td>\n<td width=\"240\"><\/td>\n<\/tr>\n<\/tbody>\n<\/table>\n<p>&nbsp;<\/p>\n<p>https:\/\/www.mevzuat.gov.tr\/mevzuat?MevzuatNo=17042&#038;MevzuatTur=8&#038;MevzuatTertip=5<\/p>\n","protected":false},"excerpt":{"rendered":"<p>\u0130STANBUL T\u0130CARET \u00dcN\u0130VERS\u0130TES\u0130 L\u0130DERL\u0130K VE G\u0130R\u0130\u015e\u0130MC\u0130L\u0130K UYGULAMA VE ARA\u015eTIRMA MERKEZ\u0130 Y\u00d6NETMEL\u0130\u011e\u0130 \u00a0 B\u0130R\u0130NC\u0130 B\u00d6L\u00dcM Ama\u00e7, Kapsam, Dayanak ve Tan\u0131mlar Ama\u00e7 MADDE 1 \u2013 (1) Bu Y\u00f6netmeli\u011fin amac\u0131; \u0130stanbul Ticaret \u00dcniversitesine ba\u011fl\u0131 olarak kurulan \u0130stanbul Ticaret \u00dcniversitesi Liderlik ve Giri\u015fimcilik Uygulama ve Ara\u015ft\u0131rma Merkezinin ama\u00e7lar\u0131na, y\u00f6netim organlar\u0131na, y\u00f6netim organlar\u0131n\u0131n g\u00f6revlerine ve \u00e7al\u0131\u015fma \u015fekline ili\u015fkin usul ve [&hellip;]<\/p>\n","protected":false},"author":149,"featured_media":0,"parent":0,"menu_order":0,"comment_status":"closed","ping_status":"closed","template":"genel_sayfa.php","meta":{"footnotes":""},"yoast_head":"<!-- This site is optimized with the Yoast SEO Premium plugin v22.1 (Yoast SEO v22.1) - https:\/\/yoast.com\/wordpress\/plugins\/seo\/ -->\n<title>Y\u00f6netmelik - Liderlik ve Giri\u015fimcilik Uygulama ve Ara\u015ft\u0131rma Merkezi<\/title>\n<meta name=\"description\" content=\"Y\u00f6netmelik\" \/>\n<meta name=\"robots\" content=\"index, follow, max-snippet:-1, max-image-preview:large, max-video-preview:-1\" \/>\n<link rel=\"canonical\" href=\"http:\/\/ticaret.edu.tr\/liderlik-ve-girisimcilik-uygulama-ve-arastirma-merkezi\/yonetmelik\/\" \/>\n<meta property=\"og:locale\" content=\"tr_TR\" \/>\n<meta property=\"og:type\" content=\"article\" \/>\n<meta property=\"og:title\" content=\"Y\u00f6netmelik\" \/>\n<meta property=\"og:description\" content=\"Y\u00f6netmelik\" \/>\n<meta property=\"og:url\" content=\"http:\/\/ticaret.edu.tr\/liderlik-ve-girisimcilik-uygulama-ve-arastirma-merkezi\/yonetmelik\/\" \/>\n<meta property=\"og:site_name\" content=\"Liderlik ve Giri\u015fimcilik Uygulama ve Ara\u015ft\u0131rma Merkezi\" \/>\n<meta property=\"article:publisher\" content=\"https:\/\/www.facebook.com\/ticaretedutr\" \/>\n<meta property=\"article:modified_time\" content=\"2025-02-25T13:41:48+00:00\" \/>\n<meta property=\"og:image\" content=\"http:\/\/ticaret.edu.tr\/liderlik-ve-girisimcilik-uygulama-ve-arastirma-merkezi\/wp-content\/uploads\/sites\/45\/2021\/11\/web_logo-01.jpg\" \/>\n\t<meta property=\"og:image:width\" content=\"1250\" \/>\n\t<meta property=\"og:image:height\" content=\"833\" \/>\n\t<meta property=\"og:image:type\" content=\"image\/jpeg\" \/>\n<meta name=\"twitter:card\" content=\"summary_large_image\" \/>\n<meta name=\"twitter:site\" content=\"@ticaretedutr\" \/>\n<meta name=\"twitter:label1\" content=\"Tahmini okuma s\u00fcresi\" \/>\n\t<meta name=\"twitter:data1\" content=\"8 dakika\" \/>\n<script type=\"application\/ld+json\" class=\"yoast-schema-graph\">{\"@context\":\"https:\/\/schema.org\",\"@graph\":[{\"@type\":\"WebPage\",\"@id\":\"http:\/\/ticaret.edu.tr\/liderlik-ve-girisimcilik-uygulama-ve-arastirma-merkezi\/yonetmelik\/\",\"url\":\"http:\/\/ticaret.edu.tr\/liderlik-ve-girisimcilik-uygulama-ve-arastirma-merkezi\/yonetmelik\/\",\"name\":\"Y\u00f6netmelik - Liderlik ve Giri\u015fimcilik Uygulama ve Ara\u015ft\u0131rma Merkezi\",\"isPartOf\":{\"@id\":\"https:\/\/ticaret.edu.tr\/liderlik-ve-girisimcilik-uygulama-ve-arastirma-merkezi\/#website\"},\"datePublished\":\"2021-04-21T11:30:49+00:00\",\"dateModified\":\"2025-02-25T13:41:48+00:00\",\"description\":\"Y\u00f6netmelik\",\"breadcrumb\":{\"@id\":\"http:\/\/ticaret.edu.tr\/liderlik-ve-girisimcilik-uygulama-ve-arastirma-merkezi\/yonetmelik\/#breadcrumb\"},\"inLanguage\":\"tr\",\"potentialAction\":[{\"@type\":\"ReadAction\",\"target\":[\"http:\/\/ticaret.edu.tr\/liderlik-ve-girisimcilik-uygulama-ve-arastirma-merkezi\/yonetmelik\/\"]}]},{\"@type\":\"BreadcrumbList\",\"@id\":\"http:\/\/ticaret.edu.tr\/liderlik-ve-girisimcilik-uygulama-ve-arastirma-merkezi\/yonetmelik\/#breadcrumb\",\"itemListElement\":[{\"@type\":\"ListItem\",\"position\":1,\"name\":\"Ana sayfa\",\"item\":\"https:\/\/ticaret.edu.tr\/liderlik-ve-girisimcilik-uygulama-ve-arastirma-merkezi\/\"},{\"@type\":\"ListItem\",\"position\":2,\"name\":\"Y\u00f6netmelik\"}]},{\"@type\":\"WebSite\",\"@id\":\"https:\/\/ticaret.edu.tr\/liderlik-ve-girisimcilik-uygulama-ve-arastirma-merkezi\/#website\",\"url\":\"https:\/\/ticaret.edu.tr\/liderlik-ve-girisimcilik-uygulama-ve-arastirma-merkezi\/\",\"name\":\"Liderlik ve Giri\u015fimcilik Uygulama ve Ara\u015ft\u0131rma Merkezi\",\"description\":\"Bir ba\u015fka \u0130stanbul Ticaret \u00dcniversitesi site sitesi\",\"potentialAction\":[{\"@type\":\"SearchAction\",\"target\":{\"@type\":\"EntryPoint\",\"urlTemplate\":\"https:\/\/ticaret.edu.tr\/liderlik-ve-girisimcilik-uygulama-ve-arastirma-merkezi\/?s={search_term_string}\"},\"query-input\":\"required name=search_term_string\"}],\"inLanguage\":\"tr\"}]}<\/script>\n<!-- \/ Yoast SEO Premium plugin. -->","yoast_head_json":{"title":"Y\u00f6netmelik - Liderlik ve Giri\u015fimcilik Uygulama ve Ara\u015ft\u0131rma Merkezi","description":"Y\u00f6netmelik","robots":{"index":"index","follow":"follow","max-snippet":"max-snippet:-1","max-image-preview":"max-image-preview:large","max-video-preview":"max-video-preview:-1"},"canonical":"http:\/\/ticaret.edu.tr\/liderlik-ve-girisimcilik-uygulama-ve-arastirma-merkezi\/yonetmelik\/","og_locale":"tr_TR","og_type":"article","og_title":"Y\u00f6netmelik","og_description":"Y\u00f6netmelik","og_url":"http:\/\/ticaret.edu.tr\/liderlik-ve-girisimcilik-uygulama-ve-arastirma-merkezi\/yonetmelik\/","og_site_name":"Liderlik ve Giri\u015fimcilik Uygulama ve Ara\u015ft\u0131rma Merkezi","article_publisher":"https:\/\/www.facebook.com\/ticaretedutr","article_modified_time":"2025-02-25T13:41:48+00:00","og_image":[{"width":1250,"height":833,"url":"http:\/\/ticaret.edu.tr\/liderlik-ve-girisimcilik-uygulama-ve-arastirma-merkezi\/wp-content\/uploads\/sites\/45\/2021\/11\/web_logo-01.jpg","type":"image\/jpeg"}],"twitter_card":"summary_large_image","twitter_site":"@ticaretedutr","twitter_misc":{"Tahmini okuma s\u00fcresi":"8 dakika"},"schema":{"@context":"https:\/\/schema.org","@graph":[{"@type":"WebPage","@id":"http:\/\/ticaret.edu.tr\/liderlik-ve-girisimcilik-uygulama-ve-arastirma-merkezi\/yonetmelik\/","url":"http:\/\/ticaret.edu.tr\/liderlik-ve-girisimcilik-uygulama-ve-arastirma-merkezi\/yonetmelik\/","name":"Y\u00f6netmelik - Liderlik ve Giri\u015fimcilik Uygulama ve Ara\u015ft\u0131rma Merkezi","isPartOf":{"@id":"https:\/\/ticaret.edu.tr\/liderlik-ve-girisimcilik-uygulama-ve-arastirma-merkezi\/#website"},"datePublished":"2021-04-21T11:30:49+00:00","dateModified":"2025-02-25T13:41:48+00:00","description":"Y\u00f6netmelik","breadcrumb":{"@id":"http:\/\/ticaret.edu.tr\/liderlik-ve-girisimcilik-uygulama-ve-arastirma-merkezi\/yonetmelik\/#breadcrumb"},"inLanguage":"tr","potentialAction":[{"@type":"ReadAction","target":["http:\/\/ticaret.edu.tr\/liderlik-ve-girisimcilik-uygulama-ve-arastirma-merkezi\/yonetmelik\/"]}]},{"@type":"BreadcrumbList","@id":"http:\/\/ticaret.edu.tr\/liderlik-ve-girisimcilik-uygulama-ve-arastirma-merkezi\/yonetmelik\/#breadcrumb","itemListElement":[{"@type":"ListItem","position":1,"name":"Ana sayfa","item":"https:\/\/ticaret.edu.tr\/liderlik-ve-girisimcilik-uygulama-ve-arastirma-merkezi\/"},{"@type":"ListItem","position":2,"name":"Y\u00f6netmelik"}]},{"@type":"WebSite","@id":"https:\/\/ticaret.edu.tr\/liderlik-ve-girisimcilik-uygulama-ve-arastirma-merkezi\/#website","url":"https:\/\/ticaret.edu.tr\/liderlik-ve-girisimcilik-uygulama-ve-arastirma-merkezi\/","name":"Liderlik ve Giri\u015fimcilik Uygulama ve Ara\u015ft\u0131rma Merkezi","description":"Bir ba\u015fka \u0130stanbul Ticaret \u00dcniversitesi site sitesi","potentialAction":[{"@type":"SearchAction","target":{"@type":"EntryPoint","urlTemplate":"https:\/\/ticaret.edu.tr\/liderlik-ve-girisimcilik-uygulama-ve-arastirma-merkezi\/?s={search_term_string}"},"query-input":"required name=search_term_string"}],"inLanguage":"tr"}]}},"lang":"tr","translations":{"tr":143},"pll_sync_post":[],"_links":{"self":[{"href":"http:\/\/ticaret.edu.tr\/liderlik-ve-girisimcilik-uygulama-ve-arastirma-merkezi\/wp-json\/wp\/v2\/pages\/143"}],"collection":[{"href":"http:\/\/ticaret.edu.tr\/liderlik-ve-girisimcilik-uygulama-ve-arastirma-merkezi\/wp-json\/wp\/v2\/pages"}],"about":[{"href":"http:\/\/ticaret.edu.tr\/liderlik-ve-girisimcilik-uygulama-ve-arastirma-merkezi\/wp-json\/wp\/v2\/types\/page"}],"author":[{"embeddable":true,"href":"http:\/\/ticaret.edu.tr\/liderlik-ve-girisimcilik-uygulama-ve-arastirma-merkezi\/wp-json\/wp\/v2\/users\/149"}],"replies":[{"embeddable":true,"href":"http:\/\/ticaret.edu.tr\/liderlik-ve-girisimcilik-uygulama-ve-arastirma-merkezi\/wp-json\/wp\/v2\/comments?post=143"}],"version-history":[{"count":4,"href":"http:\/\/ticaret.edu.tr\/liderlik-ve-girisimcilik-uygulama-ve-arastirma-merkezi\/wp-json\/wp\/v2\/pages\/143\/revisions"}],"predecessor-version":[{"id":418,"href":"http:\/\/ticaret.edu.tr\/liderlik-ve-girisimcilik-uygulama-ve-arastirma-merkezi\/wp-json\/wp\/v2\/pages\/143\/revisions\/418"}],"wp:attachment":[{"href":"http:\/\/ticaret.edu.tr\/liderlik-ve-girisimcilik-uygulama-ve-arastirma-merkezi\/wp-json\/wp\/v2\/media?parent=143"}],"curies":[{"name":"wp","href":"https:\/\/api.w.org\/{rel}","templated":true}]}}