{"id":314,"date":"2021-10-27T09:54:14","date_gmt":"2021-10-27T06:54:14","guid":{"rendered":"https:\/\/ticaret.edu.tr\/lguam\/?page_id=314"},"modified":"2025-02-25T16:41:41","modified_gmt":"2025-02-25T13:41:41","slug":"contact","status":"publish","type":"page","link":"http:\/\/ticaret.edu.tr\/liderlik-ve-girisimcilik-uygulama-ve-arastirma-merkezi\/en\/contact\/","title":{"rendered":"CONTACT"},"content":{"rendered":"<header class=\"entry-header\">Leadership and Entrepreneurship Appl ication and Research Center<\/header>\n<div class=\"entry-content\">\n<p style=\"text-align: left\">Adress:S\u00fctl\u00fcce Mahallesi \u0130mrahor Caddedi NO:90 Beyo\u011flu\/Istanbul<\/p>\n<p style=\"text-align: left\">Phone: 444 0 413 \/ 4519<\/p>\n<\/div>\n","protected":false},"excerpt":{"rendered":"<p>Leadership and Entrepreneurship Appl ication and Research Center Adress:S\u00fctl\u00fcce Mahallesi \u0130mrahor Caddedi NO:90 Beyo\u011flu\/Istanbul Phone: 444 0 413 \/ 4519<\/p>\n","protected":false},"author":149,"featured_media":0,"parent":0,"menu_order":0,"comment_status":"closed","ping_status":"closed","template":"genel_sayfa.php","meta":{"footnotes":""},"yoast_head":"<!-- This site is optimized with the Yoast SEO Premium plugin v22.1 (Yoast SEO v22.1) - https:\/\/yoast.com\/wordpress\/plugins\/seo\/ -->\n<title>CONTACT - Liderlik ve Giri\u015fimcilik Uygulama ve Ara\u015ft\u0131rma Merkezi<\/title>\n<meta name=\"description\" content=\"contact\" \/>\n<meta name=\"robots\" content=\"index, follow, max-snippet:-1, max-image-preview:large, max-video-preview:-1\" \/>\n<link rel=\"canonical\" href=\"http:\/\/ticaret.edu.tr\/liderlik-ve-girisimcilik-uygulama-ve-arastirma-merkezi\/en\/contact\/\" \/>\n<meta property=\"og:locale\" content=\"tr_TR\" \/>\n<meta property=\"og:type\" content=\"article\" \/>\n<meta property=\"og:title\" content=\"CONTACT\" \/>\n<meta property=\"og:description\" content=\"contact\" \/>\n<meta property=\"og:url\" content=\"http:\/\/ticaret.edu.tr\/liderlik-ve-girisimcilik-uygulama-ve-arastirma-merkezi\/en\/contact\/\" \/>\n<meta property=\"og:site_name\" content=\"Liderlik ve Giri\u015fimcilik Uygulama ve Ara\u015ft\u0131rma Merkezi\" \/>\n<meta property=\"article:publisher\" content=\"https:\/\/www.facebook.com\/ticaretedutr\" \/>\n<meta property=\"article:modified_time\" content=\"2025-02-25T13:41:41+00:00\" \/>\n<meta property=\"og:image\" content=\"http:\/\/ticaret.edu.tr\/liderlik-ve-girisimcilik-uygulama-ve-arastirma-merkezi\/wp-content\/uploads\/sites\/45\/2021\/11\/web_logo-01.jpg\" \/>\n\t<meta property=\"og:image:width\" content=\"1250\" \/>\n\t<meta property=\"og:image:height\" content=\"833\" \/>\n\t<meta property=\"og:image:type\" content=\"image\/jpeg\" \/>\n<meta name=\"twitter:card\" content=\"summary_large_image\" \/>\n<meta name=\"twitter:site\" content=\"@ticaretedutr\" \/>\n<meta name=\"twitter:label1\" content=\"Tahmini okuma s\u00fcresi\" \/>\n\t<meta name=\"twitter:data1\" content=\"1 dakika\" \/>\n<script type=\"application\/ld+json\" class=\"yoast-schema-graph\">{\"@context\":\"https:\/\/schema.org\",\"@graph\":[{\"@type\":\"WebPage\",\"@id\":\"http:\/\/ticaret.edu.tr\/liderlik-ve-girisimcilik-uygulama-ve-arastirma-merkezi\/en\/contact\/\",\"url\":\"http:\/\/ticaret.edu.tr\/liderlik-ve-girisimcilik-uygulama-ve-arastirma-merkezi\/en\/contact\/\",\"name\":\"CONTACT - Liderlik ve Giri\u015fimcilik Uygulama ve Ara\u015ft\u0131rma Merkezi\",\"isPartOf\":{\"@id\":\"http:\/\/ticaret.edu.tr\/liderlik-ve-girisimcilik-uygulama-ve-arastirma-merkezi\/en\/#website\"},\"datePublished\":\"2021-10-27T06:54:14+00:00\",\"dateModified\":\"2025-02-25T13:41:41+00:00\",\"description\":\"contact\",\"breadcrumb\":{\"@id\":\"http:\/\/ticaret.edu.tr\/liderlik-ve-girisimcilik-uygulama-ve-arastirma-merkezi\/en\/contact\/#breadcrumb\"},\"inLanguage\":\"tr\",\"potentialAction\":[{\"@type\":\"ReadAction\",\"target\":[\"http:\/\/ticaret.edu.tr\/liderlik-ve-girisimcilik-uygulama-ve-arastirma-merkezi\/en\/contact\/\"]}]},{\"@type\":\"BreadcrumbList\",\"@id\":\"http:\/\/ticaret.edu.tr\/liderlik-ve-girisimcilik-uygulama-ve-arastirma-merkezi\/en\/contact\/#breadcrumb\",\"itemListElement\":[{\"@type\":\"ListItem\",\"position\":1,\"name\":\"Ana sayfa\",\"item\":\"http:\/\/ticaret.edu.tr\/liderlik-ve-girisimcilik-uygulama-ve-arastirma-merkezi\/\"},{\"@type\":\"ListItem\",\"position\":2,\"name\":\"CONTACT\"}]},{\"@type\":\"WebSite\",\"@id\":\"http:\/\/ticaret.edu.tr\/liderlik-ve-girisimcilik-uygulama-ve-arastirma-merkezi\/en\/#website\",\"url\":\"http:\/\/ticaret.edu.tr\/liderlik-ve-girisimcilik-uygulama-ve-arastirma-merkezi\/en\/\",\"name\":\"Liderlik ve Giri\u015fimcilik Uygulama ve Ara\u015ft\u0131rma Merkezi\",\"description\":\"Bir ba\u015fka \u0130stanbul Ticaret \u00dcniversitesi site sitesi\",\"potentialAction\":[{\"@type\":\"SearchAction\",\"target\":{\"@type\":\"EntryPoint\",\"urlTemplate\":\"http:\/\/ticaret.edu.tr\/liderlik-ve-girisimcilik-uygulama-ve-arastirma-merkezi\/en\/?s={search_term_string}\"},\"query-input\":\"required name=search_term_string\"}],\"inLanguage\":\"tr\"}]}<\/script>\n<!-- \/ Yoast SEO Premium plugin. -->","yoast_head_json":{"title":"CONTACT - Liderlik ve Giri\u015fimcilik Uygulama ve Ara\u015ft\u0131rma Merkezi","description":"contact","robots":{"index":"index","follow":"follow","max-snippet":"max-snippet:-1","max-image-preview":"max-image-preview:large","max-video-preview":"max-video-preview:-1"},"canonical":"http:\/\/ticaret.edu.tr\/liderlik-ve-girisimcilik-uygulama-ve-arastirma-merkezi\/en\/contact\/","og_locale":"tr_TR","og_type":"article","og_title":"CONTACT","og_description":"contact","og_url":"http:\/\/ticaret.edu.tr\/liderlik-ve-girisimcilik-uygulama-ve-arastirma-merkezi\/en\/contact\/","og_site_name":"Liderlik ve Giri\u015fimcilik Uygulama ve Ara\u015ft\u0131rma Merkezi","article_publisher":"https:\/\/www.facebook.com\/ticaretedutr","article_modified_time":"2025-02-25T13:41:41+00:00","og_image":[{"width":1250,"height":833,"url":"http:\/\/ticaret.edu.tr\/liderlik-ve-girisimcilik-uygulama-ve-arastirma-merkezi\/wp-content\/uploads\/sites\/45\/2021\/11\/web_logo-01.jpg","type":"image\/jpeg"}],"twitter_card":"summary_large_image","twitter_site":"@ticaretedutr","twitter_misc":{"Tahmini okuma s\u00fcresi":"1 dakika"},"schema":{"@context":"https:\/\/schema.org","@graph":[{"@type":"WebPage","@id":"http:\/\/ticaret.edu.tr\/liderlik-ve-girisimcilik-uygulama-ve-arastirma-merkezi\/en\/contact\/","url":"http:\/\/ticaret.edu.tr\/liderlik-ve-girisimcilik-uygulama-ve-arastirma-merkezi\/en\/contact\/","name":"CONTACT - Liderlik ve Giri\u015fimcilik Uygulama ve Ara\u015ft\u0131rma Merkezi","isPartOf":{"@id":"http:\/\/ticaret.edu.tr\/liderlik-ve-girisimcilik-uygulama-ve-arastirma-merkezi\/en\/#website"},"datePublished":"2021-10-27T06:54:14+00:00","dateModified":"2025-02-25T13:41:41+00:00","description":"contact","breadcrumb":{"@id":"http:\/\/ticaret.edu.tr\/liderlik-ve-girisimcilik-uygulama-ve-arastirma-merkezi\/en\/contact\/#breadcrumb"},"inLanguage":"tr","potentialAction":[{"@type":"ReadAction","target":["http:\/\/ticaret.edu.tr\/liderlik-ve-girisimcilik-uygulama-ve-arastirma-merkezi\/en\/contact\/"]}]},{"@type":"BreadcrumbList","@id":"http:\/\/ticaret.edu.tr\/liderlik-ve-girisimcilik-uygulama-ve-arastirma-merkezi\/en\/contact\/#breadcrumb","itemListElement":[{"@type":"ListItem","position":1,"name":"Ana sayfa","item":"http:\/\/ticaret.edu.tr\/liderlik-ve-girisimcilik-uygulama-ve-arastirma-merkezi\/"},{"@type":"ListItem","position":2,"name":"CONTACT"}]},{"@type":"WebSite","@id":"http:\/\/ticaret.edu.tr\/liderlik-ve-girisimcilik-uygulama-ve-arastirma-merkezi\/en\/#website","url":"http:\/\/ticaret.edu.tr\/liderlik-ve-girisimcilik-uygulama-ve-arastirma-merkezi\/en\/","name":"Liderlik ve Giri\u015fimcilik Uygulama ve Ara\u015ft\u0131rma Merkezi","description":"Bir ba\u015fka \u0130stanbul Ticaret \u00dcniversitesi site sitesi","potentialAction":[{"@type":"SearchAction","target":{"@type":"EntryPoint","urlTemplate":"http:\/\/ticaret.edu.tr\/liderlik-ve-girisimcilik-uygulama-ve-arastirma-merkezi\/en\/?s={search_term_string}"},"query-input":"required name=search_term_string"}],"inLanguage":"tr"}]}},"lang":"en","translations":{"en":314,"tr":30},"pll_sync_post":[],"_links":{"self":[{"href":"http:\/\/ticaret.edu.tr\/liderlik-ve-girisimcilik-uygulama-ve-arastirma-merkezi\/wp-json\/wp\/v2\/pages\/314"}],"collection":[{"href":"http:\/\/ticaret.edu.tr\/liderlik-ve-girisimcilik-uygulama-ve-arastirma-merkezi\/wp-json\/wp\/v2\/pages"}],"about":[{"href":"http:\/\/ticaret.edu.tr\/liderlik-ve-girisimcilik-uygulama-ve-arastirma-merkezi\/wp-json\/wp\/v2\/types\/page"}],"author":[{"embeddable":true,"href":"http:\/\/ticaret.edu.tr\/liderlik-ve-girisimcilik-uygulama-ve-arastirma-merkezi\/wp-json\/wp\/v2\/users\/149"}],"replies":[{"embeddable":true,"href":"http:\/\/ticaret.edu.tr\/liderlik-ve-girisimcilik-uygulama-ve-arastirma-merkezi\/wp-json\/wp\/v2\/comments?post=314"}],"version-history":[{"count":6,"href":"http:\/\/ticaret.edu.tr\/liderlik-ve-girisimcilik-uygulama-ve-arastirma-merkezi\/wp-json\/wp\/v2\/pages\/314\/revisions"}],"predecessor-version":[{"id":755,"href":"http:\/\/ticaret.edu.tr\/liderlik-ve-girisimcilik-uygulama-ve-arastirma-merkezi\/wp-json\/wp\/v2\/pages\/314\/revisions\/755"}],"wp:attachment":[{"href":"http:\/\/ticaret.edu.tr\/liderlik-ve-girisimcilik-uygulama-ve-arastirma-merkezi\/wp-json\/wp\/v2\/media?parent=314"}],"curies":[{"name":"wp","href":"https:\/\/api.w.org\/{rel}","templated":true}]}}