{"id":7,"date":"2020-07-19T05:43:16","date_gmt":"2020-07-19T02:43:16","guid":{"rendered":"http:\/\/ticaret.edu.tr\/lguam\/?page_id=7"},"modified":"2025-02-25T16:41:06","modified_gmt":"2025-02-25T13:41:06","slug":"ana-sayfa","status":"publish","type":"page","link":"http:\/\/ticaret.edu.tr\/liderlik-ve-girisimcilik-uygulama-ve-arastirma-merkezi\/","title":{"rendered":"Ana Sayfa"},"content":{"rendered":"<p>&nbsp;<\/p>\n<p><img loading=\"lazy\" decoding=\"async\" class=\"wp-image-745 aligncenter\" src=\"http:\/\/ticaret.edu.tr\/liderlik-ve-girisimcilik-uygulama-ve-arastirma-merkezi\/wp-content\/uploads\/sites\/45\/2024\/05\/91d9e2ed-bda8-4156-88d1-973289439648-300x300.jpg\" alt=\"\" width=\"618\" height=\"618\" srcset=\"http:\/\/ticaret.edu.tr\/liderlik-ve-girisimcilik-uygulama-ve-arastirma-merkezi\/wp-content\/uploads\/sites\/45\/2024\/05\/91d9e2ed-bda8-4156-88d1-973289439648-300x300.jpg 300w, http:\/\/ticaret.edu.tr\/liderlik-ve-girisimcilik-uygulama-ve-arastirma-merkezi\/wp-content\/uploads\/sites\/45\/2024\/05\/91d9e2ed-bda8-4156-88d1-973289439648-1024x1024.jpg 1024w, http:\/\/ticaret.edu.tr\/liderlik-ve-girisimcilik-uygulama-ve-arastirma-merkezi\/wp-content\/uploads\/sites\/45\/2024\/05\/91d9e2ed-bda8-4156-88d1-973289439648-150x150.jpg 150w, http:\/\/ticaret.edu.tr\/liderlik-ve-girisimcilik-uygulama-ve-arastirma-merkezi\/wp-content\/uploads\/sites\/45\/2024\/05\/91d9e2ed-bda8-4156-88d1-973289439648-768x768.jpg 768w, http:\/\/ticaret.edu.tr\/liderlik-ve-girisimcilik-uygulama-ve-arastirma-merkezi\/wp-content\/uploads\/sites\/45\/2024\/05\/91d9e2ed-bda8-4156-88d1-973289439648.jpg 1200w\" sizes=\"(max-width: 618px) 100vw, 618px\" \/><\/p>\n<p style=\"text-align: center\"><strong>I. Uluslararas\u0131 Liderlik ve Giri\u015fimcilik Sempozyumu<\/strong><br \/>\n<strong>Giri\u015fimcilik ve \u0130novasyon<\/strong><\/p>\n<p style=\"text-align: center\">\n<em>K\u0131ymetli Bilim \u0130nsanlar\u0131, Giri\u015fimciler, Sivil Toplum ve Kamu Kesimi Temsilcileri,<\/em><\/p>\n<p style=\"text-align: left\">\nG\u00fcn\u00fcm\u00fczde k\u00fcreselle\u015fen d\u00fcnyada i\u015f ya\u015fam\u0131n\u0131n \u00e7etin rekabet ortam\u0131nda i\u015f d\u00fcnyas\u0131n\u0131n ve \u00fclkelerin varl\u0131\u011f\u0131n\u0131 s\u00fcrd\u00fcrebilmesi, ekonominin motoru olan giri\u015fimcilere ve bunlar\u0131n fark olu\u015fturabilmelerine ba\u011fl\u0131d\u0131r. Dolay\u0131s\u0131yla, giri\u015fimcilerin yenilik\u00e7i bak\u0131\u015f a\u00e7\u0131lar\u0131n\u0131 i\u015f d\u00fcnyas\u0131na yans\u0131tmalar\u0131 ve inovasyon faaliyetlerinde bulunmalar\u0131 giderek daha \u00f6nemli hale gelmektedir. Bu ba\u011flamda, birbirinin tamamlay\u0131c\u0131s\u0131 olan giri\u015fimcilik ve inovasyonun, hem b\u00f6lgesel hem de k\u00fcresel anlamda kalk\u0131nma ve ekonomik de\u011fer yarat\u0131lmas\u0131nda temel dinamikler oldu\u011funa \u015f\u00fcphe yoktur.<\/p>\n<p style=\"text-align: left\">Bu do\u011frultuda akademik \u00e7al\u0131\u015fmalar\u0131n yan\u0131nda ba\u015fta \u0130stanbul Ticaret Odas\u0131 olmak \u00fczere i\u015f d\u00fcnyas\u0131 ve di\u011fer payda\u015flarla i\u015fbirli\u011fini s\u00fcrd\u00fcren \u201ci\u015f d\u00fcnyas\u0131n\u0131n \u00fcniversitesi\u201d \u0130stanbul Ticaret \u00dcniversitesi \u201cGiri\u015fimcilik ve \u0130novasyon\u201d konulu I. Uluslararas\u0131 Liderlik ve Giri\u015fimcilik Sempozyumu d\u00fczenleyecektir.<\/p>\n<p style=\"text-align: left\">\u0130stanbul Ticaret \u00dcniversitesi Liderlik ve Giri\u015fimcilik Uygulama ve Ara\u015ft\u0131rma Merkezi ile Bili\u015fim Teknolojileri Uygulama ve Ara\u015ft\u0131rma Merkezi i\u015fbirli\u011fi ile 20-21 May\u0131s 2024 tarihlerinde \u0130stanbul\u2019da \u00dcniversitemizde ger\u00e7ekle\u015ftirilecek olan \u201cGiri\u015fimcilik ve \u0130novasyon\u201d konulu I. Uluslararas\u0131 Liderlik ve Giri\u015fimcilik Sempozyumu, giri\u015fimcilik ve inovasyon alanlar\u0131ndan katk\u0131 sa\u011flamay\u0131 ama\u00e7layan T\u00fcrkiye\u2019den ve yurtd\u0131\u015f\u0131ndan akademisyenlerin, kamu, \u00f6zel ve STK temsilcilerinin \u00f6zg\u00fcn ve bilimsel \u00e7al\u0131\u015fmalar\u0131n\u0131 payla\u015fmalar\u0131 ve alana y\u00f6nelik yeni bak\u0131\u015f a\u00e7\u0131lar\u0131 sunmalar\u0131 i\u00e7in f\u0131rsat sa\u011flamaktad\u0131r. Kabul edilen ve j\u00fcri taraf\u0131ndan uygun g\u00f6r\u00fclen bildirilerin tam metin halleri ULAKB\u0130M-TR Dizin, EBSCOhost Business Source Ultimate, ProQuest, SOBIAD ve OpenAIRE veritabanlar\u0131nda taranmakta olan \u0130stanbul Ticaret \u00dcniversitesi Sosyal Bilimler Dergisi\u2019nin \u00d6zel Say\u0131s\u0131nda yay\u0131nlanacakt\u0131r.<\/p>\n<p style=\"text-align: left\">I. Uluslararas\u0131 Liderlik ve Giri\u015fimcilik Sempozyumu\u2019na de\u011ferli \u00e7al\u0131\u015fmalar\u0131n\u0131z ile kat\u0131l\u0131m sa\u011flaman\u0131z\u0131 bekler, \u00e7al\u0131\u015fmalar\u0131n\u0131zda ba\u015far\u0131lar dileriz.<\/p>\n<p style=\"text-align: left\">L\u00fctfen \u00f6zet ve tam metin bildirilerinizi a\u015fa\u011f\u0131daki adrese g\u00f6nderiniz:<\/p>\n<p style=\"text-align: left\"><strong>\u00d6zet ve tam metin bildiriler ve ileti\u015fim i\u00e7in:<\/strong> ulgs@ticaret.edu.tr<br \/>\n<strong>Sempozyum web sayfas\u0131:<\/strong> https:\/\/ulgs.ticaret.edu.tr\/<\/p>\n<p style=\"text-align: left\"><em>Sayg\u0131lar\u0131m\u0131zla,<\/em><\/p>\n<p style=\"text-align: left\"><strong><em>\u0130stanbul Ticaret \u00dcniversitesi<\/em><\/strong><br \/>\n<strong><em>Liderlik ve Giri\u015fimcilik Uygulama ve Ara\u015ft\u0131rma Merkezi &amp; Bili\u015fim Teknolojileri Uygulama ve Ara\u015ft\u0131rma Merkezi<\/em><\/strong><\/p>\n<p style=\"text-align: left\">\n<strong>SEMPOZYUM TEMALARI<\/strong><br \/>\nKad\u0131n Giri\u015fimcili\u011fi Gen\u00e7 Giri\u015fimcilik ve \u0130novasyon<br \/>\nSosyal Giri\u015fimcilik Sosyal \u0130novasyon<br \/>\nSanat Giri\u015fimcili\u011fi S\u00fcrd\u00fcr\u00fclebilir \u0130novasyon<br \/>\nStratejik Giri\u015fimcilik A\u00e7\u0131k \u0130novasyon<br \/>\n\u0130\u00e7 Giri\u015fimcilik \u0130novasyon E\u011filimleri<br \/>\nDijital Giri\u015fimcilik Yal\u0131n \u0130novasyon<br \/>\nKurumsal Giri\u015fimcilik Liderlik ve \u0130novasyon<br \/>\nYe\u015fil Giri\u015fimcilik \u00dcniversite-Sanayi \u0130\u015fbirli\u011fi ve \u0130novasyon<br \/>\nAkademik Giri\u015fimcilik Teknolojik \u0130novasyon<br \/>\nUluslararas\u0131 Giri\u015fimcilik Dijital \u0130novasyon<br \/>\nYarat\u0131c\u0131 Giri\u015fimcilik Pazarlama \u0130novasyonu<br \/>\nGiri\u015fimcilik Esnekli\u011fi Hizmet \u0130novasyonu<br \/>\nGiri\u015fimci Liderlik \u0130novasyon ve Ekonomi<br \/>\nGiri\u015fimcilik ve B\u00f6lgesel Kalk\u0131nma Sosyal Bilimlerde \u0130novasyon Ara\u015ft\u0131rmalar\u0131<\/p>\n<p style=\"text-align: left\">\n<strong>NOTLAR:<\/strong><br \/>\n\u2022 Sempozyum, yukar\u0131da belirtilen temalara ek olarak, giri\u015fimcilik ve inovasyon ile ilgili t\u00fcm bilim dallar\u0131ndan \u00f6zg\u00fcn \u00e7al\u0131\u015fmalara a\u00e7\u0131kt\u0131r.<br \/>\n\u2022 \u00d6zet bildiriler ve tam metin bildiriler \u0130stanbul Ticaret \u00dcniversitesi Sosyal Bilimler Dergisi\u2019nin yaz\u0131m kurallar\u0131na (https:\/\/dergipark.org.tr\/tr\/pub\/iticusbe\/writing-rules) uygun olmal\u0131d\u0131r.<br \/>\n\u2022 Tam metin bildiriler ve \u00f6zet bildiriler \u0130ngilizce ya da T\u00fcrk\u00e7e olabilir. Metin T\u00fcrk\u00e7e ise, \u0130ngilizce \u00f6zet; \u0130ngilizce ise T\u00fcrk\u00e7e \u00f6zet eklenmelidir.<\/p>\n<p style=\"text-align: left\"><strong>\u00d6NEML\u0130 TAR\u0130HLER:<\/strong><br \/>\n&#8211; \u00d6zet Kabul Son Tarihi: 1 May\u0131s 2024<br \/>\n&#8211; Bildiri Kabul: (7 g\u00fcn i\u00e7erisinde cevap verilecektir.)<br \/>\n&#8211; Kabul Edilen Bildirilerin Duyurulmas\u0131: 15 May\u0131s 2024<br \/>\n&#8211; Sempozyum Tarihi: 20-21 May\u0131s 2024<br \/>\n&#8211; Kat\u0131l\u0131m Belgeleri Takdimi: 20-21 May\u0131s 2024<br \/>\n&#8211; \u00d6zet Bildiri Kitab\u0131 Tarihi: 14 Haziran 2024<br \/>\n&#8211; Tam Metin Bildiri Son Teslim Tarihi: 1 Temmuz 2024<\/p>\n","protected":false},"excerpt":{"rendered":"<p>&nbsp; I. Uluslararas\u0131 Liderlik ve Giri\u015fimcilik Sempozyumu Giri\u015fimcilik ve \u0130novasyon K\u0131ymetli Bilim \u0130nsanlar\u0131, Giri\u015fimciler, Sivil Toplum ve Kamu Kesimi Temsilcileri, G\u00fcn\u00fcm\u00fczde k\u00fcreselle\u015fen d\u00fcnyada i\u015f ya\u015fam\u0131n\u0131n \u00e7etin rekabet ortam\u0131nda i\u015f d\u00fcnyas\u0131n\u0131n ve \u00fclkelerin varl\u0131\u011f\u0131n\u0131 s\u00fcrd\u00fcrebilmesi, ekonominin motoru olan giri\u015fimcilere ve bunlar\u0131n fark olu\u015fturabilmelerine ba\u011fl\u0131d\u0131r. Dolay\u0131s\u0131yla, giri\u015fimcilerin yenilik\u00e7i bak\u0131\u015f a\u00e7\u0131lar\u0131n\u0131 i\u015f d\u00fcnyas\u0131na yans\u0131tmalar\u0131 ve inovasyon faaliyetlerinde bulunmalar\u0131 [&hellip;]<\/p>\n","protected":false},"author":209,"featured_media":0,"parent":0,"menu_order":0,"comment_status":"closed","ping_status":"closed","template":"pages\/homepage.php","meta":{"footnotes":""},"yoast_head":"<!-- This site is optimized with the Yoast SEO Premium plugin v22.1 (Yoast SEO v22.1) - https:\/\/yoast.com\/wordpress\/plugins\/seo\/ -->\n<title>Ana Sayfa - Liderlik ve Giri\u015fimcilik Uygulama ve Ara\u015ft\u0131rma Merkezi<\/title>\n<meta name=\"description\" content=\"Ansayfa\" \/>\n<meta name=\"robots\" content=\"index, follow, max-snippet:-1, max-image-preview:large, max-video-preview:-1\" \/>\n<link rel=\"canonical\" href=\"https:\/\/ticaret.edu.tr\/liderlik-ve-girisimcilik-uygulama-ve-arastirma-merkezi\/\" \/>\n<meta property=\"og:locale\" content=\"tr_TR\" \/>\n<meta property=\"og:type\" content=\"article\" \/>\n<meta property=\"og:title\" content=\"Ana Sayfa\" \/>\n<meta property=\"og:description\" content=\"Ansayfa\" \/>\n<meta property=\"og:url\" content=\"https:\/\/ticaret.edu.tr\/liderlik-ve-girisimcilik-uygulama-ve-arastirma-merkezi\/\" \/>\n<meta property=\"og:site_name\" content=\"Liderlik ve Giri\u015fimcilik Uygulama ve Ara\u015ft\u0131rma Merkezi\" \/>\n<meta property=\"article:publisher\" content=\"https:\/\/www.facebook.com\/ticaretedutr\" \/>\n<meta property=\"article:modified_time\" content=\"2025-02-25T13:41:06+00:00\" \/>\n<meta property=\"og:image\" content=\"http:\/\/ticaret.edu.tr\/liderlik-ve-girisimcilik-uygulama-ve-arastirma-merkezi\/wp-content\/uploads\/sites\/45\/2024\/05\/91d9e2ed-bda8-4156-88d1-973289439648-300x300.jpg\" \/>\n<meta name=\"twitter:card\" content=\"summary_large_image\" \/>\n<meta name=\"twitter:site\" content=\"@ticaretedutr\" \/>\n<meta name=\"twitter:label1\" content=\"Tahmini okuma s\u00fcresi\" \/>\n\t<meta name=\"twitter:data1\" content=\"3 dakika\" \/>\n<script type=\"application\/ld+json\" class=\"yoast-schema-graph\">{\"@context\":\"https:\/\/schema.org\",\"@graph\":[{\"@type\":\"WebPage\",\"@id\":\"https:\/\/ticaret.edu.tr\/liderlik-ve-girisimcilik-uygulama-ve-arastirma-merkezi\/\",\"url\":\"https:\/\/ticaret.edu.tr\/liderlik-ve-girisimcilik-uygulama-ve-arastirma-merkezi\/\",\"name\":\"Ana Sayfa - Liderlik ve Giri\u015fimcilik Uygulama ve Ara\u015ft\u0131rma Merkezi\",\"isPartOf\":{\"@id\":\"https:\/\/ticaret.edu.tr\/liderlik-ve-girisimcilik-uygulama-ve-arastirma-merkezi\/#website\"},\"datePublished\":\"2020-07-19T02:43:16+00:00\",\"dateModified\":\"2025-02-25T13:41:06+00:00\",\"description\":\"Ansayfa\",\"breadcrumb\":{\"@id\":\"https:\/\/ticaret.edu.tr\/liderlik-ve-girisimcilik-uygulama-ve-arastirma-merkezi\/#breadcrumb\"},\"inLanguage\":\"tr\",\"potentialAction\":[{\"@type\":\"ReadAction\",\"target\":[\"https:\/\/ticaret.edu.tr\/liderlik-ve-girisimcilik-uygulama-ve-arastirma-merkezi\/\"]}]},{\"@type\":\"BreadcrumbList\",\"@id\":\"https:\/\/ticaret.edu.tr\/liderlik-ve-girisimcilik-uygulama-ve-arastirma-merkezi\/#breadcrumb\",\"itemListElement\":[{\"@type\":\"ListItem\",\"position\":1,\"name\":\"Ana sayfa\",\"item\":\"https:\/\/ticaret.edu.tr\/liderlik-ve-girisimcilik-uygulama-ve-arastirma-merkezi\/\"},{\"@type\":\"ListItem\",\"position\":2,\"name\":\"Ana Sayfa\"}]},{\"@type\":\"WebSite\",\"@id\":\"https:\/\/ticaret.edu.tr\/liderlik-ve-girisimcilik-uygulama-ve-arastirma-merkezi\/#website\",\"url\":\"https:\/\/ticaret.edu.tr\/liderlik-ve-girisimcilik-uygulama-ve-arastirma-merkezi\/\",\"name\":\"Liderlik ve Giri\u015fimcilik Uygulama ve Ara\u015ft\u0131rma Merkezi\",\"description\":\"Bir ba\u015fka \u0130stanbul Ticaret \u00dcniversitesi site sitesi\",\"potentialAction\":[{\"@type\":\"SearchAction\",\"target\":{\"@type\":\"EntryPoint\",\"urlTemplate\":\"https:\/\/ticaret.edu.tr\/liderlik-ve-girisimcilik-uygulama-ve-arastirma-merkezi\/?s={search_term_string}\"},\"query-input\":\"required name=search_term_string\"}],\"inLanguage\":\"tr\"}]}<\/script>\n<!-- \/ Yoast SEO Premium plugin. -->","yoast_head_json":{"title":"Ana Sayfa - Liderlik ve Giri\u015fimcilik Uygulama ve Ara\u015ft\u0131rma Merkezi","description":"Ansayfa","robots":{"index":"index","follow":"follow","max-snippet":"max-snippet:-1","max-image-preview":"max-image-preview:large","max-video-preview":"max-video-preview:-1"},"canonical":"https:\/\/ticaret.edu.tr\/liderlik-ve-girisimcilik-uygulama-ve-arastirma-merkezi\/","og_locale":"tr_TR","og_type":"article","og_title":"Ana Sayfa","og_description":"Ansayfa","og_url":"https:\/\/ticaret.edu.tr\/liderlik-ve-girisimcilik-uygulama-ve-arastirma-merkezi\/","og_site_name":"Liderlik ve Giri\u015fimcilik Uygulama ve Ara\u015ft\u0131rma Merkezi","article_publisher":"https:\/\/www.facebook.com\/ticaretedutr","article_modified_time":"2025-02-25T13:41:06+00:00","og_image":[{"url":"http:\/\/ticaret.edu.tr\/liderlik-ve-girisimcilik-uygulama-ve-arastirma-merkezi\/wp-content\/uploads\/sites\/45\/2024\/05\/91d9e2ed-bda8-4156-88d1-973289439648-300x300.jpg"}],"twitter_card":"summary_large_image","twitter_site":"@ticaretedutr","twitter_misc":{"Tahmini okuma s\u00fcresi":"3 dakika"},"schema":{"@context":"https:\/\/schema.org","@graph":[{"@type":"WebPage","@id":"https:\/\/ticaret.edu.tr\/liderlik-ve-girisimcilik-uygulama-ve-arastirma-merkezi\/","url":"https:\/\/ticaret.edu.tr\/liderlik-ve-girisimcilik-uygulama-ve-arastirma-merkezi\/","name":"Ana Sayfa - Liderlik ve Giri\u015fimcilik Uygulama ve Ara\u015ft\u0131rma Merkezi","isPartOf":{"@id":"https:\/\/ticaret.edu.tr\/liderlik-ve-girisimcilik-uygulama-ve-arastirma-merkezi\/#website"},"datePublished":"2020-07-19T02:43:16+00:00","dateModified":"2025-02-25T13:41:06+00:00","description":"Ansayfa","breadcrumb":{"@id":"https:\/\/ticaret.edu.tr\/liderlik-ve-girisimcilik-uygulama-ve-arastirma-merkezi\/#breadcrumb"},"inLanguage":"tr","potentialAction":[{"@type":"ReadAction","target":["https:\/\/ticaret.edu.tr\/liderlik-ve-girisimcilik-uygulama-ve-arastirma-merkezi\/"]}]},{"@type":"BreadcrumbList","@id":"https:\/\/ticaret.edu.tr\/liderlik-ve-girisimcilik-uygulama-ve-arastirma-merkezi\/#breadcrumb","itemListElement":[{"@type":"ListItem","position":1,"name":"Ana sayfa","item":"https:\/\/ticaret.edu.tr\/liderlik-ve-girisimcilik-uygulama-ve-arastirma-merkezi\/"},{"@type":"ListItem","position":2,"name":"Ana Sayfa"}]},{"@type":"WebSite","@id":"https:\/\/ticaret.edu.tr\/liderlik-ve-girisimcilik-uygulama-ve-arastirma-merkezi\/#website","url":"https:\/\/ticaret.edu.tr\/liderlik-ve-girisimcilik-uygulama-ve-arastirma-merkezi\/","name":"Liderlik ve Giri\u015fimcilik Uygulama ve Ara\u015ft\u0131rma Merkezi","description":"Bir ba\u015fka \u0130stanbul Ticaret \u00dcniversitesi site sitesi","potentialAction":[{"@type":"SearchAction","target":{"@type":"EntryPoint","urlTemplate":"https:\/\/ticaret.edu.tr\/liderlik-ve-girisimcilik-uygulama-ve-arastirma-merkezi\/?s={search_term_string}"},"query-input":"required name=search_term_string"}],"inLanguage":"tr"}]}},"lang":"tr","translations":{"en":197,"tr":7},"pll_sync_post":[],"_links":{"self":[{"href":"http:\/\/ticaret.edu.tr\/liderlik-ve-girisimcilik-uygulama-ve-arastirma-merkezi\/wp-json\/wp\/v2\/pages\/7"}],"collection":[{"href":"http:\/\/ticaret.edu.tr\/liderlik-ve-girisimcilik-uygulama-ve-arastirma-merkezi\/wp-json\/wp\/v2\/pages"}],"about":[{"href":"http:\/\/ticaret.edu.tr\/liderlik-ve-girisimcilik-uygulama-ve-arastirma-merkezi\/wp-json\/wp\/v2\/types\/page"}],"author":[{"embeddable":true,"href":"http:\/\/ticaret.edu.tr\/liderlik-ve-girisimcilik-uygulama-ve-arastirma-merkezi\/wp-json\/wp\/v2\/users\/209"}],"replies":[{"embeddable":true,"href":"http:\/\/ticaret.edu.tr\/liderlik-ve-girisimcilik-uygulama-ve-arastirma-merkezi\/wp-json\/wp\/v2\/comments?post=7"}],"version-history":[{"count":36,"href":"http:\/\/ticaret.edu.tr\/liderlik-ve-girisimcilik-uygulama-ve-arastirma-merkezi\/wp-json\/wp\/v2\/pages\/7\/revisions"}],"predecessor-version":[{"id":766,"href":"http:\/\/ticaret.edu.tr\/liderlik-ve-girisimcilik-uygulama-ve-arastirma-merkezi\/wp-json\/wp\/v2\/pages\/7\/revisions\/766"}],"wp:attachment":[{"href":"http:\/\/ticaret.edu.tr\/liderlik-ve-girisimcilik-uygulama-ve-arastirma-merkezi\/wp-json\/wp\/v2\/media?parent=7"}],"curies":[{"name":"wp","href":"https:\/\/api.w.org\/{rel}","templated":true}]}}